{"id":2265,"date":"2020-11-17T05:39:57","date_gmt":"2020-11-17T08:39:57","guid":{"rendered":"https:\/\/ambipar.com\/latam\/?page_id=2265"},"modified":"2022-06-21T16:01:37","modified_gmt":"2022-06-21T19:01:37","slug":"simulador-de-ambiente-confinado-ahumadero","status":"publish","type":"page","link":"https:\/\/ambipar.com\/latam\/ambipar-response-3\/entrenamientos\/equipos-simuladores\/simulador-de-ambiente-confinado-ahumadero\/","title":{"rendered":"Simulador de ambiente confinado (ahumadero)"},"content":{"rendered":"\n<p><strong>OBJETIVO:<\/strong><\/p>\n\n\n\n<p>Simule una situaci\u00f3n de emergencia real en &amp; nbsp; edificio con uno o m\u00e1s pisos.<\/p>\n\n\n\n<p><strong>P\u00daBLICO ALVO:<\/strong><\/p>\n\n\n\n<p>Bomberos, brigadistas y otros profesionales que atienden emergencias.<\/p>\n\n\n\n<p><strong>CARACTER\u00cdSTICAS:<\/strong><\/p>\n\n\n\n<ul><li>Casa de humo con dos pisos debidamente equipados, tiene laberintos creados estrat\u00e9gicamente para crear dificultades cercanas a una situaci\u00f3n de emergencia real<\/li><li>El humo (no t\u00f3xico &#8211; base de glicerina) cubre todo el interior del edificio , dificultando la visi\u00f3n y la respiraci\u00f3n de los participantes<\/li><li>B\u00fasqueda y rescate, t\u00e9cnicas de supervivencia, protocolos de comunicaci\u00f3n, trabajo en equipo, autocontrol, razonamiento l\u00f3gico y trabajo bajo presi\u00f3n con instructores debidamente calificados y calificados para este ejercicio<\/li><\/ul>\n\n\n\n<p>CAPACIDAD: hasta 30 personas<\/p>\n\n\n\n<div class=\"wp-block-buttons\">\n<div class=\"wp-block-button\"><a class=\"wp-block-button__link\" href=\"https:\/\/ambipar.com\/latam\/cotizacion-de-capacitacion\/\"> SOLICITAR HORARIO<\/a><\/div>\n<\/div>\n\n\n\n<p>Conozca los otros equipos del simulador:<\/p>\n\n\n\n<ul id=\"block-6a501768-3587-4ff3-a719-88109237a7de\"><li><a href=\"https:\/\/ambipar.com\/latam\/ambipar-response-3\/entrenamientos\/equipos-simuladores\/m-i-r-t-3\/\">M.I.R.T. \u00ae para Espacios confinados, Trabajos en altura, Rescate y Fugas<\/a><\/li><li><a href=\"https:\/\/ambipar.com\/latam\/ambipar-response-3\/entrenamientos\/equipos-simuladores\/fire-pan-3\/\">Simulador Fire-Pan \u00ae para Entrenamiento en Extinci\u00f3n de Incendios<\/a><\/li><li><a href=\"https:\/\/ambipar.com\/latam\/ambipar-response-3\/entrenamientos\/equipos-simuladores\/torre-de-trabajo-en-altura-y-espacio-confinado\/\">Torre de Trabajo en Altura y Espacio Confinado<\/a><\/li><li><a href=\"https:\/\/ambipar.com\/latam\/ambipar-response-3\/entrenamientos\/equipos-simuladores\/simulador-modular-de-espacios-confinados\/\">Simulador Modular de Espacios Confinados<\/a><\/li><li><a href=\"https:\/\/ambipar.com\/latam\/ambipar-response-3\/entrenamientos\/equipos-simuladores\/simulador-de-direccion-ambipar\/\">Simulador de direcci\u00f3n AMBIPAR<\/a><\/li><\/ul>\n","protected":false},"excerpt":{"rendered":"OBJETIVO: Simule una situaci\u00f3n de emergencia real en &amp; nbsp; edificio con uno o m\u00e1s pisos. P\u00daBLICO ALVO: Bomberos, brigadistas y otros profesionales que atienden emergencias. CARACTER\u00cdSTICAS: Casa de humo con dos pisos debidamente equipados, tiene laberintos creados estrat\u00e9gicamente para crear dificultades cercanas a una situaci\u00f3n de emergencia real El humo (no t\u00f3xico &#8211; base&#8230; <a class=\"view-article\" href=\"https:\/\/ambipar.com\/latam\/ambipar-response-3\/entrenamientos\/equipos-simuladores\/simulador-de-ambiente-confinado-ahumadero\/\">Ver art\u00edculo<\/a>","protected":false},"author":1,"featured_media":3571,"parent":2245,"menu_order":0,"comment_status":"closed","ping_status":"closed","template":"single-servicos.php","meta":[],"yoast_head":"<!-- This site is optimized with the Yoast SEO plugin v17.6 - https:\/\/yoast.com\/wordpress\/plugins\/seo\/ -->\n<title>Conozca el Simulador de ambiente confinado que ofrece Ambipar<\/title>\n<meta name=\"description\" content=\"OBJETIVO: Simular una situaci\u00f3n de emergencia real en un edificio de una o m\u00e1s plantas. P\u00daBLICO OBJETIVO: Bomberos, brigadistas\" \/>\n<meta name=\"robots\" content=\"index, follow, max-snippet:-1, max-image-preview:large, max-video-preview:-1\" \/>\n<link rel=\"canonical\" href=\"https:\/\/ambipar.com\/latam\/ambipar-response-3\/entrenamientos\/equipos-simuladores\/simulador-de-ambiente-confinado-ahumadero\/\" \/>\n<meta property=\"og:locale\" content=\"es_ES\" \/>\n<meta property=\"og:type\" content=\"article\" \/>\n<meta property=\"og:title\" content=\"Conozca el Simulador de ambiente confinado que ofrece Ambipar\" \/>\n<meta property=\"og:description\" content=\"OBJETIVO: Simular una situaci\u00f3n de emergencia real en un edificio de una o m\u00e1s plantas. P\u00daBLICO OBJETIVO: Bomberos, brigadistas\" \/>\n<meta property=\"og:url\" content=\"https:\/\/ambipar.com\/latam\/ambipar-response-3\/entrenamientos\/equipos-simuladores\/simulador-de-ambiente-confinado-ahumadero\/\" \/>\n<meta property=\"og:site_name\" content=\"Ambipar. A l\u00edder em gest\u00e3o ambiental.\" \/>\n<meta property=\"article:modified_time\" content=\"2022-06-21T19:01:37+00:00\" \/>\n<meta property=\"og:image\" content=\"https:\/\/ambipar.com\/latam\/wp-content\/uploads\/2021\/06\/Simulador-de-ambiente-confinado-casa-de-fumaca.jpeg\" \/>\n\t<meta property=\"og:image:width\" content=\"1280\" \/>\n\t<meta property=\"og:image:height\" content=\"720\" \/>\n<meta name=\"twitter:card\" content=\"summary_large_image\" \/>\n<meta name=\"twitter:label1\" content=\"Est. reading time\" \/>\n\t<meta name=\"twitter:data1\" content=\"1 minuto\" \/>\n<script type=\"application\/ld+json\" class=\"yoast-schema-graph\">{\"@context\":\"https:\/\/schema.org\",\"@graph\":[{\"@type\":\"Organization\",\"@id\":\"https:\/\/ambipar.com\/latam\/#organization\",\"name\":\"Ambipar\",\"url\":\"https:\/\/ambipar.com\/latam\/\",\"sameAs\":[],\"logo\":{\"@type\":\"ImageObject\",\"@id\":\"https:\/\/ambipar.com\/latam\/#logo\",\"inLanguage\":\"es-CL\",\"url\":\"https:\/\/ambipar.com\/latam\/wp-content\/uploads\/2020\/10\/ambipar_color.png\",\"contentUrl\":\"https:\/\/ambipar.com\/latam\/wp-content\/uploads\/2020\/10\/ambipar_color.png\",\"width\":174,\"height\":107,\"caption\":\"Ambipar\"},\"image\":{\"@id\":\"https:\/\/ambipar.com\/latam\/#logo\"}},{\"@type\":\"WebSite\",\"@id\":\"https:\/\/ambipar.com\/latam\/#website\",\"url\":\"https:\/\/ambipar.com\/latam\/\",\"name\":\"Ambipar. A l\\u00edder em gest\\u00e3o ambiental.\",\"description\":\"Pioneira em solu\\u00e7\\u00f5es ambientais, a Ambipar atua em todo o territ\\u00f3rio nacional oferecendo solu\\u00e7\\u00f5es integradas para toda a cadeia de neg\\u00f3cio.\",\"publisher\":{\"@id\":\"https:\/\/ambipar.com\/latam\/#organization\"},\"potentialAction\":[{\"@type\":\"SearchAction\",\"target\":{\"@type\":\"EntryPoint\",\"urlTemplate\":\"https:\/\/ambipar.com\/latam\/?s={search_term_string}\"},\"query-input\":\"required name=search_term_string\"}],\"inLanguage\":\"es-CL\"},{\"@type\":\"ImageObject\",\"@id\":\"https:\/\/ambipar.com\/latam\/ambipar-response-3\/entrenamientos\/equipos-simuladores\/simulador-de-ambiente-confinado-ahumadero\/#primaryimage\",\"inLanguage\":\"es-CL\",\"url\":\"https:\/\/ambipar.com\/latam\/wp-content\/uploads\/2021\/06\/Simulador-de-ambiente-confinado-casa-de-fumaca.jpeg\",\"contentUrl\":\"https:\/\/ambipar.com\/latam\/wp-content\/uploads\/2021\/06\/Simulador-de-ambiente-confinado-casa-de-fumaca.jpeg\",\"width\":1280,\"height\":720,\"caption\":\"Simulador de ambiente confinado (casa de fuma\\u00e7a)\"},{\"@type\":\"WebPage\",\"@id\":\"https:\/\/ambipar.com\/latam\/ambipar-response-3\/entrenamientos\/equipos-simuladores\/simulador-de-ambiente-confinado-ahumadero\/#webpage\",\"url\":\"https:\/\/ambipar.com\/latam\/ambipar-response-3\/entrenamientos\/equipos-simuladores\/simulador-de-ambiente-confinado-ahumadero\/\",\"name\":\"Conozca el Simulador de ambiente confinado que ofrece Ambipar\",\"isPartOf\":{\"@id\":\"https:\/\/ambipar.com\/latam\/#website\"},\"primaryImageOfPage\":{\"@id\":\"https:\/\/ambipar.com\/latam\/ambipar-response-3\/entrenamientos\/equipos-simuladores\/simulador-de-ambiente-confinado-ahumadero\/#primaryimage\"},\"datePublished\":\"2020-11-17T08:39:57+00:00\",\"dateModified\":\"2022-06-21T19:01:37+00:00\",\"description\":\"OBJETIVO: Simular una situaci\\u00f3n de emergencia real en un edificio de una o m\\u00e1s plantas. P\\u00daBLICO OBJETIVO: Bomberos, brigadistas\",\"breadcrumb\":{\"@id\":\"https:\/\/ambipar.com\/latam\/ambipar-response-3\/entrenamientos\/equipos-simuladores\/simulador-de-ambiente-confinado-ahumadero\/#breadcrumb\"},\"inLanguage\":\"es-CL\",\"potentialAction\":[{\"@type\":\"ReadAction\",\"target\":[\"https:\/\/ambipar.com\/latam\/ambipar-response-3\/entrenamientos\/equipos-simuladores\/simulador-de-ambiente-confinado-ahumadero\/\"]}]},{\"@type\":\"BreadcrumbList\",\"@id\":\"https:\/\/ambipar.com\/latam\/ambipar-response-3\/entrenamientos\/equipos-simuladores\/simulador-de-ambiente-confinado-ahumadero\/#breadcrumb\",\"itemListElement\":[{\"@type\":\"ListItem\",\"position\":1,\"name\":\"Home\",\"item\":\"https:\/\/ambipar.com\/latam\/\"},{\"@type\":\"ListItem\",\"position\":2,\"name\":\"Ambipar Response\",\"item\":\"https:\/\/ambipar.com\/latam\/ambipar-response-3\/\"},{\"@type\":\"ListItem\",\"position\":3,\"name\":\"Entrenamientos\",\"item\":\"https:\/\/ambipar.com\/latam\/ambipar-response-3\/entrenamientos\/\"},{\"@type\":\"ListItem\",\"position\":4,\"name\":\"Equipos Simuladores\",\"item\":\"https:\/\/ambipar.com\/latam\/ambipar-response-3\/entrenamientos\/equipos-simuladores\/\"},{\"@type\":\"ListItem\",\"position\":5,\"name\":\"Simulador de ambiente confinado (ahumadero)\"}]}]}<\/script>\n<!-- \/ Yoast SEO plugin. -->","yoast_head_json":{"title":"Conozca el Simulador de ambiente confinado que ofrece Ambipar","description":"OBJETIVO: Simular una situaci\u00f3n de emergencia real en un edificio de una o m\u00e1s plantas. P\u00daBLICO OBJETIVO: Bomberos, brigadistas","robots":{"index":"index","follow":"follow","max-snippet":"max-snippet:-1","max-image-preview":"max-image-preview:large","max-video-preview":"max-video-preview:-1"},"canonical":"https:\/\/ambipar.com\/latam\/ambipar-response-3\/entrenamientos\/equipos-simuladores\/simulador-de-ambiente-confinado-ahumadero\/","og_locale":"es_ES","og_type":"article","og_title":"Conozca el Simulador de ambiente confinado que ofrece Ambipar","og_description":"OBJETIVO: Simular una situaci\u00f3n de emergencia real en un edificio de una o m\u00e1s plantas. P\u00daBLICO OBJETIVO: Bomberos, brigadistas","og_url":"https:\/\/ambipar.com\/latam\/ambipar-response-3\/entrenamientos\/equipos-simuladores\/simulador-de-ambiente-confinado-ahumadero\/","og_site_name":"Ambipar. A l\u00edder em gest\u00e3o ambiental.","article_modified_time":"2022-06-21T19:01:37+00:00","og_image":[{"width":1280,"height":720,"url":"https:\/\/ambipar.com\/latam\/wp-content\/uploads\/2021\/06\/Simulador-de-ambiente-confinado-casa-de-fumaca.jpeg","type":"image\/jpeg"}],"twitter_card":"summary_large_image","twitter_misc":{"Est. reading time":"1 minuto"},"schema":{"@context":"https:\/\/schema.org","@graph":[{"@type":"Organization","@id":"https:\/\/ambipar.com\/latam\/#organization","name":"Ambipar","url":"https:\/\/ambipar.com\/latam\/","sameAs":[],"logo":{"@type":"ImageObject","@id":"https:\/\/ambipar.com\/latam\/#logo","inLanguage":"es-CL","url":"https:\/\/ambipar.com\/latam\/wp-content\/uploads\/2020\/10\/ambipar_color.png","contentUrl":"https:\/\/ambipar.com\/latam\/wp-content\/uploads\/2020\/10\/ambipar_color.png","width":174,"height":107,"caption":"Ambipar"},"image":{"@id":"https:\/\/ambipar.com\/latam\/#logo"}},{"@type":"WebSite","@id":"https:\/\/ambipar.com\/latam\/#website","url":"https:\/\/ambipar.com\/latam\/","name":"Ambipar. A l\u00edder em gest\u00e3o ambiental.","description":"Pioneira em solu\u00e7\u00f5es ambientais, a Ambipar atua em todo o territ\u00f3rio nacional oferecendo solu\u00e7\u00f5es integradas para toda a cadeia de neg\u00f3cio.","publisher":{"@id":"https:\/\/ambipar.com\/latam\/#organization"},"potentialAction":[{"@type":"SearchAction","target":{"@type":"EntryPoint","urlTemplate":"https:\/\/ambipar.com\/latam\/?s={search_term_string}"},"query-input":"required name=search_term_string"}],"inLanguage":"es-CL"},{"@type":"ImageObject","@id":"https:\/\/ambipar.com\/latam\/ambipar-response-3\/entrenamientos\/equipos-simuladores\/simulador-de-ambiente-confinado-ahumadero\/#primaryimage","inLanguage":"es-CL","url":"https:\/\/ambipar.com\/latam\/wp-content\/uploads\/2021\/06\/Simulador-de-ambiente-confinado-casa-de-fumaca.jpeg","contentUrl":"https:\/\/ambipar.com\/latam\/wp-content\/uploads\/2021\/06\/Simulador-de-ambiente-confinado-casa-de-fumaca.jpeg","width":1280,"height":720,"caption":"Simulador de ambiente confinado (casa de fuma\u00e7a)"},{"@type":"WebPage","@id":"https:\/\/ambipar.com\/latam\/ambipar-response-3\/entrenamientos\/equipos-simuladores\/simulador-de-ambiente-confinado-ahumadero\/#webpage","url":"https:\/\/ambipar.com\/latam\/ambipar-response-3\/entrenamientos\/equipos-simuladores\/simulador-de-ambiente-confinado-ahumadero\/","name":"Conozca el Simulador de ambiente confinado que ofrece Ambipar","isPartOf":{"@id":"https:\/\/ambipar.com\/latam\/#website"},"primaryImageOfPage":{"@id":"https:\/\/ambipar.com\/latam\/ambipar-response-3\/entrenamientos\/equipos-simuladores\/simulador-de-ambiente-confinado-ahumadero\/#primaryimage"},"datePublished":"2020-11-17T08:39:57+00:00","dateModified":"2022-06-21T19:01:37+00:00","description":"OBJETIVO: Simular una situaci\u00f3n de emergencia real en un edificio de una o m\u00e1s plantas. P\u00daBLICO OBJETIVO: Bomberos, brigadistas","breadcrumb":{"@id":"https:\/\/ambipar.com\/latam\/ambipar-response-3\/entrenamientos\/equipos-simuladores\/simulador-de-ambiente-confinado-ahumadero\/#breadcrumb"},"inLanguage":"es-CL","potentialAction":[{"@type":"ReadAction","target":["https:\/\/ambipar.com\/latam\/ambipar-response-3\/entrenamientos\/equipos-simuladores\/simulador-de-ambiente-confinado-ahumadero\/"]}]},{"@type":"BreadcrumbList","@id":"https:\/\/ambipar.com\/latam\/ambipar-response-3\/entrenamientos\/equipos-simuladores\/simulador-de-ambiente-confinado-ahumadero\/#breadcrumb","itemListElement":[{"@type":"ListItem","position":1,"name":"Home","item":"https:\/\/ambipar.com\/latam\/"},{"@type":"ListItem","position":2,"name":"Ambipar Response","item":"https:\/\/ambipar.com\/latam\/ambipar-response-3\/"},{"@type":"ListItem","position":3,"name":"Entrenamientos","item":"https:\/\/ambipar.com\/latam\/ambipar-response-3\/entrenamientos\/"},{"@type":"ListItem","position":4,"name":"Equipos Simuladores","item":"https:\/\/ambipar.com\/latam\/ambipar-response-3\/entrenamientos\/equipos-simuladores\/"},{"@type":"ListItem","position":5,"name":"Simulador de ambiente confinado (ahumadero)"}]}]}},"_links":{"self":[{"href":"https:\/\/ambipar.com\/latam\/wp-json\/wp\/v2\/pages\/2265"}],"collection":[{"href":"https:\/\/ambipar.com\/latam\/wp-json\/wp\/v2\/pages"}],"about":[{"href":"https:\/\/ambipar.com\/latam\/wp-json\/wp\/v2\/types\/page"}],"author":[{"embeddable":true,"href":"https:\/\/ambipar.com\/latam\/wp-json\/wp\/v2\/users\/1"}],"replies":[{"embeddable":true,"href":"https:\/\/ambipar.com\/latam\/wp-json\/wp\/v2\/comments?post=2265"}],"version-history":[{"count":9,"href":"https:\/\/ambipar.com\/latam\/wp-json\/wp\/v2\/pages\/2265\/revisions"}],"predecessor-version":[{"id":4659,"href":"https:\/\/ambipar.com\/latam\/wp-json\/wp\/v2\/pages\/2265\/revisions\/4659"}],"up":[{"embeddable":true,"href":"https:\/\/ambipar.com\/latam\/wp-json\/wp\/v2\/pages\/2245"}],"wp:featuredmedia":[{"embeddable":true,"href":"https:\/\/ambipar.com\/latam\/wp-json\/wp\/v2\/media\/3571"}],"wp:attachment":[{"href":"https:\/\/ambipar.com\/latam\/wp-json\/wp\/v2\/media?parent=2265"}],"curies":[{"name":"wp","href":"https:\/\/api.w.org\/{rel}","templated":true}]}}