{"id":2272,"date":"2020-11-17T05:49:46","date_gmt":"2020-11-17T08:49:46","guid":{"rendered":"https:\/\/ambipar.com\/latam\/?page_id=2272"},"modified":"2022-06-21T16:02:08","modified_gmt":"2022-06-21T19:02:08","slug":"simulador-de-direccion-ambipar","status":"publish","type":"page","link":"https:\/\/ambipar.com\/latam\/ambipar-response-3\/entrenamientos\/equipos-simuladores\/simulador-de-direccion-ambipar\/","title":{"rendered":"Simulador de Direcci\u00f3n AMBIPAR"},"content":{"rendered":"\n<p><strong>OBJETIVO:<\/strong><\/p>\n\n\n\n<p>Simule situaciones reales de conducci\u00f3n.<\/p>\n\n\n\n<p><strong>P\u00daBLICO OBJETIVO:<\/strong><\/p>\n\n\n\n<p>Conductores profesionales de la categor\u00eda D.<\/p>\n\n\n\n<p><strong>CARACTER\u00cdSTICAS:<\/strong><\/p>\n\n\n\n<ul><li>Asistencia para contratar nuevos conductores y reducir costos de combustible, mantenimiento, desgaste y accidentes<\/li><li>Estructura autosuficiente y econ\u00f3mica: sin consumo de combustible y sin emisiones contaminantes<\/li><li>Multi-escenarios: V\u00edas urbanas, Autopista, Camino de tierra, Clima, Pendientes y Pendientes<\/li><li>La formaci\u00f3n se puede realizar en el centro de formaci\u00f3n multimodal de Ambipar, o en las instalaciones de la empresa contratante , con todos los recursos necesarios<\/li><\/ul>\n\n\n\n<p><strong>M\u00d3DULOS:<\/strong><\/p>\n\n\n\n<ul><li>Conductor eficiente: Reducci\u00f3n de accidentes, Ahorro de combustible y mantenimiento<\/li><li>Antivuelco: Reducci\u00f3n de accidentes y Prevenci\u00f3n de accidentes<\/li><li>Evaluaci\u00f3n: Radiograf\u00eda del marco conductores o contrataci\u00f3n de nuevos conductores<\/li><li>Maniobra del remolque: Reducci\u00f3n del tiempo de maniobra, arrastre de los neum\u00e1ticos e indisponibilidad del veh\u00edculo para comenzar a viajar debido a incidentes<\/li><\/ul>\n\n\n\n<p>CAPACIDAD: hasta 16 personas \/ turno<\/p>\n\n\n\n<div class=\"wp-block-buttons\">\n<div class=\"wp-block-button\"><a class=\"wp-block-button__link\" href=\"https:\/\/ambipar.com\/latam\/cotizacion-de-capacitacion\/\"> SOLICITAR HORARIO<\/a><\/div>\n<\/div>\n\n\n\n<p>Conozca los otros equipos del simulador:<\/p>\n\n\n\n<ul id=\"block-6a501768-3587-4ff3-a719-88109237a7de\"><li><a href=\"https:\/\/ambipar.com\/latam\/ambipar-response-3\/entrenamientos\/equipos-simuladores\/m-i-r-t-3\/\">M.I.R.T. \u00ae para Espacios confinados, Trabajos en altura, Rescate y Fugas<\/a><\/li><li><a href=\"https:\/\/ambipar.com\/latam\/ambipar-response-3\/entrenamientos\/equipos-simuladores\/fire-pan-3\/\">Simulador Fire-Pan \u00ae para Entrenamiento en Extinci\u00f3n de Incendios<\/a><\/li><li><a href=\"https:\/\/ambipar.com\/latam\/ambipar-response-3\/entrenamientos\/equipos-simuladores\/torre-de-trabajo-en-altura-y-espacio-confinado\/\">Torre de Trabajo en Altura y Espacio Confinado<\/a><\/li><li><a href=\"https:\/\/ambipar.com\/latam\/ambipar-response-3\/entrenamientos\/equipos-simuladores\/simulador-modular-de-espacios-confinados\/https:\/\/ambipar.com\/latam\/ambipar-response-3\/entrenamientos\/equipos-simuladores\/simulador-de-ambiente-confihttps:\/\/ambipar.com\/latam\/ambipar-response-3\/entrenamientos\/equipos-simuladores\/simulador-de-ambiente-confinado-ahumadero\/nado-ahumadero\/\">Simulador de Ambiente Confinado (Ahumadero)<\/a><\/li><li><a href=\"https:\/\/ambipar.com\/latam\/ambipar-response-3\/entrenamientos\/equipos-simuladores\/simulador-modular-de-espacios-confinados\/\">Simulador Modular de Espacios Confinados<\/a><\/li><\/ul>\n","protected":false},"excerpt":{"rendered":"OBJETIVO: Simule situaciones reales de conducci\u00f3n. P\u00daBLICO OBJETIVO: Conductores profesionales de la categor\u00eda D. CARACTER\u00cdSTICAS: Asistencia para contratar nuevos conductores y reducir costos de combustible, mantenimiento, desgaste y accidentes Estructura autosuficiente y econ\u00f3mica: sin consumo de combustible y sin emisiones contaminantes Multi-escenarios: V\u00edas urbanas, Autopista, Camino de tierra, Clima, Pendientes y Pendientes La formaci\u00f3n se&#8230; <a class=\"view-article\" href=\"https:\/\/ambipar.com\/latam\/ambipar-response-3\/entrenamientos\/equipos-simuladores\/simulador-de-direccion-ambipar\/\">Ver art\u00edculo<\/a>","protected":false},"author":1,"featured_media":960,"parent":2245,"menu_order":0,"comment_status":"closed","ping_status":"closed","template":"single-servicos.php","meta":[],"yoast_head":"<!-- This site is optimized with the Yoast SEO plugin v17.6 - https:\/\/yoast.com\/wordpress\/plugins\/seo\/ -->\n<title>Conozca el Simulador de Direcci\u00f3n AMBIPAR de Ambipar Response<\/title>\n<meta name=\"description\" content=\"OBJETIVO: Simular situaciones reales de conducci\u00f3n. P\u00daBLICO OBJETIVO: Conductores profesionales de la categor\u00eda D.\" \/>\n<meta name=\"robots\" content=\"index, follow, max-snippet:-1, max-image-preview:large, max-video-preview:-1\" \/>\n<link rel=\"canonical\" href=\"https:\/\/ambipar.com\/latam\/ambipar-response-3\/entrenamientos\/equipos-simuladores\/simulador-de-direccion-ambipar\/\" \/>\n<meta property=\"og:locale\" content=\"es_ES\" \/>\n<meta property=\"og:type\" content=\"article\" \/>\n<meta property=\"og:title\" content=\"Conozca el Simulador de Direcci\u00f3n AMBIPAR de Ambipar Response\" \/>\n<meta property=\"og:description\" content=\"OBJETIVO: Simular situaciones reales de conducci\u00f3n. P\u00daBLICO OBJETIVO: Conductores profesionales de la categor\u00eda D.\" \/>\n<meta property=\"og:url\" content=\"https:\/\/ambipar.com\/latam\/ambipar-response-3\/entrenamientos\/equipos-simuladores\/simulador-de-direccion-ambipar\/\" \/>\n<meta property=\"og:site_name\" content=\"Ambipar. A l\u00edder em gest\u00e3o ambiental.\" \/>\n<meta property=\"article:modified_time\" content=\"2022-06-21T19:02:08+00:00\" \/>\n<meta property=\"og:image\" content=\"https:\/\/ambipar.com\/latam\/wp-content\/uploads\/2020\/10\/simulador.jpg\" \/>\n\t<meta property=\"og:image:width\" content=\"1000\" \/>\n\t<meta property=\"og:image:height\" content=\"964\" \/>\n<meta name=\"twitter:card\" content=\"summary_large_image\" \/>\n<meta name=\"twitter:label1\" content=\"Est. reading time\" \/>\n\t<meta name=\"twitter:data1\" content=\"1 minuto\" \/>\n<script type=\"application\/ld+json\" class=\"yoast-schema-graph\">{\"@context\":\"https:\/\/schema.org\",\"@graph\":[{\"@type\":\"Organization\",\"@id\":\"https:\/\/ambipar.com\/latam\/#organization\",\"name\":\"Ambipar\",\"url\":\"https:\/\/ambipar.com\/latam\/\",\"sameAs\":[],\"logo\":{\"@type\":\"ImageObject\",\"@id\":\"https:\/\/ambipar.com\/latam\/#logo\",\"inLanguage\":\"es-CL\",\"url\":\"https:\/\/ambipar.com\/latam\/wp-content\/uploads\/2020\/10\/ambipar_color.png\",\"contentUrl\":\"https:\/\/ambipar.com\/latam\/wp-content\/uploads\/2020\/10\/ambipar_color.png\",\"width\":174,\"height\":107,\"caption\":\"Ambipar\"},\"image\":{\"@id\":\"https:\/\/ambipar.com\/latam\/#logo\"}},{\"@type\":\"WebSite\",\"@id\":\"https:\/\/ambipar.com\/latam\/#website\",\"url\":\"https:\/\/ambipar.com\/latam\/\",\"name\":\"Ambipar. A l\\u00edder em gest\\u00e3o ambiental.\",\"description\":\"Pioneira em solu\\u00e7\\u00f5es ambientais, a Ambipar atua em todo o territ\\u00f3rio nacional oferecendo solu\\u00e7\\u00f5es integradas para toda a cadeia de neg\\u00f3cio.\",\"publisher\":{\"@id\":\"https:\/\/ambipar.com\/latam\/#organization\"},\"potentialAction\":[{\"@type\":\"SearchAction\",\"target\":{\"@type\":\"EntryPoint\",\"urlTemplate\":\"https:\/\/ambipar.com\/latam\/?s={search_term_string}\"},\"query-input\":\"required name=search_term_string\"}],\"inLanguage\":\"es-CL\"},{\"@type\":\"ImageObject\",\"@id\":\"https:\/\/ambipar.com\/latam\/ambipar-response-3\/entrenamientos\/equipos-simuladores\/simulador-de-direccion-ambipar\/#primaryimage\",\"inLanguage\":\"es-CL\",\"url\":\"https:\/\/ambipar.com\/latam\/wp-content\/uploads\/2020\/10\/simulador.jpg\",\"contentUrl\":\"https:\/\/ambipar.com\/latam\/wp-content\/uploads\/2020\/10\/simulador.jpg\",\"width\":1000,\"height\":964,\"caption\":\"simulador\"},{\"@type\":\"WebPage\",\"@id\":\"https:\/\/ambipar.com\/latam\/ambipar-response-3\/entrenamientos\/equipos-simuladores\/simulador-de-direccion-ambipar\/#webpage\",\"url\":\"https:\/\/ambipar.com\/latam\/ambipar-response-3\/entrenamientos\/equipos-simuladores\/simulador-de-direccion-ambipar\/\",\"name\":\"Conozca el Simulador de Direcci\\u00f3n AMBIPAR de Ambipar Response\",\"isPartOf\":{\"@id\":\"https:\/\/ambipar.com\/latam\/#website\"},\"primaryImageOfPage\":{\"@id\":\"https:\/\/ambipar.com\/latam\/ambipar-response-3\/entrenamientos\/equipos-simuladores\/simulador-de-direccion-ambipar\/#primaryimage\"},\"datePublished\":\"2020-11-17T08:49:46+00:00\",\"dateModified\":\"2022-06-21T19:02:08+00:00\",\"description\":\"OBJETIVO: Simular situaciones reales de conducci\\u00f3n. P\\u00daBLICO OBJETIVO: Conductores profesionales de la categor\\u00eda D.\",\"breadcrumb\":{\"@id\":\"https:\/\/ambipar.com\/latam\/ambipar-response-3\/entrenamientos\/equipos-simuladores\/simulador-de-direccion-ambipar\/#breadcrumb\"},\"inLanguage\":\"es-CL\",\"potentialAction\":[{\"@type\":\"ReadAction\",\"target\":[\"https:\/\/ambipar.com\/latam\/ambipar-response-3\/entrenamientos\/equipos-simuladores\/simulador-de-direccion-ambipar\/\"]}]},{\"@type\":\"BreadcrumbList\",\"@id\":\"https:\/\/ambipar.com\/latam\/ambipar-response-3\/entrenamientos\/equipos-simuladores\/simulador-de-direccion-ambipar\/#breadcrumb\",\"itemListElement\":[{\"@type\":\"ListItem\",\"position\":1,\"name\":\"Home\",\"item\":\"https:\/\/ambipar.com\/latam\/\"},{\"@type\":\"ListItem\",\"position\":2,\"name\":\"Ambipar Response\",\"item\":\"https:\/\/ambipar.com\/latam\/ambipar-response-3\/\"},{\"@type\":\"ListItem\",\"position\":3,\"name\":\"Entrenamientos\",\"item\":\"https:\/\/ambipar.com\/latam\/ambipar-response-3\/entrenamientos\/\"},{\"@type\":\"ListItem\",\"position\":4,\"name\":\"Equipos Simuladores\",\"item\":\"https:\/\/ambipar.com\/latam\/ambipar-response-3\/entrenamientos\/equipos-simuladores\/\"},{\"@type\":\"ListItem\",\"position\":5,\"name\":\"Simulador de Direcci\\u00f3n AMBIPAR\"}]}]}<\/script>\n<!-- \/ Yoast SEO plugin. -->","yoast_head_json":{"title":"Conozca el Simulador de Direcci\u00f3n AMBIPAR de Ambipar Response","description":"OBJETIVO: Simular situaciones reales de conducci\u00f3n. P\u00daBLICO OBJETIVO: Conductores profesionales de la categor\u00eda D.","robots":{"index":"index","follow":"follow","max-snippet":"max-snippet:-1","max-image-preview":"max-image-preview:large","max-video-preview":"max-video-preview:-1"},"canonical":"https:\/\/ambipar.com\/latam\/ambipar-response-3\/entrenamientos\/equipos-simuladores\/simulador-de-direccion-ambipar\/","og_locale":"es_ES","og_type":"article","og_title":"Conozca el Simulador de Direcci\u00f3n AMBIPAR de Ambipar Response","og_description":"OBJETIVO: Simular situaciones reales de conducci\u00f3n. P\u00daBLICO OBJETIVO: Conductores profesionales de la categor\u00eda D.","og_url":"https:\/\/ambipar.com\/latam\/ambipar-response-3\/entrenamientos\/equipos-simuladores\/simulador-de-direccion-ambipar\/","og_site_name":"Ambipar. A l\u00edder em gest\u00e3o ambiental.","article_modified_time":"2022-06-21T19:02:08+00:00","og_image":[{"width":1000,"height":964,"url":"https:\/\/ambipar.com\/latam\/wp-content\/uploads\/2020\/10\/simulador.jpg","type":"image\/jpeg"}],"twitter_card":"summary_large_image","twitter_misc":{"Est. reading time":"1 minuto"},"schema":{"@context":"https:\/\/schema.org","@graph":[{"@type":"Organization","@id":"https:\/\/ambipar.com\/latam\/#organization","name":"Ambipar","url":"https:\/\/ambipar.com\/latam\/","sameAs":[],"logo":{"@type":"ImageObject","@id":"https:\/\/ambipar.com\/latam\/#logo","inLanguage":"es-CL","url":"https:\/\/ambipar.com\/latam\/wp-content\/uploads\/2020\/10\/ambipar_color.png","contentUrl":"https:\/\/ambipar.com\/latam\/wp-content\/uploads\/2020\/10\/ambipar_color.png","width":174,"height":107,"caption":"Ambipar"},"image":{"@id":"https:\/\/ambipar.com\/latam\/#logo"}},{"@type":"WebSite","@id":"https:\/\/ambipar.com\/latam\/#website","url":"https:\/\/ambipar.com\/latam\/","name":"Ambipar. A l\u00edder em gest\u00e3o ambiental.","description":"Pioneira em solu\u00e7\u00f5es ambientais, a Ambipar atua em todo o territ\u00f3rio nacional oferecendo solu\u00e7\u00f5es integradas para toda a cadeia de neg\u00f3cio.","publisher":{"@id":"https:\/\/ambipar.com\/latam\/#organization"},"potentialAction":[{"@type":"SearchAction","target":{"@type":"EntryPoint","urlTemplate":"https:\/\/ambipar.com\/latam\/?s={search_term_string}"},"query-input":"required name=search_term_string"}],"inLanguage":"es-CL"},{"@type":"ImageObject","@id":"https:\/\/ambipar.com\/latam\/ambipar-response-3\/entrenamientos\/equipos-simuladores\/simulador-de-direccion-ambipar\/#primaryimage","inLanguage":"es-CL","url":"https:\/\/ambipar.com\/latam\/wp-content\/uploads\/2020\/10\/simulador.jpg","contentUrl":"https:\/\/ambipar.com\/latam\/wp-content\/uploads\/2020\/10\/simulador.jpg","width":1000,"height":964,"caption":"simulador"},{"@type":"WebPage","@id":"https:\/\/ambipar.com\/latam\/ambipar-response-3\/entrenamientos\/equipos-simuladores\/simulador-de-direccion-ambipar\/#webpage","url":"https:\/\/ambipar.com\/latam\/ambipar-response-3\/entrenamientos\/equipos-simuladores\/simulador-de-direccion-ambipar\/","name":"Conozca el Simulador de Direcci\u00f3n AMBIPAR de Ambipar Response","isPartOf":{"@id":"https:\/\/ambipar.com\/latam\/#website"},"primaryImageOfPage":{"@id":"https:\/\/ambipar.com\/latam\/ambipar-response-3\/entrenamientos\/equipos-simuladores\/simulador-de-direccion-ambipar\/#primaryimage"},"datePublished":"2020-11-17T08:49:46+00:00","dateModified":"2022-06-21T19:02:08+00:00","description":"OBJETIVO: Simular situaciones reales de conducci\u00f3n. P\u00daBLICO OBJETIVO: Conductores profesionales de la categor\u00eda D.","breadcrumb":{"@id":"https:\/\/ambipar.com\/latam\/ambipar-response-3\/entrenamientos\/equipos-simuladores\/simulador-de-direccion-ambipar\/#breadcrumb"},"inLanguage":"es-CL","potentialAction":[{"@type":"ReadAction","target":["https:\/\/ambipar.com\/latam\/ambipar-response-3\/entrenamientos\/equipos-simuladores\/simulador-de-direccion-ambipar\/"]}]},{"@type":"BreadcrumbList","@id":"https:\/\/ambipar.com\/latam\/ambipar-response-3\/entrenamientos\/equipos-simuladores\/simulador-de-direccion-ambipar\/#breadcrumb","itemListElement":[{"@type":"ListItem","position":1,"name":"Home","item":"https:\/\/ambipar.com\/latam\/"},{"@type":"ListItem","position":2,"name":"Ambipar Response","item":"https:\/\/ambipar.com\/latam\/ambipar-response-3\/"},{"@type":"ListItem","position":3,"name":"Entrenamientos","item":"https:\/\/ambipar.com\/latam\/ambipar-response-3\/entrenamientos\/"},{"@type":"ListItem","position":4,"name":"Equipos Simuladores","item":"https:\/\/ambipar.com\/latam\/ambipar-response-3\/entrenamientos\/equipos-simuladores\/"},{"@type":"ListItem","position":5,"name":"Simulador de Direcci\u00f3n AMBIPAR"}]}]}},"_links":{"self":[{"href":"https:\/\/ambipar.com\/latam\/wp-json\/wp\/v2\/pages\/2272"}],"collection":[{"href":"https:\/\/ambipar.com\/latam\/wp-json\/wp\/v2\/pages"}],"about":[{"href":"https:\/\/ambipar.com\/latam\/wp-json\/wp\/v2\/types\/page"}],"author":[{"embeddable":true,"href":"https:\/\/ambipar.com\/latam\/wp-json\/wp\/v2\/users\/1"}],"replies":[{"embeddable":true,"href":"https:\/\/ambipar.com\/latam\/wp-json\/wp\/v2\/comments?post=2272"}],"version-history":[{"count":7,"href":"https:\/\/ambipar.com\/latam\/wp-json\/wp\/v2\/pages\/2272\/revisions"}],"predecessor-version":[{"id":4661,"href":"https:\/\/ambipar.com\/latam\/wp-json\/wp\/v2\/pages\/2272\/revisions\/4661"}],"up":[{"embeddable":true,"href":"https:\/\/ambipar.com\/latam\/wp-json\/wp\/v2\/pages\/2245"}],"wp:featuredmedia":[{"embeddable":true,"href":"https:\/\/ambipar.com\/latam\/wp-json\/wp\/v2\/media\/960"}],"wp:attachment":[{"href":"https:\/\/ambipar.com\/latam\/wp-json\/wp\/v2\/media?parent=2272"}],"curies":[{"name":"wp","href":"https:\/\/api.w.org\/{rel}","templated":true}]}}