{"id":2281,"date":"2020-11-17T05:58:33","date_gmt":"2020-11-17T08:58:33","guid":{"rendered":"https:\/\/ambipar.com\/latam\/?page_id=2281"},"modified":"2021-06-08T20:21:37","modified_gmt":"2021-06-08T23:21:37","slug":"work-tower-at-height-and-confined-space","status":"publish","type":"page","link":"https:\/\/ambipar.com\/latam\/en\/ambipar-response\/treinamentos\/equipamentos-simuladores\/work-tower-at-height-and-confined-space\/","title":{"rendered":"Work Tower at Height and Confined Space"},"content":{"rendered":"\n<p><strong>OBJECTIVE:<\/strong><\/p>\n\n\n\n<p>Develop the participant&#8217;s ability to act in various situations of height and confined spaces in a safe way to perform technical rescue.<\/p>\n\n\n\n<p><strong>TARGET AUDIENCE:<\/strong><\/p>\n\n\n\n<p>Operation, maintenance and cleaning team that performs activities at height and in confined space.<\/p>\n\n\n\n<p><strong>FEATURES:<\/strong><\/p>\n\n\n\n<ul><li>Tower of 12 meters homologated by CREA, where height training and confined spaces are carried out instructing the student to execute the vertical technical Rescue.<\/li><li>Preparation of the participant for the correct use of the equipment individual fall protection, horizontal and vertical lifelines, mechanical advantage systems, progression, ascension and descent techniques, use of rescue stretchers and other activities for a quick and safe rescue.<\/li><\/ul>\n\n\n\n<p>CAPACITY: 06 people (on top of the tower)<\/p>\n\n\n\n<div class=\"wp-block-buttons\">\n<div class=\"wp-block-button\"><a class=\"wp-block-button__link\" href=\"https:\/\/app.smartsheet.com\/b\/form\/57a977c9e30244acbdc17c86e82b5ef9\" target=\"_blank\" rel=\"noreferrer noopener\"> REQUEST SCHEDULE<\/a><\/div>\n<\/div>\n\n\n\n<p>Get to know the other simulator equipment:<\/p>\n\n\n\n<ul id=\"block-6a501768-3587-4ff3-a719-88109237a7de\"><li><a href=\"https:\/\/ambipar.com\/latam\/en\/ambipar-response\/treinamentos\/equipamentos-simuladores\/m-i-r-t-2\/\">M.I.R.T. \u00ae for Confined Spaces, Work at Height, Rescue and Leaks<\/a><\/li><li><a href=\"https:\/\/ambipar.com\/latam\/ambipar-response\/treinamentos\/equipamentos-simuladores\/fire-pan\/\">Fire-Pan \u00ae Simulator for Fire Fighting <\/a><a href=\"https:\/\/ambipar.com\/latam\/en\/ambipar-response\/treinamentos\/equipamentos-simuladores\/fire-pan-2\/\">Training<\/a><\/li><li><a href=\"https:\/\/ambipar.com\/latam\/en\/ambipar-response\/treinamentos\/equipamentos-simuladores\/confined-environment-simulator-smoke-house\/\">Confined environment simulator (smoke house)<\/a><\/li><li><a href=\"https:\/\/ambipar.com\/latam\/en\/ambipar-response\/treinamentos\/equipamentos-simuladores\/modular-confined-space-simulator\/\">Modular Confined Space Simulator<\/a><\/li><li><a href=\"https:\/\/ambipar.com\/latam\/en\/ambipar-response\/treinamentos\/equipamentos-simuladores\/ambipar-steering-simulator\/\">AMBIPAR Steering Simulator<\/a><\/li><\/ul>\n","protected":false},"excerpt":{"rendered":"OBJECTIVE: Develop the participant&#8217;s ability to act in various situations of height and confined spaces in a safe way to perform technical rescue. TARGET AUDIENCE: Operation, maintenance and cleaning team that performs activities at height and in confined space. FEATURES: Tower of 12 meters homologated by CREA, where height training and confined spaces are carried&#8230; <a class=\"view-article\" href=\"https:\/\/ambipar.com\/latam\/en\/ambipar-response\/treinamentos\/equipamentos-simuladores\/work-tower-at-height-and-confined-space\/\">Ver art\u00edculo<\/a>","protected":false},"author":1,"featured_media":3574,"parent":959,"menu_order":0,"comment_status":"closed","ping_status":"closed","template":"single-servicos.php","meta":[],"yoast_head":"<!-- This site is optimized with the Yoast SEO plugin v17.6 - https:\/\/yoast.com\/wordpress\/plugins\/seo\/ -->\n<title>Discover the Ambipar Work Tower at Height and Confined Space<\/title>\n<meta name=\"description\" content=\"OBJECTIVE: To develop the participant&#039;s ability to act in various situations of height and confined spaces safely\" \/>\n<meta name=\"robots\" content=\"index, follow, max-snippet:-1, max-image-preview:large, max-video-preview:-1\" \/>\n<link rel=\"canonical\" href=\"https:\/\/ambipar.com\/latam\/en\/ambipar-response\/treinamentos\/equipamentos-simuladores\/work-tower-at-height-and-confined-space\/\" \/>\n<meta property=\"og:locale\" content=\"es_ES\" \/>\n<meta property=\"og:type\" content=\"article\" \/>\n<meta property=\"og:title\" content=\"Discover the Ambipar Work Tower at Height and Confined Space\" \/>\n<meta property=\"og:description\" content=\"OBJECTIVE: To develop the participant&#039;s ability to act in various situations of height and confined spaces safely\" \/>\n<meta property=\"og:url\" content=\"https:\/\/ambipar.com\/latam\/en\/ambipar-response\/treinamentos\/equipamentos-simuladores\/work-tower-at-height-and-confined-space\/\" \/>\n<meta property=\"og:site_name\" content=\"Ambipar. A l\u00edder em gest\u00e3o ambiental.\" \/>\n<meta property=\"article:modified_time\" content=\"2021-06-08T23:21:37+00:00\" \/>\n<meta property=\"og:image\" content=\"https:\/\/ambipar.com\/latam\/wp-content\/uploads\/2021\/06\/Torre-de-Trabalho-em-Altura-e-Espaco-Confinad.jpeg\" \/>\n\t<meta property=\"og:image:width\" content=\"1280\" \/>\n\t<meta property=\"og:image:height\" content=\"720\" \/>\n<meta name=\"twitter:card\" content=\"summary_large_image\" \/>\n<meta name=\"twitter:label1\" content=\"Est. reading time\" \/>\n\t<meta name=\"twitter:data1\" content=\"1 minuto\" \/>\n<script type=\"application\/ld+json\" class=\"yoast-schema-graph\">{\"@context\":\"https:\/\/schema.org\",\"@graph\":[{\"@type\":\"Organization\",\"@id\":\"https:\/\/ambipar.com\/latam\/#organization\",\"name\":\"Ambipar\",\"url\":\"https:\/\/ambipar.com\/latam\/\",\"sameAs\":[],\"logo\":{\"@type\":\"ImageObject\",\"@id\":\"https:\/\/ambipar.com\/latam\/#logo\",\"inLanguage\":\"es-CL\",\"url\":\"https:\/\/ambipar.com\/latam\/wp-content\/uploads\/2020\/10\/ambipar_color.png\",\"contentUrl\":\"https:\/\/ambipar.com\/latam\/wp-content\/uploads\/2020\/10\/ambipar_color.png\",\"width\":174,\"height\":107,\"caption\":\"Ambipar\"},\"image\":{\"@id\":\"https:\/\/ambipar.com\/latam\/#logo\"}},{\"@type\":\"WebSite\",\"@id\":\"https:\/\/ambipar.com\/latam\/#website\",\"url\":\"https:\/\/ambipar.com\/latam\/\",\"name\":\"Ambipar. A l\\u00edder em gest\\u00e3o ambiental.\",\"description\":\"Pioneira em solu\\u00e7\\u00f5es ambientais, a Ambipar atua em todo o territ\\u00f3rio nacional oferecendo solu\\u00e7\\u00f5es integradas para toda a cadeia de neg\\u00f3cio.\",\"publisher\":{\"@id\":\"https:\/\/ambipar.com\/latam\/#organization\"},\"potentialAction\":[{\"@type\":\"SearchAction\",\"target\":{\"@type\":\"EntryPoint\",\"urlTemplate\":\"https:\/\/ambipar.com\/latam\/?s={search_term_string}\"},\"query-input\":\"required name=search_term_string\"}],\"inLanguage\":\"es-CL\"},{\"@type\":\"ImageObject\",\"@id\":\"https:\/\/ambipar.com\/latam\/en\/ambipar-response\/treinamentos\/equipamentos-simuladores\/work-tower-at-height-and-confined-space\/#primaryimage\",\"inLanguage\":\"es-CL\",\"url\":\"https:\/\/ambipar.com\/latam\/wp-content\/uploads\/2021\/06\/Torre-de-Trabalho-em-Altura-e-Espaco-Confinad.jpeg\",\"contentUrl\":\"https:\/\/ambipar.com\/latam\/wp-content\/uploads\/2021\/06\/Torre-de-Trabalho-em-Altura-e-Espaco-Confinad.jpeg\",\"width\":1280,\"height\":720,\"caption\":\"Torre de Trabalho em Altura e Espa\\u00e7o Confinado\"},{\"@type\":\"WebPage\",\"@id\":\"https:\/\/ambipar.com\/latam\/en\/ambipar-response\/treinamentos\/equipamentos-simuladores\/work-tower-at-height-and-confined-space\/#webpage\",\"url\":\"https:\/\/ambipar.com\/latam\/en\/ambipar-response\/treinamentos\/equipamentos-simuladores\/work-tower-at-height-and-confined-space\/\",\"name\":\"Discover the Ambipar Work Tower at Height and Confined Space\",\"isPartOf\":{\"@id\":\"https:\/\/ambipar.com\/latam\/#website\"},\"primaryImageOfPage\":{\"@id\":\"https:\/\/ambipar.com\/latam\/en\/ambipar-response\/treinamentos\/equipamentos-simuladores\/work-tower-at-height-and-confined-space\/#primaryimage\"},\"datePublished\":\"2020-11-17T08:58:33+00:00\",\"dateModified\":\"2021-06-08T23:21:37+00:00\",\"description\":\"OBJECTIVE: To develop the participant's ability to act in various situations of height and confined spaces safely\",\"breadcrumb\":{\"@id\":\"https:\/\/ambipar.com\/latam\/en\/ambipar-response\/treinamentos\/equipamentos-simuladores\/work-tower-at-height-and-confined-space\/#breadcrumb\"},\"inLanguage\":\"es-CL\",\"potentialAction\":[{\"@type\":\"ReadAction\",\"target\":[\"https:\/\/ambipar.com\/latam\/en\/ambipar-response\/treinamentos\/equipamentos-simuladores\/work-tower-at-height-and-confined-space\/\"]}]},{\"@type\":\"BreadcrumbList\",\"@id\":\"https:\/\/ambipar.com\/latam\/en\/ambipar-response\/treinamentos\/equipamentos-simuladores\/work-tower-at-height-and-confined-space\/#breadcrumb\",\"itemListElement\":[{\"@type\":\"ListItem\",\"position\":1,\"name\":\"Home\",\"item\":\"https:\/\/ambipar.com\/latam\/\"},{\"@type\":\"ListItem\",\"position\":2,\"name\":\"Ambipar Response\",\"item\":\"https:\/\/ambipar.com\/latam\/pt\/ambipar-response\/\"},{\"@type\":\"ListItem\",\"position\":3,\"name\":\"Treinamentos\",\"item\":\"https:\/\/ambipar.com\/latam\/pt\/ambipar-response\/treinamentos\/\"},{\"@type\":\"ListItem\",\"position\":4,\"name\":\"Equipamentos Simuladores\",\"item\":\"https:\/\/ambipar.com\/latam\/pt\/ambipar-response\/treinamentos\/equipamentos-simuladores\/\"},{\"@type\":\"ListItem\",\"position\":5,\"name\":\"Work Tower at Height and Confined Space\"}]}]}<\/script>\n<!-- \/ Yoast SEO plugin. -->","yoast_head_json":{"title":"Discover the Ambipar Work Tower at Height and Confined Space","description":"OBJECTIVE: To develop the participant's ability to act in various situations of height and confined spaces safely","robots":{"index":"index","follow":"follow","max-snippet":"max-snippet:-1","max-image-preview":"max-image-preview:large","max-video-preview":"max-video-preview:-1"},"canonical":"https:\/\/ambipar.com\/latam\/en\/ambipar-response\/treinamentos\/equipamentos-simuladores\/work-tower-at-height-and-confined-space\/","og_locale":"es_ES","og_type":"article","og_title":"Discover the Ambipar Work Tower at Height and Confined Space","og_description":"OBJECTIVE: To develop the participant's ability to act in various situations of height and confined spaces safely","og_url":"https:\/\/ambipar.com\/latam\/en\/ambipar-response\/treinamentos\/equipamentos-simuladores\/work-tower-at-height-and-confined-space\/","og_site_name":"Ambipar. A l\u00edder em gest\u00e3o ambiental.","article_modified_time":"2021-06-08T23:21:37+00:00","og_image":[{"width":1280,"height":720,"url":"https:\/\/ambipar.com\/latam\/wp-content\/uploads\/2021\/06\/Torre-de-Trabalho-em-Altura-e-Espaco-Confinad.jpeg","type":"image\/jpeg"}],"twitter_card":"summary_large_image","twitter_misc":{"Est. reading time":"1 minuto"},"schema":{"@context":"https:\/\/schema.org","@graph":[{"@type":"Organization","@id":"https:\/\/ambipar.com\/latam\/#organization","name":"Ambipar","url":"https:\/\/ambipar.com\/latam\/","sameAs":[],"logo":{"@type":"ImageObject","@id":"https:\/\/ambipar.com\/latam\/#logo","inLanguage":"es-CL","url":"https:\/\/ambipar.com\/latam\/wp-content\/uploads\/2020\/10\/ambipar_color.png","contentUrl":"https:\/\/ambipar.com\/latam\/wp-content\/uploads\/2020\/10\/ambipar_color.png","width":174,"height":107,"caption":"Ambipar"},"image":{"@id":"https:\/\/ambipar.com\/latam\/#logo"}},{"@type":"WebSite","@id":"https:\/\/ambipar.com\/latam\/#website","url":"https:\/\/ambipar.com\/latam\/","name":"Ambipar. A l\u00edder em gest\u00e3o ambiental.","description":"Pioneira em solu\u00e7\u00f5es ambientais, a Ambipar atua em todo o territ\u00f3rio nacional oferecendo solu\u00e7\u00f5es integradas para toda a cadeia de neg\u00f3cio.","publisher":{"@id":"https:\/\/ambipar.com\/latam\/#organization"},"potentialAction":[{"@type":"SearchAction","target":{"@type":"EntryPoint","urlTemplate":"https:\/\/ambipar.com\/latam\/?s={search_term_string}"},"query-input":"required name=search_term_string"}],"inLanguage":"es-CL"},{"@type":"ImageObject","@id":"https:\/\/ambipar.com\/latam\/en\/ambipar-response\/treinamentos\/equipamentos-simuladores\/work-tower-at-height-and-confined-space\/#primaryimage","inLanguage":"es-CL","url":"https:\/\/ambipar.com\/latam\/wp-content\/uploads\/2021\/06\/Torre-de-Trabalho-em-Altura-e-Espaco-Confinad.jpeg","contentUrl":"https:\/\/ambipar.com\/latam\/wp-content\/uploads\/2021\/06\/Torre-de-Trabalho-em-Altura-e-Espaco-Confinad.jpeg","width":1280,"height":720,"caption":"Torre de Trabalho em Altura e Espa\u00e7o Confinado"},{"@type":"WebPage","@id":"https:\/\/ambipar.com\/latam\/en\/ambipar-response\/treinamentos\/equipamentos-simuladores\/work-tower-at-height-and-confined-space\/#webpage","url":"https:\/\/ambipar.com\/latam\/en\/ambipar-response\/treinamentos\/equipamentos-simuladores\/work-tower-at-height-and-confined-space\/","name":"Discover the Ambipar Work Tower at Height and Confined Space","isPartOf":{"@id":"https:\/\/ambipar.com\/latam\/#website"},"primaryImageOfPage":{"@id":"https:\/\/ambipar.com\/latam\/en\/ambipar-response\/treinamentos\/equipamentos-simuladores\/work-tower-at-height-and-confined-space\/#primaryimage"},"datePublished":"2020-11-17T08:58:33+00:00","dateModified":"2021-06-08T23:21:37+00:00","description":"OBJECTIVE: To develop the participant's ability to act in various situations of height and confined spaces safely","breadcrumb":{"@id":"https:\/\/ambipar.com\/latam\/en\/ambipar-response\/treinamentos\/equipamentos-simuladores\/work-tower-at-height-and-confined-space\/#breadcrumb"},"inLanguage":"es-CL","potentialAction":[{"@type":"ReadAction","target":["https:\/\/ambipar.com\/latam\/en\/ambipar-response\/treinamentos\/equipamentos-simuladores\/work-tower-at-height-and-confined-space\/"]}]},{"@type":"BreadcrumbList","@id":"https:\/\/ambipar.com\/latam\/en\/ambipar-response\/treinamentos\/equipamentos-simuladores\/work-tower-at-height-and-confined-space\/#breadcrumb","itemListElement":[{"@type":"ListItem","position":1,"name":"Home","item":"https:\/\/ambipar.com\/latam\/"},{"@type":"ListItem","position":2,"name":"Ambipar Response","item":"https:\/\/ambipar.com\/latam\/pt\/ambipar-response\/"},{"@type":"ListItem","position":3,"name":"Treinamentos","item":"https:\/\/ambipar.com\/latam\/pt\/ambipar-response\/treinamentos\/"},{"@type":"ListItem","position":4,"name":"Equipamentos Simuladores","item":"https:\/\/ambipar.com\/latam\/pt\/ambipar-response\/treinamentos\/equipamentos-simuladores\/"},{"@type":"ListItem","position":5,"name":"Work Tower at Height and Confined Space"}]}]}},"_links":{"self":[{"href":"https:\/\/ambipar.com\/latam\/wp-json\/wp\/v2\/pages\/2281"}],"collection":[{"href":"https:\/\/ambipar.com\/latam\/wp-json\/wp\/v2\/pages"}],"about":[{"href":"https:\/\/ambipar.com\/latam\/wp-json\/wp\/v2\/types\/page"}],"author":[{"embeddable":true,"href":"https:\/\/ambipar.com\/latam\/wp-json\/wp\/v2\/users\/1"}],"replies":[{"embeddable":true,"href":"https:\/\/ambipar.com\/latam\/wp-json\/wp\/v2\/comments?post=2281"}],"version-history":[{"count":5,"href":"https:\/\/ambipar.com\/latam\/wp-json\/wp\/v2\/pages\/2281\/revisions"}],"predecessor-version":[{"id":3248,"href":"https:\/\/ambipar.com\/latam\/wp-json\/wp\/v2\/pages\/2281\/revisions\/3248"}],"up":[{"embeddable":true,"href":"https:\/\/ambipar.com\/latam\/wp-json\/wp\/v2\/pages\/959"}],"wp:featuredmedia":[{"embeddable":true,"href":"https:\/\/ambipar.com\/latam\/wp-json\/wp\/v2\/media\/3574"}],"wp:attachment":[{"href":"https:\/\/ambipar.com\/latam\/wp-json\/wp\/v2\/media?parent=2281"}],"curies":[{"name":"wp","href":"https:\/\/api.w.org\/{rel}","templated":true}]}}