{"id":2303,"date":"2020-11-17T06:18:00","date_gmt":"2020-11-17T09:18:00","guid":{"rendered":"https:\/\/ambipar.com\/latam\/?page_id=2303"},"modified":"2021-10-14T11:13:03","modified_gmt":"2021-10-14T14:13:03","slug":"ambipar-de-movilizacion-de-recursos-y-campo-simulado","status":"publish","type":"page","link":"https:\/\/ambipar.com\/latam\/ambipar-response-3\/entrenamientos\/ejercicios-simulados\/ambipar-de-movilizacion-de-recursos-y-campo-simulado\/","title":{"rendered":"Movilizaci\u00f3n de Recursos y Simulaci\u00f3n de Campo Ambipar"},"content":{"rendered":"\n<p><strong>OBJETIVO:<\/strong><\/p>\n\n\n\n<p>Simulaci\u00f3n pr\u00e1ctica realizada en campo para formar a todos los profesionales implicados en la resoluci\u00f3n de la situaci\u00f3n de emergencia.<\/p>\n\n\n\n<p><strong>P\u00daBLICO OBJETIVO:<\/strong><\/p>\n\n\n\n<p>Profesionales de los sectores de seguridad operacional industrial, transporte, tr\u00e1fico, env\u00edo, calidad y medio ambiente.<\/p>\n\n\n\n<p><strong>CONTENIDO DEL PROGRAMA:<\/strong><\/p>\n\n\n\n<ul><li>Evaluaci\u00f3n de t\u00e9cnicas de recolecci\u00f3n de datos para la evaluaci\u00f3n de escenarios<\/li><li>Identificaci\u00f3n de sitios de riesgo de accidentes o fugas previstos en el plan de acci\u00f3n de emergencia (PAE)<\/li><li>Capacitaci\u00f3n de procedimientos de alerta y activaci\u00f3n<\/li><li>Validaci\u00f3n del tiempo de respuesta para equipos de respuesta a emergencias<\/li><li>Capacitaci\u00f3n pr\u00e1ctica para operaciones de respuesta<\/li><li>Evaluaci\u00f3n final del simulado<\/li><\/ul>\n\n\n\n<p>CARGA DEL CURSO: 04 horas.<\/p>\n\n\n\n<p><strong>HORARIO DE EJERCICIO SIMULADO<\/strong><\/p>\n\n\n\n<ul><li><a rel=\"noreferrer noopener\" href=\"https:\/\/app.smartsheet.com\/b\/form\/8651886e2cb541cc9223cc35dee39846\" target=\"_blank\">Haz tu horario de ejercicio simulado<\/a><\/li><\/ul>\n\n\n\n<p>Conozca los otros ejercicios simulados:<\/p>\n\n\n\n<ul id=\"block-9686950e-0576-4f77-863f-4e382bd1b708\"><li><a href=\"https:\/\/ambipar.com\/latam\/ambipar-response-3\/entrenamientos\/ejercicios-simulados\/simulacion-table-top-ambipar\/\">Simulaci\u00f3n Table Top Ambipar<\/a><\/li><li><a href=\"https:\/\/ambipar.com\/latam\/ambipar-response-3\/entrenamientos\/ejercicios-simulados\/simulacion-de-comunicacion-ambipar\/\">Simulaci\u00f3n de Comunicaci\u00f3n Ambipar<\/a><\/li><\/ul>\n","protected":false},"excerpt":{"rendered":"OBJETIVO: Simulaci\u00f3n pr\u00e1ctica realizada en campo para formar a todos los profesionales implicados en la resoluci\u00f3n de la situaci\u00f3n de emergencia. P\u00daBLICO OBJETIVO: Profesionales de los sectores de seguridad operacional industrial, transporte, tr\u00e1fico, env\u00edo, calidad y medio ambiente. CONTENIDO DEL PROGRAMA: Evaluaci\u00f3n de t\u00e9cnicas de recolecci\u00f3n de datos para la evaluaci\u00f3n de escenarios Identificaci\u00f3n de&#8230; <a class=\"view-article\" href=\"https:\/\/ambipar.com\/latam\/ambipar-response-3\/entrenamientos\/ejercicios-simulados\/ambipar-de-movilizacion-de-recursos-y-campo-simulado\/\">Ver art\u00edculo<\/a>","protected":false},"author":1,"featured_media":405,"parent":2290,"menu_order":0,"comment_status":"closed","ping_status":"closed","template":"single-servicos.php","meta":[],"yoast_head":"<!-- This site is optimized with the Yoast SEO plugin v17.6 - https:\/\/yoast.com\/wordpress\/plugins\/seo\/ -->\n<title>Conozca la Movilizaci\u00f3n de Recursos y Simulaci\u00f3n de Campo Ambipar<\/title>\n<meta name=\"description\" content=\"OBJETIVO Simulaci\u00f3n pr\u00e1ctica realizada en campo para formar todos los profesionales implicados en la resoluci\u00f3n de la situaci\u00f3n de emergencia\" \/>\n<meta name=\"robots\" content=\"index, follow, max-snippet:-1, max-image-preview:large, max-video-preview:-1\" \/>\n<link rel=\"canonical\" href=\"https:\/\/ambipar.com\/latam\/ambipar-response-3\/entrenamientos\/ejercicios-simulados\/ambipar-de-movilizacion-de-recursos-y-campo-simulado\/\" \/>\n<meta property=\"og:locale\" content=\"es_ES\" \/>\n<meta property=\"og:type\" content=\"article\" \/>\n<meta property=\"og:title\" content=\"Conozca la Movilizaci\u00f3n de Recursos y Simulaci\u00f3n de Campo Ambipar\" \/>\n<meta property=\"og:description\" content=\"OBJETIVO Simulaci\u00f3n pr\u00e1ctica realizada en campo para formar todos los profesionales implicados en la resoluci\u00f3n de la situaci\u00f3n de emergencia\" \/>\n<meta property=\"og:url\" content=\"https:\/\/ambipar.com\/latam\/ambipar-response-3\/entrenamientos\/ejercicios-simulados\/ambipar-de-movilizacion-de-recursos-y-campo-simulado\/\" \/>\n<meta property=\"og:site_name\" content=\"Ambipar. A l\u00edder em gest\u00e3o ambiental.\" \/>\n<meta property=\"article:modified_time\" content=\"2021-10-14T14:13:03+00:00\" \/>\n<meta property=\"og:image\" content=\"https:\/\/ambipar.com\/latam\/wp-content\/uploads\/2020\/10\/simulado.jpg\" \/>\n\t<meta property=\"og:image:width\" content=\"1012\" \/>\n\t<meta property=\"og:image:height\" content=\"1000\" \/>\n<meta name=\"twitter:card\" content=\"summary_large_image\" \/>\n<meta name=\"twitter:label1\" content=\"Est. reading time\" \/>\n\t<meta name=\"twitter:data1\" content=\"1 minuto\" \/>\n<script type=\"application\/ld+json\" class=\"yoast-schema-graph\">{\"@context\":\"https:\/\/schema.org\",\"@graph\":[{\"@type\":\"Organization\",\"@id\":\"https:\/\/ambipar.com\/latam\/#organization\",\"name\":\"Ambipar\",\"url\":\"https:\/\/ambipar.com\/latam\/\",\"sameAs\":[],\"logo\":{\"@type\":\"ImageObject\",\"@id\":\"https:\/\/ambipar.com\/latam\/#logo\",\"inLanguage\":\"es-CL\",\"url\":\"https:\/\/ambipar.com\/latam\/wp-content\/uploads\/2020\/10\/ambipar_color.png\",\"contentUrl\":\"https:\/\/ambipar.com\/latam\/wp-content\/uploads\/2020\/10\/ambipar_color.png\",\"width\":174,\"height\":107,\"caption\":\"Ambipar\"},\"image\":{\"@id\":\"https:\/\/ambipar.com\/latam\/#logo\"}},{\"@type\":\"WebSite\",\"@id\":\"https:\/\/ambipar.com\/latam\/#website\",\"url\":\"https:\/\/ambipar.com\/latam\/\",\"name\":\"Ambipar. A l\\u00edder em gest\\u00e3o ambiental.\",\"description\":\"Pioneira em solu\\u00e7\\u00f5es ambientais, a Ambipar atua em todo o territ\\u00f3rio nacional oferecendo solu\\u00e7\\u00f5es integradas para toda a cadeia de neg\\u00f3cio.\",\"publisher\":{\"@id\":\"https:\/\/ambipar.com\/latam\/#organization\"},\"potentialAction\":[{\"@type\":\"SearchAction\",\"target\":{\"@type\":\"EntryPoint\",\"urlTemplate\":\"https:\/\/ambipar.com\/latam\/?s={search_term_string}\"},\"query-input\":\"required name=search_term_string\"}],\"inLanguage\":\"es-CL\"},{\"@type\":\"ImageObject\",\"@id\":\"https:\/\/ambipar.com\/latam\/ambipar-response-3\/entrenamientos\/ejercicios-simulados\/ambipar-de-movilizacion-de-recursos-y-campo-simulado\/#primaryimage\",\"inLanguage\":\"es-CL\",\"url\":\"https:\/\/ambipar.com\/latam\/wp-content\/uploads\/2020\/10\/simulado.jpg\",\"contentUrl\":\"https:\/\/ambipar.com\/latam\/wp-content\/uploads\/2020\/10\/simulado.jpg\",\"width\":1012,\"height\":1000,\"caption\":\"simulado\"},{\"@type\":\"WebPage\",\"@id\":\"https:\/\/ambipar.com\/latam\/ambipar-response-3\/entrenamientos\/ejercicios-simulados\/ambipar-de-movilizacion-de-recursos-y-campo-simulado\/#webpage\",\"url\":\"https:\/\/ambipar.com\/latam\/ambipar-response-3\/entrenamientos\/ejercicios-simulados\/ambipar-de-movilizacion-de-recursos-y-campo-simulado\/\",\"name\":\"Conozca la Movilizaci\\u00f3n de Recursos y Simulaci\\u00f3n de Campo Ambipar\",\"isPartOf\":{\"@id\":\"https:\/\/ambipar.com\/latam\/#website\"},\"primaryImageOfPage\":{\"@id\":\"https:\/\/ambipar.com\/latam\/ambipar-response-3\/entrenamientos\/ejercicios-simulados\/ambipar-de-movilizacion-de-recursos-y-campo-simulado\/#primaryimage\"},\"datePublished\":\"2020-11-17T09:18:00+00:00\",\"dateModified\":\"2021-10-14T14:13:03+00:00\",\"description\":\"OBJETIVO Simulaci\\u00f3n pr\\u00e1ctica realizada en campo para formar todos los profesionales implicados en la resoluci\\u00f3n de la situaci\\u00f3n de emergencia\",\"breadcrumb\":{\"@id\":\"https:\/\/ambipar.com\/latam\/ambipar-response-3\/entrenamientos\/ejercicios-simulados\/ambipar-de-movilizacion-de-recursos-y-campo-simulado\/#breadcrumb\"},\"inLanguage\":\"es-CL\",\"potentialAction\":[{\"@type\":\"ReadAction\",\"target\":[\"https:\/\/ambipar.com\/latam\/ambipar-response-3\/entrenamientos\/ejercicios-simulados\/ambipar-de-movilizacion-de-recursos-y-campo-simulado\/\"]}]},{\"@type\":\"BreadcrumbList\",\"@id\":\"https:\/\/ambipar.com\/latam\/ambipar-response-3\/entrenamientos\/ejercicios-simulados\/ambipar-de-movilizacion-de-recursos-y-campo-simulado\/#breadcrumb\",\"itemListElement\":[{\"@type\":\"ListItem\",\"position\":1,\"name\":\"Home\",\"item\":\"https:\/\/ambipar.com\/latam\/\"},{\"@type\":\"ListItem\",\"position\":2,\"name\":\"Ambipar Response\",\"item\":\"https:\/\/ambipar.com\/latam\/ambipar-response-3\/\"},{\"@type\":\"ListItem\",\"position\":3,\"name\":\"Entrenamientos\",\"item\":\"https:\/\/ambipar.com\/latam\/ambipar-response-3\/entrenamientos\/\"},{\"@type\":\"ListItem\",\"position\":4,\"name\":\"Ejercicios Simulados\",\"item\":\"https:\/\/ambipar.com\/latam\/ambipar-response-3\/entrenamientos\/ejercicios-simulados\/\"},{\"@type\":\"ListItem\",\"position\":5,\"name\":\"Movilizaci\\u00f3n de Recursos y Simulaci\\u00f3n de Campo Ambipar\"}]}]}<\/script>\n<!-- \/ Yoast SEO plugin. -->","yoast_head_json":{"title":"Conozca la Movilizaci\u00f3n de Recursos y Simulaci\u00f3n de Campo Ambipar","description":"OBJETIVO Simulaci\u00f3n pr\u00e1ctica realizada en campo para formar todos los profesionales implicados en la resoluci\u00f3n de la situaci\u00f3n de emergencia","robots":{"index":"index","follow":"follow","max-snippet":"max-snippet:-1","max-image-preview":"max-image-preview:large","max-video-preview":"max-video-preview:-1"},"canonical":"https:\/\/ambipar.com\/latam\/ambipar-response-3\/entrenamientos\/ejercicios-simulados\/ambipar-de-movilizacion-de-recursos-y-campo-simulado\/","og_locale":"es_ES","og_type":"article","og_title":"Conozca la Movilizaci\u00f3n de Recursos y Simulaci\u00f3n de Campo Ambipar","og_description":"OBJETIVO Simulaci\u00f3n pr\u00e1ctica realizada en campo para formar todos los profesionales implicados en la resoluci\u00f3n de la situaci\u00f3n de emergencia","og_url":"https:\/\/ambipar.com\/latam\/ambipar-response-3\/entrenamientos\/ejercicios-simulados\/ambipar-de-movilizacion-de-recursos-y-campo-simulado\/","og_site_name":"Ambipar. A l\u00edder em gest\u00e3o ambiental.","article_modified_time":"2021-10-14T14:13:03+00:00","og_image":[{"width":1012,"height":1000,"url":"https:\/\/ambipar.com\/latam\/wp-content\/uploads\/2020\/10\/simulado.jpg","type":"image\/jpeg"}],"twitter_card":"summary_large_image","twitter_misc":{"Est. reading time":"1 minuto"},"schema":{"@context":"https:\/\/schema.org","@graph":[{"@type":"Organization","@id":"https:\/\/ambipar.com\/latam\/#organization","name":"Ambipar","url":"https:\/\/ambipar.com\/latam\/","sameAs":[],"logo":{"@type":"ImageObject","@id":"https:\/\/ambipar.com\/latam\/#logo","inLanguage":"es-CL","url":"https:\/\/ambipar.com\/latam\/wp-content\/uploads\/2020\/10\/ambipar_color.png","contentUrl":"https:\/\/ambipar.com\/latam\/wp-content\/uploads\/2020\/10\/ambipar_color.png","width":174,"height":107,"caption":"Ambipar"},"image":{"@id":"https:\/\/ambipar.com\/latam\/#logo"}},{"@type":"WebSite","@id":"https:\/\/ambipar.com\/latam\/#website","url":"https:\/\/ambipar.com\/latam\/","name":"Ambipar. A l\u00edder em gest\u00e3o ambiental.","description":"Pioneira em solu\u00e7\u00f5es ambientais, a Ambipar atua em todo o territ\u00f3rio nacional oferecendo solu\u00e7\u00f5es integradas para toda a cadeia de neg\u00f3cio.","publisher":{"@id":"https:\/\/ambipar.com\/latam\/#organization"},"potentialAction":[{"@type":"SearchAction","target":{"@type":"EntryPoint","urlTemplate":"https:\/\/ambipar.com\/latam\/?s={search_term_string}"},"query-input":"required name=search_term_string"}],"inLanguage":"es-CL"},{"@type":"ImageObject","@id":"https:\/\/ambipar.com\/latam\/ambipar-response-3\/entrenamientos\/ejercicios-simulados\/ambipar-de-movilizacion-de-recursos-y-campo-simulado\/#primaryimage","inLanguage":"es-CL","url":"https:\/\/ambipar.com\/latam\/wp-content\/uploads\/2020\/10\/simulado.jpg","contentUrl":"https:\/\/ambipar.com\/latam\/wp-content\/uploads\/2020\/10\/simulado.jpg","width":1012,"height":1000,"caption":"simulado"},{"@type":"WebPage","@id":"https:\/\/ambipar.com\/latam\/ambipar-response-3\/entrenamientos\/ejercicios-simulados\/ambipar-de-movilizacion-de-recursos-y-campo-simulado\/#webpage","url":"https:\/\/ambipar.com\/latam\/ambipar-response-3\/entrenamientos\/ejercicios-simulados\/ambipar-de-movilizacion-de-recursos-y-campo-simulado\/","name":"Conozca la Movilizaci\u00f3n de Recursos y Simulaci\u00f3n de Campo Ambipar","isPartOf":{"@id":"https:\/\/ambipar.com\/latam\/#website"},"primaryImageOfPage":{"@id":"https:\/\/ambipar.com\/latam\/ambipar-response-3\/entrenamientos\/ejercicios-simulados\/ambipar-de-movilizacion-de-recursos-y-campo-simulado\/#primaryimage"},"datePublished":"2020-11-17T09:18:00+00:00","dateModified":"2021-10-14T14:13:03+00:00","description":"OBJETIVO Simulaci\u00f3n pr\u00e1ctica realizada en campo para formar todos los profesionales implicados en la resoluci\u00f3n de la situaci\u00f3n de emergencia","breadcrumb":{"@id":"https:\/\/ambipar.com\/latam\/ambipar-response-3\/entrenamientos\/ejercicios-simulados\/ambipar-de-movilizacion-de-recursos-y-campo-simulado\/#breadcrumb"},"inLanguage":"es-CL","potentialAction":[{"@type":"ReadAction","target":["https:\/\/ambipar.com\/latam\/ambipar-response-3\/entrenamientos\/ejercicios-simulados\/ambipar-de-movilizacion-de-recursos-y-campo-simulado\/"]}]},{"@type":"BreadcrumbList","@id":"https:\/\/ambipar.com\/latam\/ambipar-response-3\/entrenamientos\/ejercicios-simulados\/ambipar-de-movilizacion-de-recursos-y-campo-simulado\/#breadcrumb","itemListElement":[{"@type":"ListItem","position":1,"name":"Home","item":"https:\/\/ambipar.com\/latam\/"},{"@type":"ListItem","position":2,"name":"Ambipar Response","item":"https:\/\/ambipar.com\/latam\/ambipar-response-3\/"},{"@type":"ListItem","position":3,"name":"Entrenamientos","item":"https:\/\/ambipar.com\/latam\/ambipar-response-3\/entrenamientos\/"},{"@type":"ListItem","position":4,"name":"Ejercicios Simulados","item":"https:\/\/ambipar.com\/latam\/ambipar-response-3\/entrenamientos\/ejercicios-simulados\/"},{"@type":"ListItem","position":5,"name":"Movilizaci\u00f3n de Recursos y Simulaci\u00f3n de Campo Ambipar"}]}]}},"_links":{"self":[{"href":"https:\/\/ambipar.com\/latam\/wp-json\/wp\/v2\/pages\/2303"}],"collection":[{"href":"https:\/\/ambipar.com\/latam\/wp-json\/wp\/v2\/pages"}],"about":[{"href":"https:\/\/ambipar.com\/latam\/wp-json\/wp\/v2\/types\/page"}],"author":[{"embeddable":true,"href":"https:\/\/ambipar.com\/latam\/wp-json\/wp\/v2\/users\/1"}],"replies":[{"embeddable":true,"href":"https:\/\/ambipar.com\/latam\/wp-json\/wp\/v2\/comments?post=2303"}],"version-history":[{"count":9,"href":"https:\/\/ambipar.com\/latam\/wp-json\/wp\/v2\/pages\/2303\/revisions"}],"predecessor-version":[{"id":4262,"href":"https:\/\/ambipar.com\/latam\/wp-json\/wp\/v2\/pages\/2303\/revisions\/4262"}],"up":[{"embeddable":true,"href":"https:\/\/ambipar.com\/latam\/wp-json\/wp\/v2\/pages\/2290"}],"wp:featuredmedia":[{"embeddable":true,"href":"https:\/\/ambipar.com\/latam\/wp-json\/wp\/v2\/media\/405"}],"wp:attachment":[{"href":"https:\/\/ambipar.com\/latam\/wp-json\/wp\/v2\/media?parent=2303"}],"curies":[{"name":"wp","href":"https:\/\/api.w.org\/{rel}","templated":true}]}}