{"id":2315,"date":"2020-11-17T06:28:50","date_gmt":"2020-11-17T09:28:50","guid":{"rendered":"https:\/\/ambipar.com\/latam\/?page_id=2315"},"modified":"2022-06-21T15:44:05","modified_gmt":"2022-06-21T18:44:05","slug":"hazmat-3","status":"publish","type":"page","link":"https:\/\/ambipar.com\/latam\/ambipar-response-3\/entrenamientos\/hazmat-3\/","title":{"rendered":"HAZMAT"},"content":{"rendered":"\n<p>El Curso Internacional de Respuesta a Emergencias de Productos Peligrosos se basa en NFPA 472 y ABNT NBR14.064, cumpliendo con los requisitos de la legislaci\u00f3n nacional e internacional.<\/p>\n\n\n\n<p>Los cursos son impartidos en los campos de formaci\u00f3n de Ambipar por instructores multidisciplinares con acciones pr\u00e1cticas en eventos reales, y tienen como objetivo dotar a los participantes de conocimientos t\u00e9cnicos y pr\u00e1cticos que les permitan desarrollar acciones defensivas y preventivas ante emergencias con productos qu\u00edmicos y peligrosos. , incluidas las t\u00e9cnicas de evaluaci\u00f3n y seguimiento, as\u00ed como:<\/p>\n\n\n\n<ul id=\"block-e08a69f3-3cd8-4edc-9635-108a8a483ec9\"><li><a href=\"https:\/\/ambipar.com\/latam\/ambipar-response-3\/entrenamientos\/hazmat-3\/hazmat-nivel-primero-en-el-sitio\/\">HAZMAT Nivel Primero en el sitio<\/a><\/li><li><a href=\"https:\/\/ambipar.com\/latam\/ambipar-response-3\/entrenamientos\/hazmat-3\/hazmat-nivel-de-operaciones\/\">HAZMAT Nivel de Operaciones<\/a><\/li><li><a href=\"https:\/\/ambipar.com\/latam\/ambipar-response-3\/entrenamientos\/hazmat-3\/hazmat-nivel-tecnico-2\/\">HAZMAT Nivel T\u00e9cnico<\/a><\/li><li><a href=\"https:\/\/ambipar.com\/latam\/ambipar-response-3\/entrenamientos\/hazmat-3\/hazmat-nivel-comando-ics-2\/\">HAZMAT Nivel Comando ICS<\/a><\/li><li><a href=\"https:\/\/ambipar.com\/latam\/ambipar-response-3\/entrenamientos\/hazmat-3\/hazmat-nivel-especialista-2\/\">HAZMAT Nivel Especialista<\/a><\/li><\/ul>\n\n\n\n<p>Vea tambi\u00e9n:<\/p>\n\n\n\n<ul id=\"block-5caddda0-a14d-4bcf-ae65-cd8fca818840\"><li><a href=\"https:\/\/ambipar.com\/latam\/ambipar-response-3\/entrenamientos\/oil-spill-3\/\">Oil Spill<\/a><\/li><li><a href=\"https:\/\/ambipar.com\/latam\/ambipar-response-3\/entrenamientos\/brigadas-de-emergencia\/\">Brigadas de Emergencia<\/a><\/li><li><a href=\"https:\/\/ambipar.com\/latam\/ambipar-response-3\/entrenamientos\/nrs-3\/\">NR\u2019S<\/a><\/li><li><a href=\"https:\/\/ambipar.com\/latam\/ambipar-response-3\/entrenamientos\/almacenamiento-y-transporte-de-productos-peligrosos\/\">Almacenamiento y Transporte de Productos Peligrosos<\/a><\/li><li><a href=\"https:\/\/ambipar.com\/latam\/ambipar-response-3\/entrenamientos\/equipos-simuladores\/\">Equipos Simuladores<\/a><\/li><li><a href=\"https:\/\/ambipar.com\/latam\/ambipar-response-3\/entrenamientos\/ejercicios-simulados\/\">Ejercicios Simulados<\/a><\/li><li><a href=\"https:\/\/ambipar.com\/latam\/ambipar-response-3\/entrenamientos\/ead-3\/\">EAD<\/a><\/li><\/ul>\n","protected":false},"excerpt":{"rendered":"El Curso Internacional de Respuesta a Emergencias de Productos Peligrosos se basa en NFPA 472 y ABNT NBR14.064, cumpliendo con los requisitos de la legislaci\u00f3n nacional e internacional. Los cursos son impartidos en los campos de formaci\u00f3n de Ambipar por instructores multidisciplinares con acciones pr\u00e1cticas en eventos reales, y tienen como objetivo dotar a los&#8230; <a class=\"view-article\" href=\"https:\/\/ambipar.com\/latam\/ambipar-response-3\/entrenamientos\/hazmat-3\/\">Ver art\u00edculo<\/a>","protected":false},"author":1,"featured_media":538,"parent":2089,"menu_order":0,"comment_status":"closed","ping_status":"closed","template":"single-servicos.php","meta":[],"yoast_head":"<!-- This site is optimized with the Yoast SEO plugin v17.6 - https:\/\/yoast.com\/wordpress\/plugins\/seo\/ -->\n<title>Descubra los cursos HAZMAT ofrecidos por Ambipar Response<\/title>\n<meta name=\"description\" content=\"El Curso Internacional de Respuesta a Emergencias para Productos Peligrosos se basa en NFPA 472 y ABNT NBR14.064\" \/>\n<meta name=\"robots\" content=\"index, follow, max-snippet:-1, max-image-preview:large, max-video-preview:-1\" \/>\n<link rel=\"canonical\" href=\"https:\/\/ambipar.com\/latam\/ambipar-response-3\/entrenamientos\/hazmat-3\/\" \/>\n<meta property=\"og:locale\" content=\"es_ES\" \/>\n<meta property=\"og:type\" content=\"article\" \/>\n<meta property=\"og:title\" content=\"Descubra los cursos HAZMAT ofrecidos por Ambipar Response\" \/>\n<meta property=\"og:description\" content=\"El Curso Internacional de Respuesta a Emergencias para Productos Peligrosos se basa en NFPA 472 y ABNT NBR14.064\" \/>\n<meta property=\"og:url\" content=\"https:\/\/ambipar.com\/latam\/ambipar-response-3\/entrenamientos\/hazmat-3\/\" \/>\n<meta property=\"og:site_name\" content=\"Ambipar. A l\u00edder em gest\u00e3o ambiental.\" \/>\n<meta property=\"article:modified_time\" content=\"2022-06-21T18:44:05+00:00\" \/>\n<meta property=\"og:image\" content=\"https:\/\/ambipar.com\/latam\/wp-content\/uploads\/2020\/10\/hazmat3.jpg\" \/>\n\t<meta property=\"og:image:width\" content=\"1000\" \/>\n\t<meta property=\"og:image:height\" content=\"1000\" \/>\n<meta name=\"twitter:card\" content=\"summary_large_image\" \/>\n<meta name=\"twitter:label1\" content=\"Est. reading time\" \/>\n\t<meta name=\"twitter:data1\" content=\"1 minuto\" \/>\n<script type=\"application\/ld+json\" class=\"yoast-schema-graph\">{\"@context\":\"https:\/\/schema.org\",\"@graph\":[{\"@type\":\"Organization\",\"@id\":\"https:\/\/ambipar.com\/latam\/#organization\",\"name\":\"Ambipar\",\"url\":\"https:\/\/ambipar.com\/latam\/\",\"sameAs\":[],\"logo\":{\"@type\":\"ImageObject\",\"@id\":\"https:\/\/ambipar.com\/latam\/#logo\",\"inLanguage\":\"es-CL\",\"url\":\"https:\/\/ambipar.com\/latam\/wp-content\/uploads\/2020\/10\/ambipar_color.png\",\"contentUrl\":\"https:\/\/ambipar.com\/latam\/wp-content\/uploads\/2020\/10\/ambipar_color.png\",\"width\":174,\"height\":107,\"caption\":\"Ambipar\"},\"image\":{\"@id\":\"https:\/\/ambipar.com\/latam\/#logo\"}},{\"@type\":\"WebSite\",\"@id\":\"https:\/\/ambipar.com\/latam\/#website\",\"url\":\"https:\/\/ambipar.com\/latam\/\",\"name\":\"Ambipar. A l\\u00edder em gest\\u00e3o ambiental.\",\"description\":\"Pioneira em solu\\u00e7\\u00f5es ambientais, a Ambipar atua em todo o territ\\u00f3rio nacional oferecendo solu\\u00e7\\u00f5es integradas para toda a cadeia de neg\\u00f3cio.\",\"publisher\":{\"@id\":\"https:\/\/ambipar.com\/latam\/#organization\"},\"potentialAction\":[{\"@type\":\"SearchAction\",\"target\":{\"@type\":\"EntryPoint\",\"urlTemplate\":\"https:\/\/ambipar.com\/latam\/?s={search_term_string}\"},\"query-input\":\"required name=search_term_string\"}],\"inLanguage\":\"es-CL\"},{\"@type\":\"ImageObject\",\"@id\":\"https:\/\/ambipar.com\/latam\/ambipar-response-3\/entrenamientos\/hazmat-3\/#primaryimage\",\"inLanguage\":\"es-CL\",\"url\":\"https:\/\/ambipar.com\/latam\/wp-content\/uploads\/2020\/10\/hazmat3.jpg\",\"contentUrl\":\"https:\/\/ambipar.com\/latam\/wp-content\/uploads\/2020\/10\/hazmat3.jpg\",\"width\":1000,\"height\":1000,\"caption\":\"HAZMAT\"},{\"@type\":\"WebPage\",\"@id\":\"https:\/\/ambipar.com\/latam\/ambipar-response-3\/entrenamientos\/hazmat-3\/#webpage\",\"url\":\"https:\/\/ambipar.com\/latam\/ambipar-response-3\/entrenamientos\/hazmat-3\/\",\"name\":\"Descubra los cursos HAZMAT ofrecidos por Ambipar Response\",\"isPartOf\":{\"@id\":\"https:\/\/ambipar.com\/latam\/#website\"},\"primaryImageOfPage\":{\"@id\":\"https:\/\/ambipar.com\/latam\/ambipar-response-3\/entrenamientos\/hazmat-3\/#primaryimage\"},\"datePublished\":\"2020-11-17T09:28:50+00:00\",\"dateModified\":\"2022-06-21T18:44:05+00:00\",\"description\":\"El Curso Internacional de Respuesta a Emergencias para Productos Peligrosos se basa en NFPA 472 y ABNT NBR14.064\",\"breadcrumb\":{\"@id\":\"https:\/\/ambipar.com\/latam\/ambipar-response-3\/entrenamientos\/hazmat-3\/#breadcrumb\"},\"inLanguage\":\"es-CL\",\"potentialAction\":[{\"@type\":\"ReadAction\",\"target\":[\"https:\/\/ambipar.com\/latam\/ambipar-response-3\/entrenamientos\/hazmat-3\/\"]}]},{\"@type\":\"BreadcrumbList\",\"@id\":\"https:\/\/ambipar.com\/latam\/ambipar-response-3\/entrenamientos\/hazmat-3\/#breadcrumb\",\"itemListElement\":[{\"@type\":\"ListItem\",\"position\":1,\"name\":\"Home\",\"item\":\"https:\/\/ambipar.com\/latam\/\"},{\"@type\":\"ListItem\",\"position\":2,\"name\":\"Ambipar Response\",\"item\":\"https:\/\/ambipar.com\/latam\/ambipar-response-3\/\"},{\"@type\":\"ListItem\",\"position\":3,\"name\":\"Entrenamientos\",\"item\":\"https:\/\/ambipar.com\/latam\/ambipar-response-3\/entrenamientos\/\"},{\"@type\":\"ListItem\",\"position\":4,\"name\":\"HAZMAT\"}]}]}<\/script>\n<!-- \/ Yoast SEO plugin. -->","yoast_head_json":{"title":"Descubra los cursos HAZMAT ofrecidos por Ambipar Response","description":"El Curso Internacional de Respuesta a Emergencias para Productos Peligrosos se basa en NFPA 472 y ABNT NBR14.064","robots":{"index":"index","follow":"follow","max-snippet":"max-snippet:-1","max-image-preview":"max-image-preview:large","max-video-preview":"max-video-preview:-1"},"canonical":"https:\/\/ambipar.com\/latam\/ambipar-response-3\/entrenamientos\/hazmat-3\/","og_locale":"es_ES","og_type":"article","og_title":"Descubra los cursos HAZMAT ofrecidos por Ambipar Response","og_description":"El Curso Internacional de Respuesta a Emergencias para Productos Peligrosos se basa en NFPA 472 y ABNT NBR14.064","og_url":"https:\/\/ambipar.com\/latam\/ambipar-response-3\/entrenamientos\/hazmat-3\/","og_site_name":"Ambipar. A l\u00edder em gest\u00e3o ambiental.","article_modified_time":"2022-06-21T18:44:05+00:00","og_image":[{"width":1000,"height":1000,"url":"https:\/\/ambipar.com\/latam\/wp-content\/uploads\/2020\/10\/hazmat3.jpg","type":"image\/jpeg"}],"twitter_card":"summary_large_image","twitter_misc":{"Est. reading time":"1 minuto"},"schema":{"@context":"https:\/\/schema.org","@graph":[{"@type":"Organization","@id":"https:\/\/ambipar.com\/latam\/#organization","name":"Ambipar","url":"https:\/\/ambipar.com\/latam\/","sameAs":[],"logo":{"@type":"ImageObject","@id":"https:\/\/ambipar.com\/latam\/#logo","inLanguage":"es-CL","url":"https:\/\/ambipar.com\/latam\/wp-content\/uploads\/2020\/10\/ambipar_color.png","contentUrl":"https:\/\/ambipar.com\/latam\/wp-content\/uploads\/2020\/10\/ambipar_color.png","width":174,"height":107,"caption":"Ambipar"},"image":{"@id":"https:\/\/ambipar.com\/latam\/#logo"}},{"@type":"WebSite","@id":"https:\/\/ambipar.com\/latam\/#website","url":"https:\/\/ambipar.com\/latam\/","name":"Ambipar. A l\u00edder em gest\u00e3o ambiental.","description":"Pioneira em solu\u00e7\u00f5es ambientais, a Ambipar atua em todo o territ\u00f3rio nacional oferecendo solu\u00e7\u00f5es integradas para toda a cadeia de neg\u00f3cio.","publisher":{"@id":"https:\/\/ambipar.com\/latam\/#organization"},"potentialAction":[{"@type":"SearchAction","target":{"@type":"EntryPoint","urlTemplate":"https:\/\/ambipar.com\/latam\/?s={search_term_string}"},"query-input":"required name=search_term_string"}],"inLanguage":"es-CL"},{"@type":"ImageObject","@id":"https:\/\/ambipar.com\/latam\/ambipar-response-3\/entrenamientos\/hazmat-3\/#primaryimage","inLanguage":"es-CL","url":"https:\/\/ambipar.com\/latam\/wp-content\/uploads\/2020\/10\/hazmat3.jpg","contentUrl":"https:\/\/ambipar.com\/latam\/wp-content\/uploads\/2020\/10\/hazmat3.jpg","width":1000,"height":1000,"caption":"HAZMAT"},{"@type":"WebPage","@id":"https:\/\/ambipar.com\/latam\/ambipar-response-3\/entrenamientos\/hazmat-3\/#webpage","url":"https:\/\/ambipar.com\/latam\/ambipar-response-3\/entrenamientos\/hazmat-3\/","name":"Descubra los cursos HAZMAT ofrecidos por Ambipar Response","isPartOf":{"@id":"https:\/\/ambipar.com\/latam\/#website"},"primaryImageOfPage":{"@id":"https:\/\/ambipar.com\/latam\/ambipar-response-3\/entrenamientos\/hazmat-3\/#primaryimage"},"datePublished":"2020-11-17T09:28:50+00:00","dateModified":"2022-06-21T18:44:05+00:00","description":"El Curso Internacional de Respuesta a Emergencias para Productos Peligrosos se basa en NFPA 472 y ABNT NBR14.064","breadcrumb":{"@id":"https:\/\/ambipar.com\/latam\/ambipar-response-3\/entrenamientos\/hazmat-3\/#breadcrumb"},"inLanguage":"es-CL","potentialAction":[{"@type":"ReadAction","target":["https:\/\/ambipar.com\/latam\/ambipar-response-3\/entrenamientos\/hazmat-3\/"]}]},{"@type":"BreadcrumbList","@id":"https:\/\/ambipar.com\/latam\/ambipar-response-3\/entrenamientos\/hazmat-3\/#breadcrumb","itemListElement":[{"@type":"ListItem","position":1,"name":"Home","item":"https:\/\/ambipar.com\/latam\/"},{"@type":"ListItem","position":2,"name":"Ambipar Response","item":"https:\/\/ambipar.com\/latam\/ambipar-response-3\/"},{"@type":"ListItem","position":3,"name":"Entrenamientos","item":"https:\/\/ambipar.com\/latam\/ambipar-response-3\/entrenamientos\/"},{"@type":"ListItem","position":4,"name":"HAZMAT"}]}]}},"_links":{"self":[{"href":"https:\/\/ambipar.com\/latam\/wp-json\/wp\/v2\/pages\/2315"}],"collection":[{"href":"https:\/\/ambipar.com\/latam\/wp-json\/wp\/v2\/pages"}],"about":[{"href":"https:\/\/ambipar.com\/latam\/wp-json\/wp\/v2\/types\/page"}],"author":[{"embeddable":true,"href":"https:\/\/ambipar.com\/latam\/wp-json\/wp\/v2\/users\/1"}],"replies":[{"embeddable":true,"href":"https:\/\/ambipar.com\/latam\/wp-json\/wp\/v2\/comments?post=2315"}],"version-history":[{"count":9,"href":"https:\/\/ambipar.com\/latam\/wp-json\/wp\/v2\/pages\/2315\/revisions"}],"predecessor-version":[{"id":4635,"href":"https:\/\/ambipar.com\/latam\/wp-json\/wp\/v2\/pages\/2315\/revisions\/4635"}],"up":[{"embeddable":true,"href":"https:\/\/ambipar.com\/latam\/wp-json\/wp\/v2\/pages\/2089"}],"wp:featuredmedia":[{"embeddable":true,"href":"https:\/\/ambipar.com\/latam\/wp-json\/wp\/v2\/media\/538"}],"wp:attachment":[{"href":"https:\/\/ambipar.com\/latam\/wp-json\/wp\/v2\/media?parent=2315"}],"curies":[{"name":"wp","href":"https:\/\/api.w.org\/{rel}","templated":true}]}}