{"id":2318,"date":"2020-11-17T06:34:02","date_gmt":"2020-11-17T09:34:02","guid":{"rendered":"https:\/\/ambipar.com\/latam\/?page_id=2318"},"modified":"2021-04-20T10:52:18","modified_gmt":"2021-04-20T13:52:18","slug":"hazmat-ics-command-level","status":"publish","type":"page","link":"https:\/\/ambipar.com\/latam\/en\/ambipar-response\/treinamentos\/hazmat\/hazmat-ics-command-level\/","title":{"rendered":"HAZMAT ICS Command Level"},"content":{"rendered":"\n<p><strong>OBJECTIVE: <\/strong><\/p>\n\n\n\n<p>Provide participants with technical and practical knowledge that allows them to develop actions to command an emergency with chemicals and hazardous products.<\/p>\n\n\n\n<p><strong>TARGET AUDIENCE:<\/strong> <\/p>\n\n\n\n<p>Managers of the sectors of transport, shipping, traffic, QSMS, public agencies or other sectors that constitute the emergency brigade of the institution.<\/p>\n\n\n\n<p><strong>PROGRAM CONTENT: <\/strong><\/p>\n\n\n\n<ul><li>Introduction to the Incident Command System (ICS)<\/li><li>Execute the emergency response plan with dangerous products<\/li><li>Coordinate response actions within the ICS<\/li><li>Knowing and running the ICS<\/li><li>Knowing the dangers and risks of the team working with chemical protective clothing<\/li><li>Knowing in detail the local plans, state, and federal emergency response with dangerous products<\/li><li>Know the procedures for decontamination of personnel and the community<\/li><li>ICS responsibilities, documentation and design<\/li><li>Protocols on-site Emergency Response.<\/li><\/ul>\n\n\n\n<p><strong>COURSE LOAD<\/strong>: 40 HOURS <\/p>\n\n\n\n<p><strong>Requirement<\/strong>: Minimum Certification at the Operations Level<\/p>\n\n\n\n<p><strong>MAKE YOUR REGISTRATION<\/strong>:<\/p>\n\n\n\n<p>Choose the training period and click to request your registration: <\/p>\n\n\n\n<ul><li><a href=\"mailto:treinamento@primepixel?subject=Solicita\u00e7\u00e3o de treinamento Hazmat N\u00edvel Comando ICS de 27\/09 \u00e0 01\/10\/2021\">27\/09 to 01\/10\/2021 &#8211; Hazmat ICS Command Level<\/a><\/li><\/ul>\n\n\n\n<p>See the other modules of the HAZMAT course:<\/p>\n\n\n\n<ul id=\"block-e08a69f3-3cd8-4edc-9635-108a8a483ec9\"><li><a href=\"https:\/\/ambipar.com\/latam\/en\/ambipar-response\/treinamentos\/hazmat\/hazmat-level-first-on-site\/\">HAZMAT Level First on site<\/a><\/li><li><a href=\"https:\/\/ambipar.com\/latam\/en\/ambipar-response\/treinamentos\/hazmat\/hazmat-operations-level\/\">HAZMAT Operations Level<\/a><\/li><li><a href=\"https:\/\/ambipar.com\/latam\/en\/ambipar-response\/treinamentos\/hazmat\/hazmat-technical-level\/\">HAZMAT Technical Level<\/a><\/li><li><a href=\"https:\/\/ambipar.com\/latam\/en\/ambipar-response\/treinamentos\/hazmat\/hazmat-specialist-level\/\">HAZMAT Specialist Level<\/a><\/li><\/ul>\n","protected":false},"excerpt":{"rendered":"OBJECTIVE: Provide participants with technical and practical knowledge that allows them to develop actions to command an emergency with chemicals and hazardous products. TARGET AUDIENCE: Managers of the sectors of transport, shipping, traffic, QSMS, public agencies or other sectors that constitute the emergency brigade of the institution. PROGRAM CONTENT: Introduction to the Incident Command System&#8230; <a class=\"view-article\" href=\"https:\/\/ambipar.com\/latam\/en\/ambipar-response\/treinamentos\/hazmat\/hazmat-ics-command-level\/\">Ver art\u00edculo<\/a>","protected":false},"author":1,"featured_media":886,"parent":535,"menu_order":0,"comment_status":"closed","ping_status":"closed","template":"single-servicos.php","meta":[],"yoast_head":"<!-- This site is optimized with the Yoast SEO plugin v17.6 - https:\/\/yoast.com\/wordpress\/plugins\/seo\/ -->\n<title>Meet HAZMAT ICS Command Level offered by Ambipar<\/title>\n<meta name=\"description\" content=\"OBJECTIVE: To provide participants with technical and practical knowledge that allows them to develop actions to command an emergency\" \/>\n<meta name=\"robots\" content=\"index, follow, max-snippet:-1, max-image-preview:large, max-video-preview:-1\" \/>\n<link rel=\"canonical\" href=\"https:\/\/ambipar.com\/latam\/en\/ambipar-response\/treinamentos\/hazmat\/hazmat-ics-command-level\/\" \/>\n<meta property=\"og:locale\" content=\"es_ES\" \/>\n<meta property=\"og:type\" content=\"article\" \/>\n<meta property=\"og:title\" content=\"Meet HAZMAT ICS Command Level offered by Ambipar\" \/>\n<meta property=\"og:description\" content=\"OBJECTIVE: To provide participants with technical and practical knowledge that allows them to develop actions to command an emergency\" \/>\n<meta property=\"og:url\" content=\"https:\/\/ambipar.com\/latam\/en\/ambipar-response\/treinamentos\/hazmat\/hazmat-ics-command-level\/\" \/>\n<meta property=\"og:site_name\" content=\"Ambipar. A l\u00edder em gest\u00e3o ambiental.\" \/>\n<meta property=\"article:modified_time\" content=\"2021-04-20T13:52:18+00:00\" \/>\n<meta property=\"og:image\" content=\"https:\/\/ambipar.com\/latam\/wp-content\/uploads\/2020\/10\/hazmatinstrutor.jpg\" \/>\n\t<meta property=\"og:image:width\" content=\"1000\" \/>\n\t<meta property=\"og:image:height\" content=\"1000\" \/>\n<meta name=\"twitter:card\" content=\"summary_large_image\" \/>\n<meta name=\"twitter:label1\" content=\"Est. reading time\" \/>\n\t<meta name=\"twitter:data1\" content=\"1 minuto\" \/>\n<script type=\"application\/ld+json\" class=\"yoast-schema-graph\">{\"@context\":\"https:\/\/schema.org\",\"@graph\":[{\"@type\":\"Organization\",\"@id\":\"https:\/\/ambipar.com\/latam\/#organization\",\"name\":\"Ambipar\",\"url\":\"https:\/\/ambipar.com\/latam\/\",\"sameAs\":[],\"logo\":{\"@type\":\"ImageObject\",\"@id\":\"https:\/\/ambipar.com\/latam\/#logo\",\"inLanguage\":\"es-CL\",\"url\":\"https:\/\/ambipar.com\/latam\/wp-content\/uploads\/2020\/10\/ambipar_color.png\",\"contentUrl\":\"https:\/\/ambipar.com\/latam\/wp-content\/uploads\/2020\/10\/ambipar_color.png\",\"width\":174,\"height\":107,\"caption\":\"Ambipar\"},\"image\":{\"@id\":\"https:\/\/ambipar.com\/latam\/#logo\"}},{\"@type\":\"WebSite\",\"@id\":\"https:\/\/ambipar.com\/latam\/#website\",\"url\":\"https:\/\/ambipar.com\/latam\/\",\"name\":\"Ambipar. A l\\u00edder em gest\\u00e3o ambiental.\",\"description\":\"Pioneira em solu\\u00e7\\u00f5es ambientais, a Ambipar atua em todo o territ\\u00f3rio nacional oferecendo solu\\u00e7\\u00f5es integradas para toda a cadeia de neg\\u00f3cio.\",\"publisher\":{\"@id\":\"https:\/\/ambipar.com\/latam\/#organization\"},\"potentialAction\":[{\"@type\":\"SearchAction\",\"target\":{\"@type\":\"EntryPoint\",\"urlTemplate\":\"https:\/\/ambipar.com\/latam\/?s={search_term_string}\"},\"query-input\":\"required name=search_term_string\"}],\"inLanguage\":\"es-CL\"},{\"@type\":\"ImageObject\",\"@id\":\"https:\/\/ambipar.com\/latam\/en\/ambipar-response\/treinamentos\/hazmat\/hazmat-ics-command-level\/#primaryimage\",\"inLanguage\":\"es-CL\",\"url\":\"https:\/\/ambipar.com\/latam\/wp-content\/uploads\/2020\/10\/hazmatinstrutor.jpg\",\"contentUrl\":\"https:\/\/ambipar.com\/latam\/wp-content\/uploads\/2020\/10\/hazmatinstrutor.jpg\",\"width\":1000,\"height\":1000,\"caption\":\"instrutor hazmat\"},{\"@type\":\"WebPage\",\"@id\":\"https:\/\/ambipar.com\/latam\/en\/ambipar-response\/treinamentos\/hazmat\/hazmat-ics-command-level\/#webpage\",\"url\":\"https:\/\/ambipar.com\/latam\/en\/ambipar-response\/treinamentos\/hazmat\/hazmat-ics-command-level\/\",\"name\":\"Meet HAZMAT ICS Command Level offered by Ambipar\",\"isPartOf\":{\"@id\":\"https:\/\/ambipar.com\/latam\/#website\"},\"primaryImageOfPage\":{\"@id\":\"https:\/\/ambipar.com\/latam\/en\/ambipar-response\/treinamentos\/hazmat\/hazmat-ics-command-level\/#primaryimage\"},\"datePublished\":\"2020-11-17T09:34:02+00:00\",\"dateModified\":\"2021-04-20T13:52:18+00:00\",\"description\":\"OBJECTIVE: To provide participants with technical and practical knowledge that allows them to develop actions to command an emergency\",\"breadcrumb\":{\"@id\":\"https:\/\/ambipar.com\/latam\/en\/ambipar-response\/treinamentos\/hazmat\/hazmat-ics-command-level\/#breadcrumb\"},\"inLanguage\":\"es-CL\",\"potentialAction\":[{\"@type\":\"ReadAction\",\"target\":[\"https:\/\/ambipar.com\/latam\/en\/ambipar-response\/treinamentos\/hazmat\/hazmat-ics-command-level\/\"]}]},{\"@type\":\"BreadcrumbList\",\"@id\":\"https:\/\/ambipar.com\/latam\/en\/ambipar-response\/treinamentos\/hazmat\/hazmat-ics-command-level\/#breadcrumb\",\"itemListElement\":[{\"@type\":\"ListItem\",\"position\":1,\"name\":\"Home\",\"item\":\"https:\/\/ambipar.com\/latam\/\"},{\"@type\":\"ListItem\",\"position\":2,\"name\":\"Ambipar Response\",\"item\":\"https:\/\/ambipar.com\/latam\/pt\/ambipar-response\/\"},{\"@type\":\"ListItem\",\"position\":3,\"name\":\"Treinamentos\",\"item\":\"https:\/\/ambipar.com\/latam\/pt\/ambipar-response\/treinamentos\/\"},{\"@type\":\"ListItem\",\"position\":4,\"name\":\"HAZMAT\",\"item\":\"https:\/\/ambipar.com\/latam\/pt\/ambipar-response\/treinamentos\/hazmat\/\"},{\"@type\":\"ListItem\",\"position\":5,\"name\":\"HAZMAT ICS Command Level\"}]}]}<\/script>\n<!-- \/ Yoast SEO plugin. -->","yoast_head_json":{"title":"Meet HAZMAT ICS Command Level offered by Ambipar","description":"OBJECTIVE: To provide participants with technical and practical knowledge that allows them to develop actions to command an emergency","robots":{"index":"index","follow":"follow","max-snippet":"max-snippet:-1","max-image-preview":"max-image-preview:large","max-video-preview":"max-video-preview:-1"},"canonical":"https:\/\/ambipar.com\/latam\/en\/ambipar-response\/treinamentos\/hazmat\/hazmat-ics-command-level\/","og_locale":"es_ES","og_type":"article","og_title":"Meet HAZMAT ICS Command Level offered by Ambipar","og_description":"OBJECTIVE: To provide participants with technical and practical knowledge that allows them to develop actions to command an emergency","og_url":"https:\/\/ambipar.com\/latam\/en\/ambipar-response\/treinamentos\/hazmat\/hazmat-ics-command-level\/","og_site_name":"Ambipar. A l\u00edder em gest\u00e3o ambiental.","article_modified_time":"2021-04-20T13:52:18+00:00","og_image":[{"width":1000,"height":1000,"url":"https:\/\/ambipar.com\/latam\/wp-content\/uploads\/2020\/10\/hazmatinstrutor.jpg","type":"image\/jpeg"}],"twitter_card":"summary_large_image","twitter_misc":{"Est. reading time":"1 minuto"},"schema":{"@context":"https:\/\/schema.org","@graph":[{"@type":"Organization","@id":"https:\/\/ambipar.com\/latam\/#organization","name":"Ambipar","url":"https:\/\/ambipar.com\/latam\/","sameAs":[],"logo":{"@type":"ImageObject","@id":"https:\/\/ambipar.com\/latam\/#logo","inLanguage":"es-CL","url":"https:\/\/ambipar.com\/latam\/wp-content\/uploads\/2020\/10\/ambipar_color.png","contentUrl":"https:\/\/ambipar.com\/latam\/wp-content\/uploads\/2020\/10\/ambipar_color.png","width":174,"height":107,"caption":"Ambipar"},"image":{"@id":"https:\/\/ambipar.com\/latam\/#logo"}},{"@type":"WebSite","@id":"https:\/\/ambipar.com\/latam\/#website","url":"https:\/\/ambipar.com\/latam\/","name":"Ambipar. A l\u00edder em gest\u00e3o ambiental.","description":"Pioneira em solu\u00e7\u00f5es ambientais, a Ambipar atua em todo o territ\u00f3rio nacional oferecendo solu\u00e7\u00f5es integradas para toda a cadeia de neg\u00f3cio.","publisher":{"@id":"https:\/\/ambipar.com\/latam\/#organization"},"potentialAction":[{"@type":"SearchAction","target":{"@type":"EntryPoint","urlTemplate":"https:\/\/ambipar.com\/latam\/?s={search_term_string}"},"query-input":"required name=search_term_string"}],"inLanguage":"es-CL"},{"@type":"ImageObject","@id":"https:\/\/ambipar.com\/latam\/en\/ambipar-response\/treinamentos\/hazmat\/hazmat-ics-command-level\/#primaryimage","inLanguage":"es-CL","url":"https:\/\/ambipar.com\/latam\/wp-content\/uploads\/2020\/10\/hazmatinstrutor.jpg","contentUrl":"https:\/\/ambipar.com\/latam\/wp-content\/uploads\/2020\/10\/hazmatinstrutor.jpg","width":1000,"height":1000,"caption":"instrutor hazmat"},{"@type":"WebPage","@id":"https:\/\/ambipar.com\/latam\/en\/ambipar-response\/treinamentos\/hazmat\/hazmat-ics-command-level\/#webpage","url":"https:\/\/ambipar.com\/latam\/en\/ambipar-response\/treinamentos\/hazmat\/hazmat-ics-command-level\/","name":"Meet HAZMAT ICS Command Level offered by Ambipar","isPartOf":{"@id":"https:\/\/ambipar.com\/latam\/#website"},"primaryImageOfPage":{"@id":"https:\/\/ambipar.com\/latam\/en\/ambipar-response\/treinamentos\/hazmat\/hazmat-ics-command-level\/#primaryimage"},"datePublished":"2020-11-17T09:34:02+00:00","dateModified":"2021-04-20T13:52:18+00:00","description":"OBJECTIVE: To provide participants with technical and practical knowledge that allows them to develop actions to command an emergency","breadcrumb":{"@id":"https:\/\/ambipar.com\/latam\/en\/ambipar-response\/treinamentos\/hazmat\/hazmat-ics-command-level\/#breadcrumb"},"inLanguage":"es-CL","potentialAction":[{"@type":"ReadAction","target":["https:\/\/ambipar.com\/latam\/en\/ambipar-response\/treinamentos\/hazmat\/hazmat-ics-command-level\/"]}]},{"@type":"BreadcrumbList","@id":"https:\/\/ambipar.com\/latam\/en\/ambipar-response\/treinamentos\/hazmat\/hazmat-ics-command-level\/#breadcrumb","itemListElement":[{"@type":"ListItem","position":1,"name":"Home","item":"https:\/\/ambipar.com\/latam\/"},{"@type":"ListItem","position":2,"name":"Ambipar Response","item":"https:\/\/ambipar.com\/latam\/pt\/ambipar-response\/"},{"@type":"ListItem","position":3,"name":"Treinamentos","item":"https:\/\/ambipar.com\/latam\/pt\/ambipar-response\/treinamentos\/"},{"@type":"ListItem","position":4,"name":"HAZMAT","item":"https:\/\/ambipar.com\/latam\/pt\/ambipar-response\/treinamentos\/hazmat\/"},{"@type":"ListItem","position":5,"name":"HAZMAT ICS Command Level"}]}]}},"_links":{"self":[{"href":"https:\/\/ambipar.com\/latam\/wp-json\/wp\/v2\/pages\/2318"}],"collection":[{"href":"https:\/\/ambipar.com\/latam\/wp-json\/wp\/v2\/pages"}],"about":[{"href":"https:\/\/ambipar.com\/latam\/wp-json\/wp\/v2\/types\/page"}],"author":[{"embeddable":true,"href":"https:\/\/ambipar.com\/latam\/wp-json\/wp\/v2\/users\/1"}],"replies":[{"embeddable":true,"href":"https:\/\/ambipar.com\/latam\/wp-json\/wp\/v2\/comments?post=2318"}],"version-history":[{"count":5,"href":"https:\/\/ambipar.com\/latam\/wp-json\/wp\/v2\/pages\/2318\/revisions"}],"predecessor-version":[{"id":3431,"href":"https:\/\/ambipar.com\/latam\/wp-json\/wp\/v2\/pages\/2318\/revisions\/3431"}],"up":[{"embeddable":true,"href":"https:\/\/ambipar.com\/latam\/wp-json\/wp\/v2\/pages\/535"}],"wp:featuredmedia":[{"embeddable":true,"href":"https:\/\/ambipar.com\/latam\/wp-json\/wp\/v2\/media\/886"}],"wp:attachment":[{"href":"https:\/\/ambipar.com\/latam\/wp-json\/wp\/v2\/media?parent=2318"}],"curies":[{"name":"wp","href":"https:\/\/api.w.org\/{rel}","templated":true}]}}