{"id":2327,"date":"2020-11-17T06:42:54","date_gmt":"2020-11-17T09:42:54","guid":{"rendered":"https:\/\/ambipar.com\/latam\/?page_id=2327"},"modified":"2022-06-21T15:42:53","modified_gmt":"2022-06-21T18:42:53","slug":"hazmat-nivel-especialista-2","status":"publish","type":"page","link":"https:\/\/ambipar.com\/latam\/ambipar-response-3\/entrenamientos\/hazmat-3\/hazmat-nivel-especialista-2\/","title":{"rendered":"HAZMAT Nivel Especialista"},"content":{"rendered":"\n<p><strong>OBJETIVO: <\/strong><\/p>\n\n\n\n<p>Este curso se imparte a trav\u00e9s de presentaciones pr\u00e1cticas, presentaciones de casos y ejercicios simulados.<\/p>\n\n\n\n<p><strong>P\u00daBLICO OBJETIVO:<\/strong> <\/p>\n\n\n\n<p>Profesionales de los sectores de transporte, naviera, tr\u00e1fico, QSMS, agencias p\u00fablicas u otros sectores que constituyen la brigada de emergencia de la instituci\u00f3n.<\/p>\n\n\n\n<p><strong>CONTENIDO DEL PROGRAMA: <\/strong><\/p>\n\n\n\n<ul><li>Conocer y utilizar equipos de detecci\u00f3n, monitoreo, protecci\u00f3n qu\u00edmica y respiratoria<\/li><li>Realizar ejercicios pr\u00e1cticos<\/li><li>Conocer diversas fuentes de informaci\u00f3n, caracter\u00edsticas f\u00edsico-qu\u00edmicas, biol\u00f3gicas, radiol\u00f3gicas y caracter\u00edsticas toxicol\u00f3gicas de las diferentes clases de productos peligrosos<\/li><li>T\u00e9cnicas de contenci\u00f3n y contenci\u00f3n de derrames<\/li><li>Participaci\u00f3n en ejercicios de emergencia a gran escala<\/li><\/ul>\n\n\n\n<p>CARGA DEL CURSO: 40 HORAS<\/p>\n\n\n\n<p><strong>Requisitos<\/strong>: Certificaci\u00f3n m\u00ednima a Nivel T\u00e9cnico y de Operaciones<\/p>\n\n\n\n<div class=\"wp-block-buttons\">\n<div class=\"wp-block-button\"><a class=\"wp-block-button__link\" href=\"https:\/\/ambipar.com\/latam\/cotizacion-de-capacitacion\/\"> SOLICITAR HORARIO<\/a><\/div>\n<\/div>\n\n\n\n<p>Vea los otros m\u00f3dulos del curso HAZMAT:<\/p>\n\n\n\n<ul id=\"block-dbbc835a-9c39-4827-909b-f925a24a1e70\"><li><a href=\"https:\/\/ambipar.com\/latam\/es\/ambipar-response\/treinamentos\/hazmat\/hazmat-nivel-primero-en-el-sitio\/\">HAZMAT Nivel Primero en el sitio<\/a><\/li><li><a href=\"https:\/\/ambipar.com\/latam\/es\/ambipar-response\/treinamentos\/hazmat\/hazmat-nivel-de-operaciones\/\">HAZMAT Nivel de Operaciones<\/a><\/li><li><a href=\"https:\/\/ambipar.com\/latam\/es\/ambipar-response\/treinamentos\/hazmat\/hazmat-nivel-tecnico-2\/\">HAZMAT Nivel T\u00e9cnico<\/a><\/li><li><a href=\"https:\/\/ambipar.com\/latam\/es\/ambipar-response\/treinamentos\/hazmat\/hazmat-nivel-comando-ics-2\/\">HAZMAT Nivel Comando ICS<\/a><\/li><\/ul>\n","protected":false},"excerpt":{"rendered":"OBJETIVO: Este curso se imparte a trav\u00e9s de presentaciones pr\u00e1cticas, presentaciones de casos y ejercicios simulados. P\u00daBLICO OBJETIVO: Profesionales de los sectores de transporte, naviera, tr\u00e1fico, QSMS, agencias p\u00fablicas u otros sectores que constituyen la brigada de emergencia de la instituci\u00f3n. CONTENIDO DEL PROGRAMA: Conocer y utilizar equipos de detecci\u00f3n, monitoreo, protecci\u00f3n qu\u00edmica y respiratoria&#8230; <a class=\"view-article\" href=\"https:\/\/ambipar.com\/latam\/ambipar-response-3\/entrenamientos\/hazmat-3\/hazmat-nivel-especialista-2\/\">Ver art\u00edculo<\/a>","protected":false},"author":1,"featured_media":539,"parent":2315,"menu_order":0,"comment_status":"closed","ping_status":"closed","template":"single-servicos.php","meta":[],"yoast_head":"<!-- This site is optimized with the Yoast SEO plugin v17.6 - https:\/\/yoast.com\/wordpress\/plugins\/seo\/ -->\n<title>Conozca el HAZMAT Nivel Especialista que ofrece Ambipar<\/title>\n<meta name=\"description\" content=\"OBJETIVO: Este curso se imparte a trav\u00e9s de presentaciones pr\u00e1cticas, presentaciones de casos y ejercicios simulados.\" \/>\n<meta name=\"robots\" content=\"index, follow, max-snippet:-1, max-image-preview:large, max-video-preview:-1\" \/>\n<link rel=\"canonical\" href=\"https:\/\/ambipar.com\/latam\/ambipar-response-3\/entrenamientos\/hazmat-3\/hazmat-nivel-especialista-2\/\" \/>\n<meta property=\"og:locale\" content=\"es_ES\" \/>\n<meta property=\"og:type\" content=\"article\" \/>\n<meta property=\"og:title\" content=\"Conozca el HAZMAT Nivel Especialista que ofrece Ambipar\" \/>\n<meta property=\"og:description\" content=\"OBJETIVO: Este curso se imparte a trav\u00e9s de presentaciones pr\u00e1cticas, presentaciones de casos y ejercicios simulados.\" \/>\n<meta property=\"og:url\" content=\"https:\/\/ambipar.com\/latam\/ambipar-response-3\/entrenamientos\/hazmat-3\/hazmat-nivel-especialista-2\/\" \/>\n<meta property=\"og:site_name\" content=\"Ambipar. A l\u00edder em gest\u00e3o ambiental.\" \/>\n<meta property=\"article:modified_time\" content=\"2022-06-21T18:42:53+00:00\" \/>\n<meta property=\"og:image\" content=\"https:\/\/ambipar.com\/latam\/wp-content\/uploads\/2020\/10\/HAXMAT2.jpg\" \/>\n\t<meta property=\"og:image:width\" content=\"1000\" \/>\n\t<meta property=\"og:image:height\" content=\"1000\" \/>\n<meta name=\"twitter:card\" content=\"summary_large_image\" \/>\n<meta name=\"twitter:label1\" content=\"Est. reading time\" \/>\n\t<meta name=\"twitter:data1\" content=\"1 minuto\" \/>\n<script type=\"application\/ld+json\" class=\"yoast-schema-graph\">{\"@context\":\"https:\/\/schema.org\",\"@graph\":[{\"@type\":\"Organization\",\"@id\":\"https:\/\/ambipar.com\/latam\/#organization\",\"name\":\"Ambipar\",\"url\":\"https:\/\/ambipar.com\/latam\/\",\"sameAs\":[],\"logo\":{\"@type\":\"ImageObject\",\"@id\":\"https:\/\/ambipar.com\/latam\/#logo\",\"inLanguage\":\"es-CL\",\"url\":\"https:\/\/ambipar.com\/latam\/wp-content\/uploads\/2020\/10\/ambipar_color.png\",\"contentUrl\":\"https:\/\/ambipar.com\/latam\/wp-content\/uploads\/2020\/10\/ambipar_color.png\",\"width\":174,\"height\":107,\"caption\":\"Ambipar\"},\"image\":{\"@id\":\"https:\/\/ambipar.com\/latam\/#logo\"}},{\"@type\":\"WebSite\",\"@id\":\"https:\/\/ambipar.com\/latam\/#website\",\"url\":\"https:\/\/ambipar.com\/latam\/\",\"name\":\"Ambipar. A l\\u00edder em gest\\u00e3o ambiental.\",\"description\":\"Pioneira em solu\\u00e7\\u00f5es ambientais, a Ambipar atua em todo o territ\\u00f3rio nacional oferecendo solu\\u00e7\\u00f5es integradas para toda a cadeia de neg\\u00f3cio.\",\"publisher\":{\"@id\":\"https:\/\/ambipar.com\/latam\/#organization\"},\"potentialAction\":[{\"@type\":\"SearchAction\",\"target\":{\"@type\":\"EntryPoint\",\"urlTemplate\":\"https:\/\/ambipar.com\/latam\/?s={search_term_string}\"},\"query-input\":\"required name=search_term_string\"}],\"inLanguage\":\"es-CL\"},{\"@type\":\"ImageObject\",\"@id\":\"https:\/\/ambipar.com\/latam\/ambipar-response-3\/entrenamientos\/hazmat-3\/hazmat-nivel-especialista-2\/#primaryimage\",\"inLanguage\":\"es-CL\",\"url\":\"https:\/\/ambipar.com\/latam\/wp-content\/uploads\/2020\/10\/HAXMAT2.jpg\",\"contentUrl\":\"https:\/\/ambipar.com\/latam\/wp-content\/uploads\/2020\/10\/HAXMAT2.jpg\",\"width\":1000,\"height\":1000,\"caption\":\"HAZMAT\"},{\"@type\":\"WebPage\",\"@id\":\"https:\/\/ambipar.com\/latam\/ambipar-response-3\/entrenamientos\/hazmat-3\/hazmat-nivel-especialista-2\/#webpage\",\"url\":\"https:\/\/ambipar.com\/latam\/ambipar-response-3\/entrenamientos\/hazmat-3\/hazmat-nivel-especialista-2\/\",\"name\":\"Conozca el HAZMAT Nivel Especialista que ofrece Ambipar\",\"isPartOf\":{\"@id\":\"https:\/\/ambipar.com\/latam\/#website\"},\"primaryImageOfPage\":{\"@id\":\"https:\/\/ambipar.com\/latam\/ambipar-response-3\/entrenamientos\/hazmat-3\/hazmat-nivel-especialista-2\/#primaryimage\"},\"datePublished\":\"2020-11-17T09:42:54+00:00\",\"dateModified\":\"2022-06-21T18:42:53+00:00\",\"description\":\"OBJETIVO: Este curso se imparte a trav\\u00e9s de presentaciones pr\\u00e1cticas, presentaciones de casos y ejercicios simulados.\",\"breadcrumb\":{\"@id\":\"https:\/\/ambipar.com\/latam\/ambipar-response-3\/entrenamientos\/hazmat-3\/hazmat-nivel-especialista-2\/#breadcrumb\"},\"inLanguage\":\"es-CL\",\"potentialAction\":[{\"@type\":\"ReadAction\",\"target\":[\"https:\/\/ambipar.com\/latam\/ambipar-response-3\/entrenamientos\/hazmat-3\/hazmat-nivel-especialista-2\/\"]}]},{\"@type\":\"BreadcrumbList\",\"@id\":\"https:\/\/ambipar.com\/latam\/ambipar-response-3\/entrenamientos\/hazmat-3\/hazmat-nivel-especialista-2\/#breadcrumb\",\"itemListElement\":[{\"@type\":\"ListItem\",\"position\":1,\"name\":\"Home\",\"item\":\"https:\/\/ambipar.com\/latam\/\"},{\"@type\":\"ListItem\",\"position\":2,\"name\":\"Ambipar Response\",\"item\":\"https:\/\/ambipar.com\/latam\/ambipar-response-3\/\"},{\"@type\":\"ListItem\",\"position\":3,\"name\":\"Entrenamientos\",\"item\":\"https:\/\/ambipar.com\/latam\/ambipar-response-3\/entrenamientos\/\"},{\"@type\":\"ListItem\",\"position\":4,\"name\":\"HAZMAT\",\"item\":\"https:\/\/ambipar.com\/latam\/ambipar-response-3\/entrenamientos\/hazmat-3\/\"},{\"@type\":\"ListItem\",\"position\":5,\"name\":\"HAZMAT Nivel Especialista\"}]}]}<\/script>\n<!-- \/ Yoast SEO plugin. -->","yoast_head_json":{"title":"Conozca el HAZMAT Nivel Especialista que ofrece Ambipar","description":"OBJETIVO: Este curso se imparte a trav\u00e9s de presentaciones pr\u00e1cticas, presentaciones de casos y ejercicios simulados.","robots":{"index":"index","follow":"follow","max-snippet":"max-snippet:-1","max-image-preview":"max-image-preview:large","max-video-preview":"max-video-preview:-1"},"canonical":"https:\/\/ambipar.com\/latam\/ambipar-response-3\/entrenamientos\/hazmat-3\/hazmat-nivel-especialista-2\/","og_locale":"es_ES","og_type":"article","og_title":"Conozca el HAZMAT Nivel Especialista que ofrece Ambipar","og_description":"OBJETIVO: Este curso se imparte a trav\u00e9s de presentaciones pr\u00e1cticas, presentaciones de casos y ejercicios simulados.","og_url":"https:\/\/ambipar.com\/latam\/ambipar-response-3\/entrenamientos\/hazmat-3\/hazmat-nivel-especialista-2\/","og_site_name":"Ambipar. A l\u00edder em gest\u00e3o ambiental.","article_modified_time":"2022-06-21T18:42:53+00:00","og_image":[{"width":1000,"height":1000,"url":"https:\/\/ambipar.com\/latam\/wp-content\/uploads\/2020\/10\/HAXMAT2.jpg","type":"image\/jpeg"}],"twitter_card":"summary_large_image","twitter_misc":{"Est. reading time":"1 minuto"},"schema":{"@context":"https:\/\/schema.org","@graph":[{"@type":"Organization","@id":"https:\/\/ambipar.com\/latam\/#organization","name":"Ambipar","url":"https:\/\/ambipar.com\/latam\/","sameAs":[],"logo":{"@type":"ImageObject","@id":"https:\/\/ambipar.com\/latam\/#logo","inLanguage":"es-CL","url":"https:\/\/ambipar.com\/latam\/wp-content\/uploads\/2020\/10\/ambipar_color.png","contentUrl":"https:\/\/ambipar.com\/latam\/wp-content\/uploads\/2020\/10\/ambipar_color.png","width":174,"height":107,"caption":"Ambipar"},"image":{"@id":"https:\/\/ambipar.com\/latam\/#logo"}},{"@type":"WebSite","@id":"https:\/\/ambipar.com\/latam\/#website","url":"https:\/\/ambipar.com\/latam\/","name":"Ambipar. A l\u00edder em gest\u00e3o ambiental.","description":"Pioneira em solu\u00e7\u00f5es ambientais, a Ambipar atua em todo o territ\u00f3rio nacional oferecendo solu\u00e7\u00f5es integradas para toda a cadeia de neg\u00f3cio.","publisher":{"@id":"https:\/\/ambipar.com\/latam\/#organization"},"potentialAction":[{"@type":"SearchAction","target":{"@type":"EntryPoint","urlTemplate":"https:\/\/ambipar.com\/latam\/?s={search_term_string}"},"query-input":"required name=search_term_string"}],"inLanguage":"es-CL"},{"@type":"ImageObject","@id":"https:\/\/ambipar.com\/latam\/ambipar-response-3\/entrenamientos\/hazmat-3\/hazmat-nivel-especialista-2\/#primaryimage","inLanguage":"es-CL","url":"https:\/\/ambipar.com\/latam\/wp-content\/uploads\/2020\/10\/HAXMAT2.jpg","contentUrl":"https:\/\/ambipar.com\/latam\/wp-content\/uploads\/2020\/10\/HAXMAT2.jpg","width":1000,"height":1000,"caption":"HAZMAT"},{"@type":"WebPage","@id":"https:\/\/ambipar.com\/latam\/ambipar-response-3\/entrenamientos\/hazmat-3\/hazmat-nivel-especialista-2\/#webpage","url":"https:\/\/ambipar.com\/latam\/ambipar-response-3\/entrenamientos\/hazmat-3\/hazmat-nivel-especialista-2\/","name":"Conozca el HAZMAT Nivel Especialista que ofrece Ambipar","isPartOf":{"@id":"https:\/\/ambipar.com\/latam\/#website"},"primaryImageOfPage":{"@id":"https:\/\/ambipar.com\/latam\/ambipar-response-3\/entrenamientos\/hazmat-3\/hazmat-nivel-especialista-2\/#primaryimage"},"datePublished":"2020-11-17T09:42:54+00:00","dateModified":"2022-06-21T18:42:53+00:00","description":"OBJETIVO: Este curso se imparte a trav\u00e9s de presentaciones pr\u00e1cticas, presentaciones de casos y ejercicios simulados.","breadcrumb":{"@id":"https:\/\/ambipar.com\/latam\/ambipar-response-3\/entrenamientos\/hazmat-3\/hazmat-nivel-especialista-2\/#breadcrumb"},"inLanguage":"es-CL","potentialAction":[{"@type":"ReadAction","target":["https:\/\/ambipar.com\/latam\/ambipar-response-3\/entrenamientos\/hazmat-3\/hazmat-nivel-especialista-2\/"]}]},{"@type":"BreadcrumbList","@id":"https:\/\/ambipar.com\/latam\/ambipar-response-3\/entrenamientos\/hazmat-3\/hazmat-nivel-especialista-2\/#breadcrumb","itemListElement":[{"@type":"ListItem","position":1,"name":"Home","item":"https:\/\/ambipar.com\/latam\/"},{"@type":"ListItem","position":2,"name":"Ambipar Response","item":"https:\/\/ambipar.com\/latam\/ambipar-response-3\/"},{"@type":"ListItem","position":3,"name":"Entrenamientos","item":"https:\/\/ambipar.com\/latam\/ambipar-response-3\/entrenamientos\/"},{"@type":"ListItem","position":4,"name":"HAZMAT","item":"https:\/\/ambipar.com\/latam\/ambipar-response-3\/entrenamientos\/hazmat-3\/"},{"@type":"ListItem","position":5,"name":"HAZMAT Nivel Especialista"}]}]}},"_links":{"self":[{"href":"https:\/\/ambipar.com\/latam\/wp-json\/wp\/v2\/pages\/2327"}],"collection":[{"href":"https:\/\/ambipar.com\/latam\/wp-json\/wp\/v2\/pages"}],"about":[{"href":"https:\/\/ambipar.com\/latam\/wp-json\/wp\/v2\/types\/page"}],"author":[{"embeddable":true,"href":"https:\/\/ambipar.com\/latam\/wp-json\/wp\/v2\/users\/1"}],"replies":[{"embeddable":true,"href":"https:\/\/ambipar.com\/latam\/wp-json\/wp\/v2\/comments?post=2327"}],"version-history":[{"count":4,"href":"https:\/\/ambipar.com\/latam\/wp-json\/wp\/v2\/pages\/2327\/revisions"}],"predecessor-version":[{"id":4632,"href":"https:\/\/ambipar.com\/latam\/wp-json\/wp\/v2\/pages\/2327\/revisions\/4632"}],"up":[{"embeddable":true,"href":"https:\/\/ambipar.com\/latam\/wp-json\/wp\/v2\/pages\/2315"}],"wp:featuredmedia":[{"embeddable":true,"href":"https:\/\/ambipar.com\/latam\/wp-json\/wp\/v2\/media\/539"}],"wp:attachment":[{"href":"https:\/\/ambipar.com\/latam\/wp-json\/wp\/v2\/media?parent=2327"}],"curies":[{"name":"wp","href":"https:\/\/api.w.org\/{rel}","templated":true}]}}