{"id":2333,"date":"2020-11-17T06:47:40","date_gmt":"2020-11-17T09:47:40","guid":{"rendered":"https:\/\/ambipar.com\/latam\/?page_id=2333"},"modified":"2022-06-21T15:43:22","modified_gmt":"2022-06-21T18:43:22","slug":"hazmat-nivel-de-operaciones","status":"publish","type":"page","link":"https:\/\/ambipar.com\/latam\/ambipar-response-3\/entrenamientos\/hazmat-3\/hazmat-nivel-de-operaciones\/","title":{"rendered":"HAZMAT Nivel de Operaciones"},"content":{"rendered":"\n<p><strong>OBJETIVO: <\/strong><\/p>\n\n\n\n<p>Brindar a los participantes conocimientos t\u00e9cnicos y pr\u00e1cticos que les permitan desarrollar acciones defensivas y preventivas ante emergencias con productos qu\u00edmicos y peligrosos, incluyendo t\u00e9cnicas de evaluaci\u00f3n y monitoreo.<\/p>\n\n\n\n<p><strong>P\u00daBLICO OBJETIVO:<\/strong> <\/p>\n\n\n\n<p>Profesionales de los sectores de transporte, naviera, tr\u00e1fico, QSMS, agencias p\u00fablicas u otros sectores que constituyen la brigada de emergencia de la instituci\u00f3n.<\/p>\n\n\n\n<p><strong>CONTENIDO DEL PROGRAMA: <\/strong><\/p>\n\n\n\n<ul><li>Identifique el escenario y detecte la presencia de productos peligrosos para medir el riesgo con t\u00e9cnicas b\u00e1sicas de reconocimiento<\/li><li>Planifique e implemente la respuesta de emergencia<\/li><li>Seleccione y use equipo de emergencia adecuada protecci\u00f3n individual y colectiva<\/li><li>Realizar operaciones b\u00e1sicas de control, contenci\u00f3n, descontaminaci\u00f3n, focalizaci\u00f3n y confinamiento de productos peligrosos con recursos espec\u00edficos<\/li><li>Identificar y predecir los posibles efectos ante situaciones adversas<\/li><li>Conocer los procedimientos operativos normales, evaluar el progreso y cerrar una emergencia<\/li><\/ul>\n\n\n\n<p><strong>CARGA DEL CURSO<\/strong>: 40 HORAS<\/p>\n\n\n\n<div class=\"wp-block-buttons\">\n<div class=\"wp-block-button\"><a class=\"wp-block-button__link\" href=\"https:\/\/ambipar.com\/latam\/cotizacion-de-capacitacion\/\"> SOLICITAR HORARIO<\/a><\/div>\n<\/div>\n\n\n\n<p>Vea los otros m\u00f3dulos del curso HAZMAT:<\/p>\n\n\n\n<ul id=\"block-e08a69f3-3cd8-4edc-9635-108a8a483ec9\"><li><a href=\"https:\/\/ambipar.com\/latam\/ambipar-response-3\/entrenamientos\/hazmat-3\/hazmat-nivel-primero-en-el-sitio\/\">HAZMAT Nivel Primero en el sitio<\/a><\/li><li><a href=\"https:\/\/ambipar.com\/latam\/ambipar-response-3\/entrenamientos\/hazmat-3\/hazmat-nivel-tecnico-2\/\">HAZMAT Nivel T\u00e9cnico<\/a><\/li><li><a href=\"https:\/\/ambipar.com\/latam\/ambipar-response-3\/entrenamientos\/hazmat-3\/hazmat-nivel-comando-ics-2\/\">HAZMAT Nivel Comando ICS<\/a><\/li><li><a href=\"https:\/\/ambipar.com\/latam\/ambipar-response-3\/entrenamientos\/hazmat-3\/hazmat-nivel-especialista-2\/\">HAZMAT Nivel Especialista<\/a><\/li><\/ul>\n","protected":false},"excerpt":{"rendered":"OBJETIVO: Brindar a los participantes conocimientos t\u00e9cnicos y pr\u00e1cticos que les permitan desarrollar acciones defensivas y preventivas ante emergencias con productos qu\u00edmicos y peligrosos, incluyendo t\u00e9cnicas de evaluaci\u00f3n y monitoreo. P\u00daBLICO OBJETIVO: Profesionales de los sectores de transporte, naviera, tr\u00e1fico, QSMS, agencias p\u00fablicas u otros sectores que constituyen la brigada de emergencia de la instituci\u00f3n&#8230;. <a class=\"view-article\" href=\"https:\/\/ambipar.com\/latam\/ambipar-response-3\/entrenamientos\/hazmat-3\/hazmat-nivel-de-operaciones\/\">Ver art\u00edculo<\/a>","protected":false},"author":1,"featured_media":422,"parent":2315,"menu_order":0,"comment_status":"closed","ping_status":"closed","template":"single-servicos.php","meta":[],"yoast_head":"<!-- This site is optimized with the Yoast SEO plugin v17.6 - https:\/\/yoast.com\/wordpress\/plugins\/seo\/ -->\n<title>Descubra el HAZMAT Nivel de Operaciones que ofrece Ambipar<\/title>\n<meta name=\"description\" content=\"OBJETIVO: Proporcionar a los participantes conocimientos t\u00e9cnicos y pr\u00e1cticos que les permitan desarrollar acciones defensivas y preventivas\" \/>\n<meta name=\"robots\" content=\"index, follow, max-snippet:-1, max-image-preview:large, max-video-preview:-1\" \/>\n<link rel=\"canonical\" href=\"https:\/\/ambipar.com\/latam\/ambipar-response-3\/entrenamientos\/hazmat-3\/hazmat-nivel-de-operaciones\/\" \/>\n<meta property=\"og:locale\" content=\"es_ES\" \/>\n<meta property=\"og:type\" content=\"article\" \/>\n<meta property=\"og:title\" content=\"Descubra el HAZMAT Nivel de Operaciones que ofrece Ambipar\" \/>\n<meta property=\"og:description\" content=\"OBJETIVO: Proporcionar a los participantes conocimientos t\u00e9cnicos y pr\u00e1cticos que les permitan desarrollar acciones defensivas y preventivas\" \/>\n<meta property=\"og:url\" content=\"https:\/\/ambipar.com\/latam\/ambipar-response-3\/entrenamientos\/hazmat-3\/hazmat-nivel-de-operaciones\/\" \/>\n<meta property=\"og:site_name\" content=\"Ambipar. A l\u00edder em gest\u00e3o ambiental.\" \/>\n<meta property=\"article:modified_time\" content=\"2022-06-21T18:43:22+00:00\" \/>\n<meta property=\"og:image\" content=\"https:\/\/ambipar.com\/latam\/wp-content\/uploads\/2020\/10\/produtoquimico.jpg\" \/>\n\t<meta property=\"og:image:width\" content=\"1012\" \/>\n\t<meta property=\"og:image:height\" content=\"1000\" \/>\n<meta name=\"twitter:card\" content=\"summary_large_image\" \/>\n<meta name=\"twitter:label1\" content=\"Est. reading time\" \/>\n\t<meta name=\"twitter:data1\" content=\"1 minuto\" \/>\n<script type=\"application\/ld+json\" class=\"yoast-schema-graph\">{\"@context\":\"https:\/\/schema.org\",\"@graph\":[{\"@type\":\"Organization\",\"@id\":\"https:\/\/ambipar.com\/latam\/#organization\",\"name\":\"Ambipar\",\"url\":\"https:\/\/ambipar.com\/latam\/\",\"sameAs\":[],\"logo\":{\"@type\":\"ImageObject\",\"@id\":\"https:\/\/ambipar.com\/latam\/#logo\",\"inLanguage\":\"es-CL\",\"url\":\"https:\/\/ambipar.com\/latam\/wp-content\/uploads\/2020\/10\/ambipar_color.png\",\"contentUrl\":\"https:\/\/ambipar.com\/latam\/wp-content\/uploads\/2020\/10\/ambipar_color.png\",\"width\":174,\"height\":107,\"caption\":\"Ambipar\"},\"image\":{\"@id\":\"https:\/\/ambipar.com\/latam\/#logo\"}},{\"@type\":\"WebSite\",\"@id\":\"https:\/\/ambipar.com\/latam\/#website\",\"url\":\"https:\/\/ambipar.com\/latam\/\",\"name\":\"Ambipar. A l\\u00edder em gest\\u00e3o ambiental.\",\"description\":\"Pioneira em solu\\u00e7\\u00f5es ambientais, a Ambipar atua em todo o territ\\u00f3rio nacional oferecendo solu\\u00e7\\u00f5es integradas para toda a cadeia de neg\\u00f3cio.\",\"publisher\":{\"@id\":\"https:\/\/ambipar.com\/latam\/#organization\"},\"potentialAction\":[{\"@type\":\"SearchAction\",\"target\":{\"@type\":\"EntryPoint\",\"urlTemplate\":\"https:\/\/ambipar.com\/latam\/?s={search_term_string}\"},\"query-input\":\"required name=search_term_string\"}],\"inLanguage\":\"es-CL\"},{\"@type\":\"ImageObject\",\"@id\":\"https:\/\/ambipar.com\/latam\/ambipar-response-3\/entrenamientos\/hazmat-3\/hazmat-nivel-de-operaciones\/#primaryimage\",\"inLanguage\":\"es-CL\",\"url\":\"https:\/\/ambipar.com\/latam\/wp-content\/uploads\/2020\/10\/produtoquimico.jpg\",\"contentUrl\":\"https:\/\/ambipar.com\/latam\/wp-content\/uploads\/2020\/10\/produtoquimico.jpg\",\"width\":1012,\"height\":1000,\"caption\":\"produto qu\\u00edmico\"},{\"@type\":\"WebPage\",\"@id\":\"https:\/\/ambipar.com\/latam\/ambipar-response-3\/entrenamientos\/hazmat-3\/hazmat-nivel-de-operaciones\/#webpage\",\"url\":\"https:\/\/ambipar.com\/latam\/ambipar-response-3\/entrenamientos\/hazmat-3\/hazmat-nivel-de-operaciones\/\",\"name\":\"Descubra el HAZMAT Nivel de Operaciones que ofrece Ambipar\",\"isPartOf\":{\"@id\":\"https:\/\/ambipar.com\/latam\/#website\"},\"primaryImageOfPage\":{\"@id\":\"https:\/\/ambipar.com\/latam\/ambipar-response-3\/entrenamientos\/hazmat-3\/hazmat-nivel-de-operaciones\/#primaryimage\"},\"datePublished\":\"2020-11-17T09:47:40+00:00\",\"dateModified\":\"2022-06-21T18:43:22+00:00\",\"description\":\"OBJETIVO: Proporcionar a los participantes conocimientos t\\u00e9cnicos y pr\\u00e1cticos que les permitan desarrollar acciones defensivas y preventivas\",\"breadcrumb\":{\"@id\":\"https:\/\/ambipar.com\/latam\/ambipar-response-3\/entrenamientos\/hazmat-3\/hazmat-nivel-de-operaciones\/#breadcrumb\"},\"inLanguage\":\"es-CL\",\"potentialAction\":[{\"@type\":\"ReadAction\",\"target\":[\"https:\/\/ambipar.com\/latam\/ambipar-response-3\/entrenamientos\/hazmat-3\/hazmat-nivel-de-operaciones\/\"]}]},{\"@type\":\"BreadcrumbList\",\"@id\":\"https:\/\/ambipar.com\/latam\/ambipar-response-3\/entrenamientos\/hazmat-3\/hazmat-nivel-de-operaciones\/#breadcrumb\",\"itemListElement\":[{\"@type\":\"ListItem\",\"position\":1,\"name\":\"Home\",\"item\":\"https:\/\/ambipar.com\/latam\/\"},{\"@type\":\"ListItem\",\"position\":2,\"name\":\"Ambipar Response\",\"item\":\"https:\/\/ambipar.com\/latam\/ambipar-response-3\/\"},{\"@type\":\"ListItem\",\"position\":3,\"name\":\"Entrenamientos\",\"item\":\"https:\/\/ambipar.com\/latam\/ambipar-response-3\/entrenamientos\/\"},{\"@type\":\"ListItem\",\"position\":4,\"name\":\"HAZMAT\",\"item\":\"https:\/\/ambipar.com\/latam\/ambipar-response-3\/entrenamientos\/hazmat-3\/\"},{\"@type\":\"ListItem\",\"position\":5,\"name\":\"HAZMAT Nivel de Operaciones\"}]}]}<\/script>\n<!-- \/ Yoast SEO plugin. -->","yoast_head_json":{"title":"Descubra el HAZMAT Nivel de Operaciones que ofrece Ambipar","description":"OBJETIVO: Proporcionar a los participantes conocimientos t\u00e9cnicos y pr\u00e1cticos que les permitan desarrollar acciones defensivas y preventivas","robots":{"index":"index","follow":"follow","max-snippet":"max-snippet:-1","max-image-preview":"max-image-preview:large","max-video-preview":"max-video-preview:-1"},"canonical":"https:\/\/ambipar.com\/latam\/ambipar-response-3\/entrenamientos\/hazmat-3\/hazmat-nivel-de-operaciones\/","og_locale":"es_ES","og_type":"article","og_title":"Descubra el HAZMAT Nivel de Operaciones que ofrece Ambipar","og_description":"OBJETIVO: Proporcionar a los participantes conocimientos t\u00e9cnicos y pr\u00e1cticos que les permitan desarrollar acciones defensivas y preventivas","og_url":"https:\/\/ambipar.com\/latam\/ambipar-response-3\/entrenamientos\/hazmat-3\/hazmat-nivel-de-operaciones\/","og_site_name":"Ambipar. A l\u00edder em gest\u00e3o ambiental.","article_modified_time":"2022-06-21T18:43:22+00:00","og_image":[{"width":1012,"height":1000,"url":"https:\/\/ambipar.com\/latam\/wp-content\/uploads\/2020\/10\/produtoquimico.jpg","type":"image\/jpeg"}],"twitter_card":"summary_large_image","twitter_misc":{"Est. reading time":"1 minuto"},"schema":{"@context":"https:\/\/schema.org","@graph":[{"@type":"Organization","@id":"https:\/\/ambipar.com\/latam\/#organization","name":"Ambipar","url":"https:\/\/ambipar.com\/latam\/","sameAs":[],"logo":{"@type":"ImageObject","@id":"https:\/\/ambipar.com\/latam\/#logo","inLanguage":"es-CL","url":"https:\/\/ambipar.com\/latam\/wp-content\/uploads\/2020\/10\/ambipar_color.png","contentUrl":"https:\/\/ambipar.com\/latam\/wp-content\/uploads\/2020\/10\/ambipar_color.png","width":174,"height":107,"caption":"Ambipar"},"image":{"@id":"https:\/\/ambipar.com\/latam\/#logo"}},{"@type":"WebSite","@id":"https:\/\/ambipar.com\/latam\/#website","url":"https:\/\/ambipar.com\/latam\/","name":"Ambipar. A l\u00edder em gest\u00e3o ambiental.","description":"Pioneira em solu\u00e7\u00f5es ambientais, a Ambipar atua em todo o territ\u00f3rio nacional oferecendo solu\u00e7\u00f5es integradas para toda a cadeia de neg\u00f3cio.","publisher":{"@id":"https:\/\/ambipar.com\/latam\/#organization"},"potentialAction":[{"@type":"SearchAction","target":{"@type":"EntryPoint","urlTemplate":"https:\/\/ambipar.com\/latam\/?s={search_term_string}"},"query-input":"required name=search_term_string"}],"inLanguage":"es-CL"},{"@type":"ImageObject","@id":"https:\/\/ambipar.com\/latam\/ambipar-response-3\/entrenamientos\/hazmat-3\/hazmat-nivel-de-operaciones\/#primaryimage","inLanguage":"es-CL","url":"https:\/\/ambipar.com\/latam\/wp-content\/uploads\/2020\/10\/produtoquimico.jpg","contentUrl":"https:\/\/ambipar.com\/latam\/wp-content\/uploads\/2020\/10\/produtoquimico.jpg","width":1012,"height":1000,"caption":"produto qu\u00edmico"},{"@type":"WebPage","@id":"https:\/\/ambipar.com\/latam\/ambipar-response-3\/entrenamientos\/hazmat-3\/hazmat-nivel-de-operaciones\/#webpage","url":"https:\/\/ambipar.com\/latam\/ambipar-response-3\/entrenamientos\/hazmat-3\/hazmat-nivel-de-operaciones\/","name":"Descubra el HAZMAT Nivel de Operaciones que ofrece Ambipar","isPartOf":{"@id":"https:\/\/ambipar.com\/latam\/#website"},"primaryImageOfPage":{"@id":"https:\/\/ambipar.com\/latam\/ambipar-response-3\/entrenamientos\/hazmat-3\/hazmat-nivel-de-operaciones\/#primaryimage"},"datePublished":"2020-11-17T09:47:40+00:00","dateModified":"2022-06-21T18:43:22+00:00","description":"OBJETIVO: Proporcionar a los participantes conocimientos t\u00e9cnicos y pr\u00e1cticos que les permitan desarrollar acciones defensivas y preventivas","breadcrumb":{"@id":"https:\/\/ambipar.com\/latam\/ambipar-response-3\/entrenamientos\/hazmat-3\/hazmat-nivel-de-operaciones\/#breadcrumb"},"inLanguage":"es-CL","potentialAction":[{"@type":"ReadAction","target":["https:\/\/ambipar.com\/latam\/ambipar-response-3\/entrenamientos\/hazmat-3\/hazmat-nivel-de-operaciones\/"]}]},{"@type":"BreadcrumbList","@id":"https:\/\/ambipar.com\/latam\/ambipar-response-3\/entrenamientos\/hazmat-3\/hazmat-nivel-de-operaciones\/#breadcrumb","itemListElement":[{"@type":"ListItem","position":1,"name":"Home","item":"https:\/\/ambipar.com\/latam\/"},{"@type":"ListItem","position":2,"name":"Ambipar Response","item":"https:\/\/ambipar.com\/latam\/ambipar-response-3\/"},{"@type":"ListItem","position":3,"name":"Entrenamientos","item":"https:\/\/ambipar.com\/latam\/ambipar-response-3\/entrenamientos\/"},{"@type":"ListItem","position":4,"name":"HAZMAT","item":"https:\/\/ambipar.com\/latam\/ambipar-response-3\/entrenamientos\/hazmat-3\/"},{"@type":"ListItem","position":5,"name":"HAZMAT Nivel de Operaciones"}]}]}},"_links":{"self":[{"href":"https:\/\/ambipar.com\/latam\/wp-json\/wp\/v2\/pages\/2333"}],"collection":[{"href":"https:\/\/ambipar.com\/latam\/wp-json\/wp\/v2\/pages"}],"about":[{"href":"https:\/\/ambipar.com\/latam\/wp-json\/wp\/v2\/types\/page"}],"author":[{"embeddable":true,"href":"https:\/\/ambipar.com\/latam\/wp-json\/wp\/v2\/users\/1"}],"replies":[{"embeddable":true,"href":"https:\/\/ambipar.com\/latam\/wp-json\/wp\/v2\/comments?post=2333"}],"version-history":[{"count":8,"href":"https:\/\/ambipar.com\/latam\/wp-json\/wp\/v2\/pages\/2333\/revisions"}],"predecessor-version":[{"id":4633,"href":"https:\/\/ambipar.com\/latam\/wp-json\/wp\/v2\/pages\/2333\/revisions\/4633"}],"up":[{"embeddable":true,"href":"https:\/\/ambipar.com\/latam\/wp-json\/wp\/v2\/pages\/2315"}],"wp:featuredmedia":[{"embeddable":true,"href":"https:\/\/ambipar.com\/latam\/wp-json\/wp\/v2\/media\/422"}],"wp:attachment":[{"href":"https:\/\/ambipar.com\/latam\/wp-json\/wp\/v2\/media?parent=2333"}],"curies":[{"name":"wp","href":"https:\/\/api.w.org\/{rel}","templated":true}]}}