{"id":2336,"date":"2020-11-17T06:51:05","date_gmt":"2020-11-17T09:51:05","guid":{"rendered":"https:\/\/ambipar.com\/latam\/?page_id=2336"},"modified":"2021-01-05T21:10:01","modified_gmt":"2021-01-06T00:10:01","slug":"hazmat-level-first-on-site","status":"publish","type":"page","link":"https:\/\/ambipar.com\/latam\/en\/ambipar-response\/treinamentos\/hazmat\/hazmat-level-first-on-site\/","title":{"rendered":"HAZMAT Level First on site"},"content":{"rendered":"\n<p><strong>OBJECTIVE: <\/strong><\/p>\n\n\n\n<p>Establish the requirements for safety actions to be taken by the first emergency team to deal with the occurrence involving dangerous chemicals and also on the first procedures to be adopted to attend an emergency involving dangerous chemicals, isolation, scenario analysis , action planning, response to be adopted and evaluation of actions.<\/p>\n\n\n\n<p><strong>TARGET AUDIENCE:<\/strong> <\/p>\n\n\n\n<p>Professionals in the sectors of transport, shipping, traffic, QSMS, public agencies or other sectors that constitute the emergency brigade of the institution.<\/p>\n\n\n\n<p><strong>PROGRAM CONTENT: <\/strong><\/p>\n\n\n\n<ul><li>Recognize the scenario<\/li><li>Identify the products involved<\/li><li>Identify the actual or potential contamination of the local environment<\/li><li>Identify effective or potential exposure of people<\/li><li>Sign and isolate the place according to the characteristics of the product<\/li><li>Activate the emergency teams for emergency support and intervention<\/li><\/ul>\n\n\n\n<p>COURSE LOAD: 08 HOURS<\/p>\n\n\n\n<p>See the other modules of the HAZMAT course:<\/p>\n\n\n\n<ul id=\"block-e08a69f3-3cd8-4edc-9635-108a8a483ec9\"><li><a href=\"https:\/\/ambipar.com\/latam\/en\/ambipar-response\/treinamentos\/hazmat\/hazmat-operations-level\/\">HAZMAT Operations Level<\/a><\/li><li><a href=\"https:\/\/ambipar.com\/latam\/en\/ambipar-response\/treinamentos\/hazmat\/hazmat-technical-level\/\">HAZMAT Technical Level<\/a><\/li><li><a href=\"https:\/\/ambipar.com\/latam\/en\/ambipar-response\/treinamentos\/hazmat\/hazmat-ics-command-level\/\">HAZMAT ICS Command Level<\/a><\/li><li><a href=\"https:\/\/ambipar.com\/latam\/en\/ambipar-response\/treinamentos\/hazmat\/hazmat-specialist-level\/\">HAZMAT Specialist Level<\/a><\/li><\/ul>\n","protected":false},"excerpt":{"rendered":"OBJECTIVE: Establish the requirements for safety actions to be taken by the first emergency team to deal with the occurrence involving dangerous chemicals and also on the first procedures to be adopted to attend an emergency involving dangerous chemicals, isolation, scenario analysis , action planning, response to be adopted and evaluation of actions. TARGET AUDIENCE:&#8230; <a class=\"view-article\" href=\"https:\/\/ambipar.com\/latam\/en\/ambipar-response\/treinamentos\/hazmat\/hazmat-level-first-on-site\/\">Ver art\u00edculo<\/a>","protected":false},"author":1,"featured_media":536,"parent":535,"menu_order":0,"comment_status":"closed","ping_status":"closed","template":"single-servicos.php","meta":[],"yoast_head":"<!-- This site is optimized with the Yoast SEO plugin v17.6 - https:\/\/yoast.com\/wordpress\/plugins\/seo\/ -->\n<title>Discover HAZMAT Level First on site offered by Ambipar<\/title>\n<meta name=\"description\" content=\"OBJECTIVE: To establish the requirements for safety actions to be taken by the first emergency team to respond to the occurrence\" \/>\n<meta name=\"robots\" content=\"index, follow, max-snippet:-1, max-image-preview:large, max-video-preview:-1\" \/>\n<link rel=\"canonical\" href=\"https:\/\/ambipar.com\/latam\/en\/ambipar-response\/treinamentos\/hazmat\/hazmat-level-first-on-site\/\" \/>\n<meta property=\"og:locale\" content=\"es_ES\" \/>\n<meta property=\"og:type\" content=\"article\" \/>\n<meta property=\"og:title\" content=\"Discover HAZMAT Level First on site offered by Ambipar\" \/>\n<meta property=\"og:description\" content=\"OBJECTIVE: To establish the requirements for safety actions to be taken by the first emergency team to respond to the occurrence\" \/>\n<meta property=\"og:url\" content=\"https:\/\/ambipar.com\/latam\/en\/ambipar-response\/treinamentos\/hazmat\/hazmat-level-first-on-site\/\" \/>\n<meta property=\"og:site_name\" content=\"Ambipar. A l\u00edder em gest\u00e3o ambiental.\" \/>\n<meta property=\"article:modified_time\" content=\"2021-01-06T00:10:01+00:00\" \/>\n<meta property=\"og:image\" content=\"https:\/\/ambipar.com\/latam\/wp-content\/uploads\/2020\/10\/HAZMAT.jpg\" \/>\n\t<meta property=\"og:image:width\" content=\"1004\" \/>\n\t<meta property=\"og:image:height\" content=\"1000\" \/>\n<meta name=\"twitter:card\" content=\"summary_large_image\" \/>\n<meta name=\"twitter:label1\" content=\"Est. reading time\" \/>\n\t<meta name=\"twitter:data1\" content=\"1 minuto\" \/>\n<script type=\"application\/ld+json\" class=\"yoast-schema-graph\">{\"@context\":\"https:\/\/schema.org\",\"@graph\":[{\"@type\":\"Organization\",\"@id\":\"https:\/\/ambipar.com\/latam\/#organization\",\"name\":\"Ambipar\",\"url\":\"https:\/\/ambipar.com\/latam\/\",\"sameAs\":[],\"logo\":{\"@type\":\"ImageObject\",\"@id\":\"https:\/\/ambipar.com\/latam\/#logo\",\"inLanguage\":\"es-CL\",\"url\":\"https:\/\/ambipar.com\/latam\/wp-content\/uploads\/2020\/10\/ambipar_color.png\",\"contentUrl\":\"https:\/\/ambipar.com\/latam\/wp-content\/uploads\/2020\/10\/ambipar_color.png\",\"width\":174,\"height\":107,\"caption\":\"Ambipar\"},\"image\":{\"@id\":\"https:\/\/ambipar.com\/latam\/#logo\"}},{\"@type\":\"WebSite\",\"@id\":\"https:\/\/ambipar.com\/latam\/#website\",\"url\":\"https:\/\/ambipar.com\/latam\/\",\"name\":\"Ambipar. A l\\u00edder em gest\\u00e3o ambiental.\",\"description\":\"Pioneira em solu\\u00e7\\u00f5es ambientais, a Ambipar atua em todo o territ\\u00f3rio nacional oferecendo solu\\u00e7\\u00f5es integradas para toda a cadeia de neg\\u00f3cio.\",\"publisher\":{\"@id\":\"https:\/\/ambipar.com\/latam\/#organization\"},\"potentialAction\":[{\"@type\":\"SearchAction\",\"target\":{\"@type\":\"EntryPoint\",\"urlTemplate\":\"https:\/\/ambipar.com\/latam\/?s={search_term_string}\"},\"query-input\":\"required name=search_term_string\"}],\"inLanguage\":\"es-CL\"},{\"@type\":\"ImageObject\",\"@id\":\"https:\/\/ambipar.com\/latam\/en\/ambipar-response\/treinamentos\/hazmat\/hazmat-level-first-on-site\/#primaryimage\",\"inLanguage\":\"es-CL\",\"url\":\"https:\/\/ambipar.com\/latam\/wp-content\/uploads\/2020\/10\/HAZMAT.jpg\",\"contentUrl\":\"https:\/\/ambipar.com\/latam\/wp-content\/uploads\/2020\/10\/HAZMAT.jpg\",\"width\":1004,\"height\":1000,\"caption\":\"HAZMAT\"},{\"@type\":\"WebPage\",\"@id\":\"https:\/\/ambipar.com\/latam\/en\/ambipar-response\/treinamentos\/hazmat\/hazmat-level-first-on-site\/#webpage\",\"url\":\"https:\/\/ambipar.com\/latam\/en\/ambipar-response\/treinamentos\/hazmat\/hazmat-level-first-on-site\/\",\"name\":\"Discover HAZMAT Level First on site offered by Ambipar\",\"isPartOf\":{\"@id\":\"https:\/\/ambipar.com\/latam\/#website\"},\"primaryImageOfPage\":{\"@id\":\"https:\/\/ambipar.com\/latam\/en\/ambipar-response\/treinamentos\/hazmat\/hazmat-level-first-on-site\/#primaryimage\"},\"datePublished\":\"2020-11-17T09:51:05+00:00\",\"dateModified\":\"2021-01-06T00:10:01+00:00\",\"description\":\"OBJECTIVE: To establish the requirements for safety actions to be taken by the first emergency team to respond to the occurrence\",\"breadcrumb\":{\"@id\":\"https:\/\/ambipar.com\/latam\/en\/ambipar-response\/treinamentos\/hazmat\/hazmat-level-first-on-site\/#breadcrumb\"},\"inLanguage\":\"es-CL\",\"potentialAction\":[{\"@type\":\"ReadAction\",\"target\":[\"https:\/\/ambipar.com\/latam\/en\/ambipar-response\/treinamentos\/hazmat\/hazmat-level-first-on-site\/\"]}]},{\"@type\":\"BreadcrumbList\",\"@id\":\"https:\/\/ambipar.com\/latam\/en\/ambipar-response\/treinamentos\/hazmat\/hazmat-level-first-on-site\/#breadcrumb\",\"itemListElement\":[{\"@type\":\"ListItem\",\"position\":1,\"name\":\"Home\",\"item\":\"https:\/\/ambipar.com\/latam\/\"},{\"@type\":\"ListItem\",\"position\":2,\"name\":\"Ambipar Response\",\"item\":\"https:\/\/ambipar.com\/latam\/pt\/ambipar-response\/\"},{\"@type\":\"ListItem\",\"position\":3,\"name\":\"Treinamentos\",\"item\":\"https:\/\/ambipar.com\/latam\/pt\/ambipar-response\/treinamentos\/\"},{\"@type\":\"ListItem\",\"position\":4,\"name\":\"HAZMAT\",\"item\":\"https:\/\/ambipar.com\/latam\/pt\/ambipar-response\/treinamentos\/hazmat\/\"},{\"@type\":\"ListItem\",\"position\":5,\"name\":\"HAZMAT Level First on site\"}]}]}<\/script>\n<!-- \/ Yoast SEO plugin. -->","yoast_head_json":{"title":"Discover HAZMAT Level First on site offered by Ambipar","description":"OBJECTIVE: To establish the requirements for safety actions to be taken by the first emergency team to respond to the occurrence","robots":{"index":"index","follow":"follow","max-snippet":"max-snippet:-1","max-image-preview":"max-image-preview:large","max-video-preview":"max-video-preview:-1"},"canonical":"https:\/\/ambipar.com\/latam\/en\/ambipar-response\/treinamentos\/hazmat\/hazmat-level-first-on-site\/","og_locale":"es_ES","og_type":"article","og_title":"Discover HAZMAT Level First on site offered by Ambipar","og_description":"OBJECTIVE: To establish the requirements for safety actions to be taken by the first emergency team to respond to the occurrence","og_url":"https:\/\/ambipar.com\/latam\/en\/ambipar-response\/treinamentos\/hazmat\/hazmat-level-first-on-site\/","og_site_name":"Ambipar. A l\u00edder em gest\u00e3o ambiental.","article_modified_time":"2021-01-06T00:10:01+00:00","og_image":[{"width":1004,"height":1000,"url":"https:\/\/ambipar.com\/latam\/wp-content\/uploads\/2020\/10\/HAZMAT.jpg","type":"image\/jpeg"}],"twitter_card":"summary_large_image","twitter_misc":{"Est. reading time":"1 minuto"},"schema":{"@context":"https:\/\/schema.org","@graph":[{"@type":"Organization","@id":"https:\/\/ambipar.com\/latam\/#organization","name":"Ambipar","url":"https:\/\/ambipar.com\/latam\/","sameAs":[],"logo":{"@type":"ImageObject","@id":"https:\/\/ambipar.com\/latam\/#logo","inLanguage":"es-CL","url":"https:\/\/ambipar.com\/latam\/wp-content\/uploads\/2020\/10\/ambipar_color.png","contentUrl":"https:\/\/ambipar.com\/latam\/wp-content\/uploads\/2020\/10\/ambipar_color.png","width":174,"height":107,"caption":"Ambipar"},"image":{"@id":"https:\/\/ambipar.com\/latam\/#logo"}},{"@type":"WebSite","@id":"https:\/\/ambipar.com\/latam\/#website","url":"https:\/\/ambipar.com\/latam\/","name":"Ambipar. A l\u00edder em gest\u00e3o ambiental.","description":"Pioneira em solu\u00e7\u00f5es ambientais, a Ambipar atua em todo o territ\u00f3rio nacional oferecendo solu\u00e7\u00f5es integradas para toda a cadeia de neg\u00f3cio.","publisher":{"@id":"https:\/\/ambipar.com\/latam\/#organization"},"potentialAction":[{"@type":"SearchAction","target":{"@type":"EntryPoint","urlTemplate":"https:\/\/ambipar.com\/latam\/?s={search_term_string}"},"query-input":"required name=search_term_string"}],"inLanguage":"es-CL"},{"@type":"ImageObject","@id":"https:\/\/ambipar.com\/latam\/en\/ambipar-response\/treinamentos\/hazmat\/hazmat-level-first-on-site\/#primaryimage","inLanguage":"es-CL","url":"https:\/\/ambipar.com\/latam\/wp-content\/uploads\/2020\/10\/HAZMAT.jpg","contentUrl":"https:\/\/ambipar.com\/latam\/wp-content\/uploads\/2020\/10\/HAZMAT.jpg","width":1004,"height":1000,"caption":"HAZMAT"},{"@type":"WebPage","@id":"https:\/\/ambipar.com\/latam\/en\/ambipar-response\/treinamentos\/hazmat\/hazmat-level-first-on-site\/#webpage","url":"https:\/\/ambipar.com\/latam\/en\/ambipar-response\/treinamentos\/hazmat\/hazmat-level-first-on-site\/","name":"Discover HAZMAT Level First on site offered by Ambipar","isPartOf":{"@id":"https:\/\/ambipar.com\/latam\/#website"},"primaryImageOfPage":{"@id":"https:\/\/ambipar.com\/latam\/en\/ambipar-response\/treinamentos\/hazmat\/hazmat-level-first-on-site\/#primaryimage"},"datePublished":"2020-11-17T09:51:05+00:00","dateModified":"2021-01-06T00:10:01+00:00","description":"OBJECTIVE: To establish the requirements for safety actions to be taken by the first emergency team to respond to the occurrence","breadcrumb":{"@id":"https:\/\/ambipar.com\/latam\/en\/ambipar-response\/treinamentos\/hazmat\/hazmat-level-first-on-site\/#breadcrumb"},"inLanguage":"es-CL","potentialAction":[{"@type":"ReadAction","target":["https:\/\/ambipar.com\/latam\/en\/ambipar-response\/treinamentos\/hazmat\/hazmat-level-first-on-site\/"]}]},{"@type":"BreadcrumbList","@id":"https:\/\/ambipar.com\/latam\/en\/ambipar-response\/treinamentos\/hazmat\/hazmat-level-first-on-site\/#breadcrumb","itemListElement":[{"@type":"ListItem","position":1,"name":"Home","item":"https:\/\/ambipar.com\/latam\/"},{"@type":"ListItem","position":2,"name":"Ambipar Response","item":"https:\/\/ambipar.com\/latam\/pt\/ambipar-response\/"},{"@type":"ListItem","position":3,"name":"Treinamentos","item":"https:\/\/ambipar.com\/latam\/pt\/ambipar-response\/treinamentos\/"},{"@type":"ListItem","position":4,"name":"HAZMAT","item":"https:\/\/ambipar.com\/latam\/pt\/ambipar-response\/treinamentos\/hazmat\/"},{"@type":"ListItem","position":5,"name":"HAZMAT Level First on site"}]}]}},"_links":{"self":[{"href":"https:\/\/ambipar.com\/latam\/wp-json\/wp\/v2\/pages\/2336"}],"collection":[{"href":"https:\/\/ambipar.com\/latam\/wp-json\/wp\/v2\/pages"}],"about":[{"href":"https:\/\/ambipar.com\/latam\/wp-json\/wp\/v2\/types\/page"}],"author":[{"embeddable":true,"href":"https:\/\/ambipar.com\/latam\/wp-json\/wp\/v2\/users\/1"}],"replies":[{"embeddable":true,"href":"https:\/\/ambipar.com\/latam\/wp-json\/wp\/v2\/comments?post=2336"}],"version-history":[{"count":3,"href":"https:\/\/ambipar.com\/latam\/wp-json\/wp\/v2\/pages\/2336\/revisions"}],"predecessor-version":[{"id":2572,"href":"https:\/\/ambipar.com\/latam\/wp-json\/wp\/v2\/pages\/2336\/revisions\/2572"}],"up":[{"embeddable":true,"href":"https:\/\/ambipar.com\/latam\/wp-json\/wp\/v2\/pages\/535"}],"wp:featuredmedia":[{"embeddable":true,"href":"https:\/\/ambipar.com\/latam\/wp-json\/wp\/v2\/media\/536"}],"wp:attachment":[{"href":"https:\/\/ambipar.com\/latam\/wp-json\/wp\/v2\/media?parent=2336"}],"curies":[{"name":"wp","href":"https:\/\/api.w.org\/{rel}","templated":true}]}}