{"id":2339,"date":"2020-11-17T06:53:09","date_gmt":"2020-11-17T09:53:09","guid":{"rendered":"https:\/\/ambipar.com\/latam\/?page_id=2339"},"modified":"2022-06-21T15:40:24","modified_gmt":"2022-06-21T18:40:24","slug":"hazmat-nivel-primero-en-el-sitio","status":"publish","type":"page","link":"https:\/\/ambipar.com\/latam\/ambipar-response-3\/entrenamientos\/hazmat-3\/hazmat-nivel-primero-en-el-sitio\/","title":{"rendered":"HAZMAT Nivel Primero en el sitio"},"content":{"rendered":"\n<p><strong>OBJETIVO: <\/strong><\/p>\n\n\n\n<p>Establecer los requisitos para las acciones de seguridad que debe tomar el primer equipo de emergencia para hacer frente a la ocurrencia de productos qu\u00edmicos peligrosos y tambi\u00e9n sobre los primeros procedimientos a adoptar para atender una emergencia que involucre productos qu\u00edmicos peligrosos, aislamiento, an\u00e1lisis de escenarios , planificaci\u00f3n de acciones, respuesta a adoptar y evaluaci\u00f3n de acciones.<\/p>\n\n\n\n<p><strong>P\u00daBLICO OBJETIVO:<\/strong> <\/p>\n\n\n\n<p>Profesionales de los sectores de transporte, naviera, tr\u00e1fico, QSMS, agencias p\u00fablicas u otros sectores que constituyen la brigada de emergencia de la instituci\u00f3n.<\/p>\n\n\n\n<p><strong>CONTENIDO DEL PROGRAMA:<\/strong><\/p>\n\n\n\n<ul><li>Reconocer el escenario<\/li><li>Identificar los productos involucrados<\/li><li>Identificar la contaminaci\u00f3n real o potencial del medio ambiente local<\/li><li>Identificar exposici\u00f3n efectiva o potencial de las personas<\/li><li>Firmar y aislar el lugar seg\u00fan las caracter\u00edsticas del producto<\/li><li>Activar los equipos de emergencia para el apoyo e intervenci\u00f3n de emergencia<\/li><\/ul>\n\n\n\n<p>CARGA DEL CURSO: 08 HORAS<\/p>\n\n\n\n<div class=\"wp-block-buttons\">\n<div class=\"wp-block-button\"><a class=\"wp-block-button__link\" href=\"https:\/\/ambipar.com\/latam\/cotizacion-de-capacitacion\/\"> SOLICITAR HORARIO<\/a><\/div>\n<\/div>\n\n\n\n<p>Vea los otros m\u00f3dulos del curso HAZMAT:<\/p>\n\n\n\n<ul id=\"block-e08a69f3-3cd8-4edc-9635-108a8a483ec9\"><li><a href=\"https:\/\/ambipar.com\/latam\/ambipar-response-3\/entrenamientos\/hazmat-3\/hazmat-nivel-de-operaciones\/\">HAZMAT Nivel de operaciones<\/a><\/li><li><a href=\"https:\/\/ambipar.com\/latam\/ambipar-response-3\/entrenamientos\/hazmat-3\/hazmat-nivel-tecnico-2\/\">HAZMAT Nivel t\u00e9cnico<\/a><\/li><li><a href=\"https:\/\/ambipar.com\/latam\/ambipar-response-3\/entrenamientos\/hazmat-3\/hazmat-nivel-comando-ics-2\/\">HAZMAT Nivel Comando ICS<\/a><\/li><li><a href=\"https:\/\/ambipar.com\/latam\/ambipar-response-3\/entrenamientos\/hazmat-3\/hazmat-nivel-especialista-2\/\">HAZMAT Nivel Especialista<\/a><\/li><\/ul>\n","protected":false},"excerpt":{"rendered":"OBJETIVO: Establecer los requisitos para las acciones de seguridad que debe tomar el primer equipo de emergencia para hacer frente a la ocurrencia de productos qu\u00edmicos peligrosos y tambi\u00e9n sobre los primeros procedimientos a adoptar para atender una emergencia que involucre productos qu\u00edmicos peligrosos, aislamiento, an\u00e1lisis de escenarios , planificaci\u00f3n de acciones, respuesta a adoptar&#8230; <a class=\"view-article\" href=\"https:\/\/ambipar.com\/latam\/ambipar-response-3\/entrenamientos\/hazmat-3\/hazmat-nivel-primero-en-el-sitio\/\">Ver art\u00edculo<\/a>","protected":false},"author":1,"featured_media":536,"parent":2315,"menu_order":0,"comment_status":"closed","ping_status":"closed","template":"single-servicos.php","meta":[],"yoast_head":"<!-- This site is optimized with the Yoast SEO plugin v17.6 - https:\/\/yoast.com\/wordpress\/plugins\/seo\/ -->\n<title>Conozca HAZMAT Nivel Primero en el sitio que ofrece Ambipar<\/title>\n<meta name=\"description\" content=\"OBJETIVO: Establecer los requisitos para las acciones de seguridad que debe tomar el primer equipo de emergencia para responder al suceso\" \/>\n<meta name=\"robots\" content=\"index, follow, max-snippet:-1, max-image-preview:large, max-video-preview:-1\" \/>\n<link rel=\"canonical\" href=\"https:\/\/ambipar.com\/latam\/ambipar-response-3\/entrenamientos\/hazmat-3\/hazmat-nivel-primero-en-el-sitio\/\" \/>\n<meta property=\"og:locale\" content=\"es_ES\" \/>\n<meta property=\"og:type\" content=\"article\" \/>\n<meta property=\"og:title\" content=\"Conozca HAZMAT Nivel Primero en el sitio que ofrece Ambipar\" \/>\n<meta property=\"og:description\" content=\"OBJETIVO: Establecer los requisitos para las acciones de seguridad que debe tomar el primer equipo de emergencia para responder al suceso\" \/>\n<meta property=\"og:url\" content=\"https:\/\/ambipar.com\/latam\/ambipar-response-3\/entrenamientos\/hazmat-3\/hazmat-nivel-primero-en-el-sitio\/\" \/>\n<meta property=\"og:site_name\" content=\"Ambipar. A l\u00edder em gest\u00e3o ambiental.\" \/>\n<meta property=\"article:modified_time\" content=\"2022-06-21T18:40:24+00:00\" \/>\n<meta property=\"og:image\" content=\"https:\/\/ambipar.com\/latam\/wp-content\/uploads\/2020\/10\/HAZMAT.jpg\" \/>\n\t<meta property=\"og:image:width\" content=\"1004\" \/>\n\t<meta property=\"og:image:height\" content=\"1000\" \/>\n<meta name=\"twitter:card\" content=\"summary_large_image\" \/>\n<meta name=\"twitter:label1\" content=\"Est. reading time\" \/>\n\t<meta name=\"twitter:data1\" content=\"1 minuto\" \/>\n<script type=\"application\/ld+json\" class=\"yoast-schema-graph\">{\"@context\":\"https:\/\/schema.org\",\"@graph\":[{\"@type\":\"Organization\",\"@id\":\"https:\/\/ambipar.com\/latam\/#organization\",\"name\":\"Ambipar\",\"url\":\"https:\/\/ambipar.com\/latam\/\",\"sameAs\":[],\"logo\":{\"@type\":\"ImageObject\",\"@id\":\"https:\/\/ambipar.com\/latam\/#logo\",\"inLanguage\":\"es-CL\",\"url\":\"https:\/\/ambipar.com\/latam\/wp-content\/uploads\/2020\/10\/ambipar_color.png\",\"contentUrl\":\"https:\/\/ambipar.com\/latam\/wp-content\/uploads\/2020\/10\/ambipar_color.png\",\"width\":174,\"height\":107,\"caption\":\"Ambipar\"},\"image\":{\"@id\":\"https:\/\/ambipar.com\/latam\/#logo\"}},{\"@type\":\"WebSite\",\"@id\":\"https:\/\/ambipar.com\/latam\/#website\",\"url\":\"https:\/\/ambipar.com\/latam\/\",\"name\":\"Ambipar. A l\\u00edder em gest\\u00e3o ambiental.\",\"description\":\"Pioneira em solu\\u00e7\\u00f5es ambientais, a Ambipar atua em todo o territ\\u00f3rio nacional oferecendo solu\\u00e7\\u00f5es integradas para toda a cadeia de neg\\u00f3cio.\",\"publisher\":{\"@id\":\"https:\/\/ambipar.com\/latam\/#organization\"},\"potentialAction\":[{\"@type\":\"SearchAction\",\"target\":{\"@type\":\"EntryPoint\",\"urlTemplate\":\"https:\/\/ambipar.com\/latam\/?s={search_term_string}\"},\"query-input\":\"required name=search_term_string\"}],\"inLanguage\":\"es-CL\"},{\"@type\":\"ImageObject\",\"@id\":\"https:\/\/ambipar.com\/latam\/ambipar-response-3\/entrenamientos\/hazmat-3\/hazmat-nivel-primero-en-el-sitio\/#primaryimage\",\"inLanguage\":\"es-CL\",\"url\":\"https:\/\/ambipar.com\/latam\/wp-content\/uploads\/2020\/10\/HAZMAT.jpg\",\"contentUrl\":\"https:\/\/ambipar.com\/latam\/wp-content\/uploads\/2020\/10\/HAZMAT.jpg\",\"width\":1004,\"height\":1000,\"caption\":\"HAZMAT\"},{\"@type\":\"WebPage\",\"@id\":\"https:\/\/ambipar.com\/latam\/ambipar-response-3\/entrenamientos\/hazmat-3\/hazmat-nivel-primero-en-el-sitio\/#webpage\",\"url\":\"https:\/\/ambipar.com\/latam\/ambipar-response-3\/entrenamientos\/hazmat-3\/hazmat-nivel-primero-en-el-sitio\/\",\"name\":\"Conozca HAZMAT Nivel Primero en el sitio que ofrece Ambipar\",\"isPartOf\":{\"@id\":\"https:\/\/ambipar.com\/latam\/#website\"},\"primaryImageOfPage\":{\"@id\":\"https:\/\/ambipar.com\/latam\/ambipar-response-3\/entrenamientos\/hazmat-3\/hazmat-nivel-primero-en-el-sitio\/#primaryimage\"},\"datePublished\":\"2020-11-17T09:53:09+00:00\",\"dateModified\":\"2022-06-21T18:40:24+00:00\",\"description\":\"OBJETIVO: Establecer los requisitos para las acciones de seguridad que debe tomar el primer equipo de emergencia para responder al suceso\",\"breadcrumb\":{\"@id\":\"https:\/\/ambipar.com\/latam\/ambipar-response-3\/entrenamientos\/hazmat-3\/hazmat-nivel-primero-en-el-sitio\/#breadcrumb\"},\"inLanguage\":\"es-CL\",\"potentialAction\":[{\"@type\":\"ReadAction\",\"target\":[\"https:\/\/ambipar.com\/latam\/ambipar-response-3\/entrenamientos\/hazmat-3\/hazmat-nivel-primero-en-el-sitio\/\"]}]},{\"@type\":\"BreadcrumbList\",\"@id\":\"https:\/\/ambipar.com\/latam\/ambipar-response-3\/entrenamientos\/hazmat-3\/hazmat-nivel-primero-en-el-sitio\/#breadcrumb\",\"itemListElement\":[{\"@type\":\"ListItem\",\"position\":1,\"name\":\"Home\",\"item\":\"https:\/\/ambipar.com\/latam\/\"},{\"@type\":\"ListItem\",\"position\":2,\"name\":\"Ambipar Response\",\"item\":\"https:\/\/ambipar.com\/latam\/ambipar-response-3\/\"},{\"@type\":\"ListItem\",\"position\":3,\"name\":\"Entrenamientos\",\"item\":\"https:\/\/ambipar.com\/latam\/ambipar-response-3\/entrenamientos\/\"},{\"@type\":\"ListItem\",\"position\":4,\"name\":\"HAZMAT\",\"item\":\"https:\/\/ambipar.com\/latam\/ambipar-response-3\/entrenamientos\/hazmat-3\/\"},{\"@type\":\"ListItem\",\"position\":5,\"name\":\"HAZMAT Nivel Primero en el sitio\"}]}]}<\/script>\n<!-- \/ Yoast SEO plugin. -->","yoast_head_json":{"title":"Conozca HAZMAT Nivel Primero en el sitio que ofrece Ambipar","description":"OBJETIVO: Establecer los requisitos para las acciones de seguridad que debe tomar el primer equipo de emergencia para responder al suceso","robots":{"index":"index","follow":"follow","max-snippet":"max-snippet:-1","max-image-preview":"max-image-preview:large","max-video-preview":"max-video-preview:-1"},"canonical":"https:\/\/ambipar.com\/latam\/ambipar-response-3\/entrenamientos\/hazmat-3\/hazmat-nivel-primero-en-el-sitio\/","og_locale":"es_ES","og_type":"article","og_title":"Conozca HAZMAT Nivel Primero en el sitio que ofrece Ambipar","og_description":"OBJETIVO: Establecer los requisitos para las acciones de seguridad que debe tomar el primer equipo de emergencia para responder al suceso","og_url":"https:\/\/ambipar.com\/latam\/ambipar-response-3\/entrenamientos\/hazmat-3\/hazmat-nivel-primero-en-el-sitio\/","og_site_name":"Ambipar. A l\u00edder em gest\u00e3o ambiental.","article_modified_time":"2022-06-21T18:40:24+00:00","og_image":[{"width":1004,"height":1000,"url":"https:\/\/ambipar.com\/latam\/wp-content\/uploads\/2020\/10\/HAZMAT.jpg","type":"image\/jpeg"}],"twitter_card":"summary_large_image","twitter_misc":{"Est. reading time":"1 minuto"},"schema":{"@context":"https:\/\/schema.org","@graph":[{"@type":"Organization","@id":"https:\/\/ambipar.com\/latam\/#organization","name":"Ambipar","url":"https:\/\/ambipar.com\/latam\/","sameAs":[],"logo":{"@type":"ImageObject","@id":"https:\/\/ambipar.com\/latam\/#logo","inLanguage":"es-CL","url":"https:\/\/ambipar.com\/latam\/wp-content\/uploads\/2020\/10\/ambipar_color.png","contentUrl":"https:\/\/ambipar.com\/latam\/wp-content\/uploads\/2020\/10\/ambipar_color.png","width":174,"height":107,"caption":"Ambipar"},"image":{"@id":"https:\/\/ambipar.com\/latam\/#logo"}},{"@type":"WebSite","@id":"https:\/\/ambipar.com\/latam\/#website","url":"https:\/\/ambipar.com\/latam\/","name":"Ambipar. A l\u00edder em gest\u00e3o ambiental.","description":"Pioneira em solu\u00e7\u00f5es ambientais, a Ambipar atua em todo o territ\u00f3rio nacional oferecendo solu\u00e7\u00f5es integradas para toda a cadeia de neg\u00f3cio.","publisher":{"@id":"https:\/\/ambipar.com\/latam\/#organization"},"potentialAction":[{"@type":"SearchAction","target":{"@type":"EntryPoint","urlTemplate":"https:\/\/ambipar.com\/latam\/?s={search_term_string}"},"query-input":"required name=search_term_string"}],"inLanguage":"es-CL"},{"@type":"ImageObject","@id":"https:\/\/ambipar.com\/latam\/ambipar-response-3\/entrenamientos\/hazmat-3\/hazmat-nivel-primero-en-el-sitio\/#primaryimage","inLanguage":"es-CL","url":"https:\/\/ambipar.com\/latam\/wp-content\/uploads\/2020\/10\/HAZMAT.jpg","contentUrl":"https:\/\/ambipar.com\/latam\/wp-content\/uploads\/2020\/10\/HAZMAT.jpg","width":1004,"height":1000,"caption":"HAZMAT"},{"@type":"WebPage","@id":"https:\/\/ambipar.com\/latam\/ambipar-response-3\/entrenamientos\/hazmat-3\/hazmat-nivel-primero-en-el-sitio\/#webpage","url":"https:\/\/ambipar.com\/latam\/ambipar-response-3\/entrenamientos\/hazmat-3\/hazmat-nivel-primero-en-el-sitio\/","name":"Conozca HAZMAT Nivel Primero en el sitio que ofrece Ambipar","isPartOf":{"@id":"https:\/\/ambipar.com\/latam\/#website"},"primaryImageOfPage":{"@id":"https:\/\/ambipar.com\/latam\/ambipar-response-3\/entrenamientos\/hazmat-3\/hazmat-nivel-primero-en-el-sitio\/#primaryimage"},"datePublished":"2020-11-17T09:53:09+00:00","dateModified":"2022-06-21T18:40:24+00:00","description":"OBJETIVO: Establecer los requisitos para las acciones de seguridad que debe tomar el primer equipo de emergencia para responder al suceso","breadcrumb":{"@id":"https:\/\/ambipar.com\/latam\/ambipar-response-3\/entrenamientos\/hazmat-3\/hazmat-nivel-primero-en-el-sitio\/#breadcrumb"},"inLanguage":"es-CL","potentialAction":[{"@type":"ReadAction","target":["https:\/\/ambipar.com\/latam\/ambipar-response-3\/entrenamientos\/hazmat-3\/hazmat-nivel-primero-en-el-sitio\/"]}]},{"@type":"BreadcrumbList","@id":"https:\/\/ambipar.com\/latam\/ambipar-response-3\/entrenamientos\/hazmat-3\/hazmat-nivel-primero-en-el-sitio\/#breadcrumb","itemListElement":[{"@type":"ListItem","position":1,"name":"Home","item":"https:\/\/ambipar.com\/latam\/"},{"@type":"ListItem","position":2,"name":"Ambipar Response","item":"https:\/\/ambipar.com\/latam\/ambipar-response-3\/"},{"@type":"ListItem","position":3,"name":"Entrenamientos","item":"https:\/\/ambipar.com\/latam\/ambipar-response-3\/entrenamientos\/"},{"@type":"ListItem","position":4,"name":"HAZMAT","item":"https:\/\/ambipar.com\/latam\/ambipar-response-3\/entrenamientos\/hazmat-3\/"},{"@type":"ListItem","position":5,"name":"HAZMAT Nivel Primero en el sitio"}]}]}},"_links":{"self":[{"href":"https:\/\/ambipar.com\/latam\/wp-json\/wp\/v2\/pages\/2339"}],"collection":[{"href":"https:\/\/ambipar.com\/latam\/wp-json\/wp\/v2\/pages"}],"about":[{"href":"https:\/\/ambipar.com\/latam\/wp-json\/wp\/v2\/types\/page"}],"author":[{"embeddable":true,"href":"https:\/\/ambipar.com\/latam\/wp-json\/wp\/v2\/users\/1"}],"replies":[{"embeddable":true,"href":"https:\/\/ambipar.com\/latam\/wp-json\/wp\/v2\/comments?post=2339"}],"version-history":[{"count":5,"href":"https:\/\/ambipar.com\/latam\/wp-json\/wp\/v2\/pages\/2339\/revisions"}],"predecessor-version":[{"id":4628,"href":"https:\/\/ambipar.com\/latam\/wp-json\/wp\/v2\/pages\/2339\/revisions\/4628"}],"up":[{"embeddable":true,"href":"https:\/\/ambipar.com\/latam\/wp-json\/wp\/v2\/pages\/2315"}],"wp:featuredmedia":[{"embeddable":true,"href":"https:\/\/ambipar.com\/latam\/wp-json\/wp\/v2\/media\/536"}],"wp:attachment":[{"href":"https:\/\/ambipar.com\/latam\/wp-json\/wp\/v2\/media?parent=2339"}],"curies":[{"name":"wp","href":"https:\/\/api.w.org\/{rel}","templated":true}]}}