{"id":2347,"date":"2020-11-17T07:01:08","date_gmt":"2020-11-17T10:01:08","guid":{"rendered":"https:\/\/ambipar.com\/latam\/?page_id=2347"},"modified":"2022-06-21T15:43:40","modified_gmt":"2022-06-21T18:43:40","slug":"hazmat-nivel-tecnico-2","status":"publish","type":"page","link":"https:\/\/ambipar.com\/latam\/ambipar-response-3\/entrenamientos\/hazmat-3\/hazmat-nivel-tecnico-2\/","title":{"rendered":"HAZMAT Nivel T\u00e9cnico"},"content":{"rendered":"\n<p><strong>OBJETIVO: <\/strong><\/p>\n\n\n\n<p>Dotar a los participantes de conocimientos t\u00e9cnicos y pr\u00e1cticos que les permitan desarrollar acciones ofensivas y preventivas ante emergencias con productos qu\u00edmicos y peligrosos.<\/p>\n\n\n\n<p><strong>P\u00daBLICO OBJETIVO:<\/strong> <\/p>\n\n\n\n<p>Profesionales de los sectores de transporte, naviera, tr\u00e1fico, QSMS, agencias p\u00fablicas u otros sectores que constituyen la brigada de emergencia de la instituci\u00f3n.<\/p>\n\n\n\n<p><strong>CONTENIDO DEL PROGRAMA: <\/strong><\/p>\n\n\n\n<ul><li>Ejecute el Plan de Emergencia para su empresa o lugar de trabajo<\/li><li>Utilice instrumentos y equipos de monitoreo de gas para clasificar, identificar y verificar productos conocidos y desconocidos<\/li><li>Comprender la terminolog\u00eda y el comportamiento de los productos qu\u00edmicos y t\u00f3xicos<\/li><li>Seleccionar y utilizar equipo de protecci\u00f3n personal especializado<\/li><li>Aplicar t\u00e9cnicas de medici\u00f3n de riesgos<\/li><li>Realizar operaciones avanzadas de control, contenci\u00f3n y puesta a tierra, dirigidas a productos peligrosos con recursos espec\u00edficos<\/li><li>Realizar procedimientos de transferencia (cerrados y abiertos) y descontaminaci\u00f3n<\/li><li>Ejecutar el procedimientos de cierre de emergencia<\/li><\/ul>\n\n\n\n<p><strong>CARGA DEL CURSO<\/strong>: 40 HORAS<\/p>\n\n\n\n<div class=\"wp-block-buttons\">\n<div class=\"wp-block-button\"><a class=\"wp-block-button__link\" href=\"https:\/\/ambipar.com\/latam\/cotizacion-de-capacitacion\/\"> SOLICITAR HORARIO<\/a><\/div>\n<\/div>\n\n\n\n<p>Vea los otros m\u00f3dulos del curso HAZMAT:<\/p>\n\n\n\n<ul id=\"block-e08a69f3-3cd8-4edc-9635-108a8a483ec9\"><li><a href=\"https:\/\/ambipar.com\/latam\/es\/ambipar-response\/treinamentos\/hazmat\/hazmat-nivel-primero-en-el-sitio\/\">HAZMAT Nivel Primero en el sitio<\/a><\/li><li><a href=\"https:\/\/ambipar.com\/latam\/es\/ambipar-response\/treinamentos\/hazmat\/hazmat-nivel-de-operaciones\/\">HAZMAT Nivel de Operaciones<\/a><\/li><li><a href=\"https:\/\/ambipar.com\/latam\/es\/ambipar-response\/treinamentos\/hazmat\/hazmat-nivel-comando-ics-2\/\">HAZMAT Nivel Comando ICS<\/a><\/li><li><a href=\"https:\/\/ambipar.com\/latam\/es\/ambipar-response\/treinamentos\/hazmat\/hazmat-nivel-especialista-2\/\">HAZMAT Nivel Especialista<\/a><\/li><\/ul>\n","protected":false},"excerpt":{"rendered":"OBJETIVO: Dotar a los participantes de conocimientos t\u00e9cnicos y pr\u00e1cticos que les permitan desarrollar acciones ofensivas y preventivas ante emergencias con productos qu\u00edmicos y peligrosos. P\u00daBLICO OBJETIVO: Profesionales de los sectores de transporte, naviera, tr\u00e1fico, QSMS, agencias p\u00fablicas u otros sectores que constituyen la brigada de emergencia de la instituci\u00f3n. CONTENIDO DEL PROGRAMA: Ejecute el&#8230; <a class=\"view-article\" href=\"https:\/\/ambipar.com\/latam\/ambipar-response-3\/entrenamientos\/hazmat-3\/hazmat-nivel-tecnico-2\/\">Ver art\u00edculo<\/a>","protected":false},"author":1,"featured_media":488,"parent":2315,"menu_order":0,"comment_status":"closed","ping_status":"closed","template":"single-servicos.php","meta":[],"yoast_head":"<!-- This site is optimized with the Yoast SEO plugin v17.6 - https:\/\/yoast.com\/wordpress\/plugins\/seo\/ -->\n<title>Conozca el HAZMAT Nivel T\u00e9cnico ofrecido por Ambipar<\/title>\n<meta name=\"description\" content=\"OBJETIVO: Proporcionar a los participantes conocimientos t\u00e9cnicos y pr\u00e1cticos que les permitan desarrollar acciones ofensivas y preventivas\" \/>\n<meta name=\"robots\" content=\"index, follow, max-snippet:-1, max-image-preview:large, max-video-preview:-1\" \/>\n<link rel=\"canonical\" href=\"https:\/\/ambipar.com\/latam\/ambipar-response-3\/entrenamientos\/hazmat-3\/hazmat-nivel-tecnico-2\/\" \/>\n<meta property=\"og:locale\" content=\"es_ES\" \/>\n<meta property=\"og:type\" content=\"article\" \/>\n<meta property=\"og:title\" content=\"Conozca el HAZMAT Nivel T\u00e9cnico ofrecido por Ambipar\" \/>\n<meta property=\"og:description\" content=\"OBJETIVO: Proporcionar a los participantes conocimientos t\u00e9cnicos y pr\u00e1cticos que les permitan desarrollar acciones ofensivas y preventivas\" \/>\n<meta property=\"og:url\" content=\"https:\/\/ambipar.com\/latam\/ambipar-response-3\/entrenamientos\/hazmat-3\/hazmat-nivel-tecnico-2\/\" \/>\n<meta property=\"og:site_name\" content=\"Ambipar. A l\u00edder em gest\u00e3o ambiental.\" \/>\n<meta property=\"article:modified_time\" content=\"2022-06-21T18:43:40+00:00\" \/>\n<meta property=\"og:image\" content=\"https:\/\/ambipar.com\/latam\/wp-content\/uploads\/2020\/10\/equipamentos_combate_incendio.jpg\" \/>\n\t<meta property=\"og:image:width\" content=\"463\" \/>\n\t<meta property=\"og:image:height\" content=\"627\" \/>\n<meta name=\"twitter:card\" content=\"summary_large_image\" \/>\n<meta name=\"twitter:label1\" content=\"Est. reading time\" \/>\n\t<meta name=\"twitter:data1\" content=\"1 minuto\" \/>\n<script type=\"application\/ld+json\" class=\"yoast-schema-graph\">{\"@context\":\"https:\/\/schema.org\",\"@graph\":[{\"@type\":\"Organization\",\"@id\":\"https:\/\/ambipar.com\/latam\/#organization\",\"name\":\"Ambipar\",\"url\":\"https:\/\/ambipar.com\/latam\/\",\"sameAs\":[],\"logo\":{\"@type\":\"ImageObject\",\"@id\":\"https:\/\/ambipar.com\/latam\/#logo\",\"inLanguage\":\"es-CL\",\"url\":\"https:\/\/ambipar.com\/latam\/wp-content\/uploads\/2020\/10\/ambipar_color.png\",\"contentUrl\":\"https:\/\/ambipar.com\/latam\/wp-content\/uploads\/2020\/10\/ambipar_color.png\",\"width\":174,\"height\":107,\"caption\":\"Ambipar\"},\"image\":{\"@id\":\"https:\/\/ambipar.com\/latam\/#logo\"}},{\"@type\":\"WebSite\",\"@id\":\"https:\/\/ambipar.com\/latam\/#website\",\"url\":\"https:\/\/ambipar.com\/latam\/\",\"name\":\"Ambipar. A l\\u00edder em gest\\u00e3o ambiental.\",\"description\":\"Pioneira em solu\\u00e7\\u00f5es ambientais, a Ambipar atua em todo o territ\\u00f3rio nacional oferecendo solu\\u00e7\\u00f5es integradas para toda a cadeia de neg\\u00f3cio.\",\"publisher\":{\"@id\":\"https:\/\/ambipar.com\/latam\/#organization\"},\"potentialAction\":[{\"@type\":\"SearchAction\",\"target\":{\"@type\":\"EntryPoint\",\"urlTemplate\":\"https:\/\/ambipar.com\/latam\/?s={search_term_string}\"},\"query-input\":\"required name=search_term_string\"}],\"inLanguage\":\"es-CL\"},{\"@type\":\"ImageObject\",\"@id\":\"https:\/\/ambipar.com\/latam\/ambipar-response-3\/entrenamientos\/hazmat-3\/hazmat-nivel-tecnico-2\/#primaryimage\",\"inLanguage\":\"es-CL\",\"url\":\"https:\/\/ambipar.com\/latam\/wp-content\/uploads\/2020\/10\/equipamentos_combate_incendio.jpg\",\"contentUrl\":\"https:\/\/ambipar.com\/latam\/wp-content\/uploads\/2020\/10\/equipamentos_combate_incendio.jpg\",\"width\":463,\"height\":627,\"caption\":\"Imagem da equipe de combate a inc\\u00eandios em a\\u00e7\\u00e3o\"},{\"@type\":\"WebPage\",\"@id\":\"https:\/\/ambipar.com\/latam\/ambipar-response-3\/entrenamientos\/hazmat-3\/hazmat-nivel-tecnico-2\/#webpage\",\"url\":\"https:\/\/ambipar.com\/latam\/ambipar-response-3\/entrenamientos\/hazmat-3\/hazmat-nivel-tecnico-2\/\",\"name\":\"Conozca el HAZMAT Nivel T\\u00e9cnico ofrecido por Ambipar\",\"isPartOf\":{\"@id\":\"https:\/\/ambipar.com\/latam\/#website\"},\"primaryImageOfPage\":{\"@id\":\"https:\/\/ambipar.com\/latam\/ambipar-response-3\/entrenamientos\/hazmat-3\/hazmat-nivel-tecnico-2\/#primaryimage\"},\"datePublished\":\"2020-11-17T10:01:08+00:00\",\"dateModified\":\"2022-06-21T18:43:40+00:00\",\"description\":\"OBJETIVO: Proporcionar a los participantes conocimientos t\\u00e9cnicos y pr\\u00e1cticos que les permitan desarrollar acciones ofensivas y preventivas\",\"breadcrumb\":{\"@id\":\"https:\/\/ambipar.com\/latam\/ambipar-response-3\/entrenamientos\/hazmat-3\/hazmat-nivel-tecnico-2\/#breadcrumb\"},\"inLanguage\":\"es-CL\",\"potentialAction\":[{\"@type\":\"ReadAction\",\"target\":[\"https:\/\/ambipar.com\/latam\/ambipar-response-3\/entrenamientos\/hazmat-3\/hazmat-nivel-tecnico-2\/\"]}]},{\"@type\":\"BreadcrumbList\",\"@id\":\"https:\/\/ambipar.com\/latam\/ambipar-response-3\/entrenamientos\/hazmat-3\/hazmat-nivel-tecnico-2\/#breadcrumb\",\"itemListElement\":[{\"@type\":\"ListItem\",\"position\":1,\"name\":\"Home\",\"item\":\"https:\/\/ambipar.com\/latam\/\"},{\"@type\":\"ListItem\",\"position\":2,\"name\":\"Ambipar Response\",\"item\":\"https:\/\/ambipar.com\/latam\/ambipar-response-3\/\"},{\"@type\":\"ListItem\",\"position\":3,\"name\":\"Entrenamientos\",\"item\":\"https:\/\/ambipar.com\/latam\/ambipar-response-3\/entrenamientos\/\"},{\"@type\":\"ListItem\",\"position\":4,\"name\":\"HAZMAT\",\"item\":\"https:\/\/ambipar.com\/latam\/ambipar-response-3\/entrenamientos\/hazmat-3\/\"},{\"@type\":\"ListItem\",\"position\":5,\"name\":\"HAZMAT Nivel T\\u00e9cnico\"}]}]}<\/script>\n<!-- \/ Yoast SEO plugin. -->","yoast_head_json":{"title":"Conozca el HAZMAT Nivel T\u00e9cnico ofrecido por Ambipar","description":"OBJETIVO: Proporcionar a los participantes conocimientos t\u00e9cnicos y pr\u00e1cticos que les permitan desarrollar acciones ofensivas y preventivas","robots":{"index":"index","follow":"follow","max-snippet":"max-snippet:-1","max-image-preview":"max-image-preview:large","max-video-preview":"max-video-preview:-1"},"canonical":"https:\/\/ambipar.com\/latam\/ambipar-response-3\/entrenamientos\/hazmat-3\/hazmat-nivel-tecnico-2\/","og_locale":"es_ES","og_type":"article","og_title":"Conozca el HAZMAT Nivel T\u00e9cnico ofrecido por Ambipar","og_description":"OBJETIVO: Proporcionar a los participantes conocimientos t\u00e9cnicos y pr\u00e1cticos que les permitan desarrollar acciones ofensivas y preventivas","og_url":"https:\/\/ambipar.com\/latam\/ambipar-response-3\/entrenamientos\/hazmat-3\/hazmat-nivel-tecnico-2\/","og_site_name":"Ambipar. A l\u00edder em gest\u00e3o ambiental.","article_modified_time":"2022-06-21T18:43:40+00:00","og_image":[{"width":463,"height":627,"url":"https:\/\/ambipar.com\/latam\/wp-content\/uploads\/2020\/10\/equipamentos_combate_incendio.jpg","type":"image\/jpeg"}],"twitter_card":"summary_large_image","twitter_misc":{"Est. reading time":"1 minuto"},"schema":{"@context":"https:\/\/schema.org","@graph":[{"@type":"Organization","@id":"https:\/\/ambipar.com\/latam\/#organization","name":"Ambipar","url":"https:\/\/ambipar.com\/latam\/","sameAs":[],"logo":{"@type":"ImageObject","@id":"https:\/\/ambipar.com\/latam\/#logo","inLanguage":"es-CL","url":"https:\/\/ambipar.com\/latam\/wp-content\/uploads\/2020\/10\/ambipar_color.png","contentUrl":"https:\/\/ambipar.com\/latam\/wp-content\/uploads\/2020\/10\/ambipar_color.png","width":174,"height":107,"caption":"Ambipar"},"image":{"@id":"https:\/\/ambipar.com\/latam\/#logo"}},{"@type":"WebSite","@id":"https:\/\/ambipar.com\/latam\/#website","url":"https:\/\/ambipar.com\/latam\/","name":"Ambipar. A l\u00edder em gest\u00e3o ambiental.","description":"Pioneira em solu\u00e7\u00f5es ambientais, a Ambipar atua em todo o territ\u00f3rio nacional oferecendo solu\u00e7\u00f5es integradas para toda a cadeia de neg\u00f3cio.","publisher":{"@id":"https:\/\/ambipar.com\/latam\/#organization"},"potentialAction":[{"@type":"SearchAction","target":{"@type":"EntryPoint","urlTemplate":"https:\/\/ambipar.com\/latam\/?s={search_term_string}"},"query-input":"required name=search_term_string"}],"inLanguage":"es-CL"},{"@type":"ImageObject","@id":"https:\/\/ambipar.com\/latam\/ambipar-response-3\/entrenamientos\/hazmat-3\/hazmat-nivel-tecnico-2\/#primaryimage","inLanguage":"es-CL","url":"https:\/\/ambipar.com\/latam\/wp-content\/uploads\/2020\/10\/equipamentos_combate_incendio.jpg","contentUrl":"https:\/\/ambipar.com\/latam\/wp-content\/uploads\/2020\/10\/equipamentos_combate_incendio.jpg","width":463,"height":627,"caption":"Imagem da equipe de combate a inc\u00eandios em a\u00e7\u00e3o"},{"@type":"WebPage","@id":"https:\/\/ambipar.com\/latam\/ambipar-response-3\/entrenamientos\/hazmat-3\/hazmat-nivel-tecnico-2\/#webpage","url":"https:\/\/ambipar.com\/latam\/ambipar-response-3\/entrenamientos\/hazmat-3\/hazmat-nivel-tecnico-2\/","name":"Conozca el HAZMAT Nivel T\u00e9cnico ofrecido por Ambipar","isPartOf":{"@id":"https:\/\/ambipar.com\/latam\/#website"},"primaryImageOfPage":{"@id":"https:\/\/ambipar.com\/latam\/ambipar-response-3\/entrenamientos\/hazmat-3\/hazmat-nivel-tecnico-2\/#primaryimage"},"datePublished":"2020-11-17T10:01:08+00:00","dateModified":"2022-06-21T18:43:40+00:00","description":"OBJETIVO: Proporcionar a los participantes conocimientos t\u00e9cnicos y pr\u00e1cticos que les permitan desarrollar acciones ofensivas y preventivas","breadcrumb":{"@id":"https:\/\/ambipar.com\/latam\/ambipar-response-3\/entrenamientos\/hazmat-3\/hazmat-nivel-tecnico-2\/#breadcrumb"},"inLanguage":"es-CL","potentialAction":[{"@type":"ReadAction","target":["https:\/\/ambipar.com\/latam\/ambipar-response-3\/entrenamientos\/hazmat-3\/hazmat-nivel-tecnico-2\/"]}]},{"@type":"BreadcrumbList","@id":"https:\/\/ambipar.com\/latam\/ambipar-response-3\/entrenamientos\/hazmat-3\/hazmat-nivel-tecnico-2\/#breadcrumb","itemListElement":[{"@type":"ListItem","position":1,"name":"Home","item":"https:\/\/ambipar.com\/latam\/"},{"@type":"ListItem","position":2,"name":"Ambipar Response","item":"https:\/\/ambipar.com\/latam\/ambipar-response-3\/"},{"@type":"ListItem","position":3,"name":"Entrenamientos","item":"https:\/\/ambipar.com\/latam\/ambipar-response-3\/entrenamientos\/"},{"@type":"ListItem","position":4,"name":"HAZMAT","item":"https:\/\/ambipar.com\/latam\/ambipar-response-3\/entrenamientos\/hazmat-3\/"},{"@type":"ListItem","position":5,"name":"HAZMAT Nivel T\u00e9cnico"}]}]}},"_links":{"self":[{"href":"https:\/\/ambipar.com\/latam\/wp-json\/wp\/v2\/pages\/2347"}],"collection":[{"href":"https:\/\/ambipar.com\/latam\/wp-json\/wp\/v2\/pages"}],"about":[{"href":"https:\/\/ambipar.com\/latam\/wp-json\/wp\/v2\/types\/page"}],"author":[{"embeddable":true,"href":"https:\/\/ambipar.com\/latam\/wp-json\/wp\/v2\/users\/1"}],"replies":[{"embeddable":true,"href":"https:\/\/ambipar.com\/latam\/wp-json\/wp\/v2\/comments?post=2347"}],"version-history":[{"count":6,"href":"https:\/\/ambipar.com\/latam\/wp-json\/wp\/v2\/pages\/2347\/revisions"}],"predecessor-version":[{"id":4634,"href":"https:\/\/ambipar.com\/latam\/wp-json\/wp\/v2\/pages\/2347\/revisions\/4634"}],"up":[{"embeddable":true,"href":"https:\/\/ambipar.com\/latam\/wp-json\/wp\/v2\/pages\/2315"}],"wp:featuredmedia":[{"embeddable":true,"href":"https:\/\/ambipar.com\/latam\/wp-json\/wp\/v2\/media\/488"}],"wp:attachment":[{"href":"https:\/\/ambipar.com\/latam\/wp-json\/wp\/v2\/media?parent=2347"}],"curies":[{"name":"wp","href":"https:\/\/api.w.org\/{rel}","templated":true}]}}