{"id":235,"date":"2020-10-27T09:04:00","date_gmt":"2020-10-27T12:04:00","guid":{"rendered":"https:\/\/ambipar.com\/latam\/?page_id=235"},"modified":"2021-01-05T20:15:00","modified_gmt":"2021-01-05T23:15:00","slug":"eletroeletronicos","status":"publish","type":"page","link":"https:\/\/ambipar.com\/latam\/pt\/ambipar-environment\/logistica-e-manufatura-reversa\/eletroeletronicos\/","title":{"rendered":"Eletroeletr\u00f4nicos"},"content":{"rendered":"\n<p>O processo de manufatura reversa de eletroeletr\u00f4nicos visa a segrega\u00e7\u00e3o apurada de subprodutos gerados em sua desmontagem para posterior descaracteriza\u00e7\u00e3o, beneficiamento e reinser\u00e7\u00e3o na cadeia produtiva. Valorizamos diversos tipos de materiais:<\/p>\n\n\n\n<ul><li><strong>LINHA BRANCA<\/strong>: geladeiras, freezers, m\u00e1quinas de lavar e similares<\/li><li><strong>LINHA MARROM<\/strong>: TVs e projetores, filmadoras, aparelhos Blu-Ray e outros<\/li><li><strong>LINHA AZUL<\/strong>: pequenos eletrodom\u00e9sticos<\/li><li><strong>LINHA VERDE<\/strong>: microcomputadores, laptops, celulares, servidores e perif\u00e9ricos<\/li><\/ul>\n\n\n\n<p>Veja tamb\u00e9m:<\/p>\n\n\n\n<ul><li><a href=\"https:\/\/ambipar.com\/latam\/ambipar-environment\/logistica-e-manufatura-reversa\/manufatura-reversa\/\">Manufatura Reversa<\/a><\/li><li><a href=\"https:\/\/ambipar.com\/latam\/ambipar-environment\/logistica-e-manufatura-reversa\/cosmeticos-farmacos-e-bebidas\/\">Cosm\u00e9ticos, F\u00e1rmacos e Bebidas<\/a><\/li><li><a href=\"https:\/\/ambipar.com\/latam\/ambipar-environment\/logistica-e-manufatura-reversa\/pecas-automotivas\/\">Pe\u00e7as Automotivas<\/a><\/li><\/ul>\n\n\n\n<p><\/p>\n","protected":false},"excerpt":{"rendered":"O processo de manufatura reversa de eletroeletr\u00f4nicos visa a segrega\u00e7\u00e3o apurada de subprodutos gerados em sua desmontagem para posterior descaracteriza\u00e7\u00e3o, beneficiamento e reinser\u00e7\u00e3o na cadeia produtiva. Valorizamos diversos tipos de materiais: LINHA BRANCA: geladeiras, freezers, m\u00e1quinas de lavar e similares LINHA MARROM: TVs e projetores, filmadoras, aparelhos Blu-Ray e outros LINHA AZUL: pequenos eletrodom\u00e9sticos LINHA&#8230; <a class=\"view-article\" href=\"https:\/\/ambipar.com\/latam\/pt\/ambipar-environment\/logistica-e-manufatura-reversa\/eletroeletronicos\/\">Ver art\u00edculo<\/a>","protected":false},"author":1,"featured_media":240,"parent":218,"menu_order":0,"comment_status":"closed","ping_status":"closed","template":"single-servicos.php","meta":[],"yoast_head":"<!-- This site is optimized with the Yoast SEO plugin v17.6 - https:\/\/yoast.com\/wordpress\/plugins\/seo\/ -->\n<title>Conhe\u00e7a as solu\u00e7\u00f5es para Eletroeletr\u00f4nicos da Ambipar Environment<\/title>\n<meta name=\"description\" content=\"O processo visa a segrega\u00e7\u00e3o apurada de subprodutos gerados em sua desmontagem para posterior descaracteriza\u00e7\u00e3o, beneficiamento e reinser\u00e7\u00e3o.\" \/>\n<meta name=\"robots\" content=\"index, follow, max-snippet:-1, max-image-preview:large, max-video-preview:-1\" \/>\n<link rel=\"canonical\" href=\"https:\/\/ambipar.com\/latam\/pt\/ambipar-environment\/logistica-e-manufatura-reversa\/eletroeletronicos\/\" \/>\n<meta property=\"og:locale\" content=\"es_ES\" \/>\n<meta property=\"og:type\" content=\"article\" \/>\n<meta property=\"og:title\" content=\"Conhe\u00e7a as solu\u00e7\u00f5es para Eletroeletr\u00f4nicos da Ambipar Environment\" \/>\n<meta property=\"og:description\" content=\"O processo visa a segrega\u00e7\u00e3o apurada de subprodutos gerados em sua desmontagem para posterior descaracteriza\u00e7\u00e3o, beneficiamento e reinser\u00e7\u00e3o.\" \/>\n<meta property=\"og:url\" content=\"https:\/\/ambipar.com\/latam\/pt\/ambipar-environment\/logistica-e-manufatura-reversa\/eletroeletronicos\/\" \/>\n<meta property=\"og:site_name\" content=\"Ambipar. A l\u00edder em gest\u00e3o ambiental.\" \/>\n<meta property=\"article:modified_time\" content=\"2021-01-05T23:15:00+00:00\" \/>\n<meta property=\"og:image\" content=\"https:\/\/ambipar.com\/latam\/wp-content\/uploads\/2020\/10\/eletroeletroicos-2.jpg\" \/>\n\t<meta property=\"og:image:width\" content=\"1016\" \/>\n\t<meta property=\"og:image:height\" content=\"1000\" \/>\n<meta name=\"twitter:card\" content=\"summary_large_image\" \/>\n<script type=\"application\/ld+json\" class=\"yoast-schema-graph\">{\"@context\":\"https:\/\/schema.org\",\"@graph\":[{\"@type\":\"Organization\",\"@id\":\"https:\/\/ambipar.com\/latam\/#organization\",\"name\":\"Ambipar\",\"url\":\"https:\/\/ambipar.com\/latam\/\",\"sameAs\":[],\"logo\":{\"@type\":\"ImageObject\",\"@id\":\"https:\/\/ambipar.com\/latam\/#logo\",\"inLanguage\":\"es-CL\",\"url\":\"https:\/\/ambipar.com\/latam\/wp-content\/uploads\/2020\/10\/ambipar_color.png\",\"contentUrl\":\"https:\/\/ambipar.com\/latam\/wp-content\/uploads\/2020\/10\/ambipar_color.png\",\"width\":174,\"height\":107,\"caption\":\"Ambipar\"},\"image\":{\"@id\":\"https:\/\/ambipar.com\/latam\/#logo\"}},{\"@type\":\"WebSite\",\"@id\":\"https:\/\/ambipar.com\/latam\/#website\",\"url\":\"https:\/\/ambipar.com\/latam\/\",\"name\":\"Ambipar. A l\\u00edder em gest\\u00e3o ambiental.\",\"description\":\"Pioneira em solu\\u00e7\\u00f5es ambientais, a Ambipar atua em todo o territ\\u00f3rio nacional oferecendo solu\\u00e7\\u00f5es integradas para toda a cadeia de neg\\u00f3cio.\",\"publisher\":{\"@id\":\"https:\/\/ambipar.com\/latam\/#organization\"},\"potentialAction\":[{\"@type\":\"SearchAction\",\"target\":{\"@type\":\"EntryPoint\",\"urlTemplate\":\"https:\/\/ambipar.com\/latam\/?s={search_term_string}\"},\"query-input\":\"required name=search_term_string\"}],\"inLanguage\":\"es-CL\"},{\"@type\":\"ImageObject\",\"@id\":\"https:\/\/ambipar.com\/latam\/pt\/ambipar-environment\/logistica-e-manufatura-reversa\/eletroeletronicos\/#primaryimage\",\"inLanguage\":\"es-CL\",\"url\":\"https:\/\/ambipar.com\/latam\/wp-content\/uploads\/2020\/10\/eletroeletroicos-2.jpg\",\"contentUrl\":\"https:\/\/ambipar.com\/latam\/wp-content\/uploads\/2020\/10\/eletroeletroicos-2.jpg\",\"width\":1016,\"height\":1000,\"caption\":\"eletroeletr\\u00f4nicos\"},{\"@type\":\"WebPage\",\"@id\":\"https:\/\/ambipar.com\/latam\/pt\/ambipar-environment\/logistica-e-manufatura-reversa\/eletroeletronicos\/#webpage\",\"url\":\"https:\/\/ambipar.com\/latam\/pt\/ambipar-environment\/logistica-e-manufatura-reversa\/eletroeletronicos\/\",\"name\":\"Conhe\\u00e7a as solu\\u00e7\\u00f5es para Eletroeletr\\u00f4nicos da Ambipar Environment\",\"isPartOf\":{\"@id\":\"https:\/\/ambipar.com\/latam\/#website\"},\"primaryImageOfPage\":{\"@id\":\"https:\/\/ambipar.com\/latam\/pt\/ambipar-environment\/logistica-e-manufatura-reversa\/eletroeletronicos\/#primaryimage\"},\"datePublished\":\"2020-10-27T12:04:00+00:00\",\"dateModified\":\"2021-01-05T23:15:00+00:00\",\"description\":\"O processo visa a segrega\\u00e7\\u00e3o apurada de subprodutos gerados em sua desmontagem para posterior descaracteriza\\u00e7\\u00e3o, beneficiamento e reinser\\u00e7\\u00e3o.\",\"breadcrumb\":{\"@id\":\"https:\/\/ambipar.com\/latam\/pt\/ambipar-environment\/logistica-e-manufatura-reversa\/eletroeletronicos\/#breadcrumb\"},\"inLanguage\":\"es-CL\",\"potentialAction\":[{\"@type\":\"ReadAction\",\"target\":[\"https:\/\/ambipar.com\/latam\/pt\/ambipar-environment\/logistica-e-manufatura-reversa\/eletroeletronicos\/\"]}]},{\"@type\":\"BreadcrumbList\",\"@id\":\"https:\/\/ambipar.com\/latam\/pt\/ambipar-environment\/logistica-e-manufatura-reversa\/eletroeletronicos\/#breadcrumb\",\"itemListElement\":[{\"@type\":\"ListItem\",\"position\":1,\"name\":\"Home\",\"item\":\"https:\/\/ambipar.com\/latam\/\"},{\"@type\":\"ListItem\",\"position\":2,\"name\":\"Ambipar Environment\",\"item\":\"https:\/\/ambipar.com\/latam\/pt\/ambipar-environment\/\"},{\"@type\":\"ListItem\",\"position\":3,\"name\":\"Log\\u00edstica e Manufatura Reversa\",\"item\":\"https:\/\/ambipar.com\/latam\/pt\/ambipar-environment\/logistica-e-manufatura-reversa\/\"},{\"@type\":\"ListItem\",\"position\":4,\"name\":\"Eletroeletr\\u00f4nicos\"}]}]}<\/script>\n<!-- \/ Yoast SEO plugin. -->","yoast_head_json":{"title":"Conhe\u00e7a as solu\u00e7\u00f5es para Eletroeletr\u00f4nicos da Ambipar Environment","description":"O processo visa a segrega\u00e7\u00e3o apurada de subprodutos gerados em sua desmontagem para posterior descaracteriza\u00e7\u00e3o, beneficiamento e reinser\u00e7\u00e3o.","robots":{"index":"index","follow":"follow","max-snippet":"max-snippet:-1","max-image-preview":"max-image-preview:large","max-video-preview":"max-video-preview:-1"},"canonical":"https:\/\/ambipar.com\/latam\/pt\/ambipar-environment\/logistica-e-manufatura-reversa\/eletroeletronicos\/","og_locale":"es_ES","og_type":"article","og_title":"Conhe\u00e7a as solu\u00e7\u00f5es para Eletroeletr\u00f4nicos da Ambipar Environment","og_description":"O processo visa a segrega\u00e7\u00e3o apurada de subprodutos gerados em sua desmontagem para posterior descaracteriza\u00e7\u00e3o, beneficiamento e reinser\u00e7\u00e3o.","og_url":"https:\/\/ambipar.com\/latam\/pt\/ambipar-environment\/logistica-e-manufatura-reversa\/eletroeletronicos\/","og_site_name":"Ambipar. A l\u00edder em gest\u00e3o ambiental.","article_modified_time":"2021-01-05T23:15:00+00:00","og_image":[{"width":1016,"height":1000,"url":"https:\/\/ambipar.com\/latam\/wp-content\/uploads\/2020\/10\/eletroeletroicos-2.jpg","type":"image\/jpeg"}],"twitter_card":"summary_large_image","schema":{"@context":"https:\/\/schema.org","@graph":[{"@type":"Organization","@id":"https:\/\/ambipar.com\/latam\/#organization","name":"Ambipar","url":"https:\/\/ambipar.com\/latam\/","sameAs":[],"logo":{"@type":"ImageObject","@id":"https:\/\/ambipar.com\/latam\/#logo","inLanguage":"es-CL","url":"https:\/\/ambipar.com\/latam\/wp-content\/uploads\/2020\/10\/ambipar_color.png","contentUrl":"https:\/\/ambipar.com\/latam\/wp-content\/uploads\/2020\/10\/ambipar_color.png","width":174,"height":107,"caption":"Ambipar"},"image":{"@id":"https:\/\/ambipar.com\/latam\/#logo"}},{"@type":"WebSite","@id":"https:\/\/ambipar.com\/latam\/#website","url":"https:\/\/ambipar.com\/latam\/","name":"Ambipar. A l\u00edder em gest\u00e3o ambiental.","description":"Pioneira em solu\u00e7\u00f5es ambientais, a Ambipar atua em todo o territ\u00f3rio nacional oferecendo solu\u00e7\u00f5es integradas para toda a cadeia de neg\u00f3cio.","publisher":{"@id":"https:\/\/ambipar.com\/latam\/#organization"},"potentialAction":[{"@type":"SearchAction","target":{"@type":"EntryPoint","urlTemplate":"https:\/\/ambipar.com\/latam\/?s={search_term_string}"},"query-input":"required name=search_term_string"}],"inLanguage":"es-CL"},{"@type":"ImageObject","@id":"https:\/\/ambipar.com\/latam\/pt\/ambipar-environment\/logistica-e-manufatura-reversa\/eletroeletronicos\/#primaryimage","inLanguage":"es-CL","url":"https:\/\/ambipar.com\/latam\/wp-content\/uploads\/2020\/10\/eletroeletroicos-2.jpg","contentUrl":"https:\/\/ambipar.com\/latam\/wp-content\/uploads\/2020\/10\/eletroeletroicos-2.jpg","width":1016,"height":1000,"caption":"eletroeletr\u00f4nicos"},{"@type":"WebPage","@id":"https:\/\/ambipar.com\/latam\/pt\/ambipar-environment\/logistica-e-manufatura-reversa\/eletroeletronicos\/#webpage","url":"https:\/\/ambipar.com\/latam\/pt\/ambipar-environment\/logistica-e-manufatura-reversa\/eletroeletronicos\/","name":"Conhe\u00e7a as solu\u00e7\u00f5es para Eletroeletr\u00f4nicos da Ambipar Environment","isPartOf":{"@id":"https:\/\/ambipar.com\/latam\/#website"},"primaryImageOfPage":{"@id":"https:\/\/ambipar.com\/latam\/pt\/ambipar-environment\/logistica-e-manufatura-reversa\/eletroeletronicos\/#primaryimage"},"datePublished":"2020-10-27T12:04:00+00:00","dateModified":"2021-01-05T23:15:00+00:00","description":"O processo visa a segrega\u00e7\u00e3o apurada de subprodutos gerados em sua desmontagem para posterior descaracteriza\u00e7\u00e3o, beneficiamento e reinser\u00e7\u00e3o.","breadcrumb":{"@id":"https:\/\/ambipar.com\/latam\/pt\/ambipar-environment\/logistica-e-manufatura-reversa\/eletroeletronicos\/#breadcrumb"},"inLanguage":"es-CL","potentialAction":[{"@type":"ReadAction","target":["https:\/\/ambipar.com\/latam\/pt\/ambipar-environment\/logistica-e-manufatura-reversa\/eletroeletronicos\/"]}]},{"@type":"BreadcrumbList","@id":"https:\/\/ambipar.com\/latam\/pt\/ambipar-environment\/logistica-e-manufatura-reversa\/eletroeletronicos\/#breadcrumb","itemListElement":[{"@type":"ListItem","position":1,"name":"Home","item":"https:\/\/ambipar.com\/latam\/"},{"@type":"ListItem","position":2,"name":"Ambipar Environment","item":"https:\/\/ambipar.com\/latam\/pt\/ambipar-environment\/"},{"@type":"ListItem","position":3,"name":"Log\u00edstica e Manufatura Reversa","item":"https:\/\/ambipar.com\/latam\/pt\/ambipar-environment\/logistica-e-manufatura-reversa\/"},{"@type":"ListItem","position":4,"name":"Eletroeletr\u00f4nicos"}]}]}},"_links":{"self":[{"href":"https:\/\/ambipar.com\/latam\/wp-json\/wp\/v2\/pages\/235"}],"collection":[{"href":"https:\/\/ambipar.com\/latam\/wp-json\/wp\/v2\/pages"}],"about":[{"href":"https:\/\/ambipar.com\/latam\/wp-json\/wp\/v2\/types\/page"}],"author":[{"embeddable":true,"href":"https:\/\/ambipar.com\/latam\/wp-json\/wp\/v2\/users\/1"}],"replies":[{"embeddable":true,"href":"https:\/\/ambipar.com\/latam\/wp-json\/wp\/v2\/comments?post=235"}],"version-history":[{"count":4,"href":"https:\/\/ambipar.com\/latam\/wp-json\/wp\/v2\/pages\/235\/revisions"}],"predecessor-version":[{"id":369,"href":"https:\/\/ambipar.com\/latam\/wp-json\/wp\/v2\/pages\/235\/revisions\/369"}],"up":[{"embeddable":true,"href":"https:\/\/ambipar.com\/latam\/wp-json\/wp\/v2\/pages\/218"}],"wp:featuredmedia":[{"embeddable":true,"href":"https:\/\/ambipar.com\/latam\/wp-json\/wp\/v2\/media\/240"}],"wp:attachment":[{"href":"https:\/\/ambipar.com\/latam\/wp-json\/wp\/v2\/media?parent=235"}],"curies":[{"name":"wp","href":"https:\/\/api.w.org\/{rel}","templated":true}]}}