{"id":2366,"date":"2020-11-17T07:20:05","date_gmt":"2020-11-17T10:20:05","guid":{"rendered":"https:\/\/ambipar.com\/latam\/?page_id=2366"},"modified":"2022-06-21T15:51:08","modified_gmt":"2022-06-21T18:51:08","slug":"nr-10-sistema-de-energia-electrica-sep","status":"publish","type":"page","link":"https:\/\/ambipar.com\/latam\/ambipar-response-3\/entrenamientos\/nrs-3\/nr-10-sistema-de-energia-electrica-sep\/","title":{"rendered":"NR 10 \u2013 Sistema de Energ\u00eda El\u00e9ctrica (SEP)"},"content":{"rendered":"\n<p><strong>OBJETIVO:<\/strong><\/p>\n\n\n\n<p>Establecer pautas b\u00e1sicas para la implementaci\u00f3n de medidas de control y sistemas preventivos, para garantizar la salud y seguridad de los trabajadores que interact\u00faan directa o indirectamente en instalaciones y servicios el\u00e9ctricos con electricidad.<\/p>\n\n\n\n<p><strong>P\u00daBLICO OBJETIVO:<\/strong><\/p>\n\n\n\n<p>Profesionales que trabajan directa o indirectamente con alta tensi\u00f3n en sistemas de alta potencia (Cabina Primaria \/ Transformador).<\/p>\n\n\n\n<p><strong>CONTENIDO DEL PROGRAMA:<\/strong><\/p>\n\n\n\n<ul><li>Organizaci\u00f3n del Sistema El\u00e9ctrico de Energ\u00eda &#8211; SEP<\/li><li>Organizaci\u00f3n del Trabajo<\/li><li>Aspectos de comportamiento<\/li><li>Condiciones que obstaculizan los servicios<\/li><li>Riesgos t\u00edpicos en la SEP y su prevenci\u00f3n<\/li><li>T\u00e9cnicas de an\u00e1lisis de riesgo en SEP<\/li><li>Procedimientos de trabajo &#8211; An\u00e1lisis y discusi\u00f3n<\/li><li>T\u00e9cnicas de trabajo bajo tensi\u00f3n<\/li><li>Se\u00f1alizaci\u00f3n y aislamiento del \u00e1rea de trabajo<\/li><\/ul>\n\n\n\n<p>CARGA DEL CURSO: 40 horas<\/p>\n\n\n\n<div class=\"wp-block-buttons\">\n<div class=\"wp-block-button\"><a class=\"wp-block-button__link\" href=\"https:\/\/ambipar.com\/latam\/cotizacion-de-capacitacion\/\"> SOLICITAR HORARIO<\/a><\/div>\n<\/div>\n\n\n\n<p>Conozca los otros m\u00f3dulos de capacitaci\u00f3n relacionados con los Est\u00e1ndares Regulatorios Internacionales y Brasile\u00f1os (NR):<\/p>\n\n\n\n<ul id=\"block-ca2cee68-bd2d-431c-89ac-0683ec916488\"><li><a href=\"https:\/\/ambipar.com\/latam\/ambipar-response-3\/entrenamientos\/nrs-3\/nr-10-seguridad-electrica-basico\/\">NR 10 \u2013 Seguridad el\u00e9ctrica \u2013 B\u00e1sico<\/a><\/li><li><a href=\"https:\/\/ambipar.com\/latam\/ambipar-response-3\/entrenamientos\/nrs-3\/nr-20-seguridad-en-el-trabajo-con-inflamables-y-combustibles-basico\/\">NR 20 \u2013 Seguridad en el Trabajo con Inflamables y Combustibles \u2013 B\u00e1sico<\/a><\/li><li><a href=\"https:\/\/ambipar.com\/latam\/ambipar-response-3\/entrenamientos\/nrs-3\/nr-20-seguridad-en-el-trabajo-con-inflamables-y-combustibles-intermedio\/\">NR 20 \u2013 Seguridad en el Trabajo con Inflamables y Combustibles \u2013 Intermedio<\/a><\/li><li><a href=\"https:\/\/ambipar.com\/latam\/ambipar-response-3\/entrenamientos\/nrs-3\/nr-20-seguridad-en-el-trabajo-con-materiales-inflamables-y-combustibles-avanzado\/\">NR 20 \u2013 Seguridad en el Trabajo con Materiales Inflamables y Combustibles \u2013 Avanzado<\/a><\/li><li><a href=\"https:\/\/ambipar.com\/latam\/ambipar-response-3\/entrenamientos\/nrs-3\/nr-33-espacios-confinados-autorizados-y-vigilantes\/\">NR 33 \u2013 Espacios confinados \u2013 Autorizados y Vigilantes<\/a><\/li><li><a href=\"https:\/\/ambipar.com\/latam\/ambipar-response-3\/entrenamientos\/nrs-3\/nr-33-espacios-confinados-supervisor\/\">NR 33 \u2013 Espacios confinados \u2013 Supervisor<\/a><\/li><li><a href=\"https:\/\/ambipar.com\/latam\/ambipar-response-3\/entrenamientos\/nrs-3\/trabajo-en-altura\/\">NR 35 \u2013 Trabajo en altura<\/a><\/li><\/ul>\n","protected":false},"excerpt":{"rendered":"OBJETIVO: Establecer pautas b\u00e1sicas para la implementaci\u00f3n de medidas de control y sistemas preventivos, para garantizar la salud y seguridad de los trabajadores que interact\u00faan directa o indirectamente en instalaciones y servicios el\u00e9ctricos con electricidad. P\u00daBLICO OBJETIVO: Profesionales que trabajan directa o indirectamente con alta tensi\u00f3n en sistemas de alta potencia (Cabina Primaria \/ Transformador)&#8230;. <a class=\"view-article\" href=\"https:\/\/ambipar.com\/latam\/ambipar-response-3\/entrenamientos\/nrs-3\/nr-10-sistema-de-energia-electrica-sep\/\">Ver art\u00edculo<\/a>","protected":false},"author":1,"featured_media":867,"parent":2354,"menu_order":0,"comment_status":"closed","ping_status":"closed","template":"single-servicos.php","meta":[],"yoast_head":"<!-- This site is optimized with the Yoast SEO plugin v17.6 - https:\/\/yoast.com\/wordpress\/plugins\/seo\/ -->\n<title>Curso NR 10 - Sistema de Energ\u00eda El\u00e9ctrica (SEP) de Ambipar<\/title>\n<meta name=\"description\" content=\"OBJETIVO: lineamientos b\u00e1sicos para la implementaci\u00f3n de medidas de control y sistemas preventivos, para garantizar la salud y seguridad de los trabajadores\" \/>\n<meta name=\"robots\" content=\"index, follow, max-snippet:-1, max-image-preview:large, max-video-preview:-1\" \/>\n<link rel=\"canonical\" href=\"https:\/\/ambipar.com\/latam\/ambipar-response-3\/entrenamientos\/nrs-3\/nr-10-sistema-de-energia-electrica-sep\/\" \/>\n<meta property=\"og:locale\" content=\"es_ES\" \/>\n<meta property=\"og:type\" content=\"article\" \/>\n<meta property=\"og:title\" content=\"Curso NR 10 - Sistema de Energ\u00eda El\u00e9ctrica (SEP) de Ambipar\" \/>\n<meta property=\"og:description\" content=\"OBJETIVO: lineamientos b\u00e1sicos para la implementaci\u00f3n de medidas de control y sistemas preventivos, para garantizar la salud y seguridad de los trabajadores\" \/>\n<meta property=\"og:url\" content=\"https:\/\/ambipar.com\/latam\/ambipar-response-3\/entrenamientos\/nrs-3\/nr-10-sistema-de-energia-electrica-sep\/\" \/>\n<meta property=\"og:site_name\" content=\"Ambipar. A l\u00edder em gest\u00e3o ambiental.\" \/>\n<meta property=\"article:modified_time\" content=\"2022-06-21T18:51:08+00:00\" \/>\n<meta property=\"og:image\" content=\"https:\/\/ambipar.com\/latam\/wp-content\/uploads\/2020\/10\/NR12.jpg\" \/>\n\t<meta property=\"og:image:width\" content=\"1000\" \/>\n\t<meta property=\"og:image:height\" content=\"1000\" \/>\n<meta name=\"twitter:card\" content=\"summary_large_image\" \/>\n<meta name=\"twitter:label1\" content=\"Est. reading time\" \/>\n\t<meta name=\"twitter:data1\" content=\"1 minuto\" \/>\n<script type=\"application\/ld+json\" class=\"yoast-schema-graph\">{\"@context\":\"https:\/\/schema.org\",\"@graph\":[{\"@type\":\"Organization\",\"@id\":\"https:\/\/ambipar.com\/latam\/#organization\",\"name\":\"Ambipar\",\"url\":\"https:\/\/ambipar.com\/latam\/\",\"sameAs\":[],\"logo\":{\"@type\":\"ImageObject\",\"@id\":\"https:\/\/ambipar.com\/latam\/#logo\",\"inLanguage\":\"es-CL\",\"url\":\"https:\/\/ambipar.com\/latam\/wp-content\/uploads\/2020\/10\/ambipar_color.png\",\"contentUrl\":\"https:\/\/ambipar.com\/latam\/wp-content\/uploads\/2020\/10\/ambipar_color.png\",\"width\":174,\"height\":107,\"caption\":\"Ambipar\"},\"image\":{\"@id\":\"https:\/\/ambipar.com\/latam\/#logo\"}},{\"@type\":\"WebSite\",\"@id\":\"https:\/\/ambipar.com\/latam\/#website\",\"url\":\"https:\/\/ambipar.com\/latam\/\",\"name\":\"Ambipar. A l\\u00edder em gest\\u00e3o ambiental.\",\"description\":\"Pioneira em solu\\u00e7\\u00f5es ambientais, a Ambipar atua em todo o territ\\u00f3rio nacional oferecendo solu\\u00e7\\u00f5es integradas para toda a cadeia de neg\\u00f3cio.\",\"publisher\":{\"@id\":\"https:\/\/ambipar.com\/latam\/#organization\"},\"potentialAction\":[{\"@type\":\"SearchAction\",\"target\":{\"@type\":\"EntryPoint\",\"urlTemplate\":\"https:\/\/ambipar.com\/latam\/?s={search_term_string}\"},\"query-input\":\"required name=search_term_string\"}],\"inLanguage\":\"es-CL\"},{\"@type\":\"ImageObject\",\"@id\":\"https:\/\/ambipar.com\/latam\/ambipar-response-3\/entrenamientos\/nrs-3\/nr-10-sistema-de-energia-electrica-sep\/#primaryimage\",\"inLanguage\":\"es-CL\",\"url\":\"https:\/\/ambipar.com\/latam\/wp-content\/uploads\/2020\/10\/NR12.jpg\",\"contentUrl\":\"https:\/\/ambipar.com\/latam\/wp-content\/uploads\/2020\/10\/NR12.jpg\",\"width\":1000,\"height\":1000,\"caption\":\"NR12\"},{\"@type\":\"WebPage\",\"@id\":\"https:\/\/ambipar.com\/latam\/ambipar-response-3\/entrenamientos\/nrs-3\/nr-10-sistema-de-energia-electrica-sep\/#webpage\",\"url\":\"https:\/\/ambipar.com\/latam\/ambipar-response-3\/entrenamientos\/nrs-3\/nr-10-sistema-de-energia-electrica-sep\/\",\"name\":\"Curso NR 10 - Sistema de Energ\\u00eda El\\u00e9ctrica (SEP) de Ambipar\",\"isPartOf\":{\"@id\":\"https:\/\/ambipar.com\/latam\/#website\"},\"primaryImageOfPage\":{\"@id\":\"https:\/\/ambipar.com\/latam\/ambipar-response-3\/entrenamientos\/nrs-3\/nr-10-sistema-de-energia-electrica-sep\/#primaryimage\"},\"datePublished\":\"2020-11-17T10:20:05+00:00\",\"dateModified\":\"2022-06-21T18:51:08+00:00\",\"description\":\"OBJETIVO: lineamientos b\\u00e1sicos para la implementaci\\u00f3n de medidas de control y sistemas preventivos, para garantizar la salud y seguridad de los trabajadores\",\"breadcrumb\":{\"@id\":\"https:\/\/ambipar.com\/latam\/ambipar-response-3\/entrenamientos\/nrs-3\/nr-10-sistema-de-energia-electrica-sep\/#breadcrumb\"},\"inLanguage\":\"es-CL\",\"potentialAction\":[{\"@type\":\"ReadAction\",\"target\":[\"https:\/\/ambipar.com\/latam\/ambipar-response-3\/entrenamientos\/nrs-3\/nr-10-sistema-de-energia-electrica-sep\/\"]}]},{\"@type\":\"BreadcrumbList\",\"@id\":\"https:\/\/ambipar.com\/latam\/ambipar-response-3\/entrenamientos\/nrs-3\/nr-10-sistema-de-energia-electrica-sep\/#breadcrumb\",\"itemListElement\":[{\"@type\":\"ListItem\",\"position\":1,\"name\":\"Home\",\"item\":\"https:\/\/ambipar.com\/latam\/\"},{\"@type\":\"ListItem\",\"position\":2,\"name\":\"Ambipar Response\",\"item\":\"https:\/\/ambipar.com\/latam\/ambipar-response-3\/\"},{\"@type\":\"ListItem\",\"position\":3,\"name\":\"Entrenamientos\",\"item\":\"https:\/\/ambipar.com\/latam\/ambipar-response-3\/entrenamientos\/\"},{\"@type\":\"ListItem\",\"position\":4,\"name\":\"NR\\u2019S\",\"item\":\"https:\/\/ambipar.com\/latam\/ambipar-response-3\/entrenamientos\/nrs-3\/\"},{\"@type\":\"ListItem\",\"position\":5,\"name\":\"NR 10 \\u2013 Sistema de Energ\\u00eda El\\u00e9ctrica (SEP)\"}]}]}<\/script>\n<!-- \/ Yoast SEO plugin. -->","yoast_head_json":{"title":"Curso NR 10 - Sistema de Energ\u00eda El\u00e9ctrica (SEP) de Ambipar","description":"OBJETIVO: lineamientos b\u00e1sicos para la implementaci\u00f3n de medidas de control y sistemas preventivos, para garantizar la salud y seguridad de los trabajadores","robots":{"index":"index","follow":"follow","max-snippet":"max-snippet:-1","max-image-preview":"max-image-preview:large","max-video-preview":"max-video-preview:-1"},"canonical":"https:\/\/ambipar.com\/latam\/ambipar-response-3\/entrenamientos\/nrs-3\/nr-10-sistema-de-energia-electrica-sep\/","og_locale":"es_ES","og_type":"article","og_title":"Curso NR 10 - Sistema de Energ\u00eda El\u00e9ctrica (SEP) de Ambipar","og_description":"OBJETIVO: lineamientos b\u00e1sicos para la implementaci\u00f3n de medidas de control y sistemas preventivos, para garantizar la salud y seguridad de los trabajadores","og_url":"https:\/\/ambipar.com\/latam\/ambipar-response-3\/entrenamientos\/nrs-3\/nr-10-sistema-de-energia-electrica-sep\/","og_site_name":"Ambipar. A l\u00edder em gest\u00e3o ambiental.","article_modified_time":"2022-06-21T18:51:08+00:00","og_image":[{"width":1000,"height":1000,"url":"https:\/\/ambipar.com\/latam\/wp-content\/uploads\/2020\/10\/NR12.jpg","type":"image\/jpeg"}],"twitter_card":"summary_large_image","twitter_misc":{"Est. reading time":"1 minuto"},"schema":{"@context":"https:\/\/schema.org","@graph":[{"@type":"Organization","@id":"https:\/\/ambipar.com\/latam\/#organization","name":"Ambipar","url":"https:\/\/ambipar.com\/latam\/","sameAs":[],"logo":{"@type":"ImageObject","@id":"https:\/\/ambipar.com\/latam\/#logo","inLanguage":"es-CL","url":"https:\/\/ambipar.com\/latam\/wp-content\/uploads\/2020\/10\/ambipar_color.png","contentUrl":"https:\/\/ambipar.com\/latam\/wp-content\/uploads\/2020\/10\/ambipar_color.png","width":174,"height":107,"caption":"Ambipar"},"image":{"@id":"https:\/\/ambipar.com\/latam\/#logo"}},{"@type":"WebSite","@id":"https:\/\/ambipar.com\/latam\/#website","url":"https:\/\/ambipar.com\/latam\/","name":"Ambipar. A l\u00edder em gest\u00e3o ambiental.","description":"Pioneira em solu\u00e7\u00f5es ambientais, a Ambipar atua em todo o territ\u00f3rio nacional oferecendo solu\u00e7\u00f5es integradas para toda a cadeia de neg\u00f3cio.","publisher":{"@id":"https:\/\/ambipar.com\/latam\/#organization"},"potentialAction":[{"@type":"SearchAction","target":{"@type":"EntryPoint","urlTemplate":"https:\/\/ambipar.com\/latam\/?s={search_term_string}"},"query-input":"required name=search_term_string"}],"inLanguage":"es-CL"},{"@type":"ImageObject","@id":"https:\/\/ambipar.com\/latam\/ambipar-response-3\/entrenamientos\/nrs-3\/nr-10-sistema-de-energia-electrica-sep\/#primaryimage","inLanguage":"es-CL","url":"https:\/\/ambipar.com\/latam\/wp-content\/uploads\/2020\/10\/NR12.jpg","contentUrl":"https:\/\/ambipar.com\/latam\/wp-content\/uploads\/2020\/10\/NR12.jpg","width":1000,"height":1000,"caption":"NR12"},{"@type":"WebPage","@id":"https:\/\/ambipar.com\/latam\/ambipar-response-3\/entrenamientos\/nrs-3\/nr-10-sistema-de-energia-electrica-sep\/#webpage","url":"https:\/\/ambipar.com\/latam\/ambipar-response-3\/entrenamientos\/nrs-3\/nr-10-sistema-de-energia-electrica-sep\/","name":"Curso NR 10 - Sistema de Energ\u00eda El\u00e9ctrica (SEP) de Ambipar","isPartOf":{"@id":"https:\/\/ambipar.com\/latam\/#website"},"primaryImageOfPage":{"@id":"https:\/\/ambipar.com\/latam\/ambipar-response-3\/entrenamientos\/nrs-3\/nr-10-sistema-de-energia-electrica-sep\/#primaryimage"},"datePublished":"2020-11-17T10:20:05+00:00","dateModified":"2022-06-21T18:51:08+00:00","description":"OBJETIVO: lineamientos b\u00e1sicos para la implementaci\u00f3n de medidas de control y sistemas preventivos, para garantizar la salud y seguridad de los trabajadores","breadcrumb":{"@id":"https:\/\/ambipar.com\/latam\/ambipar-response-3\/entrenamientos\/nrs-3\/nr-10-sistema-de-energia-electrica-sep\/#breadcrumb"},"inLanguage":"es-CL","potentialAction":[{"@type":"ReadAction","target":["https:\/\/ambipar.com\/latam\/ambipar-response-3\/entrenamientos\/nrs-3\/nr-10-sistema-de-energia-electrica-sep\/"]}]},{"@type":"BreadcrumbList","@id":"https:\/\/ambipar.com\/latam\/ambipar-response-3\/entrenamientos\/nrs-3\/nr-10-sistema-de-energia-electrica-sep\/#breadcrumb","itemListElement":[{"@type":"ListItem","position":1,"name":"Home","item":"https:\/\/ambipar.com\/latam\/"},{"@type":"ListItem","position":2,"name":"Ambipar Response","item":"https:\/\/ambipar.com\/latam\/ambipar-response-3\/"},{"@type":"ListItem","position":3,"name":"Entrenamientos","item":"https:\/\/ambipar.com\/latam\/ambipar-response-3\/entrenamientos\/"},{"@type":"ListItem","position":4,"name":"NR\u2019S","item":"https:\/\/ambipar.com\/latam\/ambipar-response-3\/entrenamientos\/nrs-3\/"},{"@type":"ListItem","position":5,"name":"NR 10 \u2013 Sistema de Energ\u00eda El\u00e9ctrica (SEP)"}]}]}},"_links":{"self":[{"href":"https:\/\/ambipar.com\/latam\/wp-json\/wp\/v2\/pages\/2366"}],"collection":[{"href":"https:\/\/ambipar.com\/latam\/wp-json\/wp\/v2\/pages"}],"about":[{"href":"https:\/\/ambipar.com\/latam\/wp-json\/wp\/v2\/types\/page"}],"author":[{"embeddable":true,"href":"https:\/\/ambipar.com\/latam\/wp-json\/wp\/v2\/users\/1"}],"replies":[{"embeddable":true,"href":"https:\/\/ambipar.com\/latam\/wp-json\/wp\/v2\/comments?post=2366"}],"version-history":[{"count":7,"href":"https:\/\/ambipar.com\/latam\/wp-json\/wp\/v2\/pages\/2366\/revisions"}],"predecessor-version":[{"id":4649,"href":"https:\/\/ambipar.com\/latam\/wp-json\/wp\/v2\/pages\/2366\/revisions\/4649"}],"up":[{"embeddable":true,"href":"https:\/\/ambipar.com\/latam\/wp-json\/wp\/v2\/pages\/2354"}],"wp:featuredmedia":[{"embeddable":true,"href":"https:\/\/ambipar.com\/latam\/wp-json\/wp\/v2\/media\/867"}],"wp:attachment":[{"href":"https:\/\/ambipar.com\/latam\/wp-json\/wp\/v2\/media?parent=2366"}],"curies":[{"name":"wp","href":"https:\/\/api.w.org\/{rel}","templated":true}]}}