{"id":2370,"date":"2020-11-17T07:24:16","date_gmt":"2020-11-17T10:24:16","guid":{"rendered":"https:\/\/ambipar.com\/latam\/?page_id=2370"},"modified":"2021-01-15T08:35:56","modified_gmt":"2021-01-15T11:35:56","slug":"nr-20-safety-at-work-with-flammable-and-com-fuel-advanced","status":"publish","type":"page","link":"https:\/\/ambipar.com\/latam\/en\/ambipar-response\/treinamentos\/nrs\/nr-20-safety-at-work-with-flammable-and-com-fuel-advanced\/","title":{"rendered":"NR 20 &#8211; Safety at Work with Flammable and Com fuel &#8211; Advanced"},"content":{"rendered":"\n<p><strong>OBJECTIVE:<\/strong><\/p>\n\n\n\n<p>Train workers who store and handle liquid products and flammable fuels.<\/p>\n\n\n\n<p><strong>TARGET AUDIENCE:<\/strong><\/p>\n\n\n\n<p>Workers performing operations and emergency response activities in Class II and III facilities.<\/p>\n\n\n\n<p><strong>PROGRAM CONTENT:<\/strong><\/p>\n\n\n\n<ul><li>Flammable: characteristics, properties, hazards and risks<\/li><li>Collective and individual controls for work with flammable<\/li><li>Protection against fire with flammable<\/li><li>Procedures in emergency situations with flammable<\/li><li>Risk Analysis Methodologies and Permission to Work with Flammable<\/li><li>Accidents with flammable: analysis of causes and preventive measures<\/li><li>Planning of Responding to flammable emergencies<\/li><\/ul>\n\n\n\n<p><strong>COURSE LOAD: <\/strong><\/p>\n\n\n\n<ul><li>Class II installation: 20 hours<\/li><li>Class III installation: 32 hours<\/li><\/ul>\n\n\n\n<div class=\"wp-block-buttons\">\n<div class=\"wp-block-button\"><a class=\"wp-block-button__link\" href=\"https:\/\/app.smartsheet.com\/b\/form\/57a977c9e30244acbdc17c86e82b5ef9\" target=\"_blank\" rel=\"noreferrer noopener\"> REQUEST SCHEDULE<\/a><\/div>\n<\/div>\n\n\n\n<p>Get to know the other training modules related to Brazilian and International Regulatory Standards (NR):<\/p>\n\n\n\n<ul id=\"block-ca2cee68-bd2d-431c-89ac-0683ec916488\"><li><a href=\"https:\/\/ambipar.com\/latam\/en\/ambipar-response\/treinamentos\/nrs\/nr-10-electricity-safety-basic\/\">NR 10 &#8211; Electricity Safety &#8211; Basic<\/a><\/li><li><a href=\"https:\/\/ambipar.com\/latam\/en\/ambipar-response\/treinamentos\/nrs\/nr-10-electric-power-system-sep\/\">NR 10 \u2013 Electric Power System (SEP)<\/a><\/li><li><a href=\"https:\/\/ambipar.com\/latam\/en\/ambipar-response\/treinamentos\/nrs\/nr-20-safety-at-work-with-flammable-and-combustible-basic\/\">NR 20 &#8211; Safety at Work with Flammable and Combustible &#8211; Basic <\/a><\/li><li><a href=\"https:\/\/ambipar.com\/latam\/en\/ambipar-response\/treinamentos\/nrs\/nr-20-safety-at-work-with-flammable-and-fuels-intermediate\/\">NR 20 &#8211; Safety at Work with Flammable and Fuels &#8211; Intermediate<\/a><\/li><li><a href=\"https:\/\/ambipar.com\/latam\/en\/ambipar-response\/treinamentos\/nrs\/nr-33-confined-spaces-authorized-and-watchers\/\">NR 33 &#8211; Confined Spaces &#8211; Authorized and Watchers<\/a><\/li><li><a href=\"https:\/\/ambipar.com\/latam\/en\/ambipar-response\/treinamentos\/nrs\/nr-33-confined-spaces-supervisor\/\">NR 33 &#8211; Confined Spaces &#8211; Supervisor<\/a><\/li><li><a href=\"https:\/\/ambipar.com\/latam\/en\/ambipar-response\/treinamentos\/nrs\/working-at-height\/\">NR 35 &#8211; Working at Height<\/a><\/li><\/ul>\n","protected":false},"excerpt":{"rendered":"OBJECTIVE: Train workers who store and handle liquid products and flammable fuels. TARGET AUDIENCE: Workers performing operations and emergency response activities in Class II and III facilities. PROGRAM CONTENT: Flammable: characteristics, properties, hazards and risks Collective and individual controls for work with flammable Protection against fire with flammable Procedures in emergency situations with flammable Risk&#8230; <a class=\"view-article\" href=\"https:\/\/ambipar.com\/latam\/en\/ambipar-response\/treinamentos\/nrs\/nr-20-safety-at-work-with-flammable-and-com-fuel-advanced\/\">Ver art\u00edculo<\/a>","protected":false},"author":1,"featured_media":488,"parent":713,"menu_order":0,"comment_status":"closed","ping_status":"closed","template":"single-servicos.php","meta":[],"yoast_head":"<!-- This site is optimized with the Yoast SEO plugin v17.6 - https:\/\/yoast.com\/wordpress\/plugins\/seo\/ -->\n<title>NR 20 Safety at Work with Flammable and Com fuel - Advanced - Ambipar<\/title>\n<meta name=\"description\" content=\"OBJECTIVE: To train workers who store and handle liquid products and flammable fuels. TARGET AUDIENCE: Workers performing operations\" \/>\n<meta name=\"robots\" content=\"index, follow, max-snippet:-1, max-image-preview:large, max-video-preview:-1\" \/>\n<link rel=\"canonical\" href=\"https:\/\/ambipar.com\/latam\/en\/ambipar-response\/treinamentos\/nrs\/nr-20-safety-at-work-with-flammable-and-com-fuel-advanced\/\" \/>\n<meta property=\"og:locale\" content=\"es_ES\" \/>\n<meta property=\"og:type\" content=\"article\" \/>\n<meta property=\"og:title\" content=\"NR 20 Safety at Work with Flammable and Com fuel - Advanced - Ambipar\" \/>\n<meta property=\"og:description\" content=\"OBJECTIVE: To train workers who store and handle liquid products and flammable fuels. TARGET AUDIENCE: Workers performing operations\" \/>\n<meta property=\"og:url\" content=\"https:\/\/ambipar.com\/latam\/en\/ambipar-response\/treinamentos\/nrs\/nr-20-safety-at-work-with-flammable-and-com-fuel-advanced\/\" \/>\n<meta property=\"og:site_name\" content=\"Ambipar. A l\u00edder em gest\u00e3o ambiental.\" \/>\n<meta property=\"article:modified_time\" content=\"2021-01-15T11:35:56+00:00\" \/>\n<meta property=\"og:image\" content=\"https:\/\/ambipar.com\/latam\/wp-content\/uploads\/2020\/10\/equipamentos_combate_incendio.jpg\" \/>\n\t<meta property=\"og:image:width\" content=\"463\" \/>\n\t<meta property=\"og:image:height\" content=\"627\" \/>\n<meta name=\"twitter:card\" content=\"summary_large_image\" \/>\n<meta name=\"twitter:label1\" content=\"Est. reading time\" \/>\n\t<meta name=\"twitter:data1\" content=\"1 minuto\" \/>\n<script type=\"application\/ld+json\" class=\"yoast-schema-graph\">{\"@context\":\"https:\/\/schema.org\",\"@graph\":[{\"@type\":\"Organization\",\"@id\":\"https:\/\/ambipar.com\/latam\/#organization\",\"name\":\"Ambipar\",\"url\":\"https:\/\/ambipar.com\/latam\/\",\"sameAs\":[],\"logo\":{\"@type\":\"ImageObject\",\"@id\":\"https:\/\/ambipar.com\/latam\/#logo\",\"inLanguage\":\"es-CL\",\"url\":\"https:\/\/ambipar.com\/latam\/wp-content\/uploads\/2020\/10\/ambipar_color.png\",\"contentUrl\":\"https:\/\/ambipar.com\/latam\/wp-content\/uploads\/2020\/10\/ambipar_color.png\",\"width\":174,\"height\":107,\"caption\":\"Ambipar\"},\"image\":{\"@id\":\"https:\/\/ambipar.com\/latam\/#logo\"}},{\"@type\":\"WebSite\",\"@id\":\"https:\/\/ambipar.com\/latam\/#website\",\"url\":\"https:\/\/ambipar.com\/latam\/\",\"name\":\"Ambipar. A l\\u00edder em gest\\u00e3o ambiental.\",\"description\":\"Pioneira em solu\\u00e7\\u00f5es ambientais, a Ambipar atua em todo o territ\\u00f3rio nacional oferecendo solu\\u00e7\\u00f5es integradas para toda a cadeia de neg\\u00f3cio.\",\"publisher\":{\"@id\":\"https:\/\/ambipar.com\/latam\/#organization\"},\"potentialAction\":[{\"@type\":\"SearchAction\",\"target\":{\"@type\":\"EntryPoint\",\"urlTemplate\":\"https:\/\/ambipar.com\/latam\/?s={search_term_string}\"},\"query-input\":\"required name=search_term_string\"}],\"inLanguage\":\"es-CL\"},{\"@type\":\"ImageObject\",\"@id\":\"https:\/\/ambipar.com\/latam\/en\/ambipar-response\/treinamentos\/nrs\/nr-20-safety-at-work-with-flammable-and-com-fuel-advanced\/#primaryimage\",\"inLanguage\":\"es-CL\",\"url\":\"https:\/\/ambipar.com\/latam\/wp-content\/uploads\/2020\/10\/equipamentos_combate_incendio.jpg\",\"contentUrl\":\"https:\/\/ambipar.com\/latam\/wp-content\/uploads\/2020\/10\/equipamentos_combate_incendio.jpg\",\"width\":463,\"height\":627,\"caption\":\"Imagem da equipe de combate a inc\\u00eandios em a\\u00e7\\u00e3o\"},{\"@type\":\"WebPage\",\"@id\":\"https:\/\/ambipar.com\/latam\/en\/ambipar-response\/treinamentos\/nrs\/nr-20-safety-at-work-with-flammable-and-com-fuel-advanced\/#webpage\",\"url\":\"https:\/\/ambipar.com\/latam\/en\/ambipar-response\/treinamentos\/nrs\/nr-20-safety-at-work-with-flammable-and-com-fuel-advanced\/\",\"name\":\"NR 20 Safety at Work with Flammable and Com fuel - Advanced - Ambipar\",\"isPartOf\":{\"@id\":\"https:\/\/ambipar.com\/latam\/#website\"},\"primaryImageOfPage\":{\"@id\":\"https:\/\/ambipar.com\/latam\/en\/ambipar-response\/treinamentos\/nrs\/nr-20-safety-at-work-with-flammable-and-com-fuel-advanced\/#primaryimage\"},\"datePublished\":\"2020-11-17T10:24:16+00:00\",\"dateModified\":\"2021-01-15T11:35:56+00:00\",\"description\":\"OBJECTIVE: To train workers who store and handle liquid products and flammable fuels. TARGET AUDIENCE: Workers performing operations\",\"breadcrumb\":{\"@id\":\"https:\/\/ambipar.com\/latam\/en\/ambipar-response\/treinamentos\/nrs\/nr-20-safety-at-work-with-flammable-and-com-fuel-advanced\/#breadcrumb\"},\"inLanguage\":\"es-CL\",\"potentialAction\":[{\"@type\":\"ReadAction\",\"target\":[\"https:\/\/ambipar.com\/latam\/en\/ambipar-response\/treinamentos\/nrs\/nr-20-safety-at-work-with-flammable-and-com-fuel-advanced\/\"]}]},{\"@type\":\"BreadcrumbList\",\"@id\":\"https:\/\/ambipar.com\/latam\/en\/ambipar-response\/treinamentos\/nrs\/nr-20-safety-at-work-with-flammable-and-com-fuel-advanced\/#breadcrumb\",\"itemListElement\":[{\"@type\":\"ListItem\",\"position\":1,\"name\":\"Home\",\"item\":\"https:\/\/ambipar.com\/latam\/\"},{\"@type\":\"ListItem\",\"position\":2,\"name\":\"Ambipar Response\",\"item\":\"https:\/\/ambipar.com\/latam\/pt\/ambipar-response\/\"},{\"@type\":\"ListItem\",\"position\":3,\"name\":\"Treinamentos\",\"item\":\"https:\/\/ambipar.com\/latam\/pt\/ambipar-response\/treinamentos\/\"},{\"@type\":\"ListItem\",\"position\":4,\"name\":\"NR\\u2019S\",\"item\":\"https:\/\/ambipar.com\/latam\/pt\/ambipar-response\/treinamentos\/nrs\/\"},{\"@type\":\"ListItem\",\"position\":5,\"name\":\"NR 20 &#8211; Safety at Work with Flammable and Com fuel &#8211; Advanced\"}]}]}<\/script>\n<!-- \/ Yoast SEO plugin. -->","yoast_head_json":{"title":"NR 20 Safety at Work with Flammable and Com fuel - Advanced - Ambipar","description":"OBJECTIVE: To train workers who store and handle liquid products and flammable fuels. TARGET AUDIENCE: Workers performing operations","robots":{"index":"index","follow":"follow","max-snippet":"max-snippet:-1","max-image-preview":"max-image-preview:large","max-video-preview":"max-video-preview:-1"},"canonical":"https:\/\/ambipar.com\/latam\/en\/ambipar-response\/treinamentos\/nrs\/nr-20-safety-at-work-with-flammable-and-com-fuel-advanced\/","og_locale":"es_ES","og_type":"article","og_title":"NR 20 Safety at Work with Flammable and Com fuel - Advanced - Ambipar","og_description":"OBJECTIVE: To train workers who store and handle liquid products and flammable fuels. TARGET AUDIENCE: Workers performing operations","og_url":"https:\/\/ambipar.com\/latam\/en\/ambipar-response\/treinamentos\/nrs\/nr-20-safety-at-work-with-flammable-and-com-fuel-advanced\/","og_site_name":"Ambipar. A l\u00edder em gest\u00e3o ambiental.","article_modified_time":"2021-01-15T11:35:56+00:00","og_image":[{"width":463,"height":627,"url":"https:\/\/ambipar.com\/latam\/wp-content\/uploads\/2020\/10\/equipamentos_combate_incendio.jpg","type":"image\/jpeg"}],"twitter_card":"summary_large_image","twitter_misc":{"Est. reading time":"1 minuto"},"schema":{"@context":"https:\/\/schema.org","@graph":[{"@type":"Organization","@id":"https:\/\/ambipar.com\/latam\/#organization","name":"Ambipar","url":"https:\/\/ambipar.com\/latam\/","sameAs":[],"logo":{"@type":"ImageObject","@id":"https:\/\/ambipar.com\/latam\/#logo","inLanguage":"es-CL","url":"https:\/\/ambipar.com\/latam\/wp-content\/uploads\/2020\/10\/ambipar_color.png","contentUrl":"https:\/\/ambipar.com\/latam\/wp-content\/uploads\/2020\/10\/ambipar_color.png","width":174,"height":107,"caption":"Ambipar"},"image":{"@id":"https:\/\/ambipar.com\/latam\/#logo"}},{"@type":"WebSite","@id":"https:\/\/ambipar.com\/latam\/#website","url":"https:\/\/ambipar.com\/latam\/","name":"Ambipar. A l\u00edder em gest\u00e3o ambiental.","description":"Pioneira em solu\u00e7\u00f5es ambientais, a Ambipar atua em todo o territ\u00f3rio nacional oferecendo solu\u00e7\u00f5es integradas para toda a cadeia de neg\u00f3cio.","publisher":{"@id":"https:\/\/ambipar.com\/latam\/#organization"},"potentialAction":[{"@type":"SearchAction","target":{"@type":"EntryPoint","urlTemplate":"https:\/\/ambipar.com\/latam\/?s={search_term_string}"},"query-input":"required name=search_term_string"}],"inLanguage":"es-CL"},{"@type":"ImageObject","@id":"https:\/\/ambipar.com\/latam\/en\/ambipar-response\/treinamentos\/nrs\/nr-20-safety-at-work-with-flammable-and-com-fuel-advanced\/#primaryimage","inLanguage":"es-CL","url":"https:\/\/ambipar.com\/latam\/wp-content\/uploads\/2020\/10\/equipamentos_combate_incendio.jpg","contentUrl":"https:\/\/ambipar.com\/latam\/wp-content\/uploads\/2020\/10\/equipamentos_combate_incendio.jpg","width":463,"height":627,"caption":"Imagem da equipe de combate a inc\u00eandios em a\u00e7\u00e3o"},{"@type":"WebPage","@id":"https:\/\/ambipar.com\/latam\/en\/ambipar-response\/treinamentos\/nrs\/nr-20-safety-at-work-with-flammable-and-com-fuel-advanced\/#webpage","url":"https:\/\/ambipar.com\/latam\/en\/ambipar-response\/treinamentos\/nrs\/nr-20-safety-at-work-with-flammable-and-com-fuel-advanced\/","name":"NR 20 Safety at Work with Flammable and Com fuel - Advanced - Ambipar","isPartOf":{"@id":"https:\/\/ambipar.com\/latam\/#website"},"primaryImageOfPage":{"@id":"https:\/\/ambipar.com\/latam\/en\/ambipar-response\/treinamentos\/nrs\/nr-20-safety-at-work-with-flammable-and-com-fuel-advanced\/#primaryimage"},"datePublished":"2020-11-17T10:24:16+00:00","dateModified":"2021-01-15T11:35:56+00:00","description":"OBJECTIVE: To train workers who store and handle liquid products and flammable fuels. TARGET AUDIENCE: Workers performing operations","breadcrumb":{"@id":"https:\/\/ambipar.com\/latam\/en\/ambipar-response\/treinamentos\/nrs\/nr-20-safety-at-work-with-flammable-and-com-fuel-advanced\/#breadcrumb"},"inLanguage":"es-CL","potentialAction":[{"@type":"ReadAction","target":["https:\/\/ambipar.com\/latam\/en\/ambipar-response\/treinamentos\/nrs\/nr-20-safety-at-work-with-flammable-and-com-fuel-advanced\/"]}]},{"@type":"BreadcrumbList","@id":"https:\/\/ambipar.com\/latam\/en\/ambipar-response\/treinamentos\/nrs\/nr-20-safety-at-work-with-flammable-and-com-fuel-advanced\/#breadcrumb","itemListElement":[{"@type":"ListItem","position":1,"name":"Home","item":"https:\/\/ambipar.com\/latam\/"},{"@type":"ListItem","position":2,"name":"Ambipar Response","item":"https:\/\/ambipar.com\/latam\/pt\/ambipar-response\/"},{"@type":"ListItem","position":3,"name":"Treinamentos","item":"https:\/\/ambipar.com\/latam\/pt\/ambipar-response\/treinamentos\/"},{"@type":"ListItem","position":4,"name":"NR\u2019S","item":"https:\/\/ambipar.com\/latam\/pt\/ambipar-response\/treinamentos\/nrs\/"},{"@type":"ListItem","position":5,"name":"NR 20 &#8211; Safety at Work with Flammable and Com fuel &#8211; Advanced"}]}]}},"_links":{"self":[{"href":"https:\/\/ambipar.com\/latam\/wp-json\/wp\/v2\/pages\/2370"}],"collection":[{"href":"https:\/\/ambipar.com\/latam\/wp-json\/wp\/v2\/pages"}],"about":[{"href":"https:\/\/ambipar.com\/latam\/wp-json\/wp\/v2\/types\/page"}],"author":[{"embeddable":true,"href":"https:\/\/ambipar.com\/latam\/wp-json\/wp\/v2\/users\/1"}],"replies":[{"embeddable":true,"href":"https:\/\/ambipar.com\/latam\/wp-json\/wp\/v2\/comments?post=2370"}],"version-history":[{"count":6,"href":"https:\/\/ambipar.com\/latam\/wp-json\/wp\/v2\/pages\/2370\/revisions"}],"predecessor-version":[{"id":3236,"href":"https:\/\/ambipar.com\/latam\/wp-json\/wp\/v2\/pages\/2370\/revisions\/3236"}],"up":[{"embeddable":true,"href":"https:\/\/ambipar.com\/latam\/wp-json\/wp\/v2\/pages\/713"}],"wp:featuredmedia":[{"embeddable":true,"href":"https:\/\/ambipar.com\/latam\/wp-json\/wp\/v2\/media\/488"}],"wp:attachment":[{"href":"https:\/\/ambipar.com\/latam\/wp-json\/wp\/v2\/media?parent=2370"}],"curies":[{"name":"wp","href":"https:\/\/api.w.org\/{rel}","templated":true}]}}