{"id":2387,"date":"2020-11-17T07:37:41","date_gmt":"2020-11-17T10:37:41","guid":{"rendered":"https:\/\/ambipar.com\/latam\/?page_id=2387"},"modified":"2021-01-15T08:35:28","modified_gmt":"2021-01-15T11:35:28","slug":"nr-20-safety-at-work-with-flammable-and-fuels-intermediate","status":"publish","type":"page","link":"https:\/\/ambipar.com\/latam\/en\/ambipar-response\/treinamentos\/nrs\/nr-20-safety-at-work-with-flammable-and-fuels-intermediate\/","title":{"rendered":"NR 20 &#8211; Safety at Work with Flammable and Fuels &#8211; Intermediate"},"content":{"rendered":"\n<p><strong>OBJECTIVE:<\/strong><\/p>\n\n\n\n<p>Train workers who store and handle liquid products and flammable fuels.<\/p>\n\n\n\n<p><strong>TARGET AUDIENCE:<\/strong><\/p>\n\n\n\n<p>Workers performing maintenance and inspection activities for Class I, II, III and Class I emergency services.<\/p>\n\n\n\n<p><strong>PROGRAM CONTENT:<\/strong><\/p>\n\n\n\n<ul><li>Flammable: characteristics, properties, hazards and risks<\/li><li>Collective and individual controls for work with flammable<\/li><li>Ignition sources and their control<\/li><li>Fire protection with flammable<\/li><li>Procedures in emergency situations with flammable<\/li><li>Preliminary Hazard \/ Risk Analysis and Permission to Work with flammable<\/li><li>Knowledge and use of systems of fire safety with flammable<\/li><\/ul>\n\n\n\n<p><strong>COURSE LOAD: <\/strong><\/p>\n\n\n\n<ul><li>Class I installation: 12 hours<\/li><li>Class II installation: 14 hours<\/li><li>Class III installation: 16 hours<\/li><\/ul>\n\n\n\n<div class=\"wp-block-buttons\">\n<div class=\"wp-block-button\"><a class=\"wp-block-button__link\" href=\"https:\/\/app.smartsheet.com\/b\/form\/57a977c9e30244acbdc17c86e82b5ef9\" target=\"_blank\" rel=\"noreferrer noopener\"> REQUEST SCHEDULE<\/a><\/div>\n<\/div>\n\n\n\n<p>Get to know the other training modules related to Brazilian and International Regulatory Standards (NR):<\/p>\n\n\n\n<ul id=\"block-ca2cee68-bd2d-431c-89ac-0683ec916488\"><li><a href=\"https:\/\/ambipar.com\/latam\/en\/ambipar-response\/treinamentos\/nrs\/nr-10-electricity-safety-basic\/\">NR 10 &#8211; Electricity Safety &#8211; Basic<\/a><\/li><li><a href=\"https:\/\/ambipar.com\/latam\/en\/ambipar-response\/treinamentos\/nrs\/nr-10-electric-power-system-sep\/\">NR 10 \u2013 Electric Power System (SEP)<\/a><\/li><li><a href=\"https:\/\/ambipar.com\/latam\/en\/ambipar-response\/treinamentos\/nrs\/nr-20-safety-at-work-with-flammable-and-combustible-basic\/\">NR 20 &#8211; Safety at Work with Flammable and Combustible &#8211; Basic<\/a><\/li><li><a href=\"https:\/\/ambipar.com\/latam\/en\/ambipar-response\/treinamentos\/nrs\/nr-20-safety-at-work-with-flammable-and-com-fuel-advanced\/\">NR 20 &#8211; Safety at Work with Flammable and Com fuel &#8211; Advanced<\/a><\/li><li><a href=\"https:\/\/ambipar.com\/latam\/en\/ambipar-response\/treinamentos\/nrs\/nr-33-confined-spaces-authorized-and-watchers\/\">NR 33 &#8211; Confined Spaces &#8211; Authorized and Watchers<\/a><\/li><li><a href=\"https:\/\/ambipar.com\/latam\/en\/ambipar-response\/treinamentos\/nrs\/nr-33-confined-spaces-supervisor\/\">NR 33 &#8211; Confined Spaces &#8211; Supervisor<\/a><\/li><li><a href=\"https:\/\/ambipar.com\/latam\/en\/ambipar-response\/treinamentos\/nrs\/working-at-height\/\">NR 35 &#8211; Working at Height<\/a><\/li><\/ul>\n","protected":false},"excerpt":{"rendered":"OBJECTIVE: Train workers who store and handle liquid products and flammable fuels. TARGET AUDIENCE: Workers performing maintenance and inspection activities for Class I, II, III and Class I emergency services. PROGRAM CONTENT: Flammable: characteristics, properties, hazards and risks Collective and individual controls for work with flammable Ignition sources and their control Fire protection with flammable&#8230; <a class=\"view-article\" href=\"https:\/\/ambipar.com\/latam\/en\/ambipar-response\/treinamentos\/nrs\/nr-20-safety-at-work-with-flammable-and-fuels-intermediate\/\">Ver art\u00edculo<\/a>","protected":false},"author":1,"featured_media":538,"parent":713,"menu_order":0,"comment_status":"closed","ping_status":"closed","template":"single-servicos.php","meta":[],"yoast_head":"<!-- This site is optimized with the Yoast SEO plugin v17.6 - https:\/\/yoast.com\/wordpress\/plugins\/seo\/ -->\n<title>NR 20 - Safety at Work with Flammable and Fuels - Intermediate<\/title>\n<meta name=\"description\" content=\"OBJECTIVE: To train workers who store and handle liquid products and flammable fuels. TARGET AUDIENCE: Workers performing maintenance\" \/>\n<meta name=\"robots\" content=\"index, follow, max-snippet:-1, max-image-preview:large, max-video-preview:-1\" \/>\n<link rel=\"canonical\" href=\"https:\/\/ambipar.com\/latam\/en\/ambipar-response\/treinamentos\/nrs\/nr-20-safety-at-work-with-flammable-and-fuels-intermediate\/\" \/>\n<meta property=\"og:locale\" content=\"es_ES\" \/>\n<meta property=\"og:type\" content=\"article\" \/>\n<meta property=\"og:title\" content=\"NR 20 - Safety at Work with Flammable and Fuels - Intermediate\" \/>\n<meta property=\"og:description\" content=\"OBJECTIVE: To train workers who store and handle liquid products and flammable fuels. TARGET AUDIENCE: Workers performing maintenance\" \/>\n<meta property=\"og:url\" content=\"https:\/\/ambipar.com\/latam\/en\/ambipar-response\/treinamentos\/nrs\/nr-20-safety-at-work-with-flammable-and-fuels-intermediate\/\" \/>\n<meta property=\"og:site_name\" content=\"Ambipar. A l\u00edder em gest\u00e3o ambiental.\" \/>\n<meta property=\"article:modified_time\" content=\"2021-01-15T11:35:28+00:00\" \/>\n<meta property=\"og:image\" content=\"https:\/\/ambipar.com\/latam\/wp-content\/uploads\/2020\/10\/hazmat3.jpg\" \/>\n\t<meta property=\"og:image:width\" content=\"1000\" \/>\n\t<meta property=\"og:image:height\" content=\"1000\" \/>\n<meta name=\"twitter:card\" content=\"summary_large_image\" \/>\n<meta name=\"twitter:label1\" content=\"Est. reading time\" \/>\n\t<meta name=\"twitter:data1\" content=\"1 minuto\" \/>\n<script type=\"application\/ld+json\" class=\"yoast-schema-graph\">{\"@context\":\"https:\/\/schema.org\",\"@graph\":[{\"@type\":\"Organization\",\"@id\":\"https:\/\/ambipar.com\/latam\/#organization\",\"name\":\"Ambipar\",\"url\":\"https:\/\/ambipar.com\/latam\/\",\"sameAs\":[],\"logo\":{\"@type\":\"ImageObject\",\"@id\":\"https:\/\/ambipar.com\/latam\/#logo\",\"inLanguage\":\"es-CL\",\"url\":\"https:\/\/ambipar.com\/latam\/wp-content\/uploads\/2020\/10\/ambipar_color.png\",\"contentUrl\":\"https:\/\/ambipar.com\/latam\/wp-content\/uploads\/2020\/10\/ambipar_color.png\",\"width\":174,\"height\":107,\"caption\":\"Ambipar\"},\"image\":{\"@id\":\"https:\/\/ambipar.com\/latam\/#logo\"}},{\"@type\":\"WebSite\",\"@id\":\"https:\/\/ambipar.com\/latam\/#website\",\"url\":\"https:\/\/ambipar.com\/latam\/\",\"name\":\"Ambipar. A l\\u00edder em gest\\u00e3o ambiental.\",\"description\":\"Pioneira em solu\\u00e7\\u00f5es ambientais, a Ambipar atua em todo o territ\\u00f3rio nacional oferecendo solu\\u00e7\\u00f5es integradas para toda a cadeia de neg\\u00f3cio.\",\"publisher\":{\"@id\":\"https:\/\/ambipar.com\/latam\/#organization\"},\"potentialAction\":[{\"@type\":\"SearchAction\",\"target\":{\"@type\":\"EntryPoint\",\"urlTemplate\":\"https:\/\/ambipar.com\/latam\/?s={search_term_string}\"},\"query-input\":\"required name=search_term_string\"}],\"inLanguage\":\"es-CL\"},{\"@type\":\"ImageObject\",\"@id\":\"https:\/\/ambipar.com\/latam\/en\/ambipar-response\/treinamentos\/nrs\/nr-20-safety-at-work-with-flammable-and-fuels-intermediate\/#primaryimage\",\"inLanguage\":\"es-CL\",\"url\":\"https:\/\/ambipar.com\/latam\/wp-content\/uploads\/2020\/10\/hazmat3.jpg\",\"contentUrl\":\"https:\/\/ambipar.com\/latam\/wp-content\/uploads\/2020\/10\/hazmat3.jpg\",\"width\":1000,\"height\":1000,\"caption\":\"HAZMAT\"},{\"@type\":\"WebPage\",\"@id\":\"https:\/\/ambipar.com\/latam\/en\/ambipar-response\/treinamentos\/nrs\/nr-20-safety-at-work-with-flammable-and-fuels-intermediate\/#webpage\",\"url\":\"https:\/\/ambipar.com\/latam\/en\/ambipar-response\/treinamentos\/nrs\/nr-20-safety-at-work-with-flammable-and-fuels-intermediate\/\",\"name\":\"NR 20 - Safety at Work with Flammable and Fuels - Intermediate\",\"isPartOf\":{\"@id\":\"https:\/\/ambipar.com\/latam\/#website\"},\"primaryImageOfPage\":{\"@id\":\"https:\/\/ambipar.com\/latam\/en\/ambipar-response\/treinamentos\/nrs\/nr-20-safety-at-work-with-flammable-and-fuels-intermediate\/#primaryimage\"},\"datePublished\":\"2020-11-17T10:37:41+00:00\",\"dateModified\":\"2021-01-15T11:35:28+00:00\",\"description\":\"OBJECTIVE: To train workers who store and handle liquid products and flammable fuels. TARGET AUDIENCE: Workers performing maintenance\",\"breadcrumb\":{\"@id\":\"https:\/\/ambipar.com\/latam\/en\/ambipar-response\/treinamentos\/nrs\/nr-20-safety-at-work-with-flammable-and-fuels-intermediate\/#breadcrumb\"},\"inLanguage\":\"es-CL\",\"potentialAction\":[{\"@type\":\"ReadAction\",\"target\":[\"https:\/\/ambipar.com\/latam\/en\/ambipar-response\/treinamentos\/nrs\/nr-20-safety-at-work-with-flammable-and-fuels-intermediate\/\"]}]},{\"@type\":\"BreadcrumbList\",\"@id\":\"https:\/\/ambipar.com\/latam\/en\/ambipar-response\/treinamentos\/nrs\/nr-20-safety-at-work-with-flammable-and-fuels-intermediate\/#breadcrumb\",\"itemListElement\":[{\"@type\":\"ListItem\",\"position\":1,\"name\":\"Home\",\"item\":\"https:\/\/ambipar.com\/latam\/\"},{\"@type\":\"ListItem\",\"position\":2,\"name\":\"Ambipar Response\",\"item\":\"https:\/\/ambipar.com\/latam\/pt\/ambipar-response\/\"},{\"@type\":\"ListItem\",\"position\":3,\"name\":\"Treinamentos\",\"item\":\"https:\/\/ambipar.com\/latam\/pt\/ambipar-response\/treinamentos\/\"},{\"@type\":\"ListItem\",\"position\":4,\"name\":\"NR\\u2019S\",\"item\":\"https:\/\/ambipar.com\/latam\/pt\/ambipar-response\/treinamentos\/nrs\/\"},{\"@type\":\"ListItem\",\"position\":5,\"name\":\"NR 20 &#8211; Safety at Work with Flammable and Fuels &#8211; Intermediate\"}]}]}<\/script>\n<!-- \/ Yoast SEO plugin. -->","yoast_head_json":{"title":"NR 20 - Safety at Work with Flammable and Fuels - Intermediate","description":"OBJECTIVE: To train workers who store and handle liquid products and flammable fuels. TARGET AUDIENCE: Workers performing maintenance","robots":{"index":"index","follow":"follow","max-snippet":"max-snippet:-1","max-image-preview":"max-image-preview:large","max-video-preview":"max-video-preview:-1"},"canonical":"https:\/\/ambipar.com\/latam\/en\/ambipar-response\/treinamentos\/nrs\/nr-20-safety-at-work-with-flammable-and-fuels-intermediate\/","og_locale":"es_ES","og_type":"article","og_title":"NR 20 - Safety at Work with Flammable and Fuels - Intermediate","og_description":"OBJECTIVE: To train workers who store and handle liquid products and flammable fuels. TARGET AUDIENCE: Workers performing maintenance","og_url":"https:\/\/ambipar.com\/latam\/en\/ambipar-response\/treinamentos\/nrs\/nr-20-safety-at-work-with-flammable-and-fuels-intermediate\/","og_site_name":"Ambipar. A l\u00edder em gest\u00e3o ambiental.","article_modified_time":"2021-01-15T11:35:28+00:00","og_image":[{"width":1000,"height":1000,"url":"https:\/\/ambipar.com\/latam\/wp-content\/uploads\/2020\/10\/hazmat3.jpg","type":"image\/jpeg"}],"twitter_card":"summary_large_image","twitter_misc":{"Est. reading time":"1 minuto"},"schema":{"@context":"https:\/\/schema.org","@graph":[{"@type":"Organization","@id":"https:\/\/ambipar.com\/latam\/#organization","name":"Ambipar","url":"https:\/\/ambipar.com\/latam\/","sameAs":[],"logo":{"@type":"ImageObject","@id":"https:\/\/ambipar.com\/latam\/#logo","inLanguage":"es-CL","url":"https:\/\/ambipar.com\/latam\/wp-content\/uploads\/2020\/10\/ambipar_color.png","contentUrl":"https:\/\/ambipar.com\/latam\/wp-content\/uploads\/2020\/10\/ambipar_color.png","width":174,"height":107,"caption":"Ambipar"},"image":{"@id":"https:\/\/ambipar.com\/latam\/#logo"}},{"@type":"WebSite","@id":"https:\/\/ambipar.com\/latam\/#website","url":"https:\/\/ambipar.com\/latam\/","name":"Ambipar. A l\u00edder em gest\u00e3o ambiental.","description":"Pioneira em solu\u00e7\u00f5es ambientais, a Ambipar atua em todo o territ\u00f3rio nacional oferecendo solu\u00e7\u00f5es integradas para toda a cadeia de neg\u00f3cio.","publisher":{"@id":"https:\/\/ambipar.com\/latam\/#organization"},"potentialAction":[{"@type":"SearchAction","target":{"@type":"EntryPoint","urlTemplate":"https:\/\/ambipar.com\/latam\/?s={search_term_string}"},"query-input":"required name=search_term_string"}],"inLanguage":"es-CL"},{"@type":"ImageObject","@id":"https:\/\/ambipar.com\/latam\/en\/ambipar-response\/treinamentos\/nrs\/nr-20-safety-at-work-with-flammable-and-fuels-intermediate\/#primaryimage","inLanguage":"es-CL","url":"https:\/\/ambipar.com\/latam\/wp-content\/uploads\/2020\/10\/hazmat3.jpg","contentUrl":"https:\/\/ambipar.com\/latam\/wp-content\/uploads\/2020\/10\/hazmat3.jpg","width":1000,"height":1000,"caption":"HAZMAT"},{"@type":"WebPage","@id":"https:\/\/ambipar.com\/latam\/en\/ambipar-response\/treinamentos\/nrs\/nr-20-safety-at-work-with-flammable-and-fuels-intermediate\/#webpage","url":"https:\/\/ambipar.com\/latam\/en\/ambipar-response\/treinamentos\/nrs\/nr-20-safety-at-work-with-flammable-and-fuels-intermediate\/","name":"NR 20 - Safety at Work with Flammable and Fuels - Intermediate","isPartOf":{"@id":"https:\/\/ambipar.com\/latam\/#website"},"primaryImageOfPage":{"@id":"https:\/\/ambipar.com\/latam\/en\/ambipar-response\/treinamentos\/nrs\/nr-20-safety-at-work-with-flammable-and-fuels-intermediate\/#primaryimage"},"datePublished":"2020-11-17T10:37:41+00:00","dateModified":"2021-01-15T11:35:28+00:00","description":"OBJECTIVE: To train workers who store and handle liquid products and flammable fuels. TARGET AUDIENCE: Workers performing maintenance","breadcrumb":{"@id":"https:\/\/ambipar.com\/latam\/en\/ambipar-response\/treinamentos\/nrs\/nr-20-safety-at-work-with-flammable-and-fuels-intermediate\/#breadcrumb"},"inLanguage":"es-CL","potentialAction":[{"@type":"ReadAction","target":["https:\/\/ambipar.com\/latam\/en\/ambipar-response\/treinamentos\/nrs\/nr-20-safety-at-work-with-flammable-and-fuels-intermediate\/"]}]},{"@type":"BreadcrumbList","@id":"https:\/\/ambipar.com\/latam\/en\/ambipar-response\/treinamentos\/nrs\/nr-20-safety-at-work-with-flammable-and-fuels-intermediate\/#breadcrumb","itemListElement":[{"@type":"ListItem","position":1,"name":"Home","item":"https:\/\/ambipar.com\/latam\/"},{"@type":"ListItem","position":2,"name":"Ambipar Response","item":"https:\/\/ambipar.com\/latam\/pt\/ambipar-response\/"},{"@type":"ListItem","position":3,"name":"Treinamentos","item":"https:\/\/ambipar.com\/latam\/pt\/ambipar-response\/treinamentos\/"},{"@type":"ListItem","position":4,"name":"NR\u2019S","item":"https:\/\/ambipar.com\/latam\/pt\/ambipar-response\/treinamentos\/nrs\/"},{"@type":"ListItem","position":5,"name":"NR 20 &#8211; Safety at Work with Flammable and Fuels &#8211; Intermediate"}]}]}},"_links":{"self":[{"href":"https:\/\/ambipar.com\/latam\/wp-json\/wp\/v2\/pages\/2387"}],"collection":[{"href":"https:\/\/ambipar.com\/latam\/wp-json\/wp\/v2\/pages"}],"about":[{"href":"https:\/\/ambipar.com\/latam\/wp-json\/wp\/v2\/types\/page"}],"author":[{"embeddable":true,"href":"https:\/\/ambipar.com\/latam\/wp-json\/wp\/v2\/users\/1"}],"replies":[{"embeddable":true,"href":"https:\/\/ambipar.com\/latam\/wp-json\/wp\/v2\/comments?post=2387"}],"version-history":[{"count":5,"href":"https:\/\/ambipar.com\/latam\/wp-json\/wp\/v2\/pages\/2387\/revisions"}],"predecessor-version":[{"id":3235,"href":"https:\/\/ambipar.com\/latam\/wp-json\/wp\/v2\/pages\/2387\/revisions\/3235"}],"up":[{"embeddable":true,"href":"https:\/\/ambipar.com\/latam\/wp-json\/wp\/v2\/pages\/713"}],"wp:featuredmedia":[{"embeddable":true,"href":"https:\/\/ambipar.com\/latam\/wp-json\/wp\/v2\/media\/538"}],"wp:attachment":[{"href":"https:\/\/ambipar.com\/latam\/wp-json\/wp\/v2\/media?parent=2387"}],"curies":[{"name":"wp","href":"https:\/\/api.w.org\/{rel}","templated":true}]}}