{"id":2394,"date":"2020-11-17T07:44:24","date_gmt":"2020-11-17T10:44:24","guid":{"rendered":"https:\/\/ambipar.com\/latam\/?page_id=2394"},"modified":"2021-01-15T08:36:24","modified_gmt":"2021-01-15T11:36:24","slug":"nr-33-confined-spaces-authorized-and-watchers","status":"publish","type":"page","link":"https:\/\/ambipar.com\/latam\/en\/ambipar-response\/treinamentos\/nrs\/nr-33-confined-spaces-authorized-and-watchers\/","title":{"rendered":"NR 33 &#8211; Confined Spaces &#8211; Authorized and Watchers"},"content":{"rendered":"\n<p><strong>OBJECTIVE:<\/strong><\/p>\n\n\n\n<p>Establish the minimum requirements for the identification of confined spaces and the recognition, assessment, monitoring and control of existing risks, in order to permanently guarantee the safety and health of workers who interact directly or indirectly in these spaces.<\/p>\n\n\n\n<p><strong>TARGET AUDIENCE:<\/strong><\/p>\n\n\n\n<p>Workers defined by the organization to enter the confined space or to remain outside the confined space, as responsible for monitoring, communication and abandonment order for the others involved.<\/p>\n\n\n\n<p><strong>PROGRAM CONTENT:<\/strong><\/p>\n\n\n\n<ul><li>Definitions<\/li><li>Recognition, assessment and control of risks<\/li><li>Operation of used equipment<\/li><li>Procedures and use of the Entry and Work Permit<\/li><li>Notions of rescue and first aid<\/li><\/ul>\n\n\n\n<p>COURSE LOAD: 16 hours<\/p>\n\n\n\n<div class=\"wp-block-buttons\">\n<div class=\"wp-block-button\"><a class=\"wp-block-button__link\" href=\"https:\/\/app.smartsheet.com\/b\/form\/57a977c9e30244acbdc17c86e82b5ef9\" target=\"_blank\" rel=\"noreferrer noopener\"> REQUEST SCHEDULE<\/a><\/div>\n<\/div>\n\n\n\n<p>Get to know the other training modules related to Brazilian and International Regulatory Standards (NR):<\/p>\n\n\n\n<ul id=\"block-ca2cee68-bd2d-431c-89ac-0683ec916488\"><li><a href=\"https:\/\/ambipar.com\/latam\/en\/ambipar-response\/treinamentos\/nrs\/nr-10-electricity-safety-basic\/\">NR 10 &#8211; Electricity Safety &#8211; Basic<\/a><\/li><li><a href=\"https:\/\/ambipar.com\/latam\/en\/ambipar-response\/treinamentos\/nrs\/nr-10-electric-power-system-sep\/\">NR 10 \u2013 Electric Power System (SEP)<\/a><\/li><li><a href=\"https:\/\/ambipar.com\/latam\/en\/ambipar-response\/treinamentos\/nrs\/nr-20-safety-at-work-with-flammable-and-combustible-basic\/\">NR 20 &#8211; Safety at Work with Flammable and Combustible &#8211; Basic<\/a><\/li><li><a href=\"https:\/\/ambipar.com\/latam\/en\/ambipar-response\/treinamentos\/nrs\/nr-20-safety-at-work-with-flammable-and-fuels-intermediate\/\">NR 20 &#8211; Safety at Work with Flammable and Fuels &#8211; Intermediate<\/a><\/li><li><a href=\"https:\/\/ambipar.com\/latam\/en\/ambipar-response\/treinamentos\/nrs\/nr-20-safety-at-work-with-flammable-and-com-fuel-advanced\/\">NR 20 &#8211; Safety at Work with Flammable and Com fuel &#8211; Advanced<\/a><\/li><li><a href=\"https:\/\/ambipar.com\/latam\/en\/ambipar-response\/treinamentos\/nrs\/nr-33-confined-spaces-supervisor\/\">NR 33 &#8211; Confined Spaces &#8211; Supervisor<\/a><\/li><li><a href=\"https:\/\/ambipar.com\/latam\/en\/ambipar-response\/treinamentos\/nrs\/working-at-height\/\">NR 35 &#8211; Working at Height<\/a><\/li><\/ul>\n","protected":false},"excerpt":{"rendered":"OBJECTIVE: Establish the minimum requirements for the identification of confined spaces and the recognition, assessment, monitoring and control of existing risks, in order to permanently guarantee the safety and health of workers who interact directly or indirectly in these spaces. TARGET AUDIENCE: Workers defined by the organization to enter the confined space or to remain&#8230; <a class=\"view-article\" href=\"https:\/\/ambipar.com\/latam\/en\/ambipar-response\/treinamentos\/nrs\/nr-33-confined-spaces-authorized-and-watchers\/\">Ver art\u00edculo<\/a>","protected":false},"author":1,"featured_media":888,"parent":713,"menu_order":0,"comment_status":"closed","ping_status":"closed","template":"single-servicos.php","meta":[],"yoast_head":"<!-- This site is optimized with the Yoast SEO plugin v17.6 - https:\/\/yoast.com\/wordpress\/plugins\/seo\/ -->\n<title>NR 33 Course - Confined Spaces - Authorized and Watchers - Ambipar<\/title>\n<meta name=\"description\" content=\"OBJECTIVE To establish the minimum requirements for the identification of confined spaces and recognition, assessment, control of existing risks\" \/>\n<meta name=\"robots\" content=\"index, follow, max-snippet:-1, max-image-preview:large, max-video-preview:-1\" \/>\n<link rel=\"canonical\" href=\"https:\/\/ambipar.com\/latam\/en\/ambipar-response\/treinamentos\/nrs\/nr-33-confined-spaces-authorized-and-watchers\/\" \/>\n<meta property=\"og:locale\" content=\"es_ES\" \/>\n<meta property=\"og:type\" content=\"article\" \/>\n<meta property=\"og:title\" content=\"NR 33 Course - Confined Spaces - Authorized and Watchers - Ambipar\" \/>\n<meta property=\"og:description\" content=\"OBJECTIVE To establish the minimum requirements for the identification of confined spaces and recognition, assessment, control of existing risks\" \/>\n<meta property=\"og:url\" content=\"https:\/\/ambipar.com\/latam\/en\/ambipar-response\/treinamentos\/nrs\/nr-33-confined-spaces-authorized-and-watchers\/\" \/>\n<meta property=\"og:site_name\" content=\"Ambipar. A l\u00edder em gest\u00e3o ambiental.\" \/>\n<meta property=\"article:modified_time\" content=\"2021-01-15T11:36:24+00:00\" \/>\n<meta property=\"og:image\" content=\"https:\/\/ambipar.com\/latam\/wp-content\/uploads\/2020\/10\/confinado1.jpg\" \/>\n\t<meta property=\"og:image:width\" content=\"1000\" \/>\n\t<meta property=\"og:image:height\" content=\"1000\" \/>\n<meta name=\"twitter:card\" content=\"summary_large_image\" \/>\n<meta name=\"twitter:label1\" content=\"Est. reading time\" \/>\n\t<meta name=\"twitter:data1\" content=\"1 minuto\" \/>\n<script type=\"application\/ld+json\" class=\"yoast-schema-graph\">{\"@context\":\"https:\/\/schema.org\",\"@graph\":[{\"@type\":\"Organization\",\"@id\":\"https:\/\/ambipar.com\/latam\/#organization\",\"name\":\"Ambipar\",\"url\":\"https:\/\/ambipar.com\/latam\/\",\"sameAs\":[],\"logo\":{\"@type\":\"ImageObject\",\"@id\":\"https:\/\/ambipar.com\/latam\/#logo\",\"inLanguage\":\"es-CL\",\"url\":\"https:\/\/ambipar.com\/latam\/wp-content\/uploads\/2020\/10\/ambipar_color.png\",\"contentUrl\":\"https:\/\/ambipar.com\/latam\/wp-content\/uploads\/2020\/10\/ambipar_color.png\",\"width\":174,\"height\":107,\"caption\":\"Ambipar\"},\"image\":{\"@id\":\"https:\/\/ambipar.com\/latam\/#logo\"}},{\"@type\":\"WebSite\",\"@id\":\"https:\/\/ambipar.com\/latam\/#website\",\"url\":\"https:\/\/ambipar.com\/latam\/\",\"name\":\"Ambipar. A l\\u00edder em gest\\u00e3o ambiental.\",\"description\":\"Pioneira em solu\\u00e7\\u00f5es ambientais, a Ambipar atua em todo o territ\\u00f3rio nacional oferecendo solu\\u00e7\\u00f5es integradas para toda a cadeia de neg\\u00f3cio.\",\"publisher\":{\"@id\":\"https:\/\/ambipar.com\/latam\/#organization\"},\"potentialAction\":[{\"@type\":\"SearchAction\",\"target\":{\"@type\":\"EntryPoint\",\"urlTemplate\":\"https:\/\/ambipar.com\/latam\/?s={search_term_string}\"},\"query-input\":\"required name=search_term_string\"}],\"inLanguage\":\"es-CL\"},{\"@type\":\"ImageObject\",\"@id\":\"https:\/\/ambipar.com\/latam\/en\/ambipar-response\/treinamentos\/nrs\/nr-33-confined-spaces-authorized-and-watchers\/#primaryimage\",\"inLanguage\":\"es-CL\",\"url\":\"https:\/\/ambipar.com\/latam\/wp-content\/uploads\/2020\/10\/confinado1.jpg\",\"contentUrl\":\"https:\/\/ambipar.com\/latam\/wp-content\/uploads\/2020\/10\/confinado1.jpg\",\"width\":1000,\"height\":1000,\"caption\":\"confinado\"},{\"@type\":\"WebPage\",\"@id\":\"https:\/\/ambipar.com\/latam\/en\/ambipar-response\/treinamentos\/nrs\/nr-33-confined-spaces-authorized-and-watchers\/#webpage\",\"url\":\"https:\/\/ambipar.com\/latam\/en\/ambipar-response\/treinamentos\/nrs\/nr-33-confined-spaces-authorized-and-watchers\/\",\"name\":\"NR 33 Course - Confined Spaces - Authorized and Watchers - Ambipar\",\"isPartOf\":{\"@id\":\"https:\/\/ambipar.com\/latam\/#website\"},\"primaryImageOfPage\":{\"@id\":\"https:\/\/ambipar.com\/latam\/en\/ambipar-response\/treinamentos\/nrs\/nr-33-confined-spaces-authorized-and-watchers\/#primaryimage\"},\"datePublished\":\"2020-11-17T10:44:24+00:00\",\"dateModified\":\"2021-01-15T11:36:24+00:00\",\"description\":\"OBJECTIVE To establish the minimum requirements for the identification of confined spaces and recognition, assessment, control of existing risks\",\"breadcrumb\":{\"@id\":\"https:\/\/ambipar.com\/latam\/en\/ambipar-response\/treinamentos\/nrs\/nr-33-confined-spaces-authorized-and-watchers\/#breadcrumb\"},\"inLanguage\":\"es-CL\",\"potentialAction\":[{\"@type\":\"ReadAction\",\"target\":[\"https:\/\/ambipar.com\/latam\/en\/ambipar-response\/treinamentos\/nrs\/nr-33-confined-spaces-authorized-and-watchers\/\"]}]},{\"@type\":\"BreadcrumbList\",\"@id\":\"https:\/\/ambipar.com\/latam\/en\/ambipar-response\/treinamentos\/nrs\/nr-33-confined-spaces-authorized-and-watchers\/#breadcrumb\",\"itemListElement\":[{\"@type\":\"ListItem\",\"position\":1,\"name\":\"Home\",\"item\":\"https:\/\/ambipar.com\/latam\/\"},{\"@type\":\"ListItem\",\"position\":2,\"name\":\"Ambipar Response\",\"item\":\"https:\/\/ambipar.com\/latam\/pt\/ambipar-response\/\"},{\"@type\":\"ListItem\",\"position\":3,\"name\":\"Treinamentos\",\"item\":\"https:\/\/ambipar.com\/latam\/pt\/ambipar-response\/treinamentos\/\"},{\"@type\":\"ListItem\",\"position\":4,\"name\":\"NR\\u2019S\",\"item\":\"https:\/\/ambipar.com\/latam\/pt\/ambipar-response\/treinamentos\/nrs\/\"},{\"@type\":\"ListItem\",\"position\":5,\"name\":\"NR 33 &#8211; Confined Spaces &#8211; Authorized and Watchers\"}]}]}<\/script>\n<!-- \/ Yoast SEO plugin. -->","yoast_head_json":{"title":"NR 33 Course - Confined Spaces - Authorized and Watchers - Ambipar","description":"OBJECTIVE To establish the minimum requirements for the identification of confined spaces and recognition, assessment, control of existing risks","robots":{"index":"index","follow":"follow","max-snippet":"max-snippet:-1","max-image-preview":"max-image-preview:large","max-video-preview":"max-video-preview:-1"},"canonical":"https:\/\/ambipar.com\/latam\/en\/ambipar-response\/treinamentos\/nrs\/nr-33-confined-spaces-authorized-and-watchers\/","og_locale":"es_ES","og_type":"article","og_title":"NR 33 Course - Confined Spaces - Authorized and Watchers - Ambipar","og_description":"OBJECTIVE To establish the minimum requirements for the identification of confined spaces and recognition, assessment, control of existing risks","og_url":"https:\/\/ambipar.com\/latam\/en\/ambipar-response\/treinamentos\/nrs\/nr-33-confined-spaces-authorized-and-watchers\/","og_site_name":"Ambipar. A l\u00edder em gest\u00e3o ambiental.","article_modified_time":"2021-01-15T11:36:24+00:00","og_image":[{"width":1000,"height":1000,"url":"https:\/\/ambipar.com\/latam\/wp-content\/uploads\/2020\/10\/confinado1.jpg","type":"image\/jpeg"}],"twitter_card":"summary_large_image","twitter_misc":{"Est. reading time":"1 minuto"},"schema":{"@context":"https:\/\/schema.org","@graph":[{"@type":"Organization","@id":"https:\/\/ambipar.com\/latam\/#organization","name":"Ambipar","url":"https:\/\/ambipar.com\/latam\/","sameAs":[],"logo":{"@type":"ImageObject","@id":"https:\/\/ambipar.com\/latam\/#logo","inLanguage":"es-CL","url":"https:\/\/ambipar.com\/latam\/wp-content\/uploads\/2020\/10\/ambipar_color.png","contentUrl":"https:\/\/ambipar.com\/latam\/wp-content\/uploads\/2020\/10\/ambipar_color.png","width":174,"height":107,"caption":"Ambipar"},"image":{"@id":"https:\/\/ambipar.com\/latam\/#logo"}},{"@type":"WebSite","@id":"https:\/\/ambipar.com\/latam\/#website","url":"https:\/\/ambipar.com\/latam\/","name":"Ambipar. A l\u00edder em gest\u00e3o ambiental.","description":"Pioneira em solu\u00e7\u00f5es ambientais, a Ambipar atua em todo o territ\u00f3rio nacional oferecendo solu\u00e7\u00f5es integradas para toda a cadeia de neg\u00f3cio.","publisher":{"@id":"https:\/\/ambipar.com\/latam\/#organization"},"potentialAction":[{"@type":"SearchAction","target":{"@type":"EntryPoint","urlTemplate":"https:\/\/ambipar.com\/latam\/?s={search_term_string}"},"query-input":"required name=search_term_string"}],"inLanguage":"es-CL"},{"@type":"ImageObject","@id":"https:\/\/ambipar.com\/latam\/en\/ambipar-response\/treinamentos\/nrs\/nr-33-confined-spaces-authorized-and-watchers\/#primaryimage","inLanguage":"es-CL","url":"https:\/\/ambipar.com\/latam\/wp-content\/uploads\/2020\/10\/confinado1.jpg","contentUrl":"https:\/\/ambipar.com\/latam\/wp-content\/uploads\/2020\/10\/confinado1.jpg","width":1000,"height":1000,"caption":"confinado"},{"@type":"WebPage","@id":"https:\/\/ambipar.com\/latam\/en\/ambipar-response\/treinamentos\/nrs\/nr-33-confined-spaces-authorized-and-watchers\/#webpage","url":"https:\/\/ambipar.com\/latam\/en\/ambipar-response\/treinamentos\/nrs\/nr-33-confined-spaces-authorized-and-watchers\/","name":"NR 33 Course - Confined Spaces - Authorized and Watchers - Ambipar","isPartOf":{"@id":"https:\/\/ambipar.com\/latam\/#website"},"primaryImageOfPage":{"@id":"https:\/\/ambipar.com\/latam\/en\/ambipar-response\/treinamentos\/nrs\/nr-33-confined-spaces-authorized-and-watchers\/#primaryimage"},"datePublished":"2020-11-17T10:44:24+00:00","dateModified":"2021-01-15T11:36:24+00:00","description":"OBJECTIVE To establish the minimum requirements for the identification of confined spaces and recognition, assessment, control of existing risks","breadcrumb":{"@id":"https:\/\/ambipar.com\/latam\/en\/ambipar-response\/treinamentos\/nrs\/nr-33-confined-spaces-authorized-and-watchers\/#breadcrumb"},"inLanguage":"es-CL","potentialAction":[{"@type":"ReadAction","target":["https:\/\/ambipar.com\/latam\/en\/ambipar-response\/treinamentos\/nrs\/nr-33-confined-spaces-authorized-and-watchers\/"]}]},{"@type":"BreadcrumbList","@id":"https:\/\/ambipar.com\/latam\/en\/ambipar-response\/treinamentos\/nrs\/nr-33-confined-spaces-authorized-and-watchers\/#breadcrumb","itemListElement":[{"@type":"ListItem","position":1,"name":"Home","item":"https:\/\/ambipar.com\/latam\/"},{"@type":"ListItem","position":2,"name":"Ambipar Response","item":"https:\/\/ambipar.com\/latam\/pt\/ambipar-response\/"},{"@type":"ListItem","position":3,"name":"Treinamentos","item":"https:\/\/ambipar.com\/latam\/pt\/ambipar-response\/treinamentos\/"},{"@type":"ListItem","position":4,"name":"NR\u2019S","item":"https:\/\/ambipar.com\/latam\/pt\/ambipar-response\/treinamentos\/nrs\/"},{"@type":"ListItem","position":5,"name":"NR 33 &#8211; Confined Spaces &#8211; Authorized and Watchers"}]}]}},"_links":{"self":[{"href":"https:\/\/ambipar.com\/latam\/wp-json\/wp\/v2\/pages\/2394"}],"collection":[{"href":"https:\/\/ambipar.com\/latam\/wp-json\/wp\/v2\/pages"}],"about":[{"href":"https:\/\/ambipar.com\/latam\/wp-json\/wp\/v2\/types\/page"}],"author":[{"embeddable":true,"href":"https:\/\/ambipar.com\/latam\/wp-json\/wp\/v2\/users\/1"}],"replies":[{"embeddable":true,"href":"https:\/\/ambipar.com\/latam\/wp-json\/wp\/v2\/comments?post=2394"}],"version-history":[{"count":5,"href":"https:\/\/ambipar.com\/latam\/wp-json\/wp\/v2\/pages\/2394\/revisions"}],"predecessor-version":[{"id":3237,"href":"https:\/\/ambipar.com\/latam\/wp-json\/wp\/v2\/pages\/2394\/revisions\/3237"}],"up":[{"embeddable":true,"href":"https:\/\/ambipar.com\/latam\/wp-json\/wp\/v2\/pages\/713"}],"wp:featuredmedia":[{"embeddable":true,"href":"https:\/\/ambipar.com\/latam\/wp-json\/wp\/v2\/media\/888"}],"wp:attachment":[{"href":"https:\/\/ambipar.com\/latam\/wp-json\/wp\/v2\/media?parent=2394"}],"curies":[{"name":"wp","href":"https:\/\/api.w.org\/{rel}","templated":true}]}}