{"id":2397,"date":"2020-11-17T07:46:28","date_gmt":"2020-11-17T10:46:28","guid":{"rendered":"https:\/\/ambipar.com\/latam\/?page_id=2397"},"modified":"2022-06-21T15:52:23","modified_gmt":"2022-06-21T18:52:23","slug":"nr-33-espacios-confinados-autorizados-y-vigilantes","status":"publish","type":"page","link":"https:\/\/ambipar.com\/latam\/ambipar-response-3\/entrenamientos\/nrs-3\/nr-33-espacios-confinados-autorizados-y-vigilantes\/","title":{"rendered":"NR 33 &#8211; Espacios confinados &#8211; Autorizados y Vigilantes"},"content":{"rendered":"\n<p><strong>OBJETIVO:<\/strong><\/p>\n\n\n\n<p>Establecer los requisitos m\u00ednimos para la identificaci\u00f3n de espacios confinados y el reconocimiento, evaluaci\u00f3n, seguimiento y control de los riesgos existentes, con el fin de garantizar permanentemente la seguridad y salud de los trabajadores que interact\u00faan directa o indirectamente en estos espacios.<\/p>\n\n\n\n<p><strong>P\u00daBLICO OBJETIVO:<\/strong><\/p>\n\n\n\n<p>Trabajadores definidos por la organizaci\u00f3n para ingresar al espacio confinado o permanecer fuera del espacio confinado, como responsables del seguimiento, comunicaci\u00f3n y orden de abandono de los dem\u00e1s involucrados.<\/p>\n\n\n\n<p><strong>CONTENIDO DEL PROGRAMA:<\/strong><\/p>\n\n\n\n<ul><li>Definiciones<\/li><li>Reconocimiento, evaluaci\u00f3n y control de riesgos<\/li><li>Operaci\u00f3n de equipos usados \u200b\u200b<\/li><li>Procedimientos y uso del Permiso de Entrada y Trabajo<\/li><li>Nociones de rescate y primeros auxilios<\/li><\/ul>\n\n\n\n<p>CARGA DEL CURSO: 16 horas<\/p>\n\n\n\n<div class=\"wp-block-buttons\">\n<div class=\"wp-block-button\"><a class=\"wp-block-button__link\" href=\"https:\/\/ambipar.com\/latam\/cotizacion-de-capacitacion\/\"> SOLICITAR HORARIO<\/a><\/div>\n<\/div>\n\n\n\n<p>Conozca los otros m\u00f3dulos de capacitaci\u00f3n relacionados con los Est\u00e1ndares Regulatorios Internacionales y Brasile\u00f1os (NR):<\/p>\n\n\n\n<ul id=\"block-ca2cee68-bd2d-431c-89ac-0683ec916488\"><li><a href=\"https:\/\/ambipar.com\/latam\/ambipar-response-3\/entrenamientos\/nrs-3\/nr-10-seguridad-electrica-basico\/\">NR 10 \u2013 Seguridad el\u00e9ctrica \u2013 B\u00e1sico<\/a><\/li><li><a href=\"https:\/\/ambipar.com\/latam\/ambipar-response-3\/entrenamientos\/nrs-3\/nr-10-sistema-de-energia-electrica-sep\/\">NR 10 \u2013 Sistema de Energ\u00eda El\u00e9ctrica (SEP)<\/a><\/li><li><a href=\"https:\/\/ambipar.com\/latam\/ambipar-response-3\/entrenamientos\/nrs-3\/nr-20-seguridad-en-el-trabajo-con-inflamables-y-combustibles-basico\/\">NR 20 \u2013 Seguridad en el Trabajo con Inflamables y Combustibles \u2013 B\u00e1sico<\/a><\/li><li><a href=\"https:\/\/ambipar.com\/latam\/ambipar-response-3\/entrenamientos\/nrs-3\/nr-20-seguridad-en-el-trabajo-con-inflamables-y-combustibles-intermedio\/\">NR 20 \u2013 Seguridad en el Trabajo con Inflamables y Combustibles \u2013 Intermedio<\/a><\/li><li><a href=\"https:\/\/ambipar.com\/latam\/ambipar-response-3\/entrenamientos\/nrs-3\/nr-20-seguridad-en-el-trabajo-con-materiales-inflamables-y-combustibles-avanzado\/\">NR 20 \u2013 Seguridad en el Trabajo con Materiales Inflamables y Combustibles \u2013 Avanzado<\/a><\/li><li><a href=\"https:\/\/ambipar.com\/latam\/ambipar-response-3\/entrenamientos\/nrs-3\/nr-33-espacios-confinados-supervisor\/\">NR 33 \u2013 Espacios confinados \u2013 Supervisor<\/a><\/li><li><a href=\"https:\/\/ambipar.com\/latam\/ambipar-response-3\/entrenamientos\/nrs-3\/trabajo-en-altura\/\">NR 35 \u2013 Trabajo en altura<\/a><\/li><\/ul>\n","protected":false},"excerpt":{"rendered":"OBJETIVO: Establecer los requisitos m\u00ednimos para la identificaci\u00f3n de espacios confinados y el reconocimiento, evaluaci\u00f3n, seguimiento y control de los riesgos existentes, con el fin de garantizar permanentemente la seguridad y salud de los trabajadores que interact\u00faan directa o indirectamente en estos espacios. P\u00daBLICO OBJETIVO: Trabajadores definidos por la organizaci\u00f3n para ingresar al espacio confinado&#8230; <a class=\"view-article\" href=\"https:\/\/ambipar.com\/latam\/ambipar-response-3\/entrenamientos\/nrs-3\/nr-33-espacios-confinados-autorizados-y-vigilantes\/\">Ver art\u00edculo<\/a>","protected":false},"author":1,"featured_media":888,"parent":2354,"menu_order":0,"comment_status":"closed","ping_status":"closed","template":"single-servicos.php","meta":[],"yoast_head":"<!-- This site is optimized with the Yoast SEO plugin v17.6 - https:\/\/yoast.com\/wordpress\/plugins\/seo\/ -->\n<title>Curso NR 33 - Espacios Confinados - Autorizados y Vigilantes - Ambipar<\/title>\n<meta name=\"description\" content=\"OBJETIVO Establecer los requisitos m\u00ednimos para la identificaci\u00f3n de espacios confinados y el reconocimiento, evaluaci\u00f3n, control de los riesgos existentes\" \/>\n<meta name=\"robots\" content=\"index, follow, max-snippet:-1, max-image-preview:large, max-video-preview:-1\" \/>\n<link rel=\"canonical\" href=\"https:\/\/ambipar.com\/latam\/ambipar-response-3\/entrenamientos\/nrs-3\/nr-33-espacios-confinados-autorizados-y-vigilantes\/\" \/>\n<meta property=\"og:locale\" content=\"es_ES\" \/>\n<meta property=\"og:type\" content=\"article\" \/>\n<meta property=\"og:title\" content=\"Curso NR 33 - Espacios Confinados - Autorizados y Vigilantes - Ambipar\" \/>\n<meta property=\"og:description\" content=\"OBJETIVO Establecer los requisitos m\u00ednimos para la identificaci\u00f3n de espacios confinados y el reconocimiento, evaluaci\u00f3n, control de los riesgos existentes\" \/>\n<meta property=\"og:url\" content=\"https:\/\/ambipar.com\/latam\/ambipar-response-3\/entrenamientos\/nrs-3\/nr-33-espacios-confinados-autorizados-y-vigilantes\/\" \/>\n<meta property=\"og:site_name\" content=\"Ambipar. A l\u00edder em gest\u00e3o ambiental.\" \/>\n<meta property=\"article:modified_time\" content=\"2022-06-21T18:52:23+00:00\" \/>\n<meta property=\"og:image\" content=\"https:\/\/ambipar.com\/latam\/wp-content\/uploads\/2020\/10\/confinado1.jpg\" \/>\n\t<meta property=\"og:image:width\" content=\"1000\" \/>\n\t<meta property=\"og:image:height\" content=\"1000\" \/>\n<meta name=\"twitter:card\" content=\"summary_large_image\" \/>\n<meta name=\"twitter:label1\" content=\"Est. reading time\" \/>\n\t<meta name=\"twitter:data1\" content=\"1 minuto\" \/>\n<script type=\"application\/ld+json\" class=\"yoast-schema-graph\">{\"@context\":\"https:\/\/schema.org\",\"@graph\":[{\"@type\":\"Organization\",\"@id\":\"https:\/\/ambipar.com\/latam\/#organization\",\"name\":\"Ambipar\",\"url\":\"https:\/\/ambipar.com\/latam\/\",\"sameAs\":[],\"logo\":{\"@type\":\"ImageObject\",\"@id\":\"https:\/\/ambipar.com\/latam\/#logo\",\"inLanguage\":\"es-CL\",\"url\":\"https:\/\/ambipar.com\/latam\/wp-content\/uploads\/2020\/10\/ambipar_color.png\",\"contentUrl\":\"https:\/\/ambipar.com\/latam\/wp-content\/uploads\/2020\/10\/ambipar_color.png\",\"width\":174,\"height\":107,\"caption\":\"Ambipar\"},\"image\":{\"@id\":\"https:\/\/ambipar.com\/latam\/#logo\"}},{\"@type\":\"WebSite\",\"@id\":\"https:\/\/ambipar.com\/latam\/#website\",\"url\":\"https:\/\/ambipar.com\/latam\/\",\"name\":\"Ambipar. A l\\u00edder em gest\\u00e3o ambiental.\",\"description\":\"Pioneira em solu\\u00e7\\u00f5es ambientais, a Ambipar atua em todo o territ\\u00f3rio nacional oferecendo solu\\u00e7\\u00f5es integradas para toda a cadeia de neg\\u00f3cio.\",\"publisher\":{\"@id\":\"https:\/\/ambipar.com\/latam\/#organization\"},\"potentialAction\":[{\"@type\":\"SearchAction\",\"target\":{\"@type\":\"EntryPoint\",\"urlTemplate\":\"https:\/\/ambipar.com\/latam\/?s={search_term_string}\"},\"query-input\":\"required name=search_term_string\"}],\"inLanguage\":\"es-CL\"},{\"@type\":\"ImageObject\",\"@id\":\"https:\/\/ambipar.com\/latam\/ambipar-response-3\/entrenamientos\/nrs-3\/nr-33-espacios-confinados-autorizados-y-vigilantes\/#primaryimage\",\"inLanguage\":\"es-CL\",\"url\":\"https:\/\/ambipar.com\/latam\/wp-content\/uploads\/2020\/10\/confinado1.jpg\",\"contentUrl\":\"https:\/\/ambipar.com\/latam\/wp-content\/uploads\/2020\/10\/confinado1.jpg\",\"width\":1000,\"height\":1000,\"caption\":\"confinado\"},{\"@type\":\"WebPage\",\"@id\":\"https:\/\/ambipar.com\/latam\/ambipar-response-3\/entrenamientos\/nrs-3\/nr-33-espacios-confinados-autorizados-y-vigilantes\/#webpage\",\"url\":\"https:\/\/ambipar.com\/latam\/ambipar-response-3\/entrenamientos\/nrs-3\/nr-33-espacios-confinados-autorizados-y-vigilantes\/\",\"name\":\"Curso NR 33 - Espacios Confinados - Autorizados y Vigilantes - Ambipar\",\"isPartOf\":{\"@id\":\"https:\/\/ambipar.com\/latam\/#website\"},\"primaryImageOfPage\":{\"@id\":\"https:\/\/ambipar.com\/latam\/ambipar-response-3\/entrenamientos\/nrs-3\/nr-33-espacios-confinados-autorizados-y-vigilantes\/#primaryimage\"},\"datePublished\":\"2020-11-17T10:46:28+00:00\",\"dateModified\":\"2022-06-21T18:52:23+00:00\",\"description\":\"OBJETIVO Establecer los requisitos m\\u00ednimos para la identificaci\\u00f3n de espacios confinados y el reconocimiento, evaluaci\\u00f3n, control de los riesgos existentes\",\"breadcrumb\":{\"@id\":\"https:\/\/ambipar.com\/latam\/ambipar-response-3\/entrenamientos\/nrs-3\/nr-33-espacios-confinados-autorizados-y-vigilantes\/#breadcrumb\"},\"inLanguage\":\"es-CL\",\"potentialAction\":[{\"@type\":\"ReadAction\",\"target\":[\"https:\/\/ambipar.com\/latam\/ambipar-response-3\/entrenamientos\/nrs-3\/nr-33-espacios-confinados-autorizados-y-vigilantes\/\"]}]},{\"@type\":\"BreadcrumbList\",\"@id\":\"https:\/\/ambipar.com\/latam\/ambipar-response-3\/entrenamientos\/nrs-3\/nr-33-espacios-confinados-autorizados-y-vigilantes\/#breadcrumb\",\"itemListElement\":[{\"@type\":\"ListItem\",\"position\":1,\"name\":\"Home\",\"item\":\"https:\/\/ambipar.com\/latam\/\"},{\"@type\":\"ListItem\",\"position\":2,\"name\":\"Ambipar Response\",\"item\":\"https:\/\/ambipar.com\/latam\/ambipar-response-3\/\"},{\"@type\":\"ListItem\",\"position\":3,\"name\":\"Entrenamientos\",\"item\":\"https:\/\/ambipar.com\/latam\/ambipar-response-3\/entrenamientos\/\"},{\"@type\":\"ListItem\",\"position\":4,\"name\":\"NR\\u2019S\",\"item\":\"https:\/\/ambipar.com\/latam\/ambipar-response-3\/entrenamientos\/nrs-3\/\"},{\"@type\":\"ListItem\",\"position\":5,\"name\":\"NR 33 &#8211; Espacios confinados &#8211; Autorizados y Vigilantes\"}]}]}<\/script>\n<!-- \/ Yoast SEO plugin. -->","yoast_head_json":{"title":"Curso NR 33 - Espacios Confinados - Autorizados y Vigilantes - Ambipar","description":"OBJETIVO Establecer los requisitos m\u00ednimos para la identificaci\u00f3n de espacios confinados y el reconocimiento, evaluaci\u00f3n, control de los riesgos existentes","robots":{"index":"index","follow":"follow","max-snippet":"max-snippet:-1","max-image-preview":"max-image-preview:large","max-video-preview":"max-video-preview:-1"},"canonical":"https:\/\/ambipar.com\/latam\/ambipar-response-3\/entrenamientos\/nrs-3\/nr-33-espacios-confinados-autorizados-y-vigilantes\/","og_locale":"es_ES","og_type":"article","og_title":"Curso NR 33 - Espacios Confinados - Autorizados y Vigilantes - Ambipar","og_description":"OBJETIVO Establecer los requisitos m\u00ednimos para la identificaci\u00f3n de espacios confinados y el reconocimiento, evaluaci\u00f3n, control de los riesgos existentes","og_url":"https:\/\/ambipar.com\/latam\/ambipar-response-3\/entrenamientos\/nrs-3\/nr-33-espacios-confinados-autorizados-y-vigilantes\/","og_site_name":"Ambipar. A l\u00edder em gest\u00e3o ambiental.","article_modified_time":"2022-06-21T18:52:23+00:00","og_image":[{"width":1000,"height":1000,"url":"https:\/\/ambipar.com\/latam\/wp-content\/uploads\/2020\/10\/confinado1.jpg","type":"image\/jpeg"}],"twitter_card":"summary_large_image","twitter_misc":{"Est. reading time":"1 minuto"},"schema":{"@context":"https:\/\/schema.org","@graph":[{"@type":"Organization","@id":"https:\/\/ambipar.com\/latam\/#organization","name":"Ambipar","url":"https:\/\/ambipar.com\/latam\/","sameAs":[],"logo":{"@type":"ImageObject","@id":"https:\/\/ambipar.com\/latam\/#logo","inLanguage":"es-CL","url":"https:\/\/ambipar.com\/latam\/wp-content\/uploads\/2020\/10\/ambipar_color.png","contentUrl":"https:\/\/ambipar.com\/latam\/wp-content\/uploads\/2020\/10\/ambipar_color.png","width":174,"height":107,"caption":"Ambipar"},"image":{"@id":"https:\/\/ambipar.com\/latam\/#logo"}},{"@type":"WebSite","@id":"https:\/\/ambipar.com\/latam\/#website","url":"https:\/\/ambipar.com\/latam\/","name":"Ambipar. A l\u00edder em gest\u00e3o ambiental.","description":"Pioneira em solu\u00e7\u00f5es ambientais, a Ambipar atua em todo o territ\u00f3rio nacional oferecendo solu\u00e7\u00f5es integradas para toda a cadeia de neg\u00f3cio.","publisher":{"@id":"https:\/\/ambipar.com\/latam\/#organization"},"potentialAction":[{"@type":"SearchAction","target":{"@type":"EntryPoint","urlTemplate":"https:\/\/ambipar.com\/latam\/?s={search_term_string}"},"query-input":"required name=search_term_string"}],"inLanguage":"es-CL"},{"@type":"ImageObject","@id":"https:\/\/ambipar.com\/latam\/ambipar-response-3\/entrenamientos\/nrs-3\/nr-33-espacios-confinados-autorizados-y-vigilantes\/#primaryimage","inLanguage":"es-CL","url":"https:\/\/ambipar.com\/latam\/wp-content\/uploads\/2020\/10\/confinado1.jpg","contentUrl":"https:\/\/ambipar.com\/latam\/wp-content\/uploads\/2020\/10\/confinado1.jpg","width":1000,"height":1000,"caption":"confinado"},{"@type":"WebPage","@id":"https:\/\/ambipar.com\/latam\/ambipar-response-3\/entrenamientos\/nrs-3\/nr-33-espacios-confinados-autorizados-y-vigilantes\/#webpage","url":"https:\/\/ambipar.com\/latam\/ambipar-response-3\/entrenamientos\/nrs-3\/nr-33-espacios-confinados-autorizados-y-vigilantes\/","name":"Curso NR 33 - Espacios Confinados - Autorizados y Vigilantes - Ambipar","isPartOf":{"@id":"https:\/\/ambipar.com\/latam\/#website"},"primaryImageOfPage":{"@id":"https:\/\/ambipar.com\/latam\/ambipar-response-3\/entrenamientos\/nrs-3\/nr-33-espacios-confinados-autorizados-y-vigilantes\/#primaryimage"},"datePublished":"2020-11-17T10:46:28+00:00","dateModified":"2022-06-21T18:52:23+00:00","description":"OBJETIVO Establecer los requisitos m\u00ednimos para la identificaci\u00f3n de espacios confinados y el reconocimiento, evaluaci\u00f3n, control de los riesgos existentes","breadcrumb":{"@id":"https:\/\/ambipar.com\/latam\/ambipar-response-3\/entrenamientos\/nrs-3\/nr-33-espacios-confinados-autorizados-y-vigilantes\/#breadcrumb"},"inLanguage":"es-CL","potentialAction":[{"@type":"ReadAction","target":["https:\/\/ambipar.com\/latam\/ambipar-response-3\/entrenamientos\/nrs-3\/nr-33-espacios-confinados-autorizados-y-vigilantes\/"]}]},{"@type":"BreadcrumbList","@id":"https:\/\/ambipar.com\/latam\/ambipar-response-3\/entrenamientos\/nrs-3\/nr-33-espacios-confinados-autorizados-y-vigilantes\/#breadcrumb","itemListElement":[{"@type":"ListItem","position":1,"name":"Home","item":"https:\/\/ambipar.com\/latam\/"},{"@type":"ListItem","position":2,"name":"Ambipar Response","item":"https:\/\/ambipar.com\/latam\/ambipar-response-3\/"},{"@type":"ListItem","position":3,"name":"Entrenamientos","item":"https:\/\/ambipar.com\/latam\/ambipar-response-3\/entrenamientos\/"},{"@type":"ListItem","position":4,"name":"NR\u2019S","item":"https:\/\/ambipar.com\/latam\/ambipar-response-3\/entrenamientos\/nrs-3\/"},{"@type":"ListItem","position":5,"name":"NR 33 &#8211; Espacios confinados &#8211; Autorizados y Vigilantes"}]}]}},"_links":{"self":[{"href":"https:\/\/ambipar.com\/latam\/wp-json\/wp\/v2\/pages\/2397"}],"collection":[{"href":"https:\/\/ambipar.com\/latam\/wp-json\/wp\/v2\/pages"}],"about":[{"href":"https:\/\/ambipar.com\/latam\/wp-json\/wp\/v2\/types\/page"}],"author":[{"embeddable":true,"href":"https:\/\/ambipar.com\/latam\/wp-json\/wp\/v2\/users\/1"}],"replies":[{"embeddable":true,"href":"https:\/\/ambipar.com\/latam\/wp-json\/wp\/v2\/comments?post=2397"}],"version-history":[{"count":7,"href":"https:\/\/ambipar.com\/latam\/wp-json\/wp\/v2\/pages\/2397\/revisions"}],"predecessor-version":[{"id":4653,"href":"https:\/\/ambipar.com\/latam\/wp-json\/wp\/v2\/pages\/2397\/revisions\/4653"}],"up":[{"embeddable":true,"href":"https:\/\/ambipar.com\/latam\/wp-json\/wp\/v2\/pages\/2354"}],"wp:featuredmedia":[{"embeddable":true,"href":"https:\/\/ambipar.com\/latam\/wp-json\/wp\/v2\/media\/888"}],"wp:attachment":[{"href":"https:\/\/ambipar.com\/latam\/wp-json\/wp\/v2\/media?parent=2397"}],"curies":[{"name":"wp","href":"https:\/\/api.w.org\/{rel}","templated":true}]}}