{"id":2406,"date":"2020-11-17T07:54:44","date_gmt":"2020-11-17T10:54:44","guid":{"rendered":"https:\/\/ambipar.com\/latam\/?page_id=2406"},"modified":"2021-01-15T08:37:28","modified_gmt":"2021-01-15T11:37:28","slug":"working-at-height","status":"publish","type":"page","link":"https:\/\/ambipar.com\/latam\/en\/ambipar-response\/treinamentos\/nrs\/working-at-height\/","title":{"rendered":"NR 35 &#8211; Working at Height"},"content":{"rendered":"\n<p><strong>OBJECTIVE:<\/strong><\/p>\n\n\n\n<p>Establish minimum requirements and protective measures for work at height, involving planning, organization and execution in order to ensure the safety and health of workers directly or indirectly involved in the activity.<\/p>\n\n\n\n<p><strong>TARGET AUDIENCE:<\/strong><\/p>\n\n\n\n<p>Operation, maintenance and cleaning staff, or any other worker who performs activities at height.<\/p>\n\n\n\n<p><strong>PROGRAM CONTENT:<\/strong><\/p>\n\n\n\n<ul><li>Rules and regulations applicable to working at height<\/li><li>Risk analysis and impeding conditions<\/li><li>Potential risks inherent in working at height and prevention and control measures<\/li><li>Collective protection systems, equipment and procedures<\/li><li>Personal protective equipment for work at height: selection, inspection, conservation and use limitation<\/li><li>Typical accidents at work at height<\/li><li>Conduct in emergency situations, including notions of rescue techniques and first aid<\/li><\/ul>\n\n\n\n<p>COURSE LOAD: 08 hours<\/p>\n\n\n\n<div class=\"wp-block-buttons\">\n<div class=\"wp-block-button\"><a class=\"wp-block-button__link\" href=\"https:\/\/app.smartsheet.com\/b\/form\/57a977c9e30244acbdc17c86e82b5ef9\" target=\"_blank\" rel=\"noreferrer noopener\"> REQUEST SCHEDULE<\/a><\/div>\n<\/div>\n\n\n\n<p>Get to know the other training modules related to Brazilian and International Regulatory Standards (NR):<\/p>\n\n\n\n<ul id=\"block-cdc1b052-3980-4215-afce-e765d8569b8a\"><li><a href=\"https:\/\/ambipar.com\/latam\/en\/ambipar-response\/treinamentos\/nrs\/nr-10-electricity-safety-basic\/\">NR 10 &#8211; Electricity Safety &#8211; Basic<\/a><\/li><li><a href=\"https:\/\/ambipar.com\/latam\/en\/ambipar-response\/treinamentos\/nrs\/nr-10-electric-power-system-sep\/\">NR 10 \u2013 Electric Power System (SEP)<\/a><\/li><li><a href=\"https:\/\/ambipar.com\/latam\/en\/ambipar-response\/treinamentos\/nrs\/nr-20-safety-at-work-with-flammable-and-combustible-basic\/\">NR 20 &#8211; Safety at Work with Flammable and Combustible &#8211; Basic<\/a><\/li><li><a href=\"https:\/\/ambipar.com\/latam\/en\/ambipar-response\/treinamentos\/nrs\/nr-20-safety-at-work-with-flammable-and-fuels-intermediate\/\">NR 20 &#8211; Safety at Work with Flammable and Fuels &#8211; Intermediate<\/a><\/li><li><a href=\"https:\/\/ambipar.com\/latam\/en\/ambipar-response\/treinamentos\/nrs\/nr-20-safety-at-work-with-flammable-and-com-fuel-advanced\/\">NR 20 &#8211; Safety at Work with Flammable and Com fuel &#8211; Advanced<\/a><\/li><li><a href=\"https:\/\/ambipar.com\/latam\/en\/ambipar-response\/treinamentos\/nrs\/nr-33-confined-spaces-authorized-and-watchers\/\">NR 33 &#8211; Confined Spaces &#8211; Authorized and Watchers<\/a><\/li><li><a href=\"https:\/\/ambipar.com\/latam\/en\/ambipar-response\/treinamentos\/nrs\/nr-33-confined-spaces-supervisor\/\">NR 33 &#8211; Confined Spaces &#8211; Supervisor<\/a><\/li><\/ul>\n","protected":false},"excerpt":{"rendered":"OBJECTIVE: Establish minimum requirements and protective measures for work at height, involving planning, organization and execution in order to ensure the safety and health of workers directly or indirectly involved in the activity. TARGET AUDIENCE: Operation, maintenance and cleaning staff, or any other worker who performs activities at height. PROGRAM CONTENT: Rules and regulations applicable&#8230; <a class=\"view-article\" href=\"https:\/\/ambipar.com\/latam\/en\/ambipar-response\/treinamentos\/nrs\/working-at-height\/\">Ver art\u00edculo<\/a>","protected":false},"author":1,"featured_media":896,"parent":713,"menu_order":0,"comment_status":"closed","ping_status":"closed","template":"single-servicos.php","meta":[],"yoast_head":"<!-- This site is optimized with the Yoast SEO plugin v17.6 - https:\/\/yoast.com\/wordpress\/plugins\/seo\/ -->\n<title>Working at Height course offered by Ambipar Response<\/title>\n<meta name=\"description\" content=\"OBJECTIVE: To establish minimum requirements and protective measures for work at height, involving planning, organization and execution\" \/>\n<meta name=\"robots\" content=\"index, follow, max-snippet:-1, max-image-preview:large, max-video-preview:-1\" \/>\n<link rel=\"canonical\" href=\"https:\/\/ambipar.com\/latam\/en\/ambipar-response\/treinamentos\/nrs\/working-at-height\/\" \/>\n<meta property=\"og:locale\" content=\"es_ES\" \/>\n<meta property=\"og:type\" content=\"article\" \/>\n<meta property=\"og:title\" content=\"Working at Height course offered by Ambipar Response\" \/>\n<meta property=\"og:description\" content=\"OBJECTIVE: To establish minimum requirements and protective measures for work at height, involving planning, organization and execution\" \/>\n<meta property=\"og:url\" content=\"https:\/\/ambipar.com\/latam\/en\/ambipar-response\/treinamentos\/nrs\/working-at-height\/\" \/>\n<meta property=\"og:site_name\" content=\"Ambipar. A l\u00edder em gest\u00e3o ambiental.\" \/>\n<meta property=\"article:modified_time\" content=\"2021-01-15T11:37:28+00:00\" \/>\n<meta property=\"og:image\" content=\"https:\/\/ambipar.com\/latam\/wp-content\/uploads\/2020\/10\/altura.jpg\" \/>\n\t<meta property=\"og:image:width\" content=\"993\" \/>\n\t<meta property=\"og:image:height\" content=\"1000\" \/>\n<meta name=\"twitter:card\" content=\"summary_large_image\" \/>\n<meta name=\"twitter:label1\" content=\"Est. reading time\" \/>\n\t<meta name=\"twitter:data1\" content=\"1 minuto\" \/>\n<script type=\"application\/ld+json\" class=\"yoast-schema-graph\">{\"@context\":\"https:\/\/schema.org\",\"@graph\":[{\"@type\":\"Organization\",\"@id\":\"https:\/\/ambipar.com\/latam\/#organization\",\"name\":\"Ambipar\",\"url\":\"https:\/\/ambipar.com\/latam\/\",\"sameAs\":[],\"logo\":{\"@type\":\"ImageObject\",\"@id\":\"https:\/\/ambipar.com\/latam\/#logo\",\"inLanguage\":\"es-CL\",\"url\":\"https:\/\/ambipar.com\/latam\/wp-content\/uploads\/2020\/10\/ambipar_color.png\",\"contentUrl\":\"https:\/\/ambipar.com\/latam\/wp-content\/uploads\/2020\/10\/ambipar_color.png\",\"width\":174,\"height\":107,\"caption\":\"Ambipar\"},\"image\":{\"@id\":\"https:\/\/ambipar.com\/latam\/#logo\"}},{\"@type\":\"WebSite\",\"@id\":\"https:\/\/ambipar.com\/latam\/#website\",\"url\":\"https:\/\/ambipar.com\/latam\/\",\"name\":\"Ambipar. A l\\u00edder em gest\\u00e3o ambiental.\",\"description\":\"Pioneira em solu\\u00e7\\u00f5es ambientais, a Ambipar atua em todo o territ\\u00f3rio nacional oferecendo solu\\u00e7\\u00f5es integradas para toda a cadeia de neg\\u00f3cio.\",\"publisher\":{\"@id\":\"https:\/\/ambipar.com\/latam\/#organization\"},\"potentialAction\":[{\"@type\":\"SearchAction\",\"target\":{\"@type\":\"EntryPoint\",\"urlTemplate\":\"https:\/\/ambipar.com\/latam\/?s={search_term_string}\"},\"query-input\":\"required name=search_term_string\"}],\"inLanguage\":\"es-CL\"},{\"@type\":\"ImageObject\",\"@id\":\"https:\/\/ambipar.com\/latam\/en\/ambipar-response\/treinamentos\/nrs\/working-at-height\/#primaryimage\",\"inLanguage\":\"es-CL\",\"url\":\"https:\/\/ambipar.com\/latam\/wp-content\/uploads\/2020\/10\/altura.jpg\",\"contentUrl\":\"https:\/\/ambipar.com\/latam\/wp-content\/uploads\/2020\/10\/altura.jpg\",\"width\":993,\"height\":1000,\"caption\":\"altura\"},{\"@type\":\"WebPage\",\"@id\":\"https:\/\/ambipar.com\/latam\/en\/ambipar-response\/treinamentos\/nrs\/working-at-height\/#webpage\",\"url\":\"https:\/\/ambipar.com\/latam\/en\/ambipar-response\/treinamentos\/nrs\/working-at-height\/\",\"name\":\"Working at Height course offered by Ambipar Response\",\"isPartOf\":{\"@id\":\"https:\/\/ambipar.com\/latam\/#website\"},\"primaryImageOfPage\":{\"@id\":\"https:\/\/ambipar.com\/latam\/en\/ambipar-response\/treinamentos\/nrs\/working-at-height\/#primaryimage\"},\"datePublished\":\"2020-11-17T10:54:44+00:00\",\"dateModified\":\"2021-01-15T11:37:28+00:00\",\"description\":\"OBJECTIVE: To establish minimum requirements and protective measures for work at height, involving planning, organization and execution\",\"breadcrumb\":{\"@id\":\"https:\/\/ambipar.com\/latam\/en\/ambipar-response\/treinamentos\/nrs\/working-at-height\/#breadcrumb\"},\"inLanguage\":\"es-CL\",\"potentialAction\":[{\"@type\":\"ReadAction\",\"target\":[\"https:\/\/ambipar.com\/latam\/en\/ambipar-response\/treinamentos\/nrs\/working-at-height\/\"]}]},{\"@type\":\"BreadcrumbList\",\"@id\":\"https:\/\/ambipar.com\/latam\/en\/ambipar-response\/treinamentos\/nrs\/working-at-height\/#breadcrumb\",\"itemListElement\":[{\"@type\":\"ListItem\",\"position\":1,\"name\":\"Home\",\"item\":\"https:\/\/ambipar.com\/latam\/\"},{\"@type\":\"ListItem\",\"position\":2,\"name\":\"Ambipar Response\",\"item\":\"https:\/\/ambipar.com\/latam\/pt\/ambipar-response\/\"},{\"@type\":\"ListItem\",\"position\":3,\"name\":\"Treinamentos\",\"item\":\"https:\/\/ambipar.com\/latam\/pt\/ambipar-response\/treinamentos\/\"},{\"@type\":\"ListItem\",\"position\":4,\"name\":\"NR\\u2019S\",\"item\":\"https:\/\/ambipar.com\/latam\/pt\/ambipar-response\/treinamentos\/nrs\/\"},{\"@type\":\"ListItem\",\"position\":5,\"name\":\"NR 35 &#8211; Working at Height\"}]}]}<\/script>\n<!-- \/ Yoast SEO plugin. -->","yoast_head_json":{"title":"Working at Height course offered by Ambipar Response","description":"OBJECTIVE: To establish minimum requirements and protective measures for work at height, involving planning, organization and execution","robots":{"index":"index","follow":"follow","max-snippet":"max-snippet:-1","max-image-preview":"max-image-preview:large","max-video-preview":"max-video-preview:-1"},"canonical":"https:\/\/ambipar.com\/latam\/en\/ambipar-response\/treinamentos\/nrs\/working-at-height\/","og_locale":"es_ES","og_type":"article","og_title":"Working at Height course offered by Ambipar Response","og_description":"OBJECTIVE: To establish minimum requirements and protective measures for work at height, involving planning, organization and execution","og_url":"https:\/\/ambipar.com\/latam\/en\/ambipar-response\/treinamentos\/nrs\/working-at-height\/","og_site_name":"Ambipar. A l\u00edder em gest\u00e3o ambiental.","article_modified_time":"2021-01-15T11:37:28+00:00","og_image":[{"width":993,"height":1000,"url":"https:\/\/ambipar.com\/latam\/wp-content\/uploads\/2020\/10\/altura.jpg","type":"image\/jpeg"}],"twitter_card":"summary_large_image","twitter_misc":{"Est. reading time":"1 minuto"},"schema":{"@context":"https:\/\/schema.org","@graph":[{"@type":"Organization","@id":"https:\/\/ambipar.com\/latam\/#organization","name":"Ambipar","url":"https:\/\/ambipar.com\/latam\/","sameAs":[],"logo":{"@type":"ImageObject","@id":"https:\/\/ambipar.com\/latam\/#logo","inLanguage":"es-CL","url":"https:\/\/ambipar.com\/latam\/wp-content\/uploads\/2020\/10\/ambipar_color.png","contentUrl":"https:\/\/ambipar.com\/latam\/wp-content\/uploads\/2020\/10\/ambipar_color.png","width":174,"height":107,"caption":"Ambipar"},"image":{"@id":"https:\/\/ambipar.com\/latam\/#logo"}},{"@type":"WebSite","@id":"https:\/\/ambipar.com\/latam\/#website","url":"https:\/\/ambipar.com\/latam\/","name":"Ambipar. A l\u00edder em gest\u00e3o ambiental.","description":"Pioneira em solu\u00e7\u00f5es ambientais, a Ambipar atua em todo o territ\u00f3rio nacional oferecendo solu\u00e7\u00f5es integradas para toda a cadeia de neg\u00f3cio.","publisher":{"@id":"https:\/\/ambipar.com\/latam\/#organization"},"potentialAction":[{"@type":"SearchAction","target":{"@type":"EntryPoint","urlTemplate":"https:\/\/ambipar.com\/latam\/?s={search_term_string}"},"query-input":"required name=search_term_string"}],"inLanguage":"es-CL"},{"@type":"ImageObject","@id":"https:\/\/ambipar.com\/latam\/en\/ambipar-response\/treinamentos\/nrs\/working-at-height\/#primaryimage","inLanguage":"es-CL","url":"https:\/\/ambipar.com\/latam\/wp-content\/uploads\/2020\/10\/altura.jpg","contentUrl":"https:\/\/ambipar.com\/latam\/wp-content\/uploads\/2020\/10\/altura.jpg","width":993,"height":1000,"caption":"altura"},{"@type":"WebPage","@id":"https:\/\/ambipar.com\/latam\/en\/ambipar-response\/treinamentos\/nrs\/working-at-height\/#webpage","url":"https:\/\/ambipar.com\/latam\/en\/ambipar-response\/treinamentos\/nrs\/working-at-height\/","name":"Working at Height course offered by Ambipar Response","isPartOf":{"@id":"https:\/\/ambipar.com\/latam\/#website"},"primaryImageOfPage":{"@id":"https:\/\/ambipar.com\/latam\/en\/ambipar-response\/treinamentos\/nrs\/working-at-height\/#primaryimage"},"datePublished":"2020-11-17T10:54:44+00:00","dateModified":"2021-01-15T11:37:28+00:00","description":"OBJECTIVE: To establish minimum requirements and protective measures for work at height, involving planning, organization and execution","breadcrumb":{"@id":"https:\/\/ambipar.com\/latam\/en\/ambipar-response\/treinamentos\/nrs\/working-at-height\/#breadcrumb"},"inLanguage":"es-CL","potentialAction":[{"@type":"ReadAction","target":["https:\/\/ambipar.com\/latam\/en\/ambipar-response\/treinamentos\/nrs\/working-at-height\/"]}]},{"@type":"BreadcrumbList","@id":"https:\/\/ambipar.com\/latam\/en\/ambipar-response\/treinamentos\/nrs\/working-at-height\/#breadcrumb","itemListElement":[{"@type":"ListItem","position":1,"name":"Home","item":"https:\/\/ambipar.com\/latam\/"},{"@type":"ListItem","position":2,"name":"Ambipar Response","item":"https:\/\/ambipar.com\/latam\/pt\/ambipar-response\/"},{"@type":"ListItem","position":3,"name":"Treinamentos","item":"https:\/\/ambipar.com\/latam\/pt\/ambipar-response\/treinamentos\/"},{"@type":"ListItem","position":4,"name":"NR\u2019S","item":"https:\/\/ambipar.com\/latam\/pt\/ambipar-response\/treinamentos\/nrs\/"},{"@type":"ListItem","position":5,"name":"NR 35 &#8211; Working at Height"}]}]}},"_links":{"self":[{"href":"https:\/\/ambipar.com\/latam\/wp-json\/wp\/v2\/pages\/2406"}],"collection":[{"href":"https:\/\/ambipar.com\/latam\/wp-json\/wp\/v2\/pages"}],"about":[{"href":"https:\/\/ambipar.com\/latam\/wp-json\/wp\/v2\/types\/page"}],"author":[{"embeddable":true,"href":"https:\/\/ambipar.com\/latam\/wp-json\/wp\/v2\/users\/1"}],"replies":[{"embeddable":true,"href":"https:\/\/ambipar.com\/latam\/wp-json\/wp\/v2\/comments?post=2406"}],"version-history":[{"count":5,"href":"https:\/\/ambipar.com\/latam\/wp-json\/wp\/v2\/pages\/2406\/revisions"}],"predecessor-version":[{"id":3239,"href":"https:\/\/ambipar.com\/latam\/wp-json\/wp\/v2\/pages\/2406\/revisions\/3239"}],"up":[{"embeddable":true,"href":"https:\/\/ambipar.com\/latam\/wp-json\/wp\/v2\/pages\/713"}],"wp:featuredmedia":[{"embeddable":true,"href":"https:\/\/ambipar.com\/latam\/wp-json\/wp\/v2\/media\/896"}],"wp:attachment":[{"href":"https:\/\/ambipar.com\/latam\/wp-json\/wp\/v2\/media?parent=2406"}],"curies":[{"name":"wp","href":"https:\/\/api.w.org\/{rel}","templated":true}]}}