{"id":2421,"date":"2020-11-17T08:27:24","date_gmt":"2020-11-17T11:27:24","guid":{"rendered":"https:\/\/ambipar.com\/latam\/?page_id=2421"},"modified":"2021-01-15T08:29:26","modified_gmt":"2021-01-15T11:29:26","slug":"combat-oil-spill-in-water-bodies","status":"publish","type":"page","link":"https:\/\/ambipar.com\/latam\/en\/ambipar-response\/treinamentos\/oil-spill\/combat-oil-spill-in-water-bodies\/","title":{"rendered":"Combat oil spill in water bodies"},"content":{"rendered":"\n<p><strong>OBJECTIVE:<\/strong> <\/p>\n\n\n\n<p>Provide participants with technical and practical knowledge that allows them to develop defensive and preventive actions due to oil spill emergencies, including assessment and monitoring techniques.<\/p>\n\n\n\n<p><strong>TARGET AUDIENCE: <\/strong><\/p>\n\n\n\n<p>Coordinators, supervisors and leaders who work in port terminals.<\/p>\n\n\n\n<p><strong>PROGRAM CONTENT:<\/strong><\/p>\n\n\n\n<ul><li>Concepts of technological accidents in the history of accidents<\/li><li>To analyze the legal aspects, classification and behavior of oil<\/li><li>Basic concepts of toxicology<\/li><li>Implement protective actions<\/li><li>Selection, use and classification of different individual and collective protection equipment<\/li><li>Correct choice of use of materials and equipment for oil containment and absorption responses<\/li><li>Participate in the emergency response structure, as well as in the actions to attend, monitor and close emergency activities<\/li><\/ul>\n\n\n\n<p>COURSE LOAD: 08 HOURS<\/p>\n\n\n\n<div class=\"wp-block-buttons\">\n<div class=\"wp-block-button\"><a class=\"wp-block-button__link\" href=\"https:\/\/app.smartsheet.com\/b\/form\/57a977c9e30244acbdc17c86e82b5ef9\" target=\"_blank\" rel=\"noreferrer noopener\"> REQUEST SCHEDULE<\/a><\/div>\n<\/div>\n\n\n\n<p>Discover the other modules of the Oil Spill course:<\/p>\n\n\n\n<ul id=\"block-e08a69f3-3cd8-4edc-9635-108a8a483ec9\"><li><a href=\"https:\/\/ambipar.com\/latam\/en\/ambipar-response\/treinamentos\/oil-spill\/imo-i-2\/\">IMO I<\/a><\/li><li><a href=\"https:\/\/ambipar.com\/latam\/en\/ambipar-response\/treinamentos\/oil-spill\/imo-ii-2\/\">IMO <\/a><a href=\"https:\/\/ambipar.com\/latam\/ambipar-response\/treinamentos\/oil-spill\/imo-ii\/\">II<\/a><\/li><li><a href=\"https:\/\/ambipar.com\/latam\/en\/ambipar-response\/treinamentos\/oil-spill\/pei-individual-emergency-plan\/\">PEI \u2013 Individual Emergency Plan<\/a><\/li><\/ul>\n\n\n\n<p><\/p>\n","protected":false},"excerpt":{"rendered":"OBJECTIVE: Provide participants with technical and practical knowledge that allows them to develop defensive and preventive actions due to oil spill emergencies, including assessment and monitoring techniques. TARGET AUDIENCE: Coordinators, supervisors and leaders who work in port terminals. PROGRAM CONTENT: Concepts of technological accidents in the history of accidents To analyze the legal aspects, classification&#8230; <a class=\"view-article\" href=\"https:\/\/ambipar.com\/latam\/en\/ambipar-response\/treinamentos\/oil-spill\/combat-oil-spill-in-water-bodies\/\">Ver art\u00edculo<\/a>","protected":false},"author":1,"featured_media":573,"parent":566,"menu_order":0,"comment_status":"closed","ping_status":"closed","template":"single-servicos.php","meta":[],"yoast_head":"<!-- This site is optimized with the Yoast SEO plugin v17.6 - https:\/\/yoast.com\/wordpress\/plugins\/seo\/ -->\n<title>Combat oil spill in water bodies offered by Ambipar<\/title>\n<meta name=\"description\" content=\"OBJECTIVE: To provide participants with technical and practical knowledge that allows them to develop defensive and preventive actions\" \/>\n<meta name=\"robots\" content=\"index, follow, max-snippet:-1, max-image-preview:large, max-video-preview:-1\" \/>\n<link rel=\"canonical\" href=\"https:\/\/ambipar.com\/latam\/en\/ambipar-response\/treinamentos\/oil-spill\/combat-oil-spill-in-water-bodies\/\" \/>\n<meta property=\"og:locale\" content=\"es_ES\" \/>\n<meta property=\"og:type\" content=\"article\" \/>\n<meta property=\"og:title\" content=\"Combat oil spill in water bodies offered by Ambipar\" \/>\n<meta property=\"og:description\" content=\"OBJECTIVE: To provide participants with technical and practical knowledge that allows them to develop defensive and preventive actions\" \/>\n<meta property=\"og:url\" content=\"https:\/\/ambipar.com\/latam\/en\/ambipar-response\/treinamentos\/oil-spill\/combat-oil-spill-in-water-bodies\/\" \/>\n<meta property=\"og:site_name\" content=\"Ambipar. A l\u00edder em gest\u00e3o ambiental.\" \/>\n<meta property=\"article:modified_time\" content=\"2021-01-15T11:29:26+00:00\" \/>\n<meta property=\"og:image\" content=\"https:\/\/ambipar.com\/latam\/wp-content\/uploads\/2020\/10\/oil3.jpeg\" \/>\n\t<meta property=\"og:image:width\" content=\"1006\" \/>\n\t<meta property=\"og:image:height\" content=\"960\" \/>\n<meta name=\"twitter:card\" content=\"summary_large_image\" \/>\n<meta name=\"twitter:label1\" content=\"Est. reading time\" \/>\n\t<meta name=\"twitter:data1\" content=\"1 minuto\" \/>\n<script type=\"application\/ld+json\" class=\"yoast-schema-graph\">{\"@context\":\"https:\/\/schema.org\",\"@graph\":[{\"@type\":\"Organization\",\"@id\":\"https:\/\/ambipar.com\/latam\/#organization\",\"name\":\"Ambipar\",\"url\":\"https:\/\/ambipar.com\/latam\/\",\"sameAs\":[],\"logo\":{\"@type\":\"ImageObject\",\"@id\":\"https:\/\/ambipar.com\/latam\/#logo\",\"inLanguage\":\"es-CL\",\"url\":\"https:\/\/ambipar.com\/latam\/wp-content\/uploads\/2020\/10\/ambipar_color.png\",\"contentUrl\":\"https:\/\/ambipar.com\/latam\/wp-content\/uploads\/2020\/10\/ambipar_color.png\",\"width\":174,\"height\":107,\"caption\":\"Ambipar\"},\"image\":{\"@id\":\"https:\/\/ambipar.com\/latam\/#logo\"}},{\"@type\":\"WebSite\",\"@id\":\"https:\/\/ambipar.com\/latam\/#website\",\"url\":\"https:\/\/ambipar.com\/latam\/\",\"name\":\"Ambipar. A l\\u00edder em gest\\u00e3o ambiental.\",\"description\":\"Pioneira em solu\\u00e7\\u00f5es ambientais, a Ambipar atua em todo o territ\\u00f3rio nacional oferecendo solu\\u00e7\\u00f5es integradas para toda a cadeia de neg\\u00f3cio.\",\"publisher\":{\"@id\":\"https:\/\/ambipar.com\/latam\/#organization\"},\"potentialAction\":[{\"@type\":\"SearchAction\",\"target\":{\"@type\":\"EntryPoint\",\"urlTemplate\":\"https:\/\/ambipar.com\/latam\/?s={search_term_string}\"},\"query-input\":\"required name=search_term_string\"}],\"inLanguage\":\"es-CL\"},{\"@type\":\"ImageObject\",\"@id\":\"https:\/\/ambipar.com\/latam\/en\/ambipar-response\/treinamentos\/oil-spill\/combat-oil-spill-in-water-bodies\/#primaryimage\",\"inLanguage\":\"es-CL\",\"url\":\"https:\/\/ambipar.com\/latam\/wp-content\/uploads\/2020\/10\/oil3.jpeg\",\"contentUrl\":\"https:\/\/ambipar.com\/latam\/wp-content\/uploads\/2020\/10\/oil3.jpeg\",\"width\":1006,\"height\":960,\"caption\":\"oil\"},{\"@type\":\"WebPage\",\"@id\":\"https:\/\/ambipar.com\/latam\/en\/ambipar-response\/treinamentos\/oil-spill\/combat-oil-spill-in-water-bodies\/#webpage\",\"url\":\"https:\/\/ambipar.com\/latam\/en\/ambipar-response\/treinamentos\/oil-spill\/combat-oil-spill-in-water-bodies\/\",\"name\":\"Combat oil spill in water bodies offered by Ambipar\",\"isPartOf\":{\"@id\":\"https:\/\/ambipar.com\/latam\/#website\"},\"primaryImageOfPage\":{\"@id\":\"https:\/\/ambipar.com\/latam\/en\/ambipar-response\/treinamentos\/oil-spill\/combat-oil-spill-in-water-bodies\/#primaryimage\"},\"datePublished\":\"2020-11-17T11:27:24+00:00\",\"dateModified\":\"2021-01-15T11:29:26+00:00\",\"description\":\"OBJECTIVE: To provide participants with technical and practical knowledge that allows them to develop defensive and preventive actions\",\"breadcrumb\":{\"@id\":\"https:\/\/ambipar.com\/latam\/en\/ambipar-response\/treinamentos\/oil-spill\/combat-oil-spill-in-water-bodies\/#breadcrumb\"},\"inLanguage\":\"es-CL\",\"potentialAction\":[{\"@type\":\"ReadAction\",\"target\":[\"https:\/\/ambipar.com\/latam\/en\/ambipar-response\/treinamentos\/oil-spill\/combat-oil-spill-in-water-bodies\/\"]}]},{\"@type\":\"BreadcrumbList\",\"@id\":\"https:\/\/ambipar.com\/latam\/en\/ambipar-response\/treinamentos\/oil-spill\/combat-oil-spill-in-water-bodies\/#breadcrumb\",\"itemListElement\":[{\"@type\":\"ListItem\",\"position\":1,\"name\":\"Home\",\"item\":\"https:\/\/ambipar.com\/latam\/\"},{\"@type\":\"ListItem\",\"position\":2,\"name\":\"Ambipar Response\",\"item\":\"https:\/\/ambipar.com\/latam\/pt\/ambipar-response\/\"},{\"@type\":\"ListItem\",\"position\":3,\"name\":\"Treinamentos\",\"item\":\"https:\/\/ambipar.com\/latam\/pt\/ambipar-response\/treinamentos\/\"},{\"@type\":\"ListItem\",\"position\":4,\"name\":\"Oil Spill\",\"item\":\"https:\/\/ambipar.com\/latam\/pt\/ambipar-response\/treinamentos\/oil-spill\/\"},{\"@type\":\"ListItem\",\"position\":5,\"name\":\"Combat oil spill in water bodies\"}]}]}<\/script>\n<!-- \/ Yoast SEO plugin. -->","yoast_head_json":{"title":"Combat oil spill in water bodies offered by Ambipar","description":"OBJECTIVE: To provide participants with technical and practical knowledge that allows them to develop defensive and preventive actions","robots":{"index":"index","follow":"follow","max-snippet":"max-snippet:-1","max-image-preview":"max-image-preview:large","max-video-preview":"max-video-preview:-1"},"canonical":"https:\/\/ambipar.com\/latam\/en\/ambipar-response\/treinamentos\/oil-spill\/combat-oil-spill-in-water-bodies\/","og_locale":"es_ES","og_type":"article","og_title":"Combat oil spill in water bodies offered by Ambipar","og_description":"OBJECTIVE: To provide participants with technical and practical knowledge that allows them to develop defensive and preventive actions","og_url":"https:\/\/ambipar.com\/latam\/en\/ambipar-response\/treinamentos\/oil-spill\/combat-oil-spill-in-water-bodies\/","og_site_name":"Ambipar. A l\u00edder em gest\u00e3o ambiental.","article_modified_time":"2021-01-15T11:29:26+00:00","og_image":[{"width":1006,"height":960,"url":"https:\/\/ambipar.com\/latam\/wp-content\/uploads\/2020\/10\/oil3.jpeg","type":"image\/jpeg"}],"twitter_card":"summary_large_image","twitter_misc":{"Est. reading time":"1 minuto"},"schema":{"@context":"https:\/\/schema.org","@graph":[{"@type":"Organization","@id":"https:\/\/ambipar.com\/latam\/#organization","name":"Ambipar","url":"https:\/\/ambipar.com\/latam\/","sameAs":[],"logo":{"@type":"ImageObject","@id":"https:\/\/ambipar.com\/latam\/#logo","inLanguage":"es-CL","url":"https:\/\/ambipar.com\/latam\/wp-content\/uploads\/2020\/10\/ambipar_color.png","contentUrl":"https:\/\/ambipar.com\/latam\/wp-content\/uploads\/2020\/10\/ambipar_color.png","width":174,"height":107,"caption":"Ambipar"},"image":{"@id":"https:\/\/ambipar.com\/latam\/#logo"}},{"@type":"WebSite","@id":"https:\/\/ambipar.com\/latam\/#website","url":"https:\/\/ambipar.com\/latam\/","name":"Ambipar. A l\u00edder em gest\u00e3o ambiental.","description":"Pioneira em solu\u00e7\u00f5es ambientais, a Ambipar atua em todo o territ\u00f3rio nacional oferecendo solu\u00e7\u00f5es integradas para toda a cadeia de neg\u00f3cio.","publisher":{"@id":"https:\/\/ambipar.com\/latam\/#organization"},"potentialAction":[{"@type":"SearchAction","target":{"@type":"EntryPoint","urlTemplate":"https:\/\/ambipar.com\/latam\/?s={search_term_string}"},"query-input":"required name=search_term_string"}],"inLanguage":"es-CL"},{"@type":"ImageObject","@id":"https:\/\/ambipar.com\/latam\/en\/ambipar-response\/treinamentos\/oil-spill\/combat-oil-spill-in-water-bodies\/#primaryimage","inLanguage":"es-CL","url":"https:\/\/ambipar.com\/latam\/wp-content\/uploads\/2020\/10\/oil3.jpeg","contentUrl":"https:\/\/ambipar.com\/latam\/wp-content\/uploads\/2020\/10\/oil3.jpeg","width":1006,"height":960,"caption":"oil"},{"@type":"WebPage","@id":"https:\/\/ambipar.com\/latam\/en\/ambipar-response\/treinamentos\/oil-spill\/combat-oil-spill-in-water-bodies\/#webpage","url":"https:\/\/ambipar.com\/latam\/en\/ambipar-response\/treinamentos\/oil-spill\/combat-oil-spill-in-water-bodies\/","name":"Combat oil spill in water bodies offered by Ambipar","isPartOf":{"@id":"https:\/\/ambipar.com\/latam\/#website"},"primaryImageOfPage":{"@id":"https:\/\/ambipar.com\/latam\/en\/ambipar-response\/treinamentos\/oil-spill\/combat-oil-spill-in-water-bodies\/#primaryimage"},"datePublished":"2020-11-17T11:27:24+00:00","dateModified":"2021-01-15T11:29:26+00:00","description":"OBJECTIVE: To provide participants with technical and practical knowledge that allows them to develop defensive and preventive actions","breadcrumb":{"@id":"https:\/\/ambipar.com\/latam\/en\/ambipar-response\/treinamentos\/oil-spill\/combat-oil-spill-in-water-bodies\/#breadcrumb"},"inLanguage":"es-CL","potentialAction":[{"@type":"ReadAction","target":["https:\/\/ambipar.com\/latam\/en\/ambipar-response\/treinamentos\/oil-spill\/combat-oil-spill-in-water-bodies\/"]}]},{"@type":"BreadcrumbList","@id":"https:\/\/ambipar.com\/latam\/en\/ambipar-response\/treinamentos\/oil-spill\/combat-oil-spill-in-water-bodies\/#breadcrumb","itemListElement":[{"@type":"ListItem","position":1,"name":"Home","item":"https:\/\/ambipar.com\/latam\/"},{"@type":"ListItem","position":2,"name":"Ambipar Response","item":"https:\/\/ambipar.com\/latam\/pt\/ambipar-response\/"},{"@type":"ListItem","position":3,"name":"Treinamentos","item":"https:\/\/ambipar.com\/latam\/pt\/ambipar-response\/treinamentos\/"},{"@type":"ListItem","position":4,"name":"Oil Spill","item":"https:\/\/ambipar.com\/latam\/pt\/ambipar-response\/treinamentos\/oil-spill\/"},{"@type":"ListItem","position":5,"name":"Combat oil spill in water bodies"}]}]}},"_links":{"self":[{"href":"https:\/\/ambipar.com\/latam\/wp-json\/wp\/v2\/pages\/2421"}],"collection":[{"href":"https:\/\/ambipar.com\/latam\/wp-json\/wp\/v2\/pages"}],"about":[{"href":"https:\/\/ambipar.com\/latam\/wp-json\/wp\/v2\/types\/page"}],"author":[{"embeddable":true,"href":"https:\/\/ambipar.com\/latam\/wp-json\/wp\/v2\/users\/1"}],"replies":[{"embeddable":true,"href":"https:\/\/ambipar.com\/latam\/wp-json\/wp\/v2\/comments?post=2421"}],"version-history":[{"count":5,"href":"https:\/\/ambipar.com\/latam\/wp-json\/wp\/v2\/pages\/2421\/revisions"}],"predecessor-version":[{"id":3224,"href":"https:\/\/ambipar.com\/latam\/wp-json\/wp\/v2\/pages\/2421\/revisions\/3224"}],"up":[{"embeddable":true,"href":"https:\/\/ambipar.com\/latam\/wp-json\/wp\/v2\/pages\/566"}],"wp:featuredmedia":[{"embeddable":true,"href":"https:\/\/ambipar.com\/latam\/wp-json\/wp\/v2\/media\/573"}],"wp:attachment":[{"href":"https:\/\/ambipar.com\/latam\/wp-json\/wp\/v2\/media?parent=2421"}],"curies":[{"name":"wp","href":"https:\/\/api.w.org\/{rel}","templated":true}]}}