{"id":2430,"date":"2020-11-17T08:33:46","date_gmt":"2020-11-17T11:33:46","guid":{"rendered":"https:\/\/ambipar.com\/latam\/?page_id=2430"},"modified":"2022-06-21T15:45:48","modified_gmt":"2022-06-21T18:45:48","slug":"imo-i-3","status":"publish","type":"page","link":"https:\/\/ambipar.com\/latam\/ambipar-response-3\/entrenamientos\/oil-spill-3\/imo-i-3\/","title":{"rendered":"IMO I"},"content":{"rendered":"\n<p><strong>OBJETIVO:<\/strong> <\/p>\n\n\n\n<p>Capacite al equipo operativo para responder y administrar incidentes de manera segura, eficiente y efectiva. Es un curso pr\u00e1ctico dise\u00f1ado para empleados con un rol de responsabilidad dentro de su organizaci\u00f3n y a quienes se les puede solicitar que lideren un equipo de respuesta despu\u00e9s de un derrame de petr\u00f3leo.<\/p>\n\n\n\n<p><strong>P\u00daBLICO OBJETIVO: <\/strong><\/p>\n\n\n\n<p>Operadores que operan en terminales portuarias.<\/p>\n\n\n\n<p><strong>CONTENIDO DEL PROGRAMA:<\/strong><\/p>\n\n\n\n<ul><li>Reconocer las principales causas de los derrames de hidrocarburos en el mar<\/li><li>Analizar el comportamiento de los hidrocarburos en el mar y reconocer el entorno f\u00edsico y bi\u00f3tico del medio impactado<\/li><li>Identificar equipos y materiales necesarios para responder a la emergencia<\/li><li>Analizar el plan de contingencia y su rol en la emergencia<\/li><li>Identificar los roles de los actores involucrados en la emergencia<\/li><li>Entender los problemas asociado con la respuesta de emergencia<\/li><\/ul>\n\n\n\n<p>CARGA DEL CURSO: 32 HORAS<\/p>\n\n\n\n<div class=\"wp-block-buttons\">\n<div class=\"wp-block-button\"><a class=\"wp-block-button__link\" href=\"https:\/\/ambipar.com\/latam\/cotizacion-de-capacitacion\/\"> SOLICITAR HORARIO<\/a><\/div>\n<\/div>\n\n\n\n<p>Descubra los otros m\u00f3dulos del curso Oil Spill: <\/p>\n\n\n\n<ul id=\"block-e8844e6d-ee85-4e33-9a9a-8e6c2b594fc6\"><li><a href=\"https:\/\/ambipar.com\/latam\/es\/ambipar-response\/treinamentos\/oil-spill\/imo-ii-3\/\">IMO II<\/a><\/li><li><a href=\"https:\/\/ambipar.com\/latam\/es\/ambipar-response\/treinamentos\/oil-spill\/pei-plan-de-emergencia-individual\/\">PEI \u2013 Plan de emergencia individual<\/a><\/li><li><a href=\"https:\/\/ambipar.com\/latam\/es\/ambipar-response\/treinamentos\/oil-spill\/combate-derrame-de-petroleo-en-cuerpos-de-agua\/\">Combate derrame de petr\u00f3leo en cuerpos de agua<\/a><\/li><\/ul>\n","protected":false},"excerpt":{"rendered":"OBJETIVO: Capacite al equipo operativo para responder y administrar incidentes de manera segura, eficiente y efectiva. Es un curso pr\u00e1ctico dise\u00f1ado para empleados con un rol de responsabilidad dentro de su organizaci\u00f3n y a quienes se les puede solicitar que lideren un equipo de respuesta despu\u00e9s de un derrame de petr\u00f3leo. P\u00daBLICO OBJETIVO: Operadores que&#8230; <a class=\"view-article\" href=\"https:\/\/ambipar.com\/latam\/ambipar-response-3\/entrenamientos\/oil-spill-3\/imo-i-3\/\">Ver art\u00edculo<\/a>","protected":false},"author":1,"featured_media":572,"parent":2417,"menu_order":0,"comment_status":"closed","ping_status":"closed","template":"single-servicos.php","meta":[],"yoast_head":"<!-- This site is optimized with the Yoast SEO plugin v17.6 - https:\/\/yoast.com\/wordpress\/plugins\/seo\/ -->\n<title>Conozca la formaci\u00f3n IMO I que ofrece Ambipar Response<\/title>\n<meta name=\"description\" content=\"OBJETIVO: Formar al equipo operativo para responder y gestionar las incidencias de forma segura, eficiente y eficaz.\" \/>\n<meta name=\"robots\" content=\"index, follow, max-snippet:-1, max-image-preview:large, max-video-preview:-1\" \/>\n<link rel=\"canonical\" href=\"https:\/\/ambipar.com\/latam\/ambipar-response-3\/entrenamientos\/oil-spill-3\/imo-i-3\/\" \/>\n<meta property=\"og:locale\" content=\"es_ES\" \/>\n<meta property=\"og:type\" content=\"article\" \/>\n<meta property=\"og:title\" content=\"Conozca la formaci\u00f3n IMO I que ofrece Ambipar Response\" \/>\n<meta property=\"og:description\" content=\"OBJETIVO: Formar al equipo operativo para responder y gestionar las incidencias de forma segura, eficiente y eficaz.\" \/>\n<meta property=\"og:url\" content=\"https:\/\/ambipar.com\/latam\/ambipar-response-3\/entrenamientos\/oil-spill-3\/imo-i-3\/\" \/>\n<meta property=\"og:site_name\" content=\"Ambipar. A l\u00edder em gest\u00e3o ambiental.\" \/>\n<meta property=\"article:modified_time\" content=\"2022-06-21T18:45:48+00:00\" \/>\n<meta property=\"og:image\" content=\"https:\/\/ambipar.com\/latam\/wp-content\/uploads\/2020\/10\/oil2.jpg\" \/>\n\t<meta property=\"og:image:width\" content=\"1000\" \/>\n\t<meta property=\"og:image:height\" content=\"958\" \/>\n<meta name=\"twitter:card\" content=\"summary_large_image\" \/>\n<meta name=\"twitter:label1\" content=\"Est. reading time\" \/>\n\t<meta name=\"twitter:data1\" content=\"1 minuto\" \/>\n<script type=\"application\/ld+json\" class=\"yoast-schema-graph\">{\"@context\":\"https:\/\/schema.org\",\"@graph\":[{\"@type\":\"Organization\",\"@id\":\"https:\/\/ambipar.com\/latam\/#organization\",\"name\":\"Ambipar\",\"url\":\"https:\/\/ambipar.com\/latam\/\",\"sameAs\":[],\"logo\":{\"@type\":\"ImageObject\",\"@id\":\"https:\/\/ambipar.com\/latam\/#logo\",\"inLanguage\":\"es-CL\",\"url\":\"https:\/\/ambipar.com\/latam\/wp-content\/uploads\/2020\/10\/ambipar_color.png\",\"contentUrl\":\"https:\/\/ambipar.com\/latam\/wp-content\/uploads\/2020\/10\/ambipar_color.png\",\"width\":174,\"height\":107,\"caption\":\"Ambipar\"},\"image\":{\"@id\":\"https:\/\/ambipar.com\/latam\/#logo\"}},{\"@type\":\"WebSite\",\"@id\":\"https:\/\/ambipar.com\/latam\/#website\",\"url\":\"https:\/\/ambipar.com\/latam\/\",\"name\":\"Ambipar. A l\\u00edder em gest\\u00e3o ambiental.\",\"description\":\"Pioneira em solu\\u00e7\\u00f5es ambientais, a Ambipar atua em todo o territ\\u00f3rio nacional oferecendo solu\\u00e7\\u00f5es integradas para toda a cadeia de neg\\u00f3cio.\",\"publisher\":{\"@id\":\"https:\/\/ambipar.com\/latam\/#organization\"},\"potentialAction\":[{\"@type\":\"SearchAction\",\"target\":{\"@type\":\"EntryPoint\",\"urlTemplate\":\"https:\/\/ambipar.com\/latam\/?s={search_term_string}\"},\"query-input\":\"required name=search_term_string\"}],\"inLanguage\":\"es-CL\"},{\"@type\":\"ImageObject\",\"@id\":\"https:\/\/ambipar.com\/latam\/ambipar-response-3\/entrenamientos\/oil-spill-3\/imo-i-3\/#primaryimage\",\"inLanguage\":\"es-CL\",\"url\":\"https:\/\/ambipar.com\/latam\/wp-content\/uploads\/2020\/10\/oil2.jpg\",\"contentUrl\":\"https:\/\/ambipar.com\/latam\/wp-content\/uploads\/2020\/10\/oil2.jpg\",\"width\":1000,\"height\":958,\"caption\":\"oil\"},{\"@type\":\"WebPage\",\"@id\":\"https:\/\/ambipar.com\/latam\/ambipar-response-3\/entrenamientos\/oil-spill-3\/imo-i-3\/#webpage\",\"url\":\"https:\/\/ambipar.com\/latam\/ambipar-response-3\/entrenamientos\/oil-spill-3\/imo-i-3\/\",\"name\":\"Conozca la formaci\\u00f3n IMO I que ofrece Ambipar Response\",\"isPartOf\":{\"@id\":\"https:\/\/ambipar.com\/latam\/#website\"},\"primaryImageOfPage\":{\"@id\":\"https:\/\/ambipar.com\/latam\/ambipar-response-3\/entrenamientos\/oil-spill-3\/imo-i-3\/#primaryimage\"},\"datePublished\":\"2020-11-17T11:33:46+00:00\",\"dateModified\":\"2022-06-21T18:45:48+00:00\",\"description\":\"OBJETIVO: Formar al equipo operativo para responder y gestionar las incidencias de forma segura, eficiente y eficaz.\",\"breadcrumb\":{\"@id\":\"https:\/\/ambipar.com\/latam\/ambipar-response-3\/entrenamientos\/oil-spill-3\/imo-i-3\/#breadcrumb\"},\"inLanguage\":\"es-CL\",\"potentialAction\":[{\"@type\":\"ReadAction\",\"target\":[\"https:\/\/ambipar.com\/latam\/ambipar-response-3\/entrenamientos\/oil-spill-3\/imo-i-3\/\"]}]},{\"@type\":\"BreadcrumbList\",\"@id\":\"https:\/\/ambipar.com\/latam\/ambipar-response-3\/entrenamientos\/oil-spill-3\/imo-i-3\/#breadcrumb\",\"itemListElement\":[{\"@type\":\"ListItem\",\"position\":1,\"name\":\"Home\",\"item\":\"https:\/\/ambipar.com\/latam\/\"},{\"@type\":\"ListItem\",\"position\":2,\"name\":\"Ambipar Response\",\"item\":\"https:\/\/ambipar.com\/latam\/ambipar-response-3\/\"},{\"@type\":\"ListItem\",\"position\":3,\"name\":\"Entrenamientos\",\"item\":\"https:\/\/ambipar.com\/latam\/ambipar-response-3\/entrenamientos\/\"},{\"@type\":\"ListItem\",\"position\":4,\"name\":\"Oil Spill\",\"item\":\"https:\/\/ambipar.com\/latam\/ambipar-response-3\/entrenamientos\/oil-spill-3\/\"},{\"@type\":\"ListItem\",\"position\":5,\"name\":\"IMO I\"}]}]}<\/script>\n<!-- \/ Yoast SEO plugin. -->","yoast_head_json":{"title":"Conozca la formaci\u00f3n IMO I que ofrece Ambipar Response","description":"OBJETIVO: Formar al equipo operativo para responder y gestionar las incidencias de forma segura, eficiente y eficaz.","robots":{"index":"index","follow":"follow","max-snippet":"max-snippet:-1","max-image-preview":"max-image-preview:large","max-video-preview":"max-video-preview:-1"},"canonical":"https:\/\/ambipar.com\/latam\/ambipar-response-3\/entrenamientos\/oil-spill-3\/imo-i-3\/","og_locale":"es_ES","og_type":"article","og_title":"Conozca la formaci\u00f3n IMO I que ofrece Ambipar Response","og_description":"OBJETIVO: Formar al equipo operativo para responder y gestionar las incidencias de forma segura, eficiente y eficaz.","og_url":"https:\/\/ambipar.com\/latam\/ambipar-response-3\/entrenamientos\/oil-spill-3\/imo-i-3\/","og_site_name":"Ambipar. A l\u00edder em gest\u00e3o ambiental.","article_modified_time":"2022-06-21T18:45:48+00:00","og_image":[{"width":1000,"height":958,"url":"https:\/\/ambipar.com\/latam\/wp-content\/uploads\/2020\/10\/oil2.jpg","type":"image\/jpeg"}],"twitter_card":"summary_large_image","twitter_misc":{"Est. reading time":"1 minuto"},"schema":{"@context":"https:\/\/schema.org","@graph":[{"@type":"Organization","@id":"https:\/\/ambipar.com\/latam\/#organization","name":"Ambipar","url":"https:\/\/ambipar.com\/latam\/","sameAs":[],"logo":{"@type":"ImageObject","@id":"https:\/\/ambipar.com\/latam\/#logo","inLanguage":"es-CL","url":"https:\/\/ambipar.com\/latam\/wp-content\/uploads\/2020\/10\/ambipar_color.png","contentUrl":"https:\/\/ambipar.com\/latam\/wp-content\/uploads\/2020\/10\/ambipar_color.png","width":174,"height":107,"caption":"Ambipar"},"image":{"@id":"https:\/\/ambipar.com\/latam\/#logo"}},{"@type":"WebSite","@id":"https:\/\/ambipar.com\/latam\/#website","url":"https:\/\/ambipar.com\/latam\/","name":"Ambipar. A l\u00edder em gest\u00e3o ambiental.","description":"Pioneira em solu\u00e7\u00f5es ambientais, a Ambipar atua em todo o territ\u00f3rio nacional oferecendo solu\u00e7\u00f5es integradas para toda a cadeia de neg\u00f3cio.","publisher":{"@id":"https:\/\/ambipar.com\/latam\/#organization"},"potentialAction":[{"@type":"SearchAction","target":{"@type":"EntryPoint","urlTemplate":"https:\/\/ambipar.com\/latam\/?s={search_term_string}"},"query-input":"required name=search_term_string"}],"inLanguage":"es-CL"},{"@type":"ImageObject","@id":"https:\/\/ambipar.com\/latam\/ambipar-response-3\/entrenamientos\/oil-spill-3\/imo-i-3\/#primaryimage","inLanguage":"es-CL","url":"https:\/\/ambipar.com\/latam\/wp-content\/uploads\/2020\/10\/oil2.jpg","contentUrl":"https:\/\/ambipar.com\/latam\/wp-content\/uploads\/2020\/10\/oil2.jpg","width":1000,"height":958,"caption":"oil"},{"@type":"WebPage","@id":"https:\/\/ambipar.com\/latam\/ambipar-response-3\/entrenamientos\/oil-spill-3\/imo-i-3\/#webpage","url":"https:\/\/ambipar.com\/latam\/ambipar-response-3\/entrenamientos\/oil-spill-3\/imo-i-3\/","name":"Conozca la formaci\u00f3n IMO I que ofrece Ambipar Response","isPartOf":{"@id":"https:\/\/ambipar.com\/latam\/#website"},"primaryImageOfPage":{"@id":"https:\/\/ambipar.com\/latam\/ambipar-response-3\/entrenamientos\/oil-spill-3\/imo-i-3\/#primaryimage"},"datePublished":"2020-11-17T11:33:46+00:00","dateModified":"2022-06-21T18:45:48+00:00","description":"OBJETIVO: Formar al equipo operativo para responder y gestionar las incidencias de forma segura, eficiente y eficaz.","breadcrumb":{"@id":"https:\/\/ambipar.com\/latam\/ambipar-response-3\/entrenamientos\/oil-spill-3\/imo-i-3\/#breadcrumb"},"inLanguage":"es-CL","potentialAction":[{"@type":"ReadAction","target":["https:\/\/ambipar.com\/latam\/ambipar-response-3\/entrenamientos\/oil-spill-3\/imo-i-3\/"]}]},{"@type":"BreadcrumbList","@id":"https:\/\/ambipar.com\/latam\/ambipar-response-3\/entrenamientos\/oil-spill-3\/imo-i-3\/#breadcrumb","itemListElement":[{"@type":"ListItem","position":1,"name":"Home","item":"https:\/\/ambipar.com\/latam\/"},{"@type":"ListItem","position":2,"name":"Ambipar Response","item":"https:\/\/ambipar.com\/latam\/ambipar-response-3\/"},{"@type":"ListItem","position":3,"name":"Entrenamientos","item":"https:\/\/ambipar.com\/latam\/ambipar-response-3\/entrenamientos\/"},{"@type":"ListItem","position":4,"name":"Oil Spill","item":"https:\/\/ambipar.com\/latam\/ambipar-response-3\/entrenamientos\/oil-spill-3\/"},{"@type":"ListItem","position":5,"name":"IMO I"}]}]}},"_links":{"self":[{"href":"https:\/\/ambipar.com\/latam\/wp-json\/wp\/v2\/pages\/2430"}],"collection":[{"href":"https:\/\/ambipar.com\/latam\/wp-json\/wp\/v2\/pages"}],"about":[{"href":"https:\/\/ambipar.com\/latam\/wp-json\/wp\/v2\/types\/page"}],"author":[{"embeddable":true,"href":"https:\/\/ambipar.com\/latam\/wp-json\/wp\/v2\/users\/1"}],"replies":[{"embeddable":true,"href":"https:\/\/ambipar.com\/latam\/wp-json\/wp\/v2\/comments?post=2430"}],"version-history":[{"count":7,"href":"https:\/\/ambipar.com\/latam\/wp-json\/wp\/v2\/pages\/2430\/revisions"}],"predecessor-version":[{"id":4637,"href":"https:\/\/ambipar.com\/latam\/wp-json\/wp\/v2\/pages\/2430\/revisions\/4637"}],"up":[{"embeddable":true,"href":"https:\/\/ambipar.com\/latam\/wp-json\/wp\/v2\/pages\/2417"}],"wp:featuredmedia":[{"embeddable":true,"href":"https:\/\/ambipar.com\/latam\/wp-json\/wp\/v2\/media\/572"}],"wp:attachment":[{"href":"https:\/\/ambipar.com\/latam\/wp-json\/wp\/v2\/media?parent=2430"}],"curies":[{"name":"wp","href":"https:\/\/api.w.org\/{rel}","templated":true}]}}