{"id":245,"date":"2020-10-28T11:02:20","date_gmt":"2020-10-28T14:02:20","guid":{"rendered":"https:\/\/ambipar.com\/latam\/?page_id=245"},"modified":"2021-01-05T22:00:20","modified_gmt":"2021-01-06T01:00:20","slug":"cosmeticos-farmacos-e-bebidas","status":"publish","type":"page","link":"https:\/\/ambipar.com\/latam\/pt\/ambipar-environment\/logistica-e-manufatura-reversa\/cosmeticos-farmacos-e-bebidas\/","title":{"rendered":"Cosm\u00e9ticos, F\u00e1rmacos e Bebidas"},"content":{"rendered":"\n<p>A Ambipar possui solu\u00e7\u00f5es de valoriza\u00e7\u00e3o patenteadas pelo PD&amp;I para as empresas e seus conte\u00fados (produto inserv\u00edvel) e suas embalagens passam por processos de destrui\u00e7\u00e3o, segrega\u00e7\u00e3o, moagem e reciclagem.<\/p>\n\n\n\n<p>Possu\u00edmos equipamentos espec\u00edficos, dedicados e exclusivos para destrui\u00e7\u00e3o, prote\u00e7\u00e3o de marca e produto, garantindo que n\u00e3o sejam comercializados no mercado paralelo.<\/p>\n\n\n\n<p>Com um parque industrial 100% monitorado por c\u00e2meras, nosso setor de destrui\u00e7\u00e3o de inserv\u00edveis ou vencidos pode ser acompanhado \u00e0 dist\u00e2ncia ou presencialmente.<\/p>\n\n\n\n<p>Veja tamb\u00e9m:<\/p>\n\n\n\n<ul id=\"block-aab80e36-8746-4c57-8ca2-c117b21c94cc\"><li><a href=\"https:\/\/ambipar.com\/latam\/ambipar-environment\/logistica-e-manufatura-reversa\/manufatura-reversa\/\">Manufatura Reversa<\/a><\/li><li><a href=\"https:\/\/ambipar.com\/latam\/ambipar-environment\/logistica-e-manufatura-reversa\/eletroeletronicos\/\">Eletroeletr\u00f4nicos<\/a><\/li><li><a href=\"https:\/\/ambipar.com\/latam\/ambipar-environment\/logistica-e-manufatura-reversa\/pecas-automotivas\/\">Pe\u00e7as Automotivas<\/a><\/li><\/ul>\n\n\n\n<p><\/p>\n","protected":false},"excerpt":{"rendered":"A Ambipar possui solu\u00e7\u00f5es de valoriza\u00e7\u00e3o patenteadas pelo PD&amp;I para as empresas e seus conte\u00fados (produto inserv\u00edvel) e suas embalagens passam por processos de destrui\u00e7\u00e3o, segrega\u00e7\u00e3o, moagem e reciclagem. Possu\u00edmos equipamentos espec\u00edficos, dedicados e exclusivos para destrui\u00e7\u00e3o, prote\u00e7\u00e3o de marca e produto, garantindo que n\u00e3o sejam comercializados no mercado paralelo. Com um parque industrial 100%&#8230; <a class=\"view-article\" href=\"https:\/\/ambipar.com\/latam\/pt\/ambipar-environment\/logistica-e-manufatura-reversa\/cosmeticos-farmacos-e-bebidas\/\">Ver art\u00edculo<\/a>","protected":false},"author":1,"featured_media":370,"parent":218,"menu_order":0,"comment_status":"closed","ping_status":"closed","template":"single-servicos.php","meta":[],"yoast_head":"<!-- This site is optimized with the Yoast SEO plugin v17.6 - https:\/\/yoast.com\/wordpress\/plugins\/seo\/ -->\n<title>Conhe\u00e7a as solu\u00e7\u00f5es para Cosm\u00e9ticos, F\u00e1rmacos e Bebidas da Ambipar<\/title>\n<meta name=\"description\" content=\"A Ambipar possui solu\u00e7\u00f5es de valoriza\u00e7\u00e3o patenteadas pelo PD&amp;I para as empresas e seus conte\u00fados (produto inserv\u00edvel).\" \/>\n<meta name=\"robots\" content=\"index, follow, max-snippet:-1, max-image-preview:large, max-video-preview:-1\" \/>\n<link rel=\"canonical\" href=\"https:\/\/ambipar.com\/latam\/pt\/ambipar-environment\/logistica-e-manufatura-reversa\/cosmeticos-farmacos-e-bebidas\/\" \/>\n<meta property=\"og:locale\" content=\"es_ES\" \/>\n<meta property=\"og:type\" content=\"article\" \/>\n<meta property=\"og:title\" content=\"Conhe\u00e7a as solu\u00e7\u00f5es para Cosm\u00e9ticos, F\u00e1rmacos e Bebidas da Ambipar\" \/>\n<meta property=\"og:description\" content=\"A Ambipar possui solu\u00e7\u00f5es de valoriza\u00e7\u00e3o patenteadas pelo PD&amp;I para as empresas e seus conte\u00fados (produto inserv\u00edvel).\" \/>\n<meta property=\"og:url\" content=\"https:\/\/ambipar.com\/latam\/pt\/ambipar-environment\/logistica-e-manufatura-reversa\/cosmeticos-farmacos-e-bebidas\/\" \/>\n<meta property=\"og:site_name\" content=\"Ambipar. A l\u00edder em gest\u00e3o ambiental.\" \/>\n<meta property=\"article:modified_time\" content=\"2021-01-06T01:00:20+00:00\" \/>\n<meta property=\"og:image\" content=\"https:\/\/ambipar.com\/latam\/wp-content\/uploads\/2020\/10\/farmaco.jpg\" \/>\n\t<meta property=\"og:image:width\" content=\"995\" \/>\n\t<meta property=\"og:image:height\" content=\"1004\" \/>\n<meta name=\"twitter:card\" content=\"summary_large_image\" \/>\n<script type=\"application\/ld+json\" class=\"yoast-schema-graph\">{\"@context\":\"https:\/\/schema.org\",\"@graph\":[{\"@type\":\"Organization\",\"@id\":\"https:\/\/ambipar.com\/latam\/#organization\",\"name\":\"Ambipar\",\"url\":\"https:\/\/ambipar.com\/latam\/\",\"sameAs\":[],\"logo\":{\"@type\":\"ImageObject\",\"@id\":\"https:\/\/ambipar.com\/latam\/#logo\",\"inLanguage\":\"es-CL\",\"url\":\"https:\/\/ambipar.com\/latam\/wp-content\/uploads\/2020\/10\/ambipar_color.png\",\"contentUrl\":\"https:\/\/ambipar.com\/latam\/wp-content\/uploads\/2020\/10\/ambipar_color.png\",\"width\":174,\"height\":107,\"caption\":\"Ambipar\"},\"image\":{\"@id\":\"https:\/\/ambipar.com\/latam\/#logo\"}},{\"@type\":\"WebSite\",\"@id\":\"https:\/\/ambipar.com\/latam\/#website\",\"url\":\"https:\/\/ambipar.com\/latam\/\",\"name\":\"Ambipar. A l\\u00edder em gest\\u00e3o ambiental.\",\"description\":\"Pioneira em solu\\u00e7\\u00f5es ambientais, a Ambipar atua em todo o territ\\u00f3rio nacional oferecendo solu\\u00e7\\u00f5es integradas para toda a cadeia de neg\\u00f3cio.\",\"publisher\":{\"@id\":\"https:\/\/ambipar.com\/latam\/#organization\"},\"potentialAction\":[{\"@type\":\"SearchAction\",\"target\":{\"@type\":\"EntryPoint\",\"urlTemplate\":\"https:\/\/ambipar.com\/latam\/?s={search_term_string}\"},\"query-input\":\"required name=search_term_string\"}],\"inLanguage\":\"es-CL\"},{\"@type\":\"ImageObject\",\"@id\":\"https:\/\/ambipar.com\/latam\/pt\/ambipar-environment\/logistica-e-manufatura-reversa\/cosmeticos-farmacos-e-bebidas\/#primaryimage\",\"inLanguage\":\"es-CL\",\"url\":\"https:\/\/ambipar.com\/latam\/wp-content\/uploads\/2020\/10\/farmaco.jpg\",\"contentUrl\":\"https:\/\/ambipar.com\/latam\/wp-content\/uploads\/2020\/10\/farmaco.jpg\",\"width\":995,\"height\":1004,\"caption\":\"f\\u00e1rmaco\"},{\"@type\":\"WebPage\",\"@id\":\"https:\/\/ambipar.com\/latam\/pt\/ambipar-environment\/logistica-e-manufatura-reversa\/cosmeticos-farmacos-e-bebidas\/#webpage\",\"url\":\"https:\/\/ambipar.com\/latam\/pt\/ambipar-environment\/logistica-e-manufatura-reversa\/cosmeticos-farmacos-e-bebidas\/\",\"name\":\"Conhe\\u00e7a as solu\\u00e7\\u00f5es para Cosm\\u00e9ticos, F\\u00e1rmacos e Bebidas da Ambipar\",\"isPartOf\":{\"@id\":\"https:\/\/ambipar.com\/latam\/#website\"},\"primaryImageOfPage\":{\"@id\":\"https:\/\/ambipar.com\/latam\/pt\/ambipar-environment\/logistica-e-manufatura-reversa\/cosmeticos-farmacos-e-bebidas\/#primaryimage\"},\"datePublished\":\"2020-10-28T14:02:20+00:00\",\"dateModified\":\"2021-01-06T01:00:20+00:00\",\"description\":\"A Ambipar possui solu\\u00e7\\u00f5es de valoriza\\u00e7\\u00e3o patenteadas pelo PD&I para as empresas e seus conte\\u00fados (produto inserv\\u00edvel).\",\"breadcrumb\":{\"@id\":\"https:\/\/ambipar.com\/latam\/pt\/ambipar-environment\/logistica-e-manufatura-reversa\/cosmeticos-farmacos-e-bebidas\/#breadcrumb\"},\"inLanguage\":\"es-CL\",\"potentialAction\":[{\"@type\":\"ReadAction\",\"target\":[\"https:\/\/ambipar.com\/latam\/pt\/ambipar-environment\/logistica-e-manufatura-reversa\/cosmeticos-farmacos-e-bebidas\/\"]}]},{\"@type\":\"BreadcrumbList\",\"@id\":\"https:\/\/ambipar.com\/latam\/pt\/ambipar-environment\/logistica-e-manufatura-reversa\/cosmeticos-farmacos-e-bebidas\/#breadcrumb\",\"itemListElement\":[{\"@type\":\"ListItem\",\"position\":1,\"name\":\"Home\",\"item\":\"https:\/\/ambipar.com\/latam\/\"},{\"@type\":\"ListItem\",\"position\":2,\"name\":\"Ambipar Environment\",\"item\":\"https:\/\/ambipar.com\/latam\/pt\/ambipar-environment\/\"},{\"@type\":\"ListItem\",\"position\":3,\"name\":\"Log\\u00edstica e Manufatura Reversa\",\"item\":\"https:\/\/ambipar.com\/latam\/pt\/ambipar-environment\/logistica-e-manufatura-reversa\/\"},{\"@type\":\"ListItem\",\"position\":4,\"name\":\"Cosm\\u00e9ticos, F\\u00e1rmacos e Bebidas\"}]}]}<\/script>\n<!-- \/ Yoast SEO plugin. -->","yoast_head_json":{"title":"Conhe\u00e7a as solu\u00e7\u00f5es para Cosm\u00e9ticos, F\u00e1rmacos e Bebidas da Ambipar","description":"A Ambipar possui solu\u00e7\u00f5es de valoriza\u00e7\u00e3o patenteadas pelo PD&I para as empresas e seus conte\u00fados (produto inserv\u00edvel).","robots":{"index":"index","follow":"follow","max-snippet":"max-snippet:-1","max-image-preview":"max-image-preview:large","max-video-preview":"max-video-preview:-1"},"canonical":"https:\/\/ambipar.com\/latam\/pt\/ambipar-environment\/logistica-e-manufatura-reversa\/cosmeticos-farmacos-e-bebidas\/","og_locale":"es_ES","og_type":"article","og_title":"Conhe\u00e7a as solu\u00e7\u00f5es para Cosm\u00e9ticos, F\u00e1rmacos e Bebidas da Ambipar","og_description":"A Ambipar possui solu\u00e7\u00f5es de valoriza\u00e7\u00e3o patenteadas pelo PD&I para as empresas e seus conte\u00fados (produto inserv\u00edvel).","og_url":"https:\/\/ambipar.com\/latam\/pt\/ambipar-environment\/logistica-e-manufatura-reversa\/cosmeticos-farmacos-e-bebidas\/","og_site_name":"Ambipar. A l\u00edder em gest\u00e3o ambiental.","article_modified_time":"2021-01-06T01:00:20+00:00","og_image":[{"width":995,"height":1004,"url":"https:\/\/ambipar.com\/latam\/wp-content\/uploads\/2020\/10\/farmaco.jpg","type":"image\/jpeg"}],"twitter_card":"summary_large_image","schema":{"@context":"https:\/\/schema.org","@graph":[{"@type":"Organization","@id":"https:\/\/ambipar.com\/latam\/#organization","name":"Ambipar","url":"https:\/\/ambipar.com\/latam\/","sameAs":[],"logo":{"@type":"ImageObject","@id":"https:\/\/ambipar.com\/latam\/#logo","inLanguage":"es-CL","url":"https:\/\/ambipar.com\/latam\/wp-content\/uploads\/2020\/10\/ambipar_color.png","contentUrl":"https:\/\/ambipar.com\/latam\/wp-content\/uploads\/2020\/10\/ambipar_color.png","width":174,"height":107,"caption":"Ambipar"},"image":{"@id":"https:\/\/ambipar.com\/latam\/#logo"}},{"@type":"WebSite","@id":"https:\/\/ambipar.com\/latam\/#website","url":"https:\/\/ambipar.com\/latam\/","name":"Ambipar. A l\u00edder em gest\u00e3o ambiental.","description":"Pioneira em solu\u00e7\u00f5es ambientais, a Ambipar atua em todo o territ\u00f3rio nacional oferecendo solu\u00e7\u00f5es integradas para toda a cadeia de neg\u00f3cio.","publisher":{"@id":"https:\/\/ambipar.com\/latam\/#organization"},"potentialAction":[{"@type":"SearchAction","target":{"@type":"EntryPoint","urlTemplate":"https:\/\/ambipar.com\/latam\/?s={search_term_string}"},"query-input":"required name=search_term_string"}],"inLanguage":"es-CL"},{"@type":"ImageObject","@id":"https:\/\/ambipar.com\/latam\/pt\/ambipar-environment\/logistica-e-manufatura-reversa\/cosmeticos-farmacos-e-bebidas\/#primaryimage","inLanguage":"es-CL","url":"https:\/\/ambipar.com\/latam\/wp-content\/uploads\/2020\/10\/farmaco.jpg","contentUrl":"https:\/\/ambipar.com\/latam\/wp-content\/uploads\/2020\/10\/farmaco.jpg","width":995,"height":1004,"caption":"f\u00e1rmaco"},{"@type":"WebPage","@id":"https:\/\/ambipar.com\/latam\/pt\/ambipar-environment\/logistica-e-manufatura-reversa\/cosmeticos-farmacos-e-bebidas\/#webpage","url":"https:\/\/ambipar.com\/latam\/pt\/ambipar-environment\/logistica-e-manufatura-reversa\/cosmeticos-farmacos-e-bebidas\/","name":"Conhe\u00e7a as solu\u00e7\u00f5es para Cosm\u00e9ticos, F\u00e1rmacos e Bebidas da Ambipar","isPartOf":{"@id":"https:\/\/ambipar.com\/latam\/#website"},"primaryImageOfPage":{"@id":"https:\/\/ambipar.com\/latam\/pt\/ambipar-environment\/logistica-e-manufatura-reversa\/cosmeticos-farmacos-e-bebidas\/#primaryimage"},"datePublished":"2020-10-28T14:02:20+00:00","dateModified":"2021-01-06T01:00:20+00:00","description":"A Ambipar possui solu\u00e7\u00f5es de valoriza\u00e7\u00e3o patenteadas pelo PD&I para as empresas e seus conte\u00fados (produto inserv\u00edvel).","breadcrumb":{"@id":"https:\/\/ambipar.com\/latam\/pt\/ambipar-environment\/logistica-e-manufatura-reversa\/cosmeticos-farmacos-e-bebidas\/#breadcrumb"},"inLanguage":"es-CL","potentialAction":[{"@type":"ReadAction","target":["https:\/\/ambipar.com\/latam\/pt\/ambipar-environment\/logistica-e-manufatura-reversa\/cosmeticos-farmacos-e-bebidas\/"]}]},{"@type":"BreadcrumbList","@id":"https:\/\/ambipar.com\/latam\/pt\/ambipar-environment\/logistica-e-manufatura-reversa\/cosmeticos-farmacos-e-bebidas\/#breadcrumb","itemListElement":[{"@type":"ListItem","position":1,"name":"Home","item":"https:\/\/ambipar.com\/latam\/"},{"@type":"ListItem","position":2,"name":"Ambipar Environment","item":"https:\/\/ambipar.com\/latam\/pt\/ambipar-environment\/"},{"@type":"ListItem","position":3,"name":"Log\u00edstica e Manufatura Reversa","item":"https:\/\/ambipar.com\/latam\/pt\/ambipar-environment\/logistica-e-manufatura-reversa\/"},{"@type":"ListItem","position":4,"name":"Cosm\u00e9ticos, F\u00e1rmacos e Bebidas"}]}]}},"_links":{"self":[{"href":"https:\/\/ambipar.com\/latam\/wp-json\/wp\/v2\/pages\/245"}],"collection":[{"href":"https:\/\/ambipar.com\/latam\/wp-json\/wp\/v2\/pages"}],"about":[{"href":"https:\/\/ambipar.com\/latam\/wp-json\/wp\/v2\/types\/page"}],"author":[{"embeddable":true,"href":"https:\/\/ambipar.com\/latam\/wp-json\/wp\/v2\/users\/1"}],"replies":[{"embeddable":true,"href":"https:\/\/ambipar.com\/latam\/wp-json\/wp\/v2\/comments?post=245"}],"version-history":[{"count":2,"href":"https:\/\/ambipar.com\/latam\/wp-json\/wp\/v2\/pages\/245\/revisions"}],"predecessor-version":[{"id":253,"href":"https:\/\/ambipar.com\/latam\/wp-json\/wp\/v2\/pages\/245\/revisions\/253"}],"up":[{"embeddable":true,"href":"https:\/\/ambipar.com\/latam\/wp-json\/wp\/v2\/pages\/218"}],"wp:featuredmedia":[{"embeddable":true,"href":"https:\/\/ambipar.com\/latam\/wp-json\/wp\/v2\/media\/370"}],"wp:attachment":[{"href":"https:\/\/ambipar.com\/latam\/wp-json\/wp\/v2\/media?parent=245"}],"curies":[{"name":"wp","href":"https:\/\/api.w.org\/{rel}","templated":true}]}}