{"id":276,"date":"2020-10-27T11:51:00","date_gmt":"2020-10-27T14:51:00","guid":{"rendered":"https:\/\/ambipar.com\/latam\/?page_id=276"},"modified":"2021-01-05T20:18:20","modified_gmt":"2021-01-05T23:18:20","slug":"kits-ambientais","status":"publish","type":"page","link":"https:\/\/ambipar.com\/latam\/pt\/ambipar-environment\/produtos-ambientais\/kits-ambientais\/","title":{"rendered":"Kits Ambientais"},"content":{"rendered":"\n<p>A Ambipar oferece um portf\u00f3lio de kits de emerg\u00eancias e de limpeza, que diminuem impactos ambientais, para uso em vazamentos de l\u00edquidos agressivos, hidrocarbonetos e l\u00edquidos diversos.<\/p>\n\n\n\n<p>De acordo com os cen\u00e1rios de riscos e necessidades dos clientes, a Ambipar oferece kits personaliz\u00e1veis:<\/p>\n\n\n\n<ul><li>Bolsa<\/li><li>Bombonas (50L, 120L, 200L)<\/li><li>Carrinho contetor (120L, 240L, 360L, 1000L)<\/li><li>Cont\u00eainer (20 p\u00e9s, 40 p\u00e9s)<\/li><li>Carretinha m\u00f3vel<\/li><li>Kit reengenharia (personalizado)<\/li><\/ul>\n\n\n\n<p>Veja tamb\u00e9m:<\/p>\n\n\n\n<ul id=\"block-c1455604-4fff-4023-a8f8-cde70aef5c33\"><li><a href=\"https:\/\/ambipar.com\/latam\/ambipar-environment\/produtos-ambientais\/linha-absorvente\/\">Linha Absorvente<\/a><\/li><li><a href=\"https:\/\/ambipar.com\/latam\/ambipar-environment\/produtos-ambientais\/linha-contencao\/\">Linha Conten\u00e7\u00e3o<\/a><\/li><li><a href=\"https:\/\/ambipar.com\/latam\/ambipar-environment\/produtos-ambientais\/linha-protecao-individual\/\">Linha Prote\u00e7\u00e3o Individual<\/a><\/li><li><a href=\"https:\/\/ambipar.com\/latam\/ambipar-environment\/produtos-ambientais\/linha-sanitizante\/\">Linha Sanitizante<\/a><\/li><li><a href=\"https:\/\/ambipar.com\/latam\/ambipar-environment\/produtos-ambientais\/linha-agricultura\/\">Linha Agricultura<\/a><\/li><li><a href=\"https:\/\/ambipar.com\/latam\/ambipar-environment\/produtos-ambientais\/linha-construcao-civil\/\">Linha Constru\u00e7\u00e3o Civil<\/a><\/li><\/ul>\n\n\n\n<p><\/p>\n","protected":false},"excerpt":{"rendered":"A Ambipar oferece um portf\u00f3lio de kits de emerg\u00eancias e de limpeza, que diminuem impactos ambientais, para uso em vazamentos de l\u00edquidos agressivos, hidrocarbonetos e l\u00edquidos diversos. De acordo com os cen\u00e1rios de riscos e necessidades dos clientes, a Ambipar oferece kits personaliz\u00e1veis: Bolsa Bombonas (50L, 120L, 200L) Carrinho contetor (120L, 240L, 360L, 1000L) Cont\u00eainer&#8230; <a class=\"view-article\" href=\"https:\/\/ambipar.com\/latam\/pt\/ambipar-environment\/produtos-ambientais\/kits-ambientais\/\">Ver art\u00edculo<\/a>","protected":false},"author":1,"featured_media":277,"parent":255,"menu_order":0,"comment_status":"closed","ping_status":"closed","template":"single-servicos.php","meta":[],"yoast_head":"<!-- This site is optimized with the Yoast SEO plugin v17.6 - https:\/\/yoast.com\/wordpress\/plugins\/seo\/ -->\n<title>Conhe\u00e7a os Kits Ambientais da Ambipar Environment<\/title>\n<meta name=\"description\" content=\"A Ambipar oferece um portf\u00f3lio de kits de emerg\u00eancias e de limpeza, que diminuem impactos ambientais, para uso em vazamentos de l\u00edquidos\" \/>\n<meta name=\"robots\" content=\"index, follow, max-snippet:-1, max-image-preview:large, max-video-preview:-1\" \/>\n<link rel=\"canonical\" href=\"https:\/\/ambipar.com\/latam\/pt\/ambipar-environment\/produtos-ambientais\/kits-ambientais\/\" \/>\n<meta property=\"og:locale\" content=\"es_ES\" \/>\n<meta property=\"og:type\" content=\"article\" \/>\n<meta property=\"og:title\" content=\"Conhe\u00e7a os Kits Ambientais da Ambipar Environment\" \/>\n<meta property=\"og:description\" content=\"A Ambipar oferece um portf\u00f3lio de kits de emerg\u00eancias e de limpeza, que diminuem impactos ambientais, para uso em vazamentos de l\u00edquidos\" \/>\n<meta property=\"og:url\" content=\"https:\/\/ambipar.com\/latam\/pt\/ambipar-environment\/produtos-ambientais\/kits-ambientais\/\" \/>\n<meta property=\"og:site_name\" content=\"Ambipar. A l\u00edder em gest\u00e3o ambiental.\" \/>\n<meta property=\"article:modified_time\" content=\"2021-01-05T23:18:20+00:00\" \/>\n<meta property=\"og:image\" content=\"https:\/\/ambipar.com\/latam\/wp-content\/uploads\/2020\/10\/PROCUTOS-kits.jpg\" \/>\n\t<meta property=\"og:image:width\" content=\"1000\" \/>\n\t<meta property=\"og:image:height\" content=\"1000\" \/>\n<meta name=\"twitter:card\" content=\"summary_large_image\" \/>\n<script type=\"application\/ld+json\" class=\"yoast-schema-graph\">{\"@context\":\"https:\/\/schema.org\",\"@graph\":[{\"@type\":\"Organization\",\"@id\":\"https:\/\/ambipar.com\/latam\/#organization\",\"name\":\"Ambipar\",\"url\":\"https:\/\/ambipar.com\/latam\/\",\"sameAs\":[],\"logo\":{\"@type\":\"ImageObject\",\"@id\":\"https:\/\/ambipar.com\/latam\/#logo\",\"inLanguage\":\"es-CL\",\"url\":\"https:\/\/ambipar.com\/latam\/wp-content\/uploads\/2020\/10\/ambipar_color.png\",\"contentUrl\":\"https:\/\/ambipar.com\/latam\/wp-content\/uploads\/2020\/10\/ambipar_color.png\",\"width\":174,\"height\":107,\"caption\":\"Ambipar\"},\"image\":{\"@id\":\"https:\/\/ambipar.com\/latam\/#logo\"}},{\"@type\":\"WebSite\",\"@id\":\"https:\/\/ambipar.com\/latam\/#website\",\"url\":\"https:\/\/ambipar.com\/latam\/\",\"name\":\"Ambipar. A l\\u00edder em gest\\u00e3o ambiental.\",\"description\":\"Pioneira em solu\\u00e7\\u00f5es ambientais, a Ambipar atua em todo o territ\\u00f3rio nacional oferecendo solu\\u00e7\\u00f5es integradas para toda a cadeia de neg\\u00f3cio.\",\"publisher\":{\"@id\":\"https:\/\/ambipar.com\/latam\/#organization\"},\"potentialAction\":[{\"@type\":\"SearchAction\",\"target\":{\"@type\":\"EntryPoint\",\"urlTemplate\":\"https:\/\/ambipar.com\/latam\/?s={search_term_string}\"},\"query-input\":\"required name=search_term_string\"}],\"inLanguage\":\"es-CL\"},{\"@type\":\"ImageObject\",\"@id\":\"https:\/\/ambipar.com\/latam\/pt\/ambipar-environment\/produtos-ambientais\/kits-ambientais\/#primaryimage\",\"inLanguage\":\"es-CL\",\"url\":\"https:\/\/ambipar.com\/latam\/wp-content\/uploads\/2020\/10\/PROCUTOS-kits.jpg\",\"contentUrl\":\"https:\/\/ambipar.com\/latam\/wp-content\/uploads\/2020\/10\/PROCUTOS-kits.jpg\",\"width\":1000,\"height\":1000,\"caption\":\"kits produtos\"},{\"@type\":\"WebPage\",\"@id\":\"https:\/\/ambipar.com\/latam\/pt\/ambipar-environment\/produtos-ambientais\/kits-ambientais\/#webpage\",\"url\":\"https:\/\/ambipar.com\/latam\/pt\/ambipar-environment\/produtos-ambientais\/kits-ambientais\/\",\"name\":\"Conhe\\u00e7a os Kits Ambientais da Ambipar Environment\",\"isPartOf\":{\"@id\":\"https:\/\/ambipar.com\/latam\/#website\"},\"primaryImageOfPage\":{\"@id\":\"https:\/\/ambipar.com\/latam\/pt\/ambipar-environment\/produtos-ambientais\/kits-ambientais\/#primaryimage\"},\"datePublished\":\"2020-10-27T14:51:00+00:00\",\"dateModified\":\"2021-01-05T23:18:20+00:00\",\"description\":\"A Ambipar oferece um portf\\u00f3lio de kits de emerg\\u00eancias e de limpeza, que diminuem impactos ambientais, para uso em vazamentos de l\\u00edquidos\",\"breadcrumb\":{\"@id\":\"https:\/\/ambipar.com\/latam\/pt\/ambipar-environment\/produtos-ambientais\/kits-ambientais\/#breadcrumb\"},\"inLanguage\":\"es-CL\",\"potentialAction\":[{\"@type\":\"ReadAction\",\"target\":[\"https:\/\/ambipar.com\/latam\/pt\/ambipar-environment\/produtos-ambientais\/kits-ambientais\/\"]}]},{\"@type\":\"BreadcrumbList\",\"@id\":\"https:\/\/ambipar.com\/latam\/pt\/ambipar-environment\/produtos-ambientais\/kits-ambientais\/#breadcrumb\",\"itemListElement\":[{\"@type\":\"ListItem\",\"position\":1,\"name\":\"Home\",\"item\":\"https:\/\/ambipar.com\/latam\/\"},{\"@type\":\"ListItem\",\"position\":2,\"name\":\"Ambipar Environment\",\"item\":\"https:\/\/ambipar.com\/latam\/pt\/ambipar-environment\/\"},{\"@type\":\"ListItem\",\"position\":3,\"name\":\"Produtos Ambientais\",\"item\":\"https:\/\/ambipar.com\/latam\/pt\/ambipar-environment\/produtos-ambientais\/\"},{\"@type\":\"ListItem\",\"position\":4,\"name\":\"Kits Ambientais\"}]}]}<\/script>\n<!-- \/ Yoast SEO plugin. -->","yoast_head_json":{"title":"Conhe\u00e7a os Kits Ambientais da Ambipar Environment","description":"A Ambipar oferece um portf\u00f3lio de kits de emerg\u00eancias e de limpeza, que diminuem impactos ambientais, para uso em vazamentos de l\u00edquidos","robots":{"index":"index","follow":"follow","max-snippet":"max-snippet:-1","max-image-preview":"max-image-preview:large","max-video-preview":"max-video-preview:-1"},"canonical":"https:\/\/ambipar.com\/latam\/pt\/ambipar-environment\/produtos-ambientais\/kits-ambientais\/","og_locale":"es_ES","og_type":"article","og_title":"Conhe\u00e7a os Kits Ambientais da Ambipar Environment","og_description":"A Ambipar oferece um portf\u00f3lio de kits de emerg\u00eancias e de limpeza, que diminuem impactos ambientais, para uso em vazamentos de l\u00edquidos","og_url":"https:\/\/ambipar.com\/latam\/pt\/ambipar-environment\/produtos-ambientais\/kits-ambientais\/","og_site_name":"Ambipar. A l\u00edder em gest\u00e3o ambiental.","article_modified_time":"2021-01-05T23:18:20+00:00","og_image":[{"width":1000,"height":1000,"url":"https:\/\/ambipar.com\/latam\/wp-content\/uploads\/2020\/10\/PROCUTOS-kits.jpg","type":"image\/jpeg"}],"twitter_card":"summary_large_image","schema":{"@context":"https:\/\/schema.org","@graph":[{"@type":"Organization","@id":"https:\/\/ambipar.com\/latam\/#organization","name":"Ambipar","url":"https:\/\/ambipar.com\/latam\/","sameAs":[],"logo":{"@type":"ImageObject","@id":"https:\/\/ambipar.com\/latam\/#logo","inLanguage":"es-CL","url":"https:\/\/ambipar.com\/latam\/wp-content\/uploads\/2020\/10\/ambipar_color.png","contentUrl":"https:\/\/ambipar.com\/latam\/wp-content\/uploads\/2020\/10\/ambipar_color.png","width":174,"height":107,"caption":"Ambipar"},"image":{"@id":"https:\/\/ambipar.com\/latam\/#logo"}},{"@type":"WebSite","@id":"https:\/\/ambipar.com\/latam\/#website","url":"https:\/\/ambipar.com\/latam\/","name":"Ambipar. A l\u00edder em gest\u00e3o ambiental.","description":"Pioneira em solu\u00e7\u00f5es ambientais, a Ambipar atua em todo o territ\u00f3rio nacional oferecendo solu\u00e7\u00f5es integradas para toda a cadeia de neg\u00f3cio.","publisher":{"@id":"https:\/\/ambipar.com\/latam\/#organization"},"potentialAction":[{"@type":"SearchAction","target":{"@type":"EntryPoint","urlTemplate":"https:\/\/ambipar.com\/latam\/?s={search_term_string}"},"query-input":"required name=search_term_string"}],"inLanguage":"es-CL"},{"@type":"ImageObject","@id":"https:\/\/ambipar.com\/latam\/pt\/ambipar-environment\/produtos-ambientais\/kits-ambientais\/#primaryimage","inLanguage":"es-CL","url":"https:\/\/ambipar.com\/latam\/wp-content\/uploads\/2020\/10\/PROCUTOS-kits.jpg","contentUrl":"https:\/\/ambipar.com\/latam\/wp-content\/uploads\/2020\/10\/PROCUTOS-kits.jpg","width":1000,"height":1000,"caption":"kits produtos"},{"@type":"WebPage","@id":"https:\/\/ambipar.com\/latam\/pt\/ambipar-environment\/produtos-ambientais\/kits-ambientais\/#webpage","url":"https:\/\/ambipar.com\/latam\/pt\/ambipar-environment\/produtos-ambientais\/kits-ambientais\/","name":"Conhe\u00e7a os Kits Ambientais da Ambipar Environment","isPartOf":{"@id":"https:\/\/ambipar.com\/latam\/#website"},"primaryImageOfPage":{"@id":"https:\/\/ambipar.com\/latam\/pt\/ambipar-environment\/produtos-ambientais\/kits-ambientais\/#primaryimage"},"datePublished":"2020-10-27T14:51:00+00:00","dateModified":"2021-01-05T23:18:20+00:00","description":"A Ambipar oferece um portf\u00f3lio de kits de emerg\u00eancias e de limpeza, que diminuem impactos ambientais, para uso em vazamentos de l\u00edquidos","breadcrumb":{"@id":"https:\/\/ambipar.com\/latam\/pt\/ambipar-environment\/produtos-ambientais\/kits-ambientais\/#breadcrumb"},"inLanguage":"es-CL","potentialAction":[{"@type":"ReadAction","target":["https:\/\/ambipar.com\/latam\/pt\/ambipar-environment\/produtos-ambientais\/kits-ambientais\/"]}]},{"@type":"BreadcrumbList","@id":"https:\/\/ambipar.com\/latam\/pt\/ambipar-environment\/produtos-ambientais\/kits-ambientais\/#breadcrumb","itemListElement":[{"@type":"ListItem","position":1,"name":"Home","item":"https:\/\/ambipar.com\/latam\/"},{"@type":"ListItem","position":2,"name":"Ambipar Environment","item":"https:\/\/ambipar.com\/latam\/pt\/ambipar-environment\/"},{"@type":"ListItem","position":3,"name":"Produtos Ambientais","item":"https:\/\/ambipar.com\/latam\/pt\/ambipar-environment\/produtos-ambientais\/"},{"@type":"ListItem","position":4,"name":"Kits Ambientais"}]}]}},"_links":{"self":[{"href":"https:\/\/ambipar.com\/latam\/wp-json\/wp\/v2\/pages\/276"}],"collection":[{"href":"https:\/\/ambipar.com\/latam\/wp-json\/wp\/v2\/pages"}],"about":[{"href":"https:\/\/ambipar.com\/latam\/wp-json\/wp\/v2\/types\/page"}],"author":[{"embeddable":true,"href":"https:\/\/ambipar.com\/latam\/wp-json\/wp\/v2\/users\/1"}],"replies":[{"embeddable":true,"href":"https:\/\/ambipar.com\/latam\/wp-json\/wp\/v2\/comments?post=276"}],"version-history":[{"count":3,"href":"https:\/\/ambipar.com\/latam\/wp-json\/wp\/v2\/pages\/276\/revisions"}],"predecessor-version":[{"id":2807,"href":"https:\/\/ambipar.com\/latam\/wp-json\/wp\/v2\/pages\/276\/revisions\/2807"}],"up":[{"embeddable":true,"href":"https:\/\/ambipar.com\/latam\/wp-json\/wp\/v2\/pages\/255"}],"wp:featuredmedia":[{"embeddable":true,"href":"https:\/\/ambipar.com\/latam\/wp-json\/wp\/v2\/media\/277"}],"wp:attachment":[{"href":"https:\/\/ambipar.com\/latam\/wp-json\/wp\/v2\/media?parent=276"}],"curies":[{"name":"wp","href":"https:\/\/api.w.org\/{rel}","templated":true}]}}