{"id":280,"date":"2020-10-27T12:00:00","date_gmt":"2020-10-27T15:00:00","guid":{"rendered":"https:\/\/ambipar.com\/latam\/?page_id=280"},"modified":"2021-01-05T20:20:47","modified_gmt":"2021-01-05T23:20:47","slug":"linha-protecao-individual","status":"publish","type":"page","link":"https:\/\/ambipar.com\/latam\/pt\/ambipar-environment\/produtos-ambientais\/linha-protecao-individual\/","title":{"rendered":"Linha Prote\u00e7\u00e3o Individual"},"content":{"rendered":"\n<p>A Ambipar possui uma linha de Equipamentos de Prote\u00e7\u00e3o Individual (EPI) e coletiva (EPC), que se estende a sinaliza\u00e7\u00f5es, capacetes, luvas, \u00f3culos, m\u00e1scara de solda, protetores auditivos, vestimentas e cremes protetores.<\/p>\n\n\n\n<p>&nbsp;Todos os equipamentos oferecidos s\u00e3o para utiliza\u00e7\u00e3o espec\u00edfica. Os materiais de alta qualidade garantem uma prote\u00e7\u00e3o eficiente aos trabalhadores, atendendo \u00e0s normas regulamentadoras (NR) do minist\u00e9rio do trabalho.<\/p>\n\n\n\n<p>Veja tamb\u00e9m:<\/p>\n\n\n\n<ul id=\"block-c1455604-4fff-4023-a8f8-cde70aef5c33\"><li><a href=\"https:\/\/ambipar.com\/latam\/ambipar-environment\/produtos-ambientais\/linha-absorvente\/\">Linha Absorvente<\/a><\/li><li><a href=\"https:\/\/ambipar.com\/latam\/ambipar-environment\/produtos-ambientais\/linha-contencao\/\">Linha Conten\u00e7\u00e3o<\/a><\/li><li><a href=\"https:\/\/ambipar.com\/latam\/ambipar-environment\/produtos-ambientais\/kits-ambientais\/\">Kits Ambientais<\/a><\/li><li><a href=\"https:\/\/ambipar.com\/latam\/ambipar-environment\/produtos-ambientais\/linha-sanitizante\/\">Linha Sanitizante<\/a><\/li><li><a href=\"https:\/\/ambipar.com\/latam\/ambipar-environment\/produtos-ambientais\/linha-agricultura\/\">Linha Agricultura<\/a><\/li><li><a href=\"https:\/\/ambipar.com\/latam\/ambipar-environment\/produtos-ambientais\/linha-construcao-civil\/\">Linha Constru\u00e7\u00e3o Civil<\/a><\/li><\/ul>\n\n\n\n<p><\/p>\n","protected":false},"excerpt":{"rendered":"A Ambipar possui uma linha de Equipamentos de Prote\u00e7\u00e3o Individual (EPI) e coletiva (EPC), que se estende a sinaliza\u00e7\u00f5es, capacetes, luvas, \u00f3culos, m\u00e1scara de solda, protetores auditivos, vestimentas e cremes protetores. &nbsp;Todos os equipamentos oferecidos s\u00e3o para utiliza\u00e7\u00e3o espec\u00edfica. Os materiais de alta qualidade garantem uma prote\u00e7\u00e3o eficiente aos trabalhadores, atendendo \u00e0s normas regulamentadoras (NR)&#8230; <a class=\"view-article\" href=\"https:\/\/ambipar.com\/latam\/pt\/ambipar-environment\/produtos-ambientais\/linha-protecao-individual\/\">Ver art\u00edculo<\/a>","protected":false},"author":1,"featured_media":282,"parent":255,"menu_order":0,"comment_status":"closed","ping_status":"closed","template":"single-servicos.php","meta":[],"yoast_head":"<!-- This site is optimized with the Yoast SEO plugin v17.6 - https:\/\/yoast.com\/wordpress\/plugins\/seo\/ -->\n<title>Conhe\u00e7a a Linha Prote\u00e7\u00e3o Individual da Ambipar Environment<\/title>\n<meta name=\"description\" content=\"A Ambipar possui uma linha de Equipamentos de Prote\u00e7\u00e3o Individual (EPI) e coletiva (EPC), que se estende a sinaliza\u00e7\u00f5es, capacetes, luvas\" \/>\n<meta name=\"robots\" content=\"index, follow, max-snippet:-1, max-image-preview:large, max-video-preview:-1\" \/>\n<link rel=\"canonical\" href=\"https:\/\/ambipar.com\/latam\/pt\/ambipar-environment\/produtos-ambientais\/linha-protecao-individual\/\" \/>\n<meta property=\"og:locale\" content=\"es_ES\" \/>\n<meta property=\"og:type\" content=\"article\" \/>\n<meta property=\"og:title\" content=\"Conhe\u00e7a a Linha Prote\u00e7\u00e3o Individual da Ambipar Environment\" \/>\n<meta property=\"og:description\" content=\"A Ambipar possui uma linha de Equipamentos de Prote\u00e7\u00e3o Individual (EPI) e coletiva (EPC), que se estende a sinaliza\u00e7\u00f5es, capacetes, luvas\" \/>\n<meta property=\"og:url\" content=\"https:\/\/ambipar.com\/latam\/pt\/ambipar-environment\/produtos-ambientais\/linha-protecao-individual\/\" \/>\n<meta property=\"og:site_name\" content=\"Ambipar. A l\u00edder em gest\u00e3o ambiental.\" \/>\n<meta property=\"article:modified_time\" content=\"2021-01-05T23:20:47+00:00\" \/>\n<meta property=\"og:image\" content=\"https:\/\/ambipar.com\/latam\/wp-content\/uploads\/2020\/10\/protecaoindividual.png\" \/>\n\t<meta property=\"og:image:width\" content=\"626\" \/>\n\t<meta property=\"og:image:height\" content=\"760\" \/>\n<meta name=\"twitter:card\" content=\"summary_large_image\" \/>\n<script type=\"application\/ld+json\" class=\"yoast-schema-graph\">{\"@context\":\"https:\/\/schema.org\",\"@graph\":[{\"@type\":\"Organization\",\"@id\":\"https:\/\/ambipar.com\/latam\/#organization\",\"name\":\"Ambipar\",\"url\":\"https:\/\/ambipar.com\/latam\/\",\"sameAs\":[],\"logo\":{\"@type\":\"ImageObject\",\"@id\":\"https:\/\/ambipar.com\/latam\/#logo\",\"inLanguage\":\"es-CL\",\"url\":\"https:\/\/ambipar.com\/latam\/wp-content\/uploads\/2020\/10\/ambipar_color.png\",\"contentUrl\":\"https:\/\/ambipar.com\/latam\/wp-content\/uploads\/2020\/10\/ambipar_color.png\",\"width\":174,\"height\":107,\"caption\":\"Ambipar\"},\"image\":{\"@id\":\"https:\/\/ambipar.com\/latam\/#logo\"}},{\"@type\":\"WebSite\",\"@id\":\"https:\/\/ambipar.com\/latam\/#website\",\"url\":\"https:\/\/ambipar.com\/latam\/\",\"name\":\"Ambipar. A l\\u00edder em gest\\u00e3o ambiental.\",\"description\":\"Pioneira em solu\\u00e7\\u00f5es ambientais, a Ambipar atua em todo o territ\\u00f3rio nacional oferecendo solu\\u00e7\\u00f5es integradas para toda a cadeia de neg\\u00f3cio.\",\"publisher\":{\"@id\":\"https:\/\/ambipar.com\/latam\/#organization\"},\"potentialAction\":[{\"@type\":\"SearchAction\",\"target\":{\"@type\":\"EntryPoint\",\"urlTemplate\":\"https:\/\/ambipar.com\/latam\/?s={search_term_string}\"},\"query-input\":\"required name=search_term_string\"}],\"inLanguage\":\"es-CL\"},{\"@type\":\"ImageObject\",\"@id\":\"https:\/\/ambipar.com\/latam\/pt\/ambipar-environment\/produtos-ambientais\/linha-protecao-individual\/#primaryimage\",\"inLanguage\":\"es-CL\",\"url\":\"https:\/\/ambipar.com\/latam\/wp-content\/uploads\/2020\/10\/protecaoindividual.png\",\"contentUrl\":\"https:\/\/ambipar.com\/latam\/wp-content\/uploads\/2020\/10\/protecaoindividual.png\",\"width\":626,\"height\":760,\"caption\":\"prote\\u00e7\\u00e3o individual\"},{\"@type\":\"WebPage\",\"@id\":\"https:\/\/ambipar.com\/latam\/pt\/ambipar-environment\/produtos-ambientais\/linha-protecao-individual\/#webpage\",\"url\":\"https:\/\/ambipar.com\/latam\/pt\/ambipar-environment\/produtos-ambientais\/linha-protecao-individual\/\",\"name\":\"Conhe\\u00e7a a Linha Prote\\u00e7\\u00e3o Individual da Ambipar Environment\",\"isPartOf\":{\"@id\":\"https:\/\/ambipar.com\/latam\/#website\"},\"primaryImageOfPage\":{\"@id\":\"https:\/\/ambipar.com\/latam\/pt\/ambipar-environment\/produtos-ambientais\/linha-protecao-individual\/#primaryimage\"},\"datePublished\":\"2020-10-27T15:00:00+00:00\",\"dateModified\":\"2021-01-05T23:20:47+00:00\",\"description\":\"A Ambipar possui uma linha de Equipamentos de Prote\\u00e7\\u00e3o Individual (EPI) e coletiva (EPC), que se estende a sinaliza\\u00e7\\u00f5es, capacetes, luvas\",\"breadcrumb\":{\"@id\":\"https:\/\/ambipar.com\/latam\/pt\/ambipar-environment\/produtos-ambientais\/linha-protecao-individual\/#breadcrumb\"},\"inLanguage\":\"es-CL\",\"potentialAction\":[{\"@type\":\"ReadAction\",\"target\":[\"https:\/\/ambipar.com\/latam\/pt\/ambipar-environment\/produtos-ambientais\/linha-protecao-individual\/\"]}]},{\"@type\":\"BreadcrumbList\",\"@id\":\"https:\/\/ambipar.com\/latam\/pt\/ambipar-environment\/produtos-ambientais\/linha-protecao-individual\/#breadcrumb\",\"itemListElement\":[{\"@type\":\"ListItem\",\"position\":1,\"name\":\"Home\",\"item\":\"https:\/\/ambipar.com\/latam\/\"},{\"@type\":\"ListItem\",\"position\":2,\"name\":\"Ambipar Environment\",\"item\":\"https:\/\/ambipar.com\/latam\/pt\/ambipar-environment\/\"},{\"@type\":\"ListItem\",\"position\":3,\"name\":\"Produtos Ambientais\",\"item\":\"https:\/\/ambipar.com\/latam\/pt\/ambipar-environment\/produtos-ambientais\/\"},{\"@type\":\"ListItem\",\"position\":4,\"name\":\"Linha Prote\\u00e7\\u00e3o Individual\"}]}]}<\/script>\n<!-- \/ Yoast SEO plugin. -->","yoast_head_json":{"title":"Conhe\u00e7a a Linha Prote\u00e7\u00e3o Individual da Ambipar Environment","description":"A Ambipar possui uma linha de Equipamentos de Prote\u00e7\u00e3o Individual (EPI) e coletiva (EPC), que se estende a sinaliza\u00e7\u00f5es, capacetes, luvas","robots":{"index":"index","follow":"follow","max-snippet":"max-snippet:-1","max-image-preview":"max-image-preview:large","max-video-preview":"max-video-preview:-1"},"canonical":"https:\/\/ambipar.com\/latam\/pt\/ambipar-environment\/produtos-ambientais\/linha-protecao-individual\/","og_locale":"es_ES","og_type":"article","og_title":"Conhe\u00e7a a Linha Prote\u00e7\u00e3o Individual da Ambipar Environment","og_description":"A Ambipar possui uma linha de Equipamentos de Prote\u00e7\u00e3o Individual (EPI) e coletiva (EPC), que se estende a sinaliza\u00e7\u00f5es, capacetes, luvas","og_url":"https:\/\/ambipar.com\/latam\/pt\/ambipar-environment\/produtos-ambientais\/linha-protecao-individual\/","og_site_name":"Ambipar. A l\u00edder em gest\u00e3o ambiental.","article_modified_time":"2021-01-05T23:20:47+00:00","og_image":[{"width":626,"height":760,"url":"https:\/\/ambipar.com\/latam\/wp-content\/uploads\/2020\/10\/protecaoindividual.png","type":"image\/png"}],"twitter_card":"summary_large_image","schema":{"@context":"https:\/\/schema.org","@graph":[{"@type":"Organization","@id":"https:\/\/ambipar.com\/latam\/#organization","name":"Ambipar","url":"https:\/\/ambipar.com\/latam\/","sameAs":[],"logo":{"@type":"ImageObject","@id":"https:\/\/ambipar.com\/latam\/#logo","inLanguage":"es-CL","url":"https:\/\/ambipar.com\/latam\/wp-content\/uploads\/2020\/10\/ambipar_color.png","contentUrl":"https:\/\/ambipar.com\/latam\/wp-content\/uploads\/2020\/10\/ambipar_color.png","width":174,"height":107,"caption":"Ambipar"},"image":{"@id":"https:\/\/ambipar.com\/latam\/#logo"}},{"@type":"WebSite","@id":"https:\/\/ambipar.com\/latam\/#website","url":"https:\/\/ambipar.com\/latam\/","name":"Ambipar. A l\u00edder em gest\u00e3o ambiental.","description":"Pioneira em solu\u00e7\u00f5es ambientais, a Ambipar atua em todo o territ\u00f3rio nacional oferecendo solu\u00e7\u00f5es integradas para toda a cadeia de neg\u00f3cio.","publisher":{"@id":"https:\/\/ambipar.com\/latam\/#organization"},"potentialAction":[{"@type":"SearchAction","target":{"@type":"EntryPoint","urlTemplate":"https:\/\/ambipar.com\/latam\/?s={search_term_string}"},"query-input":"required name=search_term_string"}],"inLanguage":"es-CL"},{"@type":"ImageObject","@id":"https:\/\/ambipar.com\/latam\/pt\/ambipar-environment\/produtos-ambientais\/linha-protecao-individual\/#primaryimage","inLanguage":"es-CL","url":"https:\/\/ambipar.com\/latam\/wp-content\/uploads\/2020\/10\/protecaoindividual.png","contentUrl":"https:\/\/ambipar.com\/latam\/wp-content\/uploads\/2020\/10\/protecaoindividual.png","width":626,"height":760,"caption":"prote\u00e7\u00e3o individual"},{"@type":"WebPage","@id":"https:\/\/ambipar.com\/latam\/pt\/ambipar-environment\/produtos-ambientais\/linha-protecao-individual\/#webpage","url":"https:\/\/ambipar.com\/latam\/pt\/ambipar-environment\/produtos-ambientais\/linha-protecao-individual\/","name":"Conhe\u00e7a a Linha Prote\u00e7\u00e3o Individual da Ambipar Environment","isPartOf":{"@id":"https:\/\/ambipar.com\/latam\/#website"},"primaryImageOfPage":{"@id":"https:\/\/ambipar.com\/latam\/pt\/ambipar-environment\/produtos-ambientais\/linha-protecao-individual\/#primaryimage"},"datePublished":"2020-10-27T15:00:00+00:00","dateModified":"2021-01-05T23:20:47+00:00","description":"A Ambipar possui uma linha de Equipamentos de Prote\u00e7\u00e3o Individual (EPI) e coletiva (EPC), que se estende a sinaliza\u00e7\u00f5es, capacetes, luvas","breadcrumb":{"@id":"https:\/\/ambipar.com\/latam\/pt\/ambipar-environment\/produtos-ambientais\/linha-protecao-individual\/#breadcrumb"},"inLanguage":"es-CL","potentialAction":[{"@type":"ReadAction","target":["https:\/\/ambipar.com\/latam\/pt\/ambipar-environment\/produtos-ambientais\/linha-protecao-individual\/"]}]},{"@type":"BreadcrumbList","@id":"https:\/\/ambipar.com\/latam\/pt\/ambipar-environment\/produtos-ambientais\/linha-protecao-individual\/#breadcrumb","itemListElement":[{"@type":"ListItem","position":1,"name":"Home","item":"https:\/\/ambipar.com\/latam\/"},{"@type":"ListItem","position":2,"name":"Ambipar Environment","item":"https:\/\/ambipar.com\/latam\/pt\/ambipar-environment\/"},{"@type":"ListItem","position":3,"name":"Produtos Ambientais","item":"https:\/\/ambipar.com\/latam\/pt\/ambipar-environment\/produtos-ambientais\/"},{"@type":"ListItem","position":4,"name":"Linha Prote\u00e7\u00e3o Individual"}]}]}},"_links":{"self":[{"href":"https:\/\/ambipar.com\/latam\/wp-json\/wp\/v2\/pages\/280"}],"collection":[{"href":"https:\/\/ambipar.com\/latam\/wp-json\/wp\/v2\/pages"}],"about":[{"href":"https:\/\/ambipar.com\/latam\/wp-json\/wp\/v2\/types\/page"}],"author":[{"embeddable":true,"href":"https:\/\/ambipar.com\/latam\/wp-json\/wp\/v2\/users\/1"}],"replies":[{"embeddable":true,"href":"https:\/\/ambipar.com\/latam\/wp-json\/wp\/v2\/comments?post=280"}],"version-history":[{"count":4,"href":"https:\/\/ambipar.com\/latam\/wp-json\/wp\/v2\/pages\/280\/revisions"}],"predecessor-version":[{"id":1602,"href":"https:\/\/ambipar.com\/latam\/wp-json\/wp\/v2\/pages\/280\/revisions\/1602"}],"up":[{"embeddable":true,"href":"https:\/\/ambipar.com\/latam\/wp-json\/wp\/v2\/pages\/255"}],"wp:featuredmedia":[{"embeddable":true,"href":"https:\/\/ambipar.com\/latam\/wp-json\/wp\/v2\/media\/282"}],"wp:attachment":[{"href":"https:\/\/ambipar.com\/latam\/wp-json\/wp\/v2\/media?parent=280"}],"curies":[{"name":"wp","href":"https:\/\/api.w.org\/{rel}","templated":true}]}}