{"id":2916,"date":"2020-12-16T10:07:08","date_gmt":"2020-12-16T13:07:08","guid":{"rendered":"https:\/\/ambipar.com\/latam\/?page_id=2916"},"modified":"2021-09-13T10:49:08","modified_gmt":"2021-09-13T13:49:08","slug":"fale-conosco","status":"publish","type":"page","link":"https:\/\/ambipar.com\/latam\/pt\/fale-conosco\/","title":{"rendered":"Fale Conosco"},"content":{"rendered":"\n<h2>Entre em contato com a Ambipar<\/h2>\n\n\n\n<p>Nossos analistas comerciais est\u00e3o prontos para ajudar sua empresa com as melhores solu\u00e7\u00f5es ambientais. Preencha o formul\u00e1rio abaixo ou entre em contato pelos telefones: <a href=\"tel:551135263526\">+55 (11) 3526-3526<\/a> ou <a href=\"tel:5519999999584\">+55 (19) 99999-9584<\/a><\/p>\n\n\n<div role=\"form\" class=\"wpcf7\" id=\"wpcf7-f18-o1\" lang=\"pt-BR\" dir=\"ltr\">\n<div class=\"screen-reader-response\"><p role=\"status\" aria-live=\"polite\" aria-atomic=\"true\"><\/p> <ul><\/ul><\/div>\n<form action=\"\/latam\/wp-json\/wp\/v2\/pages\/2916#wpcf7-f18-o1\" method=\"post\" class=\"wpcf7-form init\" novalidate=\"novalidate\" data-status=\"init\">\n<div style=\"display: none;\">\n<input type=\"hidden\" name=\"_wpcf7\" value=\"18\" \/>\n<input type=\"hidden\" name=\"_wpcf7_version\" value=\"5.5.3\" \/>\n<input type=\"hidden\" name=\"_wpcf7_locale\" value=\"pt_BR\" \/>\n<input type=\"hidden\" name=\"_wpcf7_unit_tag\" value=\"wpcf7-f18-o1\" \/>\n<input type=\"hidden\" name=\"_wpcf7_container_post\" value=\"0\" \/>\n<input type=\"hidden\" name=\"_wpcf7_posted_data_hash\" value=\"\" \/>\n<\/div>\n<p><span class=\"wpcf7-form-control-wrap nome\"><input type=\"text\" name=\"nome\" value=\"\" size=\"40\" class=\"wpcf7-form-control wpcf7-text wpcf7-validates-as-required\" aria-required=\"true\" aria-invalid=\"false\" placeholder=\"Nome\" \/><\/span><br \/>\n<span class=\"wpcf7-form-control-wrap empresa\"><input type=\"text\" name=\"empresa\" value=\"\" size=\"40\" class=\"wpcf7-form-control wpcf7-text wpcf7-validates-as-required\" aria-required=\"true\" aria-invalid=\"false\" placeholder=\"Empresa\" \/><\/span><br \/>\n<span class=\"wpcf7-form-control-wrap cargo\"><select name=\"cargo\" class=\"wpcf7-form-control wpcf7-select wpcf7-validates-as-required\" aria-required=\"true\" aria-invalid=\"false\"><option value=\"\">Cargo<\/option><option value=\"Presidente\">Presidente<\/option><option value=\"Diretor\">Diretor<\/option><option value=\"Supervisor\/Coordenador\/Gerente\">Supervisor\/Coordenador\/Gerente<\/option><option value=\"Analista\/Assistente\">Analista\/Assistente<\/option><option value=\"Outro\">Outro<\/option><\/select><\/span><br \/>\n<span class=\"wpcf7-form-control-wrap qtd_funcionarios\"><select name=\"qtd_funcionarios\" class=\"wpcf7-form-control wpcf7-select wpcf7-validates-as-required\" aria-required=\"true\" aria-invalid=\"false\"><option value=\"\">Quantidade de Funcion\u00e1rios<\/option><option value=\"0-500\">0-500<\/option><option value=\"501-1000\">501-1000<\/option><option value=\"1001-5000\">1001-5000<\/option><option value=\"5000 ou mais\">5000 ou mais<\/option><\/select><\/span><br \/>\n<span class=\"wpcf7-form-control-wrap e-mail\"><input type=\"email\" name=\"e-mail\" value=\"\" size=\"40\" class=\"wpcf7-form-control wpcf7-text wpcf7-email wpcf7-validates-as-required wpcf7-validates-as-email\" aria-required=\"true\" aria-invalid=\"false\" placeholder=\"E-mail\" \/><\/span><br \/>\n<span class=\"wpcf7-form-control-wrap telefone\"><input type=\"tel\" name=\"telefone\" value=\"\" size=\"40\" class=\"wpcf7-form-control wpcf7-text wpcf7-tel wpcf7-validates-as-required wpcf7-validates-as-tel\" id=\"masktel\" aria-required=\"true\" aria-invalid=\"false\" placeholder=\"Telefone\" \/><\/span><\/p>\n<div class=\"full-width\">\n<span class=\"wpcf7-form-control-wrap mensagem\"><textarea name=\"mensagem\" cols=\"40\" rows=\"10\" maxlength=\"250\" class=\"wpcf7-form-control wpcf7-textarea wpcf7-validates-as-required\" aria-required=\"true\" aria-invalid=\"false\" placeholder=\"Mensagem\"><\/textarea><\/span><br \/>\n<span class=\"wpcf7-character-count down\" data-target-name=\"mensagem\" data-starting-value=\"250\" data-current-value=\"250\" data-maximum-value=\"250\">250<\/span><br \/>\n<span class=\"wpcf7-form-control-wrap acceptance-LGPD\"><span class=\"wpcf7-form-control wpcf7-acceptance\"><span class=\"wpcf7-list-item\"><label><input type=\"checkbox\" name=\"acceptance-LGPD\" value=\"1\" aria-invalid=\"false\" \/><span class=\"wpcf7-list-item-label\">Ao preencher o formul\u00e1rio, estou ciente e de acordo com o  <a href=\"https:\/\/ambipar.com\/latam\/wp-content\/uploads\/2021\/01\/ambipar_politica-protecao-de-dados_pt.pdf\" target=\"_blank\">armazenamento dos dados pela Ambipar<\/a> e envio de informa\u00e7\u00f5es relacionadas ao Grupo e, que, caso queira cancelar o cadastro deverei solicitar por meio do e-mail politicadedados@primepixel<\/span><\/label><\/span><\/span><\/span><br \/>\n<input type=\"submit\" value=\"Enviar\" class=\"wpcf7-form-control has-spinner wpcf7-submit\" \/>\n<\/div>\n<div class=\"wpcf7-response-output\" aria-hidden=\"true\"><\/div><\/form><\/div>\n\n\n\n<p>Para emerg\u00eancias, utilize&nbsp; o&nbsp;&nbsp;<strong><a href=\"https:\/\/ambipar.com\/latam\/a-ambipar\/#paises\">telefone do SAC de cada pa\u00eds<\/a><\/strong>.&nbsp;Outros assuntos, clique em&nbsp;<strong><a href=\"https:\/\/ambipar.com\/latam\/carreira\/\">carreira<\/a><\/strong>,&nbsp;<strong><a href=\"https:\/\/ambipar.com\/latam\/imprensa\/\">imprensa<\/a>&nbsp;<\/strong>ou&nbsp;<strong><a href=\"https:\/\/ambipar.com\/latam\/denuncias\/\">den\u00fancias<\/a><\/strong>.<\/p>\n","protected":false},"excerpt":{"rendered":"Entre em contato com a Ambipar Nossos analistas comerciais est\u00e3o prontos para ajudar sua empresa com as melhores solu\u00e7\u00f5es ambientais. Preencha o formul\u00e1rio abaixo ou entre em contato pelos telefones: +55 (11) 3526-3526 ou +55 (19) 99999-9584 Para emerg\u00eancias, utilize&nbsp; o&nbsp;&nbsp;telefone do SAC de cada pa\u00eds.&nbsp;Outros assuntos, clique em&nbsp;carreira,&nbsp;imprensa&nbsp;ou&nbsp;den\u00fancias.","protected":false},"author":1,"featured_media":2925,"parent":0,"menu_order":0,"comment_status":"closed","ping_status":"closed","template":"template-formularios.php","meta":[],"yoast_head":"<!-- This site is optimized with the Yoast SEO plugin v17.6 - https:\/\/yoast.com\/wordpress\/plugins\/seo\/ -->\n<title>Fale Conosco - Ambipar<\/title>\n<meta name=\"description\" content=\"Fale Conosco. Entre em contato com a Ambipar. Nossos analistas comerciais est\u00e3o prontos para ajudar sua empresa com as melhores solu\u00e7\u00f5es ambientais.\" \/>\n<meta name=\"robots\" content=\"index, follow, max-snippet:-1, max-image-preview:large, max-video-preview:-1\" \/>\n<link rel=\"canonical\" href=\"https:\/\/ambipar.com\/latam\/pt\/fale-conosco\/\" \/>\n<meta property=\"og:locale\" content=\"es_ES\" \/>\n<meta property=\"og:type\" content=\"article\" \/>\n<meta property=\"og:title\" content=\"Fale Conosco - Ambipar\" \/>\n<meta property=\"og:description\" content=\"Fale Conosco. Entre em contato com a Ambipar. Nossos analistas comerciais est\u00e3o prontos para ajudar sua empresa com as melhores solu\u00e7\u00f5es ambientais.\" \/>\n<meta property=\"og:url\" content=\"https:\/\/ambipar.com\/latam\/pt\/fale-conosco\/\" \/>\n<meta property=\"og:site_name\" content=\"Ambipar. A l\u00edder em gest\u00e3o ambiental.\" \/>\n<meta property=\"article:modified_time\" content=\"2021-09-13T13:49:08+00:00\" \/>\n<meta property=\"og:image\" content=\"https:\/\/ambipar.com\/latam\/wp-content\/uploads\/2020\/12\/header-interna-sml.jpg\" \/>\n\t<meta property=\"og:image:width\" content=\"1920\" \/>\n\t<meta property=\"og:image:height\" content=\"480\" \/>\n<meta name=\"twitter:card\" content=\"summary_large_image\" \/>\n<meta name=\"twitter:label1\" content=\"Est. reading time\" \/>\n\t<meta name=\"twitter:data1\" content=\"1 minuto\" \/>\n<script type=\"application\/ld+json\" class=\"yoast-schema-graph\">{\"@context\":\"https:\/\/schema.org\",\"@graph\":[{\"@type\":\"Organization\",\"@id\":\"https:\/\/ambipar.com\/latam\/#organization\",\"name\":\"Ambipar\",\"url\":\"https:\/\/ambipar.com\/latam\/\",\"sameAs\":[],\"logo\":{\"@type\":\"ImageObject\",\"@id\":\"https:\/\/ambipar.com\/latam\/#logo\",\"inLanguage\":\"es-CL\",\"url\":\"https:\/\/ambipar.com\/latam\/wp-content\/uploads\/2020\/10\/ambipar_color.png\",\"contentUrl\":\"https:\/\/ambipar.com\/latam\/wp-content\/uploads\/2020\/10\/ambipar_color.png\",\"width\":174,\"height\":107,\"caption\":\"Ambipar\"},\"image\":{\"@id\":\"https:\/\/ambipar.com\/latam\/#logo\"}},{\"@type\":\"WebSite\",\"@id\":\"https:\/\/ambipar.com\/latam\/#website\",\"url\":\"https:\/\/ambipar.com\/latam\/\",\"name\":\"Ambipar. A l\\u00edder em gest\\u00e3o ambiental.\",\"description\":\"Pioneira em solu\\u00e7\\u00f5es ambientais, a Ambipar atua em todo o territ\\u00f3rio nacional oferecendo solu\\u00e7\\u00f5es integradas para toda a cadeia de neg\\u00f3cio.\",\"publisher\":{\"@id\":\"https:\/\/ambipar.com\/latam\/#organization\"},\"potentialAction\":[{\"@type\":\"SearchAction\",\"target\":{\"@type\":\"EntryPoint\",\"urlTemplate\":\"https:\/\/ambipar.com\/latam\/?s={search_term_string}\"},\"query-input\":\"required name=search_term_string\"}],\"inLanguage\":\"es-CL\"},{\"@type\":\"ImageObject\",\"@id\":\"https:\/\/ambipar.com\/latam\/pt\/fale-conosco\/#primaryimage\",\"inLanguage\":\"es-CL\",\"url\":\"https:\/\/ambipar.com\/latam\/wp-content\/uploads\/2020\/12\/header-interna-sml.jpg\",\"contentUrl\":\"https:\/\/ambipar.com\/latam\/wp-content\/uploads\/2020\/12\/header-interna-sml.jpg\",\"width\":1920,\"height\":480,\"caption\":\"header interna sml\"},{\"@type\":\"WebPage\",\"@id\":\"https:\/\/ambipar.com\/latam\/pt\/fale-conosco\/#webpage\",\"url\":\"https:\/\/ambipar.com\/latam\/pt\/fale-conosco\/\",\"name\":\"Fale Conosco - Ambipar\",\"isPartOf\":{\"@id\":\"https:\/\/ambipar.com\/latam\/#website\"},\"primaryImageOfPage\":{\"@id\":\"https:\/\/ambipar.com\/latam\/pt\/fale-conosco\/#primaryimage\"},\"datePublished\":\"2020-12-16T13:07:08+00:00\",\"dateModified\":\"2021-09-13T13:49:08+00:00\",\"description\":\"Fale Conosco. Entre em contato com a Ambipar. Nossos analistas comerciais est\\u00e3o prontos para ajudar sua empresa com as melhores solu\\u00e7\\u00f5es ambientais.\",\"breadcrumb\":{\"@id\":\"https:\/\/ambipar.com\/latam\/pt\/fale-conosco\/#breadcrumb\"},\"inLanguage\":\"es-CL\",\"potentialAction\":[{\"@type\":\"ReadAction\",\"target\":[\"https:\/\/ambipar.com\/latam\/pt\/fale-conosco\/\"]}]},{\"@type\":\"BreadcrumbList\",\"@id\":\"https:\/\/ambipar.com\/latam\/pt\/fale-conosco\/#breadcrumb\",\"itemListElement\":[{\"@type\":\"ListItem\",\"position\":1,\"name\":\"Home\",\"item\":\"https:\/\/ambipar.com\/latam\/\"},{\"@type\":\"ListItem\",\"position\":2,\"name\":\"Fale Conosco\"}]}]}<\/script>\n<!-- \/ Yoast SEO plugin. -->","yoast_head_json":{"title":"Fale Conosco - Ambipar","description":"Fale Conosco. Entre em contato com a Ambipar. Nossos analistas comerciais est\u00e3o prontos para ajudar sua empresa com as melhores solu\u00e7\u00f5es ambientais.","robots":{"index":"index","follow":"follow","max-snippet":"max-snippet:-1","max-image-preview":"max-image-preview:large","max-video-preview":"max-video-preview:-1"},"canonical":"https:\/\/ambipar.com\/latam\/pt\/fale-conosco\/","og_locale":"es_ES","og_type":"article","og_title":"Fale Conosco - Ambipar","og_description":"Fale Conosco. Entre em contato com a Ambipar. Nossos analistas comerciais est\u00e3o prontos para ajudar sua empresa com as melhores solu\u00e7\u00f5es ambientais.","og_url":"https:\/\/ambipar.com\/latam\/pt\/fale-conosco\/","og_site_name":"Ambipar. A l\u00edder em gest\u00e3o ambiental.","article_modified_time":"2021-09-13T13:49:08+00:00","og_image":[{"width":1920,"height":480,"url":"https:\/\/ambipar.com\/latam\/wp-content\/uploads\/2020\/12\/header-interna-sml.jpg","type":"image\/jpeg"}],"twitter_card":"summary_large_image","twitter_misc":{"Est. reading time":"1 minuto"},"schema":{"@context":"https:\/\/schema.org","@graph":[{"@type":"Organization","@id":"https:\/\/ambipar.com\/latam\/#organization","name":"Ambipar","url":"https:\/\/ambipar.com\/latam\/","sameAs":[],"logo":{"@type":"ImageObject","@id":"https:\/\/ambipar.com\/latam\/#logo","inLanguage":"es-CL","url":"https:\/\/ambipar.com\/latam\/wp-content\/uploads\/2020\/10\/ambipar_color.png","contentUrl":"https:\/\/ambipar.com\/latam\/wp-content\/uploads\/2020\/10\/ambipar_color.png","width":174,"height":107,"caption":"Ambipar"},"image":{"@id":"https:\/\/ambipar.com\/latam\/#logo"}},{"@type":"WebSite","@id":"https:\/\/ambipar.com\/latam\/#website","url":"https:\/\/ambipar.com\/latam\/","name":"Ambipar. A l\u00edder em gest\u00e3o ambiental.","description":"Pioneira em solu\u00e7\u00f5es ambientais, a Ambipar atua em todo o territ\u00f3rio nacional oferecendo solu\u00e7\u00f5es integradas para toda a cadeia de neg\u00f3cio.","publisher":{"@id":"https:\/\/ambipar.com\/latam\/#organization"},"potentialAction":[{"@type":"SearchAction","target":{"@type":"EntryPoint","urlTemplate":"https:\/\/ambipar.com\/latam\/?s={search_term_string}"},"query-input":"required name=search_term_string"}],"inLanguage":"es-CL"},{"@type":"ImageObject","@id":"https:\/\/ambipar.com\/latam\/pt\/fale-conosco\/#primaryimage","inLanguage":"es-CL","url":"https:\/\/ambipar.com\/latam\/wp-content\/uploads\/2020\/12\/header-interna-sml.jpg","contentUrl":"https:\/\/ambipar.com\/latam\/wp-content\/uploads\/2020\/12\/header-interna-sml.jpg","width":1920,"height":480,"caption":"header interna sml"},{"@type":"WebPage","@id":"https:\/\/ambipar.com\/latam\/pt\/fale-conosco\/#webpage","url":"https:\/\/ambipar.com\/latam\/pt\/fale-conosco\/","name":"Fale Conosco - Ambipar","isPartOf":{"@id":"https:\/\/ambipar.com\/latam\/#website"},"primaryImageOfPage":{"@id":"https:\/\/ambipar.com\/latam\/pt\/fale-conosco\/#primaryimage"},"datePublished":"2020-12-16T13:07:08+00:00","dateModified":"2021-09-13T13:49:08+00:00","description":"Fale Conosco. Entre em contato com a Ambipar. Nossos analistas comerciais est\u00e3o prontos para ajudar sua empresa com as melhores solu\u00e7\u00f5es ambientais.","breadcrumb":{"@id":"https:\/\/ambipar.com\/latam\/pt\/fale-conosco\/#breadcrumb"},"inLanguage":"es-CL","potentialAction":[{"@type":"ReadAction","target":["https:\/\/ambipar.com\/latam\/pt\/fale-conosco\/"]}]},{"@type":"BreadcrumbList","@id":"https:\/\/ambipar.com\/latam\/pt\/fale-conosco\/#breadcrumb","itemListElement":[{"@type":"ListItem","position":1,"name":"Home","item":"https:\/\/ambipar.com\/latam\/"},{"@type":"ListItem","position":2,"name":"Fale Conosco"}]}]}},"_links":{"self":[{"href":"https:\/\/ambipar.com\/latam\/wp-json\/wp\/v2\/pages\/2916"}],"collection":[{"href":"https:\/\/ambipar.com\/latam\/wp-json\/wp\/v2\/pages"}],"about":[{"href":"https:\/\/ambipar.com\/latam\/wp-json\/wp\/v2\/types\/page"}],"author":[{"embeddable":true,"href":"https:\/\/ambipar.com\/latam\/wp-json\/wp\/v2\/users\/1"}],"replies":[{"embeddable":true,"href":"https:\/\/ambipar.com\/latam\/wp-json\/wp\/v2\/comments?post=2916"}],"version-history":[{"count":6,"href":"https:\/\/ambipar.com\/latam\/wp-json\/wp\/v2\/pages\/2916\/revisions"}],"predecessor-version":[{"id":3963,"href":"https:\/\/ambipar.com\/latam\/wp-json\/wp\/v2\/pages\/2916\/revisions\/3963"}],"wp:featuredmedia":[{"embeddable":true,"href":"https:\/\/ambipar.com\/latam\/wp-json\/wp\/v2\/media\/2925"}],"wp:attachment":[{"href":"https:\/\/ambipar.com\/latam\/wp-json\/wp\/v2\/media?parent=2916"}],"curies":[{"name":"wp","href":"https:\/\/api.w.org\/{rel}","templated":true}]}}