{"id":2944,"date":"2020-12-16T17:15:06","date_gmt":"2020-12-16T20:15:06","guid":{"rendered":"https:\/\/ambipar.com\/latam\/?page_id=2944"},"modified":"2021-11-29T08:49:32","modified_gmt":"2021-11-29T11:49:32","slug":"prensa","status":"publish","type":"page","link":"https:\/\/ambipar.com\/latam\/prensa\/","title":{"rendered":"Prensa"},"content":{"rendered":"\n<h2>Prensa<\/h2>\n\n\n\n<p>Para prensa, rellene el siguiente formulario o p\u00f3ngase en contacto con Sueli Gomes, por correo electr\u00f3nico <a href=\"mailto:contacto@ambipar.com\">contacto@ambipar.com<\/a> o tel\u00e9fono +56 9 9080 3593<\/p>\n\n\n<div role=\"form\" class=\"wpcf7\" id=\"wpcf7-f2945-o1\" lang=\"pt-BR\" dir=\"ltr\">\n<div class=\"screen-reader-response\"><p role=\"status\" aria-live=\"polite\" aria-atomic=\"true\"><\/p> <ul><\/ul><\/div>\n<form action=\"\/latam\/wp-json\/wp\/v2\/pages\/2944#wpcf7-f2945-o1\" method=\"post\" class=\"wpcf7-form init\" novalidate=\"novalidate\" data-status=\"init\">\n<div style=\"display: none;\">\n<input type=\"hidden\" name=\"_wpcf7\" value=\"2945\" \/>\n<input type=\"hidden\" name=\"_wpcf7_version\" value=\"5.5.3\" \/>\n<input type=\"hidden\" name=\"_wpcf7_locale\" value=\"pt_BR\" \/>\n<input type=\"hidden\" name=\"_wpcf7_unit_tag\" value=\"wpcf7-f2945-o1\" \/>\n<input type=\"hidden\" name=\"_wpcf7_container_post\" value=\"0\" \/>\n<input type=\"hidden\" name=\"_wpcf7_posted_data_hash\" value=\"\" \/>\n<\/div>\n<p><span class=\"wpcf7-form-control-wrap nome\"><input type=\"text\" name=\"nome\" value=\"\" size=\"40\" class=\"wpcf7-form-control wpcf7-text wpcf7-validates-as-required\" aria-required=\"true\" aria-invalid=\"false\" placeholder=\"Nombre\" \/><\/span><br \/>\n<span class=\"wpcf7-form-control-wrap e-mail\"><input type=\"email\" name=\"e-mail\" value=\"\" size=\"40\" class=\"wpcf7-form-control wpcf7-text wpcf7-email wpcf7-validates-as-required wpcf7-validates-as-email\" aria-required=\"true\" aria-invalid=\"false\" placeholder=\"Correo Electr\u00f3nico\" \/><\/span><br \/>\n<span class=\"wpcf7-form-control-wrap telefone\"><input type=\"tel\" name=\"telefone\" value=\"\" size=\"40\" class=\"wpcf7-form-control wpcf7-text wpcf7-tel wpcf7-validates-as-required wpcf7-validates-as-tel\" id=\"masktel\" aria-required=\"true\" aria-invalid=\"false\" placeholder=\"Tel\u00e9fono\" \/><\/span><br \/>\n<span class=\"wpcf7-form-control-wrap veiculo\"><input type=\"text\" name=\"veiculo\" value=\"\" size=\"40\" class=\"wpcf7-form-control wpcf7-text wpcf7-validates-as-required\" aria-required=\"true\" aria-invalid=\"false\" placeholder=\"M\u00eddia\" \/><\/span><br \/>\n<span class=\"wpcf7-form-control-wrap estado\"><select name=\"estado\" class=\"wpcf7-form-control wpcf7-select wpcf7-validates-as-required\" aria-required=\"true\" aria-invalid=\"false\"><option value=\"\">Pa\u00eds<\/option><option value=\"CHILE\">CHILE<\/option><option value=\"COLOMBIA\">COLOMBIA<\/option><option value=\"PARAGUAY\">PARAGUAY<\/option><option value=\"PER\u00da\">PER\u00da<\/option><option value=\"URUGUAY\">URUGUAY<\/option><option value=\"OTRO\">OTRO<\/option><\/select><\/span> <span class=\"wpcf7-form-control-wrap cidade\"><input type=\"text\" name=\"cidade\" value=\"\" size=\"40\" class=\"wpcf7-form-control wpcf7-text wpcf7-validates-as-required\" id=\"masktel\" aria-required=\"true\" aria-invalid=\"false\" placeholder=\"Ciudad\" \/><\/span><\/p>\n<div class=\"full-width\">\n<span class=\"wpcf7-form-control-wrap mensagem\"><textarea name=\"mensagem\" cols=\"40\" rows=\"10\" class=\"wpcf7-form-control wpcf7-textarea wpcf7-validates-as-required\" aria-required=\"true\" aria-invalid=\"false\" placeholder=\"Mensaje\"><\/textarea><\/span><br \/>\n<span class=\"wpcf7-form-control-wrap acceptance-LGPD\"><span class=\"wpcf7-form-control wpcf7-acceptance\"><span class=\"wpcf7-list-item\"><label><input type=\"checkbox\" name=\"acceptance-LGPD\" value=\"1\" aria-invalid=\"false\" \/><span class=\"wpcf7-list-item-label\">Al cumplimentar el formulario, tengo conocimiento y de acuerdo con el <a href=\"https:\/\/ambipar.com\/latam\/wp-content\/uploads\/2021\/01\/ambipar_politica-protecao-de-dados_pt.pdf\" target=\"_blank\">almacenamiento de los datos por parte de Ambipar<\/a> y env\u00edo de informaci\u00f3n relacionada con el Grupo y, si deseo cancelar el registro, debo solicitarlo a trav\u00e9s del correo electr\u00f3nico politicadedados@ambipar.com<\/span><\/label><\/span><\/span><\/span><br \/>\n<input type=\"submit\" value=\"Enviar\" class=\"wpcf7-form-control has-spinner wpcf7-submit\" \/>\n<\/div>\n<div class=\"wpcf7-response-output\" aria-hidden=\"true\"><\/div><\/form><\/div>\n","protected":false},"excerpt":{"rendered":"Prensa Para prensa, rellene el siguiente formulario o p\u00f3ngase en contacto con Sueli Gomes, por correo electr\u00f3nico contacto@ambipar.com o tel\u00e9fono +56 9 9080 3593","protected":false},"author":1,"featured_media":2928,"parent":0,"menu_order":0,"comment_status":"closed","ping_status":"closed","template":"template-formularios.php","meta":[],"yoast_head":"<!-- This site is optimized with the Yoast SEO plugin v17.6 - https:\/\/yoast.com\/wordpress\/plugins\/seo\/ -->\n<title>Prensa - Ambipar<\/title>\n<meta name=\"description\" content=\"Para prensa, rellene el siguiente formulario o p\u00f3ngase en contacto con Sueli Gomes, por correo electr\u00f3nico sueli@spin.ag o tel\u00e9fono +55 (11) 99701-6035\" \/>\n<meta name=\"robots\" content=\"index, follow, max-snippet:-1, max-image-preview:large, max-video-preview:-1\" \/>\n<link rel=\"canonical\" href=\"https:\/\/ambipar.com\/latam\/prensa\/\" \/>\n<meta property=\"og:locale\" content=\"es_ES\" \/>\n<meta property=\"og:type\" content=\"article\" \/>\n<meta property=\"og:title\" content=\"Prensa - Ambipar\" \/>\n<meta property=\"og:description\" content=\"Para prensa, rellene el siguiente formulario o p\u00f3ngase en contacto con Sueli Gomes, por correo electr\u00f3nico sueli@spin.ag o tel\u00e9fono +55 (11) 99701-6035\" \/>\n<meta property=\"og:url\" content=\"https:\/\/ambipar.com\/latam\/prensa\/\" \/>\n<meta property=\"og:site_name\" content=\"Ambipar. A l\u00edder em gest\u00e3o ambiental.\" \/>\n<meta property=\"article:modified_time\" content=\"2021-11-29T11:49:32+00:00\" \/>\n<meta property=\"og:image\" content=\"https:\/\/ambipar.com\/latam\/wp-content\/uploads\/2020\/12\/header-sala-de-imprensa.jpg\" \/>\n\t<meta property=\"og:image:width\" content=\"1920\" \/>\n\t<meta property=\"og:image:height\" content=\"480\" \/>\n<meta name=\"twitter:card\" content=\"summary_large_image\" \/>\n<meta name=\"twitter:label1\" content=\"Est. reading time\" \/>\n\t<meta name=\"twitter:data1\" content=\"1 minuto\" \/>\n<script type=\"application\/ld+json\" class=\"yoast-schema-graph\">{\"@context\":\"https:\/\/schema.org\",\"@graph\":[{\"@type\":\"Organization\",\"@id\":\"https:\/\/ambipar.com\/latam\/#organization\",\"name\":\"Ambipar\",\"url\":\"https:\/\/ambipar.com\/latam\/\",\"sameAs\":[],\"logo\":{\"@type\":\"ImageObject\",\"@id\":\"https:\/\/ambipar.com\/latam\/#logo\",\"inLanguage\":\"es-CL\",\"url\":\"https:\/\/ambipar.com\/latam\/wp-content\/uploads\/2020\/10\/ambipar_color.png\",\"contentUrl\":\"https:\/\/ambipar.com\/latam\/wp-content\/uploads\/2020\/10\/ambipar_color.png\",\"width\":174,\"height\":107,\"caption\":\"Ambipar\"},\"image\":{\"@id\":\"https:\/\/ambipar.com\/latam\/#logo\"}},{\"@type\":\"WebSite\",\"@id\":\"https:\/\/ambipar.com\/latam\/#website\",\"url\":\"https:\/\/ambipar.com\/latam\/\",\"name\":\"Ambipar. A l\\u00edder em gest\\u00e3o ambiental.\",\"description\":\"Pioneira em solu\\u00e7\\u00f5es ambientais, a Ambipar atua em todo o territ\\u00f3rio nacional oferecendo solu\\u00e7\\u00f5es integradas para toda a cadeia de neg\\u00f3cio.\",\"publisher\":{\"@id\":\"https:\/\/ambipar.com\/latam\/#organization\"},\"potentialAction\":[{\"@type\":\"SearchAction\",\"target\":{\"@type\":\"EntryPoint\",\"urlTemplate\":\"https:\/\/ambipar.com\/latam\/?s={search_term_string}\"},\"query-input\":\"required name=search_term_string\"}],\"inLanguage\":\"es-CL\"},{\"@type\":\"ImageObject\",\"@id\":\"https:\/\/ambipar.com\/latam\/prensa\/#primaryimage\",\"inLanguage\":\"es-CL\",\"url\":\"https:\/\/ambipar.com\/latam\/wp-content\/uploads\/2020\/12\/header-sala-de-imprensa.jpg\",\"contentUrl\":\"https:\/\/ambipar.com\/latam\/wp-content\/uploads\/2020\/12\/header-sala-de-imprensa.jpg\",\"width\":1920,\"height\":480,\"caption\":\"Header sala de imprensa\"},{\"@type\":\"WebPage\",\"@id\":\"https:\/\/ambipar.com\/latam\/prensa\/#webpage\",\"url\":\"https:\/\/ambipar.com\/latam\/prensa\/\",\"name\":\"Prensa - Ambipar\",\"isPartOf\":{\"@id\":\"https:\/\/ambipar.com\/latam\/#website\"},\"primaryImageOfPage\":{\"@id\":\"https:\/\/ambipar.com\/latam\/prensa\/#primaryimage\"},\"datePublished\":\"2020-12-16T20:15:06+00:00\",\"dateModified\":\"2021-11-29T11:49:32+00:00\",\"description\":\"Para prensa, rellene el siguiente formulario o p\\u00f3ngase en contacto con Sueli Gomes, por correo electr\\u00f3nico sueli@spin.ag o tel\\u00e9fono +55 (11) 99701-6035\",\"breadcrumb\":{\"@id\":\"https:\/\/ambipar.com\/latam\/prensa\/#breadcrumb\"},\"inLanguage\":\"es-CL\",\"potentialAction\":[{\"@type\":\"ReadAction\",\"target\":[\"https:\/\/ambipar.com\/latam\/prensa\/\"]}]},{\"@type\":\"BreadcrumbList\",\"@id\":\"https:\/\/ambipar.com\/latam\/prensa\/#breadcrumb\",\"itemListElement\":[{\"@type\":\"ListItem\",\"position\":1,\"name\":\"Home\",\"item\":\"https:\/\/ambipar.com\/latam\/\"},{\"@type\":\"ListItem\",\"position\":2,\"name\":\"Prensa\"}]}]}<\/script>\n<!-- \/ Yoast SEO plugin. -->","yoast_head_json":{"title":"Prensa - Ambipar","description":"Para prensa, rellene el siguiente formulario o p\u00f3ngase en contacto con Sueli Gomes, por correo electr\u00f3nico sueli@spin.ag o tel\u00e9fono +55 (11) 99701-6035","robots":{"index":"index","follow":"follow","max-snippet":"max-snippet:-1","max-image-preview":"max-image-preview:large","max-video-preview":"max-video-preview:-1"},"canonical":"https:\/\/ambipar.com\/latam\/prensa\/","og_locale":"es_ES","og_type":"article","og_title":"Prensa - Ambipar","og_description":"Para prensa, rellene el siguiente formulario o p\u00f3ngase en contacto con Sueli Gomes, por correo electr\u00f3nico sueli@spin.ag o tel\u00e9fono +55 (11) 99701-6035","og_url":"https:\/\/ambipar.com\/latam\/prensa\/","og_site_name":"Ambipar. A l\u00edder em gest\u00e3o ambiental.","article_modified_time":"2021-11-29T11:49:32+00:00","og_image":[{"width":1920,"height":480,"url":"https:\/\/ambipar.com\/latam\/wp-content\/uploads\/2020\/12\/header-sala-de-imprensa.jpg","type":"image\/jpeg"}],"twitter_card":"summary_large_image","twitter_misc":{"Est. reading time":"1 minuto"},"schema":{"@context":"https:\/\/schema.org","@graph":[{"@type":"Organization","@id":"https:\/\/ambipar.com\/latam\/#organization","name":"Ambipar","url":"https:\/\/ambipar.com\/latam\/","sameAs":[],"logo":{"@type":"ImageObject","@id":"https:\/\/ambipar.com\/latam\/#logo","inLanguage":"es-CL","url":"https:\/\/ambipar.com\/latam\/wp-content\/uploads\/2020\/10\/ambipar_color.png","contentUrl":"https:\/\/ambipar.com\/latam\/wp-content\/uploads\/2020\/10\/ambipar_color.png","width":174,"height":107,"caption":"Ambipar"},"image":{"@id":"https:\/\/ambipar.com\/latam\/#logo"}},{"@type":"WebSite","@id":"https:\/\/ambipar.com\/latam\/#website","url":"https:\/\/ambipar.com\/latam\/","name":"Ambipar. A l\u00edder em gest\u00e3o ambiental.","description":"Pioneira em solu\u00e7\u00f5es ambientais, a Ambipar atua em todo o territ\u00f3rio nacional oferecendo solu\u00e7\u00f5es integradas para toda a cadeia de neg\u00f3cio.","publisher":{"@id":"https:\/\/ambipar.com\/latam\/#organization"},"potentialAction":[{"@type":"SearchAction","target":{"@type":"EntryPoint","urlTemplate":"https:\/\/ambipar.com\/latam\/?s={search_term_string}"},"query-input":"required name=search_term_string"}],"inLanguage":"es-CL"},{"@type":"ImageObject","@id":"https:\/\/ambipar.com\/latam\/prensa\/#primaryimage","inLanguage":"es-CL","url":"https:\/\/ambipar.com\/latam\/wp-content\/uploads\/2020\/12\/header-sala-de-imprensa.jpg","contentUrl":"https:\/\/ambipar.com\/latam\/wp-content\/uploads\/2020\/12\/header-sala-de-imprensa.jpg","width":1920,"height":480,"caption":"Header sala de imprensa"},{"@type":"WebPage","@id":"https:\/\/ambipar.com\/latam\/prensa\/#webpage","url":"https:\/\/ambipar.com\/latam\/prensa\/","name":"Prensa - Ambipar","isPartOf":{"@id":"https:\/\/ambipar.com\/latam\/#website"},"primaryImageOfPage":{"@id":"https:\/\/ambipar.com\/latam\/prensa\/#primaryimage"},"datePublished":"2020-12-16T20:15:06+00:00","dateModified":"2021-11-29T11:49:32+00:00","description":"Para prensa, rellene el siguiente formulario o p\u00f3ngase en contacto con Sueli Gomes, por correo electr\u00f3nico sueli@spin.ag o tel\u00e9fono +55 (11) 99701-6035","breadcrumb":{"@id":"https:\/\/ambipar.com\/latam\/prensa\/#breadcrumb"},"inLanguage":"es-CL","potentialAction":[{"@type":"ReadAction","target":["https:\/\/ambipar.com\/latam\/prensa\/"]}]},{"@type":"BreadcrumbList","@id":"https:\/\/ambipar.com\/latam\/prensa\/#breadcrumb","itemListElement":[{"@type":"ListItem","position":1,"name":"Home","item":"https:\/\/ambipar.com\/latam\/"},{"@type":"ListItem","position":2,"name":"Prensa"}]}]}},"_links":{"self":[{"href":"https:\/\/ambipar.com\/latam\/wp-json\/wp\/v2\/pages\/2944"}],"collection":[{"href":"https:\/\/ambipar.com\/latam\/wp-json\/wp\/v2\/pages"}],"about":[{"href":"https:\/\/ambipar.com\/latam\/wp-json\/wp\/v2\/types\/page"}],"author":[{"embeddable":true,"href":"https:\/\/ambipar.com\/latam\/wp-json\/wp\/v2\/users\/1"}],"replies":[{"embeddable":true,"href":"https:\/\/ambipar.com\/latam\/wp-json\/wp\/v2\/comments?post=2944"}],"version-history":[{"count":2,"href":"https:\/\/ambipar.com\/latam\/wp-json\/wp\/v2\/pages\/2944\/revisions"}],"predecessor-version":[{"id":4496,"href":"https:\/\/ambipar.com\/latam\/wp-json\/wp\/v2\/pages\/2944\/revisions\/4496"}],"wp:featuredmedia":[{"embeddable":true,"href":"https:\/\/ambipar.com\/latam\/wp-json\/wp\/v2\/media\/2928"}],"wp:attachment":[{"href":"https:\/\/ambipar.com\/latam\/wp-json\/wp\/v2\/media?parent=2944"}],"curies":[{"name":"wp","href":"https:\/\/api.w.org\/{rel}","templated":true}]}}