{"id":298,"date":"2020-10-27T13:15:00","date_gmt":"2020-10-27T16:15:00","guid":{"rendered":"https:\/\/ambipar.com\/latam\/?page_id=298"},"modified":"2021-01-05T20:20:33","modified_gmt":"2021-01-05T23:20:33","slug":"linha-construcao-civil","status":"publish","type":"page","link":"https:\/\/ambipar.com\/latam\/pt\/ambipar-environment\/produtos-ambientais\/linha-construcao-civil\/","title":{"rendered":"Linha Constru\u00e7\u00e3o Civil"},"content":{"rendered":"\n<p>Na linha constru\u00e7\u00e3o civil, contamos com artefatos ciment\u00edcios e base para pavimenta\u00e7\u00e3o ecol\u00f3gica composta de mat\u00e9ria prima origin\u00e1ria de reciclagem provenientes das ind\u00fastrias de celulose, tais como: cinzas de queima de biomassa, areia de caldeira e carbonato de c\u00e1lcio.<\/p>\n\n\n\n<ul><li>Mour\u00f5es de cerca e alambrado<\/li><li>Manilhas<\/li><li>Pavers (Pisos Intertravados)<\/li><li>Blocos Estruturais e de Alvenaria<\/li><li>Meio-fio<\/li><li>Base para pavimenta\u00e7\u00e3o de estradas visando a substitui\u00e7\u00e3o dos agregados convencionais e melhora das condi\u00e7\u00f5es geot\u00e9cnicas.<\/li><\/ul>\n\n\n\n<p>Veja tamb\u00e9m:<\/p>\n\n\n\n<ul><li><a href=\"\/ambipar-environment\/produtos-ambientais\/linha-absorvente\/\">Linha Absorvente<\/a><\/li><li><a href=\"\/ambipar-environment\/produtos-ambientais\/linha-contencao\/\">Linha Conten\u00e7\u00e3o<\/a><\/li><li><a href=\"\/ambipar-environment\/produtos-ambientais\/kits-ambientais\/\">Kits Ambientais<\/a><\/li><li><a href=\"\/ambipar-environment\/produtos-ambientais\/linha-protecao-individual\/\">Linha Prote\u00e7\u00e3o Individual<\/a><\/li><li><a href=\"\/ambipar-environment\/produtos-ambientais\/linha-sanitizante\/\">Linha Sanitizante<\/a><\/li><li><a href=\"\/ambipar-environment\/produtos-ambientais\/linha-agricultura\/\">Linha Agricultura<\/a><\/li><\/ul>\n\n\n\n<p><\/p>\n","protected":false},"excerpt":{"rendered":"Na linha constru\u00e7\u00e3o civil, contamos com artefatos ciment\u00edcios e base para pavimenta\u00e7\u00e3o ecol\u00f3gica composta de mat\u00e9ria prima origin\u00e1ria de reciclagem provenientes das ind\u00fastrias de celulose, tais como: cinzas de queima de biomassa, areia de caldeira e carbonato de c\u00e1lcio. Mour\u00f5es de cerca e alambrado Manilhas Pavers (Pisos Intertravados) Blocos Estruturais e de Alvenaria Meio-fio Base&#8230; <a class=\"view-article\" href=\"https:\/\/ambipar.com\/latam\/pt\/ambipar-environment\/produtos-ambientais\/linha-construcao-civil\/\">Ver art\u00edculo<\/a>","protected":false},"author":1,"featured_media":299,"parent":255,"menu_order":0,"comment_status":"closed","ping_status":"closed","template":"single-servicos.php","meta":[],"yoast_head":"<!-- This site is optimized with the Yoast SEO plugin v17.6 - https:\/\/yoast.com\/wordpress\/plugins\/seo\/ -->\n<title>Conhe\u00e7a a Linha Constru\u00e7\u00e3o Civil da Ambipar Environment<\/title>\n<meta name=\"description\" content=\"Contamos com artefatos ciment\u00edcios e base para pavimenta\u00e7\u00e3o ecol\u00f3gica composta de mat\u00e9ria prima origin\u00e1ria de reciclagem provenientes das ind\u00fastrias de celulose\" \/>\n<meta name=\"robots\" content=\"index, follow, max-snippet:-1, max-image-preview:large, max-video-preview:-1\" \/>\n<link rel=\"canonical\" href=\"https:\/\/ambipar.com\/latam\/pt\/ambipar-environment\/produtos-ambientais\/linha-construcao-civil\/\" \/>\n<meta property=\"og:locale\" content=\"es_ES\" \/>\n<meta property=\"og:type\" content=\"article\" \/>\n<meta property=\"og:title\" content=\"Conhe\u00e7a a Linha Constru\u00e7\u00e3o Civil da Ambipar Environment\" \/>\n<meta property=\"og:description\" content=\"Contamos com artefatos ciment\u00edcios e base para pavimenta\u00e7\u00e3o ecol\u00f3gica composta de mat\u00e9ria prima origin\u00e1ria de reciclagem provenientes das ind\u00fastrias de celulose\" \/>\n<meta property=\"og:url\" content=\"https:\/\/ambipar.com\/latam\/pt\/ambipar-environment\/produtos-ambientais\/linha-construcao-civil\/\" \/>\n<meta property=\"og:site_name\" content=\"Ambipar. A l\u00edder em gest\u00e3o ambiental.\" \/>\n<meta property=\"article:modified_time\" content=\"2021-01-05T23:20:33+00:00\" \/>\n<meta property=\"og:image\" content=\"https:\/\/ambipar.com\/latam\/wp-content\/uploads\/2020\/10\/linhaconstrucaocivil.jpg\" \/>\n\t<meta property=\"og:image:width\" content=\"1280\" \/>\n\t<meta property=\"og:image:height\" content=\"720\" \/>\n<meta name=\"twitter:card\" content=\"summary_large_image\" \/>\n<script type=\"application\/ld+json\" class=\"yoast-schema-graph\">{\"@context\":\"https:\/\/schema.org\",\"@graph\":[{\"@type\":\"Organization\",\"@id\":\"https:\/\/ambipar.com\/latam\/#organization\",\"name\":\"Ambipar\",\"url\":\"https:\/\/ambipar.com\/latam\/\",\"sameAs\":[],\"logo\":{\"@type\":\"ImageObject\",\"@id\":\"https:\/\/ambipar.com\/latam\/#logo\",\"inLanguage\":\"es-CL\",\"url\":\"https:\/\/ambipar.com\/latam\/wp-content\/uploads\/2020\/10\/ambipar_color.png\",\"contentUrl\":\"https:\/\/ambipar.com\/latam\/wp-content\/uploads\/2020\/10\/ambipar_color.png\",\"width\":174,\"height\":107,\"caption\":\"Ambipar\"},\"image\":{\"@id\":\"https:\/\/ambipar.com\/latam\/#logo\"}},{\"@type\":\"WebSite\",\"@id\":\"https:\/\/ambipar.com\/latam\/#website\",\"url\":\"https:\/\/ambipar.com\/latam\/\",\"name\":\"Ambipar. A l\\u00edder em gest\\u00e3o ambiental.\",\"description\":\"Pioneira em solu\\u00e7\\u00f5es ambientais, a Ambipar atua em todo o territ\\u00f3rio nacional oferecendo solu\\u00e7\\u00f5es integradas para toda a cadeia de neg\\u00f3cio.\",\"publisher\":{\"@id\":\"https:\/\/ambipar.com\/latam\/#organization\"},\"potentialAction\":[{\"@type\":\"SearchAction\",\"target\":{\"@type\":\"EntryPoint\",\"urlTemplate\":\"https:\/\/ambipar.com\/latam\/?s={search_term_string}\"},\"query-input\":\"required name=search_term_string\"}],\"inLanguage\":\"es-CL\"},{\"@type\":\"ImageObject\",\"@id\":\"https:\/\/ambipar.com\/latam\/pt\/ambipar-environment\/produtos-ambientais\/linha-construcao-civil\/#primaryimage\",\"inLanguage\":\"es-CL\",\"url\":\"https:\/\/ambipar.com\/latam\/wp-content\/uploads\/2020\/10\/linhaconstrucaocivil.jpg\",\"contentUrl\":\"https:\/\/ambipar.com\/latam\/wp-content\/uploads\/2020\/10\/linhaconstrucaocivil.jpg\",\"width\":1280,\"height\":720,\"caption\":\"linha constru\\u00e7\\u00e3o civil\"},{\"@type\":\"WebPage\",\"@id\":\"https:\/\/ambipar.com\/latam\/pt\/ambipar-environment\/produtos-ambientais\/linha-construcao-civil\/#webpage\",\"url\":\"https:\/\/ambipar.com\/latam\/pt\/ambipar-environment\/produtos-ambientais\/linha-construcao-civil\/\",\"name\":\"Conhe\\u00e7a a Linha Constru\\u00e7\\u00e3o Civil da Ambipar Environment\",\"isPartOf\":{\"@id\":\"https:\/\/ambipar.com\/latam\/#website\"},\"primaryImageOfPage\":{\"@id\":\"https:\/\/ambipar.com\/latam\/pt\/ambipar-environment\/produtos-ambientais\/linha-construcao-civil\/#primaryimage\"},\"datePublished\":\"2020-10-27T16:15:00+00:00\",\"dateModified\":\"2021-01-05T23:20:33+00:00\",\"description\":\"Contamos com artefatos ciment\\u00edcios e base para pavimenta\\u00e7\\u00e3o ecol\\u00f3gica composta de mat\\u00e9ria prima origin\\u00e1ria de reciclagem provenientes das ind\\u00fastrias de celulose\",\"breadcrumb\":{\"@id\":\"https:\/\/ambipar.com\/latam\/pt\/ambipar-environment\/produtos-ambientais\/linha-construcao-civil\/#breadcrumb\"},\"inLanguage\":\"es-CL\",\"potentialAction\":[{\"@type\":\"ReadAction\",\"target\":[\"https:\/\/ambipar.com\/latam\/pt\/ambipar-environment\/produtos-ambientais\/linha-construcao-civil\/\"]}]},{\"@type\":\"BreadcrumbList\",\"@id\":\"https:\/\/ambipar.com\/latam\/pt\/ambipar-environment\/produtos-ambientais\/linha-construcao-civil\/#breadcrumb\",\"itemListElement\":[{\"@type\":\"ListItem\",\"position\":1,\"name\":\"Home\",\"item\":\"https:\/\/ambipar.com\/latam\/\"},{\"@type\":\"ListItem\",\"position\":2,\"name\":\"Ambipar Environment\",\"item\":\"https:\/\/ambipar.com\/latam\/pt\/ambipar-environment\/\"},{\"@type\":\"ListItem\",\"position\":3,\"name\":\"Produtos Ambientais\",\"item\":\"https:\/\/ambipar.com\/latam\/pt\/ambipar-environment\/produtos-ambientais\/\"},{\"@type\":\"ListItem\",\"position\":4,\"name\":\"Linha Constru\\u00e7\\u00e3o Civil\"}]}]}<\/script>\n<!-- \/ Yoast SEO plugin. -->","yoast_head_json":{"title":"Conhe\u00e7a a Linha Constru\u00e7\u00e3o Civil da Ambipar Environment","description":"Contamos com artefatos ciment\u00edcios e base para pavimenta\u00e7\u00e3o ecol\u00f3gica composta de mat\u00e9ria prima origin\u00e1ria de reciclagem provenientes das ind\u00fastrias de celulose","robots":{"index":"index","follow":"follow","max-snippet":"max-snippet:-1","max-image-preview":"max-image-preview:large","max-video-preview":"max-video-preview:-1"},"canonical":"https:\/\/ambipar.com\/latam\/pt\/ambipar-environment\/produtos-ambientais\/linha-construcao-civil\/","og_locale":"es_ES","og_type":"article","og_title":"Conhe\u00e7a a Linha Constru\u00e7\u00e3o Civil da Ambipar Environment","og_description":"Contamos com artefatos ciment\u00edcios e base para pavimenta\u00e7\u00e3o ecol\u00f3gica composta de mat\u00e9ria prima origin\u00e1ria de reciclagem provenientes das ind\u00fastrias de celulose","og_url":"https:\/\/ambipar.com\/latam\/pt\/ambipar-environment\/produtos-ambientais\/linha-construcao-civil\/","og_site_name":"Ambipar. A l\u00edder em gest\u00e3o ambiental.","article_modified_time":"2021-01-05T23:20:33+00:00","og_image":[{"width":1280,"height":720,"url":"https:\/\/ambipar.com\/latam\/wp-content\/uploads\/2020\/10\/linhaconstrucaocivil.jpg","type":"image\/jpeg"}],"twitter_card":"summary_large_image","schema":{"@context":"https:\/\/schema.org","@graph":[{"@type":"Organization","@id":"https:\/\/ambipar.com\/latam\/#organization","name":"Ambipar","url":"https:\/\/ambipar.com\/latam\/","sameAs":[],"logo":{"@type":"ImageObject","@id":"https:\/\/ambipar.com\/latam\/#logo","inLanguage":"es-CL","url":"https:\/\/ambipar.com\/latam\/wp-content\/uploads\/2020\/10\/ambipar_color.png","contentUrl":"https:\/\/ambipar.com\/latam\/wp-content\/uploads\/2020\/10\/ambipar_color.png","width":174,"height":107,"caption":"Ambipar"},"image":{"@id":"https:\/\/ambipar.com\/latam\/#logo"}},{"@type":"WebSite","@id":"https:\/\/ambipar.com\/latam\/#website","url":"https:\/\/ambipar.com\/latam\/","name":"Ambipar. A l\u00edder em gest\u00e3o ambiental.","description":"Pioneira em solu\u00e7\u00f5es ambientais, a Ambipar atua em todo o territ\u00f3rio nacional oferecendo solu\u00e7\u00f5es integradas para toda a cadeia de neg\u00f3cio.","publisher":{"@id":"https:\/\/ambipar.com\/latam\/#organization"},"potentialAction":[{"@type":"SearchAction","target":{"@type":"EntryPoint","urlTemplate":"https:\/\/ambipar.com\/latam\/?s={search_term_string}"},"query-input":"required name=search_term_string"}],"inLanguage":"es-CL"},{"@type":"ImageObject","@id":"https:\/\/ambipar.com\/latam\/pt\/ambipar-environment\/produtos-ambientais\/linha-construcao-civil\/#primaryimage","inLanguage":"es-CL","url":"https:\/\/ambipar.com\/latam\/wp-content\/uploads\/2020\/10\/linhaconstrucaocivil.jpg","contentUrl":"https:\/\/ambipar.com\/latam\/wp-content\/uploads\/2020\/10\/linhaconstrucaocivil.jpg","width":1280,"height":720,"caption":"linha constru\u00e7\u00e3o civil"},{"@type":"WebPage","@id":"https:\/\/ambipar.com\/latam\/pt\/ambipar-environment\/produtos-ambientais\/linha-construcao-civil\/#webpage","url":"https:\/\/ambipar.com\/latam\/pt\/ambipar-environment\/produtos-ambientais\/linha-construcao-civil\/","name":"Conhe\u00e7a a Linha Constru\u00e7\u00e3o Civil da Ambipar Environment","isPartOf":{"@id":"https:\/\/ambipar.com\/latam\/#website"},"primaryImageOfPage":{"@id":"https:\/\/ambipar.com\/latam\/pt\/ambipar-environment\/produtos-ambientais\/linha-construcao-civil\/#primaryimage"},"datePublished":"2020-10-27T16:15:00+00:00","dateModified":"2021-01-05T23:20:33+00:00","description":"Contamos com artefatos ciment\u00edcios e base para pavimenta\u00e7\u00e3o ecol\u00f3gica composta de mat\u00e9ria prima origin\u00e1ria de reciclagem provenientes das ind\u00fastrias de celulose","breadcrumb":{"@id":"https:\/\/ambipar.com\/latam\/pt\/ambipar-environment\/produtos-ambientais\/linha-construcao-civil\/#breadcrumb"},"inLanguage":"es-CL","potentialAction":[{"@type":"ReadAction","target":["https:\/\/ambipar.com\/latam\/pt\/ambipar-environment\/produtos-ambientais\/linha-construcao-civil\/"]}]},{"@type":"BreadcrumbList","@id":"https:\/\/ambipar.com\/latam\/pt\/ambipar-environment\/produtos-ambientais\/linha-construcao-civil\/#breadcrumb","itemListElement":[{"@type":"ListItem","position":1,"name":"Home","item":"https:\/\/ambipar.com\/latam\/"},{"@type":"ListItem","position":2,"name":"Ambipar Environment","item":"https:\/\/ambipar.com\/latam\/pt\/ambipar-environment\/"},{"@type":"ListItem","position":3,"name":"Produtos Ambientais","item":"https:\/\/ambipar.com\/latam\/pt\/ambipar-environment\/produtos-ambientais\/"},{"@type":"ListItem","position":4,"name":"Linha Constru\u00e7\u00e3o Civil"}]}]}},"_links":{"self":[{"href":"https:\/\/ambipar.com\/latam\/wp-json\/wp\/v2\/pages\/298"}],"collection":[{"href":"https:\/\/ambipar.com\/latam\/wp-json\/wp\/v2\/pages"}],"about":[{"href":"https:\/\/ambipar.com\/latam\/wp-json\/wp\/v2\/types\/page"}],"author":[{"embeddable":true,"href":"https:\/\/ambipar.com\/latam\/wp-json\/wp\/v2\/users\/1"}],"replies":[{"embeddable":true,"href":"https:\/\/ambipar.com\/latam\/wp-json\/wp\/v2\/comments?post=298"}],"version-history":[{"count":2,"href":"https:\/\/ambipar.com\/latam\/wp-json\/wp\/v2\/pages\/298\/revisions"}],"predecessor-version":[{"id":309,"href":"https:\/\/ambipar.com\/latam\/wp-json\/wp\/v2\/pages\/298\/revisions\/309"}],"up":[{"embeddable":true,"href":"https:\/\/ambipar.com\/latam\/wp-json\/wp\/v2\/pages\/255"}],"wp:featuredmedia":[{"embeddable":true,"href":"https:\/\/ambipar.com\/latam\/wp-json\/wp\/v2\/media\/299"}],"wp:attachment":[{"href":"https:\/\/ambipar.com\/latam\/wp-json\/wp\/v2\/media?parent=298"}],"curies":[{"name":"wp","href":"https:\/\/api.w.org\/{rel}","templated":true}]}}