{"id":2995,"date":"2021-01-04T12:02:36","date_gmt":"2021-01-04T15:02:36","guid":{"rendered":"https:\/\/ambipar.com\/latam\/?page_id=2995"},"modified":"2021-04-20T11:00:37","modified_gmt":"2021-04-20T14:00:37","slug":"cronograma-2021","status":"publish","type":"page","link":"https:\/\/ambipar.com\/latam\/pt\/ambipar-response\/treinamentos\/cronograma-2021\/","title":{"rendered":"Cronograma 2021"},"content":{"rendered":"\n<p><strong>PROGRAMA\u00c7\u00c3O DE TREINAMENTOS <\/strong><\/p>\n\n\n\n<p>Acesse o nosso calend\u00e1rio de treinamentos para 2021:  <\/p>\n\n\n\n<ul><li><a href=\"\/ambipar-response\/treinamentos\/hazmat\/hazmat-nivel-operacoes\/\">22 \u00e0 26\/02\/2021 &#8211; Hazmat N\u00edvel Opera\u00e7\u00f5es<\/a><\/li><li><a href=\"\/ambipar-response\/treinamentos\/hazmat\/hazmat-nivel-tecnico\/\">01 \u00e0 05\/03\/2021 \u2013 Hazmat N\u00edvel T\u00e9cnico<\/a><\/li><li><a href=\"\/ambipar-response\/treinamentos\/hazmat\/hazmat-nivel-operacoes\/\">03 \u00e0 07\/05\/2021 &#8211; Hazmat N\u00edvel Opera\u00e7\u00f5es<\/a><\/li><li><a href=\"\/ambipar-response\/treinamentos\/hazmat\/hazmat-nivel-operacoes\/\">12 \u00e0 16\/07\/2021 &#8211; Hazmat N\u00edvel Opera\u00e7\u00f5es\u00a0<\/a><\/li><li><a href=\"\/ambipar-response\/treinamentos\/hazmat\/hazmat-nivel-tecnico\/\">19 \u00e0 23\/07\/2021 \u2013 Hazmat N\u00edvel T\u00e9cnico<\/a><\/li><li><a href=\"\/ambipar-response\/treinamentos\/hazmat\/hazmat-nivel-operacoes\/\">20 \u00e0 24\/09\/2021 &#8211; Hazmat N\u00edvel Opera\u00e7\u00f5es\u00a0<\/a><\/li><li><a href=\"https:\/\/ambipar.com\/latam\/ambipar-response\/treinamentos\/hazmat\/hazmat-nivel-comando-ics\/\">27\/09 \u00e0 01\/10\/2021 \u2013 Hazmat N\u00edvel Comando ICS<\/a><\/li><li><a href=\"\/ambipar-response\/treinamentos\/hazmat\/hazmat-nivel-operacoes\/\">22 \u00e0 26\/11\/2021 &#8211; Hazmat N\u00edvel Opera\u00e7\u00f5es<\/a><\/li><\/ul>\n\n\n\n<p>Veja tamb\u00e9m:<\/p>\n\n\n\n<ul id=\"block-5caddda0-a14d-4bcf-ae65-cd8fca818840\"><li><a href=\"http:\/\/ambipar-response\/treinamentos\/hazmat\/\">HAZMAT<\/a><\/li><li><a href=\"https:\/\/ambipar.com\/latam\/ambipar-response\/treinamentos\/oil-spill\/\">Oil Spill<\/a><\/li><li><a href=\"https:\/\/ambipar.com\/latam\/ambipar-response\/treinamentos\/brigadas-de-emergencias\/\">Brigadas de Emerg\u00eancias<\/a><\/li><li><a href=\"https:\/\/ambipar.com\/latam\/ambipar-response\/treinamentos\/nrs\/\">NR\u2019S<\/a><\/li><li><a href=\"https:\/\/ambipar.com\/latam\/ambipar-response\/treinamentos\/armazenamento-e-transporte-de-produtos-perigosos\/\">Armazenamento e Transporte de Produtos Perigosos<\/a><\/li><li><a href=\"https:\/\/ambipar.com\/latam\/ambipar-response\/treinamentos\/equipamentos-simuladores\/\">Equipamentos Simuladores<\/a><\/li><li><a href=\"https:\/\/ambipar.com\/latam\/ambipar-response\/treinamentos\/exercicios-simulados\/\">Exerc\u00edcios Simulados<\/a><\/li><li><a href=\"https:\/\/ambipar.com\/latam\/ambipar-response\/treinamentos\/ead\/\">EAD<\/a><\/li><\/ul>\n\n\n\n<p><\/p>\n","protected":false},"excerpt":{"rendered":"PROGRAMA\u00c7\u00c3O DE TREINAMENTOS Acesse o nosso calend\u00e1rio de treinamentos para 2021: 22 \u00e0 26\/02\/2021 &#8211; Hazmat N\u00edvel Opera\u00e7\u00f5es 01 \u00e0 05\/03\/2021 \u2013 Hazmat N\u00edvel T\u00e9cnico 03 \u00e0 07\/05\/2021 &#8211; Hazmat N\u00edvel Opera\u00e7\u00f5es 12 \u00e0 16\/07\/2021 &#8211; Hazmat N\u00edvel Opera\u00e7\u00f5es\u00a0 19 \u00e0 23\/07\/2021 \u2013 Hazmat N\u00edvel T\u00e9cnico 20 \u00e0 24\/09\/2021 &#8211; Hazmat N\u00edvel Opera\u00e7\u00f5es\u00a0 27\/09 \u00e0&#8230; <a class=\"view-article\" href=\"https:\/\/ambipar.com\/latam\/pt\/ambipar-response\/treinamentos\/cronograma-2021\/\">Ver art\u00edculo<\/a>","protected":false},"author":2,"featured_media":539,"parent":533,"menu_order":0,"comment_status":"closed","ping_status":"closed","template":"single-servicos.php","meta":[],"yoast_head":"<!-- This site is optimized with the Yoast SEO plugin v17.6 - https:\/\/yoast.com\/wordpress\/plugins\/seo\/ -->\n<title>Cronograma de treinamentos AMBIPAR: programa\u00e7\u00e3o 2021<\/title>\n<meta name=\"description\" content=\"Programa\u00e7\u00e3o de treinamentos Ambipar: aesse nosso calend\u00e1rio de treinamentos para 2021: HAZMAT n\u00edvel opera\u00e7\u00f5es, t\u00e9cnico e Comando, entre outros\" \/>\n<meta name=\"robots\" content=\"index, follow, max-snippet:-1, max-image-preview:large, max-video-preview:-1\" \/>\n<link rel=\"canonical\" href=\"https:\/\/ambipar.com\/latam\/pt\/ambipar-response\/treinamentos\/cronograma-2021\/\" \/>\n<meta property=\"og:locale\" content=\"es_ES\" \/>\n<meta property=\"og:type\" content=\"article\" \/>\n<meta property=\"og:title\" content=\"Cronograma de treinamentos AMBIPAR: programa\u00e7\u00e3o 2021\" \/>\n<meta property=\"og:description\" content=\"Programa\u00e7\u00e3o de treinamentos Ambipar: aesse nosso calend\u00e1rio de treinamentos para 2021: HAZMAT n\u00edvel opera\u00e7\u00f5es, t\u00e9cnico e Comando, entre outros\" \/>\n<meta property=\"og:url\" content=\"https:\/\/ambipar.com\/latam\/pt\/ambipar-response\/treinamentos\/cronograma-2021\/\" \/>\n<meta property=\"og:site_name\" content=\"Ambipar. A l\u00edder em gest\u00e3o ambiental.\" \/>\n<meta property=\"article:modified_time\" content=\"2021-04-20T14:00:37+00:00\" \/>\n<meta property=\"og:image\" content=\"https:\/\/ambipar.com\/latam\/wp-content\/uploads\/2020\/10\/HAXMAT2.jpg\" \/>\n\t<meta property=\"og:image:width\" content=\"1000\" \/>\n\t<meta property=\"og:image:height\" content=\"1000\" \/>\n<meta name=\"twitter:card\" content=\"summary_large_image\" \/>\n<meta name=\"twitter:label1\" content=\"Est. reading time\" \/>\n\t<meta name=\"twitter:data1\" content=\"1 minuto\" \/>\n<script type=\"application\/ld+json\" class=\"yoast-schema-graph\">{\"@context\":\"https:\/\/schema.org\",\"@graph\":[{\"@type\":\"Organization\",\"@id\":\"https:\/\/ambipar.com\/latam\/#organization\",\"name\":\"Ambipar\",\"url\":\"https:\/\/ambipar.com\/latam\/\",\"sameAs\":[],\"logo\":{\"@type\":\"ImageObject\",\"@id\":\"https:\/\/ambipar.com\/latam\/#logo\",\"inLanguage\":\"es-CL\",\"url\":\"https:\/\/ambipar.com\/latam\/wp-content\/uploads\/2020\/10\/ambipar_color.png\",\"contentUrl\":\"https:\/\/ambipar.com\/latam\/wp-content\/uploads\/2020\/10\/ambipar_color.png\",\"width\":174,\"height\":107,\"caption\":\"Ambipar\"},\"image\":{\"@id\":\"https:\/\/ambipar.com\/latam\/#logo\"}},{\"@type\":\"WebSite\",\"@id\":\"https:\/\/ambipar.com\/latam\/#website\",\"url\":\"https:\/\/ambipar.com\/latam\/\",\"name\":\"Ambipar. A l\\u00edder em gest\\u00e3o ambiental.\",\"description\":\"Pioneira em solu\\u00e7\\u00f5es ambientais, a Ambipar atua em todo o territ\\u00f3rio nacional oferecendo solu\\u00e7\\u00f5es integradas para toda a cadeia de neg\\u00f3cio.\",\"publisher\":{\"@id\":\"https:\/\/ambipar.com\/latam\/#organization\"},\"potentialAction\":[{\"@type\":\"SearchAction\",\"target\":{\"@type\":\"EntryPoint\",\"urlTemplate\":\"https:\/\/ambipar.com\/latam\/?s={search_term_string}\"},\"query-input\":\"required name=search_term_string\"}],\"inLanguage\":\"es-CL\"},{\"@type\":\"ImageObject\",\"@id\":\"https:\/\/ambipar.com\/latam\/pt\/ambipar-response\/treinamentos\/cronograma-2021\/#primaryimage\",\"inLanguage\":\"es-CL\",\"url\":\"https:\/\/ambipar.com\/latam\/wp-content\/uploads\/2020\/10\/HAXMAT2.jpg\",\"contentUrl\":\"https:\/\/ambipar.com\/latam\/wp-content\/uploads\/2020\/10\/HAXMAT2.jpg\",\"width\":1000,\"height\":1000,\"caption\":\"HAZMAT\"},{\"@type\":\"WebPage\",\"@id\":\"https:\/\/ambipar.com\/latam\/pt\/ambipar-response\/treinamentos\/cronograma-2021\/#webpage\",\"url\":\"https:\/\/ambipar.com\/latam\/pt\/ambipar-response\/treinamentos\/cronograma-2021\/\",\"name\":\"Cronograma de treinamentos AMBIPAR: programa\\u00e7\\u00e3o 2021\",\"isPartOf\":{\"@id\":\"https:\/\/ambipar.com\/latam\/#website\"},\"primaryImageOfPage\":{\"@id\":\"https:\/\/ambipar.com\/latam\/pt\/ambipar-response\/treinamentos\/cronograma-2021\/#primaryimage\"},\"datePublished\":\"2021-01-04T15:02:36+00:00\",\"dateModified\":\"2021-04-20T14:00:37+00:00\",\"description\":\"Programa\\u00e7\\u00e3o de treinamentos Ambipar: aesse nosso calend\\u00e1rio de treinamentos para 2021: HAZMAT n\\u00edvel opera\\u00e7\\u00f5es, t\\u00e9cnico e Comando, entre outros\",\"breadcrumb\":{\"@id\":\"https:\/\/ambipar.com\/latam\/pt\/ambipar-response\/treinamentos\/cronograma-2021\/#breadcrumb\"},\"inLanguage\":\"es-CL\",\"potentialAction\":[{\"@type\":\"ReadAction\",\"target\":[\"https:\/\/ambipar.com\/latam\/pt\/ambipar-response\/treinamentos\/cronograma-2021\/\"]}]},{\"@type\":\"BreadcrumbList\",\"@id\":\"https:\/\/ambipar.com\/latam\/pt\/ambipar-response\/treinamentos\/cronograma-2021\/#breadcrumb\",\"itemListElement\":[{\"@type\":\"ListItem\",\"position\":1,\"name\":\"Home\",\"item\":\"https:\/\/ambipar.com\/latam\/\"},{\"@type\":\"ListItem\",\"position\":2,\"name\":\"Ambipar Response\",\"item\":\"https:\/\/ambipar.com\/latam\/pt\/ambipar-response\/\"},{\"@type\":\"ListItem\",\"position\":3,\"name\":\"Treinamentos\",\"item\":\"https:\/\/ambipar.com\/latam\/pt\/ambipar-response\/treinamentos\/\"},{\"@type\":\"ListItem\",\"position\":4,\"name\":\"Cronograma 2021\"}]}]}<\/script>\n<!-- \/ Yoast SEO plugin. -->","yoast_head_json":{"title":"Cronograma de treinamentos AMBIPAR: programa\u00e7\u00e3o 2021","description":"Programa\u00e7\u00e3o de treinamentos Ambipar: aesse nosso calend\u00e1rio de treinamentos para 2021: HAZMAT n\u00edvel opera\u00e7\u00f5es, t\u00e9cnico e Comando, entre outros","robots":{"index":"index","follow":"follow","max-snippet":"max-snippet:-1","max-image-preview":"max-image-preview:large","max-video-preview":"max-video-preview:-1"},"canonical":"https:\/\/ambipar.com\/latam\/pt\/ambipar-response\/treinamentos\/cronograma-2021\/","og_locale":"es_ES","og_type":"article","og_title":"Cronograma de treinamentos AMBIPAR: programa\u00e7\u00e3o 2021","og_description":"Programa\u00e7\u00e3o de treinamentos Ambipar: aesse nosso calend\u00e1rio de treinamentos para 2021: HAZMAT n\u00edvel opera\u00e7\u00f5es, t\u00e9cnico e Comando, entre outros","og_url":"https:\/\/ambipar.com\/latam\/pt\/ambipar-response\/treinamentos\/cronograma-2021\/","og_site_name":"Ambipar. A l\u00edder em gest\u00e3o ambiental.","article_modified_time":"2021-04-20T14:00:37+00:00","og_image":[{"width":1000,"height":1000,"url":"https:\/\/ambipar.com\/latam\/wp-content\/uploads\/2020\/10\/HAXMAT2.jpg","type":"image\/jpeg"}],"twitter_card":"summary_large_image","twitter_misc":{"Est. reading time":"1 minuto"},"schema":{"@context":"https:\/\/schema.org","@graph":[{"@type":"Organization","@id":"https:\/\/ambipar.com\/latam\/#organization","name":"Ambipar","url":"https:\/\/ambipar.com\/latam\/","sameAs":[],"logo":{"@type":"ImageObject","@id":"https:\/\/ambipar.com\/latam\/#logo","inLanguage":"es-CL","url":"https:\/\/ambipar.com\/latam\/wp-content\/uploads\/2020\/10\/ambipar_color.png","contentUrl":"https:\/\/ambipar.com\/latam\/wp-content\/uploads\/2020\/10\/ambipar_color.png","width":174,"height":107,"caption":"Ambipar"},"image":{"@id":"https:\/\/ambipar.com\/latam\/#logo"}},{"@type":"WebSite","@id":"https:\/\/ambipar.com\/latam\/#website","url":"https:\/\/ambipar.com\/latam\/","name":"Ambipar. A l\u00edder em gest\u00e3o ambiental.","description":"Pioneira em solu\u00e7\u00f5es ambientais, a Ambipar atua em todo o territ\u00f3rio nacional oferecendo solu\u00e7\u00f5es integradas para toda a cadeia de neg\u00f3cio.","publisher":{"@id":"https:\/\/ambipar.com\/latam\/#organization"},"potentialAction":[{"@type":"SearchAction","target":{"@type":"EntryPoint","urlTemplate":"https:\/\/ambipar.com\/latam\/?s={search_term_string}"},"query-input":"required name=search_term_string"}],"inLanguage":"es-CL"},{"@type":"ImageObject","@id":"https:\/\/ambipar.com\/latam\/pt\/ambipar-response\/treinamentos\/cronograma-2021\/#primaryimage","inLanguage":"es-CL","url":"https:\/\/ambipar.com\/latam\/wp-content\/uploads\/2020\/10\/HAXMAT2.jpg","contentUrl":"https:\/\/ambipar.com\/latam\/wp-content\/uploads\/2020\/10\/HAXMAT2.jpg","width":1000,"height":1000,"caption":"HAZMAT"},{"@type":"WebPage","@id":"https:\/\/ambipar.com\/latam\/pt\/ambipar-response\/treinamentos\/cronograma-2021\/#webpage","url":"https:\/\/ambipar.com\/latam\/pt\/ambipar-response\/treinamentos\/cronograma-2021\/","name":"Cronograma de treinamentos AMBIPAR: programa\u00e7\u00e3o 2021","isPartOf":{"@id":"https:\/\/ambipar.com\/latam\/#website"},"primaryImageOfPage":{"@id":"https:\/\/ambipar.com\/latam\/pt\/ambipar-response\/treinamentos\/cronograma-2021\/#primaryimage"},"datePublished":"2021-01-04T15:02:36+00:00","dateModified":"2021-04-20T14:00:37+00:00","description":"Programa\u00e7\u00e3o de treinamentos Ambipar: aesse nosso calend\u00e1rio de treinamentos para 2021: HAZMAT n\u00edvel opera\u00e7\u00f5es, t\u00e9cnico e Comando, entre outros","breadcrumb":{"@id":"https:\/\/ambipar.com\/latam\/pt\/ambipar-response\/treinamentos\/cronograma-2021\/#breadcrumb"},"inLanguage":"es-CL","potentialAction":[{"@type":"ReadAction","target":["https:\/\/ambipar.com\/latam\/pt\/ambipar-response\/treinamentos\/cronograma-2021\/"]}]},{"@type":"BreadcrumbList","@id":"https:\/\/ambipar.com\/latam\/pt\/ambipar-response\/treinamentos\/cronograma-2021\/#breadcrumb","itemListElement":[{"@type":"ListItem","position":1,"name":"Home","item":"https:\/\/ambipar.com\/latam\/"},{"@type":"ListItem","position":2,"name":"Ambipar Response","item":"https:\/\/ambipar.com\/latam\/pt\/ambipar-response\/"},{"@type":"ListItem","position":3,"name":"Treinamentos","item":"https:\/\/ambipar.com\/latam\/pt\/ambipar-response\/treinamentos\/"},{"@type":"ListItem","position":4,"name":"Cronograma 2021"}]}]}},"_links":{"self":[{"href":"https:\/\/ambipar.com\/latam\/wp-json\/wp\/v2\/pages\/2995"}],"collection":[{"href":"https:\/\/ambipar.com\/latam\/wp-json\/wp\/v2\/pages"}],"about":[{"href":"https:\/\/ambipar.com\/latam\/wp-json\/wp\/v2\/types\/page"}],"author":[{"embeddable":true,"href":"https:\/\/ambipar.com\/latam\/wp-json\/wp\/v2\/users\/2"}],"replies":[{"embeddable":true,"href":"https:\/\/ambipar.com\/latam\/wp-json\/wp\/v2\/comments?post=2995"}],"version-history":[{"count":8,"href":"https:\/\/ambipar.com\/latam\/wp-json\/wp\/v2\/pages\/2995\/revisions"}],"predecessor-version":[{"id":3433,"href":"https:\/\/ambipar.com\/latam\/wp-json\/wp\/v2\/pages\/2995\/revisions\/3433"}],"up":[{"embeddable":true,"href":"https:\/\/ambipar.com\/latam\/wp-json\/wp\/v2\/pages\/533"}],"wp:featuredmedia":[{"embeddable":true,"href":"https:\/\/ambipar.com\/latam\/wp-json\/wp\/v2\/media\/539"}],"wp:attachment":[{"href":"https:\/\/ambipar.com\/latam\/wp-json\/wp\/v2\/media?parent=2995"}],"curies":[{"name":"wp","href":"https:\/\/api.w.org\/{rel}","templated":true}]}}