{"id":312,"date":"2020-10-28T13:38:18","date_gmt":"2020-10-28T16:38:18","guid":{"rendered":"https:\/\/ambipar.com\/latam\/?page_id=312"},"modified":"2021-01-18T11:12:44","modified_gmt":"2021-01-18T14:12:44","slug":"plataforma-de-gestao-e-homologacao-de-fornecedores","status":"publish","type":"page","link":"https:\/\/ambipar.com\/latam\/pt\/ambipar-environment\/softwares-de-gestao\/plataforma-de-gestao-e-homologacao-de-fornecedores\/","title":{"rendered":"Plataforma de Gest\u00e3o e Homologa\u00e7\u00e3o de Fornecedores"},"content":{"rendered":"\n<p>Um sistema de Gest\u00e3o de Fornecedores pode ser direcionado \u00e0 Dire\u00e7\u00e3o, \u00e0 Equipe de Qualidade, Suprimentos, Meio Ambiente, Sa\u00fade &amp; Seguran\u00e7a e Responsabilidade Social da empresa.<\/p>\n\n\n\n<p>O uso dessa ferramenta oferece facilidades para Homologa\u00e7\u00e3o do Fornecedor, controle do n\u00edvel de atendimento aos requisitos internos e externos para produtos, servi\u00e7os e terceiros.<\/p>\n\n\n\n<p>Uma solu\u00e7\u00e3o \u00e1gil, integrada e segura.<\/p>\n\n\n\n<p>O Gest\u00e3o de Fornecedores ainda oferece a visualiza\u00e7\u00e3o de relat\u00f3rios imprescind\u00edveis para uma vis\u00e3o completa e sist\u00eamica de sua cadeia de valor, tais como:<\/p>\n\n\n\n<ul><li>Relat\u00f3rio de Homologa\u00e7\u00e3o de Fornecedores &#8211;&nbsp;com filtros por Gestor do Contrato, Servi\u00e7o\/Produto, Unidade de Neg\u00f3cio<\/li><li>Relat\u00f3rios de Qualifica\u00e7\u00e3o \/ Aptid\u00e3o de Funcion\u00e1rios de Fornecedores \u2013 com filtros por Gestor do Contrato, Atividade, Unidade Contratante, Funcion\u00e1rio, Fornecedor, Qualifica\u00e7\u00e3o\/Aptid\u00e3o<\/li><li>Relat\u00f3rio de Aprova\u00e7\u00e3o de Documentos \/ Requisitos Exigidos \u2013 com filtros por Gestor do Contrato, Servi\u00e7o\/Produto, Atividade Exercida, Documento exigido, Funcion\u00e1rio e Fornecedor<\/li><\/ul>\n\n\n\n<p>Veja tamb\u00e9m:<\/p>\n\n\n\n<ul id=\"block-dc8e3340-cf7e-4418-97cf-9b70f5359851\"><li><a href=\"https:\/\/ambipar.com\/latam\/ambipar-environment\/softwares-de-gestao\/gestao-e-tratamento-das-nao-conformidades-midas\/\">Gest\u00e3o e tratamento das N\u00e3o Conformidades<\/a><\/li><li><a href=\"https:\/\/ambipar.com\/latam\/ambipar-environment\/softwares-de-gestao\/levantamento-e-monitoramento-dos-requisitos-legais-aplicaveis-legalbusiness\/\">Levantamento e Monitoramento dos Requisitos Legais Aplic\u00e1veis<\/a><\/li><li><a href=\"https:\/\/ambipar.com\/latam\/ambipar-environment\/softwares-de-gestao\/gestao-e-analises-de-riscos-ocupacionais-e-ambientais\/\">Gest\u00e3o e An\u00e1lises de Riscos Ocupacionais e Ambientais<\/a><\/li><li><a href=\"https:\/\/ambipar.com\/latam\/ambipar-environment\/softwares-de-gestao\/gestao-e-controle-de-documentos-siga\/\">Gest\u00e3o e controle de documentos<\/a><\/li><li><a href=\"https:\/\/ambipar.com\/latam\/ambipar-environment\/softwares-de-gestao\/gestao-dos-residuos-monitor\/\">Gest\u00e3o dos res\u00edduos<\/a><\/li><\/ul>\n\n\n\n<p><\/p>\n","protected":false},"excerpt":{"rendered":"Um sistema de Gest\u00e3o de Fornecedores pode ser direcionado \u00e0 Dire\u00e7\u00e3o, \u00e0 Equipe de Qualidade, Suprimentos, Meio Ambiente, Sa\u00fade &amp; Seguran\u00e7a e Responsabilidade Social da empresa. O uso dessa ferramenta oferece facilidades para Homologa\u00e7\u00e3o do Fornecedor, controle do n\u00edvel de atendimento aos requisitos internos e externos para produtos, servi\u00e7os e terceiros. Uma solu\u00e7\u00e3o \u00e1gil, integrada&#8230; <a class=\"view-article\" href=\"https:\/\/ambipar.com\/latam\/pt\/ambipar-environment\/softwares-de-gestao\/plataforma-de-gestao-e-homologacao-de-fornecedores\/\">Ver art\u00edculo<\/a>","protected":false},"author":1,"featured_media":317,"parent":310,"menu_order":0,"comment_status":"closed","ping_status":"closed","template":"single-servicos.php","meta":[],"yoast_head":"<!-- This site is optimized with the Yoast SEO plugin v17.6 - https:\/\/yoast.com\/wordpress\/plugins\/seo\/ -->\n<title>Conhe\u00e7a Plataforma de Gest\u00e3o e Homologa\u00e7\u00e3o de Fornecedores<\/title>\n<meta name=\"description\" content=\"Um sistema de Gest\u00e3o de Fornecedores pode ser direcionado \u00e0 Dire\u00e7\u00e3o, \u00e0 Equipe de Qualidade, Suprimentos, Meio Ambiente\" \/>\n<meta name=\"robots\" content=\"index, follow, max-snippet:-1, max-image-preview:large, max-video-preview:-1\" \/>\n<link rel=\"canonical\" href=\"https:\/\/ambipar.com\/latam\/pt\/ambipar-environment\/softwares-de-gestao\/plataforma-de-gestao-e-homologacao-de-fornecedores\/\" \/>\n<meta property=\"og:locale\" content=\"es_ES\" \/>\n<meta property=\"og:type\" content=\"article\" \/>\n<meta property=\"og:title\" content=\"Conhe\u00e7a Plataforma de Gest\u00e3o e Homologa\u00e7\u00e3o de Fornecedores\" \/>\n<meta property=\"og:description\" content=\"Um sistema de Gest\u00e3o de Fornecedores pode ser direcionado \u00e0 Dire\u00e7\u00e3o, \u00e0 Equipe de Qualidade, Suprimentos, Meio Ambiente\" \/>\n<meta property=\"og:url\" content=\"https:\/\/ambipar.com\/latam\/pt\/ambipar-environment\/softwares-de-gestao\/plataforma-de-gestao-e-homologacao-de-fornecedores\/\" \/>\n<meta property=\"og:site_name\" content=\"Ambipar. A l\u00edder em gest\u00e3o ambiental.\" \/>\n<meta property=\"article:modified_time\" content=\"2021-01-18T14:12:44+00:00\" \/>\n<meta property=\"og:image\" content=\"https:\/\/ambipar.com\/latam\/wp-content\/uploads\/2020\/10\/gestao3.jpg\" \/>\n\t<meta property=\"og:image:width\" content=\"1012\" \/>\n\t<meta property=\"og:image:height\" content=\"1008\" \/>\n<meta name=\"twitter:card\" content=\"summary_large_image\" \/>\n<meta name=\"twitter:label1\" content=\"Est. reading time\" \/>\n\t<meta name=\"twitter:data1\" content=\"1 minuto\" \/>\n<script type=\"application\/ld+json\" class=\"yoast-schema-graph\">{\"@context\":\"https:\/\/schema.org\",\"@graph\":[{\"@type\":\"Organization\",\"@id\":\"https:\/\/ambipar.com\/latam\/#organization\",\"name\":\"Ambipar\",\"url\":\"https:\/\/ambipar.com\/latam\/\",\"sameAs\":[],\"logo\":{\"@type\":\"ImageObject\",\"@id\":\"https:\/\/ambipar.com\/latam\/#logo\",\"inLanguage\":\"es-CL\",\"url\":\"https:\/\/ambipar.com\/latam\/wp-content\/uploads\/2020\/10\/ambipar_color.png\",\"contentUrl\":\"https:\/\/ambipar.com\/latam\/wp-content\/uploads\/2020\/10\/ambipar_color.png\",\"width\":174,\"height\":107,\"caption\":\"Ambipar\"},\"image\":{\"@id\":\"https:\/\/ambipar.com\/latam\/#logo\"}},{\"@type\":\"WebSite\",\"@id\":\"https:\/\/ambipar.com\/latam\/#website\",\"url\":\"https:\/\/ambipar.com\/latam\/\",\"name\":\"Ambipar. A l\\u00edder em gest\\u00e3o ambiental.\",\"description\":\"Pioneira em solu\\u00e7\\u00f5es ambientais, a Ambipar atua em todo o territ\\u00f3rio nacional oferecendo solu\\u00e7\\u00f5es integradas para toda a cadeia de neg\\u00f3cio.\",\"publisher\":{\"@id\":\"https:\/\/ambipar.com\/latam\/#organization\"},\"potentialAction\":[{\"@type\":\"SearchAction\",\"target\":{\"@type\":\"EntryPoint\",\"urlTemplate\":\"https:\/\/ambipar.com\/latam\/?s={search_term_string}\"},\"query-input\":\"required name=search_term_string\"}],\"inLanguage\":\"es-CL\"},{\"@type\":\"ImageObject\",\"@id\":\"https:\/\/ambipar.com\/latam\/pt\/ambipar-environment\/softwares-de-gestao\/plataforma-de-gestao-e-homologacao-de-fornecedores\/#primaryimage\",\"inLanguage\":\"es-CL\",\"url\":\"https:\/\/ambipar.com\/latam\/wp-content\/uploads\/2020\/10\/gestao3.jpg\",\"contentUrl\":\"https:\/\/ambipar.com\/latam\/wp-content\/uploads\/2020\/10\/gestao3.jpg\",\"width\":1012,\"height\":1008,\"caption\":\"gest\\u00e3o\"},{\"@type\":\"WebPage\",\"@id\":\"https:\/\/ambipar.com\/latam\/pt\/ambipar-environment\/softwares-de-gestao\/plataforma-de-gestao-e-homologacao-de-fornecedores\/#webpage\",\"url\":\"https:\/\/ambipar.com\/latam\/pt\/ambipar-environment\/softwares-de-gestao\/plataforma-de-gestao-e-homologacao-de-fornecedores\/\",\"name\":\"Conhe\\u00e7a Plataforma de Gest\\u00e3o e Homologa\\u00e7\\u00e3o de Fornecedores\",\"isPartOf\":{\"@id\":\"https:\/\/ambipar.com\/latam\/#website\"},\"primaryImageOfPage\":{\"@id\":\"https:\/\/ambipar.com\/latam\/pt\/ambipar-environment\/softwares-de-gestao\/plataforma-de-gestao-e-homologacao-de-fornecedores\/#primaryimage\"},\"datePublished\":\"2020-10-28T16:38:18+00:00\",\"dateModified\":\"2021-01-18T14:12:44+00:00\",\"description\":\"Um sistema de Gest\\u00e3o de Fornecedores pode ser direcionado \\u00e0 Dire\\u00e7\\u00e3o, \\u00e0 Equipe de Qualidade, Suprimentos, Meio Ambiente\",\"breadcrumb\":{\"@id\":\"https:\/\/ambipar.com\/latam\/pt\/ambipar-environment\/softwares-de-gestao\/plataforma-de-gestao-e-homologacao-de-fornecedores\/#breadcrumb\"},\"inLanguage\":\"es-CL\",\"potentialAction\":[{\"@type\":\"ReadAction\",\"target\":[\"https:\/\/ambipar.com\/latam\/pt\/ambipar-environment\/softwares-de-gestao\/plataforma-de-gestao-e-homologacao-de-fornecedores\/\"]}]},{\"@type\":\"BreadcrumbList\",\"@id\":\"https:\/\/ambipar.com\/latam\/pt\/ambipar-environment\/softwares-de-gestao\/plataforma-de-gestao-e-homologacao-de-fornecedores\/#breadcrumb\",\"itemListElement\":[{\"@type\":\"ListItem\",\"position\":1,\"name\":\"Home\",\"item\":\"https:\/\/ambipar.com\/latam\/\"},{\"@type\":\"ListItem\",\"position\":2,\"name\":\"Ambipar Environment\",\"item\":\"https:\/\/ambipar.com\/latam\/pt\/ambipar-environment\/\"},{\"@type\":\"ListItem\",\"position\":3,\"name\":\"Softwares de Gest\\u00e3o\",\"item\":\"https:\/\/ambipar.com\/latam\/pt\/ambipar-environment\/softwares-de-gestao\/\"},{\"@type\":\"ListItem\",\"position\":4,\"name\":\"Plataforma de Gest\\u00e3o e Homologa\\u00e7\\u00e3o de Fornecedores\"}]}]}<\/script>\n<!-- \/ Yoast SEO plugin. -->","yoast_head_json":{"title":"Conhe\u00e7a Plataforma de Gest\u00e3o e Homologa\u00e7\u00e3o de Fornecedores","description":"Um sistema de Gest\u00e3o de Fornecedores pode ser direcionado \u00e0 Dire\u00e7\u00e3o, \u00e0 Equipe de Qualidade, Suprimentos, Meio Ambiente","robots":{"index":"index","follow":"follow","max-snippet":"max-snippet:-1","max-image-preview":"max-image-preview:large","max-video-preview":"max-video-preview:-1"},"canonical":"https:\/\/ambipar.com\/latam\/pt\/ambipar-environment\/softwares-de-gestao\/plataforma-de-gestao-e-homologacao-de-fornecedores\/","og_locale":"es_ES","og_type":"article","og_title":"Conhe\u00e7a Plataforma de Gest\u00e3o e Homologa\u00e7\u00e3o de Fornecedores","og_description":"Um sistema de Gest\u00e3o de Fornecedores pode ser direcionado \u00e0 Dire\u00e7\u00e3o, \u00e0 Equipe de Qualidade, Suprimentos, Meio Ambiente","og_url":"https:\/\/ambipar.com\/latam\/pt\/ambipar-environment\/softwares-de-gestao\/plataforma-de-gestao-e-homologacao-de-fornecedores\/","og_site_name":"Ambipar. A l\u00edder em gest\u00e3o ambiental.","article_modified_time":"2021-01-18T14:12:44+00:00","og_image":[{"width":1012,"height":1008,"url":"https:\/\/ambipar.com\/latam\/wp-content\/uploads\/2020\/10\/gestao3.jpg","type":"image\/jpeg"}],"twitter_card":"summary_large_image","twitter_misc":{"Est. reading time":"1 minuto"},"schema":{"@context":"https:\/\/schema.org","@graph":[{"@type":"Organization","@id":"https:\/\/ambipar.com\/latam\/#organization","name":"Ambipar","url":"https:\/\/ambipar.com\/latam\/","sameAs":[],"logo":{"@type":"ImageObject","@id":"https:\/\/ambipar.com\/latam\/#logo","inLanguage":"es-CL","url":"https:\/\/ambipar.com\/latam\/wp-content\/uploads\/2020\/10\/ambipar_color.png","contentUrl":"https:\/\/ambipar.com\/latam\/wp-content\/uploads\/2020\/10\/ambipar_color.png","width":174,"height":107,"caption":"Ambipar"},"image":{"@id":"https:\/\/ambipar.com\/latam\/#logo"}},{"@type":"WebSite","@id":"https:\/\/ambipar.com\/latam\/#website","url":"https:\/\/ambipar.com\/latam\/","name":"Ambipar. A l\u00edder em gest\u00e3o ambiental.","description":"Pioneira em solu\u00e7\u00f5es ambientais, a Ambipar atua em todo o territ\u00f3rio nacional oferecendo solu\u00e7\u00f5es integradas para toda a cadeia de neg\u00f3cio.","publisher":{"@id":"https:\/\/ambipar.com\/latam\/#organization"},"potentialAction":[{"@type":"SearchAction","target":{"@type":"EntryPoint","urlTemplate":"https:\/\/ambipar.com\/latam\/?s={search_term_string}"},"query-input":"required name=search_term_string"}],"inLanguage":"es-CL"},{"@type":"ImageObject","@id":"https:\/\/ambipar.com\/latam\/pt\/ambipar-environment\/softwares-de-gestao\/plataforma-de-gestao-e-homologacao-de-fornecedores\/#primaryimage","inLanguage":"es-CL","url":"https:\/\/ambipar.com\/latam\/wp-content\/uploads\/2020\/10\/gestao3.jpg","contentUrl":"https:\/\/ambipar.com\/latam\/wp-content\/uploads\/2020\/10\/gestao3.jpg","width":1012,"height":1008,"caption":"gest\u00e3o"},{"@type":"WebPage","@id":"https:\/\/ambipar.com\/latam\/pt\/ambipar-environment\/softwares-de-gestao\/plataforma-de-gestao-e-homologacao-de-fornecedores\/#webpage","url":"https:\/\/ambipar.com\/latam\/pt\/ambipar-environment\/softwares-de-gestao\/plataforma-de-gestao-e-homologacao-de-fornecedores\/","name":"Conhe\u00e7a Plataforma de Gest\u00e3o e Homologa\u00e7\u00e3o de Fornecedores","isPartOf":{"@id":"https:\/\/ambipar.com\/latam\/#website"},"primaryImageOfPage":{"@id":"https:\/\/ambipar.com\/latam\/pt\/ambipar-environment\/softwares-de-gestao\/plataforma-de-gestao-e-homologacao-de-fornecedores\/#primaryimage"},"datePublished":"2020-10-28T16:38:18+00:00","dateModified":"2021-01-18T14:12:44+00:00","description":"Um sistema de Gest\u00e3o de Fornecedores pode ser direcionado \u00e0 Dire\u00e7\u00e3o, \u00e0 Equipe de Qualidade, Suprimentos, Meio Ambiente","breadcrumb":{"@id":"https:\/\/ambipar.com\/latam\/pt\/ambipar-environment\/softwares-de-gestao\/plataforma-de-gestao-e-homologacao-de-fornecedores\/#breadcrumb"},"inLanguage":"es-CL","potentialAction":[{"@type":"ReadAction","target":["https:\/\/ambipar.com\/latam\/pt\/ambipar-environment\/softwares-de-gestao\/plataforma-de-gestao-e-homologacao-de-fornecedores\/"]}]},{"@type":"BreadcrumbList","@id":"https:\/\/ambipar.com\/latam\/pt\/ambipar-environment\/softwares-de-gestao\/plataforma-de-gestao-e-homologacao-de-fornecedores\/#breadcrumb","itemListElement":[{"@type":"ListItem","position":1,"name":"Home","item":"https:\/\/ambipar.com\/latam\/"},{"@type":"ListItem","position":2,"name":"Ambipar Environment","item":"https:\/\/ambipar.com\/latam\/pt\/ambipar-environment\/"},{"@type":"ListItem","position":3,"name":"Softwares de Gest\u00e3o","item":"https:\/\/ambipar.com\/latam\/pt\/ambipar-environment\/softwares-de-gestao\/"},{"@type":"ListItem","position":4,"name":"Plataforma de Gest\u00e3o e Homologa\u00e7\u00e3o de Fornecedores"}]}]}},"_links":{"self":[{"href":"https:\/\/ambipar.com\/latam\/wp-json\/wp\/v2\/pages\/312"}],"collection":[{"href":"https:\/\/ambipar.com\/latam\/wp-json\/wp\/v2\/pages"}],"about":[{"href":"https:\/\/ambipar.com\/latam\/wp-json\/wp\/v2\/types\/page"}],"author":[{"embeddable":true,"href":"https:\/\/ambipar.com\/latam\/wp-json\/wp\/v2\/users\/1"}],"replies":[{"embeddable":true,"href":"https:\/\/ambipar.com\/latam\/wp-json\/wp\/v2\/comments?post=312"}],"version-history":[{"count":6,"href":"https:\/\/ambipar.com\/latam\/wp-json\/wp\/v2\/pages\/312\/revisions"}],"predecessor-version":[{"id":3284,"href":"https:\/\/ambipar.com\/latam\/wp-json\/wp\/v2\/pages\/312\/revisions\/3284"}],"up":[{"embeddable":true,"href":"https:\/\/ambipar.com\/latam\/wp-json\/wp\/v2\/pages\/310"}],"wp:featuredmedia":[{"embeddable":true,"href":"https:\/\/ambipar.com\/latam\/wp-json\/wp\/v2\/media\/317"}],"wp:attachment":[{"href":"https:\/\/ambipar.com\/latam\/wp-json\/wp\/v2\/media?parent=312"}],"curies":[{"name":"wp","href":"https:\/\/api.w.org\/{rel}","templated":true}]}}