{"id":322,"date":"2020-10-27T15:11:00","date_gmt":"2020-10-27T18:11:00","guid":{"rendered":"https:\/\/ambipar.com\/latam\/?page_id=322"},"modified":"2021-01-18T11:13:15","modified_gmt":"2021-01-18T14:13:15","slug":"gestao-e-tratamento-das-nao-conformidades-midas","status":"publish","type":"page","link":"https:\/\/ambipar.com\/latam\/pt\/ambipar-environment\/softwares-de-gestao\/gestao-e-tratamento-das-nao-conformidades-midas\/","title":{"rendered":"Gest\u00e3o e tratamento das N\u00e3o Conformidades"},"content":{"rendered":"\n<p>Este software faz a Gest\u00e3o e tratamento das N\u00e3o Conformidades, Oportunidades de Melhoria, Observa\u00e7\u00f5es, Autua\u00e7\u00f5es, Multas ou quaisquer Eventos da Organiza\u00e7\u00e3o.<\/p>\n\n\n\n<p>Principais benef\u00edcios:<\/p>\n\n\n\n<ul><li>Dashboard para demonstrar ao gestor o status das Ocorr\u00eancias da empresa<\/li><li>Gest\u00e3o participativa no tratamento das ocorr\u00eancias<\/li><li>Relat\u00f3rios gerenciais<\/li><li>Op\u00e7\u00f5es das metodologias de an\u00e1lise de causa: 5 porqu\u00eas, Diagrama de Ishikawa (6M) e An\u00e1lise de Causa Raiz (RCA), para atender \u00e0 necessidade de cada empresa<\/li><li>Hist\u00f3rico de altera\u00e7\u00f5es das a\u00e7\u00f5es dentro do Sistema, garantindo maior rastreabilidade do Gestor<\/li><li>Integra\u00e7\u00f5es com os demais Sistemas<\/li><\/ul>\n\n\n\n<p>Veja tamb\u00e9m:<\/p>\n\n\n\n<ul id=\"block-dc8e3340-cf7e-4418-97cf-9b70f5359851\"><li><a href=\"https:\/\/ambipar.com\/latam\/ambipar-environment\/softwares-de-gestao\/linha-sanitizante\/\">Plataforma de Gest\u00e3o e Homologa\u00e7\u00e3o de Fornecedores<\/a><\/li><li><a href=\"https:\/\/ambipar.com\/latam\/ambipar-environment\/softwares-de-gestao\/levantamento-e-monitoramento-dos-requisitos-legais-aplicaveis-legalbusiness\/\">Levantamento e Monitoramento dos Requisitos Legais Aplic\u00e1veis<\/a><\/li><li><a href=\"https:\/\/ambipar.com\/latam\/ambipar-environment\/softwares-de-gestao\/gestao-e-analises-de-riscos-ocupacionais-e-ambientais\/\">Gest\u00e3o e An\u00e1lises de Riscos Ocupacionais e Ambientais<\/a><\/li><li><a href=\"https:\/\/ambipar.com\/latam\/ambipar-environment\/softwares-de-gestao\/gestao-e-controle-de-documentos-siga\/\">Gest\u00e3o e controle de documentos<\/a><\/li><li><a href=\"https:\/\/ambipar.com\/latam\/ambipar-environment\/softwares-de-gestao\/gestao-dos-residuos-monitor\/\">Gest\u00e3o dos res\u00edduos<\/a><\/li><\/ul>\n\n\n\n<p><\/p>\n","protected":false},"excerpt":{"rendered":"Este software faz a Gest\u00e3o e tratamento das N\u00e3o Conformidades, Oportunidades de Melhoria, Observa\u00e7\u00f5es, Autua\u00e7\u00f5es, Multas ou quaisquer Eventos da Organiza\u00e7\u00e3o. Principais benef\u00edcios: Dashboard para demonstrar ao gestor o status das Ocorr\u00eancias da empresa Gest\u00e3o participativa no tratamento das ocorr\u00eancias Relat\u00f3rios gerenciais Op\u00e7\u00f5es das metodologias de an\u00e1lise de causa: 5 porqu\u00eas, Diagrama de Ishikawa (6M)&#8230; <a class=\"view-article\" href=\"https:\/\/ambipar.com\/latam\/pt\/ambipar-environment\/softwares-de-gestao\/gestao-e-tratamento-das-nao-conformidades-midas\/\">Ver art\u00edculo<\/a>","protected":false},"author":1,"featured_media":319,"parent":310,"menu_order":0,"comment_status":"closed","ping_status":"closed","template":"single-servicos.php","meta":[],"yoast_head":"<!-- This site is optimized with the Yoast SEO plugin v17.6 - https:\/\/yoast.com\/wordpress\/plugins\/seo\/ -->\n<title>Conhe\u00e7a Gest\u00e3o e tratamento das N\u00e3o Conformidades da Ambipar<\/title>\n<meta name=\"description\" content=\"Este software faz a Gest\u00e3o e tratamento das N\u00e3o Conformidades, Oportunidades de Melhoria, Observa\u00e7\u00f5es, Autua\u00e7\u00f5es, Multas\" \/>\n<meta name=\"robots\" content=\"index, follow, max-snippet:-1, max-image-preview:large, max-video-preview:-1\" \/>\n<link rel=\"canonical\" href=\"https:\/\/ambipar.com\/latam\/pt\/ambipar-environment\/softwares-de-gestao\/gestao-e-tratamento-das-nao-conformidades-midas\/\" \/>\n<meta property=\"og:locale\" content=\"es_ES\" \/>\n<meta property=\"og:type\" content=\"article\" \/>\n<meta property=\"og:title\" content=\"Conhe\u00e7a Gest\u00e3o e tratamento das N\u00e3o Conformidades da Ambipar\" \/>\n<meta property=\"og:description\" content=\"Este software faz a Gest\u00e3o e tratamento das N\u00e3o Conformidades, Oportunidades de Melhoria, Observa\u00e7\u00f5es, Autua\u00e7\u00f5es, Multas\" \/>\n<meta property=\"og:url\" content=\"https:\/\/ambipar.com\/latam\/pt\/ambipar-environment\/softwares-de-gestao\/gestao-e-tratamento-das-nao-conformidades-midas\/\" \/>\n<meta property=\"og:site_name\" content=\"Ambipar. A l\u00edder em gest\u00e3o ambiental.\" \/>\n<meta property=\"article:modified_time\" content=\"2021-01-18T14:13:15+00:00\" \/>\n<meta property=\"og:image\" content=\"https:\/\/ambipar.com\/latam\/wp-content\/uploads\/2020\/10\/gestao5.jpg\" \/>\n\t<meta property=\"og:image:width\" content=\"1000\" \/>\n\t<meta property=\"og:image:height\" content=\"1004\" \/>\n<meta name=\"twitter:card\" content=\"summary_large_image\" \/>\n<meta name=\"twitter:label1\" content=\"Est. reading time\" \/>\n\t<meta name=\"twitter:data1\" content=\"1 minuto\" \/>\n<script type=\"application\/ld+json\" class=\"yoast-schema-graph\">{\"@context\":\"https:\/\/schema.org\",\"@graph\":[{\"@type\":\"Organization\",\"@id\":\"https:\/\/ambipar.com\/latam\/#organization\",\"name\":\"Ambipar\",\"url\":\"https:\/\/ambipar.com\/latam\/\",\"sameAs\":[],\"logo\":{\"@type\":\"ImageObject\",\"@id\":\"https:\/\/ambipar.com\/latam\/#logo\",\"inLanguage\":\"es-CL\",\"url\":\"https:\/\/ambipar.com\/latam\/wp-content\/uploads\/2020\/10\/ambipar_color.png\",\"contentUrl\":\"https:\/\/ambipar.com\/latam\/wp-content\/uploads\/2020\/10\/ambipar_color.png\",\"width\":174,\"height\":107,\"caption\":\"Ambipar\"},\"image\":{\"@id\":\"https:\/\/ambipar.com\/latam\/#logo\"}},{\"@type\":\"WebSite\",\"@id\":\"https:\/\/ambipar.com\/latam\/#website\",\"url\":\"https:\/\/ambipar.com\/latam\/\",\"name\":\"Ambipar. A l\\u00edder em gest\\u00e3o ambiental.\",\"description\":\"Pioneira em solu\\u00e7\\u00f5es ambientais, a Ambipar atua em todo o territ\\u00f3rio nacional oferecendo solu\\u00e7\\u00f5es integradas para toda a cadeia de neg\\u00f3cio.\",\"publisher\":{\"@id\":\"https:\/\/ambipar.com\/latam\/#organization\"},\"potentialAction\":[{\"@type\":\"SearchAction\",\"target\":{\"@type\":\"EntryPoint\",\"urlTemplate\":\"https:\/\/ambipar.com\/latam\/?s={search_term_string}\"},\"query-input\":\"required name=search_term_string\"}],\"inLanguage\":\"es-CL\"},{\"@type\":\"ImageObject\",\"@id\":\"https:\/\/ambipar.com\/latam\/pt\/ambipar-environment\/softwares-de-gestao\/gestao-e-tratamento-das-nao-conformidades-midas\/#primaryimage\",\"inLanguage\":\"es-CL\",\"url\":\"https:\/\/ambipar.com\/latam\/wp-content\/uploads\/2020\/10\/gestao5.jpg\",\"contentUrl\":\"https:\/\/ambipar.com\/latam\/wp-content\/uploads\/2020\/10\/gestao5.jpg\",\"width\":1000,\"height\":1004,\"caption\":\"gest\\u00e3o\"},{\"@type\":\"WebPage\",\"@id\":\"https:\/\/ambipar.com\/latam\/pt\/ambipar-environment\/softwares-de-gestao\/gestao-e-tratamento-das-nao-conformidades-midas\/#webpage\",\"url\":\"https:\/\/ambipar.com\/latam\/pt\/ambipar-environment\/softwares-de-gestao\/gestao-e-tratamento-das-nao-conformidades-midas\/\",\"name\":\"Conhe\\u00e7a Gest\\u00e3o e tratamento das N\\u00e3o Conformidades da Ambipar\",\"isPartOf\":{\"@id\":\"https:\/\/ambipar.com\/latam\/#website\"},\"primaryImageOfPage\":{\"@id\":\"https:\/\/ambipar.com\/latam\/pt\/ambipar-environment\/softwares-de-gestao\/gestao-e-tratamento-das-nao-conformidades-midas\/#primaryimage\"},\"datePublished\":\"2020-10-27T18:11:00+00:00\",\"dateModified\":\"2021-01-18T14:13:15+00:00\",\"description\":\"Este software faz a Gest\\u00e3o e tratamento das N\\u00e3o Conformidades, Oportunidades de Melhoria, Observa\\u00e7\\u00f5es, Autua\\u00e7\\u00f5es, Multas\",\"breadcrumb\":{\"@id\":\"https:\/\/ambipar.com\/latam\/pt\/ambipar-environment\/softwares-de-gestao\/gestao-e-tratamento-das-nao-conformidades-midas\/#breadcrumb\"},\"inLanguage\":\"es-CL\",\"potentialAction\":[{\"@type\":\"ReadAction\",\"target\":[\"https:\/\/ambipar.com\/latam\/pt\/ambipar-environment\/softwares-de-gestao\/gestao-e-tratamento-das-nao-conformidades-midas\/\"]}]},{\"@type\":\"BreadcrumbList\",\"@id\":\"https:\/\/ambipar.com\/latam\/pt\/ambipar-environment\/softwares-de-gestao\/gestao-e-tratamento-das-nao-conformidades-midas\/#breadcrumb\",\"itemListElement\":[{\"@type\":\"ListItem\",\"position\":1,\"name\":\"Home\",\"item\":\"https:\/\/ambipar.com\/latam\/\"},{\"@type\":\"ListItem\",\"position\":2,\"name\":\"Ambipar Environment\",\"item\":\"https:\/\/ambipar.com\/latam\/pt\/ambipar-environment\/\"},{\"@type\":\"ListItem\",\"position\":3,\"name\":\"Softwares de Gest\\u00e3o\",\"item\":\"https:\/\/ambipar.com\/latam\/pt\/ambipar-environment\/softwares-de-gestao\/\"},{\"@type\":\"ListItem\",\"position\":4,\"name\":\"Gest\\u00e3o e tratamento das N\\u00e3o Conformidades\"}]}]}<\/script>\n<!-- \/ Yoast SEO plugin. -->","yoast_head_json":{"title":"Conhe\u00e7a Gest\u00e3o e tratamento das N\u00e3o Conformidades da Ambipar","description":"Este software faz a Gest\u00e3o e tratamento das N\u00e3o Conformidades, Oportunidades de Melhoria, Observa\u00e7\u00f5es, Autua\u00e7\u00f5es, Multas","robots":{"index":"index","follow":"follow","max-snippet":"max-snippet:-1","max-image-preview":"max-image-preview:large","max-video-preview":"max-video-preview:-1"},"canonical":"https:\/\/ambipar.com\/latam\/pt\/ambipar-environment\/softwares-de-gestao\/gestao-e-tratamento-das-nao-conformidades-midas\/","og_locale":"es_ES","og_type":"article","og_title":"Conhe\u00e7a Gest\u00e3o e tratamento das N\u00e3o Conformidades da Ambipar","og_description":"Este software faz a Gest\u00e3o e tratamento das N\u00e3o Conformidades, Oportunidades de Melhoria, Observa\u00e7\u00f5es, Autua\u00e7\u00f5es, Multas","og_url":"https:\/\/ambipar.com\/latam\/pt\/ambipar-environment\/softwares-de-gestao\/gestao-e-tratamento-das-nao-conformidades-midas\/","og_site_name":"Ambipar. A l\u00edder em gest\u00e3o ambiental.","article_modified_time":"2021-01-18T14:13:15+00:00","og_image":[{"width":1000,"height":1004,"url":"https:\/\/ambipar.com\/latam\/wp-content\/uploads\/2020\/10\/gestao5.jpg","type":"image\/jpeg"}],"twitter_card":"summary_large_image","twitter_misc":{"Est. reading time":"1 minuto"},"schema":{"@context":"https:\/\/schema.org","@graph":[{"@type":"Organization","@id":"https:\/\/ambipar.com\/latam\/#organization","name":"Ambipar","url":"https:\/\/ambipar.com\/latam\/","sameAs":[],"logo":{"@type":"ImageObject","@id":"https:\/\/ambipar.com\/latam\/#logo","inLanguage":"es-CL","url":"https:\/\/ambipar.com\/latam\/wp-content\/uploads\/2020\/10\/ambipar_color.png","contentUrl":"https:\/\/ambipar.com\/latam\/wp-content\/uploads\/2020\/10\/ambipar_color.png","width":174,"height":107,"caption":"Ambipar"},"image":{"@id":"https:\/\/ambipar.com\/latam\/#logo"}},{"@type":"WebSite","@id":"https:\/\/ambipar.com\/latam\/#website","url":"https:\/\/ambipar.com\/latam\/","name":"Ambipar. A l\u00edder em gest\u00e3o ambiental.","description":"Pioneira em solu\u00e7\u00f5es ambientais, a Ambipar atua em todo o territ\u00f3rio nacional oferecendo solu\u00e7\u00f5es integradas para toda a cadeia de neg\u00f3cio.","publisher":{"@id":"https:\/\/ambipar.com\/latam\/#organization"},"potentialAction":[{"@type":"SearchAction","target":{"@type":"EntryPoint","urlTemplate":"https:\/\/ambipar.com\/latam\/?s={search_term_string}"},"query-input":"required name=search_term_string"}],"inLanguage":"es-CL"},{"@type":"ImageObject","@id":"https:\/\/ambipar.com\/latam\/pt\/ambipar-environment\/softwares-de-gestao\/gestao-e-tratamento-das-nao-conformidades-midas\/#primaryimage","inLanguage":"es-CL","url":"https:\/\/ambipar.com\/latam\/wp-content\/uploads\/2020\/10\/gestao5.jpg","contentUrl":"https:\/\/ambipar.com\/latam\/wp-content\/uploads\/2020\/10\/gestao5.jpg","width":1000,"height":1004,"caption":"gest\u00e3o"},{"@type":"WebPage","@id":"https:\/\/ambipar.com\/latam\/pt\/ambipar-environment\/softwares-de-gestao\/gestao-e-tratamento-das-nao-conformidades-midas\/#webpage","url":"https:\/\/ambipar.com\/latam\/pt\/ambipar-environment\/softwares-de-gestao\/gestao-e-tratamento-das-nao-conformidades-midas\/","name":"Conhe\u00e7a Gest\u00e3o e tratamento das N\u00e3o Conformidades da Ambipar","isPartOf":{"@id":"https:\/\/ambipar.com\/latam\/#website"},"primaryImageOfPage":{"@id":"https:\/\/ambipar.com\/latam\/pt\/ambipar-environment\/softwares-de-gestao\/gestao-e-tratamento-das-nao-conformidades-midas\/#primaryimage"},"datePublished":"2020-10-27T18:11:00+00:00","dateModified":"2021-01-18T14:13:15+00:00","description":"Este software faz a Gest\u00e3o e tratamento das N\u00e3o Conformidades, Oportunidades de Melhoria, Observa\u00e7\u00f5es, Autua\u00e7\u00f5es, Multas","breadcrumb":{"@id":"https:\/\/ambipar.com\/latam\/pt\/ambipar-environment\/softwares-de-gestao\/gestao-e-tratamento-das-nao-conformidades-midas\/#breadcrumb"},"inLanguage":"es-CL","potentialAction":[{"@type":"ReadAction","target":["https:\/\/ambipar.com\/latam\/pt\/ambipar-environment\/softwares-de-gestao\/gestao-e-tratamento-das-nao-conformidades-midas\/"]}]},{"@type":"BreadcrumbList","@id":"https:\/\/ambipar.com\/latam\/pt\/ambipar-environment\/softwares-de-gestao\/gestao-e-tratamento-das-nao-conformidades-midas\/#breadcrumb","itemListElement":[{"@type":"ListItem","position":1,"name":"Home","item":"https:\/\/ambipar.com\/latam\/"},{"@type":"ListItem","position":2,"name":"Ambipar Environment","item":"https:\/\/ambipar.com\/latam\/pt\/ambipar-environment\/"},{"@type":"ListItem","position":3,"name":"Softwares de Gest\u00e3o","item":"https:\/\/ambipar.com\/latam\/pt\/ambipar-environment\/softwares-de-gestao\/"},{"@type":"ListItem","position":4,"name":"Gest\u00e3o e tratamento das N\u00e3o Conformidades"}]}]}},"_links":{"self":[{"href":"https:\/\/ambipar.com\/latam\/wp-json\/wp\/v2\/pages\/322"}],"collection":[{"href":"https:\/\/ambipar.com\/latam\/wp-json\/wp\/v2\/pages"}],"about":[{"href":"https:\/\/ambipar.com\/latam\/wp-json\/wp\/v2\/types\/page"}],"author":[{"embeddable":true,"href":"https:\/\/ambipar.com\/latam\/wp-json\/wp\/v2\/users\/1"}],"replies":[{"embeddable":true,"href":"https:\/\/ambipar.com\/latam\/wp-json\/wp\/v2\/comments?post=322"}],"version-history":[{"count":4,"href":"https:\/\/ambipar.com\/latam\/wp-json\/wp\/v2\/pages\/322\/revisions"}],"predecessor-version":[{"id":3285,"href":"https:\/\/ambipar.com\/latam\/wp-json\/wp\/v2\/pages\/322\/revisions\/3285"}],"up":[{"embeddable":true,"href":"https:\/\/ambipar.com\/latam\/wp-json\/wp\/v2\/pages\/310"}],"wp:featuredmedia":[{"embeddable":true,"href":"https:\/\/ambipar.com\/latam\/wp-json\/wp\/v2\/media\/319"}],"wp:attachment":[{"href":"https:\/\/ambipar.com\/latam\/wp-json\/wp\/v2\/media?parent=322"}],"curies":[{"name":"wp","href":"https:\/\/api.w.org\/{rel}","templated":true}]}}