{"id":325,"date":"2020-10-27T15:22:00","date_gmt":"2020-10-27T18:22:00","guid":{"rendered":"https:\/\/ambipar.com\/latam\/?page_id=325"},"modified":"2021-01-18T11:12:04","modified_gmt":"2021-01-18T14:12:04","slug":"levantamento-e-monitoramento-dos-requisitos-legais-aplicaveis-legalbusiness","status":"publish","type":"page","link":"https:\/\/ambipar.com\/latam\/pt\/ambipar-environment\/softwares-de-gestao\/levantamento-e-monitoramento-dos-requisitos-legais-aplicaveis-legalbusiness\/","title":{"rendered":"Levantamento e Monitoramento dos Requisitos Legais Aplic\u00e1veis"},"content":{"rendered":"\n<p>Este sistema tem por finalidade a identifica\u00e7\u00e3o, an\u00e1lise e monitoramento da legisla\u00e7\u00e3o aplic\u00e1vel ao neg\u00f3cio do cliente, proporcionando \u00e0s organiza\u00e7\u00f5es uma economia de tempo e dinheiro aliada a seguran\u00e7a da continuidade de seus neg\u00f3cios com responsabilidade ambiental, social e respeito \u00e0 vida. <\/p>\n\n\n\n<p>Principais benef\u00edcios:<\/p>\n\n\n\n<ul><li>Identifica\u00e7\u00e3o precisa das normas aplic\u00e1veis ao neg\u00f3cio da empresa<\/li><li>Preven\u00e7\u00e3o \u00e0 multas, embargos e outras penalidades \u00e0 empresa<\/li><li>Relat\u00f3rios individuais e corporativos<\/li><li>Suportado por equipe experiente<\/li><li>Atendimento ao escopo das normas 9001, 14001, OSHAS, SA 8000, FSSC 22000, 50001, FSC CERFLOR, BONSUCRO e outras normas<\/li><li>O levantamento e monitoramento dos requisitos legais pode ser oferecido com o levantamento dos riscos pelo descumprimento de cada uma das normas (multas e san\u00e7\u00f5es)<\/li><li>Na vers\u00e3o &#8220;<strong>Risco Jur\u00eddico<\/strong>&#8221; \u00e9 poss\u00edvel: obter relat\u00f3rios de risco jur\u00eddico, priorizar o atendimento das normas mais cr\u00edticas e  quantificar preju\u00edzos decorrente do descumprimento de normas<\/li><\/ul>\n\n\n\n<p>Veja tamb\u00e9m:<\/p>\n\n\n\n<ul id=\"block-dc8e3340-cf7e-4418-97cf-9b70f5359851\"><li><a href=\"https:\/\/ambipar.com\/latam\/ambipar-environment\/softwares-de-gestao\/linha-sanitizante\/\">Plataforma de Gest\u00e3o e Homologa\u00e7\u00e3o de Fornecedores<\/a><\/li><li><a href=\"https:\/\/ambipar.com\/latam\/ambipar-environment\/softwares-de-gestao\/gestao-e-tratamento-das-nao-conformidades-midas\/\">Gest\u00e3o e tratamento das N\u00e3o Conformidades<\/a><\/li><li><a href=\"https:\/\/ambipar.com\/latam\/ambipar-environment\/softwares-de-gestao\/gestao-e-analises-de-riscos-ocupacionais-e-ambientais\/\">Gest\u00e3o e An\u00e1lises de Riscos Ocupacionais e Ambientais<\/a><\/li><li><a href=\"https:\/\/ambipar.com\/latam\/ambipar-environment\/softwares-de-gestao\/gestao-e-controle-de-documentos-siga\/\">Gest\u00e3o e controle de documentos<\/a><\/li><li><a href=\"https:\/\/ambipar.com\/latam\/ambipar-environment\/softwares-de-gestao\/gestao-dos-residuos-monitor\/\">Gest\u00e3o dos res\u00edduos<\/a><\/li><\/ul>\n\n\n\n<p><\/p>\n","protected":false},"excerpt":{"rendered":"Este sistema tem por finalidade a identifica\u00e7\u00e3o, an\u00e1lise e monitoramento da legisla\u00e7\u00e3o aplic\u00e1vel ao neg\u00f3cio do cliente, proporcionando \u00e0s organiza\u00e7\u00f5es uma economia de tempo e dinheiro aliada a seguran\u00e7a da continuidade de seus neg\u00f3cios com responsabilidade ambiental, social e respeito \u00e0 vida. Principais benef\u00edcios: Identifica\u00e7\u00e3o precisa das normas aplic\u00e1veis ao neg\u00f3cio da empresa Preven\u00e7\u00e3o \u00e0&#8230; <a class=\"view-article\" href=\"https:\/\/ambipar.com\/latam\/pt\/ambipar-environment\/softwares-de-gestao\/levantamento-e-monitoramento-dos-requisitos-legais-aplicaveis-legalbusiness\/\">Ver art\u00edculo<\/a>","protected":false},"author":1,"featured_media":315,"parent":310,"menu_order":0,"comment_status":"closed","ping_status":"closed","template":"single-servicos.php","meta":[],"yoast_head":"<!-- This site is optimized with the Yoast SEO plugin v17.6 - https:\/\/yoast.com\/wordpress\/plugins\/seo\/ -->\n<title>Levantamento e Monitoramento dos Requisitos Legais Aplic\u00e1veis<\/title>\n<meta name=\"description\" content=\"Tem por finalidade a identifica\u00e7\u00e3o, an\u00e1lise e monitoramento da legisla\u00e7\u00e3o aplic\u00e1vel ao neg\u00f3cio do cliente, proporcionando economia\" \/>\n<meta name=\"robots\" content=\"index, follow, max-snippet:-1, max-image-preview:large, max-video-preview:-1\" \/>\n<link rel=\"canonical\" href=\"https:\/\/ambipar.com\/latam\/pt\/ambipar-environment\/softwares-de-gestao\/levantamento-e-monitoramento-dos-requisitos-legais-aplicaveis-legalbusiness\/\" \/>\n<meta property=\"og:locale\" content=\"es_ES\" \/>\n<meta property=\"og:type\" content=\"article\" \/>\n<meta property=\"og:title\" content=\"Levantamento e Monitoramento dos Requisitos Legais Aplic\u00e1veis\" \/>\n<meta property=\"og:description\" content=\"Tem por finalidade a identifica\u00e7\u00e3o, an\u00e1lise e monitoramento da legisla\u00e7\u00e3o aplic\u00e1vel ao neg\u00f3cio do cliente, proporcionando economia\" \/>\n<meta property=\"og:url\" content=\"https:\/\/ambipar.com\/latam\/pt\/ambipar-environment\/softwares-de-gestao\/levantamento-e-monitoramento-dos-requisitos-legais-aplicaveis-legalbusiness\/\" \/>\n<meta property=\"og:site_name\" content=\"Ambipar. A l\u00edder em gest\u00e3o ambiental.\" \/>\n<meta property=\"article:modified_time\" content=\"2021-01-18T14:12:04+00:00\" \/>\n<meta property=\"og:image\" content=\"https:\/\/ambipar.com\/latam\/wp-content\/uploads\/2020\/10\/gestao6.jpg\" \/>\n\t<meta property=\"og:image:width\" content=\"1004\" \/>\n\t<meta property=\"og:image:height\" content=\"1016\" \/>\n<meta name=\"twitter:card\" content=\"summary_large_image\" \/>\n<meta name=\"twitter:label1\" content=\"Est. reading time\" \/>\n\t<meta name=\"twitter:data1\" content=\"1 minuto\" \/>\n<script type=\"application\/ld+json\" class=\"yoast-schema-graph\">{\"@context\":\"https:\/\/schema.org\",\"@graph\":[{\"@type\":\"Organization\",\"@id\":\"https:\/\/ambipar.com\/latam\/#organization\",\"name\":\"Ambipar\",\"url\":\"https:\/\/ambipar.com\/latam\/\",\"sameAs\":[],\"logo\":{\"@type\":\"ImageObject\",\"@id\":\"https:\/\/ambipar.com\/latam\/#logo\",\"inLanguage\":\"es-CL\",\"url\":\"https:\/\/ambipar.com\/latam\/wp-content\/uploads\/2020\/10\/ambipar_color.png\",\"contentUrl\":\"https:\/\/ambipar.com\/latam\/wp-content\/uploads\/2020\/10\/ambipar_color.png\",\"width\":174,\"height\":107,\"caption\":\"Ambipar\"},\"image\":{\"@id\":\"https:\/\/ambipar.com\/latam\/#logo\"}},{\"@type\":\"WebSite\",\"@id\":\"https:\/\/ambipar.com\/latam\/#website\",\"url\":\"https:\/\/ambipar.com\/latam\/\",\"name\":\"Ambipar. A l\\u00edder em gest\\u00e3o ambiental.\",\"description\":\"Pioneira em solu\\u00e7\\u00f5es ambientais, a Ambipar atua em todo o territ\\u00f3rio nacional oferecendo solu\\u00e7\\u00f5es integradas para toda a cadeia de neg\\u00f3cio.\",\"publisher\":{\"@id\":\"https:\/\/ambipar.com\/latam\/#organization\"},\"potentialAction\":[{\"@type\":\"SearchAction\",\"target\":{\"@type\":\"EntryPoint\",\"urlTemplate\":\"https:\/\/ambipar.com\/latam\/?s={search_term_string}\"},\"query-input\":\"required name=search_term_string\"}],\"inLanguage\":\"es-CL\"},{\"@type\":\"ImageObject\",\"@id\":\"https:\/\/ambipar.com\/latam\/pt\/ambipar-environment\/softwares-de-gestao\/levantamento-e-monitoramento-dos-requisitos-legais-aplicaveis-legalbusiness\/#primaryimage\",\"inLanguage\":\"es-CL\",\"url\":\"https:\/\/ambipar.com\/latam\/wp-content\/uploads\/2020\/10\/gestao6.jpg\",\"contentUrl\":\"https:\/\/ambipar.com\/latam\/wp-content\/uploads\/2020\/10\/gestao6.jpg\",\"width\":1004,\"height\":1016,\"caption\":\"gest\\u00e3o\"},{\"@type\":\"WebPage\",\"@id\":\"https:\/\/ambipar.com\/latam\/pt\/ambipar-environment\/softwares-de-gestao\/levantamento-e-monitoramento-dos-requisitos-legais-aplicaveis-legalbusiness\/#webpage\",\"url\":\"https:\/\/ambipar.com\/latam\/pt\/ambipar-environment\/softwares-de-gestao\/levantamento-e-monitoramento-dos-requisitos-legais-aplicaveis-legalbusiness\/\",\"name\":\"Levantamento e Monitoramento dos Requisitos Legais Aplic\\u00e1veis\",\"isPartOf\":{\"@id\":\"https:\/\/ambipar.com\/latam\/#website\"},\"primaryImageOfPage\":{\"@id\":\"https:\/\/ambipar.com\/latam\/pt\/ambipar-environment\/softwares-de-gestao\/levantamento-e-monitoramento-dos-requisitos-legais-aplicaveis-legalbusiness\/#primaryimage\"},\"datePublished\":\"2020-10-27T18:22:00+00:00\",\"dateModified\":\"2021-01-18T14:12:04+00:00\",\"description\":\"Tem por finalidade a identifica\\u00e7\\u00e3o, an\\u00e1lise e monitoramento da legisla\\u00e7\\u00e3o aplic\\u00e1vel ao neg\\u00f3cio do cliente, proporcionando economia\",\"breadcrumb\":{\"@id\":\"https:\/\/ambipar.com\/latam\/pt\/ambipar-environment\/softwares-de-gestao\/levantamento-e-monitoramento-dos-requisitos-legais-aplicaveis-legalbusiness\/#breadcrumb\"},\"inLanguage\":\"es-CL\",\"potentialAction\":[{\"@type\":\"ReadAction\",\"target\":[\"https:\/\/ambipar.com\/latam\/pt\/ambipar-environment\/softwares-de-gestao\/levantamento-e-monitoramento-dos-requisitos-legais-aplicaveis-legalbusiness\/\"]}]},{\"@type\":\"BreadcrumbList\",\"@id\":\"https:\/\/ambipar.com\/latam\/pt\/ambipar-environment\/softwares-de-gestao\/levantamento-e-monitoramento-dos-requisitos-legais-aplicaveis-legalbusiness\/#breadcrumb\",\"itemListElement\":[{\"@type\":\"ListItem\",\"position\":1,\"name\":\"Home\",\"item\":\"https:\/\/ambipar.com\/latam\/\"},{\"@type\":\"ListItem\",\"position\":2,\"name\":\"Ambipar Environment\",\"item\":\"https:\/\/ambipar.com\/latam\/pt\/ambipar-environment\/\"},{\"@type\":\"ListItem\",\"position\":3,\"name\":\"Softwares de Gest\\u00e3o\",\"item\":\"https:\/\/ambipar.com\/latam\/pt\/ambipar-environment\/softwares-de-gestao\/\"},{\"@type\":\"ListItem\",\"position\":4,\"name\":\"Levantamento e Monitoramento dos Requisitos Legais Aplic\\u00e1veis\"}]}]}<\/script>\n<!-- \/ Yoast SEO plugin. -->","yoast_head_json":{"title":"Levantamento e Monitoramento dos Requisitos Legais Aplic\u00e1veis","description":"Tem por finalidade a identifica\u00e7\u00e3o, an\u00e1lise e monitoramento da legisla\u00e7\u00e3o aplic\u00e1vel ao neg\u00f3cio do cliente, proporcionando economia","robots":{"index":"index","follow":"follow","max-snippet":"max-snippet:-1","max-image-preview":"max-image-preview:large","max-video-preview":"max-video-preview:-1"},"canonical":"https:\/\/ambipar.com\/latam\/pt\/ambipar-environment\/softwares-de-gestao\/levantamento-e-monitoramento-dos-requisitos-legais-aplicaveis-legalbusiness\/","og_locale":"es_ES","og_type":"article","og_title":"Levantamento e Monitoramento dos Requisitos Legais Aplic\u00e1veis","og_description":"Tem por finalidade a identifica\u00e7\u00e3o, an\u00e1lise e monitoramento da legisla\u00e7\u00e3o aplic\u00e1vel ao neg\u00f3cio do cliente, proporcionando economia","og_url":"https:\/\/ambipar.com\/latam\/pt\/ambipar-environment\/softwares-de-gestao\/levantamento-e-monitoramento-dos-requisitos-legais-aplicaveis-legalbusiness\/","og_site_name":"Ambipar. A l\u00edder em gest\u00e3o ambiental.","article_modified_time":"2021-01-18T14:12:04+00:00","og_image":[{"width":1004,"height":1016,"url":"https:\/\/ambipar.com\/latam\/wp-content\/uploads\/2020\/10\/gestao6.jpg","type":"image\/jpeg"}],"twitter_card":"summary_large_image","twitter_misc":{"Est. reading time":"1 minuto"},"schema":{"@context":"https:\/\/schema.org","@graph":[{"@type":"Organization","@id":"https:\/\/ambipar.com\/latam\/#organization","name":"Ambipar","url":"https:\/\/ambipar.com\/latam\/","sameAs":[],"logo":{"@type":"ImageObject","@id":"https:\/\/ambipar.com\/latam\/#logo","inLanguage":"es-CL","url":"https:\/\/ambipar.com\/latam\/wp-content\/uploads\/2020\/10\/ambipar_color.png","contentUrl":"https:\/\/ambipar.com\/latam\/wp-content\/uploads\/2020\/10\/ambipar_color.png","width":174,"height":107,"caption":"Ambipar"},"image":{"@id":"https:\/\/ambipar.com\/latam\/#logo"}},{"@type":"WebSite","@id":"https:\/\/ambipar.com\/latam\/#website","url":"https:\/\/ambipar.com\/latam\/","name":"Ambipar. A l\u00edder em gest\u00e3o ambiental.","description":"Pioneira em solu\u00e7\u00f5es ambientais, a Ambipar atua em todo o territ\u00f3rio nacional oferecendo solu\u00e7\u00f5es integradas para toda a cadeia de neg\u00f3cio.","publisher":{"@id":"https:\/\/ambipar.com\/latam\/#organization"},"potentialAction":[{"@type":"SearchAction","target":{"@type":"EntryPoint","urlTemplate":"https:\/\/ambipar.com\/latam\/?s={search_term_string}"},"query-input":"required name=search_term_string"}],"inLanguage":"es-CL"},{"@type":"ImageObject","@id":"https:\/\/ambipar.com\/latam\/pt\/ambipar-environment\/softwares-de-gestao\/levantamento-e-monitoramento-dos-requisitos-legais-aplicaveis-legalbusiness\/#primaryimage","inLanguage":"es-CL","url":"https:\/\/ambipar.com\/latam\/wp-content\/uploads\/2020\/10\/gestao6.jpg","contentUrl":"https:\/\/ambipar.com\/latam\/wp-content\/uploads\/2020\/10\/gestao6.jpg","width":1004,"height":1016,"caption":"gest\u00e3o"},{"@type":"WebPage","@id":"https:\/\/ambipar.com\/latam\/pt\/ambipar-environment\/softwares-de-gestao\/levantamento-e-monitoramento-dos-requisitos-legais-aplicaveis-legalbusiness\/#webpage","url":"https:\/\/ambipar.com\/latam\/pt\/ambipar-environment\/softwares-de-gestao\/levantamento-e-monitoramento-dos-requisitos-legais-aplicaveis-legalbusiness\/","name":"Levantamento e Monitoramento dos Requisitos Legais Aplic\u00e1veis","isPartOf":{"@id":"https:\/\/ambipar.com\/latam\/#website"},"primaryImageOfPage":{"@id":"https:\/\/ambipar.com\/latam\/pt\/ambipar-environment\/softwares-de-gestao\/levantamento-e-monitoramento-dos-requisitos-legais-aplicaveis-legalbusiness\/#primaryimage"},"datePublished":"2020-10-27T18:22:00+00:00","dateModified":"2021-01-18T14:12:04+00:00","description":"Tem por finalidade a identifica\u00e7\u00e3o, an\u00e1lise e monitoramento da legisla\u00e7\u00e3o aplic\u00e1vel ao neg\u00f3cio do cliente, proporcionando economia","breadcrumb":{"@id":"https:\/\/ambipar.com\/latam\/pt\/ambipar-environment\/softwares-de-gestao\/levantamento-e-monitoramento-dos-requisitos-legais-aplicaveis-legalbusiness\/#breadcrumb"},"inLanguage":"es-CL","potentialAction":[{"@type":"ReadAction","target":["https:\/\/ambipar.com\/latam\/pt\/ambipar-environment\/softwares-de-gestao\/levantamento-e-monitoramento-dos-requisitos-legais-aplicaveis-legalbusiness\/"]}]},{"@type":"BreadcrumbList","@id":"https:\/\/ambipar.com\/latam\/pt\/ambipar-environment\/softwares-de-gestao\/levantamento-e-monitoramento-dos-requisitos-legais-aplicaveis-legalbusiness\/#breadcrumb","itemListElement":[{"@type":"ListItem","position":1,"name":"Home","item":"https:\/\/ambipar.com\/latam\/"},{"@type":"ListItem","position":2,"name":"Ambipar Environment","item":"https:\/\/ambipar.com\/latam\/pt\/ambipar-environment\/"},{"@type":"ListItem","position":3,"name":"Softwares de Gest\u00e3o","item":"https:\/\/ambipar.com\/latam\/pt\/ambipar-environment\/softwares-de-gestao\/"},{"@type":"ListItem","position":4,"name":"Levantamento e Monitoramento dos Requisitos Legais Aplic\u00e1veis"}]}]}},"_links":{"self":[{"href":"https:\/\/ambipar.com\/latam\/wp-json\/wp\/v2\/pages\/325"}],"collection":[{"href":"https:\/\/ambipar.com\/latam\/wp-json\/wp\/v2\/pages"}],"about":[{"href":"https:\/\/ambipar.com\/latam\/wp-json\/wp\/v2\/types\/page"}],"author":[{"embeddable":true,"href":"https:\/\/ambipar.com\/latam\/wp-json\/wp\/v2\/users\/1"}],"replies":[{"embeddable":true,"href":"https:\/\/ambipar.com\/latam\/wp-json\/wp\/v2\/comments?post=325"}],"version-history":[{"count":4,"href":"https:\/\/ambipar.com\/latam\/wp-json\/wp\/v2\/pages\/325\/revisions"}],"predecessor-version":[{"id":3286,"href":"https:\/\/ambipar.com\/latam\/wp-json\/wp\/v2\/pages\/325\/revisions\/3286"}],"up":[{"embeddable":true,"href":"https:\/\/ambipar.com\/latam\/wp-json\/wp\/v2\/pages\/310"}],"wp:featuredmedia":[{"embeddable":true,"href":"https:\/\/ambipar.com\/latam\/wp-json\/wp\/v2\/media\/315"}],"wp:attachment":[{"href":"https:\/\/ambipar.com\/latam\/wp-json\/wp\/v2\/media?parent=325"}],"curies":[{"name":"wp","href":"https:\/\/api.w.org\/{rel}","templated":true}]}}