{"id":330,"date":"2020-10-28T15:42:17","date_gmt":"2020-10-28T18:42:17","guid":{"rendered":"https:\/\/ambipar.com\/latam\/?page_id=330"},"modified":"2021-01-05T20:22:12","modified_gmt":"2021-01-05T23:22:12","slug":"gestao-e-analises-de-riscos-ocupacionais-e-ambientais","status":"publish","type":"page","link":"https:\/\/ambipar.com\/latam\/pt\/ambipar-environment\/softwares-de-gestao\/gestao-e-analises-de-riscos-ocupacionais-e-ambientais\/","title":{"rendered":"Gest\u00e3o e An\u00e1lises de Riscos Ocupacionais e Ambientais"},"content":{"rendered":"\n<p>Desenvolvido para atender a metodologia espec\u00edfica de sua empresa e disponibilizado por meio de acesso web, o sistema oferece ferramentas gerencias simples e inteligente que permite&nbsp; identificar, avaliar e determinar os controles de seus:<\/p>\n\n\n\n<ul><li>Aspectos ambientais (ISO 14001)<\/li><li>Perigos ocupacionais (ISO 45001)<\/li><li>APPCC: Analise de Perigos e Pontos Cr\u00edticos de controle (ISO 22000)<\/li><li>An\u00e1lise de riscos de processos e projetos (ISO 9001, HAZOP, APP) e outros<\/li><\/ul>\n\n\n\n<p>A plataforma permite identificar, priorizar e documentar os Aspectos e Perigos, mostrando, por meio de seus indicadores, os impactos significativos e pode ser usado para controle de An\u00e1lises de Riscos Ocupacionais e Ambientais (AR, APP).<\/p>\n\n\n\n<p>Veja tamb\u00e9m:<\/p>\n\n\n\n<ul id=\"block-dc8e3340-cf7e-4418-97cf-9b70f5359851\"><li><a href=\"https:\/\/ambipar.com\/latam\/ambipar-environment\/softwares-de-gestao\/linha-sanitizante\/\">Plataforma de Gest\u00e3o e Homologa\u00e7\u00e3o de Fornecedores<\/a><\/li><li><a href=\"https:\/\/ambipar.com\/latam\/ambipar-environment\/softwares-de-gestao\/gestao-e-tratamento-das-nao-conformidades-midas\/\">Gest\u00e3o e tratamento das N\u00e3o Conformidades<\/a><\/li><li><a href=\"https:\/\/ambipar.com\/latam\/ambipar-environment\/softwares-de-gestao\/levantamento-e-monitoramento-dos-requisitos-legais-aplicaveis-legalbusiness\/\">Levantamento e Monitoramento dos Requisitos Legais Aplic\u00e1veis<\/a><\/li><li><a href=\"https:\/\/ambipar.com\/latam\/ambipar-environment\/softwares-de-gestao\/gestao-e-controle-de-documentos-siga\/\">Gest\u00e3o e controle de documentos<\/a><\/li><li><a href=\"https:\/\/ambipar.com\/latam\/ambipar-environment\/softwares-de-gestao\/gestao-dos-residuos-monitor\/\">Gest\u00e3o dos res\u00edduos<\/a><\/li><\/ul>\n\n\n\n<p><\/p>\n","protected":false},"excerpt":{"rendered":"Desenvolvido para atender a metodologia espec\u00edfica de sua empresa e disponibilizado por meio de acesso web, o sistema oferece ferramentas gerencias simples e inteligente que permite&nbsp; identificar, avaliar e determinar os controles de seus: Aspectos ambientais (ISO 14001) Perigos ocupacionais (ISO 45001) APPCC: Analise de Perigos e Pontos Cr\u00edticos de controle (ISO 22000) An\u00e1lise de&#8230; <a class=\"view-article\" href=\"https:\/\/ambipar.com\/latam\/pt\/ambipar-environment\/softwares-de-gestao\/gestao-e-analises-de-riscos-ocupacionais-e-ambientais\/\">Ver art\u00edculo<\/a>","protected":false},"author":1,"featured_media":335,"parent":310,"menu_order":0,"comment_status":"closed","ping_status":"closed","template":"single-servicos.php","meta":[],"yoast_head":"<!-- This site is optimized with the Yoast SEO plugin v17.6 - https:\/\/yoast.com\/wordpress\/plugins\/seo\/ -->\n<title>Conhe\u00e7a Gest\u00e3o e An\u00e1lises de Riscos Ocupacionais e Ambientais Ambipar<\/title>\n<meta name=\"description\" content=\"Desenvolvido para atender a metodologia espec\u00edfica de sua empresa, o sistema oferece ferramentas gerencias simples e inteligente\" \/>\n<meta name=\"robots\" content=\"index, follow, max-snippet:-1, max-image-preview:large, max-video-preview:-1\" \/>\n<link rel=\"canonical\" href=\"https:\/\/ambipar.com\/latam\/pt\/ambipar-environment\/softwares-de-gestao\/gestao-e-analises-de-riscos-ocupacionais-e-ambientais\/\" \/>\n<meta property=\"og:locale\" content=\"es_ES\" \/>\n<meta property=\"og:type\" content=\"article\" \/>\n<meta property=\"og:title\" content=\"Conhe\u00e7a Gest\u00e3o e An\u00e1lises de Riscos Ocupacionais e Ambientais Ambipar\" \/>\n<meta property=\"og:description\" content=\"Desenvolvido para atender a metodologia espec\u00edfica de sua empresa, o sistema oferece ferramentas gerencias simples e inteligente\" \/>\n<meta property=\"og:url\" content=\"https:\/\/ambipar.com\/latam\/pt\/ambipar-environment\/softwares-de-gestao\/gestao-e-analises-de-riscos-ocupacionais-e-ambientais\/\" \/>\n<meta property=\"og:site_name\" content=\"Ambipar. A l\u00edder em gest\u00e3o ambiental.\" \/>\n<meta property=\"article:modified_time\" content=\"2021-01-05T23:22:12+00:00\" \/>\n<meta property=\"og:image\" content=\"https:\/\/ambipar.com\/latam\/wp-content\/uploads\/2020\/10\/gestao1a.jpg\" \/>\n\t<meta property=\"og:image:width\" content=\"1002\" \/>\n\t<meta property=\"og:image:height\" content=\"1002\" \/>\n<meta name=\"twitter:card\" content=\"summary_large_image\" \/>\n<meta name=\"twitter:label1\" content=\"Est. reading time\" \/>\n\t<meta name=\"twitter:data1\" content=\"1 minuto\" \/>\n<script type=\"application\/ld+json\" class=\"yoast-schema-graph\">{\"@context\":\"https:\/\/schema.org\",\"@graph\":[{\"@type\":\"Organization\",\"@id\":\"https:\/\/ambipar.com\/latam\/#organization\",\"name\":\"Ambipar\",\"url\":\"https:\/\/ambipar.com\/latam\/\",\"sameAs\":[],\"logo\":{\"@type\":\"ImageObject\",\"@id\":\"https:\/\/ambipar.com\/latam\/#logo\",\"inLanguage\":\"es-CL\",\"url\":\"https:\/\/ambipar.com\/latam\/wp-content\/uploads\/2020\/10\/ambipar_color.png\",\"contentUrl\":\"https:\/\/ambipar.com\/latam\/wp-content\/uploads\/2020\/10\/ambipar_color.png\",\"width\":174,\"height\":107,\"caption\":\"Ambipar\"},\"image\":{\"@id\":\"https:\/\/ambipar.com\/latam\/#logo\"}},{\"@type\":\"WebSite\",\"@id\":\"https:\/\/ambipar.com\/latam\/#website\",\"url\":\"https:\/\/ambipar.com\/latam\/\",\"name\":\"Ambipar. A l\\u00edder em gest\\u00e3o ambiental.\",\"description\":\"Pioneira em solu\\u00e7\\u00f5es ambientais, a Ambipar atua em todo o territ\\u00f3rio nacional oferecendo solu\\u00e7\\u00f5es integradas para toda a cadeia de neg\\u00f3cio.\",\"publisher\":{\"@id\":\"https:\/\/ambipar.com\/latam\/#organization\"},\"potentialAction\":[{\"@type\":\"SearchAction\",\"target\":{\"@type\":\"EntryPoint\",\"urlTemplate\":\"https:\/\/ambipar.com\/latam\/?s={search_term_string}\"},\"query-input\":\"required name=search_term_string\"}],\"inLanguage\":\"es-CL\"},{\"@type\":\"ImageObject\",\"@id\":\"https:\/\/ambipar.com\/latam\/pt\/ambipar-environment\/softwares-de-gestao\/gestao-e-analises-de-riscos-ocupacionais-e-ambientais\/#primaryimage\",\"inLanguage\":\"es-CL\",\"url\":\"https:\/\/ambipar.com\/latam\/wp-content\/uploads\/2020\/10\/gestao1a.jpg\",\"contentUrl\":\"https:\/\/ambipar.com\/latam\/wp-content\/uploads\/2020\/10\/gestao1a.jpg\",\"width\":1002,\"height\":1002,\"caption\":\"gest\\u00e3o\"},{\"@type\":\"WebPage\",\"@id\":\"https:\/\/ambipar.com\/latam\/pt\/ambipar-environment\/softwares-de-gestao\/gestao-e-analises-de-riscos-ocupacionais-e-ambientais\/#webpage\",\"url\":\"https:\/\/ambipar.com\/latam\/pt\/ambipar-environment\/softwares-de-gestao\/gestao-e-analises-de-riscos-ocupacionais-e-ambientais\/\",\"name\":\"Conhe\\u00e7a Gest\\u00e3o e An\\u00e1lises de Riscos Ocupacionais e Ambientais Ambipar\",\"isPartOf\":{\"@id\":\"https:\/\/ambipar.com\/latam\/#website\"},\"primaryImageOfPage\":{\"@id\":\"https:\/\/ambipar.com\/latam\/pt\/ambipar-environment\/softwares-de-gestao\/gestao-e-analises-de-riscos-ocupacionais-e-ambientais\/#primaryimage\"},\"datePublished\":\"2020-10-28T18:42:17+00:00\",\"dateModified\":\"2021-01-05T23:22:12+00:00\",\"description\":\"Desenvolvido para atender a metodologia espec\\u00edfica de sua empresa, o sistema oferece ferramentas gerencias simples e inteligente\",\"breadcrumb\":{\"@id\":\"https:\/\/ambipar.com\/latam\/pt\/ambipar-environment\/softwares-de-gestao\/gestao-e-analises-de-riscos-ocupacionais-e-ambientais\/#breadcrumb\"},\"inLanguage\":\"es-CL\",\"potentialAction\":[{\"@type\":\"ReadAction\",\"target\":[\"https:\/\/ambipar.com\/latam\/pt\/ambipar-environment\/softwares-de-gestao\/gestao-e-analises-de-riscos-ocupacionais-e-ambientais\/\"]}]},{\"@type\":\"BreadcrumbList\",\"@id\":\"https:\/\/ambipar.com\/latam\/pt\/ambipar-environment\/softwares-de-gestao\/gestao-e-analises-de-riscos-ocupacionais-e-ambientais\/#breadcrumb\",\"itemListElement\":[{\"@type\":\"ListItem\",\"position\":1,\"name\":\"Home\",\"item\":\"https:\/\/ambipar.com\/latam\/\"},{\"@type\":\"ListItem\",\"position\":2,\"name\":\"Ambipar Environment\",\"item\":\"https:\/\/ambipar.com\/latam\/pt\/ambipar-environment\/\"},{\"@type\":\"ListItem\",\"position\":3,\"name\":\"Softwares de Gest\\u00e3o\",\"item\":\"https:\/\/ambipar.com\/latam\/pt\/ambipar-environment\/softwares-de-gestao\/\"},{\"@type\":\"ListItem\",\"position\":4,\"name\":\"Gest\\u00e3o e An\\u00e1lises de Riscos Ocupacionais e Ambientais\"}]}]}<\/script>\n<!-- \/ Yoast SEO plugin. -->","yoast_head_json":{"title":"Conhe\u00e7a Gest\u00e3o e An\u00e1lises de Riscos Ocupacionais e Ambientais Ambipar","description":"Desenvolvido para atender a metodologia espec\u00edfica de sua empresa, o sistema oferece ferramentas gerencias simples e inteligente","robots":{"index":"index","follow":"follow","max-snippet":"max-snippet:-1","max-image-preview":"max-image-preview:large","max-video-preview":"max-video-preview:-1"},"canonical":"https:\/\/ambipar.com\/latam\/pt\/ambipar-environment\/softwares-de-gestao\/gestao-e-analises-de-riscos-ocupacionais-e-ambientais\/","og_locale":"es_ES","og_type":"article","og_title":"Conhe\u00e7a Gest\u00e3o e An\u00e1lises de Riscos Ocupacionais e Ambientais Ambipar","og_description":"Desenvolvido para atender a metodologia espec\u00edfica de sua empresa, o sistema oferece ferramentas gerencias simples e inteligente","og_url":"https:\/\/ambipar.com\/latam\/pt\/ambipar-environment\/softwares-de-gestao\/gestao-e-analises-de-riscos-ocupacionais-e-ambientais\/","og_site_name":"Ambipar. A l\u00edder em gest\u00e3o ambiental.","article_modified_time":"2021-01-05T23:22:12+00:00","og_image":[{"width":1002,"height":1002,"url":"https:\/\/ambipar.com\/latam\/wp-content\/uploads\/2020\/10\/gestao1a.jpg","type":"image\/jpeg"}],"twitter_card":"summary_large_image","twitter_misc":{"Est. reading time":"1 minuto"},"schema":{"@context":"https:\/\/schema.org","@graph":[{"@type":"Organization","@id":"https:\/\/ambipar.com\/latam\/#organization","name":"Ambipar","url":"https:\/\/ambipar.com\/latam\/","sameAs":[],"logo":{"@type":"ImageObject","@id":"https:\/\/ambipar.com\/latam\/#logo","inLanguage":"es-CL","url":"https:\/\/ambipar.com\/latam\/wp-content\/uploads\/2020\/10\/ambipar_color.png","contentUrl":"https:\/\/ambipar.com\/latam\/wp-content\/uploads\/2020\/10\/ambipar_color.png","width":174,"height":107,"caption":"Ambipar"},"image":{"@id":"https:\/\/ambipar.com\/latam\/#logo"}},{"@type":"WebSite","@id":"https:\/\/ambipar.com\/latam\/#website","url":"https:\/\/ambipar.com\/latam\/","name":"Ambipar. A l\u00edder em gest\u00e3o ambiental.","description":"Pioneira em solu\u00e7\u00f5es ambientais, a Ambipar atua em todo o territ\u00f3rio nacional oferecendo solu\u00e7\u00f5es integradas para toda a cadeia de neg\u00f3cio.","publisher":{"@id":"https:\/\/ambipar.com\/latam\/#organization"},"potentialAction":[{"@type":"SearchAction","target":{"@type":"EntryPoint","urlTemplate":"https:\/\/ambipar.com\/latam\/?s={search_term_string}"},"query-input":"required name=search_term_string"}],"inLanguage":"es-CL"},{"@type":"ImageObject","@id":"https:\/\/ambipar.com\/latam\/pt\/ambipar-environment\/softwares-de-gestao\/gestao-e-analises-de-riscos-ocupacionais-e-ambientais\/#primaryimage","inLanguage":"es-CL","url":"https:\/\/ambipar.com\/latam\/wp-content\/uploads\/2020\/10\/gestao1a.jpg","contentUrl":"https:\/\/ambipar.com\/latam\/wp-content\/uploads\/2020\/10\/gestao1a.jpg","width":1002,"height":1002,"caption":"gest\u00e3o"},{"@type":"WebPage","@id":"https:\/\/ambipar.com\/latam\/pt\/ambipar-environment\/softwares-de-gestao\/gestao-e-analises-de-riscos-ocupacionais-e-ambientais\/#webpage","url":"https:\/\/ambipar.com\/latam\/pt\/ambipar-environment\/softwares-de-gestao\/gestao-e-analises-de-riscos-ocupacionais-e-ambientais\/","name":"Conhe\u00e7a Gest\u00e3o e An\u00e1lises de Riscos Ocupacionais e Ambientais Ambipar","isPartOf":{"@id":"https:\/\/ambipar.com\/latam\/#website"},"primaryImageOfPage":{"@id":"https:\/\/ambipar.com\/latam\/pt\/ambipar-environment\/softwares-de-gestao\/gestao-e-analises-de-riscos-ocupacionais-e-ambientais\/#primaryimage"},"datePublished":"2020-10-28T18:42:17+00:00","dateModified":"2021-01-05T23:22:12+00:00","description":"Desenvolvido para atender a metodologia espec\u00edfica de sua empresa, o sistema oferece ferramentas gerencias simples e inteligente","breadcrumb":{"@id":"https:\/\/ambipar.com\/latam\/pt\/ambipar-environment\/softwares-de-gestao\/gestao-e-analises-de-riscos-ocupacionais-e-ambientais\/#breadcrumb"},"inLanguage":"es-CL","potentialAction":[{"@type":"ReadAction","target":["https:\/\/ambipar.com\/latam\/pt\/ambipar-environment\/softwares-de-gestao\/gestao-e-analises-de-riscos-ocupacionais-e-ambientais\/"]}]},{"@type":"BreadcrumbList","@id":"https:\/\/ambipar.com\/latam\/pt\/ambipar-environment\/softwares-de-gestao\/gestao-e-analises-de-riscos-ocupacionais-e-ambientais\/#breadcrumb","itemListElement":[{"@type":"ListItem","position":1,"name":"Home","item":"https:\/\/ambipar.com\/latam\/"},{"@type":"ListItem","position":2,"name":"Ambipar Environment","item":"https:\/\/ambipar.com\/latam\/pt\/ambipar-environment\/"},{"@type":"ListItem","position":3,"name":"Softwares de Gest\u00e3o","item":"https:\/\/ambipar.com\/latam\/pt\/ambipar-environment\/softwares-de-gestao\/"},{"@type":"ListItem","position":4,"name":"Gest\u00e3o e An\u00e1lises de Riscos Ocupacionais e Ambientais"}]}]}},"_links":{"self":[{"href":"https:\/\/ambipar.com\/latam\/wp-json\/wp\/v2\/pages\/330"}],"collection":[{"href":"https:\/\/ambipar.com\/latam\/wp-json\/wp\/v2\/pages"}],"about":[{"href":"https:\/\/ambipar.com\/latam\/wp-json\/wp\/v2\/types\/page"}],"author":[{"embeddable":true,"href":"https:\/\/ambipar.com\/latam\/wp-json\/wp\/v2\/users\/1"}],"replies":[{"embeddable":true,"href":"https:\/\/ambipar.com\/latam\/wp-json\/wp\/v2\/comments?post=330"}],"version-history":[{"count":2,"href":"https:\/\/ambipar.com\/latam\/wp-json\/wp\/v2\/pages\/330\/revisions"}],"predecessor-version":[{"id":347,"href":"https:\/\/ambipar.com\/latam\/wp-json\/wp\/v2\/pages\/330\/revisions\/347"}],"up":[{"embeddable":true,"href":"https:\/\/ambipar.com\/latam\/wp-json\/wp\/v2\/pages\/310"}],"wp:featuredmedia":[{"embeddable":true,"href":"https:\/\/ambipar.com\/latam\/wp-json\/wp\/v2\/media\/335"}],"wp:attachment":[{"href":"https:\/\/ambipar.com\/latam\/wp-json\/wp\/v2\/media?parent=330"}],"curies":[{"name":"wp","href":"https:\/\/api.w.org\/{rel}","templated":true}]}}