{"id":337,"date":"2020-10-27T15:58:00","date_gmt":"2020-10-27T18:58:00","guid":{"rendered":"https:\/\/ambipar.com\/latam\/?page_id=337"},"modified":"2021-01-18T11:17:36","modified_gmt":"2021-01-18T14:17:36","slug":"gestao-e-controle-de-documentos-siga","status":"publish","type":"page","link":"https:\/\/ambipar.com\/latam\/pt\/ambipar-environment\/softwares-de-gestao\/gestao-e-controle-de-documentos-siga\/","title":{"rendered":"Gest\u00e3o e controle de documentos"},"content":{"rendered":"\n<p>Permite a gest\u00e3o e o controle de documentos e das suas validades.<\/p>\n\n\n\n<p>Nele poder\u00e3o ser cadastrados documentos da empresa ou de terceiros (contratados, fornecedores, clientes, etc.).<\/p>\n\n\n\n<p>Principais benef\u00edcios:<\/p>\n\n\n\n<ul><li>Upload de documentos em ambiente seguro pr\u00f3prios ou de terceiros<\/li><li>Controle de documentos por tipos e de suas condicionantes<\/li><li>Alertas para respons\u00e1veis, usu\u00e1rios e fornecedores, por prazo de renova\u00e7\u00e3o e vencimento<\/li><li>Relat\u00f3rios de vencimento por tipos de documentos<\/li><li>Possibilidade de arquivar documento com sigilo perante demais usu\u00e1rios<\/li><\/ul>\n\n\n\n<p>Veja tamb\u00e9m:<\/p>\n\n\n\n<ul><li><a href=\"\/ambipar-environment\/softwares-de-gestao\/linha-sanitizante\/\">Plataforma de Gest\u00e3o e Homologa\u00e7\u00e3o de Fornecedores<\/a><\/li><li><a href=\"\/ambipar-environment\/softwares-de-gestao\/gestao-e-tratamento-das-nao-conformidades-midas\/\">Gest\u00e3o e tratamento das N\u00e3o Conformidades<\/a><\/li><li><a href=\"\/ambipar-environment\/softwares-de-gestao\/levantamento-e-monitoramento-dos-requisitos-legais-aplicaveis-legalbusiness\/\">Levantamento e Monitoramento dos Requisitos Legais Aplic\u00e1veis<\/a><\/li><li><a href=\"\/ambipar-environment\/softwares-de-gestao\/gestao-e-analises-de-riscos-ocupacionais-e-ambientais\/\">Gest\u00e3o e An\u00e1lises de Riscos Ocupacionais e Ambientais<\/a><\/li><li><a href=\"\/ambipar-environment\/softwares-de-gestao\/gestao-dos-residuos-monitor\/\">Gest\u00e3o dos res\u00edduos<\/a><\/li><\/ul>\n\n\n\n<p><\/p>\n","protected":false},"excerpt":{"rendered":"Permite a gest\u00e3o e o controle de documentos e das suas validades. Nele poder\u00e3o ser cadastrados documentos da empresa ou de terceiros (contratados, fornecedores, clientes, etc.). Principais benef\u00edcios: Upload de documentos em ambiente seguro pr\u00f3prios ou de terceiros Controle de documentos por tipos e de suas condicionantes Alertas para respons\u00e1veis, usu\u00e1rios e fornecedores, por prazo&#8230; <a class=\"view-article\" href=\"https:\/\/ambipar.com\/latam\/pt\/ambipar-environment\/softwares-de-gestao\/gestao-e-controle-de-documentos-siga\/\">Ver art\u00edculo<\/a>","protected":false},"author":1,"featured_media":320,"parent":310,"menu_order":0,"comment_status":"closed","ping_status":"closed","template":"single-servicos.php","meta":[],"yoast_head":"<!-- This site is optimized with the Yoast SEO plugin v17.6 - https:\/\/yoast.com\/wordpress\/plugins\/seo\/ -->\n<title>Conhe\u00e7a Gest\u00e3o e controle de documentos da Ambipar Environment<\/title>\n<meta name=\"description\" content=\"Permite a gest\u00e3o e o controle de documentos e das suas validades. Nele poder\u00e3o ser cadastrados documentos da empresa ou de terceiros.\" \/>\n<meta name=\"robots\" content=\"index, follow, max-snippet:-1, max-image-preview:large, max-video-preview:-1\" \/>\n<link rel=\"canonical\" href=\"https:\/\/ambipar.com\/latam\/pt\/ambipar-environment\/softwares-de-gestao\/gestao-e-controle-de-documentos-siga\/\" \/>\n<meta property=\"og:locale\" content=\"es_ES\" \/>\n<meta property=\"og:type\" content=\"article\" \/>\n<meta property=\"og:title\" content=\"Conhe\u00e7a Gest\u00e3o e controle de documentos da Ambipar Environment\" \/>\n<meta property=\"og:description\" content=\"Permite a gest\u00e3o e o controle de documentos e das suas validades. Nele poder\u00e3o ser cadastrados documentos da empresa ou de terceiros.\" \/>\n<meta property=\"og:url\" content=\"https:\/\/ambipar.com\/latam\/pt\/ambipar-environment\/softwares-de-gestao\/gestao-e-controle-de-documentos-siga\/\" \/>\n<meta property=\"og:site_name\" content=\"Ambipar. A l\u00edder em gest\u00e3o ambiental.\" \/>\n<meta property=\"article:modified_time\" content=\"2021-01-18T14:17:36+00:00\" \/>\n<meta property=\"og:image\" content=\"https:\/\/ambipar.com\/latam\/wp-content\/uploads\/2020\/10\/gestao4.jpg\" \/>\n\t<meta property=\"og:image:width\" content=\"1002\" \/>\n\t<meta property=\"og:image:height\" content=\"1004\" \/>\n<meta name=\"twitter:card\" content=\"summary_large_image\" \/>\n<meta name=\"twitter:label1\" content=\"Est. reading time\" \/>\n\t<meta name=\"twitter:data1\" content=\"1 minuto\" \/>\n<script type=\"application\/ld+json\" class=\"yoast-schema-graph\">{\"@context\":\"https:\/\/schema.org\",\"@graph\":[{\"@type\":\"Organization\",\"@id\":\"https:\/\/ambipar.com\/latam\/#organization\",\"name\":\"Ambipar\",\"url\":\"https:\/\/ambipar.com\/latam\/\",\"sameAs\":[],\"logo\":{\"@type\":\"ImageObject\",\"@id\":\"https:\/\/ambipar.com\/latam\/#logo\",\"inLanguage\":\"es-CL\",\"url\":\"https:\/\/ambipar.com\/latam\/wp-content\/uploads\/2020\/10\/ambipar_color.png\",\"contentUrl\":\"https:\/\/ambipar.com\/latam\/wp-content\/uploads\/2020\/10\/ambipar_color.png\",\"width\":174,\"height\":107,\"caption\":\"Ambipar\"},\"image\":{\"@id\":\"https:\/\/ambipar.com\/latam\/#logo\"}},{\"@type\":\"WebSite\",\"@id\":\"https:\/\/ambipar.com\/latam\/#website\",\"url\":\"https:\/\/ambipar.com\/latam\/\",\"name\":\"Ambipar. A l\\u00edder em gest\\u00e3o ambiental.\",\"description\":\"Pioneira em solu\\u00e7\\u00f5es ambientais, a Ambipar atua em todo o territ\\u00f3rio nacional oferecendo solu\\u00e7\\u00f5es integradas para toda a cadeia de neg\\u00f3cio.\",\"publisher\":{\"@id\":\"https:\/\/ambipar.com\/latam\/#organization\"},\"potentialAction\":[{\"@type\":\"SearchAction\",\"target\":{\"@type\":\"EntryPoint\",\"urlTemplate\":\"https:\/\/ambipar.com\/latam\/?s={search_term_string}\"},\"query-input\":\"required name=search_term_string\"}],\"inLanguage\":\"es-CL\"},{\"@type\":\"ImageObject\",\"@id\":\"https:\/\/ambipar.com\/latam\/pt\/ambipar-environment\/softwares-de-gestao\/gestao-e-controle-de-documentos-siga\/#primaryimage\",\"inLanguage\":\"es-CL\",\"url\":\"https:\/\/ambipar.com\/latam\/wp-content\/uploads\/2020\/10\/gestao4.jpg\",\"contentUrl\":\"https:\/\/ambipar.com\/latam\/wp-content\/uploads\/2020\/10\/gestao4.jpg\",\"width\":1002,\"height\":1004,\"caption\":\"gest\\u00e3o\"},{\"@type\":\"WebPage\",\"@id\":\"https:\/\/ambipar.com\/latam\/pt\/ambipar-environment\/softwares-de-gestao\/gestao-e-controle-de-documentos-siga\/#webpage\",\"url\":\"https:\/\/ambipar.com\/latam\/pt\/ambipar-environment\/softwares-de-gestao\/gestao-e-controle-de-documentos-siga\/\",\"name\":\"Conhe\\u00e7a Gest\\u00e3o e controle de documentos da Ambipar Environment\",\"isPartOf\":{\"@id\":\"https:\/\/ambipar.com\/latam\/#website\"},\"primaryImageOfPage\":{\"@id\":\"https:\/\/ambipar.com\/latam\/pt\/ambipar-environment\/softwares-de-gestao\/gestao-e-controle-de-documentos-siga\/#primaryimage\"},\"datePublished\":\"2020-10-27T18:58:00+00:00\",\"dateModified\":\"2021-01-18T14:17:36+00:00\",\"description\":\"Permite a gest\\u00e3o e o controle de documentos e das suas validades. Nele poder\\u00e3o ser cadastrados documentos da empresa ou de terceiros.\",\"breadcrumb\":{\"@id\":\"https:\/\/ambipar.com\/latam\/pt\/ambipar-environment\/softwares-de-gestao\/gestao-e-controle-de-documentos-siga\/#breadcrumb\"},\"inLanguage\":\"es-CL\",\"potentialAction\":[{\"@type\":\"ReadAction\",\"target\":[\"https:\/\/ambipar.com\/latam\/pt\/ambipar-environment\/softwares-de-gestao\/gestao-e-controle-de-documentos-siga\/\"]}]},{\"@type\":\"BreadcrumbList\",\"@id\":\"https:\/\/ambipar.com\/latam\/pt\/ambipar-environment\/softwares-de-gestao\/gestao-e-controle-de-documentos-siga\/#breadcrumb\",\"itemListElement\":[{\"@type\":\"ListItem\",\"position\":1,\"name\":\"Home\",\"item\":\"https:\/\/ambipar.com\/latam\/\"},{\"@type\":\"ListItem\",\"position\":2,\"name\":\"Ambipar Environment\",\"item\":\"https:\/\/ambipar.com\/latam\/pt\/ambipar-environment\/\"},{\"@type\":\"ListItem\",\"position\":3,\"name\":\"Softwares de Gest\\u00e3o\",\"item\":\"https:\/\/ambipar.com\/latam\/pt\/ambipar-environment\/softwares-de-gestao\/\"},{\"@type\":\"ListItem\",\"position\":4,\"name\":\"Gest\\u00e3o e controle de documentos\"}]}]}<\/script>\n<!-- \/ Yoast SEO plugin. -->","yoast_head_json":{"title":"Conhe\u00e7a Gest\u00e3o e controle de documentos da Ambipar Environment","description":"Permite a gest\u00e3o e o controle de documentos e das suas validades. Nele poder\u00e3o ser cadastrados documentos da empresa ou de terceiros.","robots":{"index":"index","follow":"follow","max-snippet":"max-snippet:-1","max-image-preview":"max-image-preview:large","max-video-preview":"max-video-preview:-1"},"canonical":"https:\/\/ambipar.com\/latam\/pt\/ambipar-environment\/softwares-de-gestao\/gestao-e-controle-de-documentos-siga\/","og_locale":"es_ES","og_type":"article","og_title":"Conhe\u00e7a Gest\u00e3o e controle de documentos da Ambipar Environment","og_description":"Permite a gest\u00e3o e o controle de documentos e das suas validades. Nele poder\u00e3o ser cadastrados documentos da empresa ou de terceiros.","og_url":"https:\/\/ambipar.com\/latam\/pt\/ambipar-environment\/softwares-de-gestao\/gestao-e-controle-de-documentos-siga\/","og_site_name":"Ambipar. A l\u00edder em gest\u00e3o ambiental.","article_modified_time":"2021-01-18T14:17:36+00:00","og_image":[{"width":1002,"height":1004,"url":"https:\/\/ambipar.com\/latam\/wp-content\/uploads\/2020\/10\/gestao4.jpg","type":"image\/jpeg"}],"twitter_card":"summary_large_image","twitter_misc":{"Est. reading time":"1 minuto"},"schema":{"@context":"https:\/\/schema.org","@graph":[{"@type":"Organization","@id":"https:\/\/ambipar.com\/latam\/#organization","name":"Ambipar","url":"https:\/\/ambipar.com\/latam\/","sameAs":[],"logo":{"@type":"ImageObject","@id":"https:\/\/ambipar.com\/latam\/#logo","inLanguage":"es-CL","url":"https:\/\/ambipar.com\/latam\/wp-content\/uploads\/2020\/10\/ambipar_color.png","contentUrl":"https:\/\/ambipar.com\/latam\/wp-content\/uploads\/2020\/10\/ambipar_color.png","width":174,"height":107,"caption":"Ambipar"},"image":{"@id":"https:\/\/ambipar.com\/latam\/#logo"}},{"@type":"WebSite","@id":"https:\/\/ambipar.com\/latam\/#website","url":"https:\/\/ambipar.com\/latam\/","name":"Ambipar. A l\u00edder em gest\u00e3o ambiental.","description":"Pioneira em solu\u00e7\u00f5es ambientais, a Ambipar atua em todo o territ\u00f3rio nacional oferecendo solu\u00e7\u00f5es integradas para toda a cadeia de neg\u00f3cio.","publisher":{"@id":"https:\/\/ambipar.com\/latam\/#organization"},"potentialAction":[{"@type":"SearchAction","target":{"@type":"EntryPoint","urlTemplate":"https:\/\/ambipar.com\/latam\/?s={search_term_string}"},"query-input":"required name=search_term_string"}],"inLanguage":"es-CL"},{"@type":"ImageObject","@id":"https:\/\/ambipar.com\/latam\/pt\/ambipar-environment\/softwares-de-gestao\/gestao-e-controle-de-documentos-siga\/#primaryimage","inLanguage":"es-CL","url":"https:\/\/ambipar.com\/latam\/wp-content\/uploads\/2020\/10\/gestao4.jpg","contentUrl":"https:\/\/ambipar.com\/latam\/wp-content\/uploads\/2020\/10\/gestao4.jpg","width":1002,"height":1004,"caption":"gest\u00e3o"},{"@type":"WebPage","@id":"https:\/\/ambipar.com\/latam\/pt\/ambipar-environment\/softwares-de-gestao\/gestao-e-controle-de-documentos-siga\/#webpage","url":"https:\/\/ambipar.com\/latam\/pt\/ambipar-environment\/softwares-de-gestao\/gestao-e-controle-de-documentos-siga\/","name":"Conhe\u00e7a Gest\u00e3o e controle de documentos da Ambipar Environment","isPartOf":{"@id":"https:\/\/ambipar.com\/latam\/#website"},"primaryImageOfPage":{"@id":"https:\/\/ambipar.com\/latam\/pt\/ambipar-environment\/softwares-de-gestao\/gestao-e-controle-de-documentos-siga\/#primaryimage"},"datePublished":"2020-10-27T18:58:00+00:00","dateModified":"2021-01-18T14:17:36+00:00","description":"Permite a gest\u00e3o e o controle de documentos e das suas validades. Nele poder\u00e3o ser cadastrados documentos da empresa ou de terceiros.","breadcrumb":{"@id":"https:\/\/ambipar.com\/latam\/pt\/ambipar-environment\/softwares-de-gestao\/gestao-e-controle-de-documentos-siga\/#breadcrumb"},"inLanguage":"es-CL","potentialAction":[{"@type":"ReadAction","target":["https:\/\/ambipar.com\/latam\/pt\/ambipar-environment\/softwares-de-gestao\/gestao-e-controle-de-documentos-siga\/"]}]},{"@type":"BreadcrumbList","@id":"https:\/\/ambipar.com\/latam\/pt\/ambipar-environment\/softwares-de-gestao\/gestao-e-controle-de-documentos-siga\/#breadcrumb","itemListElement":[{"@type":"ListItem","position":1,"name":"Home","item":"https:\/\/ambipar.com\/latam\/"},{"@type":"ListItem","position":2,"name":"Ambipar Environment","item":"https:\/\/ambipar.com\/latam\/pt\/ambipar-environment\/"},{"@type":"ListItem","position":3,"name":"Softwares de Gest\u00e3o","item":"https:\/\/ambipar.com\/latam\/pt\/ambipar-environment\/softwares-de-gestao\/"},{"@type":"ListItem","position":4,"name":"Gest\u00e3o e controle de documentos"}]}]}},"_links":{"self":[{"href":"https:\/\/ambipar.com\/latam\/wp-json\/wp\/v2\/pages\/337"}],"collection":[{"href":"https:\/\/ambipar.com\/latam\/wp-json\/wp\/v2\/pages"}],"about":[{"href":"https:\/\/ambipar.com\/latam\/wp-json\/wp\/v2\/types\/page"}],"author":[{"embeddable":true,"href":"https:\/\/ambipar.com\/latam\/wp-json\/wp\/v2\/users\/1"}],"replies":[{"embeddable":true,"href":"https:\/\/ambipar.com\/latam\/wp-json\/wp\/v2\/comments?post=337"}],"version-history":[{"count":4,"href":"https:\/\/ambipar.com\/latam\/wp-json\/wp\/v2\/pages\/337\/revisions"}],"predecessor-version":[{"id":3287,"href":"https:\/\/ambipar.com\/latam\/wp-json\/wp\/v2\/pages\/337\/revisions\/3287"}],"up":[{"embeddable":true,"href":"https:\/\/ambipar.com\/latam\/wp-json\/wp\/v2\/pages\/310"}],"wp:featuredmedia":[{"embeddable":true,"href":"https:\/\/ambipar.com\/latam\/wp-json\/wp\/v2\/media\/320"}],"wp:attachment":[{"href":"https:\/\/ambipar.com\/latam\/wp-json\/wp\/v2\/media?parent=337"}],"curies":[{"name":"wp","href":"https:\/\/api.w.org\/{rel}","templated":true}]}}