{"id":3421,"date":"2021-04-12T15:08:37","date_gmt":"2021-04-12T18:08:37","guid":{"rendered":"https:\/\/ambipar.com\/latam\/?page_id=3421"},"modified":"2021-04-12T19:51:55","modified_gmt":"2021-04-12T22:51:55","slug":"esg-e-com-a-ambipar-conheca-as-nossas-solucoes-e-prepare-sua-empresa","status":"publish","type":"page","link":"https:\/\/ambipar.com\/latam\/pt\/esg-e-com-a-ambipar-conheca-as-nossas-solucoes-e-prepare-sua-empresa\/","title":{"rendered":"ESG"},"content":{"rendered":"","protected":false},"excerpt":{"rendered":"","protected":false},"author":1,"featured_media":0,"parent":0,"menu_order":0,"comment_status":"closed","ping_status":"closed","template":"page-esg.php","meta":[],"yoast_head":"<!-- This site is optimized with the Yoast SEO plugin v17.6 - https:\/\/yoast.com\/wordpress\/plugins\/seo\/ -->\n<title>ESG \u00e9 com a Ambipar. Conhe\u00e7a nossas solu\u00e7\u00f5es e prepare sua empresa.<\/title>\n<meta name=\"description\" content=\"A Ambipar tem tudo que as empresas precisam para atingir os \u00edndices ESG e conquistar mais consumidores e investidores.\" \/>\n<meta name=\"robots\" content=\"index, follow, max-snippet:-1, max-image-preview:large, max-video-preview:-1\" \/>\n<link rel=\"canonical\" href=\"https:\/\/ambipar.com\/latam\/pt\/esg-e-com-a-ambipar-conheca-as-nossas-solucoes-e-prepare-sua-empresa\/\" \/>\n<meta property=\"og:locale\" content=\"es_ES\" \/>\n<meta property=\"og:type\" content=\"article\" \/>\n<meta property=\"og:title\" content=\"ESG \u00e9 com a Ambipar. Conhe\u00e7a nossas solu\u00e7\u00f5es e prepare sua empresa.\" \/>\n<meta property=\"og:description\" content=\"A Ambipar tem tudo que as empresas precisam para atingir os \u00edndices ESG e conquistar mais consumidores e investidores.\" \/>\n<meta property=\"og:url\" content=\"https:\/\/ambipar.com\/latam\/pt\/esg-e-com-a-ambipar-conheca-as-nossas-solucoes-e-prepare-sua-empresa\/\" \/>\n<meta property=\"og:site_name\" content=\"Ambipar. A l\u00edder em gest\u00e3o ambiental.\" \/>\n<meta property=\"article:modified_time\" content=\"2021-04-12T22:51:55+00:00\" \/>\n<meta name=\"twitter:card\" content=\"summary_large_image\" \/>\n<script type=\"application\/ld+json\" class=\"yoast-schema-graph\">{\"@context\":\"https:\/\/schema.org\",\"@graph\":[{\"@type\":\"Organization\",\"@id\":\"https:\/\/ambipar.com\/latam\/#organization\",\"name\":\"Ambipar\",\"url\":\"https:\/\/ambipar.com\/latam\/\",\"sameAs\":[],\"logo\":{\"@type\":\"ImageObject\",\"@id\":\"https:\/\/ambipar.com\/latam\/#logo\",\"inLanguage\":\"es-CL\",\"url\":\"https:\/\/ambipar.com\/latam\/wp-content\/uploads\/2020\/10\/ambipar_color.png\",\"contentUrl\":\"https:\/\/ambipar.com\/latam\/wp-content\/uploads\/2020\/10\/ambipar_color.png\",\"width\":174,\"height\":107,\"caption\":\"Ambipar\"},\"image\":{\"@id\":\"https:\/\/ambipar.com\/latam\/#logo\"}},{\"@type\":\"WebSite\",\"@id\":\"https:\/\/ambipar.com\/latam\/#website\",\"url\":\"https:\/\/ambipar.com\/latam\/\",\"name\":\"Ambipar. A l\\u00edder em gest\\u00e3o ambiental.\",\"description\":\"Pioneira em solu\\u00e7\\u00f5es ambientais, a Ambipar atua em todo o territ\\u00f3rio nacional oferecendo solu\\u00e7\\u00f5es integradas para toda a cadeia de neg\\u00f3cio.\",\"publisher\":{\"@id\":\"https:\/\/ambipar.com\/latam\/#organization\"},\"potentialAction\":[{\"@type\":\"SearchAction\",\"target\":{\"@type\":\"EntryPoint\",\"urlTemplate\":\"https:\/\/ambipar.com\/latam\/?s={search_term_string}\"},\"query-input\":\"required name=search_term_string\"}],\"inLanguage\":\"es-CL\"},{\"@type\":\"WebPage\",\"@id\":\"https:\/\/ambipar.com\/latam\/pt\/esg-e-com-a-ambipar-conheca-as-nossas-solucoes-e-prepare-sua-empresa\/#webpage\",\"url\":\"https:\/\/ambipar.com\/latam\/pt\/esg-e-com-a-ambipar-conheca-as-nossas-solucoes-e-prepare-sua-empresa\/\",\"name\":\"ESG \\u00e9 com a Ambipar. Conhe\\u00e7a nossas solu\\u00e7\\u00f5es e prepare sua empresa.\",\"isPartOf\":{\"@id\":\"https:\/\/ambipar.com\/latam\/#website\"},\"datePublished\":\"2021-04-12T18:08:37+00:00\",\"dateModified\":\"2021-04-12T22:51:55+00:00\",\"description\":\"A Ambipar tem tudo que as empresas precisam para atingir os \\u00edndices ESG e conquistar mais consumidores e investidores.\",\"breadcrumb\":{\"@id\":\"https:\/\/ambipar.com\/latam\/pt\/esg-e-com-a-ambipar-conheca-as-nossas-solucoes-e-prepare-sua-empresa\/#breadcrumb\"},\"inLanguage\":\"es-CL\",\"potentialAction\":[{\"@type\":\"ReadAction\",\"target\":[\"https:\/\/ambipar.com\/latam\/pt\/esg-e-com-a-ambipar-conheca-as-nossas-solucoes-e-prepare-sua-empresa\/\"]}]},{\"@type\":\"BreadcrumbList\",\"@id\":\"https:\/\/ambipar.com\/latam\/pt\/esg-e-com-a-ambipar-conheca-as-nossas-solucoes-e-prepare-sua-empresa\/#breadcrumb\",\"itemListElement\":[{\"@type\":\"ListItem\",\"position\":1,\"name\":\"Home\",\"item\":\"https:\/\/ambipar.com\/latam\/\"},{\"@type\":\"ListItem\",\"position\":2,\"name\":\"ESG\"}]}]}<\/script>\n<!-- \/ Yoast SEO plugin. -->","yoast_head_json":{"title":"ESG \u00e9 com a Ambipar. Conhe\u00e7a nossas solu\u00e7\u00f5es e prepare sua empresa.","description":"A Ambipar tem tudo que as empresas precisam para atingir os \u00edndices ESG e conquistar mais consumidores e investidores.","robots":{"index":"index","follow":"follow","max-snippet":"max-snippet:-1","max-image-preview":"max-image-preview:large","max-video-preview":"max-video-preview:-1"},"canonical":"https:\/\/ambipar.com\/latam\/pt\/esg-e-com-a-ambipar-conheca-as-nossas-solucoes-e-prepare-sua-empresa\/","og_locale":"es_ES","og_type":"article","og_title":"ESG \u00e9 com a Ambipar. Conhe\u00e7a nossas solu\u00e7\u00f5es e prepare sua empresa.","og_description":"A Ambipar tem tudo que as empresas precisam para atingir os \u00edndices ESG e conquistar mais consumidores e investidores.","og_url":"https:\/\/ambipar.com\/latam\/pt\/esg-e-com-a-ambipar-conheca-as-nossas-solucoes-e-prepare-sua-empresa\/","og_site_name":"Ambipar. A l\u00edder em gest\u00e3o ambiental.","article_modified_time":"2021-04-12T22:51:55+00:00","twitter_card":"summary_large_image","schema":{"@context":"https:\/\/schema.org","@graph":[{"@type":"Organization","@id":"https:\/\/ambipar.com\/latam\/#organization","name":"Ambipar","url":"https:\/\/ambipar.com\/latam\/","sameAs":[],"logo":{"@type":"ImageObject","@id":"https:\/\/ambipar.com\/latam\/#logo","inLanguage":"es-CL","url":"https:\/\/ambipar.com\/latam\/wp-content\/uploads\/2020\/10\/ambipar_color.png","contentUrl":"https:\/\/ambipar.com\/latam\/wp-content\/uploads\/2020\/10\/ambipar_color.png","width":174,"height":107,"caption":"Ambipar"},"image":{"@id":"https:\/\/ambipar.com\/latam\/#logo"}},{"@type":"WebSite","@id":"https:\/\/ambipar.com\/latam\/#website","url":"https:\/\/ambipar.com\/latam\/","name":"Ambipar. A l\u00edder em gest\u00e3o ambiental.","description":"Pioneira em solu\u00e7\u00f5es ambientais, a Ambipar atua em todo o territ\u00f3rio nacional oferecendo solu\u00e7\u00f5es integradas para toda a cadeia de neg\u00f3cio.","publisher":{"@id":"https:\/\/ambipar.com\/latam\/#organization"},"potentialAction":[{"@type":"SearchAction","target":{"@type":"EntryPoint","urlTemplate":"https:\/\/ambipar.com\/latam\/?s={search_term_string}"},"query-input":"required name=search_term_string"}],"inLanguage":"es-CL"},{"@type":"WebPage","@id":"https:\/\/ambipar.com\/latam\/pt\/esg-e-com-a-ambipar-conheca-as-nossas-solucoes-e-prepare-sua-empresa\/#webpage","url":"https:\/\/ambipar.com\/latam\/pt\/esg-e-com-a-ambipar-conheca-as-nossas-solucoes-e-prepare-sua-empresa\/","name":"ESG \u00e9 com a Ambipar. Conhe\u00e7a nossas solu\u00e7\u00f5es e prepare sua empresa.","isPartOf":{"@id":"https:\/\/ambipar.com\/latam\/#website"},"datePublished":"2021-04-12T18:08:37+00:00","dateModified":"2021-04-12T22:51:55+00:00","description":"A Ambipar tem tudo que as empresas precisam para atingir os \u00edndices ESG e conquistar mais consumidores e investidores.","breadcrumb":{"@id":"https:\/\/ambipar.com\/latam\/pt\/esg-e-com-a-ambipar-conheca-as-nossas-solucoes-e-prepare-sua-empresa\/#breadcrumb"},"inLanguage":"es-CL","potentialAction":[{"@type":"ReadAction","target":["https:\/\/ambipar.com\/latam\/pt\/esg-e-com-a-ambipar-conheca-as-nossas-solucoes-e-prepare-sua-empresa\/"]}]},{"@type":"BreadcrumbList","@id":"https:\/\/ambipar.com\/latam\/pt\/esg-e-com-a-ambipar-conheca-as-nossas-solucoes-e-prepare-sua-empresa\/#breadcrumb","itemListElement":[{"@type":"ListItem","position":1,"name":"Home","item":"https:\/\/ambipar.com\/latam\/"},{"@type":"ListItem","position":2,"name":"ESG"}]}]}},"_links":{"self":[{"href":"https:\/\/ambipar.com\/latam\/wp-json\/wp\/v2\/pages\/3421"}],"collection":[{"href":"https:\/\/ambipar.com\/latam\/wp-json\/wp\/v2\/pages"}],"about":[{"href":"https:\/\/ambipar.com\/latam\/wp-json\/wp\/v2\/types\/page"}],"author":[{"embeddable":true,"href":"https:\/\/ambipar.com\/latam\/wp-json\/wp\/v2\/users\/1"}],"replies":[{"embeddable":true,"href":"https:\/\/ambipar.com\/latam\/wp-json\/wp\/v2\/comments?post=3421"}],"version-history":[{"count":1,"href":"https:\/\/ambipar.com\/latam\/wp-json\/wp\/v2\/pages\/3421\/revisions"}],"predecessor-version":[{"id":3422,"href":"https:\/\/ambipar.com\/latam\/wp-json\/wp\/v2\/pages\/3421\/revisions\/3422"}],"wp:attachment":[{"href":"https:\/\/ambipar.com\/latam\/wp-json\/wp\/v2\/media?parent=3421"}],"curies":[{"name":"wp","href":"https:\/\/api.w.org\/{rel}","templated":true}]}}