{"id":3579,"date":"2021-06-15T15:16:48","date_gmt":"2021-06-15T18:16:48","guid":{"rendered":"https:\/\/ambipar.com\/latam\/?page_id=3579"},"modified":"2025-01-02T14:42:08","modified_gmt":"2025-01-02T17:42:08","slug":"ambipar-news-es","status":"publish","type":"page","link":"https:\/\/ambipar.com\/latam\/ambipar-news-es\/","title":{"rendered":"Ambipar News"},"content":{"rendered":"","protected":false},"excerpt":{"rendered":"","protected":false},"author":1,"featured_media":0,"parent":0,"menu_order":0,"comment_status":"closed","ping_status":"closed","template":"page-ambipar-news.php","meta":[],"yoast_head":"<!-- This site is optimized with the Yoast SEO plugin v17.6 - https:\/\/yoast.com\/wordpress\/plugins\/seo\/ -->\n<title>Ambipar News. Ambipar. L\u00edder en Gesti\u00f3n Ambiental.<\/title>\n<meta name=\"description\" content=\"Portal de noticias, publicaciones y videos que son referencia en sostenibilidad y gesti\u00f3n ambiental - Ambipar News\" \/>\n<meta name=\"robots\" content=\"index, follow, max-snippet:-1, max-image-preview:large, max-video-preview:-1\" \/>\n<link rel=\"canonical\" href=\"https:\/\/ambipar.com\/latam\/ambipar-news-es\/\" \/>\n<meta property=\"og:locale\" content=\"es_ES\" \/>\n<meta property=\"og:type\" content=\"article\" \/>\n<meta property=\"og:title\" content=\"Ambipar News. Ambipar. L\u00edder en Gesti\u00f3n Ambiental.\" \/>\n<meta property=\"og:description\" content=\"Portal de noticias, publicaciones y videos que son referencia en sostenibilidad y gesti\u00f3n ambiental - Ambipar News\" \/>\n<meta property=\"og:url\" content=\"https:\/\/ambipar.com\/latam\/ambipar-news-es\/\" \/>\n<meta property=\"og:site_name\" content=\"Ambipar. A l\u00edder em gest\u00e3o ambiental.\" \/>\n<meta property=\"article:modified_time\" content=\"2025-01-02T17:42:08+00:00\" \/>\n<meta name=\"twitter:card\" content=\"summary_large_image\" \/>\n<script type=\"application\/ld+json\" class=\"yoast-schema-graph\">{\"@context\":\"https:\/\/schema.org\",\"@graph\":[{\"@type\":\"Organization\",\"@id\":\"https:\/\/ambipar.com\/latam\/#organization\",\"name\":\"Ambipar\",\"url\":\"https:\/\/ambipar.com\/latam\/\",\"sameAs\":[],\"logo\":{\"@type\":\"ImageObject\",\"@id\":\"https:\/\/ambipar.com\/latam\/#logo\",\"inLanguage\":\"es-CL\",\"url\":\"https:\/\/ambipar.com\/latam\/wp-content\/uploads\/2020\/10\/ambipar_color.png\",\"contentUrl\":\"https:\/\/ambipar.com\/latam\/wp-content\/uploads\/2020\/10\/ambipar_color.png\",\"width\":174,\"height\":107,\"caption\":\"Ambipar\"},\"image\":{\"@id\":\"https:\/\/ambipar.com\/latam\/#logo\"}},{\"@type\":\"WebSite\",\"@id\":\"https:\/\/ambipar.com\/latam\/#website\",\"url\":\"https:\/\/ambipar.com\/latam\/\",\"name\":\"Ambipar. A l\\u00edder em gest\\u00e3o ambiental.\",\"description\":\"Pioneira em solu\\u00e7\\u00f5es ambientais, a Ambipar atua em todo o territ\\u00f3rio nacional oferecendo solu\\u00e7\\u00f5es integradas para toda a cadeia de neg\\u00f3cio.\",\"publisher\":{\"@id\":\"https:\/\/ambipar.com\/latam\/#organization\"},\"potentialAction\":[{\"@type\":\"SearchAction\",\"target\":{\"@type\":\"EntryPoint\",\"urlTemplate\":\"https:\/\/ambipar.com\/latam\/?s={search_term_string}\"},\"query-input\":\"required name=search_term_string\"}],\"inLanguage\":\"es-CL\"},{\"@type\":\"WebPage\",\"@id\":\"https:\/\/ambipar.com\/latam\/ambipar-news-es\/#webpage\",\"url\":\"https:\/\/ambipar.com\/latam\/ambipar-news-es\/\",\"name\":\"Ambipar News. Ambipar. L\\u00edder en Gesti\\u00f3n Ambiental.\",\"isPartOf\":{\"@id\":\"https:\/\/ambipar.com\/latam\/#website\"},\"datePublished\":\"2021-06-15T18:16:48+00:00\",\"dateModified\":\"2025-01-02T17:42:08+00:00\",\"description\":\"Portal de noticias, publicaciones y videos que son referencia en sostenibilidad y gesti\\u00f3n ambiental - Ambipar News\",\"breadcrumb\":{\"@id\":\"https:\/\/ambipar.com\/latam\/ambipar-news-es\/#breadcrumb\"},\"inLanguage\":\"es-CL\",\"potentialAction\":[{\"@type\":\"ReadAction\",\"target\":[\"https:\/\/ambipar.com\/latam\/ambipar-news-es\/\"]}]},{\"@type\":\"BreadcrumbList\",\"@id\":\"https:\/\/ambipar.com\/latam\/ambipar-news-es\/#breadcrumb\",\"itemListElement\":[{\"@type\":\"ListItem\",\"position\":1,\"name\":\"Home\",\"item\":\"https:\/\/ambipar.com\/latam\/\"},{\"@type\":\"ListItem\",\"position\":2,\"name\":\"Ambipar News\"}]}]}<\/script>\n<!-- \/ Yoast SEO plugin. -->","yoast_head_json":{"title":"Ambipar News. Ambipar. L\u00edder en Gesti\u00f3n Ambiental.","description":"Portal de noticias, publicaciones y videos que son referencia en sostenibilidad y gesti\u00f3n ambiental - Ambipar News","robots":{"index":"index","follow":"follow","max-snippet":"max-snippet:-1","max-image-preview":"max-image-preview:large","max-video-preview":"max-video-preview:-1"},"canonical":"https:\/\/ambipar.com\/latam\/ambipar-news-es\/","og_locale":"es_ES","og_type":"article","og_title":"Ambipar News. Ambipar. L\u00edder en Gesti\u00f3n Ambiental.","og_description":"Portal de noticias, publicaciones y videos que son referencia en sostenibilidad y gesti\u00f3n ambiental - Ambipar News","og_url":"https:\/\/ambipar.com\/latam\/ambipar-news-es\/","og_site_name":"Ambipar. A l\u00edder em gest\u00e3o ambiental.","article_modified_time":"2025-01-02T17:42:08+00:00","twitter_card":"summary_large_image","schema":{"@context":"https:\/\/schema.org","@graph":[{"@type":"Organization","@id":"https:\/\/ambipar.com\/latam\/#organization","name":"Ambipar","url":"https:\/\/ambipar.com\/latam\/","sameAs":[],"logo":{"@type":"ImageObject","@id":"https:\/\/ambipar.com\/latam\/#logo","inLanguage":"es-CL","url":"https:\/\/ambipar.com\/latam\/wp-content\/uploads\/2020\/10\/ambipar_color.png","contentUrl":"https:\/\/ambipar.com\/latam\/wp-content\/uploads\/2020\/10\/ambipar_color.png","width":174,"height":107,"caption":"Ambipar"},"image":{"@id":"https:\/\/ambipar.com\/latam\/#logo"}},{"@type":"WebSite","@id":"https:\/\/ambipar.com\/latam\/#website","url":"https:\/\/ambipar.com\/latam\/","name":"Ambipar. A l\u00edder em gest\u00e3o ambiental.","description":"Pioneira em solu\u00e7\u00f5es ambientais, a Ambipar atua em todo o territ\u00f3rio nacional oferecendo solu\u00e7\u00f5es integradas para toda a cadeia de neg\u00f3cio.","publisher":{"@id":"https:\/\/ambipar.com\/latam\/#organization"},"potentialAction":[{"@type":"SearchAction","target":{"@type":"EntryPoint","urlTemplate":"https:\/\/ambipar.com\/latam\/?s={search_term_string}"},"query-input":"required name=search_term_string"}],"inLanguage":"es-CL"},{"@type":"WebPage","@id":"https:\/\/ambipar.com\/latam\/ambipar-news-es\/#webpage","url":"https:\/\/ambipar.com\/latam\/ambipar-news-es\/","name":"Ambipar News. Ambipar. L\u00edder en Gesti\u00f3n Ambiental.","isPartOf":{"@id":"https:\/\/ambipar.com\/latam\/#website"},"datePublished":"2021-06-15T18:16:48+00:00","dateModified":"2025-01-02T17:42:08+00:00","description":"Portal de noticias, publicaciones y videos que son referencia en sostenibilidad y gesti\u00f3n ambiental - Ambipar News","breadcrumb":{"@id":"https:\/\/ambipar.com\/latam\/ambipar-news-es\/#breadcrumb"},"inLanguage":"es-CL","potentialAction":[{"@type":"ReadAction","target":["https:\/\/ambipar.com\/latam\/ambipar-news-es\/"]}]},{"@type":"BreadcrumbList","@id":"https:\/\/ambipar.com\/latam\/ambipar-news-es\/#breadcrumb","itemListElement":[{"@type":"ListItem","position":1,"name":"Home","item":"https:\/\/ambipar.com\/latam\/"},{"@type":"ListItem","position":2,"name":"Ambipar News"}]}]}},"_links":{"self":[{"href":"https:\/\/ambipar.com\/latam\/wp-json\/wp\/v2\/pages\/3579"}],"collection":[{"href":"https:\/\/ambipar.com\/latam\/wp-json\/wp\/v2\/pages"}],"about":[{"href":"https:\/\/ambipar.com\/latam\/wp-json\/wp\/v2\/types\/page"}],"author":[{"embeddable":true,"href":"https:\/\/ambipar.com\/latam\/wp-json\/wp\/v2\/users\/1"}],"replies":[{"embeddable":true,"href":"https:\/\/ambipar.com\/latam\/wp-json\/wp\/v2\/comments?post=3579"}],"version-history":[{"count":27,"href":"https:\/\/ambipar.com\/latam\/wp-json\/wp\/v2\/pages\/3579\/revisions"}],"predecessor-version":[{"id":4852,"href":"https:\/\/ambipar.com\/latam\/wp-json\/wp\/v2\/pages\/3579\/revisions\/4852"}],"wp:attachment":[{"href":"https:\/\/ambipar.com\/latam\/wp-json\/wp\/v2\/media?parent=3579"}],"curies":[{"name":"wp","href":"https:\/\/api.w.org\/{rel}","templated":true}]}}