{"id":362,"date":"2020-10-27T17:03:00","date_gmt":"2020-10-27T20:03:00","guid":{"rendered":"https:\/\/ambipar.com\/latam\/?page_id=362"},"modified":"2021-01-05T20:05:13","modified_gmt":"2021-01-05T23:05:13","slug":"engenharia-ambiental","status":"publish","type":"page","link":"https:\/\/ambipar.com\/latam\/pt\/ambipar-environment\/gestao-e-valorizacao-de-residuos\/engenharia-ambiental\/","title":{"rendered":"Engenharia Ambiental"},"content":{"rendered":"\n<p>A Ambipar possui um departamento de engenharia com vasta experi\u00eancia na elabora\u00e7\u00e3o, implanta\u00e7\u00e3o e opera\u00e7\u00e3o de projetos da \u00e1rea ambiental, tais como:<\/p>\n\n\n\n<ul id=\"block-a09227fe-2846-4cd8-814e-ae901d5ee880\"><li><a href=\"https:\/\/ambipar.com\/latam\/ambipar-environment\/gestao-e-valorizacao-de-residuos\/engenharia-ambiental\/analises-laboratoriais\/\">An\u00e1lises laboratoriais<\/a><\/li><li><a href=\"https:\/\/ambipar.com\/latam\/ambipar-environment\/gestao-e-valorizacao-de-residuos\/engenharia-ambiental\/caracterizacao-e-classificacao-de-residuos\/\">Caracteriza\u00e7\u00e3o e Classifica\u00e7\u00e3o de res\u00edduos<\/a><\/li><li><a href=\"https:\/\/ambipar.com\/latam\/ambipar-environment\/gestao-e-valorizacao-de-residuos\/engenharia-ambiental\/fdsr-ficha-de-dados-de-seguranca-de-residuos\/\">FDSR \u2013 Ficha de Dados de Seguran\u00e7a de Res\u00edduos<\/a><\/li><li><a href=\"https:\/\/ambipar.com\/latam\/ambipar-environment\/gestao-e-valorizacao-de-residuos\/engenharia-ambiental\/pgrs-programa-de-gerenciamento-de-residuos-solidos\/\">PGRS &#8211; Programa de Gerenciamento de Res\u00edduos S\u00f3lidos<\/a><\/li><li><a href=\"https:\/\/ambipar.com\/latam\/ambipar-environment\/gestao-e-valorizacao-de-residuos\/engenharia-ambiental\/licenciamento-ambiental\/\">Licenciamento Ambiental<\/a><\/li><li><a href=\"https:\/\/ambipar.com\/latam\/ambipar-environment\/gestao-e-valorizacao-de-residuos\/engenharia-ambiental\/projeto-e-execucao-ete-centrais-de-tratamento-patios-de-compostagem\/\">Projeto e Execu\u00e7\u00e3o (ETE, Centrais de tratamento, P\u00e1tios de compostagem)<\/a><\/li><li><a href=\"https:\/\/ambipar.com\/latam\/ambipar-environment\/gestao-e-valorizacao-de-residuos\/engenharia-ambiental\/dragagem-e-desassoreamento-de-corpos-hidricos\/\">Dragagem e desassoreamento de corpos h\u00eddricos<\/a><\/li><\/ul>\n\n\n\n<p>Veja tamb\u00e9m:<\/p>\n\n\n\n<ul><li><a href=\"\/ambipar-environment\/gestao-e-valorizacao-de-residuos\/tratamento-de-residuos\/\">Tratamento de Res\u00edduos<\/a><\/li><li><a href=\"\/ambipar-environment\/gestao-e-valorizacao-de-residuos\/pesquisa-desenvolvimento-inovacao-pdi\/\">Pesquisa Desenvolvimento &amp; Inova\u00e7\u00e3o (PD&amp;I)<\/a><\/li><li><a href=\"https:\/\/ambipar.com\/latam\/ambipar-environment\/gestao-e-valorizacao-de-residuos\/valorizacao-agronomica\/\">Valoriza\u00e7\u00e3o Agron\u00f4mica<\/a><\/li><\/ul>\n","protected":false},"excerpt":{"rendered":"A Ambipar possui um departamento de engenharia com vasta experi\u00eancia na elabora\u00e7\u00e3o, implanta\u00e7\u00e3o e opera\u00e7\u00e3o de projetos da \u00e1rea ambiental, tais como: An\u00e1lises laboratoriais Caracteriza\u00e7\u00e3o e Classifica\u00e7\u00e3o de res\u00edduos FDSR \u2013 Ficha de Dados de Seguran\u00e7a de Res\u00edduos PGRS &#8211; Programa de Gerenciamento de Res\u00edduos S\u00f3lidos Licenciamento Ambiental Projeto e Execu\u00e7\u00e3o (ETE, Centrais de tratamento,&#8230; <a class=\"view-article\" href=\"https:\/\/ambipar.com\/latam\/pt\/ambipar-environment\/gestao-e-valorizacao-de-residuos\/engenharia-ambiental\/\">Ver art\u00edculo<\/a>","protected":false},"author":1,"featured_media":1305,"parent":162,"menu_order":0,"comment_status":"closed","ping_status":"closed","template":"single-servicos.php","meta":[],"yoast_head":"<!-- This site is optimized with the Yoast SEO plugin v17.6 - https:\/\/yoast.com\/wordpress\/plugins\/seo\/ -->\n<title>Conhe\u00e7a as solu\u00e7\u00f5es da Ambipar Environment para Engenharia Ambiental<\/title>\n<meta name=\"description\" content=\"A Ambipar possui um departamento de engenharia com vasta experi\u00eancia na elabora\u00e7\u00e3o, implanta\u00e7\u00e3o e opera\u00e7\u00e3o de projetos da \u00e1rea ambiental\" \/>\n<meta name=\"robots\" content=\"index, follow, max-snippet:-1, max-image-preview:large, max-video-preview:-1\" \/>\n<link rel=\"canonical\" href=\"https:\/\/ambipar.com\/latam\/pt\/ambipar-environment\/gestao-e-valorizacao-de-residuos\/engenharia-ambiental\/\" \/>\n<meta property=\"og:locale\" content=\"es_ES\" \/>\n<meta property=\"og:type\" content=\"article\" \/>\n<meta property=\"og:title\" content=\"Conhe\u00e7a as solu\u00e7\u00f5es da Ambipar Environment para Engenharia Ambiental\" \/>\n<meta property=\"og:description\" content=\"A Ambipar possui um departamento de engenharia com vasta experi\u00eancia na elabora\u00e7\u00e3o, implanta\u00e7\u00e3o e opera\u00e7\u00e3o de projetos da \u00e1rea ambiental\" \/>\n<meta property=\"og:url\" content=\"https:\/\/ambipar.com\/latam\/pt\/ambipar-environment\/gestao-e-valorizacao-de-residuos\/engenharia-ambiental\/\" \/>\n<meta property=\"og:site_name\" content=\"Ambipar. A l\u00edder em gest\u00e3o ambiental.\" \/>\n<meta property=\"article:modified_time\" content=\"2021-01-05T23:05:13+00:00\" \/>\n<meta property=\"og:image\" content=\"https:\/\/ambipar.com\/latam\/wp-content\/uploads\/2020\/11\/engenharia.jpg\" \/>\n\t<meta property=\"og:image:width\" content=\"1000\" \/>\n\t<meta property=\"og:image:height\" content=\"834\" \/>\n<meta name=\"twitter:card\" content=\"summary_large_image\" \/>\n<script type=\"application\/ld+json\" class=\"yoast-schema-graph\">{\"@context\":\"https:\/\/schema.org\",\"@graph\":[{\"@type\":\"Organization\",\"@id\":\"https:\/\/ambipar.com\/latam\/#organization\",\"name\":\"Ambipar\",\"url\":\"https:\/\/ambipar.com\/latam\/\",\"sameAs\":[],\"logo\":{\"@type\":\"ImageObject\",\"@id\":\"https:\/\/ambipar.com\/latam\/#logo\",\"inLanguage\":\"es-CL\",\"url\":\"https:\/\/ambipar.com\/latam\/wp-content\/uploads\/2020\/10\/ambipar_color.png\",\"contentUrl\":\"https:\/\/ambipar.com\/latam\/wp-content\/uploads\/2020\/10\/ambipar_color.png\",\"width\":174,\"height\":107,\"caption\":\"Ambipar\"},\"image\":{\"@id\":\"https:\/\/ambipar.com\/latam\/#logo\"}},{\"@type\":\"WebSite\",\"@id\":\"https:\/\/ambipar.com\/latam\/#website\",\"url\":\"https:\/\/ambipar.com\/latam\/\",\"name\":\"Ambipar. A l\\u00edder em gest\\u00e3o ambiental.\",\"description\":\"Pioneira em solu\\u00e7\\u00f5es ambientais, a Ambipar atua em todo o territ\\u00f3rio nacional oferecendo solu\\u00e7\\u00f5es integradas para toda a cadeia de neg\\u00f3cio.\",\"publisher\":{\"@id\":\"https:\/\/ambipar.com\/latam\/#organization\"},\"potentialAction\":[{\"@type\":\"SearchAction\",\"target\":{\"@type\":\"EntryPoint\",\"urlTemplate\":\"https:\/\/ambipar.com\/latam\/?s={search_term_string}\"},\"query-input\":\"required name=search_term_string\"}],\"inLanguage\":\"es-CL\"},{\"@type\":\"ImageObject\",\"@id\":\"https:\/\/ambipar.com\/latam\/pt\/ambipar-environment\/gestao-e-valorizacao-de-residuos\/engenharia-ambiental\/#primaryimage\",\"inLanguage\":\"es-CL\",\"url\":\"https:\/\/ambipar.com\/latam\/wp-content\/uploads\/2020\/11\/engenharia.jpg\",\"contentUrl\":\"https:\/\/ambipar.com\/latam\/wp-content\/uploads\/2020\/11\/engenharia.jpg\",\"width\":1000,\"height\":834,\"caption\":\"Engenharia\"},{\"@type\":\"WebPage\",\"@id\":\"https:\/\/ambipar.com\/latam\/pt\/ambipar-environment\/gestao-e-valorizacao-de-residuos\/engenharia-ambiental\/#webpage\",\"url\":\"https:\/\/ambipar.com\/latam\/pt\/ambipar-environment\/gestao-e-valorizacao-de-residuos\/engenharia-ambiental\/\",\"name\":\"Conhe\\u00e7a as solu\\u00e7\\u00f5es da Ambipar Environment para Engenharia Ambiental\",\"isPartOf\":{\"@id\":\"https:\/\/ambipar.com\/latam\/#website\"},\"primaryImageOfPage\":{\"@id\":\"https:\/\/ambipar.com\/latam\/pt\/ambipar-environment\/gestao-e-valorizacao-de-residuos\/engenharia-ambiental\/#primaryimage\"},\"datePublished\":\"2020-10-27T20:03:00+00:00\",\"dateModified\":\"2021-01-05T23:05:13+00:00\",\"description\":\"A Ambipar possui um departamento de engenharia com vasta experi\\u00eancia na elabora\\u00e7\\u00e3o, implanta\\u00e7\\u00e3o e opera\\u00e7\\u00e3o de projetos da \\u00e1rea ambiental\",\"breadcrumb\":{\"@id\":\"https:\/\/ambipar.com\/latam\/pt\/ambipar-environment\/gestao-e-valorizacao-de-residuos\/engenharia-ambiental\/#breadcrumb\"},\"inLanguage\":\"es-CL\",\"potentialAction\":[{\"@type\":\"ReadAction\",\"target\":[\"https:\/\/ambipar.com\/latam\/pt\/ambipar-environment\/gestao-e-valorizacao-de-residuos\/engenharia-ambiental\/\"]}]},{\"@type\":\"BreadcrumbList\",\"@id\":\"https:\/\/ambipar.com\/latam\/pt\/ambipar-environment\/gestao-e-valorizacao-de-residuos\/engenharia-ambiental\/#breadcrumb\",\"itemListElement\":[{\"@type\":\"ListItem\",\"position\":1,\"name\":\"Home\",\"item\":\"https:\/\/ambipar.com\/latam\/\"},{\"@type\":\"ListItem\",\"position\":2,\"name\":\"Ambipar Environment\",\"item\":\"https:\/\/ambipar.com\/latam\/pt\/ambipar-environment\/\"},{\"@type\":\"ListItem\",\"position\":3,\"name\":\"Gest\\u00e3o e Valoriza\\u00e7\\u00e3o de res\\u00edduos\",\"item\":\"https:\/\/ambipar.com\/latam\/pt\/ambipar-environment\/gestao-e-valorizacao-de-residuos\/\"},{\"@type\":\"ListItem\",\"position\":4,\"name\":\"Engenharia Ambiental\"}]}]}<\/script>\n<!-- \/ Yoast SEO plugin. -->","yoast_head_json":{"title":"Conhe\u00e7a as solu\u00e7\u00f5es da Ambipar Environment para Engenharia Ambiental","description":"A Ambipar possui um departamento de engenharia com vasta experi\u00eancia na elabora\u00e7\u00e3o, implanta\u00e7\u00e3o e opera\u00e7\u00e3o de projetos da \u00e1rea ambiental","robots":{"index":"index","follow":"follow","max-snippet":"max-snippet:-1","max-image-preview":"max-image-preview:large","max-video-preview":"max-video-preview:-1"},"canonical":"https:\/\/ambipar.com\/latam\/pt\/ambipar-environment\/gestao-e-valorizacao-de-residuos\/engenharia-ambiental\/","og_locale":"es_ES","og_type":"article","og_title":"Conhe\u00e7a as solu\u00e7\u00f5es da Ambipar Environment para Engenharia Ambiental","og_description":"A Ambipar possui um departamento de engenharia com vasta experi\u00eancia na elabora\u00e7\u00e3o, implanta\u00e7\u00e3o e opera\u00e7\u00e3o de projetos da \u00e1rea ambiental","og_url":"https:\/\/ambipar.com\/latam\/pt\/ambipar-environment\/gestao-e-valorizacao-de-residuos\/engenharia-ambiental\/","og_site_name":"Ambipar. A l\u00edder em gest\u00e3o ambiental.","article_modified_time":"2021-01-05T23:05:13+00:00","og_image":[{"width":1000,"height":834,"url":"https:\/\/ambipar.com\/latam\/wp-content\/uploads\/2020\/11\/engenharia.jpg","type":"image\/jpeg"}],"twitter_card":"summary_large_image","schema":{"@context":"https:\/\/schema.org","@graph":[{"@type":"Organization","@id":"https:\/\/ambipar.com\/latam\/#organization","name":"Ambipar","url":"https:\/\/ambipar.com\/latam\/","sameAs":[],"logo":{"@type":"ImageObject","@id":"https:\/\/ambipar.com\/latam\/#logo","inLanguage":"es-CL","url":"https:\/\/ambipar.com\/latam\/wp-content\/uploads\/2020\/10\/ambipar_color.png","contentUrl":"https:\/\/ambipar.com\/latam\/wp-content\/uploads\/2020\/10\/ambipar_color.png","width":174,"height":107,"caption":"Ambipar"},"image":{"@id":"https:\/\/ambipar.com\/latam\/#logo"}},{"@type":"WebSite","@id":"https:\/\/ambipar.com\/latam\/#website","url":"https:\/\/ambipar.com\/latam\/","name":"Ambipar. A l\u00edder em gest\u00e3o ambiental.","description":"Pioneira em solu\u00e7\u00f5es ambientais, a Ambipar atua em todo o territ\u00f3rio nacional oferecendo solu\u00e7\u00f5es integradas para toda a cadeia de neg\u00f3cio.","publisher":{"@id":"https:\/\/ambipar.com\/latam\/#organization"},"potentialAction":[{"@type":"SearchAction","target":{"@type":"EntryPoint","urlTemplate":"https:\/\/ambipar.com\/latam\/?s={search_term_string}"},"query-input":"required name=search_term_string"}],"inLanguage":"es-CL"},{"@type":"ImageObject","@id":"https:\/\/ambipar.com\/latam\/pt\/ambipar-environment\/gestao-e-valorizacao-de-residuos\/engenharia-ambiental\/#primaryimage","inLanguage":"es-CL","url":"https:\/\/ambipar.com\/latam\/wp-content\/uploads\/2020\/11\/engenharia.jpg","contentUrl":"https:\/\/ambipar.com\/latam\/wp-content\/uploads\/2020\/11\/engenharia.jpg","width":1000,"height":834,"caption":"Engenharia"},{"@type":"WebPage","@id":"https:\/\/ambipar.com\/latam\/pt\/ambipar-environment\/gestao-e-valorizacao-de-residuos\/engenharia-ambiental\/#webpage","url":"https:\/\/ambipar.com\/latam\/pt\/ambipar-environment\/gestao-e-valorizacao-de-residuos\/engenharia-ambiental\/","name":"Conhe\u00e7a as solu\u00e7\u00f5es da Ambipar Environment para Engenharia Ambiental","isPartOf":{"@id":"https:\/\/ambipar.com\/latam\/#website"},"primaryImageOfPage":{"@id":"https:\/\/ambipar.com\/latam\/pt\/ambipar-environment\/gestao-e-valorizacao-de-residuos\/engenharia-ambiental\/#primaryimage"},"datePublished":"2020-10-27T20:03:00+00:00","dateModified":"2021-01-05T23:05:13+00:00","description":"A Ambipar possui um departamento de engenharia com vasta experi\u00eancia na elabora\u00e7\u00e3o, implanta\u00e7\u00e3o e opera\u00e7\u00e3o de projetos da \u00e1rea ambiental","breadcrumb":{"@id":"https:\/\/ambipar.com\/latam\/pt\/ambipar-environment\/gestao-e-valorizacao-de-residuos\/engenharia-ambiental\/#breadcrumb"},"inLanguage":"es-CL","potentialAction":[{"@type":"ReadAction","target":["https:\/\/ambipar.com\/latam\/pt\/ambipar-environment\/gestao-e-valorizacao-de-residuos\/engenharia-ambiental\/"]}]},{"@type":"BreadcrumbList","@id":"https:\/\/ambipar.com\/latam\/pt\/ambipar-environment\/gestao-e-valorizacao-de-residuos\/engenharia-ambiental\/#breadcrumb","itemListElement":[{"@type":"ListItem","position":1,"name":"Home","item":"https:\/\/ambipar.com\/latam\/"},{"@type":"ListItem","position":2,"name":"Ambipar Environment","item":"https:\/\/ambipar.com\/latam\/pt\/ambipar-environment\/"},{"@type":"ListItem","position":3,"name":"Gest\u00e3o e Valoriza\u00e7\u00e3o de res\u00edduos","item":"https:\/\/ambipar.com\/latam\/pt\/ambipar-environment\/gestao-e-valorizacao-de-residuos\/"},{"@type":"ListItem","position":4,"name":"Engenharia Ambiental"}]}]}},"_links":{"self":[{"href":"https:\/\/ambipar.com\/latam\/wp-json\/wp\/v2\/pages\/362"}],"collection":[{"href":"https:\/\/ambipar.com\/latam\/wp-json\/wp\/v2\/pages"}],"about":[{"href":"https:\/\/ambipar.com\/latam\/wp-json\/wp\/v2\/types\/page"}],"author":[{"embeddable":true,"href":"https:\/\/ambipar.com\/latam\/wp-json\/wp\/v2\/users\/1"}],"replies":[{"embeddable":true,"href":"https:\/\/ambipar.com\/latam\/wp-json\/wp\/v2\/comments?post=362"}],"version-history":[{"count":3,"href":"https:\/\/ambipar.com\/latam\/wp-json\/wp\/v2\/pages\/362\/revisions"}],"predecessor-version":[{"id":1334,"href":"https:\/\/ambipar.com\/latam\/wp-json\/wp\/v2\/pages\/362\/revisions\/1334"}],"up":[{"embeddable":true,"href":"https:\/\/ambipar.com\/latam\/wp-json\/wp\/v2\/pages\/162"}],"wp:featuredmedia":[{"embeddable":true,"href":"https:\/\/ambipar.com\/latam\/wp-json\/wp\/v2\/media\/1305"}],"wp:attachment":[{"href":"https:\/\/ambipar.com\/latam\/wp-json\/wp\/v2\/media?parent=362"}],"curies":[{"name":"wp","href":"https:\/\/api.w.org\/{rel}","templated":true}]}}