{"id":376,"date":"2020-10-28T05:11:00","date_gmt":"2020-10-28T08:11:00","guid":{"rendered":"https:\/\/ambipar.com\/latam\/?page_id=376"},"modified":"2021-01-05T20:36:00","modified_gmt":"2021-01-05T23:36:00","slug":"estudo-de-analise-de-riscos","status":"publish","type":"page","link":"https:\/\/ambipar.com\/latam\/pt\/ambipar-response\/prevencao-de-acidentes\/estudo-de-analise-de-riscos\/","title":{"rendered":"Estudo de An\u00e1lise de Riscos  (EAR)"},"content":{"rendered":"\n<p>Os Estudos de An\u00e1lises de Riscos de acidentes em plantas industriais s\u00e3o elaborados com base nas principais Normas T\u00e9cnicas Nacionais e Internacionais. Os estudos elaborados pela equipe Ambipar atendem integralmente as exig\u00eancias estabelecidas pelos \u00f3rg\u00e3os ambientais estaduais nos processos de licenciamento do empreendimento, tais como CETESB, FEPAM, INEA, INEMA, entre outros.<\/p>\n\n\n\n<p>Nos estudos de an\u00e1lise de riscos, s\u00e3o realizados levantamento de campo para obten\u00e7\u00e3o de informa\u00e7\u00f5es sobre os processos industriais, caracteriza\u00e7\u00e3o do local e identifica\u00e7\u00e3o da popula\u00e7\u00e3o do entorno. Em seguida, com base em t\u00e9cnicas de identifica\u00e7\u00e3o de perigos, s\u00e3o realizadas as estimativas de frequ\u00eancias e de efeitos f\u00edsicos, avalia\u00e7\u00e3o de vulnerabilidade e a probabilidade de ocorr\u00eancia do risco.<\/p>\n\n\n\n<p>Veja tamb\u00e9m:<\/p>\n\n\n\n<ul><li><a href=\"https:\/\/ambipar.com\/latam\/ambipar-response\/prevencao-de-acidentes\/programa-de-gerenciamento-de-riscos\/\">Programa de Gerenciamento de Riscos (PGR)<\/a><\/li><li><a href=\"https:\/\/ambipar.com\/latam\/ambipar-response\/prevencao-de-acidentes\/plano-de-acao-em-emergencia-pae\/\">Plano de A\u00e7\u00e3o em Emerg\u00eancia (PAE)<\/a><\/li><li><a href=\"https:\/\/ambipar.com\/latam\/ambipar-response\/prevencao-de-acidentes\/plano-de-emergencia-individual-pei\/\">Plano de Emerg\u00eancia Individual (PEI)<\/a><\/li><li><a href=\"https:\/\/ambipar.com\/latam\/ambipar-response\/prevencao-de-acidentes\/webmapping\/\">Webmapping<\/a><\/li><li><a href=\"https:\/\/ambipar.com\/latam\/ambipar-response\/prevencao-de-acidentes\/plano-de-area-pa\/\">Plano de \u00c1rea (PA)<\/a><\/li><li><a href=\"https:\/\/ambipar.com\/latam\/ambipar-response\/prevencao-de-acidentes\/plano-de-controle-de-emergencia-pce\/\">Plano de Controle de Emerg\u00eancia (PCE)<\/a><\/li><li><a href=\"https:\/\/ambipar.com\/latam\/ambipar-response\/prevencao-de-acidentes\/planejamento-de-simulados\/\">Planejamento de Simulados<\/a><\/li><li>Assessoria T\u00e9cnica em Legisla\u00e7\u00e3o de Armazenagem e Transporte de Produtos Perigosos:<ul><li><a href=\"https:\/\/ambipar.com\/latam\/ambipar-response\/prevencao-de-acidentes\/licenciamento-ambiental\/\">Licenciamento ambiental<\/a><\/li><li><a href=\"https:\/\/ambipar.com\/latam\/ambipar-response\/prevencao-de-acidentes\/licenca-especial-de-transito-para-produtos-perigosos-letpp\/\">Licen\u00e7a Especial de Tr\u00e2nsito para Produtos Perigosos (LETPP)<\/a><\/li><\/ul><ul><li><a href=\"https:\/\/ambipar.com\/latam\/ambipar-response\/prevencao-de-acidentes\/documentos-tecnicos\/\">Documentos t\u00e9cnicos<\/a><\/li><li><a href=\"https:\/\/ambipar.com\/latam\/ambipar-response\/prevencao-de-acidentes\/manuais\/\">Manuais<\/a><\/li><\/ul><\/li><\/ul>\n","protected":false},"excerpt":{"rendered":"Os Estudos de An\u00e1lises de Riscos de acidentes em plantas industriais s\u00e3o elaborados com base nas principais Normas T\u00e9cnicas Nacionais e Internacionais. Os estudos elaborados pela equipe Ambipar atendem integralmente as exig\u00eancias estabelecidas pelos \u00f3rg\u00e3os ambientais estaduais nos processos de licenciamento do empreendimento, tais como CETESB, FEPAM, INEA, INEMA, entre outros. Nos estudos de an\u00e1lise&#8230; <a class=\"view-article\" href=\"https:\/\/ambipar.com\/latam\/pt\/ambipar-response\/prevencao-de-acidentes\/estudo-de-analise-de-riscos\/\">Ver art\u00edculo<\/a>","protected":false},"author":1,"featured_media":379,"parent":374,"menu_order":0,"comment_status":"closed","ping_status":"closed","template":"single-servicos.php","meta":[],"yoast_head":"<!-- This site is optimized with the Yoast SEO plugin v17.6 - https:\/\/yoast.com\/wordpress\/plugins\/seo\/ -->\n<title>Conhe\u00e7a o Estudo de An\u00e1lise de Riscos (EAR) oferecido pela Ambipar<\/title>\n<meta name=\"description\" content=\"Os Estudos de An\u00e1lises de Riscos de acidentes em plantas industriais s\u00e3o elaborados com base nas principais Normas T\u00e9cnicas.\" \/>\n<meta name=\"robots\" content=\"index, follow, max-snippet:-1, max-image-preview:large, max-video-preview:-1\" \/>\n<link rel=\"canonical\" href=\"https:\/\/ambipar.com\/latam\/pt\/ambipar-response\/prevencao-de-acidentes\/estudo-de-analise-de-riscos\/\" \/>\n<meta property=\"og:locale\" content=\"es_ES\" \/>\n<meta property=\"og:type\" content=\"article\" \/>\n<meta property=\"og:title\" content=\"Conhe\u00e7a o Estudo de An\u00e1lise de Riscos (EAR) oferecido pela Ambipar\" \/>\n<meta property=\"og:description\" content=\"Os Estudos de An\u00e1lises de Riscos de acidentes em plantas industriais s\u00e3o elaborados com base nas principais Normas T\u00e9cnicas.\" \/>\n<meta property=\"og:url\" content=\"https:\/\/ambipar.com\/latam\/pt\/ambipar-response\/prevencao-de-acidentes\/estudo-de-analise-de-riscos\/\" \/>\n<meta property=\"og:site_name\" content=\"Ambipar. A l\u00edder em gest\u00e3o ambiental.\" \/>\n<meta property=\"article:modified_time\" content=\"2021-01-05T23:36:00+00:00\" \/>\n<meta property=\"og:image\" content=\"https:\/\/ambipar.com\/latam\/wp-content\/uploads\/2020\/10\/tanque-de-armazenamento-e-refinaria_EDITED.jpg\" \/>\n\t<meta property=\"og:image:width\" content=\"1008\" \/>\n\t<meta property=\"og:image:height\" content=\"1004\" \/>\n<meta name=\"twitter:card\" content=\"summary_large_image\" \/>\n<meta name=\"twitter:label1\" content=\"Est. reading time\" \/>\n\t<meta name=\"twitter:data1\" content=\"1 minuto\" \/>\n<script type=\"application\/ld+json\" class=\"yoast-schema-graph\">{\"@context\":\"https:\/\/schema.org\",\"@graph\":[{\"@type\":\"Organization\",\"@id\":\"https:\/\/ambipar.com\/latam\/#organization\",\"name\":\"Ambipar\",\"url\":\"https:\/\/ambipar.com\/latam\/\",\"sameAs\":[],\"logo\":{\"@type\":\"ImageObject\",\"@id\":\"https:\/\/ambipar.com\/latam\/#logo\",\"inLanguage\":\"es-CL\",\"url\":\"https:\/\/ambipar.com\/latam\/wp-content\/uploads\/2020\/10\/ambipar_color.png\",\"contentUrl\":\"https:\/\/ambipar.com\/latam\/wp-content\/uploads\/2020\/10\/ambipar_color.png\",\"width\":174,\"height\":107,\"caption\":\"Ambipar\"},\"image\":{\"@id\":\"https:\/\/ambipar.com\/latam\/#logo\"}},{\"@type\":\"WebSite\",\"@id\":\"https:\/\/ambipar.com\/latam\/#website\",\"url\":\"https:\/\/ambipar.com\/latam\/\",\"name\":\"Ambipar. A l\\u00edder em gest\\u00e3o ambiental.\",\"description\":\"Pioneira em solu\\u00e7\\u00f5es ambientais, a Ambipar atua em todo o territ\\u00f3rio nacional oferecendo solu\\u00e7\\u00f5es integradas para toda a cadeia de neg\\u00f3cio.\",\"publisher\":{\"@id\":\"https:\/\/ambipar.com\/latam\/#organization\"},\"potentialAction\":[{\"@type\":\"SearchAction\",\"target\":{\"@type\":\"EntryPoint\",\"urlTemplate\":\"https:\/\/ambipar.com\/latam\/?s={search_term_string}\"},\"query-input\":\"required name=search_term_string\"}],\"inLanguage\":\"es-CL\"},{\"@type\":\"ImageObject\",\"@id\":\"https:\/\/ambipar.com\/latam\/pt\/ambipar-response\/prevencao-de-acidentes\/estudo-de-analise-de-riscos\/#primaryimage\",\"inLanguage\":\"es-CL\",\"url\":\"https:\/\/ambipar.com\/latam\/wp-content\/uploads\/2020\/10\/tanque-de-armazenamento-e-refinaria_EDITED.jpg\",\"contentUrl\":\"https:\/\/ambipar.com\/latam\/wp-content\/uploads\/2020\/10\/tanque-de-armazenamento-e-refinaria_EDITED.jpg\",\"width\":1008,\"height\":1004,\"caption\":\"tanque de armazenamento e refinaria_\"},{\"@type\":\"WebPage\",\"@id\":\"https:\/\/ambipar.com\/latam\/pt\/ambipar-response\/prevencao-de-acidentes\/estudo-de-analise-de-riscos\/#webpage\",\"url\":\"https:\/\/ambipar.com\/latam\/pt\/ambipar-response\/prevencao-de-acidentes\/estudo-de-analise-de-riscos\/\",\"name\":\"Conhe\\u00e7a o Estudo de An\\u00e1lise de Riscos (EAR) oferecido pela Ambipar\",\"isPartOf\":{\"@id\":\"https:\/\/ambipar.com\/latam\/#website\"},\"primaryImageOfPage\":{\"@id\":\"https:\/\/ambipar.com\/latam\/pt\/ambipar-response\/prevencao-de-acidentes\/estudo-de-analise-de-riscos\/#primaryimage\"},\"datePublished\":\"2020-10-28T08:11:00+00:00\",\"dateModified\":\"2021-01-05T23:36:00+00:00\",\"description\":\"Os Estudos de An\\u00e1lises de Riscos de acidentes em plantas industriais s\\u00e3o elaborados com base nas principais Normas T\\u00e9cnicas.\",\"breadcrumb\":{\"@id\":\"https:\/\/ambipar.com\/latam\/pt\/ambipar-response\/prevencao-de-acidentes\/estudo-de-analise-de-riscos\/#breadcrumb\"},\"inLanguage\":\"es-CL\",\"potentialAction\":[{\"@type\":\"ReadAction\",\"target\":[\"https:\/\/ambipar.com\/latam\/pt\/ambipar-response\/prevencao-de-acidentes\/estudo-de-analise-de-riscos\/\"]}]},{\"@type\":\"BreadcrumbList\",\"@id\":\"https:\/\/ambipar.com\/latam\/pt\/ambipar-response\/prevencao-de-acidentes\/estudo-de-analise-de-riscos\/#breadcrumb\",\"itemListElement\":[{\"@type\":\"ListItem\",\"position\":1,\"name\":\"Home\",\"item\":\"https:\/\/ambipar.com\/latam\/\"},{\"@type\":\"ListItem\",\"position\":2,\"name\":\"Ambipar Response\",\"item\":\"https:\/\/ambipar.com\/latam\/pt\/ambipar-response\/\"},{\"@type\":\"ListItem\",\"position\":3,\"name\":\"Preven\\u00e7\\u00e3o de Acidentes\",\"item\":\"https:\/\/ambipar.com\/latam\/pt\/ambipar-response\/prevencao-de-acidentes\/\"},{\"@type\":\"ListItem\",\"position\":4,\"name\":\"Estudo de An\\u00e1lise de Riscos (EAR)\"}]}]}<\/script>\n<!-- \/ Yoast SEO plugin. -->","yoast_head_json":{"title":"Conhe\u00e7a o Estudo de An\u00e1lise de Riscos (EAR) oferecido pela Ambipar","description":"Os Estudos de An\u00e1lises de Riscos de acidentes em plantas industriais s\u00e3o elaborados com base nas principais Normas T\u00e9cnicas.","robots":{"index":"index","follow":"follow","max-snippet":"max-snippet:-1","max-image-preview":"max-image-preview:large","max-video-preview":"max-video-preview:-1"},"canonical":"https:\/\/ambipar.com\/latam\/pt\/ambipar-response\/prevencao-de-acidentes\/estudo-de-analise-de-riscos\/","og_locale":"es_ES","og_type":"article","og_title":"Conhe\u00e7a o Estudo de An\u00e1lise de Riscos (EAR) oferecido pela Ambipar","og_description":"Os Estudos de An\u00e1lises de Riscos de acidentes em plantas industriais s\u00e3o elaborados com base nas principais Normas T\u00e9cnicas.","og_url":"https:\/\/ambipar.com\/latam\/pt\/ambipar-response\/prevencao-de-acidentes\/estudo-de-analise-de-riscos\/","og_site_name":"Ambipar. A l\u00edder em gest\u00e3o ambiental.","article_modified_time":"2021-01-05T23:36:00+00:00","og_image":[{"width":1008,"height":1004,"url":"https:\/\/ambipar.com\/latam\/wp-content\/uploads\/2020\/10\/tanque-de-armazenamento-e-refinaria_EDITED.jpg","type":"image\/jpeg"}],"twitter_card":"summary_large_image","twitter_misc":{"Est. reading time":"1 minuto"},"schema":{"@context":"https:\/\/schema.org","@graph":[{"@type":"Organization","@id":"https:\/\/ambipar.com\/latam\/#organization","name":"Ambipar","url":"https:\/\/ambipar.com\/latam\/","sameAs":[],"logo":{"@type":"ImageObject","@id":"https:\/\/ambipar.com\/latam\/#logo","inLanguage":"es-CL","url":"https:\/\/ambipar.com\/latam\/wp-content\/uploads\/2020\/10\/ambipar_color.png","contentUrl":"https:\/\/ambipar.com\/latam\/wp-content\/uploads\/2020\/10\/ambipar_color.png","width":174,"height":107,"caption":"Ambipar"},"image":{"@id":"https:\/\/ambipar.com\/latam\/#logo"}},{"@type":"WebSite","@id":"https:\/\/ambipar.com\/latam\/#website","url":"https:\/\/ambipar.com\/latam\/","name":"Ambipar. A l\u00edder em gest\u00e3o ambiental.","description":"Pioneira em solu\u00e7\u00f5es ambientais, a Ambipar atua em todo o territ\u00f3rio nacional oferecendo solu\u00e7\u00f5es integradas para toda a cadeia de neg\u00f3cio.","publisher":{"@id":"https:\/\/ambipar.com\/latam\/#organization"},"potentialAction":[{"@type":"SearchAction","target":{"@type":"EntryPoint","urlTemplate":"https:\/\/ambipar.com\/latam\/?s={search_term_string}"},"query-input":"required name=search_term_string"}],"inLanguage":"es-CL"},{"@type":"ImageObject","@id":"https:\/\/ambipar.com\/latam\/pt\/ambipar-response\/prevencao-de-acidentes\/estudo-de-analise-de-riscos\/#primaryimage","inLanguage":"es-CL","url":"https:\/\/ambipar.com\/latam\/wp-content\/uploads\/2020\/10\/tanque-de-armazenamento-e-refinaria_EDITED.jpg","contentUrl":"https:\/\/ambipar.com\/latam\/wp-content\/uploads\/2020\/10\/tanque-de-armazenamento-e-refinaria_EDITED.jpg","width":1008,"height":1004,"caption":"tanque de armazenamento e refinaria_"},{"@type":"WebPage","@id":"https:\/\/ambipar.com\/latam\/pt\/ambipar-response\/prevencao-de-acidentes\/estudo-de-analise-de-riscos\/#webpage","url":"https:\/\/ambipar.com\/latam\/pt\/ambipar-response\/prevencao-de-acidentes\/estudo-de-analise-de-riscos\/","name":"Conhe\u00e7a o Estudo de An\u00e1lise de Riscos (EAR) oferecido pela Ambipar","isPartOf":{"@id":"https:\/\/ambipar.com\/latam\/#website"},"primaryImageOfPage":{"@id":"https:\/\/ambipar.com\/latam\/pt\/ambipar-response\/prevencao-de-acidentes\/estudo-de-analise-de-riscos\/#primaryimage"},"datePublished":"2020-10-28T08:11:00+00:00","dateModified":"2021-01-05T23:36:00+00:00","description":"Os Estudos de An\u00e1lises de Riscos de acidentes em plantas industriais s\u00e3o elaborados com base nas principais Normas T\u00e9cnicas.","breadcrumb":{"@id":"https:\/\/ambipar.com\/latam\/pt\/ambipar-response\/prevencao-de-acidentes\/estudo-de-analise-de-riscos\/#breadcrumb"},"inLanguage":"es-CL","potentialAction":[{"@type":"ReadAction","target":["https:\/\/ambipar.com\/latam\/pt\/ambipar-response\/prevencao-de-acidentes\/estudo-de-analise-de-riscos\/"]}]},{"@type":"BreadcrumbList","@id":"https:\/\/ambipar.com\/latam\/pt\/ambipar-response\/prevencao-de-acidentes\/estudo-de-analise-de-riscos\/#breadcrumb","itemListElement":[{"@type":"ListItem","position":1,"name":"Home","item":"https:\/\/ambipar.com\/latam\/"},{"@type":"ListItem","position":2,"name":"Ambipar Response","item":"https:\/\/ambipar.com\/latam\/pt\/ambipar-response\/"},{"@type":"ListItem","position":3,"name":"Preven\u00e7\u00e3o de Acidentes","item":"https:\/\/ambipar.com\/latam\/pt\/ambipar-response\/prevencao-de-acidentes\/"},{"@type":"ListItem","position":4,"name":"Estudo de An\u00e1lise de Riscos (EAR)"}]}]}},"_links":{"self":[{"href":"https:\/\/ambipar.com\/latam\/wp-json\/wp\/v2\/pages\/376"}],"collection":[{"href":"https:\/\/ambipar.com\/latam\/wp-json\/wp\/v2\/pages"}],"about":[{"href":"https:\/\/ambipar.com\/latam\/wp-json\/wp\/v2\/types\/page"}],"author":[{"embeddable":true,"href":"https:\/\/ambipar.com\/latam\/wp-json\/wp\/v2\/users\/1"}],"replies":[{"embeddable":true,"href":"https:\/\/ambipar.com\/latam\/wp-json\/wp\/v2\/comments?post=376"}],"version-history":[{"count":4,"href":"https:\/\/ambipar.com\/latam\/wp-json\/wp\/v2\/pages\/376\/revisions"}],"predecessor-version":[{"id":522,"href":"https:\/\/ambipar.com\/latam\/wp-json\/wp\/v2\/pages\/376\/revisions\/522"}],"up":[{"embeddable":true,"href":"https:\/\/ambipar.com\/latam\/wp-json\/wp\/v2\/pages\/374"}],"wp:featuredmedia":[{"embeddable":true,"href":"https:\/\/ambipar.com\/latam\/wp-json\/wp\/v2\/media\/379"}],"wp:attachment":[{"href":"https:\/\/ambipar.com\/latam\/wp-json\/wp\/v2\/media?parent=376"}],"curies":[{"name":"wp","href":"https:\/\/api.w.org\/{rel}","templated":true}]}}