{"id":400,"date":"2020-10-28T06:05:00","date_gmt":"2020-10-28T09:05:00","guid":{"rendered":"https:\/\/ambipar.com\/latam\/?page_id=400"},"modified":"2021-01-05T20:40:57","modified_gmt":"2021-01-05T23:40:57","slug":"plano-de-controle-de-emergencia-pce","status":"publish","type":"page","link":"https:\/\/ambipar.com\/latam\/pt\/ambipar-response\/prevencao-de-acidentes\/plano-de-controle-de-emergencia-pce\/","title":{"rendered":"Plano de Controle de Emerg\u00eancia (PCE)"},"content":{"rendered":"\n<p><strong>PCE para Portos<\/strong><\/p>\n\n\n\n<p>O Plano de Controle de Emerg\u00eancia (PCE) em conformidade com a NR-29 tem o objetivo de prever a\u00e7\u00f5es em terra e a bordo, onde devem conter procedimentos de emerg\u00eancia, primeiros socorros e atendimento m\u00e9dico, constando para cada classe de risco a respectiva ficha, nos locais de opera\u00e7\u00e3o dos produtos perigosos.<\/p>\n\n\n\n<p><strong>PCE para Explosivos<\/strong><\/p>\n\n\n\n<p>O Plano de Seguran\u00e7a \u00e9 requisito da Portaria N\u00ba56 COLOG de 2017 e objetiva estabelecer as condi\u00e7\u00f5es de seguran\u00e7a e controle para Produtos Controlados pelo Ex\u00e9rcito (PCE).<\/p>\n\n\n\n<p>Veja tamb\u00e9m:<\/p>\n\n\n\n<ul id=\"block-4a8a5fd3-86de-47e4-a684-ce6c02490c4b\"><li><a href=\"https:\/\/ambipar.com\/latam\/ambipar-response\/prevencao-de-acidentes\/estudo-de-analise-de-riscos\/\">Estudo de An\u00e1lise de Riscos (EAR)<\/a><\/li><li><a href=\"https:\/\/ambipar.com\/latam\/ambipar-response\/prevencao-de-acidentes\/programa-de-gerenciamento-de-riscos\/\">Programa de Gerenciamento de Riscos (PGR)<\/a><\/li><li><a href=\"https:\/\/ambipar.com\/latam\/ambipar-response\/prevencao-de-acidentes\/plano-de-acao-em-emergencia-pae\/\">Plano de A\u00e7\u00e3o em Emerg\u00eancia (PAE)<\/a><\/li><li><a href=\"https:\/\/ambipar.com\/latam\/ambipar-response\/prevencao-de-acidentes\/plano-de-emergencia-individual-pei\/\">Plano de Emerg\u00eancia Individual (PEI)<\/a><\/li><li><a href=\"https:\/\/ambipar.com\/latam\/ambipar-response\/prevencao-de-acidentes\/webmapping\/\">Webmapping<\/a><\/li><li><a href=\"https:\/\/ambipar.com\/latam\/ambipar-response\/prevencao-de-acidentes\/plano-de-area-pa\/\">Plano de \u00c1rea (PA)<\/a><\/li><li><a href=\"https:\/\/ambipar.com\/latam\/ambipar-response\/prevencao-de-acidentes\/planejamento-de-simulados\/\">Planejamento de Simulados<\/a><\/li><li>Assessoria T\u00e9cnica em Legisla\u00e7\u00e3o de Armazenagem e Transporte de Produtos Perigosos:<ul><li><a href=\"https:\/\/ambipar.com\/latam\/ambipar-response\/prevencao-de-acidentes\/licenciamento-ambiental\/\">Licenciamento ambiental<\/a><\/li><li><a href=\"https:\/\/ambipar.com\/latam\/ambipar-response\/prevencao-de-acidentes\/licenca-especial-de-transito-para-produtos-perigosos-letpp\/\">Licen\u00e7a Especial de Tr\u00e2nsito para Produtos Perigosos (LETPP)<\/a><\/li><\/ul><ul><li><a href=\"https:\/\/ambipar.com\/latam\/ambipar-response\/prevencao-de-acidentes\/documentos-tecnicos\/\">Documentos t\u00e9cnicos<\/a><\/li><li><a href=\"https:\/\/ambipar.com\/latam\/ambipar-response\/prevencao-de-acidentes\/manuais\/\">Manuais<\/a><\/li><\/ul><\/li><\/ul>\n","protected":false},"excerpt":{"rendered":"PCE para Portos O Plano de Controle de Emerg\u00eancia (PCE) em conformidade com a NR-29 tem o objetivo de prever a\u00e7\u00f5es em terra e a bordo, onde devem conter procedimentos de emerg\u00eancia, primeiros socorros e atendimento m\u00e9dico, constando para cada classe de risco a respectiva ficha, nos locais de opera\u00e7\u00e3o dos produtos perigosos. PCE para&#8230; <a class=\"view-article\" href=\"https:\/\/ambipar.com\/latam\/pt\/ambipar-response\/prevencao-de-acidentes\/plano-de-controle-de-emergencia-pce\/\">Ver art\u00edculo<\/a>","protected":false},"author":1,"featured_media":401,"parent":374,"menu_order":0,"comment_status":"closed","ping_status":"closed","template":"single-servicos.php","meta":[],"yoast_head":"<!-- This site is optimized with the Yoast SEO plugin v17.6 - https:\/\/yoast.com\/wordpress\/plugins\/seo\/ -->\n<title>Conhe\u00e7a o Plano de Controle de Emerg\u00eancia (PCE) da Ambipar<\/title>\n<meta name=\"description\" content=\"PCE para Portos Em conformidade com a NR-29 tem o objetivo de prever a\u00e7\u00f5es em terra e a bordo, onde devem conter procedimentos de emerg\u00eancia\" \/>\n<meta name=\"robots\" content=\"index, follow, max-snippet:-1, max-image-preview:large, max-video-preview:-1\" \/>\n<link rel=\"canonical\" href=\"https:\/\/ambipar.com\/latam\/pt\/ambipar-response\/prevencao-de-acidentes\/plano-de-controle-de-emergencia-pce\/\" \/>\n<meta property=\"og:locale\" content=\"es_ES\" \/>\n<meta property=\"og:type\" content=\"article\" \/>\n<meta property=\"og:title\" content=\"Conhe\u00e7a o Plano de Controle de Emerg\u00eancia (PCE) da Ambipar\" \/>\n<meta property=\"og:description\" content=\"PCE para Portos Em conformidade com a NR-29 tem o objetivo de prever a\u00e7\u00f5es em terra e a bordo, onde devem conter procedimentos de emerg\u00eancia\" \/>\n<meta property=\"og:url\" content=\"https:\/\/ambipar.com\/latam\/pt\/ambipar-response\/prevencao-de-acidentes\/plano-de-controle-de-emergencia-pce\/\" \/>\n<meta property=\"og:site_name\" content=\"Ambipar. A l\u00edder em gest\u00e3o ambiental.\" \/>\n<meta property=\"article:modified_time\" content=\"2021-01-05T23:40:57+00:00\" \/>\n<meta property=\"og:image\" content=\"https:\/\/ambipar.com\/latam\/wp-content\/uploads\/2020\/10\/PCE.jpg\" \/>\n\t<meta property=\"og:image:width\" content=\"1004\" \/>\n\t<meta property=\"og:image:height\" content=\"1004\" \/>\n<meta name=\"twitter:card\" content=\"summary_large_image\" \/>\n<meta name=\"twitter:label1\" content=\"Est. reading time\" \/>\n\t<meta name=\"twitter:data1\" content=\"1 minuto\" \/>\n<script type=\"application\/ld+json\" class=\"yoast-schema-graph\">{\"@context\":\"https:\/\/schema.org\",\"@graph\":[{\"@type\":\"Organization\",\"@id\":\"https:\/\/ambipar.com\/latam\/#organization\",\"name\":\"Ambipar\",\"url\":\"https:\/\/ambipar.com\/latam\/\",\"sameAs\":[],\"logo\":{\"@type\":\"ImageObject\",\"@id\":\"https:\/\/ambipar.com\/latam\/#logo\",\"inLanguage\":\"es-CL\",\"url\":\"https:\/\/ambipar.com\/latam\/wp-content\/uploads\/2020\/10\/ambipar_color.png\",\"contentUrl\":\"https:\/\/ambipar.com\/latam\/wp-content\/uploads\/2020\/10\/ambipar_color.png\",\"width\":174,\"height\":107,\"caption\":\"Ambipar\"},\"image\":{\"@id\":\"https:\/\/ambipar.com\/latam\/#logo\"}},{\"@type\":\"WebSite\",\"@id\":\"https:\/\/ambipar.com\/latam\/#website\",\"url\":\"https:\/\/ambipar.com\/latam\/\",\"name\":\"Ambipar. A l\\u00edder em gest\\u00e3o ambiental.\",\"description\":\"Pioneira em solu\\u00e7\\u00f5es ambientais, a Ambipar atua em todo o territ\\u00f3rio nacional oferecendo solu\\u00e7\\u00f5es integradas para toda a cadeia de neg\\u00f3cio.\",\"publisher\":{\"@id\":\"https:\/\/ambipar.com\/latam\/#organization\"},\"potentialAction\":[{\"@type\":\"SearchAction\",\"target\":{\"@type\":\"EntryPoint\",\"urlTemplate\":\"https:\/\/ambipar.com\/latam\/?s={search_term_string}\"},\"query-input\":\"required name=search_term_string\"}],\"inLanguage\":\"es-CL\"},{\"@type\":\"ImageObject\",\"@id\":\"https:\/\/ambipar.com\/latam\/pt\/ambipar-response\/prevencao-de-acidentes\/plano-de-controle-de-emergencia-pce\/#primaryimage\",\"inLanguage\":\"es-CL\",\"url\":\"https:\/\/ambipar.com\/latam\/wp-content\/uploads\/2020\/10\/PCE.jpg\",\"contentUrl\":\"https:\/\/ambipar.com\/latam\/wp-content\/uploads\/2020\/10\/PCE.jpg\",\"width\":1004,\"height\":1004,\"caption\":\"PCE\"},{\"@type\":\"WebPage\",\"@id\":\"https:\/\/ambipar.com\/latam\/pt\/ambipar-response\/prevencao-de-acidentes\/plano-de-controle-de-emergencia-pce\/#webpage\",\"url\":\"https:\/\/ambipar.com\/latam\/pt\/ambipar-response\/prevencao-de-acidentes\/plano-de-controle-de-emergencia-pce\/\",\"name\":\"Conhe\\u00e7a o Plano de Controle de Emerg\\u00eancia (PCE) da Ambipar\",\"isPartOf\":{\"@id\":\"https:\/\/ambipar.com\/latam\/#website\"},\"primaryImageOfPage\":{\"@id\":\"https:\/\/ambipar.com\/latam\/pt\/ambipar-response\/prevencao-de-acidentes\/plano-de-controle-de-emergencia-pce\/#primaryimage\"},\"datePublished\":\"2020-10-28T09:05:00+00:00\",\"dateModified\":\"2021-01-05T23:40:57+00:00\",\"description\":\"PCE para Portos Em conformidade com a NR-29 tem o objetivo de prever a\\u00e7\\u00f5es em terra e a bordo, onde devem conter procedimentos de emerg\\u00eancia\",\"breadcrumb\":{\"@id\":\"https:\/\/ambipar.com\/latam\/pt\/ambipar-response\/prevencao-de-acidentes\/plano-de-controle-de-emergencia-pce\/#breadcrumb\"},\"inLanguage\":\"es-CL\",\"potentialAction\":[{\"@type\":\"ReadAction\",\"target\":[\"https:\/\/ambipar.com\/latam\/pt\/ambipar-response\/prevencao-de-acidentes\/plano-de-controle-de-emergencia-pce\/\"]}]},{\"@type\":\"BreadcrumbList\",\"@id\":\"https:\/\/ambipar.com\/latam\/pt\/ambipar-response\/prevencao-de-acidentes\/plano-de-controle-de-emergencia-pce\/#breadcrumb\",\"itemListElement\":[{\"@type\":\"ListItem\",\"position\":1,\"name\":\"Home\",\"item\":\"https:\/\/ambipar.com\/latam\/\"},{\"@type\":\"ListItem\",\"position\":2,\"name\":\"Ambipar Response\",\"item\":\"https:\/\/ambipar.com\/latam\/pt\/ambipar-response\/\"},{\"@type\":\"ListItem\",\"position\":3,\"name\":\"Preven\\u00e7\\u00e3o de Acidentes\",\"item\":\"https:\/\/ambipar.com\/latam\/pt\/ambipar-response\/prevencao-de-acidentes\/\"},{\"@type\":\"ListItem\",\"position\":4,\"name\":\"Plano de Controle de Emerg\\u00eancia (PCE)\"}]}]}<\/script>\n<!-- \/ Yoast SEO plugin. -->","yoast_head_json":{"title":"Conhe\u00e7a o Plano de Controle de Emerg\u00eancia (PCE) da Ambipar","description":"PCE para Portos Em conformidade com a NR-29 tem o objetivo de prever a\u00e7\u00f5es em terra e a bordo, onde devem conter procedimentos de emerg\u00eancia","robots":{"index":"index","follow":"follow","max-snippet":"max-snippet:-1","max-image-preview":"max-image-preview:large","max-video-preview":"max-video-preview:-1"},"canonical":"https:\/\/ambipar.com\/latam\/pt\/ambipar-response\/prevencao-de-acidentes\/plano-de-controle-de-emergencia-pce\/","og_locale":"es_ES","og_type":"article","og_title":"Conhe\u00e7a o Plano de Controle de Emerg\u00eancia (PCE) da Ambipar","og_description":"PCE para Portos Em conformidade com a NR-29 tem o objetivo de prever a\u00e7\u00f5es em terra e a bordo, onde devem conter procedimentos de emerg\u00eancia","og_url":"https:\/\/ambipar.com\/latam\/pt\/ambipar-response\/prevencao-de-acidentes\/plano-de-controle-de-emergencia-pce\/","og_site_name":"Ambipar. A l\u00edder em gest\u00e3o ambiental.","article_modified_time":"2021-01-05T23:40:57+00:00","og_image":[{"width":1004,"height":1004,"url":"https:\/\/ambipar.com\/latam\/wp-content\/uploads\/2020\/10\/PCE.jpg","type":"image\/jpeg"}],"twitter_card":"summary_large_image","twitter_misc":{"Est. reading time":"1 minuto"},"schema":{"@context":"https:\/\/schema.org","@graph":[{"@type":"Organization","@id":"https:\/\/ambipar.com\/latam\/#organization","name":"Ambipar","url":"https:\/\/ambipar.com\/latam\/","sameAs":[],"logo":{"@type":"ImageObject","@id":"https:\/\/ambipar.com\/latam\/#logo","inLanguage":"es-CL","url":"https:\/\/ambipar.com\/latam\/wp-content\/uploads\/2020\/10\/ambipar_color.png","contentUrl":"https:\/\/ambipar.com\/latam\/wp-content\/uploads\/2020\/10\/ambipar_color.png","width":174,"height":107,"caption":"Ambipar"},"image":{"@id":"https:\/\/ambipar.com\/latam\/#logo"}},{"@type":"WebSite","@id":"https:\/\/ambipar.com\/latam\/#website","url":"https:\/\/ambipar.com\/latam\/","name":"Ambipar. A l\u00edder em gest\u00e3o ambiental.","description":"Pioneira em solu\u00e7\u00f5es ambientais, a Ambipar atua em todo o territ\u00f3rio nacional oferecendo solu\u00e7\u00f5es integradas para toda a cadeia de neg\u00f3cio.","publisher":{"@id":"https:\/\/ambipar.com\/latam\/#organization"},"potentialAction":[{"@type":"SearchAction","target":{"@type":"EntryPoint","urlTemplate":"https:\/\/ambipar.com\/latam\/?s={search_term_string}"},"query-input":"required name=search_term_string"}],"inLanguage":"es-CL"},{"@type":"ImageObject","@id":"https:\/\/ambipar.com\/latam\/pt\/ambipar-response\/prevencao-de-acidentes\/plano-de-controle-de-emergencia-pce\/#primaryimage","inLanguage":"es-CL","url":"https:\/\/ambipar.com\/latam\/wp-content\/uploads\/2020\/10\/PCE.jpg","contentUrl":"https:\/\/ambipar.com\/latam\/wp-content\/uploads\/2020\/10\/PCE.jpg","width":1004,"height":1004,"caption":"PCE"},{"@type":"WebPage","@id":"https:\/\/ambipar.com\/latam\/pt\/ambipar-response\/prevencao-de-acidentes\/plano-de-controle-de-emergencia-pce\/#webpage","url":"https:\/\/ambipar.com\/latam\/pt\/ambipar-response\/prevencao-de-acidentes\/plano-de-controle-de-emergencia-pce\/","name":"Conhe\u00e7a o Plano de Controle de Emerg\u00eancia (PCE) da Ambipar","isPartOf":{"@id":"https:\/\/ambipar.com\/latam\/#website"},"primaryImageOfPage":{"@id":"https:\/\/ambipar.com\/latam\/pt\/ambipar-response\/prevencao-de-acidentes\/plano-de-controle-de-emergencia-pce\/#primaryimage"},"datePublished":"2020-10-28T09:05:00+00:00","dateModified":"2021-01-05T23:40:57+00:00","description":"PCE para Portos Em conformidade com a NR-29 tem o objetivo de prever a\u00e7\u00f5es em terra e a bordo, onde devem conter procedimentos de emerg\u00eancia","breadcrumb":{"@id":"https:\/\/ambipar.com\/latam\/pt\/ambipar-response\/prevencao-de-acidentes\/plano-de-controle-de-emergencia-pce\/#breadcrumb"},"inLanguage":"es-CL","potentialAction":[{"@type":"ReadAction","target":["https:\/\/ambipar.com\/latam\/pt\/ambipar-response\/prevencao-de-acidentes\/plano-de-controle-de-emergencia-pce\/"]}]},{"@type":"BreadcrumbList","@id":"https:\/\/ambipar.com\/latam\/pt\/ambipar-response\/prevencao-de-acidentes\/plano-de-controle-de-emergencia-pce\/#breadcrumb","itemListElement":[{"@type":"ListItem","position":1,"name":"Home","item":"https:\/\/ambipar.com\/latam\/"},{"@type":"ListItem","position":2,"name":"Ambipar Response","item":"https:\/\/ambipar.com\/latam\/pt\/ambipar-response\/"},{"@type":"ListItem","position":3,"name":"Preven\u00e7\u00e3o de Acidentes","item":"https:\/\/ambipar.com\/latam\/pt\/ambipar-response\/prevencao-de-acidentes\/"},{"@type":"ListItem","position":4,"name":"Plano de Controle de Emerg\u00eancia (PCE)"}]}]}},"_links":{"self":[{"href":"https:\/\/ambipar.com\/latam\/wp-json\/wp\/v2\/pages\/400"}],"collection":[{"href":"https:\/\/ambipar.com\/latam\/wp-json\/wp\/v2\/pages"}],"about":[{"href":"https:\/\/ambipar.com\/latam\/wp-json\/wp\/v2\/types\/page"}],"author":[{"embeddable":true,"href":"https:\/\/ambipar.com\/latam\/wp-json\/wp\/v2\/users\/1"}],"replies":[{"embeddable":true,"href":"https:\/\/ambipar.com\/latam\/wp-json\/wp\/v2\/comments?post=400"}],"version-history":[{"count":3,"href":"https:\/\/ambipar.com\/latam\/wp-json\/wp\/v2\/pages\/400\/revisions"}],"predecessor-version":[{"id":530,"href":"https:\/\/ambipar.com\/latam\/wp-json\/wp\/v2\/pages\/400\/revisions\/530"}],"up":[{"embeddable":true,"href":"https:\/\/ambipar.com\/latam\/wp-json\/wp\/v2\/pages\/374"}],"wp:featuredmedia":[{"embeddable":true,"href":"https:\/\/ambipar.com\/latam\/wp-json\/wp\/v2\/media\/401"}],"wp:attachment":[{"href":"https:\/\/ambipar.com\/latam\/wp-json\/wp\/v2\/media?parent=400"}],"curies":[{"name":"wp","href":"https:\/\/api.w.org\/{rel}","templated":true}]}}