{"id":4003,"date":"2021-10-05T15:03:45","date_gmt":"2021-10-05T18:03:45","guid":{"rendered":"https:\/\/ambipar.com\/latam\/?page_id=4003"},"modified":"2021-10-18T13:41:12","modified_gmt":"2021-10-18T16:41:12","slug":"ems","status":"publish","type":"page","link":"https:\/\/ambipar.com\/latam\/ambipar-response-3\/rescate-y-atencion-prehospitalaria\/ems\/","title":{"rendered":"Servicios m\u00e9dicos de emergencia"},"content":{"rendered":"\n<p>Ambipar ofrece servicio de respuesta ante emergencias prehospitalarias en instalaciones fijas y rutas.<\/p>\n\n\n\n<div class=\"wp-block-columns\">\n<div class=\"wp-block-column\">\n<figure class=\"wp-block-image size-full is-resized\"><img src=\"https:\/\/ambipar.com\/latam\/wp-content\/uploads\/2021\/10\/icono-paramedico-1.png\" alt=\"\" class=\"wp-image-4343\" width=\"123\" height=\"123\" srcset=\"https:\/\/ambipar.com\/latam\/wp-content\/uploads\/2021\/10\/icono-paramedico-1.png 490w, https:\/\/ambipar.com\/latam\/wp-content\/uploads\/2021\/10\/icono-paramedico-1-250x250.png 250w, https:\/\/ambipar.com\/latam\/wp-content\/uploads\/2021\/10\/icono-paramedico-1-150x150.png 150w, https:\/\/ambipar.com\/latam\/wp-content\/uploads\/2021\/10\/icono-paramedico-1-120x120.png 120w\" sizes=\"(max-width: 123px) 100vw, 123px\" \/><\/figure>\n<\/div>\n\n\n\n<div class=\"wp-block-column\">\n<figure class=\"wp-block-image size-full is-resized\"><img src=\"https:\/\/ambipar.com\/latam\/wp-content\/uploads\/2021\/10\/icono-paramedico-2.png\" alt=\"\" class=\"wp-image-4344\" width=\"123\" height=\"123\" srcset=\"https:\/\/ambipar.com\/latam\/wp-content\/uploads\/2021\/10\/icono-paramedico-2.png 490w, https:\/\/ambipar.com\/latam\/wp-content\/uploads\/2021\/10\/icono-paramedico-2-250x250.png 250w, https:\/\/ambipar.com\/latam\/wp-content\/uploads\/2021\/10\/icono-paramedico-2-150x150.png 150w, https:\/\/ambipar.com\/latam\/wp-content\/uploads\/2021\/10\/icono-paramedico-2-120x120.png 120w\" sizes=\"(max-width: 123px) 100vw, 123px\" \/><\/figure>\n<\/div>\n\n\n\n<div class=\"wp-block-column\">\n<figure class=\"wp-block-image size-full is-resized\"><img src=\"https:\/\/ambipar.com\/latam\/wp-content\/uploads\/2021\/10\/icono-paramedico-3.png\" alt=\"\" class=\"wp-image-4346\" width=\"123\" height=\"123\" srcset=\"https:\/\/ambipar.com\/latam\/wp-content\/uploads\/2021\/10\/icono-paramedico-3.png 490w, https:\/\/ambipar.com\/latam\/wp-content\/uploads\/2021\/10\/icono-paramedico-3-250x250.png 250w, https:\/\/ambipar.com\/latam\/wp-content\/uploads\/2021\/10\/icono-paramedico-3-150x150.png 150w, https:\/\/ambipar.com\/latam\/wp-content\/uploads\/2021\/10\/icono-paramedico-3-120x120.png 120w\" sizes=\"(max-width: 123px) 100vw, 123px\" \/><\/figure>\n<\/div>\n<\/div>\n\n\n\n<p><strong>Vea mas:<\/strong><\/p>\n\n\n\n<ul><li><a href=\"https:\/\/ambipar.com\/latam\/ambipar-response-3\/rescate-y-atencion-prehospitalaria\/servicios-de-control-medico-en-terreno\/\">Servicios de control m\u00e9dico en terreno<\/a><\/li><li><a href=\"https:\/\/ambipar.com\/latam\/ambipar-response-3\/rescate-y-atencion-prehospitalaria\/servicios-de-capacitacion-en-salud-y-seguridad-en-el-trabajo\/\">Servicios de capacitaci\u00f3n en salud y seguridad en el trabajo<\/a><\/li><li><a href=\"https:\/\/ambipar.com\/latam\/ambipar-response-3\/rescate-y-atencion-prehospitalaria\/servicios-preventivos-y-preparacion\/\">Servicios preventivos y preparaci\u00f3n<\/a><\/li><li><a href=\"https:\/\/ambipar.com\/latam\/ambipar-response-3\/rescate-y-atencion-prehospitalaria\/respuestas-a-emergencias-medicas\/\">Respuestas a emergencias m\u00e9dicas<\/a><\/li><li><a href=\"https:\/\/ambipar.com\/latam\/ambipar-response-3\/rescate-y-atencion-prehospitalaria\/profesionales-en-los-servicios\/\">Profesionales en los servicios<\/a><\/li><\/ul>\n","protected":false},"excerpt":{"rendered":"Ambipar ofrece servicio de respuesta ante emergencias prehospitalarias en instalaciones fijas y rutas. Vea mas: Servicios de control m\u00e9dico en terreno Servicios de capacitaci\u00f3n en salud y seguridad en el trabajo Servicios preventivos y preparaci\u00f3n Respuestas a emergencias m\u00e9dicas Profesionales en los servicios","protected":false},"author":4,"featured_media":4000,"parent":4014,"menu_order":0,"comment_status":"closed","ping_status":"closed","template":"single-servicos.php","meta":[],"yoast_head":"<!-- This site is optimized with the Yoast SEO plugin v17.6 - https:\/\/yoast.com\/wordpress\/plugins\/seo\/ -->\n<title>Servicios m\u00e9dicos de emergencia - Ambipar. A l\u00edder em gest\u00e3o ambiental.<\/title>\n<meta name=\"description\" content=\"Ambipar LATAM ofrece servicio de respuesta ante emergencias prehospitalarias en instalaciones fijas y rutas.\" \/>\n<meta name=\"robots\" content=\"index, follow, max-snippet:-1, max-image-preview:large, max-video-preview:-1\" \/>\n<link rel=\"canonical\" href=\"https:\/\/ambipar.com\/latam\/ambipar-response-3\/rescate-y-atencion-prehospitalaria\/ems\/\" \/>\n<meta property=\"og:locale\" content=\"es_ES\" \/>\n<meta property=\"og:type\" content=\"article\" \/>\n<meta property=\"og:title\" content=\"Servicios m\u00e9dicos de emergencia - Ambipar. A l\u00edder em gest\u00e3o ambiental.\" \/>\n<meta property=\"og:description\" content=\"Ambipar LATAM ofrece servicio de respuesta ante emergencias prehospitalarias en instalaciones fijas y rutas.\" \/>\n<meta property=\"og:url\" content=\"https:\/\/ambipar.com\/latam\/ambipar-response-3\/rescate-y-atencion-prehospitalaria\/ems\/\" \/>\n<meta property=\"og:site_name\" content=\"Ambipar. A l\u00edder em gest\u00e3o ambiental.\" \/>\n<meta property=\"article:modified_time\" content=\"2021-10-18T16:41:12+00:00\" \/>\n<meta property=\"og:image\" content=\"https:\/\/ambipar.com\/latam\/wp-content\/uploads\/2021\/10\/ambulancia-ambipar-latam.jpeg\" \/>\n\t<meta property=\"og:image:width\" content=\"800\" \/>\n\t<meta property=\"og:image:height\" content=\"600\" \/>\n<meta name=\"twitter:card\" content=\"summary_large_image\" \/>\n<meta name=\"twitter:label1\" content=\"Est. reading time\" \/>\n\t<meta name=\"twitter:data1\" content=\"1 minuto\" \/>\n<script type=\"application\/ld+json\" class=\"yoast-schema-graph\">{\"@context\":\"https:\/\/schema.org\",\"@graph\":[{\"@type\":\"Organization\",\"@id\":\"https:\/\/ambipar.com\/latam\/#organization\",\"name\":\"Ambipar\",\"url\":\"https:\/\/ambipar.com\/latam\/\",\"sameAs\":[],\"logo\":{\"@type\":\"ImageObject\",\"@id\":\"https:\/\/ambipar.com\/latam\/#logo\",\"inLanguage\":\"es-CL\",\"url\":\"https:\/\/ambipar.com\/latam\/wp-content\/uploads\/2020\/10\/ambipar_color.png\",\"contentUrl\":\"https:\/\/ambipar.com\/latam\/wp-content\/uploads\/2020\/10\/ambipar_color.png\",\"width\":174,\"height\":107,\"caption\":\"Ambipar\"},\"image\":{\"@id\":\"https:\/\/ambipar.com\/latam\/#logo\"}},{\"@type\":\"WebSite\",\"@id\":\"https:\/\/ambipar.com\/latam\/#website\",\"url\":\"https:\/\/ambipar.com\/latam\/\",\"name\":\"Ambipar. A l\\u00edder em gest\\u00e3o ambiental.\",\"description\":\"Pioneira em solu\\u00e7\\u00f5es ambientais, a Ambipar atua em todo o territ\\u00f3rio nacional oferecendo solu\\u00e7\\u00f5es integradas para toda a cadeia de neg\\u00f3cio.\",\"publisher\":{\"@id\":\"https:\/\/ambipar.com\/latam\/#organization\"},\"potentialAction\":[{\"@type\":\"SearchAction\",\"target\":{\"@type\":\"EntryPoint\",\"urlTemplate\":\"https:\/\/ambipar.com\/latam\/?s={search_term_string}\"},\"query-input\":\"required name=search_term_string\"}],\"inLanguage\":\"es-CL\"},{\"@type\":\"ImageObject\",\"@id\":\"https:\/\/ambipar.com\/latam\/ambipar-response-3\/rescate-y-atencion-prehospitalaria\/ems\/#primaryimage\",\"inLanguage\":\"es-CL\",\"url\":\"https:\/\/ambipar.com\/latam\/wp-content\/uploads\/2021\/10\/ambulancia-ambipar-latam.jpeg\",\"contentUrl\":\"https:\/\/ambipar.com\/latam\/wp-content\/uploads\/2021\/10\/ambulancia-ambipar-latam.jpeg\",\"width\":800,\"height\":600,\"caption\":\"ambulancia para emergencias prehospitalarias\"},{\"@type\":\"WebPage\",\"@id\":\"https:\/\/ambipar.com\/latam\/ambipar-response-3\/rescate-y-atencion-prehospitalaria\/ems\/#webpage\",\"url\":\"https:\/\/ambipar.com\/latam\/ambipar-response-3\/rescate-y-atencion-prehospitalaria\/ems\/\",\"name\":\"Servicios m\\u00e9dicos de emergencia - Ambipar. A l\\u00edder em gest\\u00e3o ambiental.\",\"isPartOf\":{\"@id\":\"https:\/\/ambipar.com\/latam\/#website\"},\"primaryImageOfPage\":{\"@id\":\"https:\/\/ambipar.com\/latam\/ambipar-response-3\/rescate-y-atencion-prehospitalaria\/ems\/#primaryimage\"},\"datePublished\":\"2021-10-05T18:03:45+00:00\",\"dateModified\":\"2021-10-18T16:41:12+00:00\",\"description\":\"Ambipar LATAM ofrece servicio de respuesta ante emergencias prehospitalarias en instalaciones fijas y rutas.\",\"breadcrumb\":{\"@id\":\"https:\/\/ambipar.com\/latam\/ambipar-response-3\/rescate-y-atencion-prehospitalaria\/ems\/#breadcrumb\"},\"inLanguage\":\"es-CL\",\"potentialAction\":[{\"@type\":\"ReadAction\",\"target\":[\"https:\/\/ambipar.com\/latam\/ambipar-response-3\/rescate-y-atencion-prehospitalaria\/ems\/\"]}]},{\"@type\":\"BreadcrumbList\",\"@id\":\"https:\/\/ambipar.com\/latam\/ambipar-response-3\/rescate-y-atencion-prehospitalaria\/ems\/#breadcrumb\",\"itemListElement\":[{\"@type\":\"ListItem\",\"position\":1,\"name\":\"Home\",\"item\":\"https:\/\/ambipar.com\/latam\/\"},{\"@type\":\"ListItem\",\"position\":2,\"name\":\"Ambipar Response\",\"item\":\"https:\/\/ambipar.com\/latam\/ambipar-response-3\/\"},{\"@type\":\"ListItem\",\"position\":3,\"name\":\"Rescate y Atenci\\u00f3n Prehospitalaria\",\"item\":\"https:\/\/ambipar.com\/latam\/ambipar-response-3\/rescate-y-atencion-prehospitalaria\/\"},{\"@type\":\"ListItem\",\"position\":4,\"name\":\"Servicios m\\u00e9dicos de emergencia\"}]}]}<\/script>\n<!-- \/ Yoast SEO plugin. -->","yoast_head_json":{"title":"Servicios m\u00e9dicos de emergencia - Ambipar. A l\u00edder em gest\u00e3o ambiental.","description":"Ambipar LATAM ofrece servicio de respuesta ante emergencias prehospitalarias en instalaciones fijas y rutas.","robots":{"index":"index","follow":"follow","max-snippet":"max-snippet:-1","max-image-preview":"max-image-preview:large","max-video-preview":"max-video-preview:-1"},"canonical":"https:\/\/ambipar.com\/latam\/ambipar-response-3\/rescate-y-atencion-prehospitalaria\/ems\/","og_locale":"es_ES","og_type":"article","og_title":"Servicios m\u00e9dicos de emergencia - Ambipar. A l\u00edder em gest\u00e3o ambiental.","og_description":"Ambipar LATAM ofrece servicio de respuesta ante emergencias prehospitalarias en instalaciones fijas y rutas.","og_url":"https:\/\/ambipar.com\/latam\/ambipar-response-3\/rescate-y-atencion-prehospitalaria\/ems\/","og_site_name":"Ambipar. A l\u00edder em gest\u00e3o ambiental.","article_modified_time":"2021-10-18T16:41:12+00:00","og_image":[{"width":800,"height":600,"url":"https:\/\/ambipar.com\/latam\/wp-content\/uploads\/2021\/10\/ambulancia-ambipar-latam.jpeg","type":"image\/jpeg"}],"twitter_card":"summary_large_image","twitter_misc":{"Est. reading time":"1 minuto"},"schema":{"@context":"https:\/\/schema.org","@graph":[{"@type":"Organization","@id":"https:\/\/ambipar.com\/latam\/#organization","name":"Ambipar","url":"https:\/\/ambipar.com\/latam\/","sameAs":[],"logo":{"@type":"ImageObject","@id":"https:\/\/ambipar.com\/latam\/#logo","inLanguage":"es-CL","url":"https:\/\/ambipar.com\/latam\/wp-content\/uploads\/2020\/10\/ambipar_color.png","contentUrl":"https:\/\/ambipar.com\/latam\/wp-content\/uploads\/2020\/10\/ambipar_color.png","width":174,"height":107,"caption":"Ambipar"},"image":{"@id":"https:\/\/ambipar.com\/latam\/#logo"}},{"@type":"WebSite","@id":"https:\/\/ambipar.com\/latam\/#website","url":"https:\/\/ambipar.com\/latam\/","name":"Ambipar. A l\u00edder em gest\u00e3o ambiental.","description":"Pioneira em solu\u00e7\u00f5es ambientais, a Ambipar atua em todo o territ\u00f3rio nacional oferecendo solu\u00e7\u00f5es integradas para toda a cadeia de neg\u00f3cio.","publisher":{"@id":"https:\/\/ambipar.com\/latam\/#organization"},"potentialAction":[{"@type":"SearchAction","target":{"@type":"EntryPoint","urlTemplate":"https:\/\/ambipar.com\/latam\/?s={search_term_string}"},"query-input":"required name=search_term_string"}],"inLanguage":"es-CL"},{"@type":"ImageObject","@id":"https:\/\/ambipar.com\/latam\/ambipar-response-3\/rescate-y-atencion-prehospitalaria\/ems\/#primaryimage","inLanguage":"es-CL","url":"https:\/\/ambipar.com\/latam\/wp-content\/uploads\/2021\/10\/ambulancia-ambipar-latam.jpeg","contentUrl":"https:\/\/ambipar.com\/latam\/wp-content\/uploads\/2021\/10\/ambulancia-ambipar-latam.jpeg","width":800,"height":600,"caption":"ambulancia para emergencias prehospitalarias"},{"@type":"WebPage","@id":"https:\/\/ambipar.com\/latam\/ambipar-response-3\/rescate-y-atencion-prehospitalaria\/ems\/#webpage","url":"https:\/\/ambipar.com\/latam\/ambipar-response-3\/rescate-y-atencion-prehospitalaria\/ems\/","name":"Servicios m\u00e9dicos de emergencia - Ambipar. A l\u00edder em gest\u00e3o ambiental.","isPartOf":{"@id":"https:\/\/ambipar.com\/latam\/#website"},"primaryImageOfPage":{"@id":"https:\/\/ambipar.com\/latam\/ambipar-response-3\/rescate-y-atencion-prehospitalaria\/ems\/#primaryimage"},"datePublished":"2021-10-05T18:03:45+00:00","dateModified":"2021-10-18T16:41:12+00:00","description":"Ambipar LATAM ofrece servicio de respuesta ante emergencias prehospitalarias en instalaciones fijas y rutas.","breadcrumb":{"@id":"https:\/\/ambipar.com\/latam\/ambipar-response-3\/rescate-y-atencion-prehospitalaria\/ems\/#breadcrumb"},"inLanguage":"es-CL","potentialAction":[{"@type":"ReadAction","target":["https:\/\/ambipar.com\/latam\/ambipar-response-3\/rescate-y-atencion-prehospitalaria\/ems\/"]}]},{"@type":"BreadcrumbList","@id":"https:\/\/ambipar.com\/latam\/ambipar-response-3\/rescate-y-atencion-prehospitalaria\/ems\/#breadcrumb","itemListElement":[{"@type":"ListItem","position":1,"name":"Home","item":"https:\/\/ambipar.com\/latam\/"},{"@type":"ListItem","position":2,"name":"Ambipar Response","item":"https:\/\/ambipar.com\/latam\/ambipar-response-3\/"},{"@type":"ListItem","position":3,"name":"Rescate y Atenci\u00f3n Prehospitalaria","item":"https:\/\/ambipar.com\/latam\/ambipar-response-3\/rescate-y-atencion-prehospitalaria\/"},{"@type":"ListItem","position":4,"name":"Servicios m\u00e9dicos de emergencia"}]}]}},"_links":{"self":[{"href":"https:\/\/ambipar.com\/latam\/wp-json\/wp\/v2\/pages\/4003"}],"collection":[{"href":"https:\/\/ambipar.com\/latam\/wp-json\/wp\/v2\/pages"}],"about":[{"href":"https:\/\/ambipar.com\/latam\/wp-json\/wp\/v2\/types\/page"}],"author":[{"embeddable":true,"href":"https:\/\/ambipar.com\/latam\/wp-json\/wp\/v2\/users\/4"}],"replies":[{"embeddable":true,"href":"https:\/\/ambipar.com\/latam\/wp-json\/wp\/v2\/comments?post=4003"}],"version-history":[{"count":9,"href":"https:\/\/ambipar.com\/latam\/wp-json\/wp\/v2\/pages\/4003\/revisions"}],"predecessor-version":[{"id":4347,"href":"https:\/\/ambipar.com\/latam\/wp-json\/wp\/v2\/pages\/4003\/revisions\/4347"}],"up":[{"embeddable":true,"href":"https:\/\/ambipar.com\/latam\/wp-json\/wp\/v2\/pages\/4014"}],"wp:featuredmedia":[{"embeddable":true,"href":"https:\/\/ambipar.com\/latam\/wp-json\/wp\/v2\/media\/4000"}],"wp:attachment":[{"href":"https:\/\/ambipar.com\/latam\/wp-json\/wp\/v2\/media?parent=4003"}],"curies":[{"name":"wp","href":"https:\/\/api.w.org\/{rel}","templated":true}]}}