{"id":4014,"date":"2021-10-06T15:01:06","date_gmt":"2021-10-06T18:01:06","guid":{"rendered":"https:\/\/ambipar.com\/latam\/?page_id=4014"},"modified":"2021-10-18T11:07:45","modified_gmt":"2021-10-18T14:07:45","slug":"rescate-y-atencion-prehospitalaria","status":"publish","type":"page","link":"https:\/\/ambipar.com\/latam\/ambipar-response-3\/rescate-y-atencion-prehospitalaria\/","title":{"rendered":"Rescate y Atenci\u00f3n Prehospitalaria"},"content":{"rendered":"\n<p>Ambipar ofrece servicios de Rescate y Atenci\u00f3n Prehospitalaria para situaciones de emergencias m\u00e9dicas en terreno. Mediante su \u00e1rea de Atenci\u00f3n y Rescate Prehospitalario atiende las emergencias de salud mediante respuesta ante emergencias en instalaciones fijas y rutas. <\/p>\n\n\n\n<p>Contamos con un constante control m\u00e9dico en terreno otorgando un servicio de prevenci\u00f3n para la identificaci\u00f3n de aislamiento de trabajadores y campa\u00f1as de vacunaci\u00f3n. Adem\u00e1s de un servicio de capacitaci\u00f3n y entrenamiento en temas de salud y seguridad en el trabajo.<\/p>\n\n\n\n<p>Contamos un alto personal capacitado y equipamiento completo para prestar todas las atenciones necesarias en casos de poco a alto riesgo, ambulancias y motocicletas con equipos DEA, reanimaci\u00f3n y atenci\u00f3n de primeros auxilios.<\/p>\n\n\n\n<p><strong>Vea mas:<\/strong><\/p>\n\n\n\n<ul><li><a href=\"https:\/\/ambipar.com\/latam\/ambipar-response-3\/rescate-y-atencion-prehospitalaria\/ems\/\">Servicios m\u00e9dicos de emergencia (EMS)<\/a><\/li><li><a href=\"https:\/\/ambipar.com\/latam\/ambipar-response-3\/rescate-y-atencion-prehospitalaria\/servicios-de-control-medico-en-terreno\/\">Servicios de control m\u00e9dico en terreno<\/a><\/li><li><a href=\"https:\/\/ambipar.com\/latam\/ambipar-response-3\/rescate-y-atencion-prehospitalaria\/servicios-de-capacitacion-en-salud-y-seguridad-en-el-trabajo\/\">Servicios de capacitaci\u00f3n en salud y seguridad en el trabajo<\/a><\/li><li><a href=\"https:\/\/ambipar.com\/latam\/ambipar-response-3\/rescate-y-atencion-prehospitalaria\/servicios-preventivos-y-preparacion\/\">Servicios preventivos y preparaci\u00f3n<\/a><\/li><li><a href=\"https:\/\/ambipar.com\/latam\/ambipar-response-3\/rescate-y-atencion-prehospitalaria\/respuestas-a-emergencias-medicas\/\">Respuestas a emergencias m\u00e9dicas<\/a><\/li><li><a href=\"https:\/\/ambipar.com\/latam\/ambipar-response-3\/rescate-y-atencion-prehospitalaria\/profesionales-en-los-servicios\/\">Profesionales en los servicios<\/a><\/li><\/ul>\n","protected":false},"excerpt":{"rendered":"Ambipar ofrece servicios de Rescate y Atenci\u00f3n Prehospitalaria para situaciones de emergencias m\u00e9dicas en terreno. Mediante su \u00e1rea de Atenci\u00f3n y Rescate Prehospitalario atiende las emergencias de salud mediante respuesta ante emergencias en instalaciones fijas y rutas. Contamos con un constante control m\u00e9dico en terreno otorgando un servicio de prevenci\u00f3n para la identificaci\u00f3n de aislamiento&#8230; <a class=\"view-article\" href=\"https:\/\/ambipar.com\/latam\/ambipar-response-3\/rescate-y-atencion-prehospitalaria\/\">Ver art\u00edculo<\/a>","protected":false},"author":4,"featured_media":4000,"parent":1043,"menu_order":0,"comment_status":"closed","ping_status":"closed","template":"single-servicos.php","meta":[],"yoast_head":"<!-- This site is optimized with the Yoast SEO plugin v17.6 - https:\/\/yoast.com\/wordpress\/plugins\/seo\/ -->\n<title>Rescate y Atenci\u00f3n Prehospitalaria - Ambipar. A l\u00edder em gest\u00e3o ambiental.<\/title>\n<meta name=\"description\" content=\"Ambipar ofrece servicios de Rescate y Atenci\u00f3n Prehospitalaria para situaciones de emergencias m\u00e9dicas en terreno.\" \/>\n<meta name=\"robots\" content=\"index, follow, max-snippet:-1, max-image-preview:large, max-video-preview:-1\" \/>\n<link rel=\"canonical\" href=\"https:\/\/ambipar.com\/latam\/ambipar-response-3\/rescate-y-atencion-prehospitalaria\/\" \/>\n<meta property=\"og:locale\" content=\"es_ES\" \/>\n<meta property=\"og:type\" content=\"article\" \/>\n<meta property=\"og:title\" content=\"Rescate y Atenci\u00f3n Prehospitalaria - Ambipar. A l\u00edder em gest\u00e3o ambiental.\" \/>\n<meta property=\"og:description\" content=\"Ambipar ofrece servicios de Rescate y Atenci\u00f3n Prehospitalaria para situaciones de emergencias m\u00e9dicas en terreno.\" \/>\n<meta property=\"og:url\" content=\"https:\/\/ambipar.com\/latam\/ambipar-response-3\/rescate-y-atencion-prehospitalaria\/\" \/>\n<meta property=\"og:site_name\" content=\"Ambipar. A l\u00edder em gest\u00e3o ambiental.\" \/>\n<meta property=\"article:modified_time\" content=\"2021-10-18T14:07:45+00:00\" \/>\n<meta property=\"og:image\" content=\"https:\/\/ambipar.com\/latam\/wp-content\/uploads\/2021\/10\/ambulancia-ambipar-latam.jpeg\" \/>\n\t<meta property=\"og:image:width\" content=\"800\" \/>\n\t<meta property=\"og:image:height\" content=\"600\" \/>\n<meta name=\"twitter:card\" content=\"summary_large_image\" \/>\n<meta name=\"twitter:label1\" content=\"Est. reading time\" \/>\n\t<meta name=\"twitter:data1\" content=\"1 minuto\" \/>\n<script type=\"application\/ld+json\" class=\"yoast-schema-graph\">{\"@context\":\"https:\/\/schema.org\",\"@graph\":[{\"@type\":\"Organization\",\"@id\":\"https:\/\/ambipar.com\/latam\/#organization\",\"name\":\"Ambipar\",\"url\":\"https:\/\/ambipar.com\/latam\/\",\"sameAs\":[],\"logo\":{\"@type\":\"ImageObject\",\"@id\":\"https:\/\/ambipar.com\/latam\/#logo\",\"inLanguage\":\"es-CL\",\"url\":\"https:\/\/ambipar.com\/latam\/wp-content\/uploads\/2020\/10\/ambipar_color.png\",\"contentUrl\":\"https:\/\/ambipar.com\/latam\/wp-content\/uploads\/2020\/10\/ambipar_color.png\",\"width\":174,\"height\":107,\"caption\":\"Ambipar\"},\"image\":{\"@id\":\"https:\/\/ambipar.com\/latam\/#logo\"}},{\"@type\":\"WebSite\",\"@id\":\"https:\/\/ambipar.com\/latam\/#website\",\"url\":\"https:\/\/ambipar.com\/latam\/\",\"name\":\"Ambipar. A l\\u00edder em gest\\u00e3o ambiental.\",\"description\":\"Pioneira em solu\\u00e7\\u00f5es ambientais, a Ambipar atua em todo o territ\\u00f3rio nacional oferecendo solu\\u00e7\\u00f5es integradas para toda a cadeia de neg\\u00f3cio.\",\"publisher\":{\"@id\":\"https:\/\/ambipar.com\/latam\/#organization\"},\"potentialAction\":[{\"@type\":\"SearchAction\",\"target\":{\"@type\":\"EntryPoint\",\"urlTemplate\":\"https:\/\/ambipar.com\/latam\/?s={search_term_string}\"},\"query-input\":\"required name=search_term_string\"}],\"inLanguage\":\"es-CL\"},{\"@type\":\"ImageObject\",\"@id\":\"https:\/\/ambipar.com\/latam\/ambipar-response-3\/rescate-y-atencion-prehospitalaria\/#primaryimage\",\"inLanguage\":\"es-CL\",\"url\":\"https:\/\/ambipar.com\/latam\/wp-content\/uploads\/2021\/10\/ambulancia-ambipar-latam.jpeg\",\"contentUrl\":\"https:\/\/ambipar.com\/latam\/wp-content\/uploads\/2021\/10\/ambulancia-ambipar-latam.jpeg\",\"width\":800,\"height\":600,\"caption\":\"ambulancia para emergencias prehospitalarias\"},{\"@type\":\"WebPage\",\"@id\":\"https:\/\/ambipar.com\/latam\/ambipar-response-3\/rescate-y-atencion-prehospitalaria\/#webpage\",\"url\":\"https:\/\/ambipar.com\/latam\/ambipar-response-3\/rescate-y-atencion-prehospitalaria\/\",\"name\":\"Rescate y Atenci\\u00f3n Prehospitalaria - Ambipar. A l\\u00edder em gest\\u00e3o ambiental.\",\"isPartOf\":{\"@id\":\"https:\/\/ambipar.com\/latam\/#website\"},\"primaryImageOfPage\":{\"@id\":\"https:\/\/ambipar.com\/latam\/ambipar-response-3\/rescate-y-atencion-prehospitalaria\/#primaryimage\"},\"datePublished\":\"2021-10-06T18:01:06+00:00\",\"dateModified\":\"2021-10-18T14:07:45+00:00\",\"description\":\"Ambipar ofrece servicios de Rescate y Atenci\\u00f3n Prehospitalaria para situaciones de emergencias m\\u00e9dicas en terreno.\",\"breadcrumb\":{\"@id\":\"https:\/\/ambipar.com\/latam\/ambipar-response-3\/rescate-y-atencion-prehospitalaria\/#breadcrumb\"},\"inLanguage\":\"es-CL\",\"potentialAction\":[{\"@type\":\"ReadAction\",\"target\":[\"https:\/\/ambipar.com\/latam\/ambipar-response-3\/rescate-y-atencion-prehospitalaria\/\"]}]},{\"@type\":\"BreadcrumbList\",\"@id\":\"https:\/\/ambipar.com\/latam\/ambipar-response-3\/rescate-y-atencion-prehospitalaria\/#breadcrumb\",\"itemListElement\":[{\"@type\":\"ListItem\",\"position\":1,\"name\":\"Home\",\"item\":\"https:\/\/ambipar.com\/latam\/\"},{\"@type\":\"ListItem\",\"position\":2,\"name\":\"Ambipar Response\",\"item\":\"https:\/\/ambipar.com\/latam\/ambipar-response-3\/\"},{\"@type\":\"ListItem\",\"position\":3,\"name\":\"Rescate y Atenci\\u00f3n Prehospitalaria\"}]}]}<\/script>\n<!-- \/ Yoast SEO plugin. -->","yoast_head_json":{"title":"Rescate y Atenci\u00f3n Prehospitalaria - Ambipar. A l\u00edder em gest\u00e3o ambiental.","description":"Ambipar ofrece servicios de Rescate y Atenci\u00f3n Prehospitalaria para situaciones de emergencias m\u00e9dicas en terreno.","robots":{"index":"index","follow":"follow","max-snippet":"max-snippet:-1","max-image-preview":"max-image-preview:large","max-video-preview":"max-video-preview:-1"},"canonical":"https:\/\/ambipar.com\/latam\/ambipar-response-3\/rescate-y-atencion-prehospitalaria\/","og_locale":"es_ES","og_type":"article","og_title":"Rescate y Atenci\u00f3n Prehospitalaria - Ambipar. A l\u00edder em gest\u00e3o ambiental.","og_description":"Ambipar ofrece servicios de Rescate y Atenci\u00f3n Prehospitalaria para situaciones de emergencias m\u00e9dicas en terreno.","og_url":"https:\/\/ambipar.com\/latam\/ambipar-response-3\/rescate-y-atencion-prehospitalaria\/","og_site_name":"Ambipar. A l\u00edder em gest\u00e3o ambiental.","article_modified_time":"2021-10-18T14:07:45+00:00","og_image":[{"width":800,"height":600,"url":"https:\/\/ambipar.com\/latam\/wp-content\/uploads\/2021\/10\/ambulancia-ambipar-latam.jpeg","type":"image\/jpeg"}],"twitter_card":"summary_large_image","twitter_misc":{"Est. reading time":"1 minuto"},"schema":{"@context":"https:\/\/schema.org","@graph":[{"@type":"Organization","@id":"https:\/\/ambipar.com\/latam\/#organization","name":"Ambipar","url":"https:\/\/ambipar.com\/latam\/","sameAs":[],"logo":{"@type":"ImageObject","@id":"https:\/\/ambipar.com\/latam\/#logo","inLanguage":"es-CL","url":"https:\/\/ambipar.com\/latam\/wp-content\/uploads\/2020\/10\/ambipar_color.png","contentUrl":"https:\/\/ambipar.com\/latam\/wp-content\/uploads\/2020\/10\/ambipar_color.png","width":174,"height":107,"caption":"Ambipar"},"image":{"@id":"https:\/\/ambipar.com\/latam\/#logo"}},{"@type":"WebSite","@id":"https:\/\/ambipar.com\/latam\/#website","url":"https:\/\/ambipar.com\/latam\/","name":"Ambipar. A l\u00edder em gest\u00e3o ambiental.","description":"Pioneira em solu\u00e7\u00f5es ambientais, a Ambipar atua em todo o territ\u00f3rio nacional oferecendo solu\u00e7\u00f5es integradas para toda a cadeia de neg\u00f3cio.","publisher":{"@id":"https:\/\/ambipar.com\/latam\/#organization"},"potentialAction":[{"@type":"SearchAction","target":{"@type":"EntryPoint","urlTemplate":"https:\/\/ambipar.com\/latam\/?s={search_term_string}"},"query-input":"required name=search_term_string"}],"inLanguage":"es-CL"},{"@type":"ImageObject","@id":"https:\/\/ambipar.com\/latam\/ambipar-response-3\/rescate-y-atencion-prehospitalaria\/#primaryimage","inLanguage":"es-CL","url":"https:\/\/ambipar.com\/latam\/wp-content\/uploads\/2021\/10\/ambulancia-ambipar-latam.jpeg","contentUrl":"https:\/\/ambipar.com\/latam\/wp-content\/uploads\/2021\/10\/ambulancia-ambipar-latam.jpeg","width":800,"height":600,"caption":"ambulancia para emergencias prehospitalarias"},{"@type":"WebPage","@id":"https:\/\/ambipar.com\/latam\/ambipar-response-3\/rescate-y-atencion-prehospitalaria\/#webpage","url":"https:\/\/ambipar.com\/latam\/ambipar-response-3\/rescate-y-atencion-prehospitalaria\/","name":"Rescate y Atenci\u00f3n Prehospitalaria - Ambipar. A l\u00edder em gest\u00e3o ambiental.","isPartOf":{"@id":"https:\/\/ambipar.com\/latam\/#website"},"primaryImageOfPage":{"@id":"https:\/\/ambipar.com\/latam\/ambipar-response-3\/rescate-y-atencion-prehospitalaria\/#primaryimage"},"datePublished":"2021-10-06T18:01:06+00:00","dateModified":"2021-10-18T14:07:45+00:00","description":"Ambipar ofrece servicios de Rescate y Atenci\u00f3n Prehospitalaria para situaciones de emergencias m\u00e9dicas en terreno.","breadcrumb":{"@id":"https:\/\/ambipar.com\/latam\/ambipar-response-3\/rescate-y-atencion-prehospitalaria\/#breadcrumb"},"inLanguage":"es-CL","potentialAction":[{"@type":"ReadAction","target":["https:\/\/ambipar.com\/latam\/ambipar-response-3\/rescate-y-atencion-prehospitalaria\/"]}]},{"@type":"BreadcrumbList","@id":"https:\/\/ambipar.com\/latam\/ambipar-response-3\/rescate-y-atencion-prehospitalaria\/#breadcrumb","itemListElement":[{"@type":"ListItem","position":1,"name":"Home","item":"https:\/\/ambipar.com\/latam\/"},{"@type":"ListItem","position":2,"name":"Ambipar Response","item":"https:\/\/ambipar.com\/latam\/ambipar-response-3\/"},{"@type":"ListItem","position":3,"name":"Rescate y Atenci\u00f3n Prehospitalaria"}]}]}},"_links":{"self":[{"href":"https:\/\/ambipar.com\/latam\/wp-json\/wp\/v2\/pages\/4014"}],"collection":[{"href":"https:\/\/ambipar.com\/latam\/wp-json\/wp\/v2\/pages"}],"about":[{"href":"https:\/\/ambipar.com\/latam\/wp-json\/wp\/v2\/types\/page"}],"author":[{"embeddable":true,"href":"https:\/\/ambipar.com\/latam\/wp-json\/wp\/v2\/users\/4"}],"replies":[{"embeddable":true,"href":"https:\/\/ambipar.com\/latam\/wp-json\/wp\/v2\/comments?post=4014"}],"version-history":[{"count":3,"href":"https:\/\/ambipar.com\/latam\/wp-json\/wp\/v2\/pages\/4014\/revisions"}],"predecessor-version":[{"id":4340,"href":"https:\/\/ambipar.com\/latam\/wp-json\/wp\/v2\/pages\/4014\/revisions\/4340"}],"up":[{"embeddable":true,"href":"https:\/\/ambipar.com\/latam\/wp-json\/wp\/v2\/pages\/1043"}],"wp:featuredmedia":[{"embeddable":true,"href":"https:\/\/ambipar.com\/latam\/wp-json\/wp\/v2\/media\/4000"}],"wp:attachment":[{"href":"https:\/\/ambipar.com\/latam\/wp-json\/wp\/v2\/media?parent=4014"}],"curies":[{"name":"wp","href":"https:\/\/api.w.org\/{rel}","templated":true}]}}