{"id":404,"date":"2020-10-28T06:30:00","date_gmt":"2020-10-28T09:30:00","guid":{"rendered":"https:\/\/ambipar.com\/latam\/?page_id=404"},"modified":"2021-01-05T20:37:49","modified_gmt":"2021-01-05T23:37:49","slug":"planejamento-de-simulados","status":"publish","type":"page","link":"https:\/\/ambipar.com\/latam\/pt\/ambipar-response\/prevencao-de-acidentes\/planejamento-de-simulados\/","title":{"rendered":"Planejamento de Simulados"},"content":{"rendered":"\n<p>Assessoria no planejamento, coordena\u00e7\u00e3o e execu\u00e7\u00e3o de exerc\u00edcios simulados de pequenos, m\u00e9dios e grandes acidentes ambientais. A assessoria contempla as seguintes atividades:<\/p>\n\n\n\n<ul><li>Planejamento e defini\u00e7\u00e3o do cen\u00e1rio a ser simulado<\/li><li>Apoio na comunica\u00e7\u00e3o e realiza\u00e7\u00e3o da reuni\u00e3o de planejamento com \u00d3rg\u00e3os P\u00fablicos<\/li><li>Cadastro da popula\u00e7\u00e3o e comunica\u00e7\u00e3o do simulado junto \u00e0 comunidade com comunica\u00e7\u00e3o porta a porta e sistema de som no local<\/li><li>Fornecimento de m\u00e3o de obra, equipamentos e estrutura de apoio para realiza\u00e7\u00e3o de simulado<\/li><li>Avalia\u00e7\u00e3o final do simulado<\/li><\/ul>\n\n\n\n<p>Veja tamb\u00e9m:<\/p>\n\n\n\n<ul id=\"block-4a8a5fd3-86de-47e4-a684-ce6c02490c4b\"><li><a href=\"https:\/\/ambipar.com\/latam\/ambipar-response\/prevencao-de-acidentes\/estudo-de-analise-de-riscos\/\">Estudo de An\u00e1lise de Riscos (EAR)<\/a><\/li><li><a href=\"https:\/\/ambipar.com\/latam\/ambipar-response\/prevencao-de-acidentes\/programa-de-gerenciamento-de-riscos\/\">Programa de Gerenciamento de Riscos (PGR)<\/a><\/li><li><a href=\"https:\/\/ambipar.com\/latam\/ambipar-response\/prevencao-de-acidentes\/plano-de-acao-em-emergencia-pae\/\">Plano de A\u00e7\u00e3o em Emerg\u00eancia (PAE)<\/a><\/li><li><a href=\"https:\/\/ambipar.com\/latam\/ambipar-response\/prevencao-de-acidentes\/plano-de-emergencia-individual-pei\/\">Plano de Emerg\u00eancia Individual (PEI)<\/a><\/li><li><a href=\"https:\/\/ambipar.com\/latam\/ambipar-response\/prevencao-de-acidentes\/webmapping\/\">Webmapping<\/a><\/li><li><a href=\"https:\/\/ambipar.com\/latam\/ambipar-response\/prevencao-de-acidentes\/plano-de-area-pa\/\">Plano de \u00c1rea (PA)<\/a><\/li><li><a href=\"https:\/\/ambipar.com\/latam\/ambipar-response\/prevencao-de-acidentes\/plano-de-controle-de-emergencia-pce\/\">Plano de Controle de Emerg\u00eancia (PCE)<\/a><\/li><li>Assessoria T\u00e9cnica em Legisla\u00e7\u00e3o de Armazenagem e Transporte de Produtos Perigosos:<ul><li><a href=\"https:\/\/ambipar.com\/latam\/ambipar-response\/prevencao-de-acidentes\/licenciamento-ambiental\/\">Licenciamento ambiental<\/a><\/li><li><a href=\"https:\/\/ambipar.com\/latam\/ambipar-response\/prevencao-de-acidentes\/licenca-especial-de-transito-para-produtos-perigosos-letpp\/\">Licen\u00e7a Especial de Tr\u00e2nsito para Produtos Perigosos (LETPP)<\/a><\/li><\/ul><ul><li><a href=\"https:\/\/ambipar.com\/latam\/ambipar-response\/prevencao-de-acidentes\/documentos-tecnicos\/\">Documentos t\u00e9cnicos<\/a><\/li><li><a href=\"https:\/\/ambipar.com\/latam\/ambipar-response\/prevencao-de-acidentes\/manuais\/\">Manuais<\/a><\/li><\/ul><\/li><\/ul>\n","protected":false},"excerpt":{"rendered":"Assessoria no planejamento, coordena\u00e7\u00e3o e execu\u00e7\u00e3o de exerc\u00edcios simulados de pequenos, m\u00e9dios e grandes acidentes ambientais. A assessoria contempla as seguintes atividades: Planejamento e defini\u00e7\u00e3o do cen\u00e1rio a ser simulado Apoio na comunica\u00e7\u00e3o e realiza\u00e7\u00e3o da reuni\u00e3o de planejamento com \u00d3rg\u00e3os P\u00fablicos Cadastro da popula\u00e7\u00e3o e comunica\u00e7\u00e3o do simulado junto \u00e0 comunidade com comunica\u00e7\u00e3o porta&#8230; <a class=\"view-article\" href=\"https:\/\/ambipar.com\/latam\/pt\/ambipar-response\/prevencao-de-acidentes\/planejamento-de-simulados\/\">Ver art\u00edculo<\/a>","protected":false},"author":1,"featured_media":405,"parent":374,"menu_order":0,"comment_status":"closed","ping_status":"closed","template":"single-servicos.php","meta":[],"yoast_head":"<!-- This site is optimized with the Yoast SEO plugin v17.6 - https:\/\/yoast.com\/wordpress\/plugins\/seo\/ -->\n<title>Conhe\u00e7a o Planejamento de Simulados oferecido pela Ambipar Response<\/title>\n<meta name=\"description\" content=\"Assessoria no planejamento, coordena\u00e7\u00e3o e execu\u00e7\u00e3o de exerc\u00edcios simulados de pequenos, m\u00e9dios e grandes acidentes ambientais.\" \/>\n<meta name=\"robots\" content=\"index, follow, max-snippet:-1, max-image-preview:large, max-video-preview:-1\" \/>\n<link rel=\"canonical\" href=\"https:\/\/ambipar.com\/latam\/pt\/ambipar-response\/prevencao-de-acidentes\/planejamento-de-simulados\/\" \/>\n<meta property=\"og:locale\" content=\"es_ES\" \/>\n<meta property=\"og:type\" content=\"article\" \/>\n<meta property=\"og:title\" content=\"Conhe\u00e7a o Planejamento de Simulados oferecido pela Ambipar Response\" \/>\n<meta property=\"og:description\" content=\"Assessoria no planejamento, coordena\u00e7\u00e3o e execu\u00e7\u00e3o de exerc\u00edcios simulados de pequenos, m\u00e9dios e grandes acidentes ambientais.\" \/>\n<meta property=\"og:url\" content=\"https:\/\/ambipar.com\/latam\/pt\/ambipar-response\/prevencao-de-acidentes\/planejamento-de-simulados\/\" \/>\n<meta property=\"og:site_name\" content=\"Ambipar. A l\u00edder em gest\u00e3o ambiental.\" \/>\n<meta property=\"article:modified_time\" content=\"2021-01-05T23:37:49+00:00\" \/>\n<meta property=\"og:image\" content=\"https:\/\/ambipar.com\/latam\/wp-content\/uploads\/2020\/10\/simulado.jpg\" \/>\n\t<meta property=\"og:image:width\" content=\"1012\" \/>\n\t<meta property=\"og:image:height\" content=\"1000\" \/>\n<meta name=\"twitter:card\" content=\"summary_large_image\" \/>\n<meta name=\"twitter:label1\" content=\"Est. reading time\" \/>\n\t<meta name=\"twitter:data1\" content=\"1 minuto\" \/>\n<script type=\"application\/ld+json\" class=\"yoast-schema-graph\">{\"@context\":\"https:\/\/schema.org\",\"@graph\":[{\"@type\":\"Organization\",\"@id\":\"https:\/\/ambipar.com\/latam\/#organization\",\"name\":\"Ambipar\",\"url\":\"https:\/\/ambipar.com\/latam\/\",\"sameAs\":[],\"logo\":{\"@type\":\"ImageObject\",\"@id\":\"https:\/\/ambipar.com\/latam\/#logo\",\"inLanguage\":\"es-CL\",\"url\":\"https:\/\/ambipar.com\/latam\/wp-content\/uploads\/2020\/10\/ambipar_color.png\",\"contentUrl\":\"https:\/\/ambipar.com\/latam\/wp-content\/uploads\/2020\/10\/ambipar_color.png\",\"width\":174,\"height\":107,\"caption\":\"Ambipar\"},\"image\":{\"@id\":\"https:\/\/ambipar.com\/latam\/#logo\"}},{\"@type\":\"WebSite\",\"@id\":\"https:\/\/ambipar.com\/latam\/#website\",\"url\":\"https:\/\/ambipar.com\/latam\/\",\"name\":\"Ambipar. A l\\u00edder em gest\\u00e3o ambiental.\",\"description\":\"Pioneira em solu\\u00e7\\u00f5es ambientais, a Ambipar atua em todo o territ\\u00f3rio nacional oferecendo solu\\u00e7\\u00f5es integradas para toda a cadeia de neg\\u00f3cio.\",\"publisher\":{\"@id\":\"https:\/\/ambipar.com\/latam\/#organization\"},\"potentialAction\":[{\"@type\":\"SearchAction\",\"target\":{\"@type\":\"EntryPoint\",\"urlTemplate\":\"https:\/\/ambipar.com\/latam\/?s={search_term_string}\"},\"query-input\":\"required name=search_term_string\"}],\"inLanguage\":\"es-CL\"},{\"@type\":\"ImageObject\",\"@id\":\"https:\/\/ambipar.com\/latam\/pt\/ambipar-response\/prevencao-de-acidentes\/planejamento-de-simulados\/#primaryimage\",\"inLanguage\":\"es-CL\",\"url\":\"https:\/\/ambipar.com\/latam\/wp-content\/uploads\/2020\/10\/simulado.jpg\",\"contentUrl\":\"https:\/\/ambipar.com\/latam\/wp-content\/uploads\/2020\/10\/simulado.jpg\",\"width\":1012,\"height\":1000,\"caption\":\"simulado\"},{\"@type\":\"WebPage\",\"@id\":\"https:\/\/ambipar.com\/latam\/pt\/ambipar-response\/prevencao-de-acidentes\/planejamento-de-simulados\/#webpage\",\"url\":\"https:\/\/ambipar.com\/latam\/pt\/ambipar-response\/prevencao-de-acidentes\/planejamento-de-simulados\/\",\"name\":\"Conhe\\u00e7a o Planejamento de Simulados oferecido pela Ambipar Response\",\"isPartOf\":{\"@id\":\"https:\/\/ambipar.com\/latam\/#website\"},\"primaryImageOfPage\":{\"@id\":\"https:\/\/ambipar.com\/latam\/pt\/ambipar-response\/prevencao-de-acidentes\/planejamento-de-simulados\/#primaryimage\"},\"datePublished\":\"2020-10-28T09:30:00+00:00\",\"dateModified\":\"2021-01-05T23:37:49+00:00\",\"description\":\"Assessoria no planejamento, coordena\\u00e7\\u00e3o e execu\\u00e7\\u00e3o de exerc\\u00edcios simulados de pequenos, m\\u00e9dios e grandes acidentes ambientais.\",\"breadcrumb\":{\"@id\":\"https:\/\/ambipar.com\/latam\/pt\/ambipar-response\/prevencao-de-acidentes\/planejamento-de-simulados\/#breadcrumb\"},\"inLanguage\":\"es-CL\",\"potentialAction\":[{\"@type\":\"ReadAction\",\"target\":[\"https:\/\/ambipar.com\/latam\/pt\/ambipar-response\/prevencao-de-acidentes\/planejamento-de-simulados\/\"]}]},{\"@type\":\"BreadcrumbList\",\"@id\":\"https:\/\/ambipar.com\/latam\/pt\/ambipar-response\/prevencao-de-acidentes\/planejamento-de-simulados\/#breadcrumb\",\"itemListElement\":[{\"@type\":\"ListItem\",\"position\":1,\"name\":\"Home\",\"item\":\"https:\/\/ambipar.com\/latam\/\"},{\"@type\":\"ListItem\",\"position\":2,\"name\":\"Ambipar Response\",\"item\":\"https:\/\/ambipar.com\/latam\/pt\/ambipar-response\/\"},{\"@type\":\"ListItem\",\"position\":3,\"name\":\"Preven\\u00e7\\u00e3o de Acidentes\",\"item\":\"https:\/\/ambipar.com\/latam\/pt\/ambipar-response\/prevencao-de-acidentes\/\"},{\"@type\":\"ListItem\",\"position\":4,\"name\":\"Planejamento de Simulados\"}]}]}<\/script>\n<!-- \/ Yoast SEO plugin. -->","yoast_head_json":{"title":"Conhe\u00e7a o Planejamento de Simulados oferecido pela Ambipar Response","description":"Assessoria no planejamento, coordena\u00e7\u00e3o e execu\u00e7\u00e3o de exerc\u00edcios simulados de pequenos, m\u00e9dios e grandes acidentes ambientais.","robots":{"index":"index","follow":"follow","max-snippet":"max-snippet:-1","max-image-preview":"max-image-preview:large","max-video-preview":"max-video-preview:-1"},"canonical":"https:\/\/ambipar.com\/latam\/pt\/ambipar-response\/prevencao-de-acidentes\/planejamento-de-simulados\/","og_locale":"es_ES","og_type":"article","og_title":"Conhe\u00e7a o Planejamento de Simulados oferecido pela Ambipar Response","og_description":"Assessoria no planejamento, coordena\u00e7\u00e3o e execu\u00e7\u00e3o de exerc\u00edcios simulados de pequenos, m\u00e9dios e grandes acidentes ambientais.","og_url":"https:\/\/ambipar.com\/latam\/pt\/ambipar-response\/prevencao-de-acidentes\/planejamento-de-simulados\/","og_site_name":"Ambipar. A l\u00edder em gest\u00e3o ambiental.","article_modified_time":"2021-01-05T23:37:49+00:00","og_image":[{"width":1012,"height":1000,"url":"https:\/\/ambipar.com\/latam\/wp-content\/uploads\/2020\/10\/simulado.jpg","type":"image\/jpeg"}],"twitter_card":"summary_large_image","twitter_misc":{"Est. reading time":"1 minuto"},"schema":{"@context":"https:\/\/schema.org","@graph":[{"@type":"Organization","@id":"https:\/\/ambipar.com\/latam\/#organization","name":"Ambipar","url":"https:\/\/ambipar.com\/latam\/","sameAs":[],"logo":{"@type":"ImageObject","@id":"https:\/\/ambipar.com\/latam\/#logo","inLanguage":"es-CL","url":"https:\/\/ambipar.com\/latam\/wp-content\/uploads\/2020\/10\/ambipar_color.png","contentUrl":"https:\/\/ambipar.com\/latam\/wp-content\/uploads\/2020\/10\/ambipar_color.png","width":174,"height":107,"caption":"Ambipar"},"image":{"@id":"https:\/\/ambipar.com\/latam\/#logo"}},{"@type":"WebSite","@id":"https:\/\/ambipar.com\/latam\/#website","url":"https:\/\/ambipar.com\/latam\/","name":"Ambipar. A l\u00edder em gest\u00e3o ambiental.","description":"Pioneira em solu\u00e7\u00f5es ambientais, a Ambipar atua em todo o territ\u00f3rio nacional oferecendo solu\u00e7\u00f5es integradas para toda a cadeia de neg\u00f3cio.","publisher":{"@id":"https:\/\/ambipar.com\/latam\/#organization"},"potentialAction":[{"@type":"SearchAction","target":{"@type":"EntryPoint","urlTemplate":"https:\/\/ambipar.com\/latam\/?s={search_term_string}"},"query-input":"required name=search_term_string"}],"inLanguage":"es-CL"},{"@type":"ImageObject","@id":"https:\/\/ambipar.com\/latam\/pt\/ambipar-response\/prevencao-de-acidentes\/planejamento-de-simulados\/#primaryimage","inLanguage":"es-CL","url":"https:\/\/ambipar.com\/latam\/wp-content\/uploads\/2020\/10\/simulado.jpg","contentUrl":"https:\/\/ambipar.com\/latam\/wp-content\/uploads\/2020\/10\/simulado.jpg","width":1012,"height":1000,"caption":"simulado"},{"@type":"WebPage","@id":"https:\/\/ambipar.com\/latam\/pt\/ambipar-response\/prevencao-de-acidentes\/planejamento-de-simulados\/#webpage","url":"https:\/\/ambipar.com\/latam\/pt\/ambipar-response\/prevencao-de-acidentes\/planejamento-de-simulados\/","name":"Conhe\u00e7a o Planejamento de Simulados oferecido pela Ambipar Response","isPartOf":{"@id":"https:\/\/ambipar.com\/latam\/#website"},"primaryImageOfPage":{"@id":"https:\/\/ambipar.com\/latam\/pt\/ambipar-response\/prevencao-de-acidentes\/planejamento-de-simulados\/#primaryimage"},"datePublished":"2020-10-28T09:30:00+00:00","dateModified":"2021-01-05T23:37:49+00:00","description":"Assessoria no planejamento, coordena\u00e7\u00e3o e execu\u00e7\u00e3o de exerc\u00edcios simulados de pequenos, m\u00e9dios e grandes acidentes ambientais.","breadcrumb":{"@id":"https:\/\/ambipar.com\/latam\/pt\/ambipar-response\/prevencao-de-acidentes\/planejamento-de-simulados\/#breadcrumb"},"inLanguage":"es-CL","potentialAction":[{"@type":"ReadAction","target":["https:\/\/ambipar.com\/latam\/pt\/ambipar-response\/prevencao-de-acidentes\/planejamento-de-simulados\/"]}]},{"@type":"BreadcrumbList","@id":"https:\/\/ambipar.com\/latam\/pt\/ambipar-response\/prevencao-de-acidentes\/planejamento-de-simulados\/#breadcrumb","itemListElement":[{"@type":"ListItem","position":1,"name":"Home","item":"https:\/\/ambipar.com\/latam\/"},{"@type":"ListItem","position":2,"name":"Ambipar Response","item":"https:\/\/ambipar.com\/latam\/pt\/ambipar-response\/"},{"@type":"ListItem","position":3,"name":"Preven\u00e7\u00e3o de Acidentes","item":"https:\/\/ambipar.com\/latam\/pt\/ambipar-response\/prevencao-de-acidentes\/"},{"@type":"ListItem","position":4,"name":"Planejamento de Simulados"}]}]}},"_links":{"self":[{"href":"https:\/\/ambipar.com\/latam\/wp-json\/wp\/v2\/pages\/404"}],"collection":[{"href":"https:\/\/ambipar.com\/latam\/wp-json\/wp\/v2\/pages"}],"about":[{"href":"https:\/\/ambipar.com\/latam\/wp-json\/wp\/v2\/types\/page"}],"author":[{"embeddable":true,"href":"https:\/\/ambipar.com\/latam\/wp-json\/wp\/v2\/users\/1"}],"replies":[{"embeddable":true,"href":"https:\/\/ambipar.com\/latam\/wp-json\/wp\/v2\/comments?post=404"}],"version-history":[{"count":3,"href":"https:\/\/ambipar.com\/latam\/wp-json\/wp\/v2\/pages\/404\/revisions"}],"predecessor-version":[{"id":527,"href":"https:\/\/ambipar.com\/latam\/wp-json\/wp\/v2\/pages\/404\/revisions\/527"}],"up":[{"embeddable":true,"href":"https:\/\/ambipar.com\/latam\/wp-json\/wp\/v2\/pages\/374"}],"wp:featuredmedia":[{"embeddable":true,"href":"https:\/\/ambipar.com\/latam\/wp-json\/wp\/v2\/media\/405"}],"wp:attachment":[{"href":"https:\/\/ambipar.com\/latam\/wp-json\/wp\/v2\/media?parent=404"}],"curies":[{"name":"wp","href":"https:\/\/api.w.org\/{rel}","templated":true}]}}