{"id":4062,"date":"2021-10-07T15:22:10","date_gmt":"2021-10-07T18:22:10","guid":{"rendered":"https:\/\/ambipar.com\/latam\/?page_id=4062"},"modified":"2021-10-18T17:24:39","modified_gmt":"2021-10-18T20:24:39","slug":"servicios-de-capacitacion-en-salud-y-seguridad-en-el-trabajo","status":"publish","type":"page","link":"https:\/\/ambipar.com\/latam\/ambipar-response-3\/rescate-y-atencion-prehospitalaria\/servicios-de-capacitacion-en-salud-y-seguridad-en-el-trabajo\/","title":{"rendered":"Servicios de capacitaci\u00f3n en salud y seguridad en el trabajo"},"content":{"rendered":"\n<p>Entregamos servicios especializados en entrenamiento de seguridad y salud ocupacional del \u00e1rea industrial, medio ambiente y emergencias mar\u00edtimas portuarias.&nbsp; Contamos con Centros de Entrenamientos en Chile y Per\u00fa.<\/p>\n\n\n\n<p>Una de las principales cualidades que nos diferencia en el mercado, es que estamos preparados para ir donde usted nos necesite, pudiendo realizar cursos, contando con equipamiento, simuladores port\u00e1tiles y personal de instrucci\u00f3n certificada.<\/p>\n\n\n\n<div class=\"wp-block-columns\">\n<div class=\"wp-block-column\">\n<figure class=\"wp-block-image size-full is-resized\"><img src=\"https:\/\/ambipar.com\/latam\/wp-content\/uploads\/2021\/10\/icono-paramedico-1.png\" alt=\"icono de una persona haciendo primeros auxilios\" class=\"wp-image-4343\" width=\"123\" height=\"123\" srcset=\"https:\/\/ambipar.com\/latam\/wp-content\/uploads\/2021\/10\/icono-paramedico-1.png 490w, https:\/\/ambipar.com\/latam\/wp-content\/uploads\/2021\/10\/icono-paramedico-1-250x250.png 250w, https:\/\/ambipar.com\/latam\/wp-content\/uploads\/2021\/10\/icono-paramedico-1-150x150.png 150w, https:\/\/ambipar.com\/latam\/wp-content\/uploads\/2021\/10\/icono-paramedico-1-120x120.png 120w\" sizes=\"(max-width: 123px) 100vw, 123px\" \/><\/figure>\n<\/div>\n\n\n\n<div class=\"wp-block-column\">\n<figure class=\"wp-block-image size-full is-resized\"><img src=\"https:\/\/ambipar.com\/latam\/wp-content\/uploads\/2021\/10\/icono-paramedico-2.png\" alt=\"\u00edcone ambulancia\" class=\"wp-image-4344\" width=\"123\" height=\"123\" srcset=\"https:\/\/ambipar.com\/latam\/wp-content\/uploads\/2021\/10\/icono-paramedico-2.png 490w, https:\/\/ambipar.com\/latam\/wp-content\/uploads\/2021\/10\/icono-paramedico-2-250x250.png 250w, https:\/\/ambipar.com\/latam\/wp-content\/uploads\/2021\/10\/icono-paramedico-2-150x150.png 150w, https:\/\/ambipar.com\/latam\/wp-content\/uploads\/2021\/10\/icono-paramedico-2-120x120.png 120w\" sizes=\"(max-width: 123px) 100vw, 123px\" \/><\/figure>\n<\/div>\n\n\n\n<div class=\"wp-block-column\">\n<figure class=\"wp-block-image size-full is-resized\"><img src=\"https:\/\/ambipar.com\/latam\/wp-content\/uploads\/2021\/10\/icono-paramedico-3.png\" alt=\"\u00edcono de emergencias prehospitalarias\" class=\"wp-image-4346\" width=\"123\" height=\"123\" srcset=\"https:\/\/ambipar.com\/latam\/wp-content\/uploads\/2021\/10\/icono-paramedico-3.png 490w, https:\/\/ambipar.com\/latam\/wp-content\/uploads\/2021\/10\/icono-paramedico-3-250x250.png 250w, https:\/\/ambipar.com\/latam\/wp-content\/uploads\/2021\/10\/icono-paramedico-3-150x150.png 150w, https:\/\/ambipar.com\/latam\/wp-content\/uploads\/2021\/10\/icono-paramedico-3-120x120.png 120w\" sizes=\"(max-width: 123px) 100vw, 123px\" \/><\/figure>\n<\/div>\n<\/div>\n\n\n\n<p><strong>Vea mas:<\/strong><\/p>\n\n\n\n<ul><li><a href=\"https:\/\/ambipar.com\/latam\/ambipar-response-3\/rescate-y-atencion-prehospitalaria\/ems\/\">Servicios m\u00e9dicos de emergencia (EMS)<\/a><\/li><li><a href=\"https:\/\/ambipar.com\/latam\/ambipar-response-3\/rescate-y-atencion-prehospitalaria\/servicios-de-control-medico-en-terreno\/\">Servicios de control m\u00e9dico en terreno<\/a><\/li><li><a href=\"https:\/\/ambipar.com\/latam\/ambipar-response-3\/rescate-y-atencion-prehospitalaria\/servicios-preventivos-y-preparacion\/\">Servicios preventivos y preparaci\u00f3n<\/a><\/li><li><a href=\"https:\/\/ambipar.com\/latam\/ambipar-response-3\/rescate-y-atencion-prehospitalaria\/respuestas-a-emergencias-medicas\/\">Respuestas a emergencias m\u00e9dicas<\/a><\/li><li><a href=\"https:\/\/ambipar.com\/latam\/ambipar-response-3\/rescate-y-atencion-prehospitalaria\/profesionales-en-los-servicios\/\">Profesionales en los servicios<\/a><\/li><\/ul>\n","protected":false},"excerpt":{"rendered":"Entregamos servicios especializados en entrenamiento de seguridad y salud ocupacional del \u00e1rea industrial, medio ambiente y emergencias mar\u00edtimas portuarias.&nbsp; Contamos con Centros de Entrenamientos en Chile y Per\u00fa. Una de las principales cualidades que nos diferencia en el mercado, es que estamos preparados para ir donde usted nos necesite, pudiendo realizar cursos, contando con equipamiento,&#8230; <a class=\"view-article\" href=\"https:\/\/ambipar.com\/latam\/ambipar-response-3\/rescate-y-atencion-prehospitalaria\/servicios-de-capacitacion-en-salud-y-seguridad-en-el-trabajo\/\">Ver art\u00edculo<\/a>","protected":false},"author":4,"featured_media":4352,"parent":4014,"menu_order":0,"comment_status":"closed","ping_status":"closed","template":"single-servicos.php","meta":[],"yoast_head":"<!-- This site is optimized with the Yoast SEO plugin v17.6 - https:\/\/yoast.com\/wordpress\/plugins\/seo\/ -->\n<title>Servicios de capacitaci\u00f3n en salud y seguridad en el trabajo - Ambipar<\/title>\n<meta name=\"description\" content=\"Entregamos servicios especializados en entrenamiento de seguridad y salud ocupacional del \u00e1rea industrial, medio ambiente y marines.\" \/>\n<meta name=\"robots\" content=\"index, follow, max-snippet:-1, max-image-preview:large, max-video-preview:-1\" \/>\n<link rel=\"canonical\" href=\"https:\/\/ambipar.com\/latam\/ambipar-response-3\/rescate-y-atencion-prehospitalaria\/servicios-de-capacitacion-en-salud-y-seguridad-en-el-trabajo\/\" \/>\n<meta property=\"og:locale\" content=\"es_ES\" \/>\n<meta property=\"og:type\" content=\"article\" \/>\n<meta property=\"og:title\" content=\"Servicios de capacitaci\u00f3n en salud y seguridad en el trabajo - Ambipar\" \/>\n<meta property=\"og:description\" content=\"Entregamos servicios especializados en entrenamiento de seguridad y salud ocupacional del \u00e1rea industrial, medio ambiente y marines.\" \/>\n<meta property=\"og:url\" content=\"https:\/\/ambipar.com\/latam\/ambipar-response-3\/rescate-y-atencion-prehospitalaria\/servicios-de-capacitacion-en-salud-y-seguridad-en-el-trabajo\/\" \/>\n<meta property=\"og:site_name\" content=\"Ambipar. A l\u00edder em gest\u00e3o ambiental.\" \/>\n<meta property=\"article:modified_time\" content=\"2021-10-18T20:24:39+00:00\" \/>\n<meta property=\"og:image\" content=\"https:\/\/ambipar.com\/latam\/wp-content\/uploads\/2021\/10\/female-african-american-speaker-giving-presentation-hall-university-workshop-2.jpg\" \/>\n\t<meta property=\"og:image:width\" content=\"1500\" \/>\n\t<meta property=\"og:image:height\" content=\"1000\" \/>\n<meta name=\"twitter:card\" content=\"summary_large_image\" \/>\n<meta name=\"twitter:label1\" content=\"Est. reading time\" \/>\n\t<meta name=\"twitter:data1\" content=\"1 minuto\" \/>\n<script type=\"application\/ld+json\" class=\"yoast-schema-graph\">{\"@context\":\"https:\/\/schema.org\",\"@graph\":[{\"@type\":\"Organization\",\"@id\":\"https:\/\/ambipar.com\/latam\/#organization\",\"name\":\"Ambipar\",\"url\":\"https:\/\/ambipar.com\/latam\/\",\"sameAs\":[],\"logo\":{\"@type\":\"ImageObject\",\"@id\":\"https:\/\/ambipar.com\/latam\/#logo\",\"inLanguage\":\"es-CL\",\"url\":\"https:\/\/ambipar.com\/latam\/wp-content\/uploads\/2020\/10\/ambipar_color.png\",\"contentUrl\":\"https:\/\/ambipar.com\/latam\/wp-content\/uploads\/2020\/10\/ambipar_color.png\",\"width\":174,\"height\":107,\"caption\":\"Ambipar\"},\"image\":{\"@id\":\"https:\/\/ambipar.com\/latam\/#logo\"}},{\"@type\":\"WebSite\",\"@id\":\"https:\/\/ambipar.com\/latam\/#website\",\"url\":\"https:\/\/ambipar.com\/latam\/\",\"name\":\"Ambipar. A l\\u00edder em gest\\u00e3o ambiental.\",\"description\":\"Pioneira em solu\\u00e7\\u00f5es ambientais, a Ambipar atua em todo o territ\\u00f3rio nacional oferecendo solu\\u00e7\\u00f5es integradas para toda a cadeia de neg\\u00f3cio.\",\"publisher\":{\"@id\":\"https:\/\/ambipar.com\/latam\/#organization\"},\"potentialAction\":[{\"@type\":\"SearchAction\",\"target\":{\"@type\":\"EntryPoint\",\"urlTemplate\":\"https:\/\/ambipar.com\/latam\/?s={search_term_string}\"},\"query-input\":\"required name=search_term_string\"}],\"inLanguage\":\"es-CL\"},{\"@type\":\"ImageObject\",\"@id\":\"https:\/\/ambipar.com\/latam\/ambipar-response-3\/rescate-y-atencion-prehospitalaria\/servicios-de-capacitacion-en-salud-y-seguridad-en-el-trabajo\/#primaryimage\",\"inLanguage\":\"es-CL\",\"url\":\"https:\/\/ambipar.com\/latam\/wp-content\/uploads\/2021\/10\/female-african-american-speaker-giving-presentation-hall-university-workshop-2.jpg\",\"contentUrl\":\"https:\/\/ambipar.com\/latam\/wp-content\/uploads\/2021\/10\/female-african-american-speaker-giving-presentation-hall-university-workshop-2.jpg\",\"width\":1500,\"height\":1000,\"caption\":\"entreinamiento\"},{\"@type\":\"WebPage\",\"@id\":\"https:\/\/ambipar.com\/latam\/ambipar-response-3\/rescate-y-atencion-prehospitalaria\/servicios-de-capacitacion-en-salud-y-seguridad-en-el-trabajo\/#webpage\",\"url\":\"https:\/\/ambipar.com\/latam\/ambipar-response-3\/rescate-y-atencion-prehospitalaria\/servicios-de-capacitacion-en-salud-y-seguridad-en-el-trabajo\/\",\"name\":\"Servicios de capacitaci\\u00f3n en salud y seguridad en el trabajo - Ambipar\",\"isPartOf\":{\"@id\":\"https:\/\/ambipar.com\/latam\/#website\"},\"primaryImageOfPage\":{\"@id\":\"https:\/\/ambipar.com\/latam\/ambipar-response-3\/rescate-y-atencion-prehospitalaria\/servicios-de-capacitacion-en-salud-y-seguridad-en-el-trabajo\/#primaryimage\"},\"datePublished\":\"2021-10-07T18:22:10+00:00\",\"dateModified\":\"2021-10-18T20:24:39+00:00\",\"description\":\"Entregamos servicios especializados en entrenamiento de seguridad y salud ocupacional del \\u00e1rea industrial, medio ambiente y marines.\",\"breadcrumb\":{\"@id\":\"https:\/\/ambipar.com\/latam\/ambipar-response-3\/rescate-y-atencion-prehospitalaria\/servicios-de-capacitacion-en-salud-y-seguridad-en-el-trabajo\/#breadcrumb\"},\"inLanguage\":\"es-CL\",\"potentialAction\":[{\"@type\":\"ReadAction\",\"target\":[\"https:\/\/ambipar.com\/latam\/ambipar-response-3\/rescate-y-atencion-prehospitalaria\/servicios-de-capacitacion-en-salud-y-seguridad-en-el-trabajo\/\"]}]},{\"@type\":\"BreadcrumbList\",\"@id\":\"https:\/\/ambipar.com\/latam\/ambipar-response-3\/rescate-y-atencion-prehospitalaria\/servicios-de-capacitacion-en-salud-y-seguridad-en-el-trabajo\/#breadcrumb\",\"itemListElement\":[{\"@type\":\"ListItem\",\"position\":1,\"name\":\"Home\",\"item\":\"https:\/\/ambipar.com\/latam\/\"},{\"@type\":\"ListItem\",\"position\":2,\"name\":\"Ambipar Response\",\"item\":\"https:\/\/ambipar.com\/latam\/ambipar-response-3\/\"},{\"@type\":\"ListItem\",\"position\":3,\"name\":\"Rescate y Atenci\\u00f3n Prehospitalaria\",\"item\":\"https:\/\/ambipar.com\/latam\/ambipar-response-3\/rescate-y-atencion-prehospitalaria\/\"},{\"@type\":\"ListItem\",\"position\":4,\"name\":\"Servicios de capacitaci\\u00f3n en salud y seguridad en el trabajo\"}]}]}<\/script>\n<!-- \/ Yoast SEO plugin. -->","yoast_head_json":{"title":"Servicios de capacitaci\u00f3n en salud y seguridad en el trabajo - Ambipar","description":"Entregamos servicios especializados en entrenamiento de seguridad y salud ocupacional del \u00e1rea industrial, medio ambiente y marines.","robots":{"index":"index","follow":"follow","max-snippet":"max-snippet:-1","max-image-preview":"max-image-preview:large","max-video-preview":"max-video-preview:-1"},"canonical":"https:\/\/ambipar.com\/latam\/ambipar-response-3\/rescate-y-atencion-prehospitalaria\/servicios-de-capacitacion-en-salud-y-seguridad-en-el-trabajo\/","og_locale":"es_ES","og_type":"article","og_title":"Servicios de capacitaci\u00f3n en salud y seguridad en el trabajo - Ambipar","og_description":"Entregamos servicios especializados en entrenamiento de seguridad y salud ocupacional del \u00e1rea industrial, medio ambiente y marines.","og_url":"https:\/\/ambipar.com\/latam\/ambipar-response-3\/rescate-y-atencion-prehospitalaria\/servicios-de-capacitacion-en-salud-y-seguridad-en-el-trabajo\/","og_site_name":"Ambipar. A l\u00edder em gest\u00e3o ambiental.","article_modified_time":"2021-10-18T20:24:39+00:00","og_image":[{"width":1500,"height":1000,"url":"https:\/\/ambipar.com\/latam\/wp-content\/uploads\/2021\/10\/female-african-american-speaker-giving-presentation-hall-university-workshop-2.jpg","type":"image\/jpeg"}],"twitter_card":"summary_large_image","twitter_misc":{"Est. reading time":"1 minuto"},"schema":{"@context":"https:\/\/schema.org","@graph":[{"@type":"Organization","@id":"https:\/\/ambipar.com\/latam\/#organization","name":"Ambipar","url":"https:\/\/ambipar.com\/latam\/","sameAs":[],"logo":{"@type":"ImageObject","@id":"https:\/\/ambipar.com\/latam\/#logo","inLanguage":"es-CL","url":"https:\/\/ambipar.com\/latam\/wp-content\/uploads\/2020\/10\/ambipar_color.png","contentUrl":"https:\/\/ambipar.com\/latam\/wp-content\/uploads\/2020\/10\/ambipar_color.png","width":174,"height":107,"caption":"Ambipar"},"image":{"@id":"https:\/\/ambipar.com\/latam\/#logo"}},{"@type":"WebSite","@id":"https:\/\/ambipar.com\/latam\/#website","url":"https:\/\/ambipar.com\/latam\/","name":"Ambipar. A l\u00edder em gest\u00e3o ambiental.","description":"Pioneira em solu\u00e7\u00f5es ambientais, a Ambipar atua em todo o territ\u00f3rio nacional oferecendo solu\u00e7\u00f5es integradas para toda a cadeia de neg\u00f3cio.","publisher":{"@id":"https:\/\/ambipar.com\/latam\/#organization"},"potentialAction":[{"@type":"SearchAction","target":{"@type":"EntryPoint","urlTemplate":"https:\/\/ambipar.com\/latam\/?s={search_term_string}"},"query-input":"required name=search_term_string"}],"inLanguage":"es-CL"},{"@type":"ImageObject","@id":"https:\/\/ambipar.com\/latam\/ambipar-response-3\/rescate-y-atencion-prehospitalaria\/servicios-de-capacitacion-en-salud-y-seguridad-en-el-trabajo\/#primaryimage","inLanguage":"es-CL","url":"https:\/\/ambipar.com\/latam\/wp-content\/uploads\/2021\/10\/female-african-american-speaker-giving-presentation-hall-university-workshop-2.jpg","contentUrl":"https:\/\/ambipar.com\/latam\/wp-content\/uploads\/2021\/10\/female-african-american-speaker-giving-presentation-hall-university-workshop-2.jpg","width":1500,"height":1000,"caption":"entreinamiento"},{"@type":"WebPage","@id":"https:\/\/ambipar.com\/latam\/ambipar-response-3\/rescate-y-atencion-prehospitalaria\/servicios-de-capacitacion-en-salud-y-seguridad-en-el-trabajo\/#webpage","url":"https:\/\/ambipar.com\/latam\/ambipar-response-3\/rescate-y-atencion-prehospitalaria\/servicios-de-capacitacion-en-salud-y-seguridad-en-el-trabajo\/","name":"Servicios de capacitaci\u00f3n en salud y seguridad en el trabajo - Ambipar","isPartOf":{"@id":"https:\/\/ambipar.com\/latam\/#website"},"primaryImageOfPage":{"@id":"https:\/\/ambipar.com\/latam\/ambipar-response-3\/rescate-y-atencion-prehospitalaria\/servicios-de-capacitacion-en-salud-y-seguridad-en-el-trabajo\/#primaryimage"},"datePublished":"2021-10-07T18:22:10+00:00","dateModified":"2021-10-18T20:24:39+00:00","description":"Entregamos servicios especializados en entrenamiento de seguridad y salud ocupacional del \u00e1rea industrial, medio ambiente y marines.","breadcrumb":{"@id":"https:\/\/ambipar.com\/latam\/ambipar-response-3\/rescate-y-atencion-prehospitalaria\/servicios-de-capacitacion-en-salud-y-seguridad-en-el-trabajo\/#breadcrumb"},"inLanguage":"es-CL","potentialAction":[{"@type":"ReadAction","target":["https:\/\/ambipar.com\/latam\/ambipar-response-3\/rescate-y-atencion-prehospitalaria\/servicios-de-capacitacion-en-salud-y-seguridad-en-el-trabajo\/"]}]},{"@type":"BreadcrumbList","@id":"https:\/\/ambipar.com\/latam\/ambipar-response-3\/rescate-y-atencion-prehospitalaria\/servicios-de-capacitacion-en-salud-y-seguridad-en-el-trabajo\/#breadcrumb","itemListElement":[{"@type":"ListItem","position":1,"name":"Home","item":"https:\/\/ambipar.com\/latam\/"},{"@type":"ListItem","position":2,"name":"Ambipar Response","item":"https:\/\/ambipar.com\/latam\/ambipar-response-3\/"},{"@type":"ListItem","position":3,"name":"Rescate y Atenci\u00f3n Prehospitalaria","item":"https:\/\/ambipar.com\/latam\/ambipar-response-3\/rescate-y-atencion-prehospitalaria\/"},{"@type":"ListItem","position":4,"name":"Servicios de capacitaci\u00f3n en salud y seguridad en el trabajo"}]}]}},"_links":{"self":[{"href":"https:\/\/ambipar.com\/latam\/wp-json\/wp\/v2\/pages\/4062"}],"collection":[{"href":"https:\/\/ambipar.com\/latam\/wp-json\/wp\/v2\/pages"}],"about":[{"href":"https:\/\/ambipar.com\/latam\/wp-json\/wp\/v2\/types\/page"}],"author":[{"embeddable":true,"href":"https:\/\/ambipar.com\/latam\/wp-json\/wp\/v2\/users\/4"}],"replies":[{"embeddable":true,"href":"https:\/\/ambipar.com\/latam\/wp-json\/wp\/v2\/comments?post=4062"}],"version-history":[{"count":7,"href":"https:\/\/ambipar.com\/latam\/wp-json\/wp\/v2\/pages\/4062\/revisions"}],"predecessor-version":[{"id":4359,"href":"https:\/\/ambipar.com\/latam\/wp-json\/wp\/v2\/pages\/4062\/revisions\/4359"}],"up":[{"embeddable":true,"href":"https:\/\/ambipar.com\/latam\/wp-json\/wp\/v2\/pages\/4014"}],"wp:featuredmedia":[{"embeddable":true,"href":"https:\/\/ambipar.com\/latam\/wp-json\/wp\/v2\/media\/4352"}],"wp:attachment":[{"href":"https:\/\/ambipar.com\/latam\/wp-json\/wp\/v2\/media?parent=4062"}],"curies":[{"name":"wp","href":"https:\/\/api.w.org\/{rel}","templated":true}]}}