{"id":421,"date":"2020-10-28T07:29:00","date_gmt":"2020-10-28T10:29:00","guid":{"rendered":"https:\/\/ambipar.com\/latam\/?page_id=421"},"modified":"2021-01-05T20:35:07","modified_gmt":"2021-01-05T23:35:07","slug":"documentos-tecnicos","status":"publish","type":"page","link":"https:\/\/ambipar.com\/latam\/pt\/ambipar-response\/prevencao-de-acidentes\/documentos-tecnicos\/","title":{"rendered":"Documentos t\u00e9cnicos"},"content":{"rendered":"\n<p><strong>FISPQ<\/strong> \u2013 Ficha de Informa\u00e7\u00e3o de Seguran\u00e7a do Produto Qu\u00edmico<\/p>\n\n\n\n<p>Documento que fornece informa\u00e7\u00f5es sobre aspectos do produto qu\u00edmico quanto \u00e0 prote\u00e7\u00e3o \u00e0 seguran\u00e7a, sa\u00fade e ao meio ambiente. \u00c9 realizada a classifica\u00e7\u00e3o do produto de acordo com&nbsp; o sistema GHS (Globally Harmonized System). Elaborada com base na ABNT NBR 14725 e conforme Decreto n\u00ba 2657\/98 e Portaria n\u00ba 229 de 2011\/TEM.<\/p>\n\n\n\n<p><strong>FDSR<\/strong> \u2013 Ficha de Dados de Seguran\u00e7a do Res\u00edduo<\/p>\n\n\n\n<p>Documento que fornece informa\u00e7\u00f5es sobre a identifica\u00e7\u00e3o do res\u00edduo, seu gerador, classifica\u00e7\u00e3o, periculosidade e procedimentos de emerg\u00eancia.&nbsp; A FDSR tamb\u00e9m tem sua base normativa na Conven\u00e7\u00e3o n\u00ba 170 da Organiza\u00e7\u00e3o Internacional do Trabalho (OIT) e no&nbsp;<a href=\"http:\/\/www.planalto.gov.br\/ccivil_03\/decreto\/d2657.htm\">Decreto n\u00ba 2.657 de 03 de mar\u00e7o de 1998<\/a>.&nbsp; As especifica\u00e7\u00f5es da FDSR encontram-se reguladas pela&nbsp;ABNT NBR 16725. Esta norma tamb\u00e9m disp\u00f5e sobre padr\u00f5es de rotulagem de res\u00edduos qu\u00edmicos, perigosos ou n\u00e3o.<\/p>\n\n\n\n<figure class=\"wp-block-image size-large\"><img width=\"689\" height=\"782\" src=\"https:\/\/ambipar.com\/latam\/wp-content\/uploads\/2020\/10\/documentos-1.png\" alt=\"\" class=\"wp-image-426\" srcset=\"https:\/\/ambipar.com\/latam\/wp-content\/uploads\/2020\/10\/documentos-1.png 689w, https:\/\/ambipar.com\/latam\/wp-content\/uploads\/2020\/10\/documentos-1-250x284.png 250w, https:\/\/ambipar.com\/latam\/wp-content\/uploads\/2020\/10\/documentos-1-120x136.png 120w\" sizes=\"(max-width: 689px) 100vw, 689px\" \/><\/figure>\n\n\n\n<p>Veja tamb\u00e9m:<\/p>\n\n\n\n<ul id=\"block-4a8a5fd3-86de-47e4-a684-ce6c02490c4b\"><li><a href=\"https:\/\/ambipar.com\/latam\/ambipar-response\/prevencao-de-acidentes\/estudo-de-analise-de-riscos\/\">Estudo de An\u00e1lise de Riscos (EAR)<\/a><\/li><li><a href=\"https:\/\/ambipar.com\/latam\/ambipar-response\/prevencao-de-acidentes\/programa-de-gerenciamento-de-riscos\/\">Programa de Gerenciamento de Riscos (PGR)<\/a><\/li><li><a href=\"https:\/\/ambipar.com\/latam\/ambipar-response\/prevencao-de-acidentes\/plano-de-acao-em-emergencia-pae\/\">Plano de A\u00e7\u00e3o em Emerg\u00eancia (PAE)<\/a><\/li><li><a href=\"https:\/\/ambipar.com\/latam\/ambipar-response\/prevencao-de-acidentes\/plano-de-emergencia-individual-pei\/\">Plano de Emerg\u00eancia Individual (PEI)<\/a><\/li><li><a href=\"https:\/\/ambipar.com\/latam\/ambipar-response\/prevencao-de-acidentes\/webmapping\/\">Webmapping<\/a><\/li><li><a href=\"https:\/\/ambipar.com\/latam\/ambipar-response\/prevencao-de-acidentes\/plano-de-area-pa\/\">Plano de \u00c1rea (PA)<\/a><\/li><li><a href=\"https:\/\/ambipar.com\/latam\/ambipar-response\/prevencao-de-acidentes\/plano-de-controle-de-emergencia-pce\/\">Plano de Controle de Emerg\u00eancia (PCE)<\/a><\/li><li><a href=\"https:\/\/ambipar.com\/latam\/ambipar-response\/prevencao-de-acidentes\/planejamento-de-simulados\/\">Planejamento de Simulados<\/a><\/li><li>Assessoria T\u00e9cnica em Legisla\u00e7\u00e3o de Armazenagem e Transporte de Produtos Perigosos:<ul><li><a href=\"https:\/\/ambipar.com\/latam\/ambipar-response\/prevencao-de-acidentes\/licenciamento-ambiental\/\">Licenciamento ambiental<\/a><\/li><li><a href=\"https:\/\/ambipar.com\/latam\/ambipar-response\/prevencao-de-acidentes\/licenca-especial-de-transito-para-produtos-perigosos-letpp\/\">Licen\u00e7a Especial de Tr\u00e2nsito para Produtos Perigosos (LETPP)<\/a><\/li><\/ul><ul><li><a href=\"https:\/\/ambipar.com\/latam\/ambipar-response\/prevencao-de-acidentes\/manuais\/\">Manuais<\/a><\/li><\/ul><\/li><\/ul>\n","protected":false},"excerpt":{"rendered":"FISPQ \u2013 Ficha de Informa\u00e7\u00e3o de Seguran\u00e7a do Produto Qu\u00edmico Documento que fornece informa\u00e7\u00f5es sobre aspectos do produto qu\u00edmico quanto \u00e0 prote\u00e7\u00e3o \u00e0 seguran\u00e7a, sa\u00fade e ao meio ambiente. \u00c9 realizada a classifica\u00e7\u00e3o do produto de acordo com&nbsp; o sistema GHS (Globally Harmonized System). Elaborada com base na ABNT NBR 14725 e conforme Decreto n\u00ba&#8230; <a class=\"view-article\" href=\"https:\/\/ambipar.com\/latam\/pt\/ambipar-response\/prevencao-de-acidentes\/documentos-tecnicos\/\">Ver art\u00edculo<\/a>","protected":false},"author":1,"featured_media":422,"parent":374,"menu_order":0,"comment_status":"closed","ping_status":"closed","template":"single-servicos.php","meta":[],"yoast_head":"<!-- This site is optimized with the Yoast SEO plugin v17.6 - https:\/\/yoast.com\/wordpress\/plugins\/seo\/ -->\n<title>Conhe\u00e7a os Documentos t\u00e9cnicos oferecidos pela Ambipar Response<\/title>\n<meta name=\"description\" content=\"FISPQ \u2013 Ficha de Informa\u00e7\u00e3o de Seguran\u00e7a do Produto Qu\u00edmico. Documento que fornece informa\u00e7\u00f5es sobre aspectos do produto qu\u00edmico\" \/>\n<meta name=\"robots\" content=\"index, follow, max-snippet:-1, max-image-preview:large, max-video-preview:-1\" \/>\n<link rel=\"canonical\" href=\"https:\/\/ambipar.com\/latam\/pt\/ambipar-response\/prevencao-de-acidentes\/documentos-tecnicos\/\" \/>\n<meta property=\"og:locale\" content=\"es_ES\" \/>\n<meta property=\"og:type\" content=\"article\" \/>\n<meta property=\"og:title\" content=\"Conhe\u00e7a os Documentos t\u00e9cnicos oferecidos pela Ambipar Response\" \/>\n<meta property=\"og:description\" content=\"FISPQ \u2013 Ficha de Informa\u00e7\u00e3o de Seguran\u00e7a do Produto Qu\u00edmico. Documento que fornece informa\u00e7\u00f5es sobre aspectos do produto qu\u00edmico\" \/>\n<meta property=\"og:url\" content=\"https:\/\/ambipar.com\/latam\/pt\/ambipar-response\/prevencao-de-acidentes\/documentos-tecnicos\/\" \/>\n<meta property=\"og:site_name\" content=\"Ambipar. A l\u00edder em gest\u00e3o ambiental.\" \/>\n<meta property=\"article:modified_time\" content=\"2021-01-05T23:35:07+00:00\" \/>\n<meta property=\"og:image\" content=\"https:\/\/ambipar.com\/latam\/wp-content\/uploads\/2020\/10\/produtoquimico.jpg\" \/>\n\t<meta property=\"og:image:width\" content=\"1012\" \/>\n\t<meta property=\"og:image:height\" content=\"1000\" \/>\n<meta name=\"twitter:card\" content=\"summary_large_image\" \/>\n<meta name=\"twitter:label1\" content=\"Est. reading time\" \/>\n\t<meta name=\"twitter:data1\" content=\"1 minuto\" \/>\n<script type=\"application\/ld+json\" class=\"yoast-schema-graph\">{\"@context\":\"https:\/\/schema.org\",\"@graph\":[{\"@type\":\"Organization\",\"@id\":\"https:\/\/ambipar.com\/latam\/#organization\",\"name\":\"Ambipar\",\"url\":\"https:\/\/ambipar.com\/latam\/\",\"sameAs\":[],\"logo\":{\"@type\":\"ImageObject\",\"@id\":\"https:\/\/ambipar.com\/latam\/#logo\",\"inLanguage\":\"es-CL\",\"url\":\"https:\/\/ambipar.com\/latam\/wp-content\/uploads\/2020\/10\/ambipar_color.png\",\"contentUrl\":\"https:\/\/ambipar.com\/latam\/wp-content\/uploads\/2020\/10\/ambipar_color.png\",\"width\":174,\"height\":107,\"caption\":\"Ambipar\"},\"image\":{\"@id\":\"https:\/\/ambipar.com\/latam\/#logo\"}},{\"@type\":\"WebSite\",\"@id\":\"https:\/\/ambipar.com\/latam\/#website\",\"url\":\"https:\/\/ambipar.com\/latam\/\",\"name\":\"Ambipar. A l\\u00edder em gest\\u00e3o ambiental.\",\"description\":\"Pioneira em solu\\u00e7\\u00f5es ambientais, a Ambipar atua em todo o territ\\u00f3rio nacional oferecendo solu\\u00e7\\u00f5es integradas para toda a cadeia de neg\\u00f3cio.\",\"publisher\":{\"@id\":\"https:\/\/ambipar.com\/latam\/#organization\"},\"potentialAction\":[{\"@type\":\"SearchAction\",\"target\":{\"@type\":\"EntryPoint\",\"urlTemplate\":\"https:\/\/ambipar.com\/latam\/?s={search_term_string}\"},\"query-input\":\"required name=search_term_string\"}],\"inLanguage\":\"es-CL\"},{\"@type\":\"ImageObject\",\"@id\":\"https:\/\/ambipar.com\/latam\/pt\/ambipar-response\/prevencao-de-acidentes\/documentos-tecnicos\/#primaryimage\",\"inLanguage\":\"es-CL\",\"url\":\"https:\/\/ambipar.com\/latam\/wp-content\/uploads\/2020\/10\/produtoquimico.jpg\",\"contentUrl\":\"https:\/\/ambipar.com\/latam\/wp-content\/uploads\/2020\/10\/produtoquimico.jpg\",\"width\":1012,\"height\":1000,\"caption\":\"produto qu\\u00edmico\"},{\"@type\":\"WebPage\",\"@id\":\"https:\/\/ambipar.com\/latam\/pt\/ambipar-response\/prevencao-de-acidentes\/documentos-tecnicos\/#webpage\",\"url\":\"https:\/\/ambipar.com\/latam\/pt\/ambipar-response\/prevencao-de-acidentes\/documentos-tecnicos\/\",\"name\":\"Conhe\\u00e7a os Documentos t\\u00e9cnicos oferecidos pela Ambipar Response\",\"isPartOf\":{\"@id\":\"https:\/\/ambipar.com\/latam\/#website\"},\"primaryImageOfPage\":{\"@id\":\"https:\/\/ambipar.com\/latam\/pt\/ambipar-response\/prevencao-de-acidentes\/documentos-tecnicos\/#primaryimage\"},\"datePublished\":\"2020-10-28T10:29:00+00:00\",\"dateModified\":\"2021-01-05T23:35:07+00:00\",\"description\":\"FISPQ \\u2013 Ficha de Informa\\u00e7\\u00e3o de Seguran\\u00e7a do Produto Qu\\u00edmico. Documento que fornece informa\\u00e7\\u00f5es sobre aspectos do produto qu\\u00edmico\",\"breadcrumb\":{\"@id\":\"https:\/\/ambipar.com\/latam\/pt\/ambipar-response\/prevencao-de-acidentes\/documentos-tecnicos\/#breadcrumb\"},\"inLanguage\":\"es-CL\",\"potentialAction\":[{\"@type\":\"ReadAction\",\"target\":[\"https:\/\/ambipar.com\/latam\/pt\/ambipar-response\/prevencao-de-acidentes\/documentos-tecnicos\/\"]}]},{\"@type\":\"BreadcrumbList\",\"@id\":\"https:\/\/ambipar.com\/latam\/pt\/ambipar-response\/prevencao-de-acidentes\/documentos-tecnicos\/#breadcrumb\",\"itemListElement\":[{\"@type\":\"ListItem\",\"position\":1,\"name\":\"Home\",\"item\":\"https:\/\/ambipar.com\/latam\/\"},{\"@type\":\"ListItem\",\"position\":2,\"name\":\"Ambipar Response\",\"item\":\"https:\/\/ambipar.com\/latam\/pt\/ambipar-response\/\"},{\"@type\":\"ListItem\",\"position\":3,\"name\":\"Preven\\u00e7\\u00e3o de Acidentes\",\"item\":\"https:\/\/ambipar.com\/latam\/pt\/ambipar-response\/prevencao-de-acidentes\/\"},{\"@type\":\"ListItem\",\"position\":4,\"name\":\"Documentos t\\u00e9cnicos\"}]}]}<\/script>\n<!-- \/ Yoast SEO plugin. -->","yoast_head_json":{"title":"Conhe\u00e7a os Documentos t\u00e9cnicos oferecidos pela Ambipar Response","description":"FISPQ \u2013 Ficha de Informa\u00e7\u00e3o de Seguran\u00e7a do Produto Qu\u00edmico. Documento que fornece informa\u00e7\u00f5es sobre aspectos do produto qu\u00edmico","robots":{"index":"index","follow":"follow","max-snippet":"max-snippet:-1","max-image-preview":"max-image-preview:large","max-video-preview":"max-video-preview:-1"},"canonical":"https:\/\/ambipar.com\/latam\/pt\/ambipar-response\/prevencao-de-acidentes\/documentos-tecnicos\/","og_locale":"es_ES","og_type":"article","og_title":"Conhe\u00e7a os Documentos t\u00e9cnicos oferecidos pela Ambipar Response","og_description":"FISPQ \u2013 Ficha de Informa\u00e7\u00e3o de Seguran\u00e7a do Produto Qu\u00edmico. Documento que fornece informa\u00e7\u00f5es sobre aspectos do produto qu\u00edmico","og_url":"https:\/\/ambipar.com\/latam\/pt\/ambipar-response\/prevencao-de-acidentes\/documentos-tecnicos\/","og_site_name":"Ambipar. A l\u00edder em gest\u00e3o ambiental.","article_modified_time":"2021-01-05T23:35:07+00:00","og_image":[{"width":1012,"height":1000,"url":"https:\/\/ambipar.com\/latam\/wp-content\/uploads\/2020\/10\/produtoquimico.jpg","type":"image\/jpeg"}],"twitter_card":"summary_large_image","twitter_misc":{"Est. reading time":"1 minuto"},"schema":{"@context":"https:\/\/schema.org","@graph":[{"@type":"Organization","@id":"https:\/\/ambipar.com\/latam\/#organization","name":"Ambipar","url":"https:\/\/ambipar.com\/latam\/","sameAs":[],"logo":{"@type":"ImageObject","@id":"https:\/\/ambipar.com\/latam\/#logo","inLanguage":"es-CL","url":"https:\/\/ambipar.com\/latam\/wp-content\/uploads\/2020\/10\/ambipar_color.png","contentUrl":"https:\/\/ambipar.com\/latam\/wp-content\/uploads\/2020\/10\/ambipar_color.png","width":174,"height":107,"caption":"Ambipar"},"image":{"@id":"https:\/\/ambipar.com\/latam\/#logo"}},{"@type":"WebSite","@id":"https:\/\/ambipar.com\/latam\/#website","url":"https:\/\/ambipar.com\/latam\/","name":"Ambipar. A l\u00edder em gest\u00e3o ambiental.","description":"Pioneira em solu\u00e7\u00f5es ambientais, a Ambipar atua em todo o territ\u00f3rio nacional oferecendo solu\u00e7\u00f5es integradas para toda a cadeia de neg\u00f3cio.","publisher":{"@id":"https:\/\/ambipar.com\/latam\/#organization"},"potentialAction":[{"@type":"SearchAction","target":{"@type":"EntryPoint","urlTemplate":"https:\/\/ambipar.com\/latam\/?s={search_term_string}"},"query-input":"required name=search_term_string"}],"inLanguage":"es-CL"},{"@type":"ImageObject","@id":"https:\/\/ambipar.com\/latam\/pt\/ambipar-response\/prevencao-de-acidentes\/documentos-tecnicos\/#primaryimage","inLanguage":"es-CL","url":"https:\/\/ambipar.com\/latam\/wp-content\/uploads\/2020\/10\/produtoquimico.jpg","contentUrl":"https:\/\/ambipar.com\/latam\/wp-content\/uploads\/2020\/10\/produtoquimico.jpg","width":1012,"height":1000,"caption":"produto qu\u00edmico"},{"@type":"WebPage","@id":"https:\/\/ambipar.com\/latam\/pt\/ambipar-response\/prevencao-de-acidentes\/documentos-tecnicos\/#webpage","url":"https:\/\/ambipar.com\/latam\/pt\/ambipar-response\/prevencao-de-acidentes\/documentos-tecnicos\/","name":"Conhe\u00e7a os Documentos t\u00e9cnicos oferecidos pela Ambipar Response","isPartOf":{"@id":"https:\/\/ambipar.com\/latam\/#website"},"primaryImageOfPage":{"@id":"https:\/\/ambipar.com\/latam\/pt\/ambipar-response\/prevencao-de-acidentes\/documentos-tecnicos\/#primaryimage"},"datePublished":"2020-10-28T10:29:00+00:00","dateModified":"2021-01-05T23:35:07+00:00","description":"FISPQ \u2013 Ficha de Informa\u00e7\u00e3o de Seguran\u00e7a do Produto Qu\u00edmico. Documento que fornece informa\u00e7\u00f5es sobre aspectos do produto qu\u00edmico","breadcrumb":{"@id":"https:\/\/ambipar.com\/latam\/pt\/ambipar-response\/prevencao-de-acidentes\/documentos-tecnicos\/#breadcrumb"},"inLanguage":"es-CL","potentialAction":[{"@type":"ReadAction","target":["https:\/\/ambipar.com\/latam\/pt\/ambipar-response\/prevencao-de-acidentes\/documentos-tecnicos\/"]}]},{"@type":"BreadcrumbList","@id":"https:\/\/ambipar.com\/latam\/pt\/ambipar-response\/prevencao-de-acidentes\/documentos-tecnicos\/#breadcrumb","itemListElement":[{"@type":"ListItem","position":1,"name":"Home","item":"https:\/\/ambipar.com\/latam\/"},{"@type":"ListItem","position":2,"name":"Ambipar Response","item":"https:\/\/ambipar.com\/latam\/pt\/ambipar-response\/"},{"@type":"ListItem","position":3,"name":"Preven\u00e7\u00e3o de Acidentes","item":"https:\/\/ambipar.com\/latam\/pt\/ambipar-response\/prevencao-de-acidentes\/"},{"@type":"ListItem","position":4,"name":"Documentos t\u00e9cnicos"}]}]}},"_links":{"self":[{"href":"https:\/\/ambipar.com\/latam\/wp-json\/wp\/v2\/pages\/421"}],"collection":[{"href":"https:\/\/ambipar.com\/latam\/wp-json\/wp\/v2\/pages"}],"about":[{"href":"https:\/\/ambipar.com\/latam\/wp-json\/wp\/v2\/types\/page"}],"author":[{"embeddable":true,"href":"https:\/\/ambipar.com\/latam\/wp-json\/wp\/v2\/users\/1"}],"replies":[{"embeddable":true,"href":"https:\/\/ambipar.com\/latam\/wp-json\/wp\/v2\/comments?post=421"}],"version-history":[{"count":4,"href":"https:\/\/ambipar.com\/latam\/wp-json\/wp\/v2\/pages\/421\/revisions"}],"predecessor-version":[{"id":520,"href":"https:\/\/ambipar.com\/latam\/wp-json\/wp\/v2\/pages\/421\/revisions\/520"}],"up":[{"embeddable":true,"href":"https:\/\/ambipar.com\/latam\/wp-json\/wp\/v2\/pages\/374"}],"wp:featuredmedia":[{"embeddable":true,"href":"https:\/\/ambipar.com\/latam\/wp-json\/wp\/v2\/media\/422"}],"wp:attachment":[{"href":"https:\/\/ambipar.com\/latam\/wp-json\/wp\/v2\/media?parent=421"}],"curies":[{"name":"wp","href":"https:\/\/api.w.org\/{rel}","templated":true}]}}