{"id":4316,"date":"2021-10-14T14:38:28","date_gmt":"2021-10-14T17:38:28","guid":{"rendered":"https:\/\/ambipar.com\/latam\/?page_id=4316"},"modified":"2021-10-18T10:14:11","modified_gmt":"2021-10-18T13:14:11","slug":"emergencias-forestales","status":"publish","type":"page","link":"https:\/\/ambipar.com\/latam\/ambipar-response-3\/repuesta-a-emergencias\/emergencias-forestales\/","title":{"rendered":"Emergencias Forestales"},"content":{"rendered":"\n<p>Ambipar mediante su \u00e1rea Outsourcing atiende las operaciones de sus clientes de forestal, a trav\u00e9s de equipos dedicados y profesionales para atender servicios y emergencias especializadas, servicios dedicados a la prevenci\u00f3n de accidentes y emergencias, como as\u00ed tambi\u00e9n otorgar servicios hacia la seguridad vial, control y patrullaje, rescate liviano \u2013 pesado.<\/p>\n\n\n\n<p>Parte de los servicios son operaciones y atenci\u00f3n especializada para actuar en el control de cargas peligrosas \u2013 no peligrosas, monitoreo de veh\u00edculos, operaci\u00f3n de centrales de comando y tr\u00e1fico del transporte, escoltas, atenci\u00f3n a emergencias, seguridad vial, rescate vehicular, combate a incendios estructurales, industriales, interfase, forestales.<\/p>\n\n\n\n<div class=\"wp-block-columns\">\n<div class=\"wp-block-column\">\n<figure class=\"wp-block-image size-full\"><img width=\"130\" height=\"131\" src=\"https:\/\/ambipar.com\/latam\/wp-content\/uploads\/2021\/10\/3.MO_.png\" alt=\"\" class=\"wp-image-4310\" srcset=\"https:\/\/ambipar.com\/latam\/wp-content\/uploads\/2021\/10\/3.MO_.png 130w, https:\/\/ambipar.com\/latam\/wp-content\/uploads\/2021\/10\/3.MO_-120x121.png 120w\" sizes=\"(max-width: 130px) 100vw, 130px\" \/><figcaption>BRIGADA FORESTAL<\/figcaption><\/figure>\n<\/div>\n\n\n\n<div class=\"wp-block-column\">\n<figure class=\"wp-block-image size-full\"><img width=\"130\" height=\"130\" src=\"https:\/\/ambipar.com\/latam\/wp-content\/uploads\/2021\/10\/8.MO_.png\" alt=\"\" class=\"wp-image-4308\" srcset=\"https:\/\/ambipar.com\/latam\/wp-content\/uploads\/2021\/10\/8.MO_.png 130w, https:\/\/ambipar.com\/latam\/wp-content\/uploads\/2021\/10\/8.MO_-120x120.png 120w\" sizes=\"(max-width: 130px) 100vw, 130px\" \/><figcaption>EXTINCI\u00d3N DE<br>INCENDIOS<\/figcaption><\/figure>\n<\/div>\n\n\n\n<div class=\"wp-block-column\">\n<figure class=\"wp-block-image size-full\"><img width=\"130\" height=\"130\" src=\"https:\/\/ambipar.com\/latam\/wp-content\/uploads\/2021\/10\/10.MO_.png\" alt=\"\" class=\"wp-image-4307\" srcset=\"https:\/\/ambipar.com\/latam\/wp-content\/uploads\/2021\/10\/10.MO_.png 130w, https:\/\/ambipar.com\/latam\/wp-content\/uploads\/2021\/10\/10.MO_-120x120.png 120w\" sizes=\"(max-width: 130px) 100vw, 130px\" \/><figcaption>RESCATE<br>VEHICULAR<\/figcaption><\/figure>\n<\/div>\n<\/div>\n\n\n\n<p>Vea tambi\u00e9n:<\/p>\n\n\n\n<ul><li><a href=\"https:\/\/ambipar.com\/latam\/ambipar-response-3\/repuesta-a-emergencias\/atencion-de-emergencia\/\">Atenci\u00f3n de Emergencia<\/a><\/li><li><a href=\"https:\/\/ambipar.com\/latam\/ambipar-response-3\/repuesta-a-emergencias\/central-de-control-y-gestion-de-emergencias-cecoe\/\">Central de Control y Gesti\u00f3n de Emergencias (CECOE)<\/a><\/li><li><a href=\"https:\/\/ambipar.com\/latam\/ambipar-response-3\/repuesta-a-emergencias\/sistema-de-comando-de-incidentes-sci-sala-de-crisis\/\">Sistema de Comando de Incidentes (SCI)<\/a><\/li><li><a href=\"https:\/\/ambipar.com\/latam\/ambipar-response-3\/repuesta-a-emergencias\/emergencias-maritimas-y-fluviales\/\">Emergencias Mar\u00edtimas y Fluviales<\/a><\/li><li><a href=\"https:\/\/ambipar.com\/latam\/ambipar-response-3\/repuesta-a-emergencias\/emergencias-en-carreteras\/\">Emergencias en Carreteras<\/a><\/li><li><a href=\"https:\/\/ambipar.com\/latam\/ambipar-response-3\/repuesta-a-emergencias\/emergencias-en-ferrocarriles\/\">Emergencias en Ferrocarriles<\/a><\/li><li><a href=\"https:\/\/ambipar.com\/latam\/ambipar-response-3\/repuesta-a-emergencias\/emergencias-en-ductos\/\">Emergencias en Ductos<\/a><\/li><li><a href=\"https:\/\/ambipar.com\/latam\/ambipar-response-3\/repuesta-a-emergencias\/emergencias-en-aeropuertos\/\">Emergencias en Aeropuertos<\/a><\/li><li><a href=\"https:\/\/ambipar.com\/latam\/ambipar-response-3\/repuesta-a-emergencias\/emergencias-industriales\/\">Emergencias Industriales<\/a><\/li><li><a href=\"https:\/\/ambipar.com\/latam\/ambipar-response-3\/repuesta-a-emergencias\/emergencias-mineria\/\">Emergencias Miner\u00eda<\/a><\/li><\/ul>\n","protected":false},"excerpt":{"rendered":"Ambipar mediante su \u00e1rea Outsourcing atiende las operaciones de sus clientes de forestal, a trav\u00e9s de equipos dedicados y profesionales para atender servicios y emergencias especializadas, servicios dedicados a la prevenci\u00f3n de accidentes y emergencias, como as\u00ed tambi\u00e9n otorgar servicios hacia la seguridad vial, control y patrullaje, rescate liviano \u2013 pesado. Parte de los servicios&#8230; <a class=\"view-article\" href=\"https:\/\/ambipar.com\/latam\/ambipar-response-3\/repuesta-a-emergencias\/emergencias-forestales\/\">Ver art\u00edculo<\/a>","protected":false},"author":4,"featured_media":4329,"parent":1944,"menu_order":0,"comment_status":"closed","ping_status":"closed","template":"single-servicos.php","meta":[],"yoast_head":"<!-- This site is optimized with the Yoast SEO plugin v17.6 - https:\/\/yoast.com\/wordpress\/plugins\/seo\/ -->\n<title>Emergencias Forestales - Ambipar. A l\u00edder em gest\u00e3o ambiental.<\/title>\n<meta name=\"robots\" content=\"index, follow, max-snippet:-1, max-image-preview:large, max-video-preview:-1\" \/>\n<link rel=\"canonical\" href=\"https:\/\/ambipar.com\/latam\/ambipar-response-3\/repuesta-a-emergencias\/emergencias-forestales\/\" \/>\n<meta property=\"og:locale\" content=\"es_ES\" \/>\n<meta property=\"og:type\" content=\"article\" \/>\n<meta property=\"og:title\" content=\"Emergencias Forestales - Ambipar. A l\u00edder em gest\u00e3o ambiental.\" \/>\n<meta property=\"og:description\" content=\"Ambipar mediante su \u00e1rea Outsourcing atiende las operaciones de sus clientes de forestal, a trav\u00e9s de equipos dedicados y profesionales para atender servicios y emergencias especializadas, servicios dedicados a la prevenci\u00f3n de accidentes y emergencias, como as\u00ed tambi\u00e9n otorgar servicios hacia la seguridad vial, control y patrullaje, rescate liviano \u2013 pesado. Parte de los servicios... Ver art\u00edculo\" \/>\n<meta property=\"og:url\" content=\"https:\/\/ambipar.com\/latam\/ambipar-response-3\/repuesta-a-emergencias\/emergencias-forestales\/\" \/>\n<meta property=\"og:site_name\" content=\"Ambipar. A l\u00edder em gest\u00e3o ambiental.\" \/>\n<meta property=\"article:modified_time\" content=\"2021-10-18T13:14:11+00:00\" \/>\n<meta property=\"og:image\" content=\"https:\/\/ambipar.com\/latam\/wp-content\/uploads\/2021\/10\/persona_flota-autos-1.jpg\" \/>\n\t<meta property=\"og:image:width\" content=\"2560\" \/>\n\t<meta property=\"og:image:height\" content=\"1707\" \/>\n<meta name=\"twitter:card\" content=\"summary_large_image\" \/>\n<meta name=\"twitter:label1\" content=\"Est. reading time\" \/>\n\t<meta name=\"twitter:data1\" content=\"2 minutos\" \/>\n<script type=\"application\/ld+json\" class=\"yoast-schema-graph\">{\"@context\":\"https:\/\/schema.org\",\"@graph\":[{\"@type\":\"Organization\",\"@id\":\"https:\/\/ambipar.com\/latam\/#organization\",\"name\":\"Ambipar\",\"url\":\"https:\/\/ambipar.com\/latam\/\",\"sameAs\":[],\"logo\":{\"@type\":\"ImageObject\",\"@id\":\"https:\/\/ambipar.com\/latam\/#logo\",\"inLanguage\":\"es-CL\",\"url\":\"https:\/\/ambipar.com\/latam\/wp-content\/uploads\/2020\/10\/ambipar_color.png\",\"contentUrl\":\"https:\/\/ambipar.com\/latam\/wp-content\/uploads\/2020\/10\/ambipar_color.png\",\"width\":174,\"height\":107,\"caption\":\"Ambipar\"},\"image\":{\"@id\":\"https:\/\/ambipar.com\/latam\/#logo\"}},{\"@type\":\"WebSite\",\"@id\":\"https:\/\/ambipar.com\/latam\/#website\",\"url\":\"https:\/\/ambipar.com\/latam\/\",\"name\":\"Ambipar. A l\\u00edder em gest\\u00e3o ambiental.\",\"description\":\"Pioneira em solu\\u00e7\\u00f5es ambientais, a Ambipar atua em todo o territ\\u00f3rio nacional oferecendo solu\\u00e7\\u00f5es integradas para toda a cadeia de neg\\u00f3cio.\",\"publisher\":{\"@id\":\"https:\/\/ambipar.com\/latam\/#organization\"},\"potentialAction\":[{\"@type\":\"SearchAction\",\"target\":{\"@type\":\"EntryPoint\",\"urlTemplate\":\"https:\/\/ambipar.com\/latam\/?s={search_term_string}\"},\"query-input\":\"required name=search_term_string\"}],\"inLanguage\":\"es-CL\"},{\"@type\":\"ImageObject\",\"@id\":\"https:\/\/ambipar.com\/latam\/ambipar-response-3\/repuesta-a-emergencias\/emergencias-forestales\/#primaryimage\",\"inLanguage\":\"es-CL\",\"url\":\"https:\/\/ambipar.com\/latam\/wp-content\/uploads\/2021\/10\/persona_flota-autos-1.jpg\",\"contentUrl\":\"https:\/\/ambipar.com\/latam\/wp-content\/uploads\/2021\/10\/persona_flota-autos-1.jpg\",\"width\":2560,\"height\":1707},{\"@type\":\"WebPage\",\"@id\":\"https:\/\/ambipar.com\/latam\/ambipar-response-3\/repuesta-a-emergencias\/emergencias-forestales\/#webpage\",\"url\":\"https:\/\/ambipar.com\/latam\/ambipar-response-3\/repuesta-a-emergencias\/emergencias-forestales\/\",\"name\":\"Emergencias Forestales - Ambipar. A l\\u00edder em gest\\u00e3o ambiental.\",\"isPartOf\":{\"@id\":\"https:\/\/ambipar.com\/latam\/#website\"},\"primaryImageOfPage\":{\"@id\":\"https:\/\/ambipar.com\/latam\/ambipar-response-3\/repuesta-a-emergencias\/emergencias-forestales\/#primaryimage\"},\"datePublished\":\"2021-10-14T17:38:28+00:00\",\"dateModified\":\"2021-10-18T13:14:11+00:00\",\"breadcrumb\":{\"@id\":\"https:\/\/ambipar.com\/latam\/ambipar-response-3\/repuesta-a-emergencias\/emergencias-forestales\/#breadcrumb\"},\"inLanguage\":\"es-CL\",\"potentialAction\":[{\"@type\":\"ReadAction\",\"target\":[\"https:\/\/ambipar.com\/latam\/ambipar-response-3\/repuesta-a-emergencias\/emergencias-forestales\/\"]}]},{\"@type\":\"BreadcrumbList\",\"@id\":\"https:\/\/ambipar.com\/latam\/ambipar-response-3\/repuesta-a-emergencias\/emergencias-forestales\/#breadcrumb\",\"itemListElement\":[{\"@type\":\"ListItem\",\"position\":1,\"name\":\"Home\",\"item\":\"https:\/\/ambipar.com\/latam\/\"},{\"@type\":\"ListItem\",\"position\":2,\"name\":\"Ambipar Response\",\"item\":\"https:\/\/ambipar.com\/latam\/ambipar-response-3\/\"},{\"@type\":\"ListItem\",\"position\":3,\"name\":\"Respuesta a Emergencias\",\"item\":\"https:\/\/ambipar.com\/latam\/ambipar-response-3\/repuesta-a-emergencias\/\"},{\"@type\":\"ListItem\",\"position\":4,\"name\":\"Emergencias Forestales\"}]}]}<\/script>\n<!-- \/ Yoast SEO plugin. -->","yoast_head_json":{"title":"Emergencias Forestales - Ambipar. A l\u00edder em gest\u00e3o ambiental.","robots":{"index":"index","follow":"follow","max-snippet":"max-snippet:-1","max-image-preview":"max-image-preview:large","max-video-preview":"max-video-preview:-1"},"canonical":"https:\/\/ambipar.com\/latam\/ambipar-response-3\/repuesta-a-emergencias\/emergencias-forestales\/","og_locale":"es_ES","og_type":"article","og_title":"Emergencias Forestales - Ambipar. A l\u00edder em gest\u00e3o ambiental.","og_description":"Ambipar mediante su \u00e1rea Outsourcing atiende las operaciones de sus clientes de forestal, a trav\u00e9s de equipos dedicados y profesionales para atender servicios y emergencias especializadas, servicios dedicados a la prevenci\u00f3n de accidentes y emergencias, como as\u00ed tambi\u00e9n otorgar servicios hacia la seguridad vial, control y patrullaje, rescate liviano \u2013 pesado. Parte de los servicios... Ver art\u00edculo","og_url":"https:\/\/ambipar.com\/latam\/ambipar-response-3\/repuesta-a-emergencias\/emergencias-forestales\/","og_site_name":"Ambipar. A l\u00edder em gest\u00e3o ambiental.","article_modified_time":"2021-10-18T13:14:11+00:00","og_image":[{"width":2560,"height":1707,"url":"https:\/\/ambipar.com\/latam\/wp-content\/uploads\/2021\/10\/persona_flota-autos-1.jpg","type":"image\/jpeg"}],"twitter_card":"summary_large_image","twitter_misc":{"Est. reading time":"2 minutos"},"schema":{"@context":"https:\/\/schema.org","@graph":[{"@type":"Organization","@id":"https:\/\/ambipar.com\/latam\/#organization","name":"Ambipar","url":"https:\/\/ambipar.com\/latam\/","sameAs":[],"logo":{"@type":"ImageObject","@id":"https:\/\/ambipar.com\/latam\/#logo","inLanguage":"es-CL","url":"https:\/\/ambipar.com\/latam\/wp-content\/uploads\/2020\/10\/ambipar_color.png","contentUrl":"https:\/\/ambipar.com\/latam\/wp-content\/uploads\/2020\/10\/ambipar_color.png","width":174,"height":107,"caption":"Ambipar"},"image":{"@id":"https:\/\/ambipar.com\/latam\/#logo"}},{"@type":"WebSite","@id":"https:\/\/ambipar.com\/latam\/#website","url":"https:\/\/ambipar.com\/latam\/","name":"Ambipar. A l\u00edder em gest\u00e3o ambiental.","description":"Pioneira em solu\u00e7\u00f5es ambientais, a Ambipar atua em todo o territ\u00f3rio nacional oferecendo solu\u00e7\u00f5es integradas para toda a cadeia de neg\u00f3cio.","publisher":{"@id":"https:\/\/ambipar.com\/latam\/#organization"},"potentialAction":[{"@type":"SearchAction","target":{"@type":"EntryPoint","urlTemplate":"https:\/\/ambipar.com\/latam\/?s={search_term_string}"},"query-input":"required name=search_term_string"}],"inLanguage":"es-CL"},{"@type":"ImageObject","@id":"https:\/\/ambipar.com\/latam\/ambipar-response-3\/repuesta-a-emergencias\/emergencias-forestales\/#primaryimage","inLanguage":"es-CL","url":"https:\/\/ambipar.com\/latam\/wp-content\/uploads\/2021\/10\/persona_flota-autos-1.jpg","contentUrl":"https:\/\/ambipar.com\/latam\/wp-content\/uploads\/2021\/10\/persona_flota-autos-1.jpg","width":2560,"height":1707},{"@type":"WebPage","@id":"https:\/\/ambipar.com\/latam\/ambipar-response-3\/repuesta-a-emergencias\/emergencias-forestales\/#webpage","url":"https:\/\/ambipar.com\/latam\/ambipar-response-3\/repuesta-a-emergencias\/emergencias-forestales\/","name":"Emergencias Forestales - Ambipar. A l\u00edder em gest\u00e3o ambiental.","isPartOf":{"@id":"https:\/\/ambipar.com\/latam\/#website"},"primaryImageOfPage":{"@id":"https:\/\/ambipar.com\/latam\/ambipar-response-3\/repuesta-a-emergencias\/emergencias-forestales\/#primaryimage"},"datePublished":"2021-10-14T17:38:28+00:00","dateModified":"2021-10-18T13:14:11+00:00","breadcrumb":{"@id":"https:\/\/ambipar.com\/latam\/ambipar-response-3\/repuesta-a-emergencias\/emergencias-forestales\/#breadcrumb"},"inLanguage":"es-CL","potentialAction":[{"@type":"ReadAction","target":["https:\/\/ambipar.com\/latam\/ambipar-response-3\/repuesta-a-emergencias\/emergencias-forestales\/"]}]},{"@type":"BreadcrumbList","@id":"https:\/\/ambipar.com\/latam\/ambipar-response-3\/repuesta-a-emergencias\/emergencias-forestales\/#breadcrumb","itemListElement":[{"@type":"ListItem","position":1,"name":"Home","item":"https:\/\/ambipar.com\/latam\/"},{"@type":"ListItem","position":2,"name":"Ambipar Response","item":"https:\/\/ambipar.com\/latam\/ambipar-response-3\/"},{"@type":"ListItem","position":3,"name":"Respuesta a Emergencias","item":"https:\/\/ambipar.com\/latam\/ambipar-response-3\/repuesta-a-emergencias\/"},{"@type":"ListItem","position":4,"name":"Emergencias Forestales"}]}]}},"_links":{"self":[{"href":"https:\/\/ambipar.com\/latam\/wp-json\/wp\/v2\/pages\/4316"}],"collection":[{"href":"https:\/\/ambipar.com\/latam\/wp-json\/wp\/v2\/pages"}],"about":[{"href":"https:\/\/ambipar.com\/latam\/wp-json\/wp\/v2\/types\/page"}],"author":[{"embeddable":true,"href":"https:\/\/ambipar.com\/latam\/wp-json\/wp\/v2\/users\/4"}],"replies":[{"embeddable":true,"href":"https:\/\/ambipar.com\/latam\/wp-json\/wp\/v2\/comments?post=4316"}],"version-history":[{"count":1,"href":"https:\/\/ambipar.com\/latam\/wp-json\/wp\/v2\/pages\/4316\/revisions"}],"predecessor-version":[{"id":4318,"href":"https:\/\/ambipar.com\/latam\/wp-json\/wp\/v2\/pages\/4316\/revisions\/4318"}],"up":[{"embeddable":true,"href":"https:\/\/ambipar.com\/latam\/wp-json\/wp\/v2\/pages\/1944"}],"wp:featuredmedia":[{"embeddable":true,"href":"https:\/\/ambipar.com\/latam\/wp-json\/wp\/v2\/media\/4329"}],"wp:attachment":[{"href":"https:\/\/ambipar.com\/latam\/wp-json\/wp\/v2\/media?parent=4316"}],"curies":[{"name":"wp","href":"https:\/\/api.w.org\/{rel}","templated":true}]}}