{"id":4508,"date":"2022-02-24T11:12:10","date_gmt":"2022-02-24T14:12:10","guid":{"rendered":"https:\/\/ambipar.com\/latam\/anuncios\/"},"modified":"2022-10-21T12:24:08","modified_gmt":"2022-10-21T15:24:08","slug":"anuncios","status":"publish","type":"page","link":"https:\/\/ambipar.com\/latam\/anuncios\/","title":{"rendered":"An\u00fancios"},"content":{"rendered":"<h2>Encuentra tu vacante<\/h2>\n<div class=\"job_listings\" data-location=\"\" data-keywords=\"\" data-show_filters=\"true\" data-show_pagination=\"false\" data-per_page=\"20\" data-orderby=\"featured\" data-order=\"DESC\" data-categories=\"\" data-disable-form-state-storage=\"\" data-post_id=\"4508\" >\n<form class=\"job_filters\">\n\t\n\t<div class=\"search_jobs\">\n\t\t\n\t\t<div class=\"search_keywords\">\n\t\t\t<label for=\"search_keywords\">Keywords<\/label>\n\t\t\t<input type=\"text\" name=\"search_keywords\" id=\"search_keywords\" placeholder=\"Keywords\" value=\"\" \/>\n\t\t<\/div>\n\n\t\t<div class=\"search_location\">\n\t\t\t<label for=\"search_location\">Location<\/label>\n\t\t\t<input type=\"text\" name=\"search_location\" id=\"search_location\" placeholder=\"Location\" value=\"\" \/>\n\t\t<\/div>\n\n\t\t<div style=\"clear: both\"><\/div>\n\n\t\t\n\t\t\t\t\t<div class=\"search_submit\">\n\t\t\t\t<input type=\"submit\" value=\"Search Jobs\">\n\t\t\t<\/div>\n\t\t\n\t\t\t<\/div>\n\n\t\t<ul class=\"job_types\">\n\t\t\t\t\t<li><label for=\"job_type_a-diario\" class=\"a-diario\"><input type=\"checkbox\" name=\"filter_job_type[]\" value=\"a-diario\"  checked='checked' id=\"job_type_a-diario\" \/> A diario<\/label><\/li>\n\t\t\t\t\t<li><label for=\"job_type_contratista\" class=\"contratista\"><input type=\"checkbox\" name=\"filter_job_type[]\" value=\"contratista\"  checked='checked' id=\"job_type_contratista\" \/> Contratista<\/label><\/li>\n\t\t\t\t\t<li><label for=\"job_type_freelance\" class=\"freelance\"><input type=\"checkbox\" name=\"filter_job_type[]\" value=\"freelance\"  checked='checked' id=\"job_type_freelance\" \/> Freelance<\/label><\/li>\n\t\t\t\t\t<li><label for=\"job_type_full-time\" class=\"full-time\"><input type=\"checkbox\" name=\"filter_job_type[]\" value=\"full-time\"  checked='checked' id=\"job_type_full-time\" \/> Full Time<\/label><\/li>\n\t\t\t\t\t<li><label for=\"job_type_internship\" class=\"internship\"><input type=\"checkbox\" name=\"filter_job_type[]\" value=\"internship\"  checked='checked' id=\"job_type_internship\" \/> Internship<\/label><\/li>\n\t\t\t\t\t<li><label for=\"job_type_medio-tiempo\" class=\"medio-tiempo\"><input type=\"checkbox\" name=\"filter_job_type[]\" value=\"medio-tiempo\"  checked='checked' id=\"job_type_medio-tiempo\" \/> Medio tiempo<\/label><\/li>\n\t\t\t\t\t<li><label for=\"job_type_otro\" class=\"otro\"><input type=\"checkbox\" name=\"filter_job_type[]\" value=\"otro\"  checked='checked' id=\"job_type_otro\" \/> Otro<\/label><\/li>\n\t\t\t\t\t<li><label for=\"job_type_part-time\" class=\"part-time\"><input type=\"checkbox\" name=\"filter_job_type[]\" value=\"part-time\"  checked='checked' id=\"job_type_part-time\" \/> Part Time<\/label><\/li>\n\t\t\t\t\t<li><label for=\"job_type_practicas\" class=\"practicas\"><input type=\"checkbox\" name=\"filter_job_type[]\" value=\"practicas\"  checked='checked' id=\"job_type_practicas\" \/> Pr\u00e1cticas<\/label><\/li>\n\t\t\t\t\t<li><label for=\"job_type_temporario\" class=\"temporario\"><input type=\"checkbox\" name=\"filter_job_type[]\" value=\"temporario\"  checked='checked' id=\"job_type_temporario\" \/> Temporario<\/label><\/li>\n\t\t\t\t\t<li><label for=\"job_type_temporary\" class=\"temporary\"><input type=\"checkbox\" name=\"filter_job_type[]\" value=\"temporary\"  checked='checked' id=\"job_type_temporary\" \/> Temporary<\/label><\/li>\n\t\t\t\t\t<li><label for=\"job_type_tiempo-completo\" class=\"tiempo-completo\"><input type=\"checkbox\" name=\"filter_job_type[]\" value=\"tiempo-completo\"  checked='checked' id=\"job_type_tiempo-completo\" \/> Tiempo completo<\/label><\/li>\n\t\t\t\t\t<li><label for=\"job_type_voluntario\" class=\"voluntario\"><input type=\"checkbox\" name=\"filter_job_type[]\" value=\"voluntario\"  checked='checked' id=\"job_type_voluntario\" \/> Voluntario<\/label><\/li>\n\t\t\t<\/ul>\n\t<input type=\"hidden\" name=\"filter_job_type[]\" value=\"\" \/>\n<div class=\"showing_jobs\"><\/div><\/form>\n\n\n<noscript>Your browser does not support JavaScript, or it is disabled. JavaScript must be enabled in order to view listings.<\/noscript>\n<ul class=\"job_listings\">\n<\/ul>\n<a class=\"load_more_jobs\" href=\"#\" style=\"display:none;\"><strong>Load more listings<\/strong><\/a><\/div>\n<h4>Didn&#8217;t find your job vacancy? Fill in the details below and join our talent pool! In case of new opportunities, we will contact you.<\/h4>\n\n<div role=\"form\" class=\"wpcf7\" id=\"wpcf7-f2938-o1\" lang=\"pt-BR\" dir=\"ltr\">\n<div class=\"screen-reader-response\"><p role=\"status\" aria-live=\"polite\" aria-atomic=\"true\"><\/p> <ul><\/ul><\/div>\n<form action=\"\/latam\/wp-json\/wp\/v2\/pages\/4508#wpcf7-f2938-o1\" method=\"post\" class=\"wpcf7-form init\" enctype=\"multipart\/form-data\" novalidate=\"novalidate\" data-status=\"init\">\n<div style=\"display: none;\">\n<input type=\"hidden\" name=\"_wpcf7\" value=\"2938\" \/>\n<input type=\"hidden\" name=\"_wpcf7_version\" value=\"5.5.3\" \/>\n<input type=\"hidden\" name=\"_wpcf7_locale\" value=\"pt_BR\" \/>\n<input type=\"hidden\" name=\"_wpcf7_unit_tag\" value=\"wpcf7-f2938-o1\" \/>\n<input type=\"hidden\" name=\"_wpcf7_container_post\" value=\"0\" \/>\n<input type=\"hidden\" name=\"_wpcf7_posted_data_hash\" value=\"\" \/>\n<\/div>\n<div class=\"full-width\">\n<span class=\"wpcf7-form-control-wrap nome\"><input type=\"text\" name=\"nome\" value=\"\" size=\"40\" class=\"wpcf7-form-control wpcf7-text wpcf7-validates-as-required\" aria-required=\"true\" aria-invalid=\"false\" placeholder=\"Nombre\" \/><\/span>\n<\/div>\n<p><span class=\"wpcf7-form-control-wrap e-mail\"><input type=\"email\" name=\"e-mail\" value=\"\" size=\"40\" class=\"wpcf7-form-control wpcf7-text wpcf7-email wpcf7-validates-as-required wpcf7-validates-as-email\" aria-required=\"true\" aria-invalid=\"false\" placeholder=\"Correo electr\u00f3nico\" \/><\/span><br \/>\n<span class=\"wpcf7-form-control-wrap telefone\"><input type=\"tel\" name=\"telefone\" value=\"\" size=\"40\" class=\"wpcf7-form-control wpcf7-text wpcf7-tel wpcf7-validates-as-required wpcf7-validates-as-tel\" id=\"masktel\" aria-required=\"true\" aria-invalid=\"false\" placeholder=\"Tel\u00e9fono\" \/><\/span><br \/>\n<span class=\"wpcf7-form-control-wrap estado\"><select name=\"estado\" class=\"wpcf7-form-control wpcf7-select wpcf7-validates-as-required\" aria-required=\"true\" aria-invalid=\"false\"><option value=\"\">Pa\u00eds<\/option><option value=\"CHILE\">CHILE<\/option><option value=\"COLOMBIA\">COLOMBIA<\/option><option value=\"PARAGUAY\">PARAGUAY<\/option><option value=\"PER\u00da\">PER\u00da<\/option><option value=\"URUGUAY\">URUGUAY<\/option><option value=\"OTRO\">OTRO<\/option><\/select><\/span><br \/>\n<span class=\"wpcf7-form-control-wrap cidade\"><input type=\"text\" name=\"cidade\" value=\"\" size=\"40\" class=\"wpcf7-form-control wpcf7-text wpcf7-validates-as-required\" id=\"masktel\" aria-required=\"true\" aria-invalid=\"false\" placeholder=\"Ciudad\" \/><\/span><br \/>\n<span class=\"wpcf7-form-control-wrap area_de_interesse\"><input type=\"text\" name=\"area_de_interesse\" value=\"\" size=\"40\" class=\"wpcf7-form-control wpcf7-text wpcf7-validates-as-required\" id=\"area-de-interesse\" aria-required=\"true\" aria-invalid=\"false\" placeholder=\"Area de Interes\" \/><\/span><br \/>\n<span class=\"wpcf7-form-control-wrap file-396\"><input type=\"file\" name=\"file-396\" size=\"40\" class=\"wpcf7-form-control wpcf7-file\" accept=\".jpg,.jpeg,.png,.gif,.pdf,.doc,.docx,.ppt,.pptx,.odt,.avi,.ogg,.m4a,.mov,.mp3,.mp4,.mpg,.wav,.wmv\" aria-invalid=\"false\" \/><\/span><\/p>\n<div class=\"full-width\">\n<span class=\"wpcf7-form-control-wrap acceptance-LGPD\"><span class=\"wpcf7-form-control wpcf7-acceptance\"><span class=\"wpcf7-list-item\"><label><input type=\"checkbox\" name=\"acceptance-LGPD\" value=\"1\" aria-invalid=\"false\" \/><span class=\"wpcf7-list-item-label\">Al cumplimentar el formulario, tengo conocimiento y de acuerdo con el <a href=\"https:\/\/ambipar.com\/latam\/wp-content\/uploads\/2021\/01\/ambipar_politica-protecao-de-dados_pt.pdf\" target=\"_blank\">almacenamiento de los datos por parte de Ambipar<\/a> y env\u00edo de informaci\u00f3n relacionada con el Grupo y, si deseo cancelar el registro, debo solicitarlo a trav\u00e9s del correo electr\u00f3nico contacto@ambipar.com<\/span><\/label><\/span><\/span><\/span>\n<\/div>\n<p><input type=\"submit\" value=\"Enviar\" class=\"wpcf7-form-control has-spinner wpcf7-submit\" \/><\/p>\n<div class=\"wpcf7-response-output\" aria-hidden=\"true\"><\/div><\/form><\/div>\n","protected":false},"excerpt":{"rendered":"Encuentra tu vacante Didn&#8217;t find your job vacancy? Fill in the details below and join our talent pool! In case of new opportunities, we will contact you.","protected":false},"author":1,"featured_media":2926,"parent":0,"menu_order":0,"comment_status":"closed","ping_status":"closed","template":"page-vagas.php","meta":[],"yoast_head":"<!-- This site is optimized with the Yoast SEO plugin v17.6 - https:\/\/yoast.com\/wordpress\/plugins\/seo\/ -->\n<title>Empleos en Ambipar USA, consulta las vacantes disponibles<\/title>\n<meta name=\"description\" content=\"\u00bfQuieres ser parte de Ambipar? Consulta las vacantes disponibles y forma parte de nuestro equipo. Carrera en el L\u00edder de Gesti\u00f3n Ambiental\" \/>\n<meta name=\"robots\" content=\"index, follow, max-snippet:-1, max-image-preview:large, max-video-preview:-1\" \/>\n<link rel=\"canonical\" href=\"https:\/\/ambipar.com\/latam\/anuncios\/\" \/>\n<meta property=\"og:locale\" content=\"es_ES\" \/>\n<meta property=\"og:type\" content=\"article\" \/>\n<meta property=\"og:title\" content=\"Empleos en Ambipar USA, consulta las vacantes disponibles\" \/>\n<meta property=\"og:description\" content=\"\u00bfQuieres ser parte de Ambipar? Consulta las vacantes disponibles y forma parte de nuestro equipo. Carrera en el L\u00edder de Gesti\u00f3n Ambiental\" \/>\n<meta property=\"og:url\" content=\"https:\/\/ambipar.com\/latam\/anuncios\/\" \/>\n<meta property=\"og:site_name\" content=\"Ambipar. A l\u00edder em gest\u00e3o ambiental.\" \/>\n<meta property=\"article:modified_time\" content=\"2022-10-21T15:24:08+00:00\" \/>\n<meta property=\"og:image\" content=\"https:\/\/ambipar.com\/latam\/wp-content\/uploads\/2020\/12\/header-ambipar-response.jpg\" \/>\n\t<meta property=\"og:image:width\" content=\"1920\" \/>\n\t<meta property=\"og:image:height\" content=\"480\" \/>\n<meta name=\"twitter:card\" content=\"summary_large_image\" \/>\n<meta name=\"twitter:label1\" content=\"Est. reading time\" \/>\n\t<meta name=\"twitter:data1\" content=\"1 minuto\" \/>\n<script type=\"application\/ld+json\" class=\"yoast-schema-graph\">{\"@context\":\"https:\/\/schema.org\",\"@graph\":[{\"@type\":\"Organization\",\"@id\":\"https:\/\/ambipar.com\/latam\/#organization\",\"name\":\"Ambipar\",\"url\":\"https:\/\/ambipar.com\/latam\/\",\"sameAs\":[],\"logo\":{\"@type\":\"ImageObject\",\"@id\":\"https:\/\/ambipar.com\/latam\/#logo\",\"inLanguage\":\"es-CL\",\"url\":\"https:\/\/ambipar.com\/latam\/wp-content\/uploads\/2020\/10\/ambipar_color.png\",\"contentUrl\":\"https:\/\/ambipar.com\/latam\/wp-content\/uploads\/2020\/10\/ambipar_color.png\",\"width\":174,\"height\":107,\"caption\":\"Ambipar\"},\"image\":{\"@id\":\"https:\/\/ambipar.com\/latam\/#logo\"}},{\"@type\":\"WebSite\",\"@id\":\"https:\/\/ambipar.com\/latam\/#website\",\"url\":\"https:\/\/ambipar.com\/latam\/\",\"name\":\"Ambipar. A l\\u00edder em gest\\u00e3o ambiental.\",\"description\":\"Pioneira em solu\\u00e7\\u00f5es ambientais, a Ambipar atua em todo o territ\\u00f3rio nacional oferecendo solu\\u00e7\\u00f5es integradas para toda a cadeia de neg\\u00f3cio.\",\"publisher\":{\"@id\":\"https:\/\/ambipar.com\/latam\/#organization\"},\"potentialAction\":[{\"@type\":\"SearchAction\",\"target\":{\"@type\":\"EntryPoint\",\"urlTemplate\":\"https:\/\/ambipar.com\/latam\/?s={search_term_string}\"},\"query-input\":\"required name=search_term_string\"}],\"inLanguage\":\"es-CL\"},{\"@type\":\"ImageObject\",\"@id\":\"https:\/\/ambipar.com\/latam\/anuncios\/#primaryimage\",\"inLanguage\":\"es-CL\",\"url\":\"https:\/\/ambipar.com\/latam\/wp-content\/uploads\/2020\/12\/header-ambipar-response.jpg\",\"contentUrl\":\"https:\/\/ambipar.com\/latam\/wp-content\/uploads\/2020\/12\/header-ambipar-response.jpg\",\"width\":1920,\"height\":480,\"caption\":\"Header ambipar response\"},{\"@type\":\"WebPage\",\"@id\":\"https:\/\/ambipar.com\/latam\/anuncios\/#webpage\",\"url\":\"https:\/\/ambipar.com\/latam\/anuncios\/\",\"name\":\"Empleos en Ambipar USA, consulta las vacantes disponibles\",\"isPartOf\":{\"@id\":\"https:\/\/ambipar.com\/latam\/#website\"},\"primaryImageOfPage\":{\"@id\":\"https:\/\/ambipar.com\/latam\/anuncios\/#primaryimage\"},\"datePublished\":\"2022-02-24T14:12:10+00:00\",\"dateModified\":\"2022-10-21T15:24:08+00:00\",\"description\":\"\\u00bfQuieres ser parte de Ambipar? Consulta las vacantes disponibles y forma parte de nuestro equipo. Carrera en el L\\u00edder de Gesti\\u00f3n Ambiental\",\"breadcrumb\":{\"@id\":\"https:\/\/ambipar.com\/latam\/anuncios\/#breadcrumb\"},\"inLanguage\":\"es-CL\",\"potentialAction\":[{\"@type\":\"ReadAction\",\"target\":[\"https:\/\/ambipar.com\/latam\/anuncios\/\"]}]},{\"@type\":\"BreadcrumbList\",\"@id\":\"https:\/\/ambipar.com\/latam\/anuncios\/#breadcrumb\",\"itemListElement\":[{\"@type\":\"ListItem\",\"position\":1,\"name\":\"Home\",\"item\":\"https:\/\/ambipar.com\/latam\/\"},{\"@type\":\"ListItem\",\"position\":2,\"name\":\"An\\u00fancios\"}]}]}<\/script>\n<!-- \/ Yoast SEO plugin. -->","yoast_head_json":{"title":"Empleos en Ambipar USA, consulta las vacantes disponibles","description":"\u00bfQuieres ser parte de Ambipar? Consulta las vacantes disponibles y forma parte de nuestro equipo. Carrera en el L\u00edder de Gesti\u00f3n Ambiental","robots":{"index":"index","follow":"follow","max-snippet":"max-snippet:-1","max-image-preview":"max-image-preview:large","max-video-preview":"max-video-preview:-1"},"canonical":"https:\/\/ambipar.com\/latam\/anuncios\/","og_locale":"es_ES","og_type":"article","og_title":"Empleos en Ambipar USA, consulta las vacantes disponibles","og_description":"\u00bfQuieres ser parte de Ambipar? Consulta las vacantes disponibles y forma parte de nuestro equipo. Carrera en el L\u00edder de Gesti\u00f3n Ambiental","og_url":"https:\/\/ambipar.com\/latam\/anuncios\/","og_site_name":"Ambipar. A l\u00edder em gest\u00e3o ambiental.","article_modified_time":"2022-10-21T15:24:08+00:00","og_image":[{"width":1920,"height":480,"url":"https:\/\/ambipar.com\/latam\/wp-content\/uploads\/2020\/12\/header-ambipar-response.jpg","type":"image\/jpeg"}],"twitter_card":"summary_large_image","twitter_misc":{"Est. reading time":"1 minuto"},"schema":{"@context":"https:\/\/schema.org","@graph":[{"@type":"Organization","@id":"https:\/\/ambipar.com\/latam\/#organization","name":"Ambipar","url":"https:\/\/ambipar.com\/latam\/","sameAs":[],"logo":{"@type":"ImageObject","@id":"https:\/\/ambipar.com\/latam\/#logo","inLanguage":"es-CL","url":"https:\/\/ambipar.com\/latam\/wp-content\/uploads\/2020\/10\/ambipar_color.png","contentUrl":"https:\/\/ambipar.com\/latam\/wp-content\/uploads\/2020\/10\/ambipar_color.png","width":174,"height":107,"caption":"Ambipar"},"image":{"@id":"https:\/\/ambipar.com\/latam\/#logo"}},{"@type":"WebSite","@id":"https:\/\/ambipar.com\/latam\/#website","url":"https:\/\/ambipar.com\/latam\/","name":"Ambipar. A l\u00edder em gest\u00e3o ambiental.","description":"Pioneira em solu\u00e7\u00f5es ambientais, a Ambipar atua em todo o territ\u00f3rio nacional oferecendo solu\u00e7\u00f5es integradas para toda a cadeia de neg\u00f3cio.","publisher":{"@id":"https:\/\/ambipar.com\/latam\/#organization"},"potentialAction":[{"@type":"SearchAction","target":{"@type":"EntryPoint","urlTemplate":"https:\/\/ambipar.com\/latam\/?s={search_term_string}"},"query-input":"required name=search_term_string"}],"inLanguage":"es-CL"},{"@type":"ImageObject","@id":"https:\/\/ambipar.com\/latam\/anuncios\/#primaryimage","inLanguage":"es-CL","url":"https:\/\/ambipar.com\/latam\/wp-content\/uploads\/2020\/12\/header-ambipar-response.jpg","contentUrl":"https:\/\/ambipar.com\/latam\/wp-content\/uploads\/2020\/12\/header-ambipar-response.jpg","width":1920,"height":480,"caption":"Header ambipar response"},{"@type":"WebPage","@id":"https:\/\/ambipar.com\/latam\/anuncios\/#webpage","url":"https:\/\/ambipar.com\/latam\/anuncios\/","name":"Empleos en Ambipar USA, consulta las vacantes disponibles","isPartOf":{"@id":"https:\/\/ambipar.com\/latam\/#website"},"primaryImageOfPage":{"@id":"https:\/\/ambipar.com\/latam\/anuncios\/#primaryimage"},"datePublished":"2022-02-24T14:12:10+00:00","dateModified":"2022-10-21T15:24:08+00:00","description":"\u00bfQuieres ser parte de Ambipar? Consulta las vacantes disponibles y forma parte de nuestro equipo. Carrera en el L\u00edder de Gesti\u00f3n Ambiental","breadcrumb":{"@id":"https:\/\/ambipar.com\/latam\/anuncios\/#breadcrumb"},"inLanguage":"es-CL","potentialAction":[{"@type":"ReadAction","target":["https:\/\/ambipar.com\/latam\/anuncios\/"]}]},{"@type":"BreadcrumbList","@id":"https:\/\/ambipar.com\/latam\/anuncios\/#breadcrumb","itemListElement":[{"@type":"ListItem","position":1,"name":"Home","item":"https:\/\/ambipar.com\/latam\/"},{"@type":"ListItem","position":2,"name":"An\u00fancios"}]}]}},"_links":{"self":[{"href":"https:\/\/ambipar.com\/latam\/wp-json\/wp\/v2\/pages\/4508"}],"collection":[{"href":"https:\/\/ambipar.com\/latam\/wp-json\/wp\/v2\/pages"}],"about":[{"href":"https:\/\/ambipar.com\/latam\/wp-json\/wp\/v2\/types\/page"}],"author":[{"embeddable":true,"href":"https:\/\/ambipar.com\/latam\/wp-json\/wp\/v2\/users\/1"}],"replies":[{"embeddable":true,"href":"https:\/\/ambipar.com\/latam\/wp-json\/wp\/v2\/comments?post=4508"}],"version-history":[{"count":3,"href":"https:\/\/ambipar.com\/latam\/wp-json\/wp\/v2\/pages\/4508\/revisions"}],"predecessor-version":[{"id":4854,"href":"https:\/\/ambipar.com\/latam\/wp-json\/wp\/v2\/pages\/4508\/revisions\/4854"}],"wp:featuredmedia":[{"embeddable":true,"href":"https:\/\/ambipar.com\/latam\/wp-json\/wp\/v2\/media\/2926"}],"wp:attachment":[{"href":"https:\/\/ambipar.com\/latam\/wp-json\/wp\/v2\/media?parent=4508"}],"curies":[{"name":"wp","href":"https:\/\/api.w.org\/{rel}","templated":true}]}}