{"id":4732,"date":"2022-07-14T17:03:06","date_gmt":"2022-07-14T21:03:06","guid":{"rendered":"https:\/\/ambipar.com\/latam\/?page_id=4732"},"modified":"2022-07-14T17:03:52","modified_gmt":"2022-07-14T21:03:52","slug":"master-esg","status":"publish","type":"page","link":"https:\/\/ambipar.com\/latam\/ambipar-response-3\/entrenamientos\/master-esg\/","title":{"rendered":"Master ESG"},"content":{"rendered":"\n<h2>El principio de responsabilidad<\/h2>\n\n\n\n<h3><em>Curso completo y en profundidad sobre los 3 pilares de ESG (Environmental, Social and Governance)<\/em><\/h3>\n\n\n\n<p><strong>OBJETIVO:<\/strong><\/p>\n\n\n\n<p>El Master ESG &#8211; El Principio de Responsabilidad tiene como objetivo formar una visi\u00f3n basada en los conceptos de sostenibilidad que dominan el mercado.<\/p>\n\n\n\n<p>Con una metodolog\u00eda exclusiva desarrollada por el equipo de Ambipar VG, especializado en el tema, esta versi\u00f3n del curso cuenta con m\u00f3dulos espec\u00edficos para cada uno de los Pilares, teniendo como material did\u00e1ctico videoclases, material de apoyo te\u00f3rico, documentales, libro con recopilaci\u00f3n de textos sobre el tema y varios otros materiales.<\/p>\n\n\n\n<p>El Master ESG &#8211; El Principio de Responsabilidad tiene como objetivo proporcionar la base te\u00f3rica necesaria para que los profesionales desarrollen de forma aut\u00f3noma sus propios an\u00e1lisis y metodolog\u00edas para aplicar los conceptos dentro de su contexto actual.<\/p>\n\n\n\n<p>El Curso Master ESG se distingue por combinar la teor\u00eda con la pr\u00e1ctica con gran dinamismo, aportando toda la experiencia de los profesionales que act\u00faan directamente en el mercado.<\/p>\n\n\n\n<p><strong>P\u00daBLICO-OBJETIVO:<\/strong><\/p>\n\n\n\n<p>Organizaciones y profesionales que deseen estar alineados con los pilares m\u00e1s importantes para el mercado de la sustentabilidad en el escenario actual.<\/p>\n\n\n\n<p><strong>HORAS ESTIMADA:<\/strong> 40 horas<\/p>\n\n\n\n<p><strong>CONTENIDO DEL PROGRAMA:<\/strong><\/p>\n\n\n\n<p><strong>M\u00f3dulo I &#8211; Introducci\u00f3n General a ESG<\/strong><\/p>\n\n\n\n<ul><li>C\u00f3mo surgi\u00f3 el concepto ESG y qu\u00e9 significa<\/li><li>Matriz de Materialidad &#8211; Temas Ambientales, Sociales y de Gobernanza<\/li><li>Plataformas y metodolog\u00edas de rendimiento global e indicadores clave de sostenibilidad del mercado de valor<\/li><li>Reporte de Sostenibilidad<\/li><li>C\u00f3mo comunicar los indicadores ESG<\/li><li>Sensibilizaci\u00f3n de la Alta Direcci\u00f3n<\/li><\/ul>\n\n\n\n<p><strong>M\u00f3dulo II \u2013 Pilar Ambiental<\/strong><\/p>\n\n\n\n<ul><li>Sistema de Gesti\u00f3n Ambiental &#8211; Sinergia entre ISO 14001 y Est\u00e1ndares ESG<\/li><li>Leyes Ambientales &#8211; Principios sobre Asuntos Ambientales y Asuntos ESG<\/li><li>Objetivos e Indicadores Ambientales &#8211; ODS, ISE B3 e \u00cdndice Dow Jones<\/li><li>Cuestiones Ambientales Globales: Matrices Energ\u00e9ticas; Gesti\u00f3n de Residuos; Control de Contaminaci\u00f3n Atmosf\u00e9rica y Emisiones de GEI; y Gesti\u00f3n de Recursos H\u00eddricos.<\/li><\/ul>\n\n\n\n<p><strong>M\u00f3dulo III \u2013 Pilar Social<\/strong><\/p>\n\n\n\n<ul><li>Sistema de Gesti\u00f3n de Certificaci\u00f3n y Responsabilidad Social<\/li><li>Derecho y Responsabilidad Social<\/li><li>Discriminaci\u00f3n y Diversidad<\/li><li>Trabajo forzoso y trabajo infantil<\/li><li>Principios y Derechos Fundamentales en el Trabajo y Seguridad y Salud en el Trabajo<\/li><li>Participaci\u00f3n y Desarrollo Comunitario y Empleo e Ingresos<\/li><li>Plataformas y Metodolog\u00edas de Desempe\u00f1o Global y Principales Indicadores de Sostenibilidad del Mercado de Valor &#8211; Pilar Social<\/li><\/ul>\n\n\n\n<p><strong>M\u00f3dulo IV &#8211; Pilar de Gobernanza<\/strong><\/p>\n\n\n\n<ul><li>Introducci\u00f3n al Gobierno Corporativo<\/li><li>Principales Temas Relacionados con el Concepto de Gobierno Corporativo<\/li><li>El Aspecto de Gobernanza Frente a Dos Importantes \u00cdndices de Sostenibilidad en el Mercado Nacional e Internacional &#8211; Dow Jones y B3<\/li><li>Sistemas de gesti\u00f3n de cumplimiento y antisoborno: ISO 37001 e ISO 37301 como herramientas para apoyar el gobierno corporativo<\/li><\/ul>\n\n\n\n<p><strong>M\u00f3dulo V Aspectos Financieros ESG Qu\u00e9 es la Inversi\u00f3n Sostenible<\/strong><\/p>\n\n\n\n<ul><li>\u00bfQu\u00e9 es la inversi\u00f3n sostenible?<\/li><li>Capitalismo de partes interesadas y materialidad<\/li><li>Priorizaci\u00f3n y el Concepto de Materialidad<\/li><li>C\u00f3mo invertir de forma sostenible<\/li><li>Productos del mercado financiero con aspectos ESG<\/li><\/ul>\n\n\n\n<p><strong>CERTIFICADO<\/strong>:<\/p>\n\n\n\n<p>Al terminar el curso, pasando por todos los materiales, el estudiante recibe el certificado y, m\u00e1s que eso, se convierte en un experto en el tema.<\/p>\n\n\n\n<div class=\"wp-block-buttons\">\n<div class=\"wp-block-button is-style-fill\"><a class=\"wp-block-button__link\" href=\"https:\/\/ead.verdeghaia.com.br\/courses\/master-esg-o-principio-da-responsabilidade\" style=\"border-radius:5px\" target=\"_blank\" rel=\"noreferrer noopener\">HAZ TU REGISTRO<\/a><\/div>\n<\/div>\n","protected":false},"excerpt":{"rendered":"El principio de responsabilidad Curso completo y en profundidad sobre los 3 pilares de ESG (Environmental, Social and Governance) OBJETIVO: El Master ESG &#8211; El Principio de Responsabilidad tiene como objetivo formar una visi\u00f3n basada en los conceptos de sostenibilidad que dominan el mercado. Con una metodolog\u00eda exclusiva desarrollada por el equipo de Ambipar VG,&#8230; <a class=\"view-article\" href=\"https:\/\/ambipar.com\/latam\/ambipar-response-3\/entrenamientos\/master-esg\/\">Ver art\u00edculo<\/a>","protected":false},"author":1,"featured_media":4727,"parent":2089,"menu_order":0,"comment_status":"closed","ping_status":"closed","template":"single-servicos-full.php","meta":[],"yoast_head":"<!-- This site is optimized with the Yoast SEO plugin v17.6 - https:\/\/yoast.com\/wordpress\/plugins\/seo\/ -->\n<title>Master ESG - Ambipar. A l\u00edder em gest\u00e3o ambiental.<\/title>\n<meta name=\"robots\" content=\"index, follow, max-snippet:-1, max-image-preview:large, max-video-preview:-1\" \/>\n<link rel=\"canonical\" href=\"https:\/\/ambipar.com\/latam\/ambipar-response-3\/entrenamientos\/master-esg\/\" \/>\n<meta property=\"og:locale\" content=\"es_ES\" \/>\n<meta property=\"og:type\" content=\"article\" \/>\n<meta property=\"og:title\" content=\"Master ESG - Ambipar. A l\u00edder em gest\u00e3o ambiental.\" \/>\n<meta property=\"og:description\" content=\"El principio de responsabilidad Curso completo y en profundidad sobre los 3 pilares de ESG (Environmental, Social and Governance) OBJETIVO: El Master ESG &#8211; El Principio de Responsabilidad tiene como objetivo formar una visi\u00f3n basada en los conceptos de sostenibilidad que dominan el mercado. Con una metodolog\u00eda exclusiva desarrollada por el equipo de Ambipar VG,... Ver art\u00edculo\" \/>\n<meta property=\"og:url\" content=\"https:\/\/ambipar.com\/latam\/ambipar-response-3\/entrenamientos\/master-esg\/\" \/>\n<meta property=\"og:site_name\" content=\"Ambipar. A l\u00edder em gest\u00e3o ambiental.\" \/>\n<meta property=\"article:modified_time\" content=\"2022-07-14T21:03:52+00:00\" \/>\n<meta property=\"og:image\" content=\"https:\/\/ambipar.com\/latam\/wp-content\/uploads\/2022\/07\/iStock-1349094914-2-1.jpg\" \/>\n\t<meta property=\"og:image:width\" content=\"2000\" \/>\n\t<meta property=\"og:image:height\" content=\"1507\" \/>\n<meta name=\"twitter:card\" content=\"summary_large_image\" \/>\n<meta name=\"twitter:label1\" content=\"Est. reading time\" \/>\n\t<meta name=\"twitter:data1\" content=\"3 minutos\" \/>\n<script type=\"application\/ld+json\" class=\"yoast-schema-graph\">{\"@context\":\"https:\/\/schema.org\",\"@graph\":[{\"@type\":\"Organization\",\"@id\":\"https:\/\/ambipar.com\/latam\/#organization\",\"name\":\"Ambipar\",\"url\":\"https:\/\/ambipar.com\/latam\/\",\"sameAs\":[],\"logo\":{\"@type\":\"ImageObject\",\"@id\":\"https:\/\/ambipar.com\/latam\/#logo\",\"inLanguage\":\"es-CL\",\"url\":\"https:\/\/ambipar.com\/latam\/wp-content\/uploads\/2020\/10\/ambipar_color.png\",\"contentUrl\":\"https:\/\/ambipar.com\/latam\/wp-content\/uploads\/2020\/10\/ambipar_color.png\",\"width\":174,\"height\":107,\"caption\":\"Ambipar\"},\"image\":{\"@id\":\"https:\/\/ambipar.com\/latam\/#logo\"}},{\"@type\":\"WebSite\",\"@id\":\"https:\/\/ambipar.com\/latam\/#website\",\"url\":\"https:\/\/ambipar.com\/latam\/\",\"name\":\"Ambipar. A l\\u00edder em gest\\u00e3o ambiental.\",\"description\":\"Pioneira em solu\\u00e7\\u00f5es ambientais, a Ambipar atua em todo o territ\\u00f3rio nacional oferecendo solu\\u00e7\\u00f5es integradas para toda a cadeia de neg\\u00f3cio.\",\"publisher\":{\"@id\":\"https:\/\/ambipar.com\/latam\/#organization\"},\"potentialAction\":[{\"@type\":\"SearchAction\",\"target\":{\"@type\":\"EntryPoint\",\"urlTemplate\":\"https:\/\/ambipar.com\/latam\/?s={search_term_string}\"},\"query-input\":\"required name=search_term_string\"}],\"inLanguage\":\"es-CL\"},{\"@type\":\"ImageObject\",\"@id\":\"https:\/\/ambipar.com\/latam\/ambipar-response-3\/entrenamientos\/master-esg\/#primaryimage\",\"inLanguage\":\"es-CL\",\"url\":\"https:\/\/ambipar.com\/latam\/wp-content\/uploads\/2022\/07\/iStock-1349094914-2-1.jpg\",\"contentUrl\":\"https:\/\/ambipar.com\/latam\/wp-content\/uploads\/2022\/07\/iStock-1349094914-2-1.jpg\",\"width\":2000,\"height\":1507,\"caption\":\"ESG\"},{\"@type\":\"WebPage\",\"@id\":\"https:\/\/ambipar.com\/latam\/ambipar-response-3\/entrenamientos\/master-esg\/#webpage\",\"url\":\"https:\/\/ambipar.com\/latam\/ambipar-response-3\/entrenamientos\/master-esg\/\",\"name\":\"Master ESG - Ambipar. A l\\u00edder em gest\\u00e3o ambiental.\",\"isPartOf\":{\"@id\":\"https:\/\/ambipar.com\/latam\/#website\"},\"primaryImageOfPage\":{\"@id\":\"https:\/\/ambipar.com\/latam\/ambipar-response-3\/entrenamientos\/master-esg\/#primaryimage\"},\"datePublished\":\"2022-07-14T21:03:06+00:00\",\"dateModified\":\"2022-07-14T21:03:52+00:00\",\"breadcrumb\":{\"@id\":\"https:\/\/ambipar.com\/latam\/ambipar-response-3\/entrenamientos\/master-esg\/#breadcrumb\"},\"inLanguage\":\"es-CL\",\"potentialAction\":[{\"@type\":\"ReadAction\",\"target\":[\"https:\/\/ambipar.com\/latam\/ambipar-response-3\/entrenamientos\/master-esg\/\"]}]},{\"@type\":\"BreadcrumbList\",\"@id\":\"https:\/\/ambipar.com\/latam\/ambipar-response-3\/entrenamientos\/master-esg\/#breadcrumb\",\"itemListElement\":[{\"@type\":\"ListItem\",\"position\":1,\"name\":\"Home\",\"item\":\"https:\/\/ambipar.com\/latam\/\"},{\"@type\":\"ListItem\",\"position\":2,\"name\":\"Ambipar Response\",\"item\":\"https:\/\/ambipar.com\/latam\/ambipar-response-3\/\"},{\"@type\":\"ListItem\",\"position\":3,\"name\":\"Entrenamientos\",\"item\":\"https:\/\/ambipar.com\/latam\/ambipar-response-3\/entrenamientos\/\"},{\"@type\":\"ListItem\",\"position\":4,\"name\":\"Master ESG\"}]}]}<\/script>\n<!-- \/ Yoast SEO plugin. -->","yoast_head_json":{"title":"Master ESG - Ambipar. A l\u00edder em gest\u00e3o ambiental.","robots":{"index":"index","follow":"follow","max-snippet":"max-snippet:-1","max-image-preview":"max-image-preview:large","max-video-preview":"max-video-preview:-1"},"canonical":"https:\/\/ambipar.com\/latam\/ambipar-response-3\/entrenamientos\/master-esg\/","og_locale":"es_ES","og_type":"article","og_title":"Master ESG - Ambipar. A l\u00edder em gest\u00e3o ambiental.","og_description":"El principio de responsabilidad Curso completo y en profundidad sobre los 3 pilares de ESG (Environmental, Social and Governance) OBJETIVO: El Master ESG &#8211; El Principio de Responsabilidad tiene como objetivo formar una visi\u00f3n basada en los conceptos de sostenibilidad que dominan el mercado. Con una metodolog\u00eda exclusiva desarrollada por el equipo de Ambipar VG,... Ver art\u00edculo","og_url":"https:\/\/ambipar.com\/latam\/ambipar-response-3\/entrenamientos\/master-esg\/","og_site_name":"Ambipar. A l\u00edder em gest\u00e3o ambiental.","article_modified_time":"2022-07-14T21:03:52+00:00","og_image":[{"width":2000,"height":1507,"url":"https:\/\/ambipar.com\/latam\/wp-content\/uploads\/2022\/07\/iStock-1349094914-2-1.jpg","type":"image\/jpeg"}],"twitter_card":"summary_large_image","twitter_misc":{"Est. reading time":"3 minutos"},"schema":{"@context":"https:\/\/schema.org","@graph":[{"@type":"Organization","@id":"https:\/\/ambipar.com\/latam\/#organization","name":"Ambipar","url":"https:\/\/ambipar.com\/latam\/","sameAs":[],"logo":{"@type":"ImageObject","@id":"https:\/\/ambipar.com\/latam\/#logo","inLanguage":"es-CL","url":"https:\/\/ambipar.com\/latam\/wp-content\/uploads\/2020\/10\/ambipar_color.png","contentUrl":"https:\/\/ambipar.com\/latam\/wp-content\/uploads\/2020\/10\/ambipar_color.png","width":174,"height":107,"caption":"Ambipar"},"image":{"@id":"https:\/\/ambipar.com\/latam\/#logo"}},{"@type":"WebSite","@id":"https:\/\/ambipar.com\/latam\/#website","url":"https:\/\/ambipar.com\/latam\/","name":"Ambipar. A l\u00edder em gest\u00e3o ambiental.","description":"Pioneira em solu\u00e7\u00f5es ambientais, a Ambipar atua em todo o territ\u00f3rio nacional oferecendo solu\u00e7\u00f5es integradas para toda a cadeia de neg\u00f3cio.","publisher":{"@id":"https:\/\/ambipar.com\/latam\/#organization"},"potentialAction":[{"@type":"SearchAction","target":{"@type":"EntryPoint","urlTemplate":"https:\/\/ambipar.com\/latam\/?s={search_term_string}"},"query-input":"required name=search_term_string"}],"inLanguage":"es-CL"},{"@type":"ImageObject","@id":"https:\/\/ambipar.com\/latam\/ambipar-response-3\/entrenamientos\/master-esg\/#primaryimage","inLanguage":"es-CL","url":"https:\/\/ambipar.com\/latam\/wp-content\/uploads\/2022\/07\/iStock-1349094914-2-1.jpg","contentUrl":"https:\/\/ambipar.com\/latam\/wp-content\/uploads\/2022\/07\/iStock-1349094914-2-1.jpg","width":2000,"height":1507,"caption":"ESG"},{"@type":"WebPage","@id":"https:\/\/ambipar.com\/latam\/ambipar-response-3\/entrenamientos\/master-esg\/#webpage","url":"https:\/\/ambipar.com\/latam\/ambipar-response-3\/entrenamientos\/master-esg\/","name":"Master ESG - Ambipar. A l\u00edder em gest\u00e3o ambiental.","isPartOf":{"@id":"https:\/\/ambipar.com\/latam\/#website"},"primaryImageOfPage":{"@id":"https:\/\/ambipar.com\/latam\/ambipar-response-3\/entrenamientos\/master-esg\/#primaryimage"},"datePublished":"2022-07-14T21:03:06+00:00","dateModified":"2022-07-14T21:03:52+00:00","breadcrumb":{"@id":"https:\/\/ambipar.com\/latam\/ambipar-response-3\/entrenamientos\/master-esg\/#breadcrumb"},"inLanguage":"es-CL","potentialAction":[{"@type":"ReadAction","target":["https:\/\/ambipar.com\/latam\/ambipar-response-3\/entrenamientos\/master-esg\/"]}]},{"@type":"BreadcrumbList","@id":"https:\/\/ambipar.com\/latam\/ambipar-response-3\/entrenamientos\/master-esg\/#breadcrumb","itemListElement":[{"@type":"ListItem","position":1,"name":"Home","item":"https:\/\/ambipar.com\/latam\/"},{"@type":"ListItem","position":2,"name":"Ambipar Response","item":"https:\/\/ambipar.com\/latam\/ambipar-response-3\/"},{"@type":"ListItem","position":3,"name":"Entrenamientos","item":"https:\/\/ambipar.com\/latam\/ambipar-response-3\/entrenamientos\/"},{"@type":"ListItem","position":4,"name":"Master ESG"}]}]}},"_links":{"self":[{"href":"https:\/\/ambipar.com\/latam\/wp-json\/wp\/v2\/pages\/4732"}],"collection":[{"href":"https:\/\/ambipar.com\/latam\/wp-json\/wp\/v2\/pages"}],"about":[{"href":"https:\/\/ambipar.com\/latam\/wp-json\/wp\/v2\/types\/page"}],"author":[{"embeddable":true,"href":"https:\/\/ambipar.com\/latam\/wp-json\/wp\/v2\/users\/1"}],"replies":[{"embeddable":true,"href":"https:\/\/ambipar.com\/latam\/wp-json\/wp\/v2\/comments?post=4732"}],"version-history":[{"count":1,"href":"https:\/\/ambipar.com\/latam\/wp-json\/wp\/v2\/pages\/4732\/revisions"}],"predecessor-version":[{"id":4733,"href":"https:\/\/ambipar.com\/latam\/wp-json\/wp\/v2\/pages\/4732\/revisions\/4733"}],"up":[{"embeddable":true,"href":"https:\/\/ambipar.com\/latam\/wp-json\/wp\/v2\/pages\/2089"}],"wp:featuredmedia":[{"embeddable":true,"href":"https:\/\/ambipar.com\/latam\/wp-json\/wp\/v2\/media\/4727"}],"wp:attachment":[{"href":"https:\/\/ambipar.com\/latam\/wp-json\/wp\/v2\/media?parent=4732"}],"curies":[{"name":"wp","href":"https:\/\/api.w.org\/{rel}","templated":true}]}}