{"id":5034,"date":"2023-03-01T15:19:23","date_gmt":"2023-03-01T18:19:23","guid":{"rendered":"https:\/\/ambipar.com\/latam\/?page_id=5034"},"modified":"2023-06-12T11:36:40","modified_gmt":"2023-06-12T15:36:40","slug":"hable-con-nosotros-colombia","status":"publish","type":"page","link":"https:\/\/ambipar.com\/latam\/hable-con-nosotros-colombia\/","title":{"rendered":"Hable con nosotros"},"content":{"rendered":"\n<h2><strong>Contacte a Ambipar<\/strong><\/h2>\n\n\n\n<p>Nuestros analistas comerciales est\u00e1n listos para ayudar a su empresa con las mejores soluciones ambientales. Complete el siguiente formulario o cont\u00e1ctenos por tel\u00e9fono: <a href=\"tel:+569 9080 3593\"><span class=\"telefone-contacto-variable\">+569 9080 3593<\/span><\/a><\/p>\n\n\n\n<script>\n    document.addEventListener(\"DOMContentLoaded\", function(event) {\n    \n    let paisAtual = document.querySelector(\"#change-country\")\n    let paisAtualIndex = paisAtual.selectedIndex\n    let paisAtualSelected = paisAtual.options[paisAtualIndex]\n    let paisAtualText = paisAtualSelected.text\n    let telefonoContact = document.querySelector(\".telefone-contacto-variable\");\n    if(paisAtualText === \"Colombia\") {\n       telefonoContact.innerHTML = \"+57 313 8706346\"\n    }\n  });<\/script>\n\n\n<div role=\"form\" class=\"wpcf7\" id=\"wpcf7-f1466-o1\" lang=\"pt-BR\" dir=\"ltr\">\n<div class=\"screen-reader-response\"><p role=\"status\" aria-live=\"polite\" aria-atomic=\"true\"><\/p> <ul><\/ul><\/div>\n<form action=\"\/latam\/wp-json\/wp\/v2\/pages\/5034#wpcf7-f1466-o1\" method=\"post\" class=\"wpcf7-form init\" novalidate=\"novalidate\" data-status=\"init\">\n<div style=\"display: none;\">\n<input type=\"hidden\" name=\"_wpcf7\" value=\"1466\" \/>\n<input type=\"hidden\" name=\"_wpcf7_version\" value=\"5.5.3\" \/>\n<input type=\"hidden\" name=\"_wpcf7_locale\" value=\"pt_BR\" \/>\n<input type=\"hidden\" name=\"_wpcf7_unit_tag\" value=\"wpcf7-f1466-o1\" \/>\n<input type=\"hidden\" name=\"_wpcf7_container_post\" value=\"0\" \/>\n<input type=\"hidden\" name=\"_wpcf7_posted_data_hash\" value=\"\" \/>\n<\/div>\n<p><span class=\"wpcf7-form-control-wrap nome\"><input type=\"text\" name=\"nome\" value=\"\" size=\"40\" class=\"wpcf7-form-control wpcf7-text wpcf7-validates-as-required\" aria-required=\"true\" aria-invalid=\"false\" placeholder=\"Nombre\" \/><\/span><br \/>\n<span class=\"wpcf7-form-control-wrap empresa\"><input type=\"text\" name=\"empresa\" value=\"\" size=\"40\" class=\"wpcf7-form-control wpcf7-text\" aria-invalid=\"false\" placeholder=\"Empresa\" \/><\/span><br \/>\n<span class=\"wpcf7-form-control-wrap cargo\"><select name=\"cargo\" class=\"wpcf7-form-control wpcf7-select wpcf7-validates-as-required\" aria-required=\"true\" aria-invalid=\"false\"><option value=\"\">Cargo<\/option><option value=\"Presidente\">Presidente<\/option><option value=\"Director\">Director<\/option><option value=\"Supervisor\/Coordinador\/Gerente\">Supervisor\/Coordinador\/Gerente<\/option><option value=\"Analista\/Asistente\">Analista\/Asistente<\/option><option value=\"Otros\">Otros<\/option><\/select><\/span><br \/>\n<span class=\"wpcf7-form-control-wrap qtd_funcionarios\"><select name=\"qtd_funcionarios\" class=\"wpcf7-form-control wpcf7-select wpcf7-validates-as-required\" aria-required=\"true\" aria-invalid=\"false\"><option value=\"\">N\u00famero de Emppleados<\/option><option value=\"0-500\">0-500<\/option><option value=\"501-1000\">501-1000<\/option><option value=\"1001-5000\">1001-5000<\/option><option value=\"5000 o m\u00e1s\">5000 o m\u00e1s<\/option><\/select><\/span><\/p>\n<div class=\"third-width\">\n<span class=\"wpcf7-form-control-wrap e-mail\"><input type=\"email\" name=\"e-mail\" value=\"\" size=\"40\" class=\"wpcf7-form-control wpcf7-text wpcf7-email wpcf7-validates-as-required wpcf7-validates-as-email\" aria-required=\"true\" aria-invalid=\"false\" placeholder=\"E-mail\" \/><\/span><br \/>\n<span class=\"wpcf7-form-control-wrap telefone\"><input type=\"tel\" name=\"telefone\" value=\"\" size=\"40\" class=\"wpcf7-form-control wpcf7-text wpcf7-tel wpcf7-validates-as-tel\" id=\"masktel\" aria-invalid=\"false\" placeholder=\"Tel\u00e9fono\" \/><\/span><br \/>\n<span class=\"wpcf7-form-control-wrap country\"><select name=\"country\" class=\"wpcf7-form-control wpcf7-select wpcf7-validates-as-required\" aria-required=\"true\" aria-invalid=\"false\"><option value=\"\">Pa\u00eds<\/option><option value=\"USA\">USA<\/option><option value=\"Canada\">Canada<\/option><option value=\"Angola\">Angola<\/option><option value=\"Brazil\">Brazil<\/option><option value=\"Chile\">Chile<\/option><option value=\"Colombia\">Colombia<\/option><option value=\"Ireland\">Ireland<\/option><option value=\"Netherlands\">Netherlands<\/option><option value=\"Northern Ireland\">Northern Ireland<\/option><option value=\"Nigeria\">Nigeria<\/option><option value=\"Paraguay\">Paraguay<\/option><option value=\"Peru\">Peru<\/option><option value=\"Scotland\">Scotland<\/option><option value=\"Trinidad and Tobago\">Trinidad and Tobago<\/option><option value=\"Uruguay\">Uruguay<\/option><option value=\"Wales\">Wales<\/option><\/select><\/span>\n<\/div>\n<div class=\"full-width\">\n<span class=\"wpcf7-form-control-wrap mensagem\"><textarea name=\"mensagem\" cols=\"40\" rows=\"10\" maxlength=\"250\" class=\"wpcf7-form-control wpcf7-textarea wpcf7-validates-as-required\" aria-required=\"true\" aria-invalid=\"false\" placeholder=\"Mensaje\"><\/textarea><\/span><br \/>\n<span class=\"wpcf7-character-count down\" data-target-name=\"mensagem\" data-starting-value=\"250\" data-current-value=\"250\" data-maximum-value=\"250\">250<\/span><br \/>\n<span class=\"wpcf7-form-control-wrap acceptance-LGPD\"><span class=\"wpcf7-form-control wpcf7-acceptance\"><span class=\"wpcf7-list-item\"><label><input type=\"checkbox\" name=\"acceptance-LGPD\" value=\"1\" aria-invalid=\"false\" \/><span class=\"wpcf7-list-item-label\">Al cumplimentar el formulario, tengo conocimiento y de acuerdo con el <a href=\"https:\/\/ambipar.com\/latam\/wp-content\/uploads\/2021\/01\/ambipar_politica-protecao-de-dados_pt.pdf\" target=\"_blank\">almacenamiento de los datos por parte de Ambipar<\/a> y env\u00edo de informaci\u00f3n relacionada con el Grupo y, si deseo cancelar el registro, debo solicitarlo a trav\u00e9s del correo electr\u00f3nico politicadedados@ambipar.com<\/span><\/label><\/span><\/span><\/span><br \/>\n<input type=\"submit\" value=\"Enviar\" class=\"wpcf7-form-control has-spinner wpcf7-submit\" \/>\n<\/div>\n<div class=\"wpcf7-response-output\" aria-hidden=\"true\"><\/div><\/form><\/div>\n\n\n\n<p>Para emergencias, utilice el n\u00famero de <a href=\"https:\/\/ambipar.com\/latam\/es\/ambipar-2\/#paises\">tel\u00e9fono de la SAC en cada pa\u00eds<\/a>. Para otros asuntos, haga clic en <strong><a href=\"https:\/\/ambipar.com\/latam\/carrera\/\">carrera<\/a><\/strong>, <strong><a href=\"https:\/\/ambipar.com\/latam\/prensa\/\">prensa<\/a><\/strong>&nbsp;o <strong><a href=\"https:\/\/ambipar.com\/latam\/quejas\/\">quejas<\/a><\/strong>.<\/p>\n\n\n\n<h2>Vea las bases atendidas por Ambipar Latinoamerica<\/h2>\n\n\n<ul>\n<li><strong>Colombia<\/strong><\/li>\n<\/ul>\n\n\n<p>Ac. 26 # 69C &#8211; 03, Edificio Capital Center II, Piso 9<br>Bogot\u00e1, Colombia<br><strong>Tel\u00e9fono contacto comercial:<\/strong> +57 313 8706346<br><strong>Tel\u00e9fono emergencias:<\/strong> 300 929 2033<\/p>\n\n\n<ul>\n<li><strong>Chile<\/strong><\/li>\n<\/ul>\n\n\n<div class=\"wp-block-columns\">\n<div class=\"wp-block-column\">\n<p><strong>Oficina Central<\/strong><br><br>Avenida Pedro de Valdivia 291, piso 8<br>Providencia, Santiago<br><strong>Tel\u00e9fono contacto comercial:<\/strong> +569 9080 3593<br><strong>Tel\u00e9fono emergencias:<\/strong> 800 550 777<\/p>\n<\/div>\n\n\n\n<div class=\"wp-block-column\">\n<p><strong>Centro de Entrenamiento<\/strong><\/p>\n\n\n\n<p>Av. El Barranc\u00f3n 13 D. San Bernardo<br>Santiago de Chile<br><strong>Tel\u00e9fono contacto comercial:<\/strong> +56 9 8839 6333<\/p>\n<\/div>\n\n\n\n<div class=\"wp-block-column\">\n<p><strong>Sala de Ventas Equipamiento<\/strong><\/p>\n\n\n\n<p>Marchant Pereira 150, Oficina 702, Providencia.<br><strong>Tel\u00e9fono contacto comercial:<\/strong> +56 9 4230 2365<br><a href=\"mailto: ventas@ambipar.com\"><strong>E-mail: <\/strong>ventas@ambipar.com<\/a><\/p>\n\n\n\n<div class=\"wp-block-buttons is-content-justification-center\">\n<div class=\"wp-block-button has-custom-width wp-block-button__width-50\"><a class=\"wp-block-button__link\" href=\"https:\/\/tienda.ambipar.com\/\" style=\"border-radius:5px\">Tienda<\/a><\/div>\n<\/div>\n<\/div>\n<\/div>\n\n\n<ul>\n<li><strong>Peru<\/strong><\/li>\n<\/ul>\n\n\n<p>Prolongaci\u00f3n Huaylas Km. 21.300,&nbsp;Urb Fundo Villa Chorrillos <br>Lima, Per\u00fa<br><strong>Tel\u00e9fono contacto comercial:<\/strong> +569 9080 3593<br><strong>Tel\u00e9fono emergencias:<\/strong> 0 800 55 077<\/p>\n\n\n<ul>\n<li><strong>Uruguay<\/strong><\/li>\n<\/ul>\n\n\n<p>Km 57, Ruta 11<br>San Jos\u00e9,&nbsp;Uruguay <br><strong>Tel\u00e9fono contacto comercial:<\/strong> +569 9080 3593<br><strong>Tel\u00e9fono emergencias:<\/strong> 000 405 4759<\/p>\n","protected":false},"excerpt":{"rendered":"Contacte a Ambipar Nuestros analistas comerciales est\u00e1n listos para ayudar a su empresa con las mejores soluciones ambientales. Complete el siguiente formulario o cont\u00e1ctenos por tel\u00e9fono: +569 9080 3593 Para emergencias, utilice el n\u00famero de tel\u00e9fono de la SAC en cada pa\u00eds. Para otros asuntos, haga clic en carrera, prensa&nbsp;o quejas. Vea las bases atendidas&#8230; <a class=\"view-article\" href=\"https:\/\/ambipar.com\/latam\/hable-con-nosotros-colombia\/\">Ver art\u00edculo<\/a>","protected":false},"author":4,"featured_media":2925,"parent":0,"menu_order":0,"comment_status":"closed","ping_status":"closed","template":"template-formularios.php","meta":[],"yoast_head":"<!-- This site is optimized with the Yoast SEO plugin v17.6 - https:\/\/yoast.com\/wordpress\/plugins\/seo\/ -->\n<title>Hable con nosotros - Ambipar<\/title>\n<meta name=\"description\" content=\"Hable con nosotros. P\u00f3ngase en contacto con Ambipar. Nuestros analistas comerciales est\u00e1n listos para ayudar a su empresa con las mejores soluciones ambientales.\" \/>\n<meta name=\"robots\" content=\"index, follow, max-snippet:-1, max-image-preview:large, max-video-preview:-1\" \/>\n<link rel=\"canonical\" href=\"https:\/\/ambipar.com\/latam\/hable-con-nosotros-colombia\/\" \/>\n<meta property=\"og:locale\" content=\"es_ES\" \/>\n<meta property=\"og:type\" content=\"article\" \/>\n<meta property=\"og:title\" content=\"Hable con nosotros - Ambipar\" \/>\n<meta property=\"og:description\" content=\"Hable con nosotros. P\u00f3ngase en contacto con Ambipar. Nuestros analistas comerciales est\u00e1n listos para ayudar a su empresa con las mejores soluciones ambientales.\" \/>\n<meta property=\"og:url\" content=\"https:\/\/ambipar.com\/latam\/hable-con-nosotros-colombia\/\" \/>\n<meta property=\"og:site_name\" content=\"Ambipar. A l\u00edder em gest\u00e3o ambiental.\" \/>\n<meta property=\"article:modified_time\" content=\"2023-06-12T15:36:40+00:00\" \/>\n<meta property=\"og:image\" content=\"https:\/\/ambipar.com\/latam\/wp-content\/uploads\/2020\/12\/header-interna-sml.jpg\" \/>\n\t<meta property=\"og:image:width\" content=\"1920\" \/>\n\t<meta property=\"og:image:height\" content=\"480\" \/>\n<meta name=\"twitter:card\" content=\"summary_large_image\" \/>\n<meta name=\"twitter:label1\" content=\"Est. reading time\" \/>\n\t<meta name=\"twitter:data1\" content=\"1 minuto\" \/>\n<script type=\"application\/ld+json\" class=\"yoast-schema-graph\">{\"@context\":\"https:\/\/schema.org\",\"@graph\":[{\"@type\":\"Organization\",\"@id\":\"https:\/\/ambipar.com\/latam\/#organization\",\"name\":\"Ambipar\",\"url\":\"https:\/\/ambipar.com\/latam\/\",\"sameAs\":[],\"logo\":{\"@type\":\"ImageObject\",\"@id\":\"https:\/\/ambipar.com\/latam\/#logo\",\"inLanguage\":\"es-CL\",\"url\":\"https:\/\/ambipar.com\/latam\/wp-content\/uploads\/2020\/10\/ambipar_color.png\",\"contentUrl\":\"https:\/\/ambipar.com\/latam\/wp-content\/uploads\/2020\/10\/ambipar_color.png\",\"width\":174,\"height\":107,\"caption\":\"Ambipar\"},\"image\":{\"@id\":\"https:\/\/ambipar.com\/latam\/#logo\"}},{\"@type\":\"WebSite\",\"@id\":\"https:\/\/ambipar.com\/latam\/#website\",\"url\":\"https:\/\/ambipar.com\/latam\/\",\"name\":\"Ambipar. A l\\u00edder em gest\\u00e3o ambiental.\",\"description\":\"Pioneira em solu\\u00e7\\u00f5es ambientais, a Ambipar atua em todo o territ\\u00f3rio nacional oferecendo solu\\u00e7\\u00f5es integradas para toda a cadeia de neg\\u00f3cio.\",\"publisher\":{\"@id\":\"https:\/\/ambipar.com\/latam\/#organization\"},\"potentialAction\":[{\"@type\":\"SearchAction\",\"target\":{\"@type\":\"EntryPoint\",\"urlTemplate\":\"https:\/\/ambipar.com\/latam\/?s={search_term_string}\"},\"query-input\":\"required name=search_term_string\"}],\"inLanguage\":\"es-CL\"},{\"@type\":\"ImageObject\",\"@id\":\"https:\/\/ambipar.com\/latam\/hable-con-nosotros-colombia\/#primaryimage\",\"inLanguage\":\"es-CL\",\"url\":\"https:\/\/ambipar.com\/latam\/wp-content\/uploads\/2020\/12\/header-interna-sml.jpg\",\"contentUrl\":\"https:\/\/ambipar.com\/latam\/wp-content\/uploads\/2020\/12\/header-interna-sml.jpg\",\"width\":1920,\"height\":480,\"caption\":\"header interna sml\"},{\"@type\":\"WebPage\",\"@id\":\"https:\/\/ambipar.com\/latam\/hable-con-nosotros-colombia\/#webpage\",\"url\":\"https:\/\/ambipar.com\/latam\/hable-con-nosotros-colombia\/\",\"name\":\"Hable con nosotros - Ambipar\",\"isPartOf\":{\"@id\":\"https:\/\/ambipar.com\/latam\/#website\"},\"primaryImageOfPage\":{\"@id\":\"https:\/\/ambipar.com\/latam\/hable-con-nosotros-colombia\/#primaryimage\"},\"datePublished\":\"2023-03-01T18:19:23+00:00\",\"dateModified\":\"2023-06-12T15:36:40+00:00\",\"description\":\"Hable con nosotros. P\\u00f3ngase en contacto con Ambipar. Nuestros analistas comerciales est\\u00e1n listos para ayudar a su empresa con las mejores soluciones ambientales.\",\"breadcrumb\":{\"@id\":\"https:\/\/ambipar.com\/latam\/hable-con-nosotros-colombia\/#breadcrumb\"},\"inLanguage\":\"es-CL\",\"potentialAction\":[{\"@type\":\"ReadAction\",\"target\":[\"https:\/\/ambipar.com\/latam\/hable-con-nosotros-colombia\/\"]}]},{\"@type\":\"BreadcrumbList\",\"@id\":\"https:\/\/ambipar.com\/latam\/hable-con-nosotros-colombia\/#breadcrumb\",\"itemListElement\":[{\"@type\":\"ListItem\",\"position\":1,\"name\":\"Home\",\"item\":\"https:\/\/ambipar.com\/latam\/\"},{\"@type\":\"ListItem\",\"position\":2,\"name\":\"Hable con nosotros\"}]}]}<\/script>\n<!-- \/ Yoast SEO plugin. -->","yoast_head_json":{"title":"Hable con nosotros - Ambipar","description":"Hable con nosotros. P\u00f3ngase en contacto con Ambipar. Nuestros analistas comerciales est\u00e1n listos para ayudar a su empresa con las mejores soluciones ambientales.","robots":{"index":"index","follow":"follow","max-snippet":"max-snippet:-1","max-image-preview":"max-image-preview:large","max-video-preview":"max-video-preview:-1"},"canonical":"https:\/\/ambipar.com\/latam\/hable-con-nosotros-colombia\/","og_locale":"es_ES","og_type":"article","og_title":"Hable con nosotros - Ambipar","og_description":"Hable con nosotros. P\u00f3ngase en contacto con Ambipar. Nuestros analistas comerciales est\u00e1n listos para ayudar a su empresa con las mejores soluciones ambientales.","og_url":"https:\/\/ambipar.com\/latam\/hable-con-nosotros-colombia\/","og_site_name":"Ambipar. A l\u00edder em gest\u00e3o ambiental.","article_modified_time":"2023-06-12T15:36:40+00:00","og_image":[{"width":1920,"height":480,"url":"https:\/\/ambipar.com\/latam\/wp-content\/uploads\/2020\/12\/header-interna-sml.jpg","type":"image\/jpeg"}],"twitter_card":"summary_large_image","twitter_misc":{"Est. reading time":"1 minuto"},"schema":{"@context":"https:\/\/schema.org","@graph":[{"@type":"Organization","@id":"https:\/\/ambipar.com\/latam\/#organization","name":"Ambipar","url":"https:\/\/ambipar.com\/latam\/","sameAs":[],"logo":{"@type":"ImageObject","@id":"https:\/\/ambipar.com\/latam\/#logo","inLanguage":"es-CL","url":"https:\/\/ambipar.com\/latam\/wp-content\/uploads\/2020\/10\/ambipar_color.png","contentUrl":"https:\/\/ambipar.com\/latam\/wp-content\/uploads\/2020\/10\/ambipar_color.png","width":174,"height":107,"caption":"Ambipar"},"image":{"@id":"https:\/\/ambipar.com\/latam\/#logo"}},{"@type":"WebSite","@id":"https:\/\/ambipar.com\/latam\/#website","url":"https:\/\/ambipar.com\/latam\/","name":"Ambipar. A l\u00edder em gest\u00e3o ambiental.","description":"Pioneira em solu\u00e7\u00f5es ambientais, a Ambipar atua em todo o territ\u00f3rio nacional oferecendo solu\u00e7\u00f5es integradas para toda a cadeia de neg\u00f3cio.","publisher":{"@id":"https:\/\/ambipar.com\/latam\/#organization"},"potentialAction":[{"@type":"SearchAction","target":{"@type":"EntryPoint","urlTemplate":"https:\/\/ambipar.com\/latam\/?s={search_term_string}"},"query-input":"required name=search_term_string"}],"inLanguage":"es-CL"},{"@type":"ImageObject","@id":"https:\/\/ambipar.com\/latam\/hable-con-nosotros-colombia\/#primaryimage","inLanguage":"es-CL","url":"https:\/\/ambipar.com\/latam\/wp-content\/uploads\/2020\/12\/header-interna-sml.jpg","contentUrl":"https:\/\/ambipar.com\/latam\/wp-content\/uploads\/2020\/12\/header-interna-sml.jpg","width":1920,"height":480,"caption":"header interna sml"},{"@type":"WebPage","@id":"https:\/\/ambipar.com\/latam\/hable-con-nosotros-colombia\/#webpage","url":"https:\/\/ambipar.com\/latam\/hable-con-nosotros-colombia\/","name":"Hable con nosotros - Ambipar","isPartOf":{"@id":"https:\/\/ambipar.com\/latam\/#website"},"primaryImageOfPage":{"@id":"https:\/\/ambipar.com\/latam\/hable-con-nosotros-colombia\/#primaryimage"},"datePublished":"2023-03-01T18:19:23+00:00","dateModified":"2023-06-12T15:36:40+00:00","description":"Hable con nosotros. P\u00f3ngase en contacto con Ambipar. Nuestros analistas comerciales est\u00e1n listos para ayudar a su empresa con las mejores soluciones ambientales.","breadcrumb":{"@id":"https:\/\/ambipar.com\/latam\/hable-con-nosotros-colombia\/#breadcrumb"},"inLanguage":"es-CL","potentialAction":[{"@type":"ReadAction","target":["https:\/\/ambipar.com\/latam\/hable-con-nosotros-colombia\/"]}]},{"@type":"BreadcrumbList","@id":"https:\/\/ambipar.com\/latam\/hable-con-nosotros-colombia\/#breadcrumb","itemListElement":[{"@type":"ListItem","position":1,"name":"Home","item":"https:\/\/ambipar.com\/latam\/"},{"@type":"ListItem","position":2,"name":"Hable con nosotros"}]}]}},"_links":{"self":[{"href":"https:\/\/ambipar.com\/latam\/wp-json\/wp\/v2\/pages\/5034"}],"collection":[{"href":"https:\/\/ambipar.com\/latam\/wp-json\/wp\/v2\/pages"}],"about":[{"href":"https:\/\/ambipar.com\/latam\/wp-json\/wp\/v2\/types\/page"}],"author":[{"embeddable":true,"href":"https:\/\/ambipar.com\/latam\/wp-json\/wp\/v2\/users\/4"}],"replies":[{"embeddable":true,"href":"https:\/\/ambipar.com\/latam\/wp-json\/wp\/v2\/comments?post=5034"}],"version-history":[{"count":16,"href":"https:\/\/ambipar.com\/latam\/wp-json\/wp\/v2\/pages\/5034\/revisions"}],"predecessor-version":[{"id":5210,"href":"https:\/\/ambipar.com\/latam\/wp-json\/wp\/v2\/pages\/5034\/revisions\/5210"}],"wp:featuredmedia":[{"embeddable":true,"href":"https:\/\/ambipar.com\/latam\/wp-json\/wp\/v2\/media\/2925"}],"wp:attachment":[{"href":"https:\/\/ambipar.com\/latam\/wp-json\/wp\/v2\/media?parent=5034"}],"curies":[{"name":"wp","href":"https:\/\/api.w.org\/{rel}","templated":true}]}}