{"id":5076,"date":"2023-04-11T09:21:15","date_gmt":"2023-04-11T13:21:15","guid":{"rendered":"https:\/\/ambipar.com\/latam\/?page_id=5076"},"modified":"2023-04-11T09:21:19","modified_gmt":"2023-04-11T13:21:19","slug":"ejecucion-de-programas-ambientales","status":"publish","type":"page","link":"https:\/\/ambipar.com\/latam\/preparedness\/ejecucion-de-programas-ambientales\/","title":{"rendered":"Ejecuci\u00f3n de Programas Ambientales"},"content":{"rendered":"\n<p>Ambipar cuenta con un equipo especializado en la elaboraci\u00f3n y ejecuci\u00f3n de Programas Ambientales espec\u00edficos de su \u00e1rea de actuaci\u00f3n. Los programas ambientales tienen un alcance bien definido con costos, designaci\u00f3n de responsables, indicadores y cronogramas de ejecuci\u00f3n.<\/p>\n\n\n\n<p><strong>Vea lo que podemos ofrecer<\/strong><\/p>\n\n\n\n<ul><li>Plan de Manejo de Residuos S\u00f3lidos<\/li><li>Plan de Gesti\u00f3n de Residuos del Servicio de Salud<\/li><li>Plan de Gesti\u00f3n de Residuos de Construcci\u00f3n Civil<\/li><li>Programa de Comunicaci\u00f3n Social<\/li><li>Programa de Educaci\u00f3n Ambiental<\/li><li>Trabajadores del Programa de Educaci\u00f3n Ambiental<\/li><li>Programa de Manejo de Residuos y Efluentes<\/li><li>Programa de Rescate Arqueol\u00f3gico<\/li><li>Programa de Monitoreo de Recursos H\u00eddricos<\/li><li>Programa de Rescate de Fauna y Flora<\/li><li>Investigaci\u00f3n y Remediaci\u00f3n de \u00c1reas Contaminadas<\/li><li>Programa de Gesti\u00f3n de Riesgos<\/li><\/ul>\n\n\n\n<p><strong>Vea tambi\u00e9n:<\/strong><\/p>\n\n\n\n<ul><li><a href=\"https:\/\/ambipar.com\/es\/ambipar-environment\/gestao-e-valorizacao-de-residuos\/ingenieria-ambiental\/licencia-ambiental\/\">Licenciamiento Ambiental<\/a><\/li><li><a href=\"https:\/\/ambipar.com\/es\/ambipar-environment\/softwares-de-gestion\/soluciones-de-blockchain\/\">Consultor\u00eda experta en blockchain<\/a><\/li><li><a href=\"https:\/\/ambipar.com\/es\/emergency-response\/#geociencias\">Geociencias<\/a><\/li><\/ul>\n","protected":false},"excerpt":{"rendered":"Ambipar cuenta con un equipo especializado en la elaboraci\u00f3n y ejecuci\u00f3n de Programas Ambientales espec\u00edficos de su \u00e1rea de actuaci\u00f3n. Los programas ambientales tienen un alcance bien definido con costos, designaci\u00f3n de responsables, indicadores y cronogramas de ejecuci\u00f3n. Vea lo que podemos ofrecer Plan de Manejo de Residuos S\u00f3lidos Plan de Gesti\u00f3n de Residuos del&#8230; <a class=\"view-article\" href=\"https:\/\/ambipar.com\/latam\/preparedness\/ejecucion-de-programas-ambientales\/\">Ver art\u00edculo<\/a>","protected":false},"author":4,"featured_media":5077,"parent":4699,"menu_order":0,"comment_status":"closed","ping_status":"closed","template":"single-servicos.php","meta":[],"yoast_head":"<!-- This site is optimized with the Yoast SEO plugin v17.6 - https:\/\/yoast.com\/wordpress\/plugins\/seo\/ -->\n<title>Ejecuci\u00f3n de Programas Ambientales<\/title>\n<meta name=\"description\" content=\"Ambipar cuenta con un equipo especializado en la elaboraci\u00f3n y ejecuci\u00f3n de Programas Ambientales espec\u00edficos de su \u00e1rea de actuaci\u00f3n.\" \/>\n<meta name=\"robots\" content=\"index, follow, max-snippet:-1, max-image-preview:large, max-video-preview:-1\" \/>\n<link rel=\"canonical\" href=\"https:\/\/ambipar.com\/latam\/preparedness\/ejecucion-de-programas-ambientales\/\" \/>\n<meta property=\"og:locale\" content=\"es_ES\" \/>\n<meta property=\"og:type\" content=\"article\" \/>\n<meta property=\"og:title\" content=\"Ejecuci\u00f3n de Programas Ambientales\" \/>\n<meta property=\"og:description\" content=\"Ambipar cuenta con un equipo especializado en la elaboraci\u00f3n y ejecuci\u00f3n de Programas Ambientales espec\u00edficos de su \u00e1rea de actuaci\u00f3n.\" \/>\n<meta property=\"og:url\" content=\"https:\/\/ambipar.com\/latam\/preparedness\/ejecucion-de-programas-ambientales\/\" \/>\n<meta property=\"og:site_name\" content=\"Ambipar. A l\u00edder em gest\u00e3o ambiental.\" \/>\n<meta property=\"article:modified_time\" content=\"2023-04-11T13:21:19+00:00\" \/>\n<meta property=\"og:image\" content=\"https:\/\/ambipar.com\/latam\/wp-content\/uploads\/2023\/04\/500-mil-horas-sem-acidentes-1.jpg\" \/>\n\t<meta property=\"og:image:width\" content=\"1920\" \/>\n\t<meta property=\"og:image:height\" content=\"1178\" \/>\n<meta name=\"twitter:card\" content=\"summary_large_image\" \/>\n<meta name=\"twitter:label1\" content=\"Est. reading time\" \/>\n\t<meta name=\"twitter:data1\" content=\"1 minuto\" \/>\n<script type=\"application\/ld+json\" class=\"yoast-schema-graph\">{\"@context\":\"https:\/\/schema.org\",\"@graph\":[{\"@type\":\"Organization\",\"@id\":\"https:\/\/ambipar.com\/latam\/#organization\",\"name\":\"Ambipar\",\"url\":\"https:\/\/ambipar.com\/latam\/\",\"sameAs\":[],\"logo\":{\"@type\":\"ImageObject\",\"@id\":\"https:\/\/ambipar.com\/latam\/#logo\",\"inLanguage\":\"es-CL\",\"url\":\"https:\/\/ambipar.com\/latam\/wp-content\/uploads\/2020\/10\/ambipar_color.png\",\"contentUrl\":\"https:\/\/ambipar.com\/latam\/wp-content\/uploads\/2020\/10\/ambipar_color.png\",\"width\":174,\"height\":107,\"caption\":\"Ambipar\"},\"image\":{\"@id\":\"https:\/\/ambipar.com\/latam\/#logo\"}},{\"@type\":\"WebSite\",\"@id\":\"https:\/\/ambipar.com\/latam\/#website\",\"url\":\"https:\/\/ambipar.com\/latam\/\",\"name\":\"Ambipar. A l\\u00edder em gest\\u00e3o ambiental.\",\"description\":\"Pioneira em solu\\u00e7\\u00f5es ambientais, a Ambipar atua em todo o territ\\u00f3rio nacional oferecendo solu\\u00e7\\u00f5es integradas para toda a cadeia de neg\\u00f3cio.\",\"publisher\":{\"@id\":\"https:\/\/ambipar.com\/latam\/#organization\"},\"potentialAction\":[{\"@type\":\"SearchAction\",\"target\":{\"@type\":\"EntryPoint\",\"urlTemplate\":\"https:\/\/ambipar.com\/latam\/?s={search_term_string}\"},\"query-input\":\"required name=search_term_string\"}],\"inLanguage\":\"es-CL\"},{\"@type\":\"ImageObject\",\"@id\":\"https:\/\/ambipar.com\/latam\/preparedness\/ejecucion-de-programas-ambientales\/#primaryimage\",\"inLanguage\":\"es-CL\",\"url\":\"https:\/\/ambipar.com\/latam\/wp-content\/uploads\/2023\/04\/500-mil-horas-sem-acidentes-1.jpg\",\"contentUrl\":\"https:\/\/ambipar.com\/latam\/wp-content\/uploads\/2023\/04\/500-mil-horas-sem-acidentes-1.jpg\",\"width\":1920,\"height\":1178,\"caption\":\"Ambipar cuenta con un equipo especializado en la elaboraci\\u00f3n y ejecuci\\u00f3n de Programas Ambientales espec\\u00edficos de su \\u00e1rea de actuaci\\u00f3n.\"},{\"@type\":\"WebPage\",\"@id\":\"https:\/\/ambipar.com\/latam\/preparedness\/ejecucion-de-programas-ambientales\/#webpage\",\"url\":\"https:\/\/ambipar.com\/latam\/preparedness\/ejecucion-de-programas-ambientales\/\",\"name\":\"Ejecuci\\u00f3n de Programas Ambientales\",\"isPartOf\":{\"@id\":\"https:\/\/ambipar.com\/latam\/#website\"},\"primaryImageOfPage\":{\"@id\":\"https:\/\/ambipar.com\/latam\/preparedness\/ejecucion-de-programas-ambientales\/#primaryimage\"},\"datePublished\":\"2023-04-11T13:21:15+00:00\",\"dateModified\":\"2023-04-11T13:21:19+00:00\",\"description\":\"Ambipar cuenta con un equipo especializado en la elaboraci\\u00f3n y ejecuci\\u00f3n de Programas Ambientales espec\\u00edficos de su \\u00e1rea de actuaci\\u00f3n.\",\"breadcrumb\":{\"@id\":\"https:\/\/ambipar.com\/latam\/preparedness\/ejecucion-de-programas-ambientales\/#breadcrumb\"},\"inLanguage\":\"es-CL\",\"potentialAction\":[{\"@type\":\"ReadAction\",\"target\":[\"https:\/\/ambipar.com\/latam\/preparedness\/ejecucion-de-programas-ambientales\/\"]}]},{\"@type\":\"BreadcrumbList\",\"@id\":\"https:\/\/ambipar.com\/latam\/preparedness\/ejecucion-de-programas-ambientales\/#breadcrumb\",\"itemListElement\":[{\"@type\":\"ListItem\",\"position\":1,\"name\":\"Home\",\"item\":\"https:\/\/ambipar.com\/latam\/\"},{\"@type\":\"ListItem\",\"position\":2,\"name\":\"Preparedness\",\"item\":\"https:\/\/ambipar.com\/latam\/preparedness\/\"},{\"@type\":\"ListItem\",\"position\":3,\"name\":\"Ejecuci\\u00f3n de Programas Ambientales\"}]}]}<\/script>\n<!-- \/ Yoast SEO plugin. -->","yoast_head_json":{"title":"Ejecuci\u00f3n de Programas Ambientales","description":"Ambipar cuenta con un equipo especializado en la elaboraci\u00f3n y ejecuci\u00f3n de Programas Ambientales espec\u00edficos de su \u00e1rea de actuaci\u00f3n.","robots":{"index":"index","follow":"follow","max-snippet":"max-snippet:-1","max-image-preview":"max-image-preview:large","max-video-preview":"max-video-preview:-1"},"canonical":"https:\/\/ambipar.com\/latam\/preparedness\/ejecucion-de-programas-ambientales\/","og_locale":"es_ES","og_type":"article","og_title":"Ejecuci\u00f3n de Programas Ambientales","og_description":"Ambipar cuenta con un equipo especializado en la elaboraci\u00f3n y ejecuci\u00f3n de Programas Ambientales espec\u00edficos de su \u00e1rea de actuaci\u00f3n.","og_url":"https:\/\/ambipar.com\/latam\/preparedness\/ejecucion-de-programas-ambientales\/","og_site_name":"Ambipar. A l\u00edder em gest\u00e3o ambiental.","article_modified_time":"2023-04-11T13:21:19+00:00","og_image":[{"width":1920,"height":1178,"url":"https:\/\/ambipar.com\/latam\/wp-content\/uploads\/2023\/04\/500-mil-horas-sem-acidentes-1.jpg","type":"image\/jpeg"}],"twitter_card":"summary_large_image","twitter_misc":{"Est. reading time":"1 minuto"},"schema":{"@context":"https:\/\/schema.org","@graph":[{"@type":"Organization","@id":"https:\/\/ambipar.com\/latam\/#organization","name":"Ambipar","url":"https:\/\/ambipar.com\/latam\/","sameAs":[],"logo":{"@type":"ImageObject","@id":"https:\/\/ambipar.com\/latam\/#logo","inLanguage":"es-CL","url":"https:\/\/ambipar.com\/latam\/wp-content\/uploads\/2020\/10\/ambipar_color.png","contentUrl":"https:\/\/ambipar.com\/latam\/wp-content\/uploads\/2020\/10\/ambipar_color.png","width":174,"height":107,"caption":"Ambipar"},"image":{"@id":"https:\/\/ambipar.com\/latam\/#logo"}},{"@type":"WebSite","@id":"https:\/\/ambipar.com\/latam\/#website","url":"https:\/\/ambipar.com\/latam\/","name":"Ambipar. A l\u00edder em gest\u00e3o ambiental.","description":"Pioneira em solu\u00e7\u00f5es ambientais, a Ambipar atua em todo o territ\u00f3rio nacional oferecendo solu\u00e7\u00f5es integradas para toda a cadeia de neg\u00f3cio.","publisher":{"@id":"https:\/\/ambipar.com\/latam\/#organization"},"potentialAction":[{"@type":"SearchAction","target":{"@type":"EntryPoint","urlTemplate":"https:\/\/ambipar.com\/latam\/?s={search_term_string}"},"query-input":"required name=search_term_string"}],"inLanguage":"es-CL"},{"@type":"ImageObject","@id":"https:\/\/ambipar.com\/latam\/preparedness\/ejecucion-de-programas-ambientales\/#primaryimage","inLanguage":"es-CL","url":"https:\/\/ambipar.com\/latam\/wp-content\/uploads\/2023\/04\/500-mil-horas-sem-acidentes-1.jpg","contentUrl":"https:\/\/ambipar.com\/latam\/wp-content\/uploads\/2023\/04\/500-mil-horas-sem-acidentes-1.jpg","width":1920,"height":1178,"caption":"Ambipar cuenta con un equipo especializado en la elaboraci\u00f3n y ejecuci\u00f3n de Programas Ambientales espec\u00edficos de su \u00e1rea de actuaci\u00f3n."},{"@type":"WebPage","@id":"https:\/\/ambipar.com\/latam\/preparedness\/ejecucion-de-programas-ambientales\/#webpage","url":"https:\/\/ambipar.com\/latam\/preparedness\/ejecucion-de-programas-ambientales\/","name":"Ejecuci\u00f3n de Programas Ambientales","isPartOf":{"@id":"https:\/\/ambipar.com\/latam\/#website"},"primaryImageOfPage":{"@id":"https:\/\/ambipar.com\/latam\/preparedness\/ejecucion-de-programas-ambientales\/#primaryimage"},"datePublished":"2023-04-11T13:21:15+00:00","dateModified":"2023-04-11T13:21:19+00:00","description":"Ambipar cuenta con un equipo especializado en la elaboraci\u00f3n y ejecuci\u00f3n de Programas Ambientales espec\u00edficos de su \u00e1rea de actuaci\u00f3n.","breadcrumb":{"@id":"https:\/\/ambipar.com\/latam\/preparedness\/ejecucion-de-programas-ambientales\/#breadcrumb"},"inLanguage":"es-CL","potentialAction":[{"@type":"ReadAction","target":["https:\/\/ambipar.com\/latam\/preparedness\/ejecucion-de-programas-ambientales\/"]}]},{"@type":"BreadcrumbList","@id":"https:\/\/ambipar.com\/latam\/preparedness\/ejecucion-de-programas-ambientales\/#breadcrumb","itemListElement":[{"@type":"ListItem","position":1,"name":"Home","item":"https:\/\/ambipar.com\/latam\/"},{"@type":"ListItem","position":2,"name":"Preparedness","item":"https:\/\/ambipar.com\/latam\/preparedness\/"},{"@type":"ListItem","position":3,"name":"Ejecuci\u00f3n de Programas Ambientales"}]}]}},"_links":{"self":[{"href":"https:\/\/ambipar.com\/latam\/wp-json\/wp\/v2\/pages\/5076"}],"collection":[{"href":"https:\/\/ambipar.com\/latam\/wp-json\/wp\/v2\/pages"}],"about":[{"href":"https:\/\/ambipar.com\/latam\/wp-json\/wp\/v2\/types\/page"}],"author":[{"embeddable":true,"href":"https:\/\/ambipar.com\/latam\/wp-json\/wp\/v2\/users\/4"}],"replies":[{"embeddable":true,"href":"https:\/\/ambipar.com\/latam\/wp-json\/wp\/v2\/comments?post=5076"}],"version-history":[{"count":1,"href":"https:\/\/ambipar.com\/latam\/wp-json\/wp\/v2\/pages\/5076\/revisions"}],"predecessor-version":[{"id":5078,"href":"https:\/\/ambipar.com\/latam\/wp-json\/wp\/v2\/pages\/5076\/revisions\/5078"}],"up":[{"embeddable":true,"href":"https:\/\/ambipar.com\/latam\/wp-json\/wp\/v2\/pages\/4699"}],"wp:featuredmedia":[{"embeddable":true,"href":"https:\/\/ambipar.com\/latam\/wp-json\/wp\/v2\/media\/5077"}],"wp:attachment":[{"href":"https:\/\/ambipar.com\/latam\/wp-json\/wp\/v2\/media?parent=5076"}],"curies":[{"name":"wp","href":"https:\/\/api.w.org\/{rel}","templated":true}]}}