{"id":5080,"date":"2023-04-11T09:57:00","date_gmt":"2023-04-11T13:57:00","guid":{"rendered":"https:\/\/ambipar.com\/latam\/?page_id=5080"},"modified":"2023-04-11T09:57:58","modified_gmt":"2023-04-11T13:57:58","slug":"abastecimiento-de-agua-potable","status":"publish","type":"page","link":"https:\/\/ambipar.com\/latam\/ambipar-environment-2\/abastecimiento-de-agua-potable\/","title":{"rendered":"Abastecimiento de agua potable"},"content":{"rendered":"\n<p>Abastecimiento de agua potable es un sistema por medio del cual acercamos agua potable hasta aquellos lugares que necesiten contar con su abastecimiento.<\/p>\n\n\n\n<p>Para llevar a cabo este servicio, nos hemos regido por altos est\u00e1ndares de calidad, lo que nos permite contar, tanto en nuestras operaciones como la manipulaci\u00f3n de nuestros productos, con prestaciones responsables, limpias y seguras.<\/p>\n\n\n\n<p><strong>Caracter\u00edsticas Generales Abastecimiento de agua potable<\/strong><\/p>\n\n\n\n<p>Servicio a realizar en camiones de 10, 20 y 25 m3 de capacidad. El servicio cuenta con todas las pautas para el cumplimiento del Decreto 41 \u201cReglamento sobre condiciones sanitarias para la provisi\u00f3n de agua potable mediante el uso de camiones aljibe\u201d.<\/p>\n\n\n\n<p><strong>Preguntas sobre Abastecimiento de agua potable<\/strong><\/p>\n\n\n\n<p><strong>\u00bfQu\u00e9 es el Decreto 41?<\/strong><\/p>\n\n\n\n<p>Es el Decreto que regla el las condiciones sanitarias para la provisi\u00f3n de agua potable mediante el uso de camiones aljibe. Toda empresa que tenga que realizar el suministro de agua potable mediante esta modalidad debe cumplirlo. Disal realiza todos los tr\u00e1mites administrativos requeridos por las administraciones para garantizar a nuestros clientes el cumplimiento normativo de este servicio.<\/p>\n\n\n\n<p><strong>\u00bfQu\u00e9 diferencia hay entre agua potable y agua industrial?<\/strong><\/p>\n\n\n\n<p>El agua potable garantiza unas condiciones m\u00ednimas para el uso por humanos, el agua industrial puede tener la misma calidad que el agua potable o no, pero no garantiza su uso por humanos.<\/p>\n\n\n\n<p><strong>\u00bfCada cuanto recomiendan la renovaci\u00f3n del agua potable?<\/strong><\/p>\n\n\n\n<p>Recomendamos no dar un uso mayor a media semana del agua potable suministrada ya que el cloro contenido en el agua tiene una volatilidad tal que desaparece a los pocos d\u00edas del agua almacenada. En el caso que se disponga de un sistema de cloraci\u00f3n adicional en el estanque de almacenamiento del cliente este periodo puede extenderse.<\/p>\n","protected":false},"excerpt":{"rendered":"Abastecimiento de agua potable es un sistema por medio del cual acercamos agua potable hasta aquellos lugares que necesiten contar con su abastecimiento. Para llevar a cabo este servicio, nos hemos regido por altos est\u00e1ndares de calidad, lo que nos permite contar, tanto en nuestras operaciones como la manipulaci\u00f3n de nuestros productos, con prestaciones responsables,&#8230; <a class=\"view-article\" href=\"https:\/\/ambipar.com\/latam\/ambipar-environment-2\/abastecimiento-de-agua-potable\/\">Ver art\u00edculo<\/a>","protected":false},"author":4,"featured_media":5081,"parent":1060,"menu_order":0,"comment_status":"closed","ping_status":"closed","template":"single-servicos.php","meta":[],"yoast_head":"<!-- This site is optimized with the Yoast SEO plugin v17.6 - https:\/\/yoast.com\/wordpress\/plugins\/seo\/ -->\n<title>Abastecimiento de agua potable - Ambipar. A l\u00edder em gest\u00e3o ambiental.<\/title>\n<meta name=\"robots\" content=\"index, follow, max-snippet:-1, max-image-preview:large, max-video-preview:-1\" \/>\n<link rel=\"canonical\" href=\"https:\/\/ambipar.com\/latam\/ambipar-environment-2\/abastecimiento-de-agua-potable\/\" \/>\n<meta property=\"og:locale\" content=\"es_ES\" \/>\n<meta property=\"og:type\" content=\"article\" \/>\n<meta property=\"og:title\" content=\"Abastecimiento de agua potable - Ambipar. A l\u00edder em gest\u00e3o ambiental.\" \/>\n<meta property=\"og:description\" content=\"Abastecimiento de agua potable es un sistema por medio del cual acercamos agua potable hasta aquellos lugares que necesiten contar con su abastecimiento. Para llevar a cabo este servicio, nos hemos regido por altos est\u00e1ndares de calidad, lo que nos permite contar, tanto en nuestras operaciones como la manipulaci\u00f3n de nuestros productos, con prestaciones responsables,... Ver art\u00edculo\" \/>\n<meta property=\"og:url\" content=\"https:\/\/ambipar.com\/latam\/ambipar-environment-2\/abastecimiento-de-agua-potable\/\" \/>\n<meta property=\"og:site_name\" content=\"Ambipar. A l\u00edder em gest\u00e3o ambiental.\" \/>\n<meta property=\"article:modified_time\" content=\"2023-04-11T13:57:58+00:00\" \/>\n<meta property=\"og:image\" content=\"https:\/\/ambipar.com\/latam\/wp-content\/uploads\/2023\/04\/iStock-182727679-1.jpg\" \/>\n\t<meta property=\"og:image:width\" content=\"836\" \/>\n\t<meta property=\"og:image:height\" content=\"1254\" \/>\n<meta name=\"twitter:card\" content=\"summary_large_image\" \/>\n<meta name=\"twitter:label1\" content=\"Est. reading time\" \/>\n\t<meta name=\"twitter:data1\" content=\"2 minutos\" \/>\n<script type=\"application\/ld+json\" class=\"yoast-schema-graph\">{\"@context\":\"https:\/\/schema.org\",\"@graph\":[{\"@type\":\"Organization\",\"@id\":\"https:\/\/ambipar.com\/latam\/#organization\",\"name\":\"Ambipar\",\"url\":\"https:\/\/ambipar.com\/latam\/\",\"sameAs\":[],\"logo\":{\"@type\":\"ImageObject\",\"@id\":\"https:\/\/ambipar.com\/latam\/#logo\",\"inLanguage\":\"es-CL\",\"url\":\"https:\/\/ambipar.com\/latam\/wp-content\/uploads\/2020\/10\/ambipar_color.png\",\"contentUrl\":\"https:\/\/ambipar.com\/latam\/wp-content\/uploads\/2020\/10\/ambipar_color.png\",\"width\":174,\"height\":107,\"caption\":\"Ambipar\"},\"image\":{\"@id\":\"https:\/\/ambipar.com\/latam\/#logo\"}},{\"@type\":\"WebSite\",\"@id\":\"https:\/\/ambipar.com\/latam\/#website\",\"url\":\"https:\/\/ambipar.com\/latam\/\",\"name\":\"Ambipar. A l\\u00edder em gest\\u00e3o ambiental.\",\"description\":\"Pioneira em solu\\u00e7\\u00f5es ambientais, a Ambipar atua em todo o territ\\u00f3rio nacional oferecendo solu\\u00e7\\u00f5es integradas para toda a cadeia de neg\\u00f3cio.\",\"publisher\":{\"@id\":\"https:\/\/ambipar.com\/latam\/#organization\"},\"potentialAction\":[{\"@type\":\"SearchAction\",\"target\":{\"@type\":\"EntryPoint\",\"urlTemplate\":\"https:\/\/ambipar.com\/latam\/?s={search_term_string}\"},\"query-input\":\"required name=search_term_string\"}],\"inLanguage\":\"es-CL\"},{\"@type\":\"ImageObject\",\"@id\":\"https:\/\/ambipar.com\/latam\/ambipar-environment-2\/abastecimiento-de-agua-potable\/#primaryimage\",\"inLanguage\":\"es-CL\",\"url\":\"https:\/\/ambipar.com\/latam\/wp-content\/uploads\/2023\/04\/iStock-182727679-1.jpg\",\"contentUrl\":\"https:\/\/ambipar.com\/latam\/wp-content\/uploads\/2023\/04\/iStock-182727679-1.jpg\",\"width\":836,\"height\":1254,\"caption\":\"Abastecimiento de agua potable\"},{\"@type\":\"WebPage\",\"@id\":\"https:\/\/ambipar.com\/latam\/ambipar-environment-2\/abastecimiento-de-agua-potable\/#webpage\",\"url\":\"https:\/\/ambipar.com\/latam\/ambipar-environment-2\/abastecimiento-de-agua-potable\/\",\"name\":\"Abastecimiento de agua potable - Ambipar. A l\\u00edder em gest\\u00e3o ambiental.\",\"isPartOf\":{\"@id\":\"https:\/\/ambipar.com\/latam\/#website\"},\"primaryImageOfPage\":{\"@id\":\"https:\/\/ambipar.com\/latam\/ambipar-environment-2\/abastecimiento-de-agua-potable\/#primaryimage\"},\"datePublished\":\"2023-04-11T13:57:00+00:00\",\"dateModified\":\"2023-04-11T13:57:58+00:00\",\"breadcrumb\":{\"@id\":\"https:\/\/ambipar.com\/latam\/ambipar-environment-2\/abastecimiento-de-agua-potable\/#breadcrumb\"},\"inLanguage\":\"es-CL\",\"potentialAction\":[{\"@type\":\"ReadAction\",\"target\":[\"https:\/\/ambipar.com\/latam\/ambipar-environment-2\/abastecimiento-de-agua-potable\/\"]}]},{\"@type\":\"BreadcrumbList\",\"@id\":\"https:\/\/ambipar.com\/latam\/ambipar-environment-2\/abastecimiento-de-agua-potable\/#breadcrumb\",\"itemListElement\":[{\"@type\":\"ListItem\",\"position\":1,\"name\":\"Home\",\"item\":\"https:\/\/ambipar.com\/latam\/\"},{\"@type\":\"ListItem\",\"position\":2,\"name\":\"Ambipar Environment\",\"item\":\"https:\/\/ambipar.com\/latam\/ambipar-environment-2\/\"},{\"@type\":\"ListItem\",\"position\":3,\"name\":\"Abastecimiento de agua potable\"}]}]}<\/script>\n<!-- \/ Yoast SEO plugin. -->","yoast_head_json":{"title":"Abastecimiento de agua potable - Ambipar. A l\u00edder em gest\u00e3o ambiental.","robots":{"index":"index","follow":"follow","max-snippet":"max-snippet:-1","max-image-preview":"max-image-preview:large","max-video-preview":"max-video-preview:-1"},"canonical":"https:\/\/ambipar.com\/latam\/ambipar-environment-2\/abastecimiento-de-agua-potable\/","og_locale":"es_ES","og_type":"article","og_title":"Abastecimiento de agua potable - Ambipar. A l\u00edder em gest\u00e3o ambiental.","og_description":"Abastecimiento de agua potable es un sistema por medio del cual acercamos agua potable hasta aquellos lugares que necesiten contar con su abastecimiento. Para llevar a cabo este servicio, nos hemos regido por altos est\u00e1ndares de calidad, lo que nos permite contar, tanto en nuestras operaciones como la manipulaci\u00f3n de nuestros productos, con prestaciones responsables,... Ver art\u00edculo","og_url":"https:\/\/ambipar.com\/latam\/ambipar-environment-2\/abastecimiento-de-agua-potable\/","og_site_name":"Ambipar. A l\u00edder em gest\u00e3o ambiental.","article_modified_time":"2023-04-11T13:57:58+00:00","og_image":[{"width":836,"height":1254,"url":"https:\/\/ambipar.com\/latam\/wp-content\/uploads\/2023\/04\/iStock-182727679-1.jpg","type":"image\/jpeg"}],"twitter_card":"summary_large_image","twitter_misc":{"Est. reading time":"2 minutos"},"schema":{"@context":"https:\/\/schema.org","@graph":[{"@type":"Organization","@id":"https:\/\/ambipar.com\/latam\/#organization","name":"Ambipar","url":"https:\/\/ambipar.com\/latam\/","sameAs":[],"logo":{"@type":"ImageObject","@id":"https:\/\/ambipar.com\/latam\/#logo","inLanguage":"es-CL","url":"https:\/\/ambipar.com\/latam\/wp-content\/uploads\/2020\/10\/ambipar_color.png","contentUrl":"https:\/\/ambipar.com\/latam\/wp-content\/uploads\/2020\/10\/ambipar_color.png","width":174,"height":107,"caption":"Ambipar"},"image":{"@id":"https:\/\/ambipar.com\/latam\/#logo"}},{"@type":"WebSite","@id":"https:\/\/ambipar.com\/latam\/#website","url":"https:\/\/ambipar.com\/latam\/","name":"Ambipar. A l\u00edder em gest\u00e3o ambiental.","description":"Pioneira em solu\u00e7\u00f5es ambientais, a Ambipar atua em todo o territ\u00f3rio nacional oferecendo solu\u00e7\u00f5es integradas para toda a cadeia de neg\u00f3cio.","publisher":{"@id":"https:\/\/ambipar.com\/latam\/#organization"},"potentialAction":[{"@type":"SearchAction","target":{"@type":"EntryPoint","urlTemplate":"https:\/\/ambipar.com\/latam\/?s={search_term_string}"},"query-input":"required name=search_term_string"}],"inLanguage":"es-CL"},{"@type":"ImageObject","@id":"https:\/\/ambipar.com\/latam\/ambipar-environment-2\/abastecimiento-de-agua-potable\/#primaryimage","inLanguage":"es-CL","url":"https:\/\/ambipar.com\/latam\/wp-content\/uploads\/2023\/04\/iStock-182727679-1.jpg","contentUrl":"https:\/\/ambipar.com\/latam\/wp-content\/uploads\/2023\/04\/iStock-182727679-1.jpg","width":836,"height":1254,"caption":"Abastecimiento de agua potable"},{"@type":"WebPage","@id":"https:\/\/ambipar.com\/latam\/ambipar-environment-2\/abastecimiento-de-agua-potable\/#webpage","url":"https:\/\/ambipar.com\/latam\/ambipar-environment-2\/abastecimiento-de-agua-potable\/","name":"Abastecimiento de agua potable - Ambipar. A l\u00edder em gest\u00e3o ambiental.","isPartOf":{"@id":"https:\/\/ambipar.com\/latam\/#website"},"primaryImageOfPage":{"@id":"https:\/\/ambipar.com\/latam\/ambipar-environment-2\/abastecimiento-de-agua-potable\/#primaryimage"},"datePublished":"2023-04-11T13:57:00+00:00","dateModified":"2023-04-11T13:57:58+00:00","breadcrumb":{"@id":"https:\/\/ambipar.com\/latam\/ambipar-environment-2\/abastecimiento-de-agua-potable\/#breadcrumb"},"inLanguage":"es-CL","potentialAction":[{"@type":"ReadAction","target":["https:\/\/ambipar.com\/latam\/ambipar-environment-2\/abastecimiento-de-agua-potable\/"]}]},{"@type":"BreadcrumbList","@id":"https:\/\/ambipar.com\/latam\/ambipar-environment-2\/abastecimiento-de-agua-potable\/#breadcrumb","itemListElement":[{"@type":"ListItem","position":1,"name":"Home","item":"https:\/\/ambipar.com\/latam\/"},{"@type":"ListItem","position":2,"name":"Ambipar Environment","item":"https:\/\/ambipar.com\/latam\/ambipar-environment-2\/"},{"@type":"ListItem","position":3,"name":"Abastecimiento de agua potable"}]}]}},"_links":{"self":[{"href":"https:\/\/ambipar.com\/latam\/wp-json\/wp\/v2\/pages\/5080"}],"collection":[{"href":"https:\/\/ambipar.com\/latam\/wp-json\/wp\/v2\/pages"}],"about":[{"href":"https:\/\/ambipar.com\/latam\/wp-json\/wp\/v2\/types\/page"}],"author":[{"embeddable":true,"href":"https:\/\/ambipar.com\/latam\/wp-json\/wp\/v2\/users\/4"}],"replies":[{"embeddable":true,"href":"https:\/\/ambipar.com\/latam\/wp-json\/wp\/v2\/comments?post=5080"}],"version-history":[{"count":1,"href":"https:\/\/ambipar.com\/latam\/wp-json\/wp\/v2\/pages\/5080\/revisions"}],"predecessor-version":[{"id":5082,"href":"https:\/\/ambipar.com\/latam\/wp-json\/wp\/v2\/pages\/5080\/revisions\/5082"}],"up":[{"embeddable":true,"href":"https:\/\/ambipar.com\/latam\/wp-json\/wp\/v2\/pages\/1060"}],"wp:featuredmedia":[{"embeddable":true,"href":"https:\/\/ambipar.com\/latam\/wp-json\/wp\/v2\/media\/5081"}],"wp:attachment":[{"href":"https:\/\/ambipar.com\/latam\/wp-json\/wp\/v2\/media?parent=5080"}],"curies":[{"name":"wp","href":"https:\/\/api.w.org\/{rel}","templated":true}]}}