{"id":5093,"date":"2023-04-13T11:38:30","date_gmt":"2023-04-13T15:38:30","guid":{"rendered":"https:\/\/ambipar.com\/latam\/?page_id=5093"},"modified":"2023-04-13T11:39:02","modified_gmt":"2023-04-13T15:39:02","slug":"lavamanos-portatiles","status":"publish","type":"page","link":"https:\/\/ambipar.com\/latam\/ambipar-environment-2\/lavamanos-portatiles\/","title":{"rendered":"Lavamanos Port\u00e1tiles"},"content":{"rendered":"\n<p><strong>Lavafondos<\/strong><\/p>\n\n\n\n<p>Lavamanos port\u00e1til en acero inoxidable que puede ser conectado a la red de agua o a un estanque de agua potable.<\/p>\n\n\n\n<p>Especialmente para eventos en donde permite lavar utensilios que se utilizar\u00e1n durante la jornada, como por ejemplo lavar lozas.<\/p>\n\n\n\n<p>Se puede conectar a un alcantarillado si est\u00e1 disponible o conectar a un estanque de residuos. Se ofrece el servicio de toda la conexi\u00f3n.<\/p>\n\n\n\n<p><strong>Lavamanos Agr\u00edcolas<\/strong><\/p>\n\n\n\n<p>Este lavamanos port\u00e1til es un modelo especial para la agricultura, ya que permite su traslado mientras avanza la faena.<\/p>\n\n\n\n<p>Permite 320 usos con estanque lleno.<\/p>\n\n\n\n<p><strong>Lavamanos Port\u00e1til Doble<\/strong><\/p>\n\n\n\n<p>El lavamanos port\u00e1til doble posee una bomba de pie, dos llaves para el lavatorio y dispensador de jab\u00f3n l\u00edquido. Contiene una plataforma m\u00f3vil para facilitar su traslado.<\/p>\n\n\n\n<p>Es un lavamanos aut\u00f3nomo que cuenta con un estanque propio que provee un sistema de agua potable y residuos.<\/p>\n\n\n\n<p>Permite 680 usos con estanque lleno.<\/p>\n\n\n\n<p><strong>Lavamanos Port\u00e1til Doble 90 lts.<\/strong><\/p>\n\n\n\n<p>Lavamanos port\u00e1til aut\u00f3nomo de dos estaciones con dise\u00f1o compacto que permite moverlo con facilidad.<br>Fabricados 100% en polietileno virgen.<\/p>\n\n\n\n<p>Cuenta con un estanque propio que provee un sistema aut\u00f3nomo de agua potable y residuos de 90 lts. cada uno.<\/p>\n\n\n\n<p>Permite 360 usos con estanque lleno.<\/p>\n\n\n\n<p><strong>Lavamanos Port\u00e1til Doble 140 lts.<\/strong><\/p>\n\n\n\n<p>Es un lavamanos port\u00e1til aut\u00f3nomo que posee una bomba de pie, dos llaves para lavatorio y dispensador de jab\u00f3n l\u00edquido.<\/p>\n\n\n\n<p>Es especial para establecimientos p\u00fablicos que requieren lavamanos para desinfecci\u00f3n de manos por prevenci\u00f3n de contagio de COVID-19.<\/p>\n\n\n\n<p>Cuenta con un estanque propio que provee un sistema aut\u00f3nomo de agua potable y residuos de 140 lts. cada uno.<\/p>\n\n\n\n<p>Lavamanos port\u00e1til acero inoxidable especial para construcciones, industrias, miner\u00eda, agricultura y eventos.<\/p>\n\n\n\n<p>Permite 560 usos con estanque lleno.<\/p>\n\n\n\n<p><strong>Lavamanos Port\u00e1til Doble con Plataforma<\/strong><\/p>\n\n\n\n<p>Lavamanos port\u00e1til que posee una bomba de pie, dos llaves para lavatorio y dispensador de jab\u00f3n l\u00edquido. Est\u00e1 montado sobre una plataforma tipo pallet.<\/p>\n\n\n\n<p>Cuenta con un estanque propio que provee un sistema aut\u00f3nomo de agua potable y residuos de 60 lts. cada uno.<\/p>\n\n\n\n<p>Permite 240 usos con estanque lleno.<\/p>\n","protected":false},"excerpt":{"rendered":"Lavafondos Lavamanos port\u00e1til en acero inoxidable que puede ser conectado a la red de agua o a un estanque de agua potable. Especialmente para eventos en donde permite lavar utensilios que se utilizar\u00e1n durante la jornada, como por ejemplo lavar lozas. Se puede conectar a un alcantarillado si est\u00e1 disponible o conectar a un estanque&#8230; <a class=\"view-article\" href=\"https:\/\/ambipar.com\/latam\/ambipar-environment-2\/lavamanos-portatiles\/\">Ver art\u00edculo<\/a>","protected":false},"author":4,"featured_media":5094,"parent":1060,"menu_order":0,"comment_status":"closed","ping_status":"closed","template":"single-servicos-full.php","meta":[],"yoast_head":"<!-- This site is optimized with the Yoast SEO plugin v17.6 - https:\/\/yoast.com\/wordpress\/plugins\/seo\/ -->\n<title>Lavamanos Port\u00e1tiles - Ambipar. A l\u00edder em gest\u00e3o ambiental.<\/title>\n<meta name=\"description\" content=\"Ambipar ofrece lavamanos port\u00e1tiles para facilitar el acceso a este tipo de instalaciones en zonas remotas.\" \/>\n<meta name=\"robots\" content=\"index, follow, max-snippet:-1, max-image-preview:large, max-video-preview:-1\" \/>\n<link rel=\"canonical\" href=\"https:\/\/ambipar.com\/latam\/ambipar-environment-2\/lavamanos-portatiles\/\" \/>\n<meta property=\"og:locale\" content=\"es_ES\" \/>\n<meta property=\"og:type\" content=\"article\" \/>\n<meta property=\"og:title\" content=\"Lavamanos Port\u00e1tiles - Ambipar. A l\u00edder em gest\u00e3o ambiental.\" \/>\n<meta property=\"og:description\" content=\"Ambipar ofrece lavamanos port\u00e1tiles para facilitar el acceso a este tipo de instalaciones en zonas remotas.\" \/>\n<meta property=\"og:url\" content=\"https:\/\/ambipar.com\/latam\/ambipar-environment-2\/lavamanos-portatiles\/\" \/>\n<meta property=\"og:site_name\" content=\"Ambipar. A l\u00edder em gest\u00e3o ambiental.\" \/>\n<meta property=\"article:modified_time\" content=\"2023-04-13T15:39:02+00:00\" \/>\n<meta property=\"og:image\" content=\"https:\/\/ambipar.com\/latam\/wp-content\/uploads\/2023\/04\/iStock-1154091174-1.jpg\" \/>\n\t<meta property=\"og:image:width\" content=\"1254\" \/>\n\t<meta property=\"og:image:height\" content=\"836\" \/>\n<meta name=\"twitter:card\" content=\"summary_large_image\" \/>\n<meta name=\"twitter:label1\" content=\"Est. reading time\" \/>\n\t<meta name=\"twitter:data1\" content=\"2 minutos\" \/>\n<script type=\"application\/ld+json\" class=\"yoast-schema-graph\">{\"@context\":\"https:\/\/schema.org\",\"@graph\":[{\"@type\":\"Organization\",\"@id\":\"https:\/\/ambipar.com\/latam\/#organization\",\"name\":\"Ambipar\",\"url\":\"https:\/\/ambipar.com\/latam\/\",\"sameAs\":[],\"logo\":{\"@type\":\"ImageObject\",\"@id\":\"https:\/\/ambipar.com\/latam\/#logo\",\"inLanguage\":\"es-CL\",\"url\":\"https:\/\/ambipar.com\/latam\/wp-content\/uploads\/2020\/10\/ambipar_color.png\",\"contentUrl\":\"https:\/\/ambipar.com\/latam\/wp-content\/uploads\/2020\/10\/ambipar_color.png\",\"width\":174,\"height\":107,\"caption\":\"Ambipar\"},\"image\":{\"@id\":\"https:\/\/ambipar.com\/latam\/#logo\"}},{\"@type\":\"WebSite\",\"@id\":\"https:\/\/ambipar.com\/latam\/#website\",\"url\":\"https:\/\/ambipar.com\/latam\/\",\"name\":\"Ambipar. A l\\u00edder em gest\\u00e3o ambiental.\",\"description\":\"Pioneira em solu\\u00e7\\u00f5es ambientais, a Ambipar atua em todo o territ\\u00f3rio nacional oferecendo solu\\u00e7\\u00f5es integradas para toda a cadeia de neg\\u00f3cio.\",\"publisher\":{\"@id\":\"https:\/\/ambipar.com\/latam\/#organization\"},\"potentialAction\":[{\"@type\":\"SearchAction\",\"target\":{\"@type\":\"EntryPoint\",\"urlTemplate\":\"https:\/\/ambipar.com\/latam\/?s={search_term_string}\"},\"query-input\":\"required name=search_term_string\"}],\"inLanguage\":\"es-CL\"},{\"@type\":\"ImageObject\",\"@id\":\"https:\/\/ambipar.com\/latam\/ambipar-environment-2\/lavamanos-portatiles\/#primaryimage\",\"inLanguage\":\"es-CL\",\"url\":\"https:\/\/ambipar.com\/latam\/wp-content\/uploads\/2023\/04\/iStock-1154091174-1.jpg\",\"contentUrl\":\"https:\/\/ambipar.com\/latam\/wp-content\/uploads\/2023\/04\/iStock-1154091174-1.jpg\",\"width\":1254,\"height\":836,\"caption\":\"Lavamanos Port\\u00e1tiles\"},{\"@type\":\"WebPage\",\"@id\":\"https:\/\/ambipar.com\/latam\/ambipar-environment-2\/lavamanos-portatiles\/#webpage\",\"url\":\"https:\/\/ambipar.com\/latam\/ambipar-environment-2\/lavamanos-portatiles\/\",\"name\":\"Lavamanos Port\\u00e1tiles - Ambipar. A l\\u00edder em gest\\u00e3o ambiental.\",\"isPartOf\":{\"@id\":\"https:\/\/ambipar.com\/latam\/#website\"},\"primaryImageOfPage\":{\"@id\":\"https:\/\/ambipar.com\/latam\/ambipar-environment-2\/lavamanos-portatiles\/#primaryimage\"},\"datePublished\":\"2023-04-13T15:38:30+00:00\",\"dateModified\":\"2023-04-13T15:39:02+00:00\",\"description\":\"Ambipar ofrece lavamanos port\\u00e1tiles para facilitar el acceso a este tipo de instalaciones en zonas remotas.\",\"breadcrumb\":{\"@id\":\"https:\/\/ambipar.com\/latam\/ambipar-environment-2\/lavamanos-portatiles\/#breadcrumb\"},\"inLanguage\":\"es-CL\",\"potentialAction\":[{\"@type\":\"ReadAction\",\"target\":[\"https:\/\/ambipar.com\/latam\/ambipar-environment-2\/lavamanos-portatiles\/\"]}]},{\"@type\":\"BreadcrumbList\",\"@id\":\"https:\/\/ambipar.com\/latam\/ambipar-environment-2\/lavamanos-portatiles\/#breadcrumb\",\"itemListElement\":[{\"@type\":\"ListItem\",\"position\":1,\"name\":\"Home\",\"item\":\"https:\/\/ambipar.com\/latam\/\"},{\"@type\":\"ListItem\",\"position\":2,\"name\":\"Ambipar Environment\",\"item\":\"https:\/\/ambipar.com\/latam\/ambipar-environment-2\/\"},{\"@type\":\"ListItem\",\"position\":3,\"name\":\"Lavamanos Port\\u00e1tiles\"}]}]}<\/script>\n<!-- \/ Yoast SEO plugin. -->","yoast_head_json":{"title":"Lavamanos Port\u00e1tiles - Ambipar. A l\u00edder em gest\u00e3o ambiental.","description":"Ambipar ofrece lavamanos port\u00e1tiles para facilitar el acceso a este tipo de instalaciones en zonas remotas.","robots":{"index":"index","follow":"follow","max-snippet":"max-snippet:-1","max-image-preview":"max-image-preview:large","max-video-preview":"max-video-preview:-1"},"canonical":"https:\/\/ambipar.com\/latam\/ambipar-environment-2\/lavamanos-portatiles\/","og_locale":"es_ES","og_type":"article","og_title":"Lavamanos Port\u00e1tiles - Ambipar. A l\u00edder em gest\u00e3o ambiental.","og_description":"Ambipar ofrece lavamanos port\u00e1tiles para facilitar el acceso a este tipo de instalaciones en zonas remotas.","og_url":"https:\/\/ambipar.com\/latam\/ambipar-environment-2\/lavamanos-portatiles\/","og_site_name":"Ambipar. A l\u00edder em gest\u00e3o ambiental.","article_modified_time":"2023-04-13T15:39:02+00:00","og_image":[{"width":1254,"height":836,"url":"https:\/\/ambipar.com\/latam\/wp-content\/uploads\/2023\/04\/iStock-1154091174-1.jpg","type":"image\/jpeg"}],"twitter_card":"summary_large_image","twitter_misc":{"Est. reading time":"2 minutos"},"schema":{"@context":"https:\/\/schema.org","@graph":[{"@type":"Organization","@id":"https:\/\/ambipar.com\/latam\/#organization","name":"Ambipar","url":"https:\/\/ambipar.com\/latam\/","sameAs":[],"logo":{"@type":"ImageObject","@id":"https:\/\/ambipar.com\/latam\/#logo","inLanguage":"es-CL","url":"https:\/\/ambipar.com\/latam\/wp-content\/uploads\/2020\/10\/ambipar_color.png","contentUrl":"https:\/\/ambipar.com\/latam\/wp-content\/uploads\/2020\/10\/ambipar_color.png","width":174,"height":107,"caption":"Ambipar"},"image":{"@id":"https:\/\/ambipar.com\/latam\/#logo"}},{"@type":"WebSite","@id":"https:\/\/ambipar.com\/latam\/#website","url":"https:\/\/ambipar.com\/latam\/","name":"Ambipar. A l\u00edder em gest\u00e3o ambiental.","description":"Pioneira em solu\u00e7\u00f5es ambientais, a Ambipar atua em todo o territ\u00f3rio nacional oferecendo solu\u00e7\u00f5es integradas para toda a cadeia de neg\u00f3cio.","publisher":{"@id":"https:\/\/ambipar.com\/latam\/#organization"},"potentialAction":[{"@type":"SearchAction","target":{"@type":"EntryPoint","urlTemplate":"https:\/\/ambipar.com\/latam\/?s={search_term_string}"},"query-input":"required name=search_term_string"}],"inLanguage":"es-CL"},{"@type":"ImageObject","@id":"https:\/\/ambipar.com\/latam\/ambipar-environment-2\/lavamanos-portatiles\/#primaryimage","inLanguage":"es-CL","url":"https:\/\/ambipar.com\/latam\/wp-content\/uploads\/2023\/04\/iStock-1154091174-1.jpg","contentUrl":"https:\/\/ambipar.com\/latam\/wp-content\/uploads\/2023\/04\/iStock-1154091174-1.jpg","width":1254,"height":836,"caption":"Lavamanos Port\u00e1tiles"},{"@type":"WebPage","@id":"https:\/\/ambipar.com\/latam\/ambipar-environment-2\/lavamanos-portatiles\/#webpage","url":"https:\/\/ambipar.com\/latam\/ambipar-environment-2\/lavamanos-portatiles\/","name":"Lavamanos Port\u00e1tiles - Ambipar. A l\u00edder em gest\u00e3o ambiental.","isPartOf":{"@id":"https:\/\/ambipar.com\/latam\/#website"},"primaryImageOfPage":{"@id":"https:\/\/ambipar.com\/latam\/ambipar-environment-2\/lavamanos-portatiles\/#primaryimage"},"datePublished":"2023-04-13T15:38:30+00:00","dateModified":"2023-04-13T15:39:02+00:00","description":"Ambipar ofrece lavamanos port\u00e1tiles para facilitar el acceso a este tipo de instalaciones en zonas remotas.","breadcrumb":{"@id":"https:\/\/ambipar.com\/latam\/ambipar-environment-2\/lavamanos-portatiles\/#breadcrumb"},"inLanguage":"es-CL","potentialAction":[{"@type":"ReadAction","target":["https:\/\/ambipar.com\/latam\/ambipar-environment-2\/lavamanos-portatiles\/"]}]},{"@type":"BreadcrumbList","@id":"https:\/\/ambipar.com\/latam\/ambipar-environment-2\/lavamanos-portatiles\/#breadcrumb","itemListElement":[{"@type":"ListItem","position":1,"name":"Home","item":"https:\/\/ambipar.com\/latam\/"},{"@type":"ListItem","position":2,"name":"Ambipar Environment","item":"https:\/\/ambipar.com\/latam\/ambipar-environment-2\/"},{"@type":"ListItem","position":3,"name":"Lavamanos Port\u00e1tiles"}]}]}},"_links":{"self":[{"href":"https:\/\/ambipar.com\/latam\/wp-json\/wp\/v2\/pages\/5093"}],"collection":[{"href":"https:\/\/ambipar.com\/latam\/wp-json\/wp\/v2\/pages"}],"about":[{"href":"https:\/\/ambipar.com\/latam\/wp-json\/wp\/v2\/types\/page"}],"author":[{"embeddable":true,"href":"https:\/\/ambipar.com\/latam\/wp-json\/wp\/v2\/users\/4"}],"replies":[{"embeddable":true,"href":"https:\/\/ambipar.com\/latam\/wp-json\/wp\/v2\/comments?post=5093"}],"version-history":[{"count":2,"href":"https:\/\/ambipar.com\/latam\/wp-json\/wp\/v2\/pages\/5093\/revisions"}],"predecessor-version":[{"id":5096,"href":"https:\/\/ambipar.com\/latam\/wp-json\/wp\/v2\/pages\/5093\/revisions\/5096"}],"up":[{"embeddable":true,"href":"https:\/\/ambipar.com\/latam\/wp-json\/wp\/v2\/pages\/1060"}],"wp:featuredmedia":[{"embeddable":true,"href":"https:\/\/ambipar.com\/latam\/wp-json\/wp\/v2\/media\/5094"}],"wp:attachment":[{"href":"https:\/\/ambipar.com\/latam\/wp-json\/wp\/v2\/media?parent=5093"}],"curies":[{"name":"wp","href":"https:\/\/api.w.org\/{rel}","templated":true}]}}