{"id":542,"date":"2020-10-29T07:09:00","date_gmt":"2020-10-29T10:09:00","guid":{"rendered":"https:\/\/ambipar.com\/latam\/?page_id=542"},"modified":"2021-01-05T21:10:39","modified_gmt":"2021-01-06T00:10:39","slug":"hazmat-nivel-primeiro-no-local","status":"publish","type":"page","link":"https:\/\/ambipar.com\/latam\/pt\/ambipar-response\/treinamentos\/hazmat\/hazmat-nivel-primeiro-no-local\/","title":{"rendered":"HAZMAT N\u00edvel Primeiro no local"},"content":{"rendered":"\n<p><strong>OBJETIVO: <\/strong><\/p>\n\n\n\n<p>Estabelecer os requisitos para as a\u00e7\u00f5es de seguran\u00e7a a serem adotadas pela primeira equipe de emerg\u00eancia a atender a ocorr\u00eancia envolvendo produtos qu\u00edmicos perigosos e tamb\u00e9m sobre os primeiros procedimentos a serem adotados para atender uma emerg\u00eancia envolvendo produtos qu\u00edmicos perigosos, isolamento, an\u00e1lise de cen\u00e1rio, planejamento de a\u00e7\u00f5es, resposta a ser adotada e avalia\u00e7\u00e3o das a\u00e7\u00f5es.<\/p>\n\n\n\n<p><strong>P\u00daBLICO ALVO:<\/strong> <\/p>\n\n\n\n<p>Profissionais dos setores de transporte, expedi\u00e7\u00e3o, tr\u00e1fego, QSMS, \u00f3rg\u00e3os p\u00fablicos ou demais setores que constituam a brigada de emerg\u00eancia da institui\u00e7\u00e3o.<\/p>\n\n\n\n<p><strong>CONTE\u00daDO PROGRAM\u00c1TICO: <\/strong><\/p>\n\n\n\n<ul><li>Reconhecer o cen\u00e1rio<\/li><li>Identificar os produtos envolvidos<\/li><li>Identificar a contamina\u00e7\u00e3o efetiva ou potencial do meio ambiente local<\/li><li>Identificar a&nbsp; exposi\u00e7\u00e3o efetiva ou potencial de pessoas<\/li><li>Sinalizar e isolar o local de acordo com as caracter\u00edsticas do produto<\/li><li>Acionar as equipes de emerg\u00eancia para apoio e interven\u00e7\u00e3o emergencial<\/li><\/ul>\n\n\n\n<p>CARGA HOR\u00c1RIA: 08 HORAS<\/p>\n\n\n\n<p>Conhe\u00e7a os demais m\u00f3dulos do curso HAZMAT:<\/p>\n\n\n\n<ul id=\"block-e08a69f3-3cd8-4edc-9635-108a8a483ec9\"><li><a href=\"https:\/\/ambipar.com\/latam\/ambipar-response\/treinamentos\/hazmat\/hazmat-nivel-operacoes\/\">HAZMAT N\u00edvel Opera\u00e7\u00f5es<\/a><\/li><li><a href=\"https:\/\/ambipar.com\/latam\/ambipar-response\/treinamentos\/hazmat\/hazmat-nivel-tecnico\/\">HAZMAT N\u00edvel T\u00e9cnico<\/a><\/li><li><a href=\"https:\/\/ambipar.com\/latam\/ambipar-response\/treinamentos\/hazmat\/hazmat-nivel-comando-ics\/\">HAZMAT N\u00edvel Comando ICS<\/a><\/li><li><a href=\"https:\/\/ambipar.com\/latam\/ambipar-response\/treinamentos\/hazmat\/hazmat-nivel-especialista\/\">HAZMAT N\u00edvel Especialista<\/a><\/li><\/ul>\n","protected":false},"excerpt":{"rendered":"OBJETIVO: Estabelecer os requisitos para as a\u00e7\u00f5es de seguran\u00e7a a serem adotadas pela primeira equipe de emerg\u00eancia a atender a ocorr\u00eancia envolvendo produtos qu\u00edmicos perigosos e tamb\u00e9m sobre os primeiros procedimentos a serem adotados para atender uma emerg\u00eancia envolvendo produtos qu\u00edmicos perigosos, isolamento, an\u00e1lise de cen\u00e1rio, planejamento de a\u00e7\u00f5es, resposta a ser adotada e avalia\u00e7\u00e3o&#8230; <a class=\"view-article\" href=\"https:\/\/ambipar.com\/latam\/pt\/ambipar-response\/treinamentos\/hazmat\/hazmat-nivel-primeiro-no-local\/\">Ver art\u00edculo<\/a>","protected":false},"author":2,"featured_media":536,"parent":535,"menu_order":0,"comment_status":"closed","ping_status":"closed","template":"single-servicos.php","meta":[],"yoast_head":"<!-- This site is optimized with the Yoast SEO plugin v17.6 - https:\/\/yoast.com\/wordpress\/plugins\/seo\/ -->\n<title>Conhe\u00e7a HAZMAT N\u00edvel Primeiro no local oferecido pela Ambipar<\/title>\n<meta name=\"description\" content=\"OBJETIVO: Estabelecer os requisitos para as a\u00e7\u00f5es de seguran\u00e7a a serem adotadas pela primeira equipe de emerg\u00eancia a atender a ocorr\u00eancia\" \/>\n<meta name=\"robots\" content=\"index, follow, max-snippet:-1, max-image-preview:large, max-video-preview:-1\" \/>\n<link rel=\"canonical\" href=\"https:\/\/ambipar.com\/latam\/pt\/ambipar-response\/treinamentos\/hazmat\/hazmat-nivel-primeiro-no-local\/\" \/>\n<meta property=\"og:locale\" content=\"es_ES\" \/>\n<meta property=\"og:type\" content=\"article\" \/>\n<meta property=\"og:title\" content=\"Conhe\u00e7a HAZMAT N\u00edvel Primeiro no local oferecido pela Ambipar\" \/>\n<meta property=\"og:description\" content=\"OBJETIVO: Estabelecer os requisitos para as a\u00e7\u00f5es de seguran\u00e7a a serem adotadas pela primeira equipe de emerg\u00eancia a atender a ocorr\u00eancia\" \/>\n<meta property=\"og:url\" content=\"https:\/\/ambipar.com\/latam\/pt\/ambipar-response\/treinamentos\/hazmat\/hazmat-nivel-primeiro-no-local\/\" \/>\n<meta property=\"og:site_name\" content=\"Ambipar. A l\u00edder em gest\u00e3o ambiental.\" \/>\n<meta property=\"article:modified_time\" content=\"2021-01-06T00:10:39+00:00\" \/>\n<meta property=\"og:image\" content=\"https:\/\/ambipar.com\/latam\/wp-content\/uploads\/2020\/10\/HAZMAT.jpg\" \/>\n\t<meta property=\"og:image:width\" content=\"1004\" \/>\n\t<meta property=\"og:image:height\" content=\"1000\" \/>\n<meta name=\"twitter:card\" content=\"summary_large_image\" \/>\n<meta name=\"twitter:label1\" content=\"Est. reading time\" \/>\n\t<meta name=\"twitter:data1\" content=\"1 minuto\" \/>\n<script type=\"application\/ld+json\" class=\"yoast-schema-graph\">{\"@context\":\"https:\/\/schema.org\",\"@graph\":[{\"@type\":\"Organization\",\"@id\":\"https:\/\/ambipar.com\/latam\/#organization\",\"name\":\"Ambipar\",\"url\":\"https:\/\/ambipar.com\/latam\/\",\"sameAs\":[],\"logo\":{\"@type\":\"ImageObject\",\"@id\":\"https:\/\/ambipar.com\/latam\/#logo\",\"inLanguage\":\"es-CL\",\"url\":\"https:\/\/ambipar.com\/latam\/wp-content\/uploads\/2020\/10\/ambipar_color.png\",\"contentUrl\":\"https:\/\/ambipar.com\/latam\/wp-content\/uploads\/2020\/10\/ambipar_color.png\",\"width\":174,\"height\":107,\"caption\":\"Ambipar\"},\"image\":{\"@id\":\"https:\/\/ambipar.com\/latam\/#logo\"}},{\"@type\":\"WebSite\",\"@id\":\"https:\/\/ambipar.com\/latam\/#website\",\"url\":\"https:\/\/ambipar.com\/latam\/\",\"name\":\"Ambipar. A l\\u00edder em gest\\u00e3o ambiental.\",\"description\":\"Pioneira em solu\\u00e7\\u00f5es ambientais, a Ambipar atua em todo o territ\\u00f3rio nacional oferecendo solu\\u00e7\\u00f5es integradas para toda a cadeia de neg\\u00f3cio.\",\"publisher\":{\"@id\":\"https:\/\/ambipar.com\/latam\/#organization\"},\"potentialAction\":[{\"@type\":\"SearchAction\",\"target\":{\"@type\":\"EntryPoint\",\"urlTemplate\":\"https:\/\/ambipar.com\/latam\/?s={search_term_string}\"},\"query-input\":\"required name=search_term_string\"}],\"inLanguage\":\"es-CL\"},{\"@type\":\"ImageObject\",\"@id\":\"https:\/\/ambipar.com\/latam\/pt\/ambipar-response\/treinamentos\/hazmat\/hazmat-nivel-primeiro-no-local\/#primaryimage\",\"inLanguage\":\"es-CL\",\"url\":\"https:\/\/ambipar.com\/latam\/wp-content\/uploads\/2020\/10\/HAZMAT.jpg\",\"contentUrl\":\"https:\/\/ambipar.com\/latam\/wp-content\/uploads\/2020\/10\/HAZMAT.jpg\",\"width\":1004,\"height\":1000,\"caption\":\"HAZMAT\"},{\"@type\":\"WebPage\",\"@id\":\"https:\/\/ambipar.com\/latam\/pt\/ambipar-response\/treinamentos\/hazmat\/hazmat-nivel-primeiro-no-local\/#webpage\",\"url\":\"https:\/\/ambipar.com\/latam\/pt\/ambipar-response\/treinamentos\/hazmat\/hazmat-nivel-primeiro-no-local\/\",\"name\":\"Conhe\\u00e7a HAZMAT N\\u00edvel Primeiro no local oferecido pela Ambipar\",\"isPartOf\":{\"@id\":\"https:\/\/ambipar.com\/latam\/#website\"},\"primaryImageOfPage\":{\"@id\":\"https:\/\/ambipar.com\/latam\/pt\/ambipar-response\/treinamentos\/hazmat\/hazmat-nivel-primeiro-no-local\/#primaryimage\"},\"datePublished\":\"2020-10-29T10:09:00+00:00\",\"dateModified\":\"2021-01-06T00:10:39+00:00\",\"description\":\"OBJETIVO: Estabelecer os requisitos para as a\\u00e7\\u00f5es de seguran\\u00e7a a serem adotadas pela primeira equipe de emerg\\u00eancia a atender a ocorr\\u00eancia\",\"breadcrumb\":{\"@id\":\"https:\/\/ambipar.com\/latam\/pt\/ambipar-response\/treinamentos\/hazmat\/hazmat-nivel-primeiro-no-local\/#breadcrumb\"},\"inLanguage\":\"es-CL\",\"potentialAction\":[{\"@type\":\"ReadAction\",\"target\":[\"https:\/\/ambipar.com\/latam\/pt\/ambipar-response\/treinamentos\/hazmat\/hazmat-nivel-primeiro-no-local\/\"]}]},{\"@type\":\"BreadcrumbList\",\"@id\":\"https:\/\/ambipar.com\/latam\/pt\/ambipar-response\/treinamentos\/hazmat\/hazmat-nivel-primeiro-no-local\/#breadcrumb\",\"itemListElement\":[{\"@type\":\"ListItem\",\"position\":1,\"name\":\"Home\",\"item\":\"https:\/\/ambipar.com\/latam\/\"},{\"@type\":\"ListItem\",\"position\":2,\"name\":\"Ambipar Response\",\"item\":\"https:\/\/ambipar.com\/latam\/pt\/ambipar-response\/\"},{\"@type\":\"ListItem\",\"position\":3,\"name\":\"Treinamentos\",\"item\":\"https:\/\/ambipar.com\/latam\/pt\/ambipar-response\/treinamentos\/\"},{\"@type\":\"ListItem\",\"position\":4,\"name\":\"HAZMAT\",\"item\":\"https:\/\/ambipar.com\/latam\/pt\/ambipar-response\/treinamentos\/hazmat\/\"},{\"@type\":\"ListItem\",\"position\":5,\"name\":\"HAZMAT N\\u00edvel Primeiro no local\"}]}]}<\/script>\n<!-- \/ Yoast SEO plugin. -->","yoast_head_json":{"title":"Conhe\u00e7a HAZMAT N\u00edvel Primeiro no local oferecido pela Ambipar","description":"OBJETIVO: Estabelecer os requisitos para as a\u00e7\u00f5es de seguran\u00e7a a serem adotadas pela primeira equipe de emerg\u00eancia a atender a ocorr\u00eancia","robots":{"index":"index","follow":"follow","max-snippet":"max-snippet:-1","max-image-preview":"max-image-preview:large","max-video-preview":"max-video-preview:-1"},"canonical":"https:\/\/ambipar.com\/latam\/pt\/ambipar-response\/treinamentos\/hazmat\/hazmat-nivel-primeiro-no-local\/","og_locale":"es_ES","og_type":"article","og_title":"Conhe\u00e7a HAZMAT N\u00edvel Primeiro no local oferecido pela Ambipar","og_description":"OBJETIVO: Estabelecer os requisitos para as a\u00e7\u00f5es de seguran\u00e7a a serem adotadas pela primeira equipe de emerg\u00eancia a atender a ocorr\u00eancia","og_url":"https:\/\/ambipar.com\/latam\/pt\/ambipar-response\/treinamentos\/hazmat\/hazmat-nivel-primeiro-no-local\/","og_site_name":"Ambipar. A l\u00edder em gest\u00e3o ambiental.","article_modified_time":"2021-01-06T00:10:39+00:00","og_image":[{"width":1004,"height":1000,"url":"https:\/\/ambipar.com\/latam\/wp-content\/uploads\/2020\/10\/HAZMAT.jpg","type":"image\/jpeg"}],"twitter_card":"summary_large_image","twitter_misc":{"Est. reading time":"1 minuto"},"schema":{"@context":"https:\/\/schema.org","@graph":[{"@type":"Organization","@id":"https:\/\/ambipar.com\/latam\/#organization","name":"Ambipar","url":"https:\/\/ambipar.com\/latam\/","sameAs":[],"logo":{"@type":"ImageObject","@id":"https:\/\/ambipar.com\/latam\/#logo","inLanguage":"es-CL","url":"https:\/\/ambipar.com\/latam\/wp-content\/uploads\/2020\/10\/ambipar_color.png","contentUrl":"https:\/\/ambipar.com\/latam\/wp-content\/uploads\/2020\/10\/ambipar_color.png","width":174,"height":107,"caption":"Ambipar"},"image":{"@id":"https:\/\/ambipar.com\/latam\/#logo"}},{"@type":"WebSite","@id":"https:\/\/ambipar.com\/latam\/#website","url":"https:\/\/ambipar.com\/latam\/","name":"Ambipar. A l\u00edder em gest\u00e3o ambiental.","description":"Pioneira em solu\u00e7\u00f5es ambientais, a Ambipar atua em todo o territ\u00f3rio nacional oferecendo solu\u00e7\u00f5es integradas para toda a cadeia de neg\u00f3cio.","publisher":{"@id":"https:\/\/ambipar.com\/latam\/#organization"},"potentialAction":[{"@type":"SearchAction","target":{"@type":"EntryPoint","urlTemplate":"https:\/\/ambipar.com\/latam\/?s={search_term_string}"},"query-input":"required name=search_term_string"}],"inLanguage":"es-CL"},{"@type":"ImageObject","@id":"https:\/\/ambipar.com\/latam\/pt\/ambipar-response\/treinamentos\/hazmat\/hazmat-nivel-primeiro-no-local\/#primaryimage","inLanguage":"es-CL","url":"https:\/\/ambipar.com\/latam\/wp-content\/uploads\/2020\/10\/HAZMAT.jpg","contentUrl":"https:\/\/ambipar.com\/latam\/wp-content\/uploads\/2020\/10\/HAZMAT.jpg","width":1004,"height":1000,"caption":"HAZMAT"},{"@type":"WebPage","@id":"https:\/\/ambipar.com\/latam\/pt\/ambipar-response\/treinamentos\/hazmat\/hazmat-nivel-primeiro-no-local\/#webpage","url":"https:\/\/ambipar.com\/latam\/pt\/ambipar-response\/treinamentos\/hazmat\/hazmat-nivel-primeiro-no-local\/","name":"Conhe\u00e7a HAZMAT N\u00edvel Primeiro no local oferecido pela Ambipar","isPartOf":{"@id":"https:\/\/ambipar.com\/latam\/#website"},"primaryImageOfPage":{"@id":"https:\/\/ambipar.com\/latam\/pt\/ambipar-response\/treinamentos\/hazmat\/hazmat-nivel-primeiro-no-local\/#primaryimage"},"datePublished":"2020-10-29T10:09:00+00:00","dateModified":"2021-01-06T00:10:39+00:00","description":"OBJETIVO: Estabelecer os requisitos para as a\u00e7\u00f5es de seguran\u00e7a a serem adotadas pela primeira equipe de emerg\u00eancia a atender a ocorr\u00eancia","breadcrumb":{"@id":"https:\/\/ambipar.com\/latam\/pt\/ambipar-response\/treinamentos\/hazmat\/hazmat-nivel-primeiro-no-local\/#breadcrumb"},"inLanguage":"es-CL","potentialAction":[{"@type":"ReadAction","target":["https:\/\/ambipar.com\/latam\/pt\/ambipar-response\/treinamentos\/hazmat\/hazmat-nivel-primeiro-no-local\/"]}]},{"@type":"BreadcrumbList","@id":"https:\/\/ambipar.com\/latam\/pt\/ambipar-response\/treinamentos\/hazmat\/hazmat-nivel-primeiro-no-local\/#breadcrumb","itemListElement":[{"@type":"ListItem","position":1,"name":"Home","item":"https:\/\/ambipar.com\/latam\/"},{"@type":"ListItem","position":2,"name":"Ambipar Response","item":"https:\/\/ambipar.com\/latam\/pt\/ambipar-response\/"},{"@type":"ListItem","position":3,"name":"Treinamentos","item":"https:\/\/ambipar.com\/latam\/pt\/ambipar-response\/treinamentos\/"},{"@type":"ListItem","position":4,"name":"HAZMAT","item":"https:\/\/ambipar.com\/latam\/pt\/ambipar-response\/treinamentos\/hazmat\/"},{"@type":"ListItem","position":5,"name":"HAZMAT N\u00edvel Primeiro no local"}]}]}},"_links":{"self":[{"href":"https:\/\/ambipar.com\/latam\/wp-json\/wp\/v2\/pages\/542"}],"collection":[{"href":"https:\/\/ambipar.com\/latam\/wp-json\/wp\/v2\/pages"}],"about":[{"href":"https:\/\/ambipar.com\/latam\/wp-json\/wp\/v2\/types\/page"}],"author":[{"embeddable":true,"href":"https:\/\/ambipar.com\/latam\/wp-json\/wp\/v2\/users\/2"}],"replies":[{"embeddable":true,"href":"https:\/\/ambipar.com\/latam\/wp-json\/wp\/v2\/comments?post=542"}],"version-history":[{"count":3,"href":"https:\/\/ambipar.com\/latam\/wp-json\/wp\/v2\/pages\/542\/revisions"}],"predecessor-version":[{"id":2343,"href":"https:\/\/ambipar.com\/latam\/wp-json\/wp\/v2\/pages\/542\/revisions\/2343"}],"up":[{"embeddable":true,"href":"https:\/\/ambipar.com\/latam\/wp-json\/wp\/v2\/pages\/535"}],"wp:featuredmedia":[{"embeddable":true,"href":"https:\/\/ambipar.com\/latam\/wp-json\/wp\/v2\/media\/536"}],"wp:attachment":[{"href":"https:\/\/ambipar.com\/latam\/wp-json\/wp\/v2\/media?parent=542"}],"curies":[{"name":"wp","href":"https:\/\/api.w.org\/{rel}","templated":true}]}}